{"id":1526,"date":"2025-12-01T02:20:34","date_gmt":"2025-12-01T02:20:34","guid":{"rendered":"https:\/\/redkarawana.com\/regles-de-confidentialite\/"},"modified":"2025-12-13T07:38:20","modified_gmt":"2025-12-13T07:38:20","slug":"regles-de-confidentialite","status":"publish","type":"page","link":"https:\/\/redkarawana.com\/fr\/regles-de-confidentialite\/","title":{"rendered":"R\u00e8gles de Confidentialit\u00e9"},"content":{"rendered":"\n<p>Note : Ces R\u00e8gles de Confidentialit\u00e9 en langue fran\u00e7aise ont \u00e9t\u00e9 traduites de la version anglaise pr\u00e9sente sur le Site Web de Red Karawana. La version anglaise a pr\u00e9s\u00e9ance sur cette version fran\u00e7aise. Les utilisateurs acc\u00e9dant au site web redkarawana.com (\u00ab Site Web \u00bb) acceptent d&rsquo;\u00eatre li\u00e9s par ces R\u00e8gles de Confidentialit\u00e9. Le Site Web est exploit\u00e9 par Red Karawana LLC (\u00ab Red Karawana \u00bb). Red Karawana s&rsquo;engage \u00e0 prot\u00e9ger votre vie priv\u00e9e. Les R\u00e8gles de Confidentialit\u00e9 suivantes d\u00e9crivent la mani\u00e8re dont nous collectons, utilisons et partageons vos informations personnelles lors de votre utilisation de ce Site Web et de vos interactions avec le contenu, les services et les produits fournis via ce Site Web. Les op\u00e9rations digitales de Red Karawana sont men\u00e9es, en tout ou en partie, aux \u00c9tats-Unis. Quel que soit l&rsquo;endroit o\u00f9 vous vivez, vous consentez \u00e0 ce que vos informations personnelles soient collect\u00e9es, trait\u00e9es et stock\u00e9es aux \u00c9tats-Unis, et autorisez Red Karawana \u00e0 utiliser et \u00e0 collecter vos informations personnelles conform\u00e9ment aux pr\u00e9sentes R\u00e8gles de Confidentialit\u00e9.     <\/p>\n\n<h3 class=\"wp-block-heading\">Informations Que Nous Collectons<\/h3>\n\n<p>Nous collectons et stockons tout ou partie des types suivants d&rsquo;informations personnelles identifiables que vous fournissez lorsque vous utilisez ce Site Web ou tout contenu, service et produit fourni sur ce Site Web. Nous pouvons collecter certains types d&rsquo;informations personnelles : nom, adresse de facturation, adresse de livraison, adresse e-mail, num\u00e9ro de t\u00e9l\u00e9phone, informations de paiement par carte de cr\u00e9dit et donn\u00e9es d&rsquo;exp\u00e9dition. Nous pouvons \u00e9galement conserver un enregistrement de vos achats de produits. Nous pouvons automatiquement collecter et stocker certaines autres informations non personnelles, telles que l&rsquo;adresse de Protocole Internet (IP) et les informations du navigateur, et analyser ces donn\u00e9es pour des statistiques d&rsquo;utilisation du Site Web.   <\/p>\n\n<h3 class=\"wp-block-heading\">Informations Que Nous Utilisons<\/h3>\n\n<p>Nous pouvons collecter des informations en utilisant des cookies et des technologies associ\u00e9es afin d&rsquo;am\u00e9liorer l&rsquo;exp\u00e9rience des utilisateurs lors des visites sur le Site Web. Les \u00ab cookies \u00bb sont de petits fichiers texte contenant une cha\u00eene d&rsquo;informations qu&rsquo;un site Web envoie au disque dur d&rsquo;un utilisateur via le navigateur afin de stocker des donn\u00e9es. Nous pouvons utiliser les informations ainsi collect\u00e9es pour am\u00e9liorer le contenu, les services et les produits existants, et pour personnaliser le contenu en fonction de caract\u00e9ristiques et de pr\u00e9f\u00e9rences personnelles. Nous pouvons divulguer et utiliser des informations personnelles pour faire respecter les conditions d\u2019utilisation de ce Site Web, notamment pour prot\u00e9ger les droits de propri\u00e9t\u00e9 intellectuelle. Nous utilisons les informations personnelles pour mener des affaires et communiquer. Vous pouvez choisir de ne pas fournir certaines informations qui entra\u00eeneront une utilisation restreinte du Site Web. Les abonn\u00e9s de ce site Web ou les utilisateurs du contenu, des services et des produits fournis via ce site Web peuvent recevoir certains types de communications, n\u00e9cessaires \u00e0 la conduite des affaires et au maintien d&rsquo;un compte sur ce Site Web.      <\/p>\n\n<h3 class=\"wp-block-heading\">Droits de Confidentialit\u00e9<\/h3>\n\n<p>Red Karawana peut partager et divulguer les informations personnelles que nous collectons avec certains tiers lorsque ces tiers fournissent des services en notre nom. Les services fournis par ces tiers peuvent inclure : l&rsquo;exploitation du Site Web, l&rsquo;h\u00e9bergement du Site Web, l&rsquo;autorisation et le traitement des paiements et l&rsquo;ex\u00e9cution des produits. Ces tiers ne sont pas autoris\u00e9s \u00e0 utiliser ou \u00e0 divulguer les informations personnelles qui nous sont fournies sur ou via ce site Web \u00e0 des fins autres que l&rsquo;ex\u00e9cution des services d\u00e9sign\u00e9s par nous. Nous pouvons partager et divulguer des informations personnelles avec les forces de l&rsquo;ordre ou d&rsquo;autres tiers afin de prot\u00e9ger et de d\u00e9fendre nos droits et ceux des tiers, et de nous conformer \u00e0 toute obligation l\u00e9gale. Nous nous r\u00e9servons le droit de conserver toute information personnelle aussi longtemps que raisonnablement n\u00e9cessaire aux fins d\u00e9crites dans les pr\u00e9sentes R\u00e8gles de Confidentialit\u00e9.    <\/p>\n\n<h3 class=\"wp-block-heading\">Liens Externes<\/h3>\n\n<p>Red Karawana peut contenir des liens vers ou depuis d&rsquo;autres sites web auxquels cette politique de confidentialit\u00e9 ne s&rsquo;applique pas (\u00ab Sites Web Li\u00e9s \u00bb). Votre utilisation des Sites Web Li\u00e9s sera r\u00e9gie par les conditions d\u2019utilisation et les politiques de confidentialit\u00e9 r\u00e9f\u00e9renc\u00e9es dans ces Sites Web Li\u00e9s. Nous vous encourageons \u00e0 lire les politiques de confidentialit\u00e9 de chaque Site Web que vous visitez.  <\/p>\n\n<h3 class=\"wp-block-heading\">S\u00e9curit\u00e9<\/h3>\n\n<p>Red Karawana maintient des normes techniques et organisationnelles appropri\u00e9es pour prot\u00e9ger vos informations personnelles. Comme il n\u2019existe pas de site web compl\u00e8tement s\u00e9curis\u00e9, nous ne pouvons garantir la s\u00e9curit\u00e9 des informations et nous ne pouvons garantir un acc\u00e8s non autoris\u00e9. Nous vous recommandons de toujours prot\u00e9ger les informations personnelles en utilisant un navigateur Web s\u00e9curis\u00e9 et en changeant fr\u00e9quemment les mots de passe. De plus, nous n&rsquo;avons aucun contr\u00f4le ni responsabilit\u00e9 quant aux pratiques de s\u00e9curit\u00e9 ou de confidentialit\u00e9 des autres sites web que vous visitez en utilisant les liens de ce Site Web.   <\/p>\n\n<h3 class=\"wp-block-heading\">Modifications des R\u00e8gles de Confidentialit\u00e9<\/h3>\n\n<p>Red Karawana peut modifier ces R\u00e8gles de Confidentialit\u00e9 \u00e0 tout moment sans pr\u00e9avis et en publiant les R\u00e8gles de Confidentialit\u00e9 r\u00e9vis\u00e9es sur ce Site Web. Ces modifications prendront effet imm\u00e9diatement. Red Karawana vous encourage \u00e0 consulter p\u00e9riodiquement ces R\u00e8gles de Confidentialit\u00e9 pour \u00eatre inform\u00e9 de toute mise \u00e0 jour. La poursuite de l&rsquo;utilisation de ce Site Web apr\u00e8s la publication des modifications constitue votre acceptation des R\u00e8gles de Confidentialit\u00e9 r\u00e9vis\u00e9es.   <\/p>\n","protected":false},"excerpt":{"rendered":"<p>Note : Ces R\u00e8gles de Confidentialit\u00e9 en langue fran\u00e7aise ont \u00e9t\u00e9 traduites de la version anglaise pr\u00e9sente sur le Site Web de Red Karawana. La version anglaise a pr\u00e9s\u00e9ance sur cette version fran\u00e7aise. Les utilisateurs acc\u00e9dant au site web redkarawana.com (\u00ab Site Web \u00bb) acceptent d&rsquo;\u00eatre li\u00e9s par ces R\u00e8gles de Confidentialit\u00e9. Le Site Web [&hellip;]<\/p>\n","protected":false},"author":1,"featured_media":0,"parent":0,"menu_order":51,"comment_status":"closed","ping_status":"closed","template":"","meta":{"_acf_changed":false,"footnotes":""},"class_list":["post-1526","page","type-page","status-publish","hentry"],"acf":[],"yoast_head":"<!-- This site is optimized with the Yoast SEO plugin v27.3 - https:\/\/yoast.com\/product\/yoast-seo-wordpress\/ -->\n<title>R\u00e8gles de Confidentialit\u00e9 - Red Karawana<\/title>\n<meta name=\"description\" content=\"Les utilisateurs acc\u00e9dant au site web redkarawana.com (\u00ab Site Web \u00bb) acceptent d&#039;\u00eatre li\u00e9s par ces R\u00e8gles de Confidentialit\u00e9. Le Site Web est exploit\u00e9 par Red Karawana LLC.\" \/>\n<meta name=\"robots\" content=\"index, follow, max-snippet:-1, max-image-preview:large, max-video-preview:-1\" \/>\n<link rel=\"canonical\" href=\"https:\/\/redkarawana.com\/fr\/regles-de-confidentialite\/\" \/>\n<meta property=\"og:locale\" content=\"fr_FR\" \/>\n<meta property=\"og:type\" content=\"article\" \/>\n<meta property=\"og:title\" content=\"R\u00e8gles de Confidentialit\u00e9 \u2013 Red Karawana\" \/>\n<meta property=\"og:description\" content=\"Les utilisateurs acc\u00e9dant au site web redkarawana.com (\u00ab Site Web \u00bb) acceptent d&#039;\u00eatre li\u00e9s par ces R\u00e8gles de Confidentialit\u00e9. Le Site Web est exploit\u00e9 par Red Karawana LLC.\" \/>\n<meta property=\"og:url\" content=\"https:\/\/redkarawana.com\/fr\/regles-de-confidentialite\/\" \/>\n<meta property=\"og:site_name\" content=\"Red Karawana\" \/>\n<meta property=\"article:publisher\" content=\"https:\/\/www.facebook.com\/redkarawana\/\" \/>\n<meta property=\"article:modified_time\" content=\"2025-12-13T07:38:20+00:00\" \/>\n<meta name=\"twitter:card\" content=\"summary_large_image\" \/>\n<meta name=\"twitter:label1\" content=\"Dur\u00e9e de lecture estim\u00e9e\" \/>\n\t<meta name=\"twitter:data1\" content=\"4 minutes\" \/>\n<script type=\"application\/ld+json\" class=\"yoast-schema-graph\">{\"@context\":\"https:\\\/\\\/schema.org\",\"@graph\":[{\"@type\":\"WebPage\",\"@id\":\"https:\\\/\\\/redkarawana.com\\\/fr\\\/regles-de-confidentialite\\\/\",\"url\":\"https:\\\/\\\/redkarawana.com\\\/fr\\\/regles-de-confidentialite\\\/\",\"name\":\"R\u00e8gles de Confidentialit\u00e9 - Red Karawana\",\"isPartOf\":{\"@id\":\"https:\\\/\\\/redkarawana.com\\\/#website\"},\"datePublished\":\"2025-12-01T02:20:34+00:00\",\"dateModified\":\"2025-12-13T07:38:20+00:00\",\"description\":\"Les utilisateurs acc\u00e9dant au site web redkarawana.com (\u00ab Site Web \u00bb) acceptent d'\u00eatre li\u00e9s par ces R\u00e8gles de Confidentialit\u00e9. Le Site Web est exploit\u00e9 par Red Karawana LLC.\",\"breadcrumb\":{\"@id\":\"https:\\\/\\\/redkarawana.com\\\/fr\\\/regles-de-confidentialite\\\/#breadcrumb\"},\"inLanguage\":\"fr-FR\",\"potentialAction\":[{\"@type\":\"ReadAction\",\"target\":[\"https:\\\/\\\/redkarawana.com\\\/fr\\\/regles-de-confidentialite\\\/\"]}]},{\"@type\":\"BreadcrumbList\",\"@id\":\"https:\\\/\\\/redkarawana.com\\\/fr\\\/regles-de-confidentialite\\\/#breadcrumb\",\"itemListElement\":[{\"@type\":\"ListItem\",\"position\":1,\"name\":\"Home\",\"item\":\"https:\\\/\\\/redkarawana.com\\\/fr\\\/\"},{\"@type\":\"ListItem\",\"position\":2,\"name\":\"R\u00e8gles de Confidentialit\u00e9\"}]},{\"@type\":\"WebSite\",\"@id\":\"https:\\\/\\\/redkarawana.com\\\/#website\",\"url\":\"https:\\\/\\\/redkarawana.com\\\/\",\"name\":\"Red Karawana\",\"description\":\"\",\"publisher\":{\"@id\":\"https:\\\/\\\/redkarawana.com\\\/#organization\"},\"potentialAction\":[{\"@type\":\"SearchAction\",\"target\":{\"@type\":\"EntryPoint\",\"urlTemplate\":\"https:\\\/\\\/redkarawana.com\\\/?s={search_term_string}\"},\"query-input\":{\"@type\":\"PropertyValueSpecification\",\"valueRequired\":true,\"valueName\":\"search_term_string\"}}],\"inLanguage\":\"fr-FR\"},{\"@type\":\"Organization\",\"@id\":\"https:\\\/\\\/redkarawana.com\\\/#organization\",\"name\":\"Red Karawana\",\"url\":\"https:\\\/\\\/redkarawana.com\\\/\",\"logo\":{\"@type\":\"ImageObject\",\"inLanguage\":\"fr-FR\",\"@id\":\"https:\\\/\\\/redkarawana.com\\\/#\\\/schema\\\/logo\\\/image\\\/\",\"url\":\"https:\\\/\\\/redkarawana.com\\\/wp-content\\\/uploads\\\/2025\\\/05\\\/cropped-Screenshot-2025-05-29-at-09.27.38.png\",\"contentUrl\":\"https:\\\/\\\/redkarawana.com\\\/wp-content\\\/uploads\\\/2025\\\/05\\\/cropped-Screenshot-2025-05-29-at-09.27.38.png\",\"width\":512,\"height\":512,\"caption\":\"Red Karawana\"},\"image\":{\"@id\":\"https:\\\/\\\/redkarawana.com\\\/#\\\/schema\\\/logo\\\/image\\\/\"},\"sameAs\":[\"https:\\\/\\\/www.facebook.com\\\/redkarawana\\\/\",\"https:\\\/\\\/www.instagram.com\\\/redkarawana\\\/\",\"https:\\\/\\\/www.youtube.com\\\/channel\\\/UCU9jXzSmyKm4ZZv38FEXGKg\",\"https:\\\/\\\/www.pinterest.com\\\/redkarawana\\\/\"]}]}<\/script>\n<!-- \/ Yoast SEO plugin. -->","yoast_head_json":{"title":"R\u00e8gles de Confidentialit\u00e9 - Red Karawana","description":"Les utilisateurs acc\u00e9dant au site web redkarawana.com (\u00ab Site Web \u00bb) acceptent d'\u00eatre li\u00e9s par ces R\u00e8gles de Confidentialit\u00e9. Le Site Web est exploit\u00e9 par Red Karawana LLC.","robots":{"index":"index","follow":"follow","max-snippet":"max-snippet:-1","max-image-preview":"max-image-preview:large","max-video-preview":"max-video-preview:-1"},"canonical":"https:\/\/redkarawana.com\/fr\/regles-de-confidentialite\/","og_locale":"fr_FR","og_type":"article","og_title":"R\u00e8gles de Confidentialit\u00e9 \u2013 Red Karawana","og_description":"Les utilisateurs acc\u00e9dant au site web redkarawana.com (\u00ab Site Web \u00bb) acceptent d'\u00eatre li\u00e9s par ces R\u00e8gles de Confidentialit\u00e9. Le Site Web est exploit\u00e9 par Red Karawana LLC.","og_url":"https:\/\/redkarawana.com\/fr\/regles-de-confidentialite\/","og_site_name":"Red Karawana","article_publisher":"https:\/\/www.facebook.com\/redkarawana\/","article_modified_time":"2025-12-13T07:38:20+00:00","twitter_card":"summary_large_image","twitter_misc":{"Dur\u00e9e de lecture estim\u00e9e":"4 minutes"},"schema":{"@context":"https:\/\/schema.org","@graph":[{"@type":"WebPage","@id":"https:\/\/redkarawana.com\/fr\/regles-de-confidentialite\/","url":"https:\/\/redkarawana.com\/fr\/regles-de-confidentialite\/","name":"R\u00e8gles de Confidentialit\u00e9 - Red Karawana","isPartOf":{"@id":"https:\/\/redkarawana.com\/#website"},"datePublished":"2025-12-01T02:20:34+00:00","dateModified":"2025-12-13T07:38:20+00:00","description":"Les utilisateurs acc\u00e9dant au site web redkarawana.com (\u00ab Site Web \u00bb) acceptent d'\u00eatre li\u00e9s par ces R\u00e8gles de Confidentialit\u00e9. Le Site Web est exploit\u00e9 par Red Karawana LLC.","breadcrumb":{"@id":"https:\/\/redkarawana.com\/fr\/regles-de-confidentialite\/#breadcrumb"},"inLanguage":"fr-FR","potentialAction":[{"@type":"ReadAction","target":["https:\/\/redkarawana.com\/fr\/regles-de-confidentialite\/"]}]},{"@type":"BreadcrumbList","@id":"https:\/\/redkarawana.com\/fr\/regles-de-confidentialite\/#breadcrumb","itemListElement":[{"@type":"ListItem","position":1,"name":"Home","item":"https:\/\/redkarawana.com\/fr\/"},{"@type":"ListItem","position":2,"name":"R\u00e8gles de Confidentialit\u00e9"}]},{"@type":"WebSite","@id":"https:\/\/redkarawana.com\/#website","url":"https:\/\/redkarawana.com\/","name":"Red Karawana","description":"","publisher":{"@id":"https:\/\/redkarawana.com\/#organization"},"potentialAction":[{"@type":"SearchAction","target":{"@type":"EntryPoint","urlTemplate":"https:\/\/redkarawana.com\/?s={search_term_string}"},"query-input":{"@type":"PropertyValueSpecification","valueRequired":true,"valueName":"search_term_string"}}],"inLanguage":"fr-FR"},{"@type":"Organization","@id":"https:\/\/redkarawana.com\/#organization","name":"Red Karawana","url":"https:\/\/redkarawana.com\/","logo":{"@type":"ImageObject","inLanguage":"fr-FR","@id":"https:\/\/redkarawana.com\/#\/schema\/logo\/image\/","url":"https:\/\/redkarawana.com\/wp-content\/uploads\/2025\/05\/cropped-Screenshot-2025-05-29-at-09.27.38.png","contentUrl":"https:\/\/redkarawana.com\/wp-content\/uploads\/2025\/05\/cropped-Screenshot-2025-05-29-at-09.27.38.png","width":512,"height":512,"caption":"Red Karawana"},"image":{"@id":"https:\/\/redkarawana.com\/#\/schema\/logo\/image\/"},"sameAs":["https:\/\/www.facebook.com\/redkarawana\/","https:\/\/www.instagram.com\/redkarawana\/","https:\/\/www.youtube.com\/channel\/UCU9jXzSmyKm4ZZv38FEXGKg","https:\/\/www.pinterest.com\/redkarawana\/"]}]}},"_links":{"self":[{"href":"https:\/\/redkarawana.com\/fr\/wp-json\/wp\/v2\/pages\/1526","targetHints":{"allow":["GET"]}}],"collection":[{"href":"https:\/\/redkarawana.com\/fr\/wp-json\/wp\/v2\/pages"}],"about":[{"href":"https:\/\/redkarawana.com\/fr\/wp-json\/wp\/v2\/types\/page"}],"author":[{"embeddable":true,"href":"https:\/\/redkarawana.com\/fr\/wp-json\/wp\/v2\/users\/1"}],"replies":[{"embeddable":true,"href":"https:\/\/redkarawana.com\/fr\/wp-json\/wp\/v2\/comments?post=1526"}],"version-history":[{"count":3,"href":"https:\/\/redkarawana.com\/fr\/wp-json\/wp\/v2\/pages\/1526\/revisions"}],"predecessor-version":[{"id":1625,"href":"https:\/\/redkarawana.com\/fr\/wp-json\/wp\/v2\/pages\/1526\/revisions\/1625"}],"wp:attachment":[{"href":"https:\/\/redkarawana.com\/fr\/wp-json\/wp\/v2\/media?parent=1526"}],"curies":[{"name":"wp","href":"https:\/\/api.w.org\/{rel}","templated":true}]}}