{"id":1532,"date":"2025-12-01T01:20:47","date_gmt":"2025-12-01T01:20:47","guid":{"rendered":"https:\/\/redkarawana.com\/conditions-dutilisation\/"},"modified":"2025-12-13T01:12:57","modified_gmt":"2025-12-13T01:12:57","slug":"conditions-dutilisation","status":"publish","type":"page","link":"https:\/\/redkarawana.com\/fr\/conditions-dutilisation\/","title":{"rendered":"Conditions d&rsquo;Utilisation"},"content":{"rendered":"\n<p>Note : Ces Conditions d\u2019Utilisation en langue fran\u00e7aise ont \u00e9t\u00e9 traduites de la version anglaise pr\u00e9sente sur le Site Web de Red Karawana. La version anglaise a pr\u00e9s\u00e9ance sur cette version fran\u00e7aise. Les utilisateurs acc\u00e9dant au Site Web redkarawana.com (\u00ab Site Web \u00bb) acceptent d&rsquo;\u00eatre li\u00e9s par les pr\u00e9sentes conditions d&rsquo;utilisation (\u00ab Conditions \u00bb) et sont responsables du respect de toutes les lois et r\u00e9glementations applicables. Le Site Web est exploit\u00e9 par Red Karawana LLC (\u00ab Red Karawana \u00bb). Tout le contenu fourni sur ce Site Web, y compris les informations, le mat\u00e9riel, les services et les produits, est fourni \u00e0 tous les utilisateurs sous conditions de votre acceptation de toutes les conditions. Votre utilisation continue du Site Web \u00e9tablit votre accord avec ces Conditions d&rsquo;Utilisation.   <\/p>\n\n<h3 class=\"wp-block-heading\">Licence d&rsquo;Utilisation du Site Web<\/h3>\n\n<p>Tout le contenu de ce Site Web (y compris, sans limitation : logos, textes, images, design, ic\u00f4nes, traductions, code du site Web) est la propri\u00e9t\u00e9 et appartient \u00e0 Red Karawana, et est prot\u00e9g\u00e9 par les droits de propri\u00e9t\u00e9 intellectuelle, y compris le droit d&rsquo;auteur et le droit des marques. Une licence temporaire vous est accord\u00e9e afin de vous permettre de t\u00e9l\u00e9charger temporairement une copie du mat\u00e9riel du Site Web pour votre usage personnel, uniquement \u00e0 des fins de visualisation non commerciale. Le contenu entier fourni sur ce Site Web ne doit pas \u00eatre republi\u00e9, reproduit, dupliqu\u00e9, copi\u00e9 ou exploit\u00e9 \u00e0 des fins commerciales. Toute utilisation du contenu fourni sur ce Site Web \u00e0 des fins concurrentielles de Red Karawana est interdite. Red Karawana peut mettre fin \u00e0 cette licence \u00e0 tout moment et la licence prendra automatiquement fin si l&rsquo;une des restrictions est viol\u00e9e. Tous les droits sont r\u00e9serv\u00e9s et tout le contenu est prot\u00e9g\u00e9 par les lois sur le droit d&rsquo;auteur des \u00c9tats-Unis et d&rsquo;autres pays.     <\/p>\n\n<h3 class=\"wp-block-heading\">Liens Externes<\/h3>\n\n<p>Ce Site Web peut fournir des liens vers d&rsquo;autres sites web propos\u00e9s \u00e0 des fins d&rsquo;information uniquement aux utilisateurs du Site Web. Red Karawana n&rsquo;est pas responsable des sites web li\u00e9s, du contenu de l&rsquo;un de ces sites web ou des services et produits propos\u00e9s via ces sites web. Red Karawana fournit les \u00e9l\u00e9ments de ce Site Web sans garantie d&rsquo;aucune sorte, expresse ou implicite. L&rsquo;inclusion de tout lien n&rsquo;implique pas l&rsquo;approbation par Red Karawana de ces sites web. Red Karawana peut mettre \u00e0 jour le mat\u00e9riel \u00e0 tout moment et sans pr\u00e9avis. Les utilisateurs de ce Site Web assument tous les risques et responsabilit\u00e9s li\u00e9s \u00e0 l&rsquo;utilisation du site web et du mat\u00e9riel.      <\/p>\n\n<h3 class=\"wp-block-heading\">D\u00e9claration de Garantie<\/h3>\n\n<p>Tout le contenu fourni sur ce Site Web, y compris les informations, le mat\u00e9riel, les services et les produits, est fourni par Red Karawana \u00ab EN L&rsquo;\u00c9TAT \u00bb. Red Karawana ne fait aucune repr\u00e9sentation ou garantie d&rsquo;aucune sorte, expresse ou implicite, quant \u00e0 l&rsquo;utilisation de ce Site Web ou \u00e0 l&rsquo;utilisation de tout le contenu, y compris les informations, les mat\u00e9riaux, les services et les produits fournis sur ce Site Web. Red Karawana ne garantit pas que le contenu fourni sur ce Site Web est complet, pr\u00e9cis, fiable et actuel. Red Karawana peut apporter des modifications \u00e0 tout contenu fourni sur ce Site Web, y compris les informations, les documents, les services et les produits, \u00e0 tout moment et sans pr\u00e9avis. Red Karawana n&rsquo;est pas responsable de tout dommage de quelque nature que ce soit li\u00e9 \u00e0 l&rsquo;utilisation de ce Site Web ou de tout contenu (y compris les informations, mat\u00e9riels, services et produits) fourni via ce Site Web.     <\/p>\n\n<h3 class=\"wp-block-heading\">Modifications des Conditions d&rsquo;Utilisation<\/h3>\n\n<p>Red Karawana se r\u00e9serve le droit de modifier ces Conditions d&rsquo;Utilisation \u00e0 tout moment sans pr\u00e9avis et en publiant les Conditions r\u00e9vis\u00e9es sur ce Site Web. Ces modifications prendront effet imm\u00e9diatement. Red Karawana vous encourage \u00e0 consulter p\u00e9riodiquement ces Conditions pour prendre connaissance de toute mise \u00e0 jour. La poursuite de l&rsquo;utilisation de ce Site Web apr\u00e8s la publication des modifications constitue votre acceptation des Conditions r\u00e9vis\u00e9es.   <\/p>\n\n<h3 class=\"wp-block-heading\">R\u00e8gles d&rsquo;Abonnement<\/h3>\n\n<p>Le terme \u00ab Produit Num\u00e9rique \u00bb fait r\u00e9f\u00e9rence aux produits num\u00e9riques disponibles sur redkarawana.com. Les souscriptions sont ouvertes aux personnes physiques ayant au moins l&rsquo;\u00e2ge minimum l\u00e9gal requis pour se lier dans un contrat. Vous acceptez de payer le prix indiqu\u00e9 au moment de votre commande, ainsi que toutes taxes applicables. Lorsque vous achetez une commande r\u00e9currente (\u00ab abonnement \u00bb) sur redkarawana.com, vous confirmez que votre abonnement sera automatiquement renouvel\u00e9 et que le prix de l&rsquo;abonnement sera factur\u00e9 sur votre carte de cr\u00e9dit \u00e0 la fr\u00e9quence indiqu\u00e9e (par exemple, mensuellement ou annuellement) jusqu&rsquo;\u00e0 ce que vous annuliez l&rsquo;abonnement. Vous continuerez \u00e0 \u00eatre factur\u00e9 au prix indiqu\u00e9 (y compris toutes taxes applicables), sauf avant la fin de la p\u00e9riode d&rsquo;abonnement en cours : (a) vous annulez votre abonnement ; (b) nous refusons de renouveler votre abonnement. Les abonnements ne peuvent \u00eatre revendus ou transf\u00e9r\u00e9s.       <\/p>\n\n<p>Red Karawana peut modifier les conditions d&rsquo;abonnement ou les frais d&rsquo;abonnement \u00e0 tout moment. Si vous ne souhaitez pas continuer \u00e0 vous abonner avec les nouvelles modifications, vous pouvez annuler votre abonnement. Si vous acceptez le nouvel abonnement, ses termes et conditions s&rsquo;appliqueront. Si votre transaction ne peut \u00eatre trait\u00e9e, nous nous r\u00e9servons le droit de suspendre, d\u00e9sactiver, annuler ou r\u00e9silier votre acc\u00e8s ou d&rsquo;annuler votre abonnement. Nous nous r\u00e9servons le droit d&rsquo;annuler les comptes d&rsquo;utilisateurs \u00e0 notre seule discr\u00e9tion.    <\/p>\n\n<p>Vous souhaiterez peut-\u00eatre \u00e0 un certain moment d\u2019annuler votre abonnement et votre compte. Lorsque vous annulez un abonnement, vous annulez uniquement les frais futurs associ\u00e9s \u00e0 votre abonnement. Vous pouvez initier votre annulation \u00e0 tout moment, mais l&rsquo;annulation deviendra effective \u00e0 la fin de votre p\u00e9riode de facturation en cours.   <\/p>\n\n<p>Vous consentez \u00e0 recevoir des notifications de notre part par voie \u00e9lectronique \u00e0 l&rsquo;adresse e-mail que vous nous fournissez. Vous acceptez que tous les avis et autres communications que nous vous fournissons par voie \u00e9lectronique satisfont \u00e0 toute exigence l\u00e9gale. <\/p>\n\n<h3 class=\"wp-block-heading\">R\u00e8gles d&rsquo;Exp\u00e9dition<\/h3>\n\n<p>Nous exp\u00e9dions les commandes \u00e0 des adresses postales dans la zone continentale des \u00c9tats-Unis. Nous n&rsquo;exp\u00e9dions pas de commandes vers des destinations non continentales (Hawa\u00ef, Porto Rico et autres territoires des \u00c9tats-Unis). Nous n&rsquo;exp\u00e9dions pas de commandes aux bo\u00eetes postales et adresses en dehors des \u00c9tats-Unis. Nous utilisons le Service Postal des \u00c9tats-Unis (USPS) comme transporteur et nous proposons une exp\u00e9dition terrestre \u00e0 tarif forfaitaire USPS.   <\/p>\n\n<p>Les commandes pass\u00e9es avec succ\u00e8s recevront une confirmation par e-mail avec les d\u00e9tails de la commande. Si vous ne recevez pas l&rsquo;e-mail, veuillez v\u00e9rifier votre filtre anti-spam ou contactez-nous pour confirmation. Veuillez v\u00e9rifier que votre adresse de livraison est correcte car nous ne pouvons pas apporter de modifications \u00e0 votre commande une fois la commande exp\u00e9di\u00e9e. Nous ne sommes pas responsables de la non-livraison due \u00e0 des erreurs dans l&rsquo;adresse que vous fournissez. Si la commande est retourn\u00e9e en raison d&rsquo;une adresse incorrecte, nous rembourserons la commande originale (hors frais d&rsquo;exp\u00e9dition).    <\/p>\n\n<p>Vous recevrez un e-mail de confirmation d&rsquo;exp\u00e9dition lorsque la commande est exp\u00e9di\u00e9e. Actuellement, les commandes peuvent prendre 5 \u00e0 10 jours ouvrables pour arriver \u00e0 destination. Si vous ne recevez pas votre commande ou s&rsquo;il vous manque des produits, contactez-nous dans les 30 jours suivant la date de commande. Si vous ne signalez pas les probl\u00e8mes de livraison dans les 30 jours, nous ne pourrons plus vous rembourser. Si la commande arrive endommag\u00e9e, contactez-nous au plus vite avec votre num\u00e9ro de commande et la photo de l\u2019\u00e9tat du produit. Nous r\u00e9solvons ces probl\u00e8mes au cas par cas.     <\/p>\n\n<h3 class=\"wp-block-heading\">Conditions de Retour de Commandes<\/h3>\n\n<p>Tous les retours sont soumis aux termes de nos conditions de retour de commandes. Si vous n&rsquo;\u00eates pas satisfait suite \u00e0 l&rsquo;achat d&rsquo;un produit, envoyez-nous un message via le formulaire de contact. Les produits achet\u00e9s en ligne doivent \u00eatre retourn\u00e9s dans les 30 jours suivant la date de commande. Les produits doivent \u00eatre retourn\u00e9s dans leur emballage d&rsquo;origine, ne doivent pas \u00eatre port\u00e9s, ne doivent pas \u00eatre utilis\u00e9s, modifi\u00e9s ou endommag\u00e9s. Un remboursement sera effectu\u00e9 une fois que nous aurons re\u00e7u vos produits retourn\u00e9s. Tout produit endommag\u00e9 quand nous le recevons ne pourra faire l&rsquo;objet d&rsquo;un remboursement. Les remboursements n&rsquo;incluent pas les frais d&rsquo;exp\u00e9dition ou de manutention. Un remboursement sera cr\u00e9dit\u00e9 sur votre mode de paiement initial.       <\/p>\n\n<p>Les retours sont g\u00e9n\u00e9ralement trait\u00e9s dans un d\u00e9lai de 10 \u00e0 14 jours ouvrables et les remboursements peuvent \u00eatre attendus dans un d\u00e9lai de 3 \u00e0 5 jours ouvrables apr\u00e8s le traitement. Les retours tardifs ne sont pas accept\u00e9s. Veuillez noter que vous \u00eates responsable de l&rsquo;exp\u00e9dition des produits retourn\u00e9s et des frais de retour. Votre achat et votre acceptation des conditions d&rsquo;achat signifient que vous acceptez et comprenez notre politique de retour.   <\/p>\n\n<h3 class=\"wp-block-heading\">Produits Artisanaux<\/h3>\n\n<p>La boutique Red Karawana pr\u00e9sente des produits artisanaux et des produits faits main en provenance du monde entier. Nous proposons des objets artisanaux uniques, de tr\u00e8s belles pi\u00e8ces et des produits uniques. Nos produits sont con\u00e7us par des artisans et diverses pi\u00e8ces sont fabriqu\u00e9es main ; ils peuvent donc diff\u00e9rer en taille, forme et couleur. Nos produits artisanaux peuvent pr\u00e9senter de l\u00e9g\u00e8res imperfections qui n&rsquo;alt\u00e8rent en rien l&rsquo;esth\u00e9tique ou l&rsquo;usage des produits. Nous offrons une quantit\u00e9 limit\u00e9e de produits ; par cons\u00e9quent, nous ne proposons pas d\u2019\u00e9change de produits pour le moment. Si vous n&rsquo;\u00eates pas satisfait d&rsquo;un produit, notre politique de retour standard de 30 jours s&rsquo;applique. De plus, certains produits sold\u00e9s sont des ventes finales et ces produits ne peuvent pas \u00eatre retourn\u00e9s.      <\/p>\n","protected":false},"excerpt":{"rendered":"<p>Note : Ces Conditions d\u2019Utilisation en langue fran\u00e7aise ont \u00e9t\u00e9 traduites de la version anglaise pr\u00e9sente sur le Site Web de Red Karawana. La version anglaise a pr\u00e9s\u00e9ance sur cette version fran\u00e7aise. Les utilisateurs acc\u00e9dant au Site Web redkarawana.com (\u00ab Site Web \u00bb) acceptent d&rsquo;\u00eatre li\u00e9s par les pr\u00e9sentes conditions d&rsquo;utilisation (\u00ab Conditions \u00bb) et [&hellip;]<\/p>\n","protected":false},"author":1,"featured_media":0,"parent":0,"menu_order":74,"comment_status":"closed","ping_status":"closed","template":"","meta":{"_acf_changed":false,"footnotes":""},"class_list":["post-1532","page","type-page","status-publish","hentry"],"acf":[],"yoast_head":"<!-- This site is optimized with the Yoast SEO plugin v27.3 - https:\/\/yoast.com\/product\/yoast-seo-wordpress\/ -->\n<title>Conditions d&#039;Utilisation - Red Karawana<\/title>\n<meta name=\"description\" content=\"Les utilisateurs acc\u00e9dant au Site Web redkarawana.com acceptent d&#039;\u00eatre li\u00e9s par les pr\u00e9sentes conditions d&#039;utilisation. Le Site Web est exploit\u00e9 par Red Karawana LLC.\" \/>\n<meta name=\"robots\" content=\"index, follow, max-snippet:-1, max-image-preview:large, max-video-preview:-1\" \/>\n<link rel=\"canonical\" href=\"https:\/\/redkarawana.com\/fr\/conditions-dutilisation\/\" \/>\n<meta property=\"og:locale\" content=\"fr_FR\" \/>\n<meta property=\"og:type\" content=\"article\" \/>\n<meta property=\"og:title\" content=\"Conditions d&#039;Utilisation \u2013 Red Karawana\" \/>\n<meta property=\"og:description\" content=\"Les utilisateurs acc\u00e9dant au Site Web redkarawana.com acceptent d&#039;\u00eatre li\u00e9s par les pr\u00e9sentes conditions d&#039;utilisation. Le Site Web est exploit\u00e9 par Red Karawana LLC.\" \/>\n<meta property=\"og:url\" content=\"https:\/\/redkarawana.com\/fr\/conditions-dutilisation\/\" \/>\n<meta property=\"og:site_name\" content=\"Red Karawana\" \/>\n<meta property=\"article:publisher\" content=\"https:\/\/www.facebook.com\/redkarawana\/\" \/>\n<meta property=\"article:modified_time\" content=\"2025-12-13T01:12:57+00:00\" \/>\n<meta name=\"twitter:card\" content=\"summary_large_image\" \/>\n<meta name=\"twitter:label1\" content=\"Dur\u00e9e de lecture estim\u00e9e\" \/>\n\t<meta name=\"twitter:data1\" content=\"7 minutes\" \/>\n<script type=\"application\/ld+json\" class=\"yoast-schema-graph\">{\"@context\":\"https:\\\/\\\/schema.org\",\"@graph\":[{\"@type\":\"WebPage\",\"@id\":\"https:\\\/\\\/redkarawana.com\\\/fr\\\/conditions-dutilisation\\\/\",\"url\":\"https:\\\/\\\/redkarawana.com\\\/fr\\\/conditions-dutilisation\\\/\",\"name\":\"Conditions d'Utilisation - Red Karawana\",\"isPartOf\":{\"@id\":\"https:\\\/\\\/redkarawana.com\\\/#website\"},\"datePublished\":\"2025-12-01T01:20:47+00:00\",\"dateModified\":\"2025-12-13T01:12:57+00:00\",\"description\":\"Les utilisateurs acc\u00e9dant au Site Web redkarawana.com acceptent d'\u00eatre li\u00e9s par les pr\u00e9sentes conditions d'utilisation. Le Site Web est exploit\u00e9 par Red Karawana LLC.\",\"breadcrumb\":{\"@id\":\"https:\\\/\\\/redkarawana.com\\\/fr\\\/conditions-dutilisation\\\/#breadcrumb\"},\"inLanguage\":\"fr-FR\",\"potentialAction\":[{\"@type\":\"ReadAction\",\"target\":[\"https:\\\/\\\/redkarawana.com\\\/fr\\\/conditions-dutilisation\\\/\"]}]},{\"@type\":\"BreadcrumbList\",\"@id\":\"https:\\\/\\\/redkarawana.com\\\/fr\\\/conditions-dutilisation\\\/#breadcrumb\",\"itemListElement\":[{\"@type\":\"ListItem\",\"position\":1,\"name\":\"Home\",\"item\":\"https:\\\/\\\/redkarawana.com\\\/fr\\\/\"},{\"@type\":\"ListItem\",\"position\":2,\"name\":\"Conditions d&#8217;Utilisation\"}]},{\"@type\":\"WebSite\",\"@id\":\"https:\\\/\\\/redkarawana.com\\\/#website\",\"url\":\"https:\\\/\\\/redkarawana.com\\\/\",\"name\":\"Red Karawana\",\"description\":\"\",\"publisher\":{\"@id\":\"https:\\\/\\\/redkarawana.com\\\/#organization\"},\"potentialAction\":[{\"@type\":\"SearchAction\",\"target\":{\"@type\":\"EntryPoint\",\"urlTemplate\":\"https:\\\/\\\/redkarawana.com\\\/?s={search_term_string}\"},\"query-input\":{\"@type\":\"PropertyValueSpecification\",\"valueRequired\":true,\"valueName\":\"search_term_string\"}}],\"inLanguage\":\"fr-FR\"},{\"@type\":\"Organization\",\"@id\":\"https:\\\/\\\/redkarawana.com\\\/#organization\",\"name\":\"Red Karawana\",\"url\":\"https:\\\/\\\/redkarawana.com\\\/\",\"logo\":{\"@type\":\"ImageObject\",\"inLanguage\":\"fr-FR\",\"@id\":\"https:\\\/\\\/redkarawana.com\\\/#\\\/schema\\\/logo\\\/image\\\/\",\"url\":\"https:\\\/\\\/redkarawana.com\\\/wp-content\\\/uploads\\\/2025\\\/05\\\/cropped-Screenshot-2025-05-29-at-09.27.38.png\",\"contentUrl\":\"https:\\\/\\\/redkarawana.com\\\/wp-content\\\/uploads\\\/2025\\\/05\\\/cropped-Screenshot-2025-05-29-at-09.27.38.png\",\"width\":512,\"height\":512,\"caption\":\"Red Karawana\"},\"image\":{\"@id\":\"https:\\\/\\\/redkarawana.com\\\/#\\\/schema\\\/logo\\\/image\\\/\"},\"sameAs\":[\"https:\\\/\\\/www.facebook.com\\\/redkarawana\\\/\",\"https:\\\/\\\/www.instagram.com\\\/redkarawana\\\/\",\"https:\\\/\\\/www.youtube.com\\\/channel\\\/UCU9jXzSmyKm4ZZv38FEXGKg\",\"https:\\\/\\\/www.pinterest.com\\\/redkarawana\\\/\"]}]}<\/script>\n<!-- \/ Yoast SEO plugin. -->","yoast_head_json":{"title":"Conditions d'Utilisation - Red Karawana","description":"Les utilisateurs acc\u00e9dant au Site Web redkarawana.com acceptent d'\u00eatre li\u00e9s par les pr\u00e9sentes conditions d'utilisation. Le Site Web est exploit\u00e9 par Red Karawana LLC.","robots":{"index":"index","follow":"follow","max-snippet":"max-snippet:-1","max-image-preview":"max-image-preview:large","max-video-preview":"max-video-preview:-1"},"canonical":"https:\/\/redkarawana.com\/fr\/conditions-dutilisation\/","og_locale":"fr_FR","og_type":"article","og_title":"Conditions d'Utilisation \u2013 Red Karawana","og_description":"Les utilisateurs acc\u00e9dant au Site Web redkarawana.com acceptent d'\u00eatre li\u00e9s par les pr\u00e9sentes conditions d'utilisation. Le Site Web est exploit\u00e9 par Red Karawana LLC.","og_url":"https:\/\/redkarawana.com\/fr\/conditions-dutilisation\/","og_site_name":"Red Karawana","article_publisher":"https:\/\/www.facebook.com\/redkarawana\/","article_modified_time":"2025-12-13T01:12:57+00:00","twitter_card":"summary_large_image","twitter_misc":{"Dur\u00e9e de lecture estim\u00e9e":"7 minutes"},"schema":{"@context":"https:\/\/schema.org","@graph":[{"@type":"WebPage","@id":"https:\/\/redkarawana.com\/fr\/conditions-dutilisation\/","url":"https:\/\/redkarawana.com\/fr\/conditions-dutilisation\/","name":"Conditions d'Utilisation - Red Karawana","isPartOf":{"@id":"https:\/\/redkarawana.com\/#website"},"datePublished":"2025-12-01T01:20:47+00:00","dateModified":"2025-12-13T01:12:57+00:00","description":"Les utilisateurs acc\u00e9dant au Site Web redkarawana.com acceptent d'\u00eatre li\u00e9s par les pr\u00e9sentes conditions d'utilisation. Le Site Web est exploit\u00e9 par Red Karawana LLC.","breadcrumb":{"@id":"https:\/\/redkarawana.com\/fr\/conditions-dutilisation\/#breadcrumb"},"inLanguage":"fr-FR","potentialAction":[{"@type":"ReadAction","target":["https:\/\/redkarawana.com\/fr\/conditions-dutilisation\/"]}]},{"@type":"BreadcrumbList","@id":"https:\/\/redkarawana.com\/fr\/conditions-dutilisation\/#breadcrumb","itemListElement":[{"@type":"ListItem","position":1,"name":"Home","item":"https:\/\/redkarawana.com\/fr\/"},{"@type":"ListItem","position":2,"name":"Conditions d&#8217;Utilisation"}]},{"@type":"WebSite","@id":"https:\/\/redkarawana.com\/#website","url":"https:\/\/redkarawana.com\/","name":"Red Karawana","description":"","publisher":{"@id":"https:\/\/redkarawana.com\/#organization"},"potentialAction":[{"@type":"SearchAction","target":{"@type":"EntryPoint","urlTemplate":"https:\/\/redkarawana.com\/?s={search_term_string}"},"query-input":{"@type":"PropertyValueSpecification","valueRequired":true,"valueName":"search_term_string"}}],"inLanguage":"fr-FR"},{"@type":"Organization","@id":"https:\/\/redkarawana.com\/#organization","name":"Red Karawana","url":"https:\/\/redkarawana.com\/","logo":{"@type":"ImageObject","inLanguage":"fr-FR","@id":"https:\/\/redkarawana.com\/#\/schema\/logo\/image\/","url":"https:\/\/redkarawana.com\/wp-content\/uploads\/2025\/05\/cropped-Screenshot-2025-05-29-at-09.27.38.png","contentUrl":"https:\/\/redkarawana.com\/wp-content\/uploads\/2025\/05\/cropped-Screenshot-2025-05-29-at-09.27.38.png","width":512,"height":512,"caption":"Red Karawana"},"image":{"@id":"https:\/\/redkarawana.com\/#\/schema\/logo\/image\/"},"sameAs":["https:\/\/www.facebook.com\/redkarawana\/","https:\/\/www.instagram.com\/redkarawana\/","https:\/\/www.youtube.com\/channel\/UCU9jXzSmyKm4ZZv38FEXGKg","https:\/\/www.pinterest.com\/redkarawana\/"]}]}},"_links":{"self":[{"href":"https:\/\/redkarawana.com\/fr\/wp-json\/wp\/v2\/pages\/1532","targetHints":{"allow":["GET"]}}],"collection":[{"href":"https:\/\/redkarawana.com\/fr\/wp-json\/wp\/v2\/pages"}],"about":[{"href":"https:\/\/redkarawana.com\/fr\/wp-json\/wp\/v2\/types\/page"}],"author":[{"embeddable":true,"href":"https:\/\/redkarawana.com\/fr\/wp-json\/wp\/v2\/users\/1"}],"replies":[{"embeddable":true,"href":"https:\/\/redkarawana.com\/fr\/wp-json\/wp\/v2\/comments?post=1532"}],"version-history":[{"count":4,"href":"https:\/\/redkarawana.com\/fr\/wp-json\/wp\/v2\/pages\/1532\/revisions"}],"predecessor-version":[{"id":1619,"href":"https:\/\/redkarawana.com\/fr\/wp-json\/wp\/v2\/pages\/1532\/revisions\/1619"}],"wp:attachment":[{"href":"https:\/\/redkarawana.com\/fr\/wp-json\/wp\/v2\/media?parent=1532"}],"curies":[{"name":"wp","href":"https:\/\/api.w.org\/{rel}","templated":true}]}}