{"id":657,"date":"2025-12-01T03:10:33","date_gmt":"2025-12-01T03:10:33","guid":{"rendered":"https:\/\/redkarawana.com\/escapades\/"},"modified":"2025-12-13T07:27:48","modified_gmt":"2025-12-13T07:27:48","slug":"escapades","status":"publish","type":"page","link":"https:\/\/redkarawana.com\/fr\/escapades\/","title":{"rendered":"Escapades"},"content":{"rendered":"\n<h1 class=\"wp-block-heading\">ILLUMINER<br\/>VOTRE ESPRIT VAGABOND ET CURIEUX<\/h1>\n\n<p>Parcourez nos itin\u00e9raires de voyage luxueux vers des lieux captivants et d&rsquo;innombrables moments de bonheur.<\/p>\n\n<p><\/p>\n","protected":false},"excerpt":{"rendered":"<p>ILLUMINERVOTRE ESPRIT VAGABOND ET CURIEUX Parcourez nos itin\u00e9raires de voyage luxueux vers des lieux captivants et d&rsquo;innombrables moments de bonheur.<\/p>\n","protected":false},"author":1,"featured_media":912,"parent":0,"menu_order":30,"comment_status":"closed","ping_status":"closed","template":"templates\/journeys.php","meta":{"_acf_changed":false,"footnotes":""},"class_list":["post-657","page","type-page","status-publish","has-post-thumbnail","hentry"],"acf":[],"yoast_head":"<!-- This site is optimized with the Yoast SEO plugin v27.3 - https:\/\/yoast.com\/product\/yoast-seo-wordpress\/ -->\n<title>Escapades \u2013 Itin\u00e9raires Luxueux - Red Karawana<\/title>\n<meta name=\"description\" content=\"Red Karawana cr\u00e9e des escapades inspirantes et des itin\u00e9raires de voyage luxueux vers des lieux exotiques, des r\u00e9gions historiques et vers une magnifique nature sauvage.\" \/>\n<meta name=\"robots\" content=\"index, follow, max-snippet:-1, max-image-preview:large, max-video-preview:-1\" \/>\n<link rel=\"canonical\" href=\"https:\/\/redkarawana.com\/fr\/escapades\/\" \/>\n<meta property=\"og:locale\" content=\"fr_FR\" \/>\n<meta property=\"og:type\" content=\"article\" \/>\n<meta property=\"og:title\" content=\"Escapades \u2013 Itin\u00e9raires Luxueux - Red Karawana\" \/>\n<meta property=\"og:description\" content=\"Red Karawana cr\u00e9e des escapades inspirantes et des itin\u00e9raires de voyage luxueux vers des lieux exotiques, des r\u00e9gions historiques et vers une magnifique nature sauvage.\" \/>\n<meta property=\"og:url\" content=\"https:\/\/redkarawana.com\/fr\/escapades\/\" \/>\n<meta property=\"og:site_name\" content=\"Red Karawana\" \/>\n<meta property=\"article:publisher\" content=\"https:\/\/www.facebook.com\/redkarawana\/\" \/>\n<meta property=\"article:modified_time\" content=\"2025-12-13T07:27:48+00:00\" \/>\n<meta property=\"og:image\" content=\"https:\/\/redkarawana.com\/wp-content\/uploads\/2024\/03\/1-A-JP-F1200x630-Maldives.jpg\" \/>\n\t<meta property=\"og:image:width\" content=\"1200\" \/>\n\t<meta property=\"og:image:height\" content=\"630\" \/>\n\t<meta property=\"og:image:type\" content=\"image\/jpeg\" \/>\n<meta name=\"twitter:card\" content=\"summary_large_image\" \/>\n<meta name=\"twitter:label1\" content=\"Dur\u00e9e de lecture estim\u00e9e\" \/>\n\t<meta name=\"twitter:data1\" content=\"1 minute\" \/>\n<script type=\"application\/ld+json\" class=\"yoast-schema-graph\">{\"@context\":\"https:\\\/\\\/schema.org\",\"@graph\":[{\"@type\":\"WebPage\",\"@id\":\"https:\\\/\\\/redkarawana.com\\\/fr\\\/escapades\\\/\",\"url\":\"https:\\\/\\\/redkarawana.com\\\/fr\\\/escapades\\\/\",\"name\":\"Escapades \u2013 Itin\u00e9raires Luxueux - Red Karawana\",\"isPartOf\":{\"@id\":\"https:\\\/\\\/redkarawana.com\\\/#website\"},\"primaryImageOfPage\":{\"@id\":\"https:\\\/\\\/redkarawana.com\\\/fr\\\/escapades\\\/#primaryimage\"},\"image\":{\"@id\":\"https:\\\/\\\/redkarawana.com\\\/fr\\\/escapades\\\/#primaryimage\"},\"thumbnailUrl\":\"https:\\\/\\\/redkarawana.com\\\/wp-content\\\/uploads\\\/2024\\\/03\\\/1-A-JP-Feature-680x453-Maldives.jpg\",\"datePublished\":\"2025-12-01T03:10:33+00:00\",\"dateModified\":\"2025-12-13T07:27:48+00:00\",\"description\":\"Red Karawana cr\u00e9e des escapades inspirantes et des itin\u00e9raires de voyage luxueux vers des lieux exotiques, des r\u00e9gions historiques et vers une magnifique nature sauvage.\",\"breadcrumb\":{\"@id\":\"https:\\\/\\\/redkarawana.com\\\/fr\\\/escapades\\\/#breadcrumb\"},\"inLanguage\":\"fr-FR\",\"potentialAction\":[{\"@type\":\"ReadAction\",\"target\":[\"https:\\\/\\\/redkarawana.com\\\/fr\\\/escapades\\\/\"]}]},{\"@type\":\"ImageObject\",\"inLanguage\":\"fr-FR\",\"@id\":\"https:\\\/\\\/redkarawana.com\\\/fr\\\/escapades\\\/#primaryimage\",\"url\":\"https:\\\/\\\/redkarawana.com\\\/wp-content\\\/uploads\\\/2024\\\/03\\\/1-A-JP-Feature-680x453-Maldives.jpg\",\"contentUrl\":\"https:\\\/\\\/redkarawana.com\\\/wp-content\\\/uploads\\\/2024\\\/03\\\/1-A-JP-Feature-680x453-Maldives.jpg\",\"width\":680,\"height\":453,\"caption\":\"Maldives\"},{\"@type\":\"BreadcrumbList\",\"@id\":\"https:\\\/\\\/redkarawana.com\\\/fr\\\/escapades\\\/#breadcrumb\",\"itemListElement\":[{\"@type\":\"ListItem\",\"position\":1,\"name\":\"Home\",\"item\":\"https:\\\/\\\/redkarawana.com\\\/fr\\\/\"},{\"@type\":\"ListItem\",\"position\":2,\"name\":\"Escapades\"}]},{\"@type\":\"WebSite\",\"@id\":\"https:\\\/\\\/redkarawana.com\\\/#website\",\"url\":\"https:\\\/\\\/redkarawana.com\\\/\",\"name\":\"Red Karawana\",\"description\":\"\",\"publisher\":{\"@id\":\"https:\\\/\\\/redkarawana.com\\\/#organization\"},\"potentialAction\":[{\"@type\":\"SearchAction\",\"target\":{\"@type\":\"EntryPoint\",\"urlTemplate\":\"https:\\\/\\\/redkarawana.com\\\/?s={search_term_string}\"},\"query-input\":{\"@type\":\"PropertyValueSpecification\",\"valueRequired\":true,\"valueName\":\"search_term_string\"}}],\"inLanguage\":\"fr-FR\"},{\"@type\":\"Organization\",\"@id\":\"https:\\\/\\\/redkarawana.com\\\/#organization\",\"name\":\"Red Karawana\",\"url\":\"https:\\\/\\\/redkarawana.com\\\/\",\"logo\":{\"@type\":\"ImageObject\",\"inLanguage\":\"fr-FR\",\"@id\":\"https:\\\/\\\/redkarawana.com\\\/#\\\/schema\\\/logo\\\/image\\\/\",\"url\":\"https:\\\/\\\/redkarawana.com\\\/wp-content\\\/uploads\\\/2025\\\/05\\\/cropped-Screenshot-2025-05-29-at-09.27.38.png\",\"contentUrl\":\"https:\\\/\\\/redkarawana.com\\\/wp-content\\\/uploads\\\/2025\\\/05\\\/cropped-Screenshot-2025-05-29-at-09.27.38.png\",\"width\":512,\"height\":512,\"caption\":\"Red Karawana\"},\"image\":{\"@id\":\"https:\\\/\\\/redkarawana.com\\\/#\\\/schema\\\/logo\\\/image\\\/\"},\"sameAs\":[\"https:\\\/\\\/www.facebook.com\\\/redkarawana\\\/\",\"https:\\\/\\\/www.instagram.com\\\/redkarawana\\\/\",\"https:\\\/\\\/www.youtube.com\\\/channel\\\/UCU9jXzSmyKm4ZZv38FEXGKg\",\"https:\\\/\\\/www.pinterest.com\\\/redkarawana\\\/\"]}]}<\/script>\n<!-- \/ Yoast SEO plugin. -->","yoast_head_json":{"title":"Escapades \u2013 Itin\u00e9raires Luxueux - Red Karawana","description":"Red Karawana cr\u00e9e des escapades inspirantes et des itin\u00e9raires de voyage luxueux vers des lieux exotiques, des r\u00e9gions historiques et vers une magnifique nature sauvage.","robots":{"index":"index","follow":"follow","max-snippet":"max-snippet:-1","max-image-preview":"max-image-preview:large","max-video-preview":"max-video-preview:-1"},"canonical":"https:\/\/redkarawana.com\/fr\/escapades\/","og_locale":"fr_FR","og_type":"article","og_title":"Escapades \u2013 Itin\u00e9raires Luxueux - Red Karawana","og_description":"Red Karawana cr\u00e9e des escapades inspirantes et des itin\u00e9raires de voyage luxueux vers des lieux exotiques, des r\u00e9gions historiques et vers une magnifique nature sauvage.","og_url":"https:\/\/redkarawana.com\/fr\/escapades\/","og_site_name":"Red Karawana","article_publisher":"https:\/\/www.facebook.com\/redkarawana\/","article_modified_time":"2025-12-13T07:27:48+00:00","og_image":[{"width":1200,"height":630,"url":"https:\/\/redkarawana.com\/wp-content\/uploads\/2024\/03\/1-A-JP-F1200x630-Maldives.jpg","type":"image\/jpeg"}],"twitter_card":"summary_large_image","twitter_misc":{"Dur\u00e9e de lecture estim\u00e9e":"1 minute"},"schema":{"@context":"https:\/\/schema.org","@graph":[{"@type":"WebPage","@id":"https:\/\/redkarawana.com\/fr\/escapades\/","url":"https:\/\/redkarawana.com\/fr\/escapades\/","name":"Escapades \u2013 Itin\u00e9raires Luxueux - Red Karawana","isPartOf":{"@id":"https:\/\/redkarawana.com\/#website"},"primaryImageOfPage":{"@id":"https:\/\/redkarawana.com\/fr\/escapades\/#primaryimage"},"image":{"@id":"https:\/\/redkarawana.com\/fr\/escapades\/#primaryimage"},"thumbnailUrl":"https:\/\/redkarawana.com\/wp-content\/uploads\/2024\/03\/1-A-JP-Feature-680x453-Maldives.jpg","datePublished":"2025-12-01T03:10:33+00:00","dateModified":"2025-12-13T07:27:48+00:00","description":"Red Karawana cr\u00e9e des escapades inspirantes et des itin\u00e9raires de voyage luxueux vers des lieux exotiques, des r\u00e9gions historiques et vers une magnifique nature sauvage.","breadcrumb":{"@id":"https:\/\/redkarawana.com\/fr\/escapades\/#breadcrumb"},"inLanguage":"fr-FR","potentialAction":[{"@type":"ReadAction","target":["https:\/\/redkarawana.com\/fr\/escapades\/"]}]},{"@type":"ImageObject","inLanguage":"fr-FR","@id":"https:\/\/redkarawana.com\/fr\/escapades\/#primaryimage","url":"https:\/\/redkarawana.com\/wp-content\/uploads\/2024\/03\/1-A-JP-Feature-680x453-Maldives.jpg","contentUrl":"https:\/\/redkarawana.com\/wp-content\/uploads\/2024\/03\/1-A-JP-Feature-680x453-Maldives.jpg","width":680,"height":453,"caption":"Maldives"},{"@type":"BreadcrumbList","@id":"https:\/\/redkarawana.com\/fr\/escapades\/#breadcrumb","itemListElement":[{"@type":"ListItem","position":1,"name":"Home","item":"https:\/\/redkarawana.com\/fr\/"},{"@type":"ListItem","position":2,"name":"Escapades"}]},{"@type":"WebSite","@id":"https:\/\/redkarawana.com\/#website","url":"https:\/\/redkarawana.com\/","name":"Red Karawana","description":"","publisher":{"@id":"https:\/\/redkarawana.com\/#organization"},"potentialAction":[{"@type":"SearchAction","target":{"@type":"EntryPoint","urlTemplate":"https:\/\/redkarawana.com\/?s={search_term_string}"},"query-input":{"@type":"PropertyValueSpecification","valueRequired":true,"valueName":"search_term_string"}}],"inLanguage":"fr-FR"},{"@type":"Organization","@id":"https:\/\/redkarawana.com\/#organization","name":"Red Karawana","url":"https:\/\/redkarawana.com\/","logo":{"@type":"ImageObject","inLanguage":"fr-FR","@id":"https:\/\/redkarawana.com\/#\/schema\/logo\/image\/","url":"https:\/\/redkarawana.com\/wp-content\/uploads\/2025\/05\/cropped-Screenshot-2025-05-29-at-09.27.38.png","contentUrl":"https:\/\/redkarawana.com\/wp-content\/uploads\/2025\/05\/cropped-Screenshot-2025-05-29-at-09.27.38.png","width":512,"height":512,"caption":"Red Karawana"},"image":{"@id":"https:\/\/redkarawana.com\/#\/schema\/logo\/image\/"},"sameAs":["https:\/\/www.facebook.com\/redkarawana\/","https:\/\/www.instagram.com\/redkarawana\/","https:\/\/www.youtube.com\/channel\/UCU9jXzSmyKm4ZZv38FEXGKg","https:\/\/www.pinterest.com\/redkarawana\/"]}]}},"_links":{"self":[{"href":"https:\/\/redkarawana.com\/fr\/wp-json\/wp\/v2\/pages\/657","targetHints":{"allow":["GET"]}}],"collection":[{"href":"https:\/\/redkarawana.com\/fr\/wp-json\/wp\/v2\/pages"}],"about":[{"href":"https:\/\/redkarawana.com\/fr\/wp-json\/wp\/v2\/types\/page"}],"author":[{"embeddable":true,"href":"https:\/\/redkarawana.com\/fr\/wp-json\/wp\/v2\/users\/1"}],"replies":[{"embeddable":true,"href":"https:\/\/redkarawana.com\/fr\/wp-json\/wp\/v2\/comments?post=657"}],"version-history":[{"count":2,"href":"https:\/\/redkarawana.com\/fr\/wp-json\/wp\/v2\/pages\/657\/revisions"}],"predecessor-version":[{"id":13130,"href":"https:\/\/redkarawana.com\/fr\/wp-json\/wp\/v2\/pages\/657\/revisions\/13130"}],"wp:featuredmedia":[{"embeddable":true,"href":"https:\/\/redkarawana.com\/fr\/wp-json\/wp\/v2\/media\/912"}],"wp:attachment":[{"href":"https:\/\/redkarawana.com\/fr\/wp-json\/wp\/v2\/media?parent=657"}],"curies":[{"name":"wp","href":"https:\/\/api.w.org\/{rel}","templated":true}]}}