{"id":686,"date":"2025-12-01T04:20:03","date_gmt":"2025-12-01T04:20:03","guid":{"rendered":"https:\/\/redkarawana.com\/a-propos\/"},"modified":"2026-03-13T17:42:47","modified_gmt":"2026-03-13T17:42:47","slug":"a-propos","status":"publish","type":"page","link":"https:\/\/redkarawana.com\/fr\/a-propos\/","title":{"rendered":"\u00c0 Propos"},"content":{"rendered":"\n<h1 class=\"wp-block-heading\">CONTES DE PAYS LOINTAINS<\/h1>\n\n<p>Red Karawana \u00e9mane de notre amour de la culture nomade. Nos voyages sont des contes de pays lointains, nourrissant l&rsquo;amour du voyage. Nos saveurs accentuent la culture alimentaire, \u00e9voquant l&rsquo;ing\u00e9niosit\u00e9 culinaire. Les traditions artistiques transparaissent dans notre collection artisanale, attisant notre cr\u00e9ativit\u00e9 naturelle.<\/p>\n\n<div class=\"wp-block-group rk-features\"><div class=\"wp-block-group__inner-container is-layout-constrained wp-block-group-is-layout-constrained\">\n<h3 class=\"wp-block-heading has-text-align-center\">Nouveaut\u00e9s<\/h3>\n\n\n\n<p class=\"has-text-align-center\">Vivifier votre imagination \u00e0 travers des aper\u00e7us de cultures.<\/p>\n\n\n\n<h3 class=\"wp-block-heading has-text-align-center\">Beaut\u00e9<\/h3>\n\n\n\n<p class=\"has-text-align-center\">Fl\u00e2nez \u00e0 travers le monde vers la s\u00e9r\u00e9nit\u00e9.<\/p>\n\n\n\n<h3 class=\"wp-block-heading has-text-align-center\">Libert\u00e9<\/h3>\n\n\n\n<p class=\"has-text-align-center\">Rayonnez gr\u00e2ce \u00e0 l&rsquo;essence m\u00eame du voyageur.<\/p>\n\n\n\n<h3 class=\"wp-block-heading has-text-align-center\">F\u00e9licit\u00e9<\/h3>\n\n\n\n<p class=\"has-text-align-center\">\u00c9blouissez votre \u00e2me par des exp\u00e9riences extraordinaires.<\/p>\n<\/div><\/div>\n\n<div class=\"wp-block-columns is-layout-flex wp-container-core-columns-is-layout-9d6595d7 wp-block-columns-is-layout-flex\">\n<div class=\"wp-block-column is-layout-flow wp-block-column-is-layout-flow\">\n<figure class=\"wp-block-image size-large\"><img loading=\"lazy\" decoding=\"async\" width=\"1024\" height=\"683\" src=\"https:\/\/redkarawana.com\/wp-content\/uploads\/2024\/03\/1a-LP-1110x740-About-Red-Karawana-Lavender-Farm-1024x683.jpg\" alt=\"&#xC0; Propos Red Karawana, Champs de Lavandes\" class=\"wp-image-1355\" srcset=\"https:\/\/redkarawana.com\/wp-content\/uploads\/2024\/03\/1a-LP-1110x740-About-Red-Karawana-Lavender-Farm-1024x683.jpg 1024w, https:\/\/redkarawana.com\/wp-content\/uploads\/2024\/03\/1a-LP-1110x740-About-Red-Karawana-Lavender-Farm-300x200.jpg 300w, https:\/\/redkarawana.com\/wp-content\/uploads\/2024\/03\/1a-LP-1110x740-About-Red-Karawana-Lavender-Farm-768x512.jpg 768w, https:\/\/redkarawana.com\/wp-content\/uploads\/2024\/03\/1a-LP-1110x740-About-Red-Karawana-Lavender-Farm-360x240.jpg 360w, https:\/\/redkarawana.com\/wp-content\/uploads\/2024\/03\/1a-LP-1110x740-About-Red-Karawana-Lavender-Farm-600x400.jpg 600w, https:\/\/redkarawana.com\/wp-content\/uploads\/2024\/03\/1a-LP-1110x740-About-Red-Karawana-Lavender-Farm.jpg 1110w\" sizes=\"auto, (max-width: 1024px) 100vw, 1024px\" \/><\/figure>\n<\/div>\n\n\n\n<div class=\"wp-block-column is-layout-flow wp-block-column-is-layout-flow\">\n<figure class=\"wp-block-image size-large\"><img loading=\"lazy\" decoding=\"async\" width=\"1024\" height=\"683\" src=\"https:\/\/redkarawana.com\/wp-content\/uploads\/2024\/03\/1b-LP-1110x740-About-Red-Karawana-Antarctica-1024x683.jpg\" alt=\"&#xC0; Propos Red Karawana, Antarctique\" class=\"wp-image-1359\" srcset=\"https:\/\/redkarawana.com\/wp-content\/uploads\/2024\/03\/1b-LP-1110x740-About-Red-Karawana-Antarctica-1024x683.jpg 1024w, https:\/\/redkarawana.com\/wp-content\/uploads\/2024\/03\/1b-LP-1110x740-About-Red-Karawana-Antarctica-300x200.jpg 300w, https:\/\/redkarawana.com\/wp-content\/uploads\/2024\/03\/1b-LP-1110x740-About-Red-Karawana-Antarctica-768x512.jpg 768w, https:\/\/redkarawana.com\/wp-content\/uploads\/2024\/03\/1b-LP-1110x740-About-Red-Karawana-Antarctica-360x240.jpg 360w, https:\/\/redkarawana.com\/wp-content\/uploads\/2024\/03\/1b-LP-1110x740-About-Red-Karawana-Antarctica-600x400.jpg 600w, https:\/\/redkarawana.com\/wp-content\/uploads\/2024\/03\/1b-LP-1110x740-About-Red-Karawana-Antarctica.jpg 1110w\" sizes=\"auto, (max-width: 1024px) 100vw, 1024px\" \/><\/figure>\n<\/div>\n<\/div>\n\n<p>Bienvenue \u00e0 Red Karawana. Une destination mystique pour cr\u00e9er votre philosophie du voyage. Un lieu de culture pour activer votre curiosit\u00e9. Une inspiration pour enrichir vos connaissances culinaires. Un espace cr\u00e9atif pour ajouter de la couleur \u00e0 votre monde.    <\/p>\n\n<p>Red Karawana refl\u00e8te mon int\u00e9r\u00eat authentique pour le vaste monde ainsi que ma sensibilit\u00e9 culturelle. L&rsquo;Europe est mon lieu de naissance, l\u00e0 o\u00f9 mon c\u0153ur sera toujours et refl\u00e8te la quintessence de ma culture. L&rsquo;Am\u00e9rique du Nord est mon lieu de r\u00e9sidence, un lieu tellement accueillant et lib\u00e9ral.  <\/p>\n\n<p>Je suis dans le fond une r\u00eaveuse qui a beaucoup voyag\u00e9, une cr\u00e9atrice et conservateur avertie et une fervente amateur d&rsquo;art. Mes voyages me prennent dans les endroits les plus fascinants des Am\u00e9riques, de l&rsquo;Asie, de l&rsquo;Europe et du Moyen-Orient. Se connecter \u00e0 diverses cultures cr\u00e9e des sentiments qui durent et de pr\u00e9cieux souvenirs.  <\/p>\n\n<p>D\u00e9couvrez nos Escapades, nos Saveurs, nos Artisans et laissez-vous inspirer, laissez-vous motiver, laissez-vous cr\u00e9er.<\/p>\n\n<div class=\"wp-block-group\"><div class=\"wp-block-group__inner-container is-layout-constrained wp-block-group-is-layout-constrained\">\n<div class=\"wp-block-group wrapper fp-begin\"><div class=\"wp-block-group__inner-container is-layout-constrained wp-block-group-is-layout-constrained\">\n<div class=\"wp-block-columns is-layout-flex wp-container-core-columns-is-layout-9d6595d7 wp-block-columns-is-layout-flex\">\n<div class=\"wp-block-column is-layout-flow wp-block-column-is-layout-flow\">\n<figure class=\"wp-block-image size-full\"><a href=\"https:\/\/redkarawana.com\/fr\/escapades\/\"><img loading=\"lazy\" decoding=\"async\" width=\"740\" height=\"500\" src=\"https:\/\/redkarawana.com\/wp-content\/uploads\/2024\/03\/1c-LP-J-740x500-About-Red-Karawana-Antarctica.jpg\" alt=\"&#xC0; Propos Red Karawana, Antarctique\" class=\"wp-image-1363\" srcset=\"https:\/\/redkarawana.com\/wp-content\/uploads\/2024\/03\/1c-LP-J-740x500-About-Red-Karawana-Antarctica.jpg 740w, https:\/\/redkarawana.com\/wp-content\/uploads\/2024\/03\/1c-LP-J-740x500-About-Red-Karawana-Antarctica-300x203.jpg 300w, https:\/\/redkarawana.com\/wp-content\/uploads\/2024\/03\/1c-LP-J-740x500-About-Red-Karawana-Antarctica-360x243.jpg 360w, https:\/\/redkarawana.com\/wp-content\/uploads\/2024\/03\/1c-LP-J-740x500-About-Red-Karawana-Antarctica-600x405.jpg 600w\" sizes=\"auto, (max-width: 740px) 100vw, 740px\" \/><\/a><\/figure>\n\n\n\n<h3 class=\"wp-block-heading f18\"><a href=\"https:\/\/redkarawana.com\/fr\/escapades\/\">Escapades<\/a><\/h3>\n<\/div>\n\n\n\n<div class=\"wp-block-column is-layout-flow wp-block-column-is-layout-flow\">\n<figure class=\"wp-block-image size-full\"><a href=\"https:\/\/redkarawana.com\/fr\/saveurs\/\"><img loading=\"lazy\" decoding=\"async\" width=\"740\" height=\"500\" src=\"https:\/\/redkarawana.com\/wp-content\/uploads\/2024\/03\/1d-LP-S-740x500-About-Red-Karawana-Rye-Bread.jpg\" alt=\"&#xC0; Propos Red Karawana, Pain de Seigle\" class=\"wp-image-1367\" srcset=\"https:\/\/redkarawana.com\/wp-content\/uploads\/2024\/03\/1d-LP-S-740x500-About-Red-Karawana-Rye-Bread.jpg 740w, https:\/\/redkarawana.com\/wp-content\/uploads\/2024\/03\/1d-LP-S-740x500-About-Red-Karawana-Rye-Bread-300x203.jpg 300w, https:\/\/redkarawana.com\/wp-content\/uploads\/2024\/03\/1d-LP-S-740x500-About-Red-Karawana-Rye-Bread-360x243.jpg 360w, https:\/\/redkarawana.com\/wp-content\/uploads\/2024\/03\/1d-LP-S-740x500-About-Red-Karawana-Rye-Bread-600x405.jpg 600w\" sizes=\"auto, (max-width: 740px) 100vw, 740px\" \/><\/a><\/figure>\n\n\n\n<h3 class=\"wp-block-heading f18\"><a href=\"https:\/\/redkarawana.com\/fr\/saveurs\/\">Saveurs<\/a><\/h3>\n<\/div>\n\n\n\n<div class=\"wp-block-column is-layout-flow wp-block-column-is-layout-flow\">\n<figure class=\"wp-block-image size-full\"><a href=\"https:\/\/redkarawana.com\/artisans\/\"><img loading=\"lazy\" decoding=\"async\" width=\"740\" height=\"500\" src=\"https:\/\/redkarawana.com\/wp-content\/uploads\/2024\/03\/1e-LP-A-740x500-About-Red-Karawana-Christmas-Balls.jpg\" alt=\"&#xC0; Propos Red Karawana, Boules de No&#xEB;l\" class=\"wp-image-1371\" srcset=\"https:\/\/redkarawana.com\/wp-content\/uploads\/2024\/03\/1e-LP-A-740x500-About-Red-Karawana-Christmas-Balls.jpg 740w, https:\/\/redkarawana.com\/wp-content\/uploads\/2024\/03\/1e-LP-A-740x500-About-Red-Karawana-Christmas-Balls-300x203.jpg 300w, https:\/\/redkarawana.com\/wp-content\/uploads\/2024\/03\/1e-LP-A-740x500-About-Red-Karawana-Christmas-Balls-360x243.jpg 360w, https:\/\/redkarawana.com\/wp-content\/uploads\/2024\/03\/1e-LP-A-740x500-About-Red-Karawana-Christmas-Balls-600x405.jpg 600w\" sizes=\"auto, (max-width: 740px) 100vw, 740px\" \/><\/a><\/figure>\n\n\n\n<h3 class=\"wp-block-heading f18\"><a href=\"https:\/\/redkarawana.com\/artisans\/\">Artisans<\/a><\/h3>\n<\/div>\n<\/div>\n<\/div><\/div>\n<\/div><\/div>\n","protected":false},"excerpt":{"rendered":"<p>CONTES DE PAYS LOINTAINS Red Karawana \u00e9mane de notre amour de la culture nomade. Nos voyages sont des contes de pays lointains, nourrissant l&rsquo;amour du voyage. Nos saveurs accentuent la culture alimentaire, \u00e9voquant l&rsquo;ing\u00e9niosit\u00e9 culinaire. Les traditions artistiques transparaissent dans notre collection artisanale, attisant notre cr\u00e9ativit\u00e9 naturelle. Nouveaut\u00e9s Vivifier votre imagination \u00e0 travers des aper\u00e7us [&hellip;]<\/p>\n","protected":false},"author":1,"featured_media":1353,"parent":0,"menu_order":2,"comment_status":"closed","ping_status":"closed","template":"templates\/about.php","meta":{"_acf_changed":false,"footnotes":""},"class_list":["post-686","page","type-page","status-publish","has-post-thumbnail","hentry"],"acf":[],"yoast_head":"<!-- This site is optimized with the Yoast SEO plugin v27.4 - https:\/\/yoast.com\/product\/yoast-seo-wordpress\/ -->\n<title>\u00c0 Propos - Contes de Pays Lointains - Red Karawana<\/title>\n<meta name=\"description\" content=\"\u00c0 Red Karawana, vous d\u00e9couvrirez des escapades luxueuses vers des pays lointains, des saveurs uniques ainsi qu\u2019une collection artisanale \u00e9clectique.\" \/>\n<meta name=\"robots\" content=\"index, follow, max-snippet:-1, max-image-preview:large, max-video-preview:-1\" \/>\n<link rel=\"canonical\" href=\"https:\/\/redkarawana.com\/fr\/a-propos\/\" \/>\n<meta property=\"og:locale\" content=\"fr_FR\" \/>\n<meta property=\"og:type\" content=\"article\" \/>\n<meta property=\"og:title\" content=\"\u00c0 Propos - Contes de Pays Lointains - Red Karawana\" \/>\n<meta property=\"og:description\" content=\"\u00c0 Red Karawana, vous d\u00e9couvrirez des escapades luxueuses vers des pays lointains, des saveurs uniques ainsi qu\u2019une collection artisanale \u00e9clectique.\" \/>\n<meta property=\"og:url\" content=\"https:\/\/redkarawana.com\/fr\/a-propos\/\" \/>\n<meta property=\"og:site_name\" content=\"Red Karawana\" \/>\n<meta property=\"article:publisher\" content=\"https:\/\/www.facebook.com\/redkarawana\/\" \/>\n<meta property=\"article:modified_time\" content=\"2026-03-13T17:42:47+00:00\" \/>\n<meta property=\"og:image\" content=\"https:\/\/redkarawana.com\/wp-content\/uploads\/2024\/03\/1-A-LP-F1200x630-About-Red-Karawana-Lavender-Farm.jpg\" \/>\n\t<meta property=\"og:image:width\" content=\"1200\" \/>\n\t<meta property=\"og:image:height\" content=\"630\" \/>\n\t<meta property=\"og:image:type\" content=\"image\/jpeg\" \/>\n<meta name=\"twitter:card\" content=\"summary_large_image\" \/>\n<meta name=\"twitter:label1\" content=\"Dur\u00e9e de lecture estim\u00e9e\" \/>\n\t<meta name=\"twitter:data1\" content=\"3 minutes\" \/>\n<script type=\"application\/ld+json\" class=\"yoast-schema-graph\">{\"@context\":\"https:\\\/\\\/schema.org\",\"@graph\":[{\"@type\":\"WebPage\",\"@id\":\"https:\\\/\\\/redkarawana.com\\\/fr\\\/a-propos\\\/\",\"url\":\"https:\\\/\\\/redkarawana.com\\\/fr\\\/a-propos\\\/\",\"name\":\"\u00c0 Propos - Contes de Pays Lointains - Red Karawana\",\"isPartOf\":{\"@id\":\"https:\\\/\\\/redkarawana.com\\\/#website\"},\"primaryImageOfPage\":{\"@id\":\"https:\\\/\\\/redkarawana.com\\\/fr\\\/a-propos\\\/#primaryimage\"},\"image\":{\"@id\":\"https:\\\/\\\/redkarawana.com\\\/fr\\\/a-propos\\\/#primaryimage\"},\"thumbnailUrl\":\"https:\\\/\\\/redkarawana.com\\\/wp-content\\\/uploads\\\/2024\\\/03\\\/1-A-LP-Feature-680x453-About-Red-Karawana-Lavender-Farm.jpg\",\"datePublished\":\"2025-12-01T04:20:03+00:00\",\"dateModified\":\"2026-03-13T17:42:47+00:00\",\"description\":\"\u00c0 Red Karawana, vous d\u00e9couvrirez des escapades luxueuses vers des pays lointains, des saveurs uniques ainsi qu\u2019une collection artisanale \u00e9clectique.\",\"breadcrumb\":{\"@id\":\"https:\\\/\\\/redkarawana.com\\\/fr\\\/a-propos\\\/#breadcrumb\"},\"inLanguage\":\"fr-FR\",\"potentialAction\":[{\"@type\":\"ReadAction\",\"target\":[\"https:\\\/\\\/redkarawana.com\\\/fr\\\/a-propos\\\/\"]}]},{\"@type\":\"ImageObject\",\"inLanguage\":\"fr-FR\",\"@id\":\"https:\\\/\\\/redkarawana.com\\\/fr\\\/a-propos\\\/#primaryimage\",\"url\":\"https:\\\/\\\/redkarawana.com\\\/wp-content\\\/uploads\\\/2024\\\/03\\\/1-A-LP-Feature-680x453-About-Red-Karawana-Lavender-Farm.jpg\",\"contentUrl\":\"https:\\\/\\\/redkarawana.com\\\/wp-content\\\/uploads\\\/2024\\\/03\\\/1-A-LP-Feature-680x453-About-Red-Karawana-Lavender-Farm.jpg\",\"width\":680,\"height\":453,\"caption\":\"\u00c0 Propos Red Karawana, Champs de Lavandes\"},{\"@type\":\"BreadcrumbList\",\"@id\":\"https:\\\/\\\/redkarawana.com\\\/fr\\\/a-propos\\\/#breadcrumb\",\"itemListElement\":[{\"@type\":\"ListItem\",\"position\":1,\"name\":\"Home\",\"item\":\"https:\\\/\\\/redkarawana.com\\\/fr\\\/\"},{\"@type\":\"ListItem\",\"position\":2,\"name\":\"\u00c0 Propos\"}]},{\"@type\":\"WebSite\",\"@id\":\"https:\\\/\\\/redkarawana.com\\\/#website\",\"url\":\"https:\\\/\\\/redkarawana.com\\\/\",\"name\":\"Red Karawana\",\"description\":\"\",\"publisher\":{\"@id\":\"https:\\\/\\\/redkarawana.com\\\/#organization\"},\"potentialAction\":[{\"@type\":\"SearchAction\",\"target\":{\"@type\":\"EntryPoint\",\"urlTemplate\":\"https:\\\/\\\/redkarawana.com\\\/?s={search_term_string}\"},\"query-input\":{\"@type\":\"PropertyValueSpecification\",\"valueRequired\":true,\"valueName\":\"search_term_string\"}}],\"inLanguage\":\"fr-FR\"},{\"@type\":\"Organization\",\"@id\":\"https:\\\/\\\/redkarawana.com\\\/#organization\",\"name\":\"Red Karawana\",\"url\":\"https:\\\/\\\/redkarawana.com\\\/\",\"logo\":{\"@type\":\"ImageObject\",\"inLanguage\":\"fr-FR\",\"@id\":\"https:\\\/\\\/redkarawana.com\\\/#\\\/schema\\\/logo\\\/image\\\/\",\"url\":\"https:\\\/\\\/redkarawana.com\\\/wp-content\\\/uploads\\\/2025\\\/05\\\/cropped-Screenshot-2025-05-29-at-09.27.38.png\",\"contentUrl\":\"https:\\\/\\\/redkarawana.com\\\/wp-content\\\/uploads\\\/2025\\\/05\\\/cropped-Screenshot-2025-05-29-at-09.27.38.png\",\"width\":512,\"height\":512,\"caption\":\"Red Karawana\"},\"image\":{\"@id\":\"https:\\\/\\\/redkarawana.com\\\/#\\\/schema\\\/logo\\\/image\\\/\"},\"sameAs\":[\"https:\\\/\\\/www.facebook.com\\\/redkarawana\\\/\",\"https:\\\/\\\/www.instagram.com\\\/redkarawana\\\/\",\"https:\\\/\\\/www.youtube.com\\\/channel\\\/UCU9jXzSmyKm4ZZv38FEXGKg\",\"https:\\\/\\\/www.pinterest.com\\\/redkarawana\\\/\"]}]}<\/script>\n<!-- \/ Yoast SEO plugin. -->","yoast_head_json":{"title":"\u00c0 Propos - Contes de Pays Lointains - Red Karawana","description":"\u00c0 Red Karawana, vous d\u00e9couvrirez des escapades luxueuses vers des pays lointains, des saveurs uniques ainsi qu\u2019une collection artisanale \u00e9clectique.","robots":{"index":"index","follow":"follow","max-snippet":"max-snippet:-1","max-image-preview":"max-image-preview:large","max-video-preview":"max-video-preview:-1"},"canonical":"https:\/\/redkarawana.com\/fr\/a-propos\/","og_locale":"fr_FR","og_type":"article","og_title":"\u00c0 Propos - Contes de Pays Lointains - Red Karawana","og_description":"\u00c0 Red Karawana, vous d\u00e9couvrirez des escapades luxueuses vers des pays lointains, des saveurs uniques ainsi qu\u2019une collection artisanale \u00e9clectique.","og_url":"https:\/\/redkarawana.com\/fr\/a-propos\/","og_site_name":"Red Karawana","article_publisher":"https:\/\/www.facebook.com\/redkarawana\/","article_modified_time":"2026-03-13T17:42:47+00:00","og_image":[{"width":1200,"height":630,"url":"https:\/\/redkarawana.com\/wp-content\/uploads\/2024\/03\/1-A-LP-F1200x630-About-Red-Karawana-Lavender-Farm.jpg","type":"image\/jpeg"}],"twitter_card":"summary_large_image","twitter_misc":{"Dur\u00e9e de lecture estim\u00e9e":"3 minutes"},"schema":{"@context":"https:\/\/schema.org","@graph":[{"@type":"WebPage","@id":"https:\/\/redkarawana.com\/fr\/a-propos\/","url":"https:\/\/redkarawana.com\/fr\/a-propos\/","name":"\u00c0 Propos - Contes de Pays Lointains - Red Karawana","isPartOf":{"@id":"https:\/\/redkarawana.com\/#website"},"primaryImageOfPage":{"@id":"https:\/\/redkarawana.com\/fr\/a-propos\/#primaryimage"},"image":{"@id":"https:\/\/redkarawana.com\/fr\/a-propos\/#primaryimage"},"thumbnailUrl":"https:\/\/redkarawana.com\/wp-content\/uploads\/2024\/03\/1-A-LP-Feature-680x453-About-Red-Karawana-Lavender-Farm.jpg","datePublished":"2025-12-01T04:20:03+00:00","dateModified":"2026-03-13T17:42:47+00:00","description":"\u00c0 Red Karawana, vous d\u00e9couvrirez des escapades luxueuses vers des pays lointains, des saveurs uniques ainsi qu\u2019une collection artisanale \u00e9clectique.","breadcrumb":{"@id":"https:\/\/redkarawana.com\/fr\/a-propos\/#breadcrumb"},"inLanguage":"fr-FR","potentialAction":[{"@type":"ReadAction","target":["https:\/\/redkarawana.com\/fr\/a-propos\/"]}]},{"@type":"ImageObject","inLanguage":"fr-FR","@id":"https:\/\/redkarawana.com\/fr\/a-propos\/#primaryimage","url":"https:\/\/redkarawana.com\/wp-content\/uploads\/2024\/03\/1-A-LP-Feature-680x453-About-Red-Karawana-Lavender-Farm.jpg","contentUrl":"https:\/\/redkarawana.com\/wp-content\/uploads\/2024\/03\/1-A-LP-Feature-680x453-About-Red-Karawana-Lavender-Farm.jpg","width":680,"height":453,"caption":"\u00c0 Propos Red Karawana, Champs de Lavandes"},{"@type":"BreadcrumbList","@id":"https:\/\/redkarawana.com\/fr\/a-propos\/#breadcrumb","itemListElement":[{"@type":"ListItem","position":1,"name":"Home","item":"https:\/\/redkarawana.com\/fr\/"},{"@type":"ListItem","position":2,"name":"\u00c0 Propos"}]},{"@type":"WebSite","@id":"https:\/\/redkarawana.com\/#website","url":"https:\/\/redkarawana.com\/","name":"Red Karawana","description":"","publisher":{"@id":"https:\/\/redkarawana.com\/#organization"},"potentialAction":[{"@type":"SearchAction","target":{"@type":"EntryPoint","urlTemplate":"https:\/\/redkarawana.com\/?s={search_term_string}"},"query-input":{"@type":"PropertyValueSpecification","valueRequired":true,"valueName":"search_term_string"}}],"inLanguage":"fr-FR"},{"@type":"Organization","@id":"https:\/\/redkarawana.com\/#organization","name":"Red Karawana","url":"https:\/\/redkarawana.com\/","logo":{"@type":"ImageObject","inLanguage":"fr-FR","@id":"https:\/\/redkarawana.com\/#\/schema\/logo\/image\/","url":"https:\/\/redkarawana.com\/wp-content\/uploads\/2025\/05\/cropped-Screenshot-2025-05-29-at-09.27.38.png","contentUrl":"https:\/\/redkarawana.com\/wp-content\/uploads\/2025\/05\/cropped-Screenshot-2025-05-29-at-09.27.38.png","width":512,"height":512,"caption":"Red Karawana"},"image":{"@id":"https:\/\/redkarawana.com\/#\/schema\/logo\/image\/"},"sameAs":["https:\/\/www.facebook.com\/redkarawana\/","https:\/\/www.instagram.com\/redkarawana\/","https:\/\/www.youtube.com\/channel\/UCU9jXzSmyKm4ZZv38FEXGKg","https:\/\/www.pinterest.com\/redkarawana\/"]}]}},"_links":{"self":[{"href":"https:\/\/redkarawana.com\/fr\/wp-json\/wp\/v2\/pages\/686","targetHints":{"allow":["GET"]}}],"collection":[{"href":"https:\/\/redkarawana.com\/fr\/wp-json\/wp\/v2\/pages"}],"about":[{"href":"https:\/\/redkarawana.com\/fr\/wp-json\/wp\/v2\/types\/page"}],"author":[{"embeddable":true,"href":"https:\/\/redkarawana.com\/fr\/wp-json\/wp\/v2\/users\/1"}],"replies":[{"embeddable":true,"href":"https:\/\/redkarawana.com\/fr\/wp-json\/wp\/v2\/comments?post=686"}],"version-history":[{"count":2,"href":"https:\/\/redkarawana.com\/fr\/wp-json\/wp\/v2\/pages\/686\/revisions"}],"predecessor-version":[{"id":13172,"href":"https:\/\/redkarawana.com\/fr\/wp-json\/wp\/v2\/pages\/686\/revisions\/13172"}],"wp:featuredmedia":[{"embeddable":true,"href":"https:\/\/redkarawana.com\/fr\/wp-json\/wp\/v2\/media\/1353"}],"wp:attachment":[{"href":"https:\/\/redkarawana.com\/fr\/wp-json\/wp\/v2\/media?parent=686"}],"curies":[{"name":"wp","href":"https:\/\/api.w.org\/{rel}","templated":true}]}}