{"id":698,"date":"2025-12-01T03:40:01","date_gmt":"2025-12-01T03:40:01","guid":{"rendered":"https:\/\/redkarawana.com\/connecter\/"},"modified":"2025-12-13T07:17:34","modified_gmt":"2025-12-13T07:17:34","slug":"contact","status":"publish","type":"page","link":"https:\/\/redkarawana.com\/fr\/contact\/","title":{"rendered":"Contact"},"content":{"rendered":"\n<h1 class=\"wp-block-heading\">CONNECTONS-NOUS<\/h1>\n\n<p>Nous serons ravis d\u2018avoir de vos nouvelles. Nous sommes pr\u00eats \u00e0 r\u00e9pondre \u00e0 toutes vos questions.<br\/>Vous pouvez remplir le formulaire de contact ci-dessous. Vous pouvez \u00e9galement nous rejoindre sur les r\u00e9seaux sociaux.<br\/>N\u2019h\u00e9sitez pas \u00e0 nous contacter. <\/p>\n\n<div class=\"wpcf7 no-js\" id=\"wpcf7-f1135-o1\" lang=\"fr-FR\" dir=\"ltr\" data-wpcf7-id=\"1135\">\n<div class=\"screen-reader-response\"><p role=\"status\" aria-live=\"polite\" aria-atomic=\"true\"><\/p> <ul><\/ul><\/div>\n<form action=\"\/fr\/wp-json\/wp\/v2\/pages\/698#wpcf7-f1135-o1\" method=\"post\" class=\"wpcf7-form init\" aria-label=\"Formulaire de contact\" novalidate=\"novalidate\" data-status=\"init\">\n<fieldset class=\"hidden-fields-container\"><input type=\"hidden\" name=\"_wpcf7\" value=\"1135\" \/><input type=\"hidden\" name=\"_wpcf7_version\" value=\"6.1.5\" \/><input type=\"hidden\" name=\"_wpcf7_locale\" value=\"fr_FR\" \/><input type=\"hidden\" name=\"_wpcf7_unit_tag\" value=\"wpcf7-f1135-o1\" \/><input type=\"hidden\" name=\"_wpcf7_container_post\" value=\"0\" \/><input type=\"hidden\" name=\"_wpcf7_posted_data_hash\" value=\"\" \/>\n<\/fieldset>\n<div class=\"leftpanel\">\n\t<div class=\"firstname\">\n\t\t<p><label> Pr\u00e9nom*<br \/>\n<span class=\"wpcf7-form-control-wrap\" data-name=\"your-name\"><input size=\"40\" maxlength=\"400\" class=\"wpcf7-form-control wpcf7-text wpcf7-validates-as-required\" aria-required=\"true\" aria-invalid=\"false\" value=\"\" type=\"text\" name=\"your-name\" \/><\/span> <\/label>\n\t\t<\/p>\n\t<\/div>\n\t<div class=\"lastname\">\n\t\t<p><label> Nom*<br \/>\n<span class=\"wpcf7-form-control-wrap\" data-name=\"your-surname\"><input size=\"40\" maxlength=\"400\" class=\"wpcf7-form-control wpcf7-text wpcf7-validates-as-required\" aria-required=\"true\" aria-invalid=\"false\" value=\"\" type=\"text\" name=\"your-surname\" \/><\/span> <\/label>\n\t\t<\/p>\n\t<\/div>\n\t<div class=\"email\">\n\t\t<p><label> Adresse Email*<br \/>\n<span class=\"wpcf7-form-control-wrap\" data-name=\"your-email\"><input size=\"40\" maxlength=\"400\" class=\"wpcf7-form-control wpcf7-email wpcf7-validates-as-required wpcf7-text wpcf7-validates-as-email\" aria-required=\"true\" aria-invalid=\"false\" value=\"\" type=\"email\" name=\"your-email\" \/><\/span> <\/label>\n\t\t<\/p>\n\t<\/div>\n<\/div>\n<div class=\"rightpanel paragraph\">\n\t<p><label> Votre Message*<br \/>\n<span class=\"wpcf7-form-control-wrap\" data-name=\"your-message\"><textarea cols=\"40\" rows=\"10\" maxlength=\"2000\" class=\"wpcf7-form-control wpcf7-textarea wpcf7-validates-as-required\" aria-required=\"true\" aria-invalid=\"false\" name=\"your-message\"><\/textarea><\/span> <\/label>\n\t<\/p>\n<\/div>\n<div class=\"wpcf7-turnstile cf-turnstile\" data-sitekey=\"0x4AAAAAAB1zbPMvEgzQO2Qo\" data-response-field-name=\"_wpcf7_turnstile_response\"><\/div>\n<div class=\"submit\">\n\t<p><input class=\"wpcf7-form-control wpcf7-submit has-spinner\" type=\"submit\" value=\"Soumettre\" \/>\n\t<\/p>\n<\/div><div class=\"wpcf7-response-output\" aria-hidden=\"true\"><\/div>\n<\/form>\n<\/div>\n\n","protected":false},"excerpt":{"rendered":"<p>CONNECTONS-NOUS Nous serons ravis d\u2018avoir de vos nouvelles. Nous sommes pr\u00eats \u00e0 r\u00e9pondre \u00e0 toutes vos questions.Vous pouvez remplir le formulaire de contact ci-dessous. Vous pouvez \u00e9galement nous rejoindre sur les r\u00e9seaux sociaux.N\u2019h\u00e9sitez pas \u00e0 nous contacter.<\/p>\n","protected":false},"author":1,"featured_media":1406,"parent":0,"menu_order":19,"comment_status":"closed","ping_status":"closed","template":"templates\/connect.php","meta":{"_acf_changed":false,"footnotes":""},"class_list":["post-698","page","type-page","status-publish","has-post-thumbnail","hentry"],"acf":[],"yoast_head":"<!-- This site is optimized with the Yoast SEO plugin v27.3 - https:\/\/yoast.com\/product\/yoast-seo-wordpress\/ -->\n<title>Connectons-Nous - Red Karawana<\/title>\n<meta name=\"description\" content=\"Merci de votre int\u00e9r\u00eat pour Red Karawana. Connectons-nous et partageons des moments culturels. Nous sommes impatients de r\u00e9pondre \u00e0 toutes vos questions.\" \/>\n<meta name=\"robots\" content=\"index, follow, max-snippet:-1, max-image-preview:large, max-video-preview:-1\" \/>\n<link rel=\"canonical\" href=\"https:\/\/redkarawana.com\/fr\/contact\/\" \/>\n<meta property=\"og:locale\" content=\"fr_FR\" \/>\n<meta property=\"og:type\" content=\"article\" \/>\n<meta property=\"og:title\" content=\"Connectons-Nous - Red Karawana\" \/>\n<meta property=\"og:description\" content=\"Merci de votre int\u00e9r\u00eat pour Red Karawana. Connectons-nous et partageons des moments culturels. Nous sommes impatients de r\u00e9pondre \u00e0 toutes vos questions.\" \/>\n<meta property=\"og:url\" content=\"https:\/\/redkarawana.com\/fr\/contact\/\" \/>\n<meta property=\"og:site_name\" content=\"Red Karawana\" \/>\n<meta property=\"article:publisher\" content=\"https:\/\/www.facebook.com\/redkarawana\/\" \/>\n<meta property=\"article:modified_time\" content=\"2025-12-13T07:17:34+00:00\" \/>\n<meta property=\"og:image\" content=\"https:\/\/redkarawana.com\/wp-content\/uploads\/2024\/03\/1-A-SC-F1200x630-England-London-Royal-Mews.jpg\" \/>\n\t<meta property=\"og:image:width\" content=\"1200\" \/>\n\t<meta property=\"og:image:height\" content=\"630\" \/>\n\t<meta property=\"og:image:type\" content=\"image\/jpeg\" \/>\n<meta name=\"twitter:card\" content=\"summary_large_image\" \/>\n<meta name=\"twitter:label1\" content=\"Dur\u00e9e de lecture estim\u00e9e\" \/>\n\t<meta name=\"twitter:data1\" content=\"1 minute\" \/>\n<script type=\"application\/ld+json\" class=\"yoast-schema-graph\">{\"@context\":\"https:\\\/\\\/schema.org\",\"@graph\":[{\"@type\":\"WebPage\",\"@id\":\"https:\\\/\\\/redkarawana.com\\\/fr\\\/contact\\\/\",\"url\":\"https:\\\/\\\/redkarawana.com\\\/fr\\\/contact\\\/\",\"name\":\"Connectons-Nous - Red Karawana\",\"isPartOf\":{\"@id\":\"https:\\\/\\\/redkarawana.com\\\/#website\"},\"primaryImageOfPage\":{\"@id\":\"https:\\\/\\\/redkarawana.com\\\/fr\\\/contact\\\/#primaryimage\"},\"image\":{\"@id\":\"https:\\\/\\\/redkarawana.com\\\/fr\\\/contact\\\/#primaryimage\"},\"thumbnailUrl\":\"https:\\\/\\\/redkarawana.com\\\/wp-content\\\/uploads\\\/2024\\\/03\\\/1-A-SC-Feature-680x453-England-London-Royal-Mews.jpg\",\"datePublished\":\"2025-12-01T03:40:01+00:00\",\"dateModified\":\"2025-12-13T07:17:34+00:00\",\"description\":\"Merci de votre int\u00e9r\u00eat pour Red Karawana. Connectons-nous et partageons des moments culturels. Nous sommes impatients de r\u00e9pondre \u00e0 toutes vos questions.\",\"breadcrumb\":{\"@id\":\"https:\\\/\\\/redkarawana.com\\\/fr\\\/contact\\\/#breadcrumb\"},\"inLanguage\":\"fr-FR\",\"potentialAction\":[{\"@type\":\"ReadAction\",\"target\":[\"https:\\\/\\\/redkarawana.com\\\/fr\\\/contact\\\/\"]}]},{\"@type\":\"ImageObject\",\"inLanguage\":\"fr-FR\",\"@id\":\"https:\\\/\\\/redkarawana.com\\\/fr\\\/contact\\\/#primaryimage\",\"url\":\"https:\\\/\\\/redkarawana.com\\\/wp-content\\\/uploads\\\/2024\\\/03\\\/1-A-SC-Feature-680x453-England-London-Royal-Mews.jpg\",\"contentUrl\":\"https:\\\/\\\/redkarawana.com\\\/wp-content\\\/uploads\\\/2024\\\/03\\\/1-A-SC-Feature-680x453-England-London-Royal-Mews.jpg\",\"width\":680,\"height\":453,\"caption\":\"Angleterre, Londres, \u00c9curies Royales\"},{\"@type\":\"BreadcrumbList\",\"@id\":\"https:\\\/\\\/redkarawana.com\\\/fr\\\/contact\\\/#breadcrumb\",\"itemListElement\":[{\"@type\":\"ListItem\",\"position\":1,\"name\":\"Home\",\"item\":\"https:\\\/\\\/redkarawana.com\\\/fr\\\/\"},{\"@type\":\"ListItem\",\"position\":2,\"name\":\"Contact\"}]},{\"@type\":\"WebSite\",\"@id\":\"https:\\\/\\\/redkarawana.com\\\/#website\",\"url\":\"https:\\\/\\\/redkarawana.com\\\/\",\"name\":\"Red Karawana\",\"description\":\"\",\"publisher\":{\"@id\":\"https:\\\/\\\/redkarawana.com\\\/#organization\"},\"potentialAction\":[{\"@type\":\"SearchAction\",\"target\":{\"@type\":\"EntryPoint\",\"urlTemplate\":\"https:\\\/\\\/redkarawana.com\\\/?s={search_term_string}\"},\"query-input\":{\"@type\":\"PropertyValueSpecification\",\"valueRequired\":true,\"valueName\":\"search_term_string\"}}],\"inLanguage\":\"fr-FR\"},{\"@type\":\"Organization\",\"@id\":\"https:\\\/\\\/redkarawana.com\\\/#organization\",\"name\":\"Red Karawana\",\"url\":\"https:\\\/\\\/redkarawana.com\\\/\",\"logo\":{\"@type\":\"ImageObject\",\"inLanguage\":\"fr-FR\",\"@id\":\"https:\\\/\\\/redkarawana.com\\\/#\\\/schema\\\/logo\\\/image\\\/\",\"url\":\"https:\\\/\\\/redkarawana.com\\\/wp-content\\\/uploads\\\/2025\\\/05\\\/cropped-Screenshot-2025-05-29-at-09.27.38.png\",\"contentUrl\":\"https:\\\/\\\/redkarawana.com\\\/wp-content\\\/uploads\\\/2025\\\/05\\\/cropped-Screenshot-2025-05-29-at-09.27.38.png\",\"width\":512,\"height\":512,\"caption\":\"Red Karawana\"},\"image\":{\"@id\":\"https:\\\/\\\/redkarawana.com\\\/#\\\/schema\\\/logo\\\/image\\\/\"},\"sameAs\":[\"https:\\\/\\\/www.facebook.com\\\/redkarawana\\\/\",\"https:\\\/\\\/www.instagram.com\\\/redkarawana\\\/\",\"https:\\\/\\\/www.youtube.com\\\/channel\\\/UCU9jXzSmyKm4ZZv38FEXGKg\",\"https:\\\/\\\/www.pinterest.com\\\/redkarawana\\\/\"]}]}<\/script>\n<!-- \/ Yoast SEO plugin. -->","yoast_head_json":{"title":"Connectons-Nous - Red Karawana","description":"Merci de votre int\u00e9r\u00eat pour Red Karawana. Connectons-nous et partageons des moments culturels. Nous sommes impatients de r\u00e9pondre \u00e0 toutes vos questions.","robots":{"index":"index","follow":"follow","max-snippet":"max-snippet:-1","max-image-preview":"max-image-preview:large","max-video-preview":"max-video-preview:-1"},"canonical":"https:\/\/redkarawana.com\/fr\/contact\/","og_locale":"fr_FR","og_type":"article","og_title":"Connectons-Nous - Red Karawana","og_description":"Merci de votre int\u00e9r\u00eat pour Red Karawana. Connectons-nous et partageons des moments culturels. Nous sommes impatients de r\u00e9pondre \u00e0 toutes vos questions.","og_url":"https:\/\/redkarawana.com\/fr\/contact\/","og_site_name":"Red Karawana","article_publisher":"https:\/\/www.facebook.com\/redkarawana\/","article_modified_time":"2025-12-13T07:17:34+00:00","og_image":[{"width":1200,"height":630,"url":"https:\/\/redkarawana.com\/wp-content\/uploads\/2024\/03\/1-A-SC-F1200x630-England-London-Royal-Mews.jpg","type":"image\/jpeg"}],"twitter_card":"summary_large_image","twitter_misc":{"Dur\u00e9e de lecture estim\u00e9e":"1 minute"},"schema":{"@context":"https:\/\/schema.org","@graph":[{"@type":"WebPage","@id":"https:\/\/redkarawana.com\/fr\/contact\/","url":"https:\/\/redkarawana.com\/fr\/contact\/","name":"Connectons-Nous - Red Karawana","isPartOf":{"@id":"https:\/\/redkarawana.com\/#website"},"primaryImageOfPage":{"@id":"https:\/\/redkarawana.com\/fr\/contact\/#primaryimage"},"image":{"@id":"https:\/\/redkarawana.com\/fr\/contact\/#primaryimage"},"thumbnailUrl":"https:\/\/redkarawana.com\/wp-content\/uploads\/2024\/03\/1-A-SC-Feature-680x453-England-London-Royal-Mews.jpg","datePublished":"2025-12-01T03:40:01+00:00","dateModified":"2025-12-13T07:17:34+00:00","description":"Merci de votre int\u00e9r\u00eat pour Red Karawana. Connectons-nous et partageons des moments culturels. Nous sommes impatients de r\u00e9pondre \u00e0 toutes vos questions.","breadcrumb":{"@id":"https:\/\/redkarawana.com\/fr\/contact\/#breadcrumb"},"inLanguage":"fr-FR","potentialAction":[{"@type":"ReadAction","target":["https:\/\/redkarawana.com\/fr\/contact\/"]}]},{"@type":"ImageObject","inLanguage":"fr-FR","@id":"https:\/\/redkarawana.com\/fr\/contact\/#primaryimage","url":"https:\/\/redkarawana.com\/wp-content\/uploads\/2024\/03\/1-A-SC-Feature-680x453-England-London-Royal-Mews.jpg","contentUrl":"https:\/\/redkarawana.com\/wp-content\/uploads\/2024\/03\/1-A-SC-Feature-680x453-England-London-Royal-Mews.jpg","width":680,"height":453,"caption":"Angleterre, Londres, \u00c9curies Royales"},{"@type":"BreadcrumbList","@id":"https:\/\/redkarawana.com\/fr\/contact\/#breadcrumb","itemListElement":[{"@type":"ListItem","position":1,"name":"Home","item":"https:\/\/redkarawana.com\/fr\/"},{"@type":"ListItem","position":2,"name":"Contact"}]},{"@type":"WebSite","@id":"https:\/\/redkarawana.com\/#website","url":"https:\/\/redkarawana.com\/","name":"Red Karawana","description":"","publisher":{"@id":"https:\/\/redkarawana.com\/#organization"},"potentialAction":[{"@type":"SearchAction","target":{"@type":"EntryPoint","urlTemplate":"https:\/\/redkarawana.com\/?s={search_term_string}"},"query-input":{"@type":"PropertyValueSpecification","valueRequired":true,"valueName":"search_term_string"}}],"inLanguage":"fr-FR"},{"@type":"Organization","@id":"https:\/\/redkarawana.com\/#organization","name":"Red Karawana","url":"https:\/\/redkarawana.com\/","logo":{"@type":"ImageObject","inLanguage":"fr-FR","@id":"https:\/\/redkarawana.com\/#\/schema\/logo\/image\/","url":"https:\/\/redkarawana.com\/wp-content\/uploads\/2025\/05\/cropped-Screenshot-2025-05-29-at-09.27.38.png","contentUrl":"https:\/\/redkarawana.com\/wp-content\/uploads\/2025\/05\/cropped-Screenshot-2025-05-29-at-09.27.38.png","width":512,"height":512,"caption":"Red Karawana"},"image":{"@id":"https:\/\/redkarawana.com\/#\/schema\/logo\/image\/"},"sameAs":["https:\/\/www.facebook.com\/redkarawana\/","https:\/\/www.instagram.com\/redkarawana\/","https:\/\/www.youtube.com\/channel\/UCU9jXzSmyKm4ZZv38FEXGKg","https:\/\/www.pinterest.com\/redkarawana\/"]}]}},"_links":{"self":[{"href":"https:\/\/redkarawana.com\/fr\/wp-json\/wp\/v2\/pages\/698","targetHints":{"allow":["GET"]}}],"collection":[{"href":"https:\/\/redkarawana.com\/fr\/wp-json\/wp\/v2\/pages"}],"about":[{"href":"https:\/\/redkarawana.com\/fr\/wp-json\/wp\/v2\/types\/page"}],"author":[{"embeddable":true,"href":"https:\/\/redkarawana.com\/fr\/wp-json\/wp\/v2\/users\/1"}],"replies":[{"embeddable":true,"href":"https:\/\/redkarawana.com\/fr\/wp-json\/wp\/v2\/comments?post=698"}],"version-history":[{"count":5,"href":"https:\/\/redkarawana.com\/fr\/wp-json\/wp\/v2\/pages\/698\/revisions"}],"predecessor-version":[{"id":9423,"href":"https:\/\/redkarawana.com\/fr\/wp-json\/wp\/v2\/pages\/698\/revisions\/9423"}],"wp:featuredmedia":[{"embeddable":true,"href":"https:\/\/redkarawana.com\/fr\/wp-json\/wp\/v2\/media\/1406"}],"wp:attachment":[{"href":"https:\/\/redkarawana.com\/fr\/wp-json\/wp\/v2\/media?parent=698"}],"curies":[{"name":"wp","href":"https:\/\/api.w.org\/{rel}","templated":true}]}}