{"id":725,"date":"2025-12-01T01:30:56","date_gmt":"2025-12-01T01:30:56","guid":{"rendered":"https:\/\/redkarawana.com\/sabonner\/"},"modified":"2025-12-13T13:39:45","modified_gmt":"2025-12-13T13:39:45","slug":"abonner","status":"publish","type":"page","link":"https:\/\/redkarawana.com\/fr\/abonner\/","title":{"rendered":"S\u2019Abonner"},"content":{"rendered":"\n<h1 class=\"wp-block-heading\">\u00c9den Culturel<\/h1>\n\n<p>A la recherche de moments d\u2019\u00e9merveillement ? D\u00e9tendez-vous, \u00e9merveillez-vous avec Red Karawana. <\/p>\n\n<p>Escapades exclusives vers des destinations inspirantes. Itin\u00e9raires de voyage concis et faciles \u00e0 utiliser.<br\/>Savourez des d\u00e9lices du monde entier. Recettes originales et simples \u00e0 pr\u00e9parer.<br\/>L\u2019Abonnement Premium offre un acc\u00e8s illimit\u00e9 \u00e0 tout le contenu exclusif.  <\/p>\n\n<div class=\"wp-block-group\"><div class=\"wp-block-group__inner-container is-layout-constrained wp-block-group-is-layout-constrained\">\n<div class=\"wp-block-group subscribe-main-categories\"><div class=\"wp-block-group__inner-container is-layout-constrained wp-block-group-is-layout-constrained\">\n<div class=\"wp-block-columns is-layout-flex wp-container-core-columns-is-layout-9d6595d7 wp-block-columns-is-layout-flex\">\n<div class=\"wp-block-column is-layout-flow wp-block-column-is-layout-flow\">\n<figure class=\"wp-block-image size-full\"><a href=\"https:\/\/redkarawana.com\/fr\/escapades\/\"><img loading=\"lazy\" decoding=\"async\" width=\"1110\" height=\"740\" src=\"https:\/\/redkarawana.com\/wp-content\/uploads\/2024\/03\/1a-Subscribe-J-1110x740-China-Shangri-la-Songzanlin-Monastery.jpg\" alt=\"Chine, Shangri-la, Monast&#xE8;re de Songzanlin\" class=\"wp-image-1333\" srcset=\"https:\/\/redkarawana.com\/wp-content\/uploads\/2024\/03\/1a-Subscribe-J-1110x740-China-Shangri-la-Songzanlin-Monastery.jpg 1110w, https:\/\/redkarawana.com\/wp-content\/uploads\/2024\/03\/1a-Subscribe-J-1110x740-China-Shangri-la-Songzanlin-Monastery-300x200.jpg 300w, https:\/\/redkarawana.com\/wp-content\/uploads\/2024\/03\/1a-Subscribe-J-1110x740-China-Shangri-la-Songzanlin-Monastery-1024x683.jpg 1024w, https:\/\/redkarawana.com\/wp-content\/uploads\/2024\/03\/1a-Subscribe-J-1110x740-China-Shangri-la-Songzanlin-Monastery-768x512.jpg 768w, https:\/\/redkarawana.com\/wp-content\/uploads\/2024\/03\/1a-Subscribe-J-1110x740-China-Shangri-la-Songzanlin-Monastery-360x240.jpg 360w, https:\/\/redkarawana.com\/wp-content\/uploads\/2024\/03\/1a-Subscribe-J-1110x740-China-Shangri-la-Songzanlin-Monastery-600x400.jpg 600w\" sizes=\"auto, (max-width: 1110px) 100vw, 1110px\" \/><\/a><\/figure>\n\n\n\n<h3 class=\"wp-block-heading f18\"><a href=\"https:\/\/redkarawana.com\/fr\/escapades\/\">FAITES UNE ESCAPADE, AVEC BUT<\/a><\/h3>\n\n\n\n<p class=\"f17\">Surprenez votre esprit avec des escapades culturelles.<\/p>\n<\/div>\n\n\n\n<div class=\"wp-block-column is-layout-flow wp-block-column-is-layout-flow\">\n<figure class=\"wp-block-image size-full\"><a href=\"https:\/\/redkarawana.com\/fr\/saveurs\/\"><img loading=\"lazy\" decoding=\"async\" width=\"1110\" height=\"740\" src=\"https:\/\/redkarawana.com\/wp-content\/uploads\/2024\/03\/1b-Subscribe-S-1110x740-Lebanon-Bottarga.jpg\" alt=\"Liban, Bottarga\" class=\"wp-image-1337\" srcset=\"https:\/\/redkarawana.com\/wp-content\/uploads\/2024\/03\/1b-Subscribe-S-1110x740-Lebanon-Bottarga.jpg 1110w, https:\/\/redkarawana.com\/wp-content\/uploads\/2024\/03\/1b-Subscribe-S-1110x740-Lebanon-Bottarga-300x200.jpg 300w, https:\/\/redkarawana.com\/wp-content\/uploads\/2024\/03\/1b-Subscribe-S-1110x740-Lebanon-Bottarga-1024x683.jpg 1024w, https:\/\/redkarawana.com\/wp-content\/uploads\/2024\/03\/1b-Subscribe-S-1110x740-Lebanon-Bottarga-768x512.jpg 768w, https:\/\/redkarawana.com\/wp-content\/uploads\/2024\/03\/1b-Subscribe-S-1110x740-Lebanon-Bottarga-360x240.jpg 360w, https:\/\/redkarawana.com\/wp-content\/uploads\/2024\/03\/1b-Subscribe-S-1110x740-Lebanon-Bottarga-600x400.jpg 600w\" sizes=\"auto, (max-width: 1110px) 100vw, 1110px\" \/><\/a><\/figure>\n\n\n\n<h3 class=\"wp-block-heading f18\"><a href=\"https:\/\/redkarawana.com\/fr\/saveurs\/\">SAVOURER, AVEC COEUR<\/a><\/h3>\n\n\n\n<p class=\"f17\">Offrez-vous des moments culinaires revigorants.<\/p>\n<\/div>\n<\/div>\n<\/div><\/div>\n<\/div><\/div>\n\n<p><\/p>\n","protected":false},"excerpt":{"rendered":"<p>\u00c9den Culturel A la recherche de moments d\u2019\u00e9merveillement ? D\u00e9tendez-vous, \u00e9merveillez-vous avec Red Karawana. Escapades exclusives vers des destinations inspirantes. Itin\u00e9raires de voyage concis et faciles \u00e0 utiliser.Savourez des d\u00e9lices du monde entier. Recettes originales et simples \u00e0 pr\u00e9parer.L\u2019Abonnement Premium offre un acc\u00e8s illimit\u00e9 \u00e0 tout le contenu exclusif. FAITES UNE ESCAPADE, AVEC BUT Surprenez [&hellip;]<\/p>\n","protected":false},"author":1,"featured_media":1331,"parent":0,"menu_order":72,"comment_status":"closed","ping_status":"closed","template":"templates\/subscribe.php","meta":{"_acf_changed":false,"footnotes":""},"class_list":["post-725","page","type-page","status-publish","has-post-thumbnail","hentry"],"acf":[],"yoast_head":"<!-- This site is optimized with the Yoast SEO plugin v27.3 - https:\/\/yoast.com\/product\/yoast-seo-wordpress\/ -->\n<title>\u00c9den Culturel \u2013 S\u2019Abonner - Red Karawana<\/title>\n<meta name=\"description\" content=\"S\u2019Abonner \u00e0 Red Karawana. Acc\u00e9der \u00e0 un \u00c9den Culturel avec des itin\u00e9raires de voyage exclusifs, des recettes originales du monde entier et des r\u00e9cits captivants.\" \/>\n<meta name=\"robots\" content=\"index, follow, max-snippet:-1, max-image-preview:large, max-video-preview:-1\" \/>\n<link rel=\"canonical\" href=\"https:\/\/redkarawana.com\/fr\/abonner\/\" \/>\n<meta property=\"og:locale\" content=\"fr_FR\" \/>\n<meta property=\"og:type\" content=\"article\" \/>\n<meta property=\"og:title\" content=\"\u00c9den Culturel \u2013 S\u2019Abonner \u00e0 Red Karawana\" \/>\n<meta property=\"og:description\" content=\"S\u2019Abonner \u00e0 Red Karawana. Acc\u00e9der \u00e0 un \u00c9den Culturel avec des itin\u00e9raires de voyage exclusifs, des recettes originales du monde entier et des r\u00e9cits captivants.\" \/>\n<meta property=\"og:url\" content=\"https:\/\/redkarawana.com\/fr\/abonner\/\" \/>\n<meta property=\"og:site_name\" content=\"Red Karawana\" \/>\n<meta property=\"article:publisher\" content=\"https:\/\/www.facebook.com\/redkarawana\/\" \/>\n<meta property=\"article:modified_time\" content=\"2025-12-13T13:39:45+00:00\" \/>\n<meta property=\"og:image\" content=\"https:\/\/redkarawana.com\/wp-content\/uploads\/2024\/03\/1-A-Subscribe-F1200x630-China-Shangri-la-Songzanlin-Monastery.jpg\" \/>\n\t<meta property=\"og:image:width\" content=\"1200\" \/>\n\t<meta property=\"og:image:height\" content=\"630\" \/>\n\t<meta property=\"og:image:type\" content=\"image\/jpeg\" \/>\n<meta name=\"twitter:card\" content=\"summary_large_image\" \/>\n<meta name=\"twitter:label1\" content=\"Dur\u00e9e de lecture estim\u00e9e\" \/>\n\t<meta name=\"twitter:data1\" content=\"1 minute\" \/>\n<script type=\"application\/ld+json\" class=\"yoast-schema-graph\">{\"@context\":\"https:\\\/\\\/schema.org\",\"@graph\":[{\"@type\":\"WebPage\",\"@id\":\"https:\\\/\\\/redkarawana.com\\\/fr\\\/abonner\\\/\",\"url\":\"https:\\\/\\\/redkarawana.com\\\/fr\\\/abonner\\\/\",\"name\":\"\u00c9den Culturel \u2013 S\u2019Abonner - Red Karawana\",\"isPartOf\":{\"@id\":\"https:\\\/\\\/redkarawana.com\\\/#website\"},\"primaryImageOfPage\":{\"@id\":\"https:\\\/\\\/redkarawana.com\\\/fr\\\/abonner\\\/#primaryimage\"},\"image\":{\"@id\":\"https:\\\/\\\/redkarawana.com\\\/fr\\\/abonner\\\/#primaryimage\"},\"thumbnailUrl\":\"https:\\\/\\\/redkarawana.com\\\/wp-content\\\/uploads\\\/2024\\\/03\\\/1-A-Subscribe-Feature-680x453-China-Shangri-la-Songzanlin-Monastery.jpg\",\"datePublished\":\"2025-12-01T01:30:56+00:00\",\"dateModified\":\"2025-12-13T13:39:45+00:00\",\"description\":\"S\u2019Abonner \u00e0 Red Karawana. Acc\u00e9der \u00e0 un \u00c9den Culturel avec des itin\u00e9raires de voyage exclusifs, des recettes originales du monde entier et des r\u00e9cits captivants.\",\"breadcrumb\":{\"@id\":\"https:\\\/\\\/redkarawana.com\\\/fr\\\/abonner\\\/#breadcrumb\"},\"inLanguage\":\"fr-FR\",\"potentialAction\":[{\"@type\":\"ReadAction\",\"target\":[\"https:\\\/\\\/redkarawana.com\\\/fr\\\/abonner\\\/\"]}]},{\"@type\":\"ImageObject\",\"inLanguage\":\"fr-FR\",\"@id\":\"https:\\\/\\\/redkarawana.com\\\/fr\\\/abonner\\\/#primaryimage\",\"url\":\"https:\\\/\\\/redkarawana.com\\\/wp-content\\\/uploads\\\/2024\\\/03\\\/1-A-Subscribe-Feature-680x453-China-Shangri-la-Songzanlin-Monastery.jpg\",\"contentUrl\":\"https:\\\/\\\/redkarawana.com\\\/wp-content\\\/uploads\\\/2024\\\/03\\\/1-A-Subscribe-Feature-680x453-China-Shangri-la-Songzanlin-Monastery.jpg\",\"width\":680,\"height\":453,\"caption\":\"Chine, Shangri-la, Monast\u00e8re de Songzanlin\"},{\"@type\":\"BreadcrumbList\",\"@id\":\"https:\\\/\\\/redkarawana.com\\\/fr\\\/abonner\\\/#breadcrumb\",\"itemListElement\":[{\"@type\":\"ListItem\",\"position\":1,\"name\":\"Home\",\"item\":\"https:\\\/\\\/redkarawana.com\\\/fr\\\/\"},{\"@type\":\"ListItem\",\"position\":2,\"name\":\"S\u2019Abonner\"}]},{\"@type\":\"WebSite\",\"@id\":\"https:\\\/\\\/redkarawana.com\\\/#website\",\"url\":\"https:\\\/\\\/redkarawana.com\\\/\",\"name\":\"Red Karawana\",\"description\":\"\",\"publisher\":{\"@id\":\"https:\\\/\\\/redkarawana.com\\\/#organization\"},\"potentialAction\":[{\"@type\":\"SearchAction\",\"target\":{\"@type\":\"EntryPoint\",\"urlTemplate\":\"https:\\\/\\\/redkarawana.com\\\/?s={search_term_string}\"},\"query-input\":{\"@type\":\"PropertyValueSpecification\",\"valueRequired\":true,\"valueName\":\"search_term_string\"}}],\"inLanguage\":\"fr-FR\"},{\"@type\":\"Organization\",\"@id\":\"https:\\\/\\\/redkarawana.com\\\/#organization\",\"name\":\"Red Karawana\",\"url\":\"https:\\\/\\\/redkarawana.com\\\/\",\"logo\":{\"@type\":\"ImageObject\",\"inLanguage\":\"fr-FR\",\"@id\":\"https:\\\/\\\/redkarawana.com\\\/#\\\/schema\\\/logo\\\/image\\\/\",\"url\":\"https:\\\/\\\/redkarawana.com\\\/wp-content\\\/uploads\\\/2025\\\/05\\\/cropped-Screenshot-2025-05-29-at-09.27.38.png\",\"contentUrl\":\"https:\\\/\\\/redkarawana.com\\\/wp-content\\\/uploads\\\/2025\\\/05\\\/cropped-Screenshot-2025-05-29-at-09.27.38.png\",\"width\":512,\"height\":512,\"caption\":\"Red Karawana\"},\"image\":{\"@id\":\"https:\\\/\\\/redkarawana.com\\\/#\\\/schema\\\/logo\\\/image\\\/\"},\"sameAs\":[\"https:\\\/\\\/www.facebook.com\\\/redkarawana\\\/\",\"https:\\\/\\\/www.instagram.com\\\/redkarawana\\\/\",\"https:\\\/\\\/www.youtube.com\\\/channel\\\/UCU9jXzSmyKm4ZZv38FEXGKg\",\"https:\\\/\\\/www.pinterest.com\\\/redkarawana\\\/\"]}]}<\/script>\n<!-- \/ Yoast SEO plugin. -->","yoast_head_json":{"title":"\u00c9den Culturel \u2013 S\u2019Abonner - Red Karawana","description":"S\u2019Abonner \u00e0 Red Karawana. Acc\u00e9der \u00e0 un \u00c9den Culturel avec des itin\u00e9raires de voyage exclusifs, des recettes originales du monde entier et des r\u00e9cits captivants.","robots":{"index":"index","follow":"follow","max-snippet":"max-snippet:-1","max-image-preview":"max-image-preview:large","max-video-preview":"max-video-preview:-1"},"canonical":"https:\/\/redkarawana.com\/fr\/abonner\/","og_locale":"fr_FR","og_type":"article","og_title":"\u00c9den Culturel \u2013 S\u2019Abonner \u00e0 Red Karawana","og_description":"S\u2019Abonner \u00e0 Red Karawana. Acc\u00e9der \u00e0 un \u00c9den Culturel avec des itin\u00e9raires de voyage exclusifs, des recettes originales du monde entier et des r\u00e9cits captivants.","og_url":"https:\/\/redkarawana.com\/fr\/abonner\/","og_site_name":"Red Karawana","article_publisher":"https:\/\/www.facebook.com\/redkarawana\/","article_modified_time":"2025-12-13T13:39:45+00:00","og_image":[{"width":1200,"height":630,"url":"https:\/\/redkarawana.com\/wp-content\/uploads\/2024\/03\/1-A-Subscribe-F1200x630-China-Shangri-la-Songzanlin-Monastery.jpg","type":"image\/jpeg"}],"twitter_card":"summary_large_image","twitter_misc":{"Dur\u00e9e de lecture estim\u00e9e":"1 minute"},"schema":{"@context":"https:\/\/schema.org","@graph":[{"@type":"WebPage","@id":"https:\/\/redkarawana.com\/fr\/abonner\/","url":"https:\/\/redkarawana.com\/fr\/abonner\/","name":"\u00c9den Culturel \u2013 S\u2019Abonner - Red Karawana","isPartOf":{"@id":"https:\/\/redkarawana.com\/#website"},"primaryImageOfPage":{"@id":"https:\/\/redkarawana.com\/fr\/abonner\/#primaryimage"},"image":{"@id":"https:\/\/redkarawana.com\/fr\/abonner\/#primaryimage"},"thumbnailUrl":"https:\/\/redkarawana.com\/wp-content\/uploads\/2024\/03\/1-A-Subscribe-Feature-680x453-China-Shangri-la-Songzanlin-Monastery.jpg","datePublished":"2025-12-01T01:30:56+00:00","dateModified":"2025-12-13T13:39:45+00:00","description":"S\u2019Abonner \u00e0 Red Karawana. Acc\u00e9der \u00e0 un \u00c9den Culturel avec des itin\u00e9raires de voyage exclusifs, des recettes originales du monde entier et des r\u00e9cits captivants.","breadcrumb":{"@id":"https:\/\/redkarawana.com\/fr\/abonner\/#breadcrumb"},"inLanguage":"fr-FR","potentialAction":[{"@type":"ReadAction","target":["https:\/\/redkarawana.com\/fr\/abonner\/"]}]},{"@type":"ImageObject","inLanguage":"fr-FR","@id":"https:\/\/redkarawana.com\/fr\/abonner\/#primaryimage","url":"https:\/\/redkarawana.com\/wp-content\/uploads\/2024\/03\/1-A-Subscribe-Feature-680x453-China-Shangri-la-Songzanlin-Monastery.jpg","contentUrl":"https:\/\/redkarawana.com\/wp-content\/uploads\/2024\/03\/1-A-Subscribe-Feature-680x453-China-Shangri-la-Songzanlin-Monastery.jpg","width":680,"height":453,"caption":"Chine, Shangri-la, Monast\u00e8re de Songzanlin"},{"@type":"BreadcrumbList","@id":"https:\/\/redkarawana.com\/fr\/abonner\/#breadcrumb","itemListElement":[{"@type":"ListItem","position":1,"name":"Home","item":"https:\/\/redkarawana.com\/fr\/"},{"@type":"ListItem","position":2,"name":"S\u2019Abonner"}]},{"@type":"WebSite","@id":"https:\/\/redkarawana.com\/#website","url":"https:\/\/redkarawana.com\/","name":"Red Karawana","description":"","publisher":{"@id":"https:\/\/redkarawana.com\/#organization"},"potentialAction":[{"@type":"SearchAction","target":{"@type":"EntryPoint","urlTemplate":"https:\/\/redkarawana.com\/?s={search_term_string}"},"query-input":{"@type":"PropertyValueSpecification","valueRequired":true,"valueName":"search_term_string"}}],"inLanguage":"fr-FR"},{"@type":"Organization","@id":"https:\/\/redkarawana.com\/#organization","name":"Red Karawana","url":"https:\/\/redkarawana.com\/","logo":{"@type":"ImageObject","inLanguage":"fr-FR","@id":"https:\/\/redkarawana.com\/#\/schema\/logo\/image\/","url":"https:\/\/redkarawana.com\/wp-content\/uploads\/2025\/05\/cropped-Screenshot-2025-05-29-at-09.27.38.png","contentUrl":"https:\/\/redkarawana.com\/wp-content\/uploads\/2025\/05\/cropped-Screenshot-2025-05-29-at-09.27.38.png","width":512,"height":512,"caption":"Red Karawana"},"image":{"@id":"https:\/\/redkarawana.com\/#\/schema\/logo\/image\/"},"sameAs":["https:\/\/www.facebook.com\/redkarawana\/","https:\/\/www.instagram.com\/redkarawana\/","https:\/\/www.youtube.com\/channel\/UCU9jXzSmyKm4ZZv38FEXGKg","https:\/\/www.pinterest.com\/redkarawana\/"]}]}},"_links":{"self":[{"href":"https:\/\/redkarawana.com\/fr\/wp-json\/wp\/v2\/pages\/725","targetHints":{"allow":["GET"]}}],"collection":[{"href":"https:\/\/redkarawana.com\/fr\/wp-json\/wp\/v2\/pages"}],"about":[{"href":"https:\/\/redkarawana.com\/fr\/wp-json\/wp\/v2\/types\/page"}],"author":[{"embeddable":true,"href":"https:\/\/redkarawana.com\/fr\/wp-json\/wp\/v2\/users\/1"}],"replies":[{"embeddable":true,"href":"https:\/\/redkarawana.com\/fr\/wp-json\/wp\/v2\/comments?post=725"}],"version-history":[{"count":2,"href":"https:\/\/redkarawana.com\/fr\/wp-json\/wp\/v2\/pages\/725\/revisions"}],"predecessor-version":[{"id":13143,"href":"https:\/\/redkarawana.com\/fr\/wp-json\/wp\/v2\/pages\/725\/revisions\/13143"}],"wp:featuredmedia":[{"embeddable":true,"href":"https:\/\/redkarawana.com\/fr\/wp-json\/wp\/v2\/media\/1331"}],"wp:attachment":[{"href":"https:\/\/redkarawana.com\/fr\/wp-json\/wp\/v2\/media?parent=725"}],"curies":[{"name":"wp","href":"https:\/\/api.w.org\/{rel}","templated":true}]}}