{"id":10200,"date":"2025-11-30T04:10:04","date_gmt":"2025-11-30T04:10:04","guid":{"rendered":"https:\/\/redkarawana.com\/?post_type=product&#038;p=10200"},"modified":"2025-12-06T07:55:01","modified_gmt":"2025-12-06T07:55:01","slug":"ornement-nativite-pologne","status":"publish","type":"product","link":"https:\/\/redkarawana.com\/fr\/artisan\/ornement-nativite-pologne\/","title":{"rendered":"Ornement de la Nativit\u00e9, Pologne ; D\u00e9coration de No\u00ebl en Verre"},"content":{"rendered":"<p>Les ateliers artisanaux en Pologne produisent des ornements en verre de haute qualit\u00e9, imaginatifs et exquis. Les ornements polonais en verre souffl\u00e9 sont magistralement d\u00e9cor\u00e9s avec des motifs complexes, des couleurs vives et des accents lumineux. L\u2019ensemble des d\u00e9corations refl\u00e8te des traditions de No\u00ebl, des l\u00e9gendes fascinantes et des motifs originaux. Les ornements en verre apportent une touche de beaut\u00e9 et de mystique \u00e0 tout d\u00e9cor d&rsquo;int\u00e9rieur. Notre Ornement de la Nativit\u00e9, peint \u00e0 la main par des artistes polonais, est une d\u00e9coration de No\u00ebl \u00e9l\u00e9gante et une belle \u0153uvre d&rsquo;art. Mesures : Ornement de la Nativit\u00e9 (hauteur 4 1\/3 pouces, largeur 6 \u00bd pouces)<\/p>\n","protected":false},"excerpt":{"rendered":"<p>Les ateliers artisanaux en Pologne produisent des ornements en verre de haute qualit\u00e9, imaginatifs et exquis. Les ornements polonais en verre souffl\u00e9 sont magistralement d\u00e9cor\u00e9s avec des motifs complexes, des couleurs vives et des accents lumineux. L\u2019ensemble des d\u00e9corations refl\u00e8te des traditions de No\u00ebl, des l\u00e9gendes fascinantes et des motifs originaux. Les ornements en verre [&hellip;]<\/p>\n","protected":false},"featured_media":10144,"template":"","meta":{"_acf_changed":false},"product_brand":[],"product_cat":[49],"product_tag":[],"class_list":{"0":"post-10200","1":"product","2":"type-product","3":"status-publish","4":"has-post-thumbnail","6":"product_cat-decoratif","8":"first","9":"instock","10":"taxable","11":"shipping-taxable","12":"purchasable","13":"product-type-simple"},"acf":[],"yoast_head":"<!-- This site is optimized with the Yoast SEO plugin v27.3 - https:\/\/yoast.com\/product\/yoast-seo-wordpress\/ -->\n<title>Ornement de la Nativit\u00e9, Pologne - D\u00e9coratif - Red Karawana<\/title>\n<meta name=\"description\" content=\"Notre Ornement de la Nativit\u00e9, peinte \u00e0 la main par des artistes polonais, est une d\u00e9coration de No\u00ebl unique et une belle \u0153uvre d&#039;art.\" \/>\n<meta name=\"robots\" content=\"index, follow, max-snippet:-1, max-image-preview:large, max-video-preview:-1\" \/>\n<link rel=\"canonical\" href=\"https:\/\/redkarawana.com\/fr\/artisan\/ornement-nativite-pologne\/\" \/>\n<meta property=\"og:locale\" content=\"fr_FR\" \/>\n<meta property=\"og:type\" content=\"article\" \/>\n<meta property=\"og:title\" content=\"Ornement de la Nativit\u00e9, Pologne - D\u00e9coratif - Red Karawana\" \/>\n<meta property=\"og:description\" content=\"Notre Ornement de la Nativit\u00e9, peinte \u00e0 la main par des artistes polonais, est une d\u00e9coration de No\u00ebl unique et une belle \u0153uvre d&#039;art.\" \/>\n<meta property=\"og:url\" content=\"https:\/\/redkarawana.com\/fr\/artisan\/ornement-nativite-pologne\/\" \/>\n<meta property=\"og:site_name\" content=\"Red Karawana\" \/>\n<meta property=\"article:publisher\" content=\"https:\/\/www.facebook.com\/redkarawana\/\" \/>\n<meta property=\"article:modified_time\" content=\"2025-12-06T07:55:01+00:00\" \/>\n<meta property=\"og:image\" content=\"https:\/\/redkarawana.com\/wp-content\/uploads\/2025\/06\/1-AF1200x630-Poland-Nativity-Ornament.jpg\" \/>\n\t<meta property=\"og:image:width\" content=\"1200\" \/>\n\t<meta property=\"og:image:height\" content=\"630\" \/>\n\t<meta property=\"og:image:type\" content=\"image\/jpeg\" \/>\n<meta name=\"twitter:card\" content=\"summary_large_image\" \/>\n<meta name=\"twitter:label1\" content=\"Dur\u00e9e de lecture estim\u00e9e\" \/>\n\t<meta name=\"twitter:data1\" content=\"1 minute\" \/>\n<script type=\"application\/ld+json\" class=\"yoast-schema-graph\">{\"@context\":\"https:\\\/\\\/schema.org\",\"@graph\":[{\"@type\":\"WebPage\",\"@id\":\"https:\\\/\\\/redkarawana.com\\\/fr\\\/artisan\\\/ornement-nativite-pologne\\\/\",\"url\":\"https:\\\/\\\/redkarawana.com\\\/fr\\\/artisan\\\/ornement-nativite-pologne\\\/\",\"name\":\"Ornement de la Nativit\u00e9, Pologne - D\u00e9coratif - Red Karawana\",\"isPartOf\":{\"@id\":\"https:\\\/\\\/redkarawana.com\\\/#website\"},\"primaryImageOfPage\":{\"@id\":\"https:\\\/\\\/redkarawana.com\\\/fr\\\/artisan\\\/ornement-nativite-pologne\\\/#primaryimage\"},\"image\":{\"@id\":\"https:\\\/\\\/redkarawana.com\\\/fr\\\/artisan\\\/ornement-nativite-pologne\\\/#primaryimage\"},\"thumbnailUrl\":\"https:\\\/\\\/redkarawana.com\\\/wp-content\\\/uploads\\\/2025\\\/06\\\/1-AP-Feature-Poland-Nativity-Ornament.jpg\",\"datePublished\":\"2025-11-30T04:10:04+00:00\",\"dateModified\":\"2025-12-06T07:55:01+00:00\",\"description\":\"Notre Ornement de la Nativit\u00e9, peinte \u00e0 la main par des artistes polonais, est une d\u00e9coration de No\u00ebl unique et une belle \u0153uvre d'art.\",\"breadcrumb\":{\"@id\":\"https:\\\/\\\/redkarawana.com\\\/fr\\\/artisan\\\/ornement-nativite-pologne\\\/#breadcrumb\"},\"inLanguage\":\"fr-FR\",\"potentialAction\":[{\"@type\":\"ReadAction\",\"target\":[\"https:\\\/\\\/redkarawana.com\\\/fr\\\/artisan\\\/ornement-nativite-pologne\\\/\"]}]},{\"@type\":\"ImageObject\",\"inLanguage\":\"fr-FR\",\"@id\":\"https:\\\/\\\/redkarawana.com\\\/fr\\\/artisan\\\/ornement-nativite-pologne\\\/#primaryimage\",\"url\":\"https:\\\/\\\/redkarawana.com\\\/wp-content\\\/uploads\\\/2025\\\/06\\\/1-AP-Feature-Poland-Nativity-Ornament.jpg\",\"contentUrl\":\"https:\\\/\\\/redkarawana.com\\\/wp-content\\\/uploads\\\/2025\\\/06\\\/1-AP-Feature-Poland-Nativity-Ornament.jpg\",\"width\":680,\"height\":453,\"caption\":\"Pologne, Ornement de la Nativit\u00e9\"},{\"@type\":\"BreadcrumbList\",\"@id\":\"https:\\\/\\\/redkarawana.com\\\/fr\\\/artisan\\\/ornement-nativite-pologne\\\/#breadcrumb\",\"itemListElement\":[{\"@type\":\"ListItem\",\"position\":1,\"name\":\"Home\",\"item\":\"https:\\\/\\\/redkarawana.com\\\/fr\\\/\"},{\"@type\":\"ListItem\",\"position\":2,\"name\":\"Artisans\",\"item\":\"https:\\\/\\\/redkarawana.com\\\/fr\\\/artisans\\\/\"},{\"@type\":\"ListItem\",\"position\":3,\"name\":\"Ornement de la Nativit\u00e9, Pologne ; D\u00e9coration de No\u00ebl en Verre\"}]},{\"@type\":\"WebSite\",\"@id\":\"https:\\\/\\\/redkarawana.com\\\/#website\",\"url\":\"https:\\\/\\\/redkarawana.com\\\/\",\"name\":\"Red Karawana\",\"description\":\"\",\"publisher\":{\"@id\":\"https:\\\/\\\/redkarawana.com\\\/#organization\"},\"potentialAction\":[{\"@type\":\"SearchAction\",\"target\":{\"@type\":\"EntryPoint\",\"urlTemplate\":\"https:\\\/\\\/redkarawana.com\\\/?s={search_term_string}\"},\"query-input\":{\"@type\":\"PropertyValueSpecification\",\"valueRequired\":true,\"valueName\":\"search_term_string\"}}],\"inLanguage\":\"fr-FR\"},{\"@type\":\"Organization\",\"@id\":\"https:\\\/\\\/redkarawana.com\\\/#organization\",\"name\":\"Red Karawana\",\"url\":\"https:\\\/\\\/redkarawana.com\\\/\",\"logo\":{\"@type\":\"ImageObject\",\"inLanguage\":\"fr-FR\",\"@id\":\"https:\\\/\\\/redkarawana.com\\\/#\\\/schema\\\/logo\\\/image\\\/\",\"url\":\"https:\\\/\\\/redkarawana.com\\\/wp-content\\\/uploads\\\/2025\\\/05\\\/cropped-Screenshot-2025-05-29-at-09.27.38.png\",\"contentUrl\":\"https:\\\/\\\/redkarawana.com\\\/wp-content\\\/uploads\\\/2025\\\/05\\\/cropped-Screenshot-2025-05-29-at-09.27.38.png\",\"width\":512,\"height\":512,\"caption\":\"Red Karawana\"},\"image\":{\"@id\":\"https:\\\/\\\/redkarawana.com\\\/#\\\/schema\\\/logo\\\/image\\\/\"},\"sameAs\":[\"https:\\\/\\\/www.facebook.com\\\/redkarawana\\\/\",\"https:\\\/\\\/www.instagram.com\\\/redkarawana\\\/\",\"https:\\\/\\\/www.youtube.com\\\/channel\\\/UCU9jXzSmyKm4ZZv38FEXGKg\",\"https:\\\/\\\/www.pinterest.com\\\/redkarawana\\\/\"]}]}<\/script>\n<!-- \/ Yoast SEO plugin. -->","yoast_head_json":{"title":"Ornement de la Nativit\u00e9, Pologne - D\u00e9coratif - Red Karawana","description":"Notre Ornement de la Nativit\u00e9, peinte \u00e0 la main par des artistes polonais, est une d\u00e9coration de No\u00ebl unique et une belle \u0153uvre d'art.","robots":{"index":"index","follow":"follow","max-snippet":"max-snippet:-1","max-image-preview":"max-image-preview:large","max-video-preview":"max-video-preview:-1"},"canonical":"https:\/\/redkarawana.com\/fr\/artisan\/ornement-nativite-pologne\/","og_locale":"fr_FR","og_type":"article","og_title":"Ornement de la Nativit\u00e9, Pologne - D\u00e9coratif - Red Karawana","og_description":"Notre Ornement de la Nativit\u00e9, peinte \u00e0 la main par des artistes polonais, est une d\u00e9coration de No\u00ebl unique et une belle \u0153uvre d'art.","og_url":"https:\/\/redkarawana.com\/fr\/artisan\/ornement-nativite-pologne\/","og_site_name":"Red Karawana","article_publisher":"https:\/\/www.facebook.com\/redkarawana\/","article_modified_time":"2025-12-06T07:55:01+00:00","og_image":[{"width":1200,"height":630,"url":"https:\/\/redkarawana.com\/wp-content\/uploads\/2025\/06\/1-AF1200x630-Poland-Nativity-Ornament.jpg","type":"image\/jpeg"}],"twitter_card":"summary_large_image","twitter_misc":{"Dur\u00e9e de lecture estim\u00e9e":"1 minute"},"schema":{"@context":"https:\/\/schema.org","@graph":[{"@type":"WebPage","@id":"https:\/\/redkarawana.com\/fr\/artisan\/ornement-nativite-pologne\/","url":"https:\/\/redkarawana.com\/fr\/artisan\/ornement-nativite-pologne\/","name":"Ornement de la Nativit\u00e9, Pologne - D\u00e9coratif - Red Karawana","isPartOf":{"@id":"https:\/\/redkarawana.com\/#website"},"primaryImageOfPage":{"@id":"https:\/\/redkarawana.com\/fr\/artisan\/ornement-nativite-pologne\/#primaryimage"},"image":{"@id":"https:\/\/redkarawana.com\/fr\/artisan\/ornement-nativite-pologne\/#primaryimage"},"thumbnailUrl":"https:\/\/redkarawana.com\/wp-content\/uploads\/2025\/06\/1-AP-Feature-Poland-Nativity-Ornament.jpg","datePublished":"2025-11-30T04:10:04+00:00","dateModified":"2025-12-06T07:55:01+00:00","description":"Notre Ornement de la Nativit\u00e9, peinte \u00e0 la main par des artistes polonais, est une d\u00e9coration de No\u00ebl unique et une belle \u0153uvre d'art.","breadcrumb":{"@id":"https:\/\/redkarawana.com\/fr\/artisan\/ornement-nativite-pologne\/#breadcrumb"},"inLanguage":"fr-FR","potentialAction":[{"@type":"ReadAction","target":["https:\/\/redkarawana.com\/fr\/artisan\/ornement-nativite-pologne\/"]}]},{"@type":"ImageObject","inLanguage":"fr-FR","@id":"https:\/\/redkarawana.com\/fr\/artisan\/ornement-nativite-pologne\/#primaryimage","url":"https:\/\/redkarawana.com\/wp-content\/uploads\/2025\/06\/1-AP-Feature-Poland-Nativity-Ornament.jpg","contentUrl":"https:\/\/redkarawana.com\/wp-content\/uploads\/2025\/06\/1-AP-Feature-Poland-Nativity-Ornament.jpg","width":680,"height":453,"caption":"Pologne, Ornement de la Nativit\u00e9"},{"@type":"BreadcrumbList","@id":"https:\/\/redkarawana.com\/fr\/artisan\/ornement-nativite-pologne\/#breadcrumb","itemListElement":[{"@type":"ListItem","position":1,"name":"Home","item":"https:\/\/redkarawana.com\/fr\/"},{"@type":"ListItem","position":2,"name":"Artisans","item":"https:\/\/redkarawana.com\/fr\/artisans\/"},{"@type":"ListItem","position":3,"name":"Ornement de la Nativit\u00e9, Pologne ; D\u00e9coration de No\u00ebl en Verre"}]},{"@type":"WebSite","@id":"https:\/\/redkarawana.com\/#website","url":"https:\/\/redkarawana.com\/","name":"Red Karawana","description":"","publisher":{"@id":"https:\/\/redkarawana.com\/#organization"},"potentialAction":[{"@type":"SearchAction","target":{"@type":"EntryPoint","urlTemplate":"https:\/\/redkarawana.com\/?s={search_term_string}"},"query-input":{"@type":"PropertyValueSpecification","valueRequired":true,"valueName":"search_term_string"}}],"inLanguage":"fr-FR"},{"@type":"Organization","@id":"https:\/\/redkarawana.com\/#organization","name":"Red Karawana","url":"https:\/\/redkarawana.com\/","logo":{"@type":"ImageObject","inLanguage":"fr-FR","@id":"https:\/\/redkarawana.com\/#\/schema\/logo\/image\/","url":"https:\/\/redkarawana.com\/wp-content\/uploads\/2025\/05\/cropped-Screenshot-2025-05-29-at-09.27.38.png","contentUrl":"https:\/\/redkarawana.com\/wp-content\/uploads\/2025\/05\/cropped-Screenshot-2025-05-29-at-09.27.38.png","width":512,"height":512,"caption":"Red Karawana"},"image":{"@id":"https:\/\/redkarawana.com\/#\/schema\/logo\/image\/"},"sameAs":["https:\/\/www.facebook.com\/redkarawana\/","https:\/\/www.instagram.com\/redkarawana\/","https:\/\/www.youtube.com\/channel\/UCU9jXzSmyKm4ZZv38FEXGKg","https:\/\/www.pinterest.com\/redkarawana\/"]}]}},"_links":{"self":[{"href":"https:\/\/redkarawana.com\/fr\/wp-json\/wp\/v2\/product\/10200","targetHints":{"allow":["GET"]}}],"collection":[{"href":"https:\/\/redkarawana.com\/fr\/wp-json\/wp\/v2\/product"}],"about":[{"href":"https:\/\/redkarawana.com\/fr\/wp-json\/wp\/v2\/types\/product"}],"wp:featuredmedia":[{"embeddable":true,"href":"https:\/\/redkarawana.com\/fr\/wp-json\/wp\/v2\/media\/10144"}],"wp:attachment":[{"href":"https:\/\/redkarawana.com\/fr\/wp-json\/wp\/v2\/media?parent=10200"}],"wp:term":[{"taxonomy":"product_brand","embeddable":true,"href":"https:\/\/redkarawana.com\/fr\/wp-json\/wp\/v2\/product_brand?post=10200"},{"taxonomy":"product_cat","embeddable":true,"href":"https:\/\/redkarawana.com\/fr\/wp-json\/wp\/v2\/product_cat?post=10200"},{"taxonomy":"product_tag","embeddable":true,"href":"https:\/\/redkarawana.com\/fr\/wp-json\/wp\/v2\/product_tag?post=10200"}],"curies":[{"name":"wp","href":"https:\/\/api.w.org\/{rel}","templated":true}]}}