{"id":10204,"date":"2025-11-30T04:20:05","date_gmt":"2025-11-30T04:20:05","guid":{"rendered":"https:\/\/redkarawana.com\/?post_type=product&#038;p=10204"},"modified":"2025-10-10T06:25:09","modified_gmt":"2025-10-10T06:25:09","slug":"tapis-persan-marron-iran","status":"publish","type":"product","link":"https:\/\/redkarawana.com\/fr\/artisan\/tapis-persan-marron-iran\/","title":{"rendered":"Tapis Persan Marron, Iran ; Element de D\u00e9cor \u00c9l\u00e9gant et Fabriqu\u00e9 Machine"},"content":{"rendered":"<p>Les tapis persans sont fabriqu\u00e9s avec des mat\u00e9riaux de plus haute qualit\u00e9, selon des m\u00e9thodes de tissage \u00e0 la main et des techniques de fabrication modernes. Une large s\u00e9lection de tapis pr\u00e9sente des motifs classiques et des styles contemporains. Les tapis persans sont des objets de d\u00e9coration polyvalents qui peuvent \u00eatre pos\u00e9s sur le sol ou accroch\u00e9s au mur. Les tapis persans sont r\u00e9put\u00e9s pour leur qualit\u00e9, leur chaleur et leur beaut\u00e9. Ce tapis persan marron est fabriqu\u00e9 machine et pr\u00e9sente des motifs complexes aux couleurs marron, bleu, jaune et cr\u00e8me. Mesures : tapis persan marron (longueur 47 \u00bd pouces, largeur 31 pouces).<\/p>\n","protected":false},"excerpt":{"rendered":"<p>Les tapis persans sont fabriqu\u00e9s avec des mat\u00e9riaux de plus haute qualit\u00e9, selon des m\u00e9thodes de tissage \u00e0 la main et des techniques de fabrication modernes. Une large s\u00e9lection de tapis pr\u00e9sente des motifs classiques et des styles contemporains. Les tapis persans sont des objets de d\u00e9coration polyvalents qui peuvent \u00eatre pos\u00e9s sur le sol [&hellip;]<\/p>\n","protected":false},"featured_media":10164,"template":"","meta":{"_acf_changed":false},"product_brand":[],"product_cat":[49],"product_tag":[],"class_list":{"0":"post-10204","1":"product","2":"type-product","3":"status-publish","4":"has-post-thumbnail","6":"product_cat-decoratif","8":"first","9":"instock","10":"taxable","11":"shipping-taxable","12":"purchasable","13":"product-type-simple"},"acf":[],"yoast_head":"<!-- This site is optimized with the Yoast SEO plugin v27.3 - https:\/\/yoast.com\/product\/yoast-seo-wordpress\/ -->\n<title>Tapis Persan Marron, Iran - D\u00e9coratif - Red Karawana<\/title>\n<meta name=\"description\" content=\"Ce tapis persan marron est fabriqu\u00e9 machine et pr\u00e9sente des motifs complexes aux couleurs marron, bleu, jaune et cr\u00e8me.\" \/>\n<meta name=\"robots\" content=\"index, follow, max-snippet:-1, max-image-preview:large, max-video-preview:-1\" \/>\n<link rel=\"canonical\" href=\"https:\/\/redkarawana.com\/fr\/artisan\/tapis-persan-marron-iran\/\" \/>\n<meta property=\"og:locale\" content=\"fr_FR\" \/>\n<meta property=\"og:type\" content=\"article\" \/>\n<meta property=\"og:title\" content=\"Tapis Persan Marron, Iran - D\u00e9coratif - Red Karawana\" \/>\n<meta property=\"og:description\" content=\"Ce tapis persan marron est fabriqu\u00e9 machine et pr\u00e9sente des motifs complexes aux couleurs marron, bleu, jaune et cr\u00e8me.\" \/>\n<meta property=\"og:url\" content=\"https:\/\/redkarawana.com\/fr\/artisan\/tapis-persan-marron-iran\/\" \/>\n<meta property=\"og:site_name\" content=\"Red Karawana\" \/>\n<meta property=\"article:publisher\" content=\"https:\/\/www.facebook.com\/redkarawana\/\" \/>\n<meta property=\"og:image\" content=\"https:\/\/redkarawana.com\/wp-content\/uploads\/2025\/06\/1-AF1200x630-Iran-Brown-Persian-Rug.jpg\" \/>\n\t<meta property=\"og:image:width\" content=\"1200\" \/>\n\t<meta property=\"og:image:height\" content=\"630\" \/>\n\t<meta property=\"og:image:type\" content=\"image\/jpeg\" \/>\n<meta name=\"twitter:card\" content=\"summary_large_image\" \/>\n<meta name=\"twitter:label1\" content=\"Dur\u00e9e de lecture estim\u00e9e\" \/>\n\t<meta name=\"twitter:data1\" content=\"1 minute\" \/>\n<script type=\"application\/ld+json\" class=\"yoast-schema-graph\">{\"@context\":\"https:\\\/\\\/schema.org\",\"@graph\":[{\"@type\":\"WebPage\",\"@id\":\"https:\\\/\\\/redkarawana.com\\\/fr\\\/artisan\\\/tapis-persan-marron-iran\\\/\",\"url\":\"https:\\\/\\\/redkarawana.com\\\/fr\\\/artisan\\\/tapis-persan-marron-iran\\\/\",\"name\":\"Tapis Persan Marron, Iran - D\u00e9coratif - Red Karawana\",\"isPartOf\":{\"@id\":\"https:\\\/\\\/redkarawana.com\\\/#website\"},\"primaryImageOfPage\":{\"@id\":\"https:\\\/\\\/redkarawana.com\\\/fr\\\/artisan\\\/tapis-persan-marron-iran\\\/#primaryimage\"},\"image\":{\"@id\":\"https:\\\/\\\/redkarawana.com\\\/fr\\\/artisan\\\/tapis-persan-marron-iran\\\/#primaryimage\"},\"thumbnailUrl\":\"https:\\\/\\\/redkarawana.com\\\/wp-content\\\/uploads\\\/2025\\\/06\\\/1-AP-Feature-Iran-Brown-Persian-Rug.jpg\",\"datePublished\":\"2025-11-30T04:20:05+00:00\",\"description\":\"Ce tapis persan marron est fabriqu\u00e9 machine et pr\u00e9sente des motifs complexes aux couleurs marron, bleu, jaune et cr\u00e8me.\",\"breadcrumb\":{\"@id\":\"https:\\\/\\\/redkarawana.com\\\/fr\\\/artisan\\\/tapis-persan-marron-iran\\\/#breadcrumb\"},\"inLanguage\":\"fr-FR\",\"potentialAction\":[{\"@type\":\"ReadAction\",\"target\":[\"https:\\\/\\\/redkarawana.com\\\/fr\\\/artisan\\\/tapis-persan-marron-iran\\\/\"]}]},{\"@type\":\"ImageObject\",\"inLanguage\":\"fr-FR\",\"@id\":\"https:\\\/\\\/redkarawana.com\\\/fr\\\/artisan\\\/tapis-persan-marron-iran\\\/#primaryimage\",\"url\":\"https:\\\/\\\/redkarawana.com\\\/wp-content\\\/uploads\\\/2025\\\/06\\\/1-AP-Feature-Iran-Brown-Persian-Rug.jpg\",\"contentUrl\":\"https:\\\/\\\/redkarawana.com\\\/wp-content\\\/uploads\\\/2025\\\/06\\\/1-AP-Feature-Iran-Brown-Persian-Rug.jpg\",\"width\":680,\"height\":453,\"caption\":\"Iran, Tapis Persan Marron\"},{\"@type\":\"BreadcrumbList\",\"@id\":\"https:\\\/\\\/redkarawana.com\\\/fr\\\/artisan\\\/tapis-persan-marron-iran\\\/#breadcrumb\",\"itemListElement\":[{\"@type\":\"ListItem\",\"position\":1,\"name\":\"Home\",\"item\":\"https:\\\/\\\/redkarawana.com\\\/fr\\\/\"},{\"@type\":\"ListItem\",\"position\":2,\"name\":\"Artisans\",\"item\":\"https:\\\/\\\/redkarawana.com\\\/fr\\\/artisans\\\/\"},{\"@type\":\"ListItem\",\"position\":3,\"name\":\"Tapis Persan Marron, Iran ; Element de D\u00e9cor \u00c9l\u00e9gant et Fabriqu\u00e9 Machine\"}]},{\"@type\":\"WebSite\",\"@id\":\"https:\\\/\\\/redkarawana.com\\\/#website\",\"url\":\"https:\\\/\\\/redkarawana.com\\\/\",\"name\":\"Red Karawana\",\"description\":\"\",\"publisher\":{\"@id\":\"https:\\\/\\\/redkarawana.com\\\/#organization\"},\"potentialAction\":[{\"@type\":\"SearchAction\",\"target\":{\"@type\":\"EntryPoint\",\"urlTemplate\":\"https:\\\/\\\/redkarawana.com\\\/?s={search_term_string}\"},\"query-input\":{\"@type\":\"PropertyValueSpecification\",\"valueRequired\":true,\"valueName\":\"search_term_string\"}}],\"inLanguage\":\"fr-FR\"},{\"@type\":\"Organization\",\"@id\":\"https:\\\/\\\/redkarawana.com\\\/#organization\",\"name\":\"Red Karawana\",\"url\":\"https:\\\/\\\/redkarawana.com\\\/\",\"logo\":{\"@type\":\"ImageObject\",\"inLanguage\":\"fr-FR\",\"@id\":\"https:\\\/\\\/redkarawana.com\\\/#\\\/schema\\\/logo\\\/image\\\/\",\"url\":\"https:\\\/\\\/redkarawana.com\\\/wp-content\\\/uploads\\\/2025\\\/05\\\/cropped-Screenshot-2025-05-29-at-09.27.38.png\",\"contentUrl\":\"https:\\\/\\\/redkarawana.com\\\/wp-content\\\/uploads\\\/2025\\\/05\\\/cropped-Screenshot-2025-05-29-at-09.27.38.png\",\"width\":512,\"height\":512,\"caption\":\"Red Karawana\"},\"image\":{\"@id\":\"https:\\\/\\\/redkarawana.com\\\/#\\\/schema\\\/logo\\\/image\\\/\"},\"sameAs\":[\"https:\\\/\\\/www.facebook.com\\\/redkarawana\\\/\",\"https:\\\/\\\/www.instagram.com\\\/redkarawana\\\/\",\"https:\\\/\\\/www.youtube.com\\\/channel\\\/UCU9jXzSmyKm4ZZv38FEXGKg\",\"https:\\\/\\\/www.pinterest.com\\\/redkarawana\\\/\"]}]}<\/script>\n<!-- \/ Yoast SEO plugin. -->","yoast_head_json":{"title":"Tapis Persan Marron, Iran - D\u00e9coratif - Red Karawana","description":"Ce tapis persan marron est fabriqu\u00e9 machine et pr\u00e9sente des motifs complexes aux couleurs marron, bleu, jaune et cr\u00e8me.","robots":{"index":"index","follow":"follow","max-snippet":"max-snippet:-1","max-image-preview":"max-image-preview:large","max-video-preview":"max-video-preview:-1"},"canonical":"https:\/\/redkarawana.com\/fr\/artisan\/tapis-persan-marron-iran\/","og_locale":"fr_FR","og_type":"article","og_title":"Tapis Persan Marron, Iran - D\u00e9coratif - Red Karawana","og_description":"Ce tapis persan marron est fabriqu\u00e9 machine et pr\u00e9sente des motifs complexes aux couleurs marron, bleu, jaune et cr\u00e8me.","og_url":"https:\/\/redkarawana.com\/fr\/artisan\/tapis-persan-marron-iran\/","og_site_name":"Red Karawana","article_publisher":"https:\/\/www.facebook.com\/redkarawana\/","og_image":[{"width":1200,"height":630,"url":"https:\/\/redkarawana.com\/wp-content\/uploads\/2025\/06\/1-AF1200x630-Iran-Brown-Persian-Rug.jpg","type":"image\/jpeg"}],"twitter_card":"summary_large_image","twitter_misc":{"Dur\u00e9e de lecture estim\u00e9e":"1 minute"},"schema":{"@context":"https:\/\/schema.org","@graph":[{"@type":"WebPage","@id":"https:\/\/redkarawana.com\/fr\/artisan\/tapis-persan-marron-iran\/","url":"https:\/\/redkarawana.com\/fr\/artisan\/tapis-persan-marron-iran\/","name":"Tapis Persan Marron, Iran - D\u00e9coratif - Red Karawana","isPartOf":{"@id":"https:\/\/redkarawana.com\/#website"},"primaryImageOfPage":{"@id":"https:\/\/redkarawana.com\/fr\/artisan\/tapis-persan-marron-iran\/#primaryimage"},"image":{"@id":"https:\/\/redkarawana.com\/fr\/artisan\/tapis-persan-marron-iran\/#primaryimage"},"thumbnailUrl":"https:\/\/redkarawana.com\/wp-content\/uploads\/2025\/06\/1-AP-Feature-Iran-Brown-Persian-Rug.jpg","datePublished":"2025-11-30T04:20:05+00:00","description":"Ce tapis persan marron est fabriqu\u00e9 machine et pr\u00e9sente des motifs complexes aux couleurs marron, bleu, jaune et cr\u00e8me.","breadcrumb":{"@id":"https:\/\/redkarawana.com\/fr\/artisan\/tapis-persan-marron-iran\/#breadcrumb"},"inLanguage":"fr-FR","potentialAction":[{"@type":"ReadAction","target":["https:\/\/redkarawana.com\/fr\/artisan\/tapis-persan-marron-iran\/"]}]},{"@type":"ImageObject","inLanguage":"fr-FR","@id":"https:\/\/redkarawana.com\/fr\/artisan\/tapis-persan-marron-iran\/#primaryimage","url":"https:\/\/redkarawana.com\/wp-content\/uploads\/2025\/06\/1-AP-Feature-Iran-Brown-Persian-Rug.jpg","contentUrl":"https:\/\/redkarawana.com\/wp-content\/uploads\/2025\/06\/1-AP-Feature-Iran-Brown-Persian-Rug.jpg","width":680,"height":453,"caption":"Iran, Tapis Persan Marron"},{"@type":"BreadcrumbList","@id":"https:\/\/redkarawana.com\/fr\/artisan\/tapis-persan-marron-iran\/#breadcrumb","itemListElement":[{"@type":"ListItem","position":1,"name":"Home","item":"https:\/\/redkarawana.com\/fr\/"},{"@type":"ListItem","position":2,"name":"Artisans","item":"https:\/\/redkarawana.com\/fr\/artisans\/"},{"@type":"ListItem","position":3,"name":"Tapis Persan Marron, Iran ; Element de D\u00e9cor \u00c9l\u00e9gant et Fabriqu\u00e9 Machine"}]},{"@type":"WebSite","@id":"https:\/\/redkarawana.com\/#website","url":"https:\/\/redkarawana.com\/","name":"Red Karawana","description":"","publisher":{"@id":"https:\/\/redkarawana.com\/#organization"},"potentialAction":[{"@type":"SearchAction","target":{"@type":"EntryPoint","urlTemplate":"https:\/\/redkarawana.com\/?s={search_term_string}"},"query-input":{"@type":"PropertyValueSpecification","valueRequired":true,"valueName":"search_term_string"}}],"inLanguage":"fr-FR"},{"@type":"Organization","@id":"https:\/\/redkarawana.com\/#organization","name":"Red Karawana","url":"https:\/\/redkarawana.com\/","logo":{"@type":"ImageObject","inLanguage":"fr-FR","@id":"https:\/\/redkarawana.com\/#\/schema\/logo\/image\/","url":"https:\/\/redkarawana.com\/wp-content\/uploads\/2025\/05\/cropped-Screenshot-2025-05-29-at-09.27.38.png","contentUrl":"https:\/\/redkarawana.com\/wp-content\/uploads\/2025\/05\/cropped-Screenshot-2025-05-29-at-09.27.38.png","width":512,"height":512,"caption":"Red Karawana"},"image":{"@id":"https:\/\/redkarawana.com\/#\/schema\/logo\/image\/"},"sameAs":["https:\/\/www.facebook.com\/redkarawana\/","https:\/\/www.instagram.com\/redkarawana\/","https:\/\/www.youtube.com\/channel\/UCU9jXzSmyKm4ZZv38FEXGKg","https:\/\/www.pinterest.com\/redkarawana\/"]}]}},"_links":{"self":[{"href":"https:\/\/redkarawana.com\/fr\/wp-json\/wp\/v2\/product\/10204","targetHints":{"allow":["GET"]}}],"collection":[{"href":"https:\/\/redkarawana.com\/fr\/wp-json\/wp\/v2\/product"}],"about":[{"href":"https:\/\/redkarawana.com\/fr\/wp-json\/wp\/v2\/types\/product"}],"wp:featuredmedia":[{"embeddable":true,"href":"https:\/\/redkarawana.com\/fr\/wp-json\/wp\/v2\/media\/10164"}],"wp:attachment":[{"href":"https:\/\/redkarawana.com\/fr\/wp-json\/wp\/v2\/media?parent=10204"}],"wp:term":[{"taxonomy":"product_brand","embeddable":true,"href":"https:\/\/redkarawana.com\/fr\/wp-json\/wp\/v2\/product_brand?post=10204"},{"taxonomy":"product_cat","embeddable":true,"href":"https:\/\/redkarawana.com\/fr\/wp-json\/wp\/v2\/product_cat?post=10204"},{"taxonomy":"product_tag","embeddable":true,"href":"https:\/\/redkarawana.com\/fr\/wp-json\/wp\/v2\/product_tag?post=10204"}],"curies":[{"name":"wp","href":"https:\/\/api.w.org\/{rel}","templated":true}]}}