{"id":11016,"date":"2025-11-30T05:40:55","date_gmt":"2025-11-30T05:40:55","guid":{"rendered":"https:\/\/redkarawana.com\/?post_type=product&#038;p=11016"},"modified":"2025-12-06T07:14:22","modified_gmt":"2025-12-06T07:14:22","slug":"ornements-glands-chene-pologne","status":"publish","type":"product","link":"https:\/\/redkarawana.com\/fr\/artisan\/ornements-glands-chene-pologne\/","title":{"rendered":"Ornements de Glands de Ch\u00eane, Pologne; D\u00e9corations de No\u00ebl"},"content":{"rendered":"<p>Les ateliers artisanaux en Pologne produisent des ornements en verre de haute qualit\u00e9, imaginatifs et exquis. Les ornements polonais en verre souffl\u00e9 sont magistralement d\u00e9cor\u00e9s avec des motifs complexes, des couleurs vives et des accents lumineux. L\u2019ensemble des d\u00e9corations refl\u00e8te des traditions de No\u00ebl, des l\u00e9gendes fascinantes et des motifs originaux. Les ornements en verre apportent une touche de beaut\u00e9 et de mystique \u00e0 tout d\u00e9cor d&rsquo;int\u00e9rieur. Ici, nos ornements de glands de ch\u00eane sont d&rsquo;\u00e9l\u00e9gants d\u00e9corations de No\u00ebl, souffl\u00e9es \u00e0 la bouche et peintes main en Pologne. Ensemble : 4 ornements de glands de ch\u00eane (hauteur 3 pouces, largeur 2 \u00bc pouces).<\/p>\n","protected":false},"excerpt":{"rendered":"<p>Les ateliers artisanaux en Pologne produisent des ornements en verre de haute qualit\u00e9, imaginatifs et exquis. Les ornements polonais en verre souffl\u00e9 sont magistralement d\u00e9cor\u00e9s avec des motifs complexes, des couleurs vives et des accents lumineux. L\u2019ensemble des d\u00e9corations refl\u00e8te des traditions de No\u00ebl, des l\u00e9gendes fascinantes et des motifs originaux. Les ornements en verre [&hellip;]<\/p>\n","protected":false},"featured_media":11000,"template":"","meta":{"_acf_changed":false},"product_brand":[],"product_cat":[49],"product_tag":[],"class_list":{"0":"post-11016","1":"product","2":"type-product","3":"status-publish","4":"has-post-thumbnail","6":"product_cat-decoratif","8":"first","9":"instock","10":"taxable","11":"shipping-taxable","12":"purchasable","13":"product-type-simple"},"acf":[],"yoast_head":"<!-- This site is optimized with the Yoast SEO plugin v27.3 - https:\/\/yoast.com\/product\/yoast-seo-wordpress\/ -->\n<title>Ornements de Glands de Ch\u00eane, Pologne - D\u00e9coratif - Red Karawana<\/title>\n<meta name=\"description\" content=\"Nos ornements de Glands de Ch\u00eane sont d&#039;\u00e9l\u00e9gantes d\u00e9corations de No\u00ebl, souffl\u00e9es \u00e0 la bouche et peintes main en Pologne.\" \/>\n<meta name=\"robots\" content=\"index, follow, max-snippet:-1, max-image-preview:large, max-video-preview:-1\" \/>\n<link rel=\"canonical\" href=\"https:\/\/redkarawana.com\/fr\/artisan\/ornements-glands-chene-pologne\/\" \/>\n<meta property=\"og:locale\" content=\"fr_FR\" \/>\n<meta property=\"og:type\" content=\"article\" \/>\n<meta property=\"og:title\" content=\"Ornements de Glands de Ch\u00eane, Pologne - D\u00e9coratif - Red Karawana\" \/>\n<meta property=\"og:description\" content=\"Nos ornements de Glands de Ch\u00eane sont d&#039;\u00e9l\u00e9gantes d\u00e9corations de No\u00ebl, souffl\u00e9es \u00e0 la bouche et peintes main en Pologne.\" \/>\n<meta property=\"og:url\" content=\"https:\/\/redkarawana.com\/fr\/artisan\/ornements-glands-chene-pologne\/\" \/>\n<meta property=\"og:site_name\" content=\"Red Karawana\" \/>\n<meta property=\"article:publisher\" content=\"https:\/\/www.facebook.com\/redkarawana\/\" \/>\n<meta property=\"article:modified_time\" content=\"2025-12-06T07:14:22+00:00\" \/>\n<meta property=\"og:image\" content=\"https:\/\/redkarawana.com\/wp-content\/uploads\/2025\/07\/1-AF-Poland-Acorn-Ornaments.jpg\" \/>\n\t<meta property=\"og:image:width\" content=\"1200\" \/>\n\t<meta property=\"og:image:height\" content=\"630\" \/>\n\t<meta property=\"og:image:type\" content=\"image\/jpeg\" \/>\n<meta name=\"twitter:card\" content=\"summary_large_image\" \/>\n<meta name=\"twitter:label1\" content=\"Dur\u00e9e de lecture estim\u00e9e\" \/>\n\t<meta name=\"twitter:data1\" content=\"1 minute\" \/>\n<script type=\"application\/ld+json\" class=\"yoast-schema-graph\">{\"@context\":\"https:\\\/\\\/schema.org\",\"@graph\":[{\"@type\":\"WebPage\",\"@id\":\"https:\\\/\\\/redkarawana.com\\\/fr\\\/artisan\\\/ornements-glands-chene-pologne\\\/\",\"url\":\"https:\\\/\\\/redkarawana.com\\\/fr\\\/artisan\\\/ornements-glands-chene-pologne\\\/\",\"name\":\"Ornements de Glands de Ch\u00eane, Pologne - D\u00e9coratif - Red Karawana\",\"isPartOf\":{\"@id\":\"https:\\\/\\\/redkarawana.com\\\/#website\"},\"primaryImageOfPage\":{\"@id\":\"https:\\\/\\\/redkarawana.com\\\/fr\\\/artisan\\\/ornements-glands-chene-pologne\\\/#primaryimage\"},\"image\":{\"@id\":\"https:\\\/\\\/redkarawana.com\\\/fr\\\/artisan\\\/ornements-glands-chene-pologne\\\/#primaryimage\"},\"thumbnailUrl\":\"https:\\\/\\\/redkarawana.com\\\/wp-content\\\/uploads\\\/2025\\\/07\\\/1-Feature-Poland-Acorn-Ornaments.jpg\",\"datePublished\":\"2025-11-30T05:40:55+00:00\",\"dateModified\":\"2025-12-06T07:14:22+00:00\",\"description\":\"Nos ornements de Glands de Ch\u00eane sont d'\u00e9l\u00e9gantes d\u00e9corations de No\u00ebl, souffl\u00e9es \u00e0 la bouche et peintes main en Pologne.\",\"breadcrumb\":{\"@id\":\"https:\\\/\\\/redkarawana.com\\\/fr\\\/artisan\\\/ornements-glands-chene-pologne\\\/#breadcrumb\"},\"inLanguage\":\"fr-FR\",\"potentialAction\":[{\"@type\":\"ReadAction\",\"target\":[\"https:\\\/\\\/redkarawana.com\\\/fr\\\/artisan\\\/ornements-glands-chene-pologne\\\/\"]}]},{\"@type\":\"ImageObject\",\"inLanguage\":\"fr-FR\",\"@id\":\"https:\\\/\\\/redkarawana.com\\\/fr\\\/artisan\\\/ornements-glands-chene-pologne\\\/#primaryimage\",\"url\":\"https:\\\/\\\/redkarawana.com\\\/wp-content\\\/uploads\\\/2025\\\/07\\\/1-Feature-Poland-Acorn-Ornaments.jpg\",\"contentUrl\":\"https:\\\/\\\/redkarawana.com\\\/wp-content\\\/uploads\\\/2025\\\/07\\\/1-Feature-Poland-Acorn-Ornaments.jpg\",\"width\":680,\"height\":453,\"caption\":\"Pologne, Ornements de Glands de Ch\u00eane\"},{\"@type\":\"BreadcrumbList\",\"@id\":\"https:\\\/\\\/redkarawana.com\\\/fr\\\/artisan\\\/ornements-glands-chene-pologne\\\/#breadcrumb\",\"itemListElement\":[{\"@type\":\"ListItem\",\"position\":1,\"name\":\"Home\",\"item\":\"https:\\\/\\\/redkarawana.com\\\/fr\\\/\"},{\"@type\":\"ListItem\",\"position\":2,\"name\":\"Artisans\",\"item\":\"https:\\\/\\\/redkarawana.com\\\/fr\\\/artisans\\\/\"},{\"@type\":\"ListItem\",\"position\":3,\"name\":\"Ornements de Glands de Ch\u00eane, Pologne; D\u00e9corations de No\u00ebl\"}]},{\"@type\":\"WebSite\",\"@id\":\"https:\\\/\\\/redkarawana.com\\\/#website\",\"url\":\"https:\\\/\\\/redkarawana.com\\\/\",\"name\":\"Red Karawana\",\"description\":\"\",\"publisher\":{\"@id\":\"https:\\\/\\\/redkarawana.com\\\/#organization\"},\"potentialAction\":[{\"@type\":\"SearchAction\",\"target\":{\"@type\":\"EntryPoint\",\"urlTemplate\":\"https:\\\/\\\/redkarawana.com\\\/?s={search_term_string}\"},\"query-input\":{\"@type\":\"PropertyValueSpecification\",\"valueRequired\":true,\"valueName\":\"search_term_string\"}}],\"inLanguage\":\"fr-FR\"},{\"@type\":\"Organization\",\"@id\":\"https:\\\/\\\/redkarawana.com\\\/#organization\",\"name\":\"Red Karawana\",\"url\":\"https:\\\/\\\/redkarawana.com\\\/\",\"logo\":{\"@type\":\"ImageObject\",\"inLanguage\":\"fr-FR\",\"@id\":\"https:\\\/\\\/redkarawana.com\\\/#\\\/schema\\\/logo\\\/image\\\/\",\"url\":\"https:\\\/\\\/redkarawana.com\\\/wp-content\\\/uploads\\\/2025\\\/05\\\/cropped-Screenshot-2025-05-29-at-09.27.38.png\",\"contentUrl\":\"https:\\\/\\\/redkarawana.com\\\/wp-content\\\/uploads\\\/2025\\\/05\\\/cropped-Screenshot-2025-05-29-at-09.27.38.png\",\"width\":512,\"height\":512,\"caption\":\"Red Karawana\"},\"image\":{\"@id\":\"https:\\\/\\\/redkarawana.com\\\/#\\\/schema\\\/logo\\\/image\\\/\"},\"sameAs\":[\"https:\\\/\\\/www.facebook.com\\\/redkarawana\\\/\",\"https:\\\/\\\/www.instagram.com\\\/redkarawana\\\/\",\"https:\\\/\\\/www.youtube.com\\\/channel\\\/UCU9jXzSmyKm4ZZv38FEXGKg\",\"https:\\\/\\\/www.pinterest.com\\\/redkarawana\\\/\"]}]}<\/script>\n<!-- \/ Yoast SEO plugin. -->","yoast_head_json":{"title":"Ornements de Glands de Ch\u00eane, Pologne - D\u00e9coratif - Red Karawana","description":"Nos ornements de Glands de Ch\u00eane sont d'\u00e9l\u00e9gantes d\u00e9corations de No\u00ebl, souffl\u00e9es \u00e0 la bouche et peintes main en Pologne.","robots":{"index":"index","follow":"follow","max-snippet":"max-snippet:-1","max-image-preview":"max-image-preview:large","max-video-preview":"max-video-preview:-1"},"canonical":"https:\/\/redkarawana.com\/fr\/artisan\/ornements-glands-chene-pologne\/","og_locale":"fr_FR","og_type":"article","og_title":"Ornements de Glands de Ch\u00eane, Pologne - D\u00e9coratif - Red Karawana","og_description":"Nos ornements de Glands de Ch\u00eane sont d'\u00e9l\u00e9gantes d\u00e9corations de No\u00ebl, souffl\u00e9es \u00e0 la bouche et peintes main en Pologne.","og_url":"https:\/\/redkarawana.com\/fr\/artisan\/ornements-glands-chene-pologne\/","og_site_name":"Red Karawana","article_publisher":"https:\/\/www.facebook.com\/redkarawana\/","article_modified_time":"2025-12-06T07:14:22+00:00","og_image":[{"width":1200,"height":630,"url":"https:\/\/redkarawana.com\/wp-content\/uploads\/2025\/07\/1-AF-Poland-Acorn-Ornaments.jpg","type":"image\/jpeg"}],"twitter_card":"summary_large_image","twitter_misc":{"Dur\u00e9e de lecture estim\u00e9e":"1 minute"},"schema":{"@context":"https:\/\/schema.org","@graph":[{"@type":"WebPage","@id":"https:\/\/redkarawana.com\/fr\/artisan\/ornements-glands-chene-pologne\/","url":"https:\/\/redkarawana.com\/fr\/artisan\/ornements-glands-chene-pologne\/","name":"Ornements de Glands de Ch\u00eane, Pologne - D\u00e9coratif - Red Karawana","isPartOf":{"@id":"https:\/\/redkarawana.com\/#website"},"primaryImageOfPage":{"@id":"https:\/\/redkarawana.com\/fr\/artisan\/ornements-glands-chene-pologne\/#primaryimage"},"image":{"@id":"https:\/\/redkarawana.com\/fr\/artisan\/ornements-glands-chene-pologne\/#primaryimage"},"thumbnailUrl":"https:\/\/redkarawana.com\/wp-content\/uploads\/2025\/07\/1-Feature-Poland-Acorn-Ornaments.jpg","datePublished":"2025-11-30T05:40:55+00:00","dateModified":"2025-12-06T07:14:22+00:00","description":"Nos ornements de Glands de Ch\u00eane sont d'\u00e9l\u00e9gantes d\u00e9corations de No\u00ebl, souffl\u00e9es \u00e0 la bouche et peintes main en Pologne.","breadcrumb":{"@id":"https:\/\/redkarawana.com\/fr\/artisan\/ornements-glands-chene-pologne\/#breadcrumb"},"inLanguage":"fr-FR","potentialAction":[{"@type":"ReadAction","target":["https:\/\/redkarawana.com\/fr\/artisan\/ornements-glands-chene-pologne\/"]}]},{"@type":"ImageObject","inLanguage":"fr-FR","@id":"https:\/\/redkarawana.com\/fr\/artisan\/ornements-glands-chene-pologne\/#primaryimage","url":"https:\/\/redkarawana.com\/wp-content\/uploads\/2025\/07\/1-Feature-Poland-Acorn-Ornaments.jpg","contentUrl":"https:\/\/redkarawana.com\/wp-content\/uploads\/2025\/07\/1-Feature-Poland-Acorn-Ornaments.jpg","width":680,"height":453,"caption":"Pologne, Ornements de Glands de Ch\u00eane"},{"@type":"BreadcrumbList","@id":"https:\/\/redkarawana.com\/fr\/artisan\/ornements-glands-chene-pologne\/#breadcrumb","itemListElement":[{"@type":"ListItem","position":1,"name":"Home","item":"https:\/\/redkarawana.com\/fr\/"},{"@type":"ListItem","position":2,"name":"Artisans","item":"https:\/\/redkarawana.com\/fr\/artisans\/"},{"@type":"ListItem","position":3,"name":"Ornements de Glands de Ch\u00eane, Pologne; D\u00e9corations de No\u00ebl"}]},{"@type":"WebSite","@id":"https:\/\/redkarawana.com\/#website","url":"https:\/\/redkarawana.com\/","name":"Red Karawana","description":"","publisher":{"@id":"https:\/\/redkarawana.com\/#organization"},"potentialAction":[{"@type":"SearchAction","target":{"@type":"EntryPoint","urlTemplate":"https:\/\/redkarawana.com\/?s={search_term_string}"},"query-input":{"@type":"PropertyValueSpecification","valueRequired":true,"valueName":"search_term_string"}}],"inLanguage":"fr-FR"},{"@type":"Organization","@id":"https:\/\/redkarawana.com\/#organization","name":"Red Karawana","url":"https:\/\/redkarawana.com\/","logo":{"@type":"ImageObject","inLanguage":"fr-FR","@id":"https:\/\/redkarawana.com\/#\/schema\/logo\/image\/","url":"https:\/\/redkarawana.com\/wp-content\/uploads\/2025\/05\/cropped-Screenshot-2025-05-29-at-09.27.38.png","contentUrl":"https:\/\/redkarawana.com\/wp-content\/uploads\/2025\/05\/cropped-Screenshot-2025-05-29-at-09.27.38.png","width":512,"height":512,"caption":"Red Karawana"},"image":{"@id":"https:\/\/redkarawana.com\/#\/schema\/logo\/image\/"},"sameAs":["https:\/\/www.facebook.com\/redkarawana\/","https:\/\/www.instagram.com\/redkarawana\/","https:\/\/www.youtube.com\/channel\/UCU9jXzSmyKm4ZZv38FEXGKg","https:\/\/www.pinterest.com\/redkarawana\/"]}]}},"_links":{"self":[{"href":"https:\/\/redkarawana.com\/fr\/wp-json\/wp\/v2\/product\/11016","targetHints":{"allow":["GET"]}}],"collection":[{"href":"https:\/\/redkarawana.com\/fr\/wp-json\/wp\/v2\/product"}],"about":[{"href":"https:\/\/redkarawana.com\/fr\/wp-json\/wp\/v2\/types\/product"}],"wp:featuredmedia":[{"embeddable":true,"href":"https:\/\/redkarawana.com\/fr\/wp-json\/wp\/v2\/media\/11000"}],"wp:attachment":[{"href":"https:\/\/redkarawana.com\/fr\/wp-json\/wp\/v2\/media?parent=11016"}],"wp:term":[{"taxonomy":"product_brand","embeddable":true,"href":"https:\/\/redkarawana.com\/fr\/wp-json\/wp\/v2\/product_brand?post=11016"},{"taxonomy":"product_cat","embeddable":true,"href":"https:\/\/redkarawana.com\/fr\/wp-json\/wp\/v2\/product_cat?post=11016"},{"taxonomy":"product_tag","embeddable":true,"href":"https:\/\/redkarawana.com\/fr\/wp-json\/wp\/v2\/product_tag?post=11016"}],"curies":[{"name":"wp","href":"https:\/\/api.w.org\/{rel}","templated":true}]}}