{"id":11095,"date":"2025-11-30T05:30:17","date_gmt":"2025-11-30T05:30:17","guid":{"rendered":"https:\/\/redkarawana.com\/artisan\/masquerade-mask-italy\/"},"modified":"2025-12-06T07:16:58","modified_gmt":"2025-12-06T07:16:58","slug":"masque-mascarade-italie","status":"publish","type":"product","link":"https:\/\/redkarawana.com\/fr\/artisan\/masque-mascarade-italie\/","title":{"rendered":"Masque de Mascarade, Italie ; D\u00e9cor\u00e9 d\u2019un Motif \u00c9l\u00e9gant"},"content":{"rendered":"<p>L&rsquo;Italie est un pays qui c\u00e9l\u00e8bre sa culture extraordinairement dynamique. La tradition des th\u00e9\u00e2tres de plein air, des carnavals et des bals masqu\u00e9s est pr\u00e9serv\u00e9e depuis plusieurs si\u00e8cles. Les c\u00e9l\u00e9brations du Carnaval cr\u00e9ent une \u00e9nergie festive \u00e0 travers les villes italiennes. Les r\u00e9sidents participent \u00e0 des bals masqu\u00e9s, v\u00eatus de costumes tout en couleurs et de masques magnifiques. Les artisans v\u00e9nitiens cr\u00e9ent des masques de mascarade \u00e9labor\u00e9s, souvenirs uniques pour c\u00e9l\u00e9brer ces \u00e9v\u00e9nements culturels. Nous s\u00e9lectionnons un authentique Masque de Mascarade fait main par La Creazioni Romy et d\u00e9cor\u00e9 d\u2019un motif \u00e9l\u00e9gant. Mesures : Masque de Mascarade (largeur 5 \u00bd pouces, hauteur 2 \u00bd pouces).<\/p>\n","protected":false},"excerpt":{"rendered":"<p>L&rsquo;Italie est un pays qui c\u00e9l\u00e8bre sa culture extraordinairement dynamique. La tradition des th\u00e9\u00e2tres de plein air, des carnavals et des bals masqu\u00e9s est pr\u00e9serv\u00e9e depuis plusieurs si\u00e8cles. Les c\u00e9l\u00e9brations du Carnaval cr\u00e9ent une \u00e9nergie festive \u00e0 travers les villes italiennes. Les r\u00e9sidents participent \u00e0 des bals masqu\u00e9s, v\u00eatus de costumes tout en couleurs et [&hellip;]<\/p>\n","protected":false},"featured_media":11079,"template":"","meta":{"_acf_changed":false},"product_brand":[],"product_cat":[49],"product_tag":[],"class_list":{"0":"post-11095","1":"product","2":"type-product","3":"status-publish","4":"has-post-thumbnail","6":"product_cat-decoratif","8":"first","9":"instock","10":"taxable","11":"shipping-taxable","12":"purchasable","13":"product-type-simple"},"acf":[],"yoast_head":"<!-- This site is optimized with the Yoast SEO plugin v27.3 - https:\/\/yoast.com\/product\/yoast-seo-wordpress\/ -->\n<title>Masque de Mascarade, Italie - D\u00e9coratif - Red Karawana<\/title>\n<meta name=\"description\" content=\"Nous s\u00e9lectionnons un authentique Masque de Mascarade fait main par La Creazioni Romy et d\u00e9cor\u00e9 d\u2019un motif \u00e9l\u00e9gant.\" \/>\n<meta name=\"robots\" content=\"index, follow, max-snippet:-1, max-image-preview:large, max-video-preview:-1\" \/>\n<link rel=\"canonical\" href=\"https:\/\/redkarawana.com\/fr\/artisan\/masque-mascarade-italie\/\" \/>\n<meta property=\"og:locale\" content=\"fr_FR\" \/>\n<meta property=\"og:type\" content=\"article\" \/>\n<meta property=\"og:title\" content=\"Masque de Mascarade, Italie - D\u00e9coratif - Red Karawana\" \/>\n<meta property=\"og:description\" content=\"Nous s\u00e9lectionnons un authentique Masque de Mascarade fait main par La Creazioni Romy et d\u00e9cor\u00e9 d\u2019un motif \u00e9l\u00e9gant.\" \/>\n<meta property=\"og:url\" content=\"https:\/\/redkarawana.com\/fr\/artisan\/masque-mascarade-italie\/\" \/>\n<meta property=\"og:site_name\" content=\"Red Karawana\" \/>\n<meta property=\"article:publisher\" content=\"https:\/\/www.facebook.com\/redkarawana\/\" \/>\n<meta property=\"article:modified_time\" content=\"2025-12-06T07:16:58+00:00\" \/>\n<meta property=\"og:image\" content=\"https:\/\/redkarawana.com\/wp-content\/uploads\/2025\/07\/1-AF1200x630-Italy-Masquerade-Mask-1024x538.jpg\" \/>\n<meta name=\"twitter:card\" content=\"summary_large_image\" \/>\n<meta name=\"twitter:label1\" content=\"Dur\u00e9e de lecture estim\u00e9e\" \/>\n\t<meta name=\"twitter:data1\" content=\"1 minute\" \/>\n<script type=\"application\/ld+json\" class=\"yoast-schema-graph\">{\"@context\":\"https:\\\/\\\/schema.org\",\"@graph\":[{\"@type\":\"WebPage\",\"@id\":\"https:\\\/\\\/redkarawana.com\\\/fr\\\/artisan\\\/masque-mascarade-italie\\\/\",\"url\":\"https:\\\/\\\/redkarawana.com\\\/fr\\\/artisan\\\/masque-mascarade-italie\\\/\",\"name\":\"Masque de Mascarade, Italie - D\u00e9coratif - Red Karawana\",\"isPartOf\":{\"@id\":\"https:\\\/\\\/redkarawana.com\\\/#website\"},\"primaryImageOfPage\":{\"@id\":\"https:\\\/\\\/redkarawana.com\\\/fr\\\/artisan\\\/masque-mascarade-italie\\\/#primaryimage\"},\"image\":{\"@id\":\"https:\\\/\\\/redkarawana.com\\\/fr\\\/artisan\\\/masque-mascarade-italie\\\/#primaryimage\"},\"thumbnailUrl\":\"https:\\\/\\\/redkarawana.com\\\/wp-content\\\/uploads\\\/2025\\\/07\\\/1-AP-Feature-Italy-Masquerade-Mask.jpg\",\"datePublished\":\"2025-11-30T05:30:17+00:00\",\"dateModified\":\"2025-12-06T07:16:58+00:00\",\"description\":\"Nous s\u00e9lectionnons un authentique Masque de Mascarade fait main par La Creazioni Romy et d\u00e9cor\u00e9 d\u2019un motif \u00e9l\u00e9gant.\",\"breadcrumb\":{\"@id\":\"https:\\\/\\\/redkarawana.com\\\/fr\\\/artisan\\\/masque-mascarade-italie\\\/#breadcrumb\"},\"inLanguage\":\"fr-FR\",\"potentialAction\":[{\"@type\":\"ReadAction\",\"target\":[\"https:\\\/\\\/redkarawana.com\\\/fr\\\/artisan\\\/masque-mascarade-italie\\\/\"]}]},{\"@type\":\"ImageObject\",\"inLanguage\":\"fr-FR\",\"@id\":\"https:\\\/\\\/redkarawana.com\\\/fr\\\/artisan\\\/masque-mascarade-italie\\\/#primaryimage\",\"url\":\"https:\\\/\\\/redkarawana.com\\\/wp-content\\\/uploads\\\/2025\\\/07\\\/1-AP-Feature-Italy-Masquerade-Mask.jpg\",\"contentUrl\":\"https:\\\/\\\/redkarawana.com\\\/wp-content\\\/uploads\\\/2025\\\/07\\\/1-AP-Feature-Italy-Masquerade-Mask.jpg\",\"width\":680,\"height\":453,\"caption\":\"Italie, Masque de Mascarade\"},{\"@type\":\"BreadcrumbList\",\"@id\":\"https:\\\/\\\/redkarawana.com\\\/fr\\\/artisan\\\/masque-mascarade-italie\\\/#breadcrumb\",\"itemListElement\":[{\"@type\":\"ListItem\",\"position\":1,\"name\":\"Home\",\"item\":\"https:\\\/\\\/redkarawana.com\\\/fr\\\/\"},{\"@type\":\"ListItem\",\"position\":2,\"name\":\"Artisans\",\"item\":\"https:\\\/\\\/redkarawana.com\\\/fr\\\/artisans\\\/\"},{\"@type\":\"ListItem\",\"position\":3,\"name\":\"Masque de Mascarade, Italie ; D\u00e9cor\u00e9 d\u2019un Motif \u00c9l\u00e9gant\"}]},{\"@type\":\"WebSite\",\"@id\":\"https:\\\/\\\/redkarawana.com\\\/#website\",\"url\":\"https:\\\/\\\/redkarawana.com\\\/\",\"name\":\"Red Karawana\",\"description\":\"\",\"publisher\":{\"@id\":\"https:\\\/\\\/redkarawana.com\\\/#organization\"},\"potentialAction\":[{\"@type\":\"SearchAction\",\"target\":{\"@type\":\"EntryPoint\",\"urlTemplate\":\"https:\\\/\\\/redkarawana.com\\\/?s={search_term_string}\"},\"query-input\":{\"@type\":\"PropertyValueSpecification\",\"valueRequired\":true,\"valueName\":\"search_term_string\"}}],\"inLanguage\":\"fr-FR\"},{\"@type\":\"Organization\",\"@id\":\"https:\\\/\\\/redkarawana.com\\\/#organization\",\"name\":\"Red Karawana\",\"url\":\"https:\\\/\\\/redkarawana.com\\\/\",\"logo\":{\"@type\":\"ImageObject\",\"inLanguage\":\"fr-FR\",\"@id\":\"https:\\\/\\\/redkarawana.com\\\/#\\\/schema\\\/logo\\\/image\\\/\",\"url\":\"https:\\\/\\\/redkarawana.com\\\/wp-content\\\/uploads\\\/2025\\\/05\\\/cropped-Screenshot-2025-05-29-at-09.27.38.png\",\"contentUrl\":\"https:\\\/\\\/redkarawana.com\\\/wp-content\\\/uploads\\\/2025\\\/05\\\/cropped-Screenshot-2025-05-29-at-09.27.38.png\",\"width\":512,\"height\":512,\"caption\":\"Red Karawana\"},\"image\":{\"@id\":\"https:\\\/\\\/redkarawana.com\\\/#\\\/schema\\\/logo\\\/image\\\/\"},\"sameAs\":[\"https:\\\/\\\/www.facebook.com\\\/redkarawana\\\/\",\"https:\\\/\\\/www.instagram.com\\\/redkarawana\\\/\",\"https:\\\/\\\/www.youtube.com\\\/channel\\\/UCU9jXzSmyKm4ZZv38FEXGKg\",\"https:\\\/\\\/www.pinterest.com\\\/redkarawana\\\/\"]}]}<\/script>\n<!-- \/ Yoast SEO plugin. -->","yoast_head_json":{"title":"Masque de Mascarade, Italie - D\u00e9coratif - Red Karawana","description":"Nous s\u00e9lectionnons un authentique Masque de Mascarade fait main par La Creazioni Romy et d\u00e9cor\u00e9 d\u2019un motif \u00e9l\u00e9gant.","robots":{"index":"index","follow":"follow","max-snippet":"max-snippet:-1","max-image-preview":"max-image-preview:large","max-video-preview":"max-video-preview:-1"},"canonical":"https:\/\/redkarawana.com\/fr\/artisan\/masque-mascarade-italie\/","og_locale":"fr_FR","og_type":"article","og_title":"Masque de Mascarade, Italie - D\u00e9coratif - Red Karawana","og_description":"Nous s\u00e9lectionnons un authentique Masque de Mascarade fait main par La Creazioni Romy et d\u00e9cor\u00e9 d\u2019un motif \u00e9l\u00e9gant.","og_url":"https:\/\/redkarawana.com\/fr\/artisan\/masque-mascarade-italie\/","og_site_name":"Red Karawana","article_publisher":"https:\/\/www.facebook.com\/redkarawana\/","article_modified_time":"2025-12-06T07:16:58+00:00","og_image":[{"url":"https:\/\/redkarawana.com\/wp-content\/uploads\/2025\/07\/1-AF1200x630-Italy-Masquerade-Mask-1024x538.jpg","type":"","width":"","height":""}],"twitter_card":"summary_large_image","twitter_misc":{"Dur\u00e9e de lecture estim\u00e9e":"1 minute"},"schema":{"@context":"https:\/\/schema.org","@graph":[{"@type":"WebPage","@id":"https:\/\/redkarawana.com\/fr\/artisan\/masque-mascarade-italie\/","url":"https:\/\/redkarawana.com\/fr\/artisan\/masque-mascarade-italie\/","name":"Masque de Mascarade, Italie - D\u00e9coratif - Red Karawana","isPartOf":{"@id":"https:\/\/redkarawana.com\/#website"},"primaryImageOfPage":{"@id":"https:\/\/redkarawana.com\/fr\/artisan\/masque-mascarade-italie\/#primaryimage"},"image":{"@id":"https:\/\/redkarawana.com\/fr\/artisan\/masque-mascarade-italie\/#primaryimage"},"thumbnailUrl":"https:\/\/redkarawana.com\/wp-content\/uploads\/2025\/07\/1-AP-Feature-Italy-Masquerade-Mask.jpg","datePublished":"2025-11-30T05:30:17+00:00","dateModified":"2025-12-06T07:16:58+00:00","description":"Nous s\u00e9lectionnons un authentique Masque de Mascarade fait main par La Creazioni Romy et d\u00e9cor\u00e9 d\u2019un motif \u00e9l\u00e9gant.","breadcrumb":{"@id":"https:\/\/redkarawana.com\/fr\/artisan\/masque-mascarade-italie\/#breadcrumb"},"inLanguage":"fr-FR","potentialAction":[{"@type":"ReadAction","target":["https:\/\/redkarawana.com\/fr\/artisan\/masque-mascarade-italie\/"]}]},{"@type":"ImageObject","inLanguage":"fr-FR","@id":"https:\/\/redkarawana.com\/fr\/artisan\/masque-mascarade-italie\/#primaryimage","url":"https:\/\/redkarawana.com\/wp-content\/uploads\/2025\/07\/1-AP-Feature-Italy-Masquerade-Mask.jpg","contentUrl":"https:\/\/redkarawana.com\/wp-content\/uploads\/2025\/07\/1-AP-Feature-Italy-Masquerade-Mask.jpg","width":680,"height":453,"caption":"Italie, Masque de Mascarade"},{"@type":"BreadcrumbList","@id":"https:\/\/redkarawana.com\/fr\/artisan\/masque-mascarade-italie\/#breadcrumb","itemListElement":[{"@type":"ListItem","position":1,"name":"Home","item":"https:\/\/redkarawana.com\/fr\/"},{"@type":"ListItem","position":2,"name":"Artisans","item":"https:\/\/redkarawana.com\/fr\/artisans\/"},{"@type":"ListItem","position":3,"name":"Masque de Mascarade, Italie ; D\u00e9cor\u00e9 d\u2019un Motif \u00c9l\u00e9gant"}]},{"@type":"WebSite","@id":"https:\/\/redkarawana.com\/#website","url":"https:\/\/redkarawana.com\/","name":"Red Karawana","description":"","publisher":{"@id":"https:\/\/redkarawana.com\/#organization"},"potentialAction":[{"@type":"SearchAction","target":{"@type":"EntryPoint","urlTemplate":"https:\/\/redkarawana.com\/?s={search_term_string}"},"query-input":{"@type":"PropertyValueSpecification","valueRequired":true,"valueName":"search_term_string"}}],"inLanguage":"fr-FR"},{"@type":"Organization","@id":"https:\/\/redkarawana.com\/#organization","name":"Red Karawana","url":"https:\/\/redkarawana.com\/","logo":{"@type":"ImageObject","inLanguage":"fr-FR","@id":"https:\/\/redkarawana.com\/#\/schema\/logo\/image\/","url":"https:\/\/redkarawana.com\/wp-content\/uploads\/2025\/05\/cropped-Screenshot-2025-05-29-at-09.27.38.png","contentUrl":"https:\/\/redkarawana.com\/wp-content\/uploads\/2025\/05\/cropped-Screenshot-2025-05-29-at-09.27.38.png","width":512,"height":512,"caption":"Red Karawana"},"image":{"@id":"https:\/\/redkarawana.com\/#\/schema\/logo\/image\/"},"sameAs":["https:\/\/www.facebook.com\/redkarawana\/","https:\/\/www.instagram.com\/redkarawana\/","https:\/\/www.youtube.com\/channel\/UCU9jXzSmyKm4ZZv38FEXGKg","https:\/\/www.pinterest.com\/redkarawana\/"]}]}},"_links":{"self":[{"href":"https:\/\/redkarawana.com\/fr\/wp-json\/wp\/v2\/product\/11095","targetHints":{"allow":["GET"]}}],"collection":[{"href":"https:\/\/redkarawana.com\/fr\/wp-json\/wp\/v2\/product"}],"about":[{"href":"https:\/\/redkarawana.com\/fr\/wp-json\/wp\/v2\/types\/product"}],"wp:featuredmedia":[{"embeddable":true,"href":"https:\/\/redkarawana.com\/fr\/wp-json\/wp\/v2\/media\/11079"}],"wp:attachment":[{"href":"https:\/\/redkarawana.com\/fr\/wp-json\/wp\/v2\/media?parent=11095"}],"wp:term":[{"taxonomy":"product_brand","embeddable":true,"href":"https:\/\/redkarawana.com\/fr\/wp-json\/wp\/v2\/product_brand?post=11095"},{"taxonomy":"product_cat","embeddable":true,"href":"https:\/\/redkarawana.com\/fr\/wp-json\/wp\/v2\/product_cat?post=11095"},{"taxonomy":"product_tag","embeddable":true,"href":"https:\/\/redkarawana.com\/fr\/wp-json\/wp\/v2\/product_tag?post=11095"}],"curies":[{"name":"wp","href":"https:\/\/api.w.org\/{rel}","templated":true}]}}