{"id":11123,"date":"2025-11-30T05:20:48","date_gmt":"2025-11-30T05:20:48","guid":{"rendered":"https:\/\/redkarawana.com\/artisan\/green-persian-rug-iran\/"},"modified":"2025-07-11T04:16:05","modified_gmt":"2025-07-11T04:16:05","slug":"tapis-persan-vert-iran","status":"publish","type":"product","link":"https:\/\/redkarawana.com\/fr\/artisan\/tapis-persan-vert-iran\/","title":{"rendered":"Tapis Persan Vert, Iran ; \u00c9lement de D\u00e9cor Classique Fabriqu\u00e9 Machine"},"content":{"rendered":"<p>Les tapis persans sont fabriqu\u00e9s avec des mat\u00e9riaux de la plus haute qualit\u00e9, selon des m\u00e9thodes de tissage \u00e0 la main et des techniques de fabrication modernes. Une large s\u00e9lection de tapis pr\u00e9sente des motifs classiques et des styles contemporains. Les tapis persans sont des objets de d\u00e9coration polyvalents qui peuvent \u00eatre pos\u00e9s sur le sol ou accroch\u00e9s au mur. Les tapis persans sont r\u00e9put\u00e9s pour leur qualit\u00e9, leur chaleur et leur beaut\u00e9. Ce tapis persan vert est fabriqu\u00e9 machine et pr\u00e9sente un motif classique dot\u00e9 de couleur vert vif en son centre et sur son pourtour. Mesures : tapis persan vert (longueur 47 \u00bd pouces, largeur 30 \u00bc pouces).     <\/p>\n","protected":false},"excerpt":{"rendered":"<p>Les tapis persans sont fabriqu\u00e9s avec des mat\u00e9riaux de la plus haute qualit\u00e9, selon des m\u00e9thodes de tissage \u00e0 la main et des techniques de fabrication modernes. Une large s\u00e9lection de tapis pr\u00e9sente des motifs classiques et des styles contemporains. Les tapis persans sont des objets de d\u00e9coration polyvalents qui peuvent \u00eatre pos\u00e9s sur le [&hellip;]<\/p>\n","protected":false},"featured_media":11106,"template":"","meta":{"_acf_changed":false},"product_brand":[],"product_cat":[49],"product_tag":[],"class_list":{"0":"post-11123","1":"product","2":"type-product","3":"status-publish","4":"has-post-thumbnail","6":"product_cat-decoratif","8":"first","9":"instock","10":"taxable","11":"shipping-taxable","12":"purchasable","13":"product-type-simple"},"acf":[],"yoast_head":"<!-- This site is optimized with the Yoast SEO plugin v27.4 - https:\/\/yoast.com\/product\/yoast-seo-wordpress\/ -->\n<title>Tapis Persan Vert, Iran - D\u00e9coratif - Red Karawana<\/title>\n<meta name=\"description\" content=\"Ce tapis vert est fabriqu\u00e9 machine et pr\u00e9sente un motif classique dot\u00e9 de couleur vert vif en son centre et sur son pourtour.\" \/>\n<meta name=\"robots\" content=\"index, follow, max-snippet:-1, max-image-preview:large, max-video-preview:-1\" \/>\n<link rel=\"canonical\" href=\"https:\/\/redkarawana.com\/fr\/artisan\/tapis-persan-vert-iran\/\" \/>\n<meta property=\"og:locale\" content=\"fr_FR\" \/>\n<meta property=\"og:type\" content=\"article\" \/>\n<meta property=\"og:title\" content=\"Tapis Persan Vert, Iran - D\u00e9coratif - Red Karawana\" \/>\n<meta property=\"og:description\" content=\"Ce tapis vert est fabriqu\u00e9 machine et pr\u00e9sente un motif classique dot\u00e9 de couleur vert vif en son centre et sur son pourtour.\" \/>\n<meta property=\"og:url\" content=\"https:\/\/redkarawana.com\/fr\/artisan\/tapis-persan-vert-iran\/\" \/>\n<meta property=\"og:site_name\" content=\"Red Karawana\" \/>\n<meta property=\"article:publisher\" content=\"https:\/\/www.facebook.com\/redkarawana\/\" \/>\n<meta property=\"og:image\" content=\"https:\/\/redkarawana.com\/wp-content\/uploads\/2025\/07\/1-AF1200x630-Iran-Green-Persian-Rug-1024x538.jpg\" \/>\n<meta name=\"twitter:card\" content=\"summary_large_image\" \/>\n<meta name=\"twitter:label1\" content=\"Dur\u00e9e de lecture estim\u00e9e\" \/>\n\t<meta name=\"twitter:data1\" content=\"1 minute\" \/>\n<script type=\"application\/ld+json\" class=\"yoast-schema-graph\">{\"@context\":\"https:\\\/\\\/schema.org\",\"@graph\":[{\"@type\":\"WebPage\",\"@id\":\"https:\\\/\\\/redkarawana.com\\\/fr\\\/artisan\\\/tapis-persan-vert-iran\\\/\",\"url\":\"https:\\\/\\\/redkarawana.com\\\/fr\\\/artisan\\\/tapis-persan-vert-iran\\\/\",\"name\":\"Tapis Persan Vert, Iran - D\u00e9coratif - Red Karawana\",\"isPartOf\":{\"@id\":\"https:\\\/\\\/redkarawana.com\\\/#website\"},\"primaryImageOfPage\":{\"@id\":\"https:\\\/\\\/redkarawana.com\\\/fr\\\/artisan\\\/tapis-persan-vert-iran\\\/#primaryimage\"},\"image\":{\"@id\":\"https:\\\/\\\/redkarawana.com\\\/fr\\\/artisan\\\/tapis-persan-vert-iran\\\/#primaryimage\"},\"thumbnailUrl\":\"https:\\\/\\\/redkarawana.com\\\/wp-content\\\/uploads\\\/2025\\\/07\\\/1-AP-Feature-Iran-Green-Persian-Rug.jpg\",\"datePublished\":\"2025-11-30T05:20:48+00:00\",\"description\":\"Ce tapis vert est fabriqu\u00e9 machine et pr\u00e9sente un motif classique dot\u00e9 de couleur vert vif en son centre et sur son pourtour.\",\"breadcrumb\":{\"@id\":\"https:\\\/\\\/redkarawana.com\\\/fr\\\/artisan\\\/tapis-persan-vert-iran\\\/#breadcrumb\"},\"inLanguage\":\"fr-FR\",\"potentialAction\":[{\"@type\":\"ReadAction\",\"target\":[\"https:\\\/\\\/redkarawana.com\\\/fr\\\/artisan\\\/tapis-persan-vert-iran\\\/\"]}]},{\"@type\":\"ImageObject\",\"inLanguage\":\"fr-FR\",\"@id\":\"https:\\\/\\\/redkarawana.com\\\/fr\\\/artisan\\\/tapis-persan-vert-iran\\\/#primaryimage\",\"url\":\"https:\\\/\\\/redkarawana.com\\\/wp-content\\\/uploads\\\/2025\\\/07\\\/1-AP-Feature-Iran-Green-Persian-Rug.jpg\",\"contentUrl\":\"https:\\\/\\\/redkarawana.com\\\/wp-content\\\/uploads\\\/2025\\\/07\\\/1-AP-Feature-Iran-Green-Persian-Rug.jpg\",\"width\":680,\"height\":453,\"caption\":\"Iran, Tapis Persan Vert\"},{\"@type\":\"BreadcrumbList\",\"@id\":\"https:\\\/\\\/redkarawana.com\\\/fr\\\/artisan\\\/tapis-persan-vert-iran\\\/#breadcrumb\",\"itemListElement\":[{\"@type\":\"ListItem\",\"position\":1,\"name\":\"Home\",\"item\":\"https:\\\/\\\/redkarawana.com\\\/fr\\\/\"},{\"@type\":\"ListItem\",\"position\":2,\"name\":\"Artisans\",\"item\":\"https:\\\/\\\/redkarawana.com\\\/fr\\\/artisans\\\/\"},{\"@type\":\"ListItem\",\"position\":3,\"name\":\"Tapis Persan Vert, Iran ; \u00c9lement de D\u00e9cor Classique Fabriqu\u00e9 Machine\"}]},{\"@type\":\"WebSite\",\"@id\":\"https:\\\/\\\/redkarawana.com\\\/#website\",\"url\":\"https:\\\/\\\/redkarawana.com\\\/\",\"name\":\"Red Karawana\",\"description\":\"\",\"publisher\":{\"@id\":\"https:\\\/\\\/redkarawana.com\\\/#organization\"},\"potentialAction\":[{\"@type\":\"SearchAction\",\"target\":{\"@type\":\"EntryPoint\",\"urlTemplate\":\"https:\\\/\\\/redkarawana.com\\\/?s={search_term_string}\"},\"query-input\":{\"@type\":\"PropertyValueSpecification\",\"valueRequired\":true,\"valueName\":\"search_term_string\"}}],\"inLanguage\":\"fr-FR\"},{\"@type\":\"Organization\",\"@id\":\"https:\\\/\\\/redkarawana.com\\\/#organization\",\"name\":\"Red Karawana\",\"url\":\"https:\\\/\\\/redkarawana.com\\\/\",\"logo\":{\"@type\":\"ImageObject\",\"inLanguage\":\"fr-FR\",\"@id\":\"https:\\\/\\\/redkarawana.com\\\/#\\\/schema\\\/logo\\\/image\\\/\",\"url\":\"https:\\\/\\\/redkarawana.com\\\/wp-content\\\/uploads\\\/2025\\\/05\\\/cropped-Screenshot-2025-05-29-at-09.27.38.png\",\"contentUrl\":\"https:\\\/\\\/redkarawana.com\\\/wp-content\\\/uploads\\\/2025\\\/05\\\/cropped-Screenshot-2025-05-29-at-09.27.38.png\",\"width\":512,\"height\":512,\"caption\":\"Red Karawana\"},\"image\":{\"@id\":\"https:\\\/\\\/redkarawana.com\\\/#\\\/schema\\\/logo\\\/image\\\/\"},\"sameAs\":[\"https:\\\/\\\/www.facebook.com\\\/redkarawana\\\/\",\"https:\\\/\\\/www.instagram.com\\\/redkarawana\\\/\",\"https:\\\/\\\/www.youtube.com\\\/channel\\\/UCU9jXzSmyKm4ZZv38FEXGKg\",\"https:\\\/\\\/www.pinterest.com\\\/redkarawana\\\/\"]}]}<\/script>\n<!-- \/ Yoast SEO plugin. -->","yoast_head_json":{"title":"Tapis Persan Vert, Iran - D\u00e9coratif - Red Karawana","description":"Ce tapis vert est fabriqu\u00e9 machine et pr\u00e9sente un motif classique dot\u00e9 de couleur vert vif en son centre et sur son pourtour.","robots":{"index":"index","follow":"follow","max-snippet":"max-snippet:-1","max-image-preview":"max-image-preview:large","max-video-preview":"max-video-preview:-1"},"canonical":"https:\/\/redkarawana.com\/fr\/artisan\/tapis-persan-vert-iran\/","og_locale":"fr_FR","og_type":"article","og_title":"Tapis Persan Vert, Iran - D\u00e9coratif - Red Karawana","og_description":"Ce tapis vert est fabriqu\u00e9 machine et pr\u00e9sente un motif classique dot\u00e9 de couleur vert vif en son centre et sur son pourtour.","og_url":"https:\/\/redkarawana.com\/fr\/artisan\/tapis-persan-vert-iran\/","og_site_name":"Red Karawana","article_publisher":"https:\/\/www.facebook.com\/redkarawana\/","og_image":[{"url":"https:\/\/redkarawana.com\/wp-content\/uploads\/2025\/07\/1-AF1200x630-Iran-Green-Persian-Rug-1024x538.jpg","type":"","width":"","height":""}],"twitter_card":"summary_large_image","twitter_misc":{"Dur\u00e9e de lecture estim\u00e9e":"1 minute"},"schema":{"@context":"https:\/\/schema.org","@graph":[{"@type":"WebPage","@id":"https:\/\/redkarawana.com\/fr\/artisan\/tapis-persan-vert-iran\/","url":"https:\/\/redkarawana.com\/fr\/artisan\/tapis-persan-vert-iran\/","name":"Tapis Persan Vert, Iran - D\u00e9coratif - Red Karawana","isPartOf":{"@id":"https:\/\/redkarawana.com\/#website"},"primaryImageOfPage":{"@id":"https:\/\/redkarawana.com\/fr\/artisan\/tapis-persan-vert-iran\/#primaryimage"},"image":{"@id":"https:\/\/redkarawana.com\/fr\/artisan\/tapis-persan-vert-iran\/#primaryimage"},"thumbnailUrl":"https:\/\/redkarawana.com\/wp-content\/uploads\/2025\/07\/1-AP-Feature-Iran-Green-Persian-Rug.jpg","datePublished":"2025-11-30T05:20:48+00:00","description":"Ce tapis vert est fabriqu\u00e9 machine et pr\u00e9sente un motif classique dot\u00e9 de couleur vert vif en son centre et sur son pourtour.","breadcrumb":{"@id":"https:\/\/redkarawana.com\/fr\/artisan\/tapis-persan-vert-iran\/#breadcrumb"},"inLanguage":"fr-FR","potentialAction":[{"@type":"ReadAction","target":["https:\/\/redkarawana.com\/fr\/artisan\/tapis-persan-vert-iran\/"]}]},{"@type":"ImageObject","inLanguage":"fr-FR","@id":"https:\/\/redkarawana.com\/fr\/artisan\/tapis-persan-vert-iran\/#primaryimage","url":"https:\/\/redkarawana.com\/wp-content\/uploads\/2025\/07\/1-AP-Feature-Iran-Green-Persian-Rug.jpg","contentUrl":"https:\/\/redkarawana.com\/wp-content\/uploads\/2025\/07\/1-AP-Feature-Iran-Green-Persian-Rug.jpg","width":680,"height":453,"caption":"Iran, Tapis Persan Vert"},{"@type":"BreadcrumbList","@id":"https:\/\/redkarawana.com\/fr\/artisan\/tapis-persan-vert-iran\/#breadcrumb","itemListElement":[{"@type":"ListItem","position":1,"name":"Home","item":"https:\/\/redkarawana.com\/fr\/"},{"@type":"ListItem","position":2,"name":"Artisans","item":"https:\/\/redkarawana.com\/fr\/artisans\/"},{"@type":"ListItem","position":3,"name":"Tapis Persan Vert, Iran ; \u00c9lement de D\u00e9cor Classique Fabriqu\u00e9 Machine"}]},{"@type":"WebSite","@id":"https:\/\/redkarawana.com\/#website","url":"https:\/\/redkarawana.com\/","name":"Red Karawana","description":"","publisher":{"@id":"https:\/\/redkarawana.com\/#organization"},"potentialAction":[{"@type":"SearchAction","target":{"@type":"EntryPoint","urlTemplate":"https:\/\/redkarawana.com\/?s={search_term_string}"},"query-input":{"@type":"PropertyValueSpecification","valueRequired":true,"valueName":"search_term_string"}}],"inLanguage":"fr-FR"},{"@type":"Organization","@id":"https:\/\/redkarawana.com\/#organization","name":"Red Karawana","url":"https:\/\/redkarawana.com\/","logo":{"@type":"ImageObject","inLanguage":"fr-FR","@id":"https:\/\/redkarawana.com\/#\/schema\/logo\/image\/","url":"https:\/\/redkarawana.com\/wp-content\/uploads\/2025\/05\/cropped-Screenshot-2025-05-29-at-09.27.38.png","contentUrl":"https:\/\/redkarawana.com\/wp-content\/uploads\/2025\/05\/cropped-Screenshot-2025-05-29-at-09.27.38.png","width":512,"height":512,"caption":"Red Karawana"},"image":{"@id":"https:\/\/redkarawana.com\/#\/schema\/logo\/image\/"},"sameAs":["https:\/\/www.facebook.com\/redkarawana\/","https:\/\/www.instagram.com\/redkarawana\/","https:\/\/www.youtube.com\/channel\/UCU9jXzSmyKm4ZZv38FEXGKg","https:\/\/www.pinterest.com\/redkarawana\/"]}]}},"_links":{"self":[{"href":"https:\/\/redkarawana.com\/fr\/wp-json\/wp\/v2\/product\/11123","targetHints":{"allow":["GET"]}}],"collection":[{"href":"https:\/\/redkarawana.com\/fr\/wp-json\/wp\/v2\/product"}],"about":[{"href":"https:\/\/redkarawana.com\/fr\/wp-json\/wp\/v2\/types\/product"}],"wp:featuredmedia":[{"embeddable":true,"href":"https:\/\/redkarawana.com\/fr\/wp-json\/wp\/v2\/media\/11106"}],"wp:attachment":[{"href":"https:\/\/redkarawana.com\/fr\/wp-json\/wp\/v2\/media?parent=11123"}],"wp:term":[{"taxonomy":"product_brand","embeddable":true,"href":"https:\/\/redkarawana.com\/fr\/wp-json\/wp\/v2\/product_brand?post=11123"},{"taxonomy":"product_cat","embeddable":true,"href":"https:\/\/redkarawana.com\/fr\/wp-json\/wp\/v2\/product_cat?post=11123"},{"taxonomy":"product_tag","embeddable":true,"href":"https:\/\/redkarawana.com\/fr\/wp-json\/wp\/v2\/product_tag?post=11123"}],"curies":[{"name":"wp","href":"https:\/\/api.w.org\/{rel}","templated":true}]}}