{"id":1131,"date":"2025-11-29T15:50:44","date_gmt":"2025-11-29T15:50:44","guid":{"rendered":"https:\/\/redkarawana.com\/?post_type=product&#038;p=1131"},"modified":"2025-12-07T15:55:09","modified_gmt":"2025-12-07T15:55:09","slug":"housses-coussins-eau","status":"publish","type":"product","link":"https:\/\/redkarawana.com\/fr\/artisan\/housses-coussins-eau\/","title":{"rendered":"Housses De Coussins, Abou Dabi, EAU ; Tissus D\u00e9coratifs Tout En Couleurs"},"content":{"rendered":"<p>Les techniques de tissage du textile sont les expressions vivantes de la culture et des traditions du Moyen-Orient. Les nomades artisans d\u00e9velopp\u00e8rent leurs techniques de tissage traditionnelles, leurs motifs anciens et leurs combinaisons de couleurs tellement compl\u00e9mentaires. L&rsquo;art du tissage s&rsquo;expose dans les souks traditionnels du Moyen-Orient. Le Souk aux Tapis d&rsquo;Abou Dabi est une multitude de boutiques vendant des tapis traditionnels tiss\u00e9s manuellement ou \u00e0 la machine, des couvertures, des housses, le tout en provenance du Moyen-Orient et de l&rsquo;Asie. Les boutiques regorgent de produits aux th\u00e8mes artistiques et tout en couleurs. Les housses de coussins que nous pr\u00e9sentons ici sont tiss\u00e9es en fil rouge et orn\u00e9es d&rsquo;accents blancs, noirs, orange et verts. Ensemble : 2 housses de coussins (hauteur 18 pouces, largeur 25 pouces).<\/p>\n","protected":false},"excerpt":{"rendered":"<p>Les techniques de tissage du textile sont les expressions vivantes de la culture et des traditions du Moyen-Orient. Les nomades artisans d\u00e9velopp\u00e8rent leurs techniques de tissage traditionnelles, leurs motifs anciens et leurs combinaisons de couleurs tellement compl\u00e9mentaires. L&rsquo;art du tissage s&rsquo;expose dans les souks traditionnels du Moyen-Orient. Le Souk aux Tapis d&rsquo;Abou Dabi est une [&hellip;]<\/p>\n","protected":false},"featured_media":1114,"template":"","meta":{"_acf_changed":false},"product_brand":[],"product_cat":[48],"product_tag":[],"class_list":{"0":"post-1131","1":"product","2":"type-product","3":"status-publish","4":"has-post-thumbnail","6":"product_cat-artistique","8":"first","9":"instock","10":"sold-individually","11":"taxable","12":"shipping-taxable","13":"purchasable","14":"product-type-simple"},"acf":[],"yoast_head":"<!-- This site is optimized with the Yoast SEO plugin v27.3 - https:\/\/yoast.com\/product\/yoast-seo-wordpress\/ -->\n<title>Housses de Coussins, EAU - Artistique - Red Karawana<\/title>\n<meta name=\"description\" content=\"Les housses de coussins que nous pr\u00e9sentons ici sont tiss\u00e9es en fil rouge et orn\u00e9es d&#039;accents blancs, noirs, orange et verts.\" \/>\n<meta name=\"robots\" content=\"index, follow, max-snippet:-1, max-image-preview:large, max-video-preview:-1\" \/>\n<link rel=\"canonical\" href=\"https:\/\/redkarawana.com\/fr\/artisan\/housses-coussins-eau\/\" \/>\n<meta property=\"og:locale\" content=\"fr_FR\" \/>\n<meta property=\"og:type\" content=\"article\" \/>\n<meta property=\"og:title\" content=\"Housses de Coussins, EAU - Artistique - Red Karawana\" \/>\n<meta property=\"og:description\" content=\"Les housses de coussins que nous pr\u00e9sentons ici sont tiss\u00e9es en fil rouge et orn\u00e9es d&#039;accents blancs, noirs, orange et verts.\" \/>\n<meta property=\"og:url\" content=\"https:\/\/redkarawana.com\/fr\/artisan\/housses-coussins-eau\/\" \/>\n<meta property=\"og:site_name\" content=\"Red Karawana\" \/>\n<meta property=\"article:publisher\" content=\"https:\/\/www.facebook.com\/redkarawana\/\" \/>\n<meta property=\"article:modified_time\" content=\"2025-12-07T15:55:09+00:00\" \/>\n<meta property=\"og:image\" content=\"https:\/\/redkarawana.com\/wp-content\/uploads\/2024\/03\/1-A-AP-F1200x630-UAE-Cushion-Covers.jpg\" \/>\n\t<meta property=\"og:image:width\" content=\"1200\" \/>\n\t<meta property=\"og:image:height\" content=\"630\" \/>\n\t<meta property=\"og:image:type\" content=\"image\/jpeg\" \/>\n<meta name=\"twitter:card\" content=\"summary_large_image\" \/>\n<meta name=\"twitter:label1\" content=\"Dur\u00e9e de lecture estim\u00e9e\" \/>\n\t<meta name=\"twitter:data1\" content=\"1 minute\" \/>\n<script type=\"application\/ld+json\" class=\"yoast-schema-graph\">{\"@context\":\"https:\\\/\\\/schema.org\",\"@graph\":[{\"@type\":\"WebPage\",\"@id\":\"https:\\\/\\\/redkarawana.com\\\/fr\\\/artisan\\\/housses-coussins-eau\\\/\",\"url\":\"https:\\\/\\\/redkarawana.com\\\/fr\\\/artisan\\\/housses-coussins-eau\\\/\",\"name\":\"Housses de Coussins, EAU - Artistique - Red Karawana\",\"isPartOf\":{\"@id\":\"https:\\\/\\\/redkarawana.com\\\/#website\"},\"primaryImageOfPage\":{\"@id\":\"https:\\\/\\\/redkarawana.com\\\/fr\\\/artisan\\\/housses-coussins-eau\\\/#primaryimage\"},\"image\":{\"@id\":\"https:\\\/\\\/redkarawana.com\\\/fr\\\/artisan\\\/housses-coussins-eau\\\/#primaryimage\"},\"thumbnailUrl\":\"https:\\\/\\\/redkarawana.com\\\/wp-content\\\/uploads\\\/2024\\\/03\\\/1-SP-UAE-Cushion-Covers.jpg\",\"datePublished\":\"2025-11-29T15:50:44+00:00\",\"dateModified\":\"2025-12-07T15:55:09+00:00\",\"description\":\"Les housses de coussins que nous pr\u00e9sentons ici sont tiss\u00e9es en fil rouge et orn\u00e9es d'accents blancs, noirs, orange et verts.\",\"breadcrumb\":{\"@id\":\"https:\\\/\\\/redkarawana.com\\\/fr\\\/artisan\\\/housses-coussins-eau\\\/#breadcrumb\"},\"inLanguage\":\"fr-FR\",\"potentialAction\":[{\"@type\":\"ReadAction\",\"target\":[\"https:\\\/\\\/redkarawana.com\\\/fr\\\/artisan\\\/housses-coussins-eau\\\/\"]}]},{\"@type\":\"ImageObject\",\"inLanguage\":\"fr-FR\",\"@id\":\"https:\\\/\\\/redkarawana.com\\\/fr\\\/artisan\\\/housses-coussins-eau\\\/#primaryimage\",\"url\":\"https:\\\/\\\/redkarawana.com\\\/wp-content\\\/uploads\\\/2024\\\/03\\\/1-SP-UAE-Cushion-Covers.jpg\",\"contentUrl\":\"https:\\\/\\\/redkarawana.com\\\/wp-content\\\/uploads\\\/2024\\\/03\\\/1-SP-UAE-Cushion-Covers.jpg\",\"width\":680,\"height\":453,\"caption\":\"EAU, Housses de Coussins\"},{\"@type\":\"BreadcrumbList\",\"@id\":\"https:\\\/\\\/redkarawana.com\\\/fr\\\/artisan\\\/housses-coussins-eau\\\/#breadcrumb\",\"itemListElement\":[{\"@type\":\"ListItem\",\"position\":1,\"name\":\"Home\",\"item\":\"https:\\\/\\\/redkarawana.com\\\/fr\\\/\"},{\"@type\":\"ListItem\",\"position\":2,\"name\":\"Artisans\",\"item\":\"https:\\\/\\\/redkarawana.com\\\/fr\\\/artisans\\\/\"},{\"@type\":\"ListItem\",\"position\":3,\"name\":\"Housses De Coussins, Abou Dabi, EAU ; Tissus D\u00e9coratifs Tout En Couleurs\"}]},{\"@type\":\"WebSite\",\"@id\":\"https:\\\/\\\/redkarawana.com\\\/#website\",\"url\":\"https:\\\/\\\/redkarawana.com\\\/\",\"name\":\"Red Karawana\",\"description\":\"\",\"publisher\":{\"@id\":\"https:\\\/\\\/redkarawana.com\\\/#organization\"},\"potentialAction\":[{\"@type\":\"SearchAction\",\"target\":{\"@type\":\"EntryPoint\",\"urlTemplate\":\"https:\\\/\\\/redkarawana.com\\\/?s={search_term_string}\"},\"query-input\":{\"@type\":\"PropertyValueSpecification\",\"valueRequired\":true,\"valueName\":\"search_term_string\"}}],\"inLanguage\":\"fr-FR\"},{\"@type\":\"Organization\",\"@id\":\"https:\\\/\\\/redkarawana.com\\\/#organization\",\"name\":\"Red Karawana\",\"url\":\"https:\\\/\\\/redkarawana.com\\\/\",\"logo\":{\"@type\":\"ImageObject\",\"inLanguage\":\"fr-FR\",\"@id\":\"https:\\\/\\\/redkarawana.com\\\/#\\\/schema\\\/logo\\\/image\\\/\",\"url\":\"https:\\\/\\\/redkarawana.com\\\/wp-content\\\/uploads\\\/2025\\\/05\\\/cropped-Screenshot-2025-05-29-at-09.27.38.png\",\"contentUrl\":\"https:\\\/\\\/redkarawana.com\\\/wp-content\\\/uploads\\\/2025\\\/05\\\/cropped-Screenshot-2025-05-29-at-09.27.38.png\",\"width\":512,\"height\":512,\"caption\":\"Red Karawana\"},\"image\":{\"@id\":\"https:\\\/\\\/redkarawana.com\\\/#\\\/schema\\\/logo\\\/image\\\/\"},\"sameAs\":[\"https:\\\/\\\/www.facebook.com\\\/redkarawana\\\/\",\"https:\\\/\\\/www.instagram.com\\\/redkarawana\\\/\",\"https:\\\/\\\/www.youtube.com\\\/channel\\\/UCU9jXzSmyKm4ZZv38FEXGKg\",\"https:\\\/\\\/www.pinterest.com\\\/redkarawana\\\/\"]}]}<\/script>\n<!-- \/ Yoast SEO plugin. -->","yoast_head_json":{"title":"Housses de Coussins, EAU - Artistique - Red Karawana","description":"Les housses de coussins que nous pr\u00e9sentons ici sont tiss\u00e9es en fil rouge et orn\u00e9es d'accents blancs, noirs, orange et verts.","robots":{"index":"index","follow":"follow","max-snippet":"max-snippet:-1","max-image-preview":"max-image-preview:large","max-video-preview":"max-video-preview:-1"},"canonical":"https:\/\/redkarawana.com\/fr\/artisan\/housses-coussins-eau\/","og_locale":"fr_FR","og_type":"article","og_title":"Housses de Coussins, EAU - Artistique - Red Karawana","og_description":"Les housses de coussins que nous pr\u00e9sentons ici sont tiss\u00e9es en fil rouge et orn\u00e9es d'accents blancs, noirs, orange et verts.","og_url":"https:\/\/redkarawana.com\/fr\/artisan\/housses-coussins-eau\/","og_site_name":"Red Karawana","article_publisher":"https:\/\/www.facebook.com\/redkarawana\/","article_modified_time":"2025-12-07T15:55:09+00:00","og_image":[{"width":1200,"height":630,"url":"https:\/\/redkarawana.com\/wp-content\/uploads\/2024\/03\/1-A-AP-F1200x630-UAE-Cushion-Covers.jpg","type":"image\/jpeg"}],"twitter_card":"summary_large_image","twitter_misc":{"Dur\u00e9e de lecture estim\u00e9e":"1 minute"},"schema":{"@context":"https:\/\/schema.org","@graph":[{"@type":"WebPage","@id":"https:\/\/redkarawana.com\/fr\/artisan\/housses-coussins-eau\/","url":"https:\/\/redkarawana.com\/fr\/artisan\/housses-coussins-eau\/","name":"Housses de Coussins, EAU - Artistique - Red Karawana","isPartOf":{"@id":"https:\/\/redkarawana.com\/#website"},"primaryImageOfPage":{"@id":"https:\/\/redkarawana.com\/fr\/artisan\/housses-coussins-eau\/#primaryimage"},"image":{"@id":"https:\/\/redkarawana.com\/fr\/artisan\/housses-coussins-eau\/#primaryimage"},"thumbnailUrl":"https:\/\/redkarawana.com\/wp-content\/uploads\/2024\/03\/1-SP-UAE-Cushion-Covers.jpg","datePublished":"2025-11-29T15:50:44+00:00","dateModified":"2025-12-07T15:55:09+00:00","description":"Les housses de coussins que nous pr\u00e9sentons ici sont tiss\u00e9es en fil rouge et orn\u00e9es d'accents blancs, noirs, orange et verts.","breadcrumb":{"@id":"https:\/\/redkarawana.com\/fr\/artisan\/housses-coussins-eau\/#breadcrumb"},"inLanguage":"fr-FR","potentialAction":[{"@type":"ReadAction","target":["https:\/\/redkarawana.com\/fr\/artisan\/housses-coussins-eau\/"]}]},{"@type":"ImageObject","inLanguage":"fr-FR","@id":"https:\/\/redkarawana.com\/fr\/artisan\/housses-coussins-eau\/#primaryimage","url":"https:\/\/redkarawana.com\/wp-content\/uploads\/2024\/03\/1-SP-UAE-Cushion-Covers.jpg","contentUrl":"https:\/\/redkarawana.com\/wp-content\/uploads\/2024\/03\/1-SP-UAE-Cushion-Covers.jpg","width":680,"height":453,"caption":"EAU, Housses de Coussins"},{"@type":"BreadcrumbList","@id":"https:\/\/redkarawana.com\/fr\/artisan\/housses-coussins-eau\/#breadcrumb","itemListElement":[{"@type":"ListItem","position":1,"name":"Home","item":"https:\/\/redkarawana.com\/fr\/"},{"@type":"ListItem","position":2,"name":"Artisans","item":"https:\/\/redkarawana.com\/fr\/artisans\/"},{"@type":"ListItem","position":3,"name":"Housses De Coussins, Abou Dabi, EAU ; Tissus D\u00e9coratifs Tout En Couleurs"}]},{"@type":"WebSite","@id":"https:\/\/redkarawana.com\/#website","url":"https:\/\/redkarawana.com\/","name":"Red Karawana","description":"","publisher":{"@id":"https:\/\/redkarawana.com\/#organization"},"potentialAction":[{"@type":"SearchAction","target":{"@type":"EntryPoint","urlTemplate":"https:\/\/redkarawana.com\/?s={search_term_string}"},"query-input":{"@type":"PropertyValueSpecification","valueRequired":true,"valueName":"search_term_string"}}],"inLanguage":"fr-FR"},{"@type":"Organization","@id":"https:\/\/redkarawana.com\/#organization","name":"Red Karawana","url":"https:\/\/redkarawana.com\/","logo":{"@type":"ImageObject","inLanguage":"fr-FR","@id":"https:\/\/redkarawana.com\/#\/schema\/logo\/image\/","url":"https:\/\/redkarawana.com\/wp-content\/uploads\/2025\/05\/cropped-Screenshot-2025-05-29-at-09.27.38.png","contentUrl":"https:\/\/redkarawana.com\/wp-content\/uploads\/2025\/05\/cropped-Screenshot-2025-05-29-at-09.27.38.png","width":512,"height":512,"caption":"Red Karawana"},"image":{"@id":"https:\/\/redkarawana.com\/#\/schema\/logo\/image\/"},"sameAs":["https:\/\/www.facebook.com\/redkarawana\/","https:\/\/www.instagram.com\/redkarawana\/","https:\/\/www.youtube.com\/channel\/UCU9jXzSmyKm4ZZv38FEXGKg","https:\/\/www.pinterest.com\/redkarawana\/"]}]}},"_links":{"self":[{"href":"https:\/\/redkarawana.com\/fr\/wp-json\/wp\/v2\/product\/1131","targetHints":{"allow":["GET"]}}],"collection":[{"href":"https:\/\/redkarawana.com\/fr\/wp-json\/wp\/v2\/product"}],"about":[{"href":"https:\/\/redkarawana.com\/fr\/wp-json\/wp\/v2\/types\/product"}],"wp:featuredmedia":[{"embeddable":true,"href":"https:\/\/redkarawana.com\/fr\/wp-json\/wp\/v2\/media\/1114"}],"wp:attachment":[{"href":"https:\/\/redkarawana.com\/fr\/wp-json\/wp\/v2\/media?parent=1131"}],"wp:term":[{"taxonomy":"product_brand","embeddable":true,"href":"https:\/\/redkarawana.com\/fr\/wp-json\/wp\/v2\/product_brand?post=1131"},{"taxonomy":"product_cat","embeddable":true,"href":"https:\/\/redkarawana.com\/fr\/wp-json\/wp\/v2\/product_cat?post=1131"},{"taxonomy":"product_tag","embeddable":true,"href":"https:\/\/redkarawana.com\/fr\/wp-json\/wp\/v2\/product_tag?post=1131"}],"curies":[{"name":"wp","href":"https:\/\/api.w.org\/{rel}","templated":true}]}}