{"id":1170,"date":"2025-11-29T16:00:16","date_gmt":"2025-11-29T16:00:16","guid":{"rendered":"https:\/\/redkarawana.com\/?post_type=product&#038;p=1170"},"modified":"2024-05-07T23:03:59","modified_gmt":"2024-05-07T23:03:59","slug":"plats-decoratifs-grece","status":"publish","type":"product","link":"https:\/\/redkarawana.com\/fr\/artisan\/plats-decoratifs-grece\/","title":{"rendered":"Plats D\u00e9coratifs, Gr\u00e8ce ; Plats Ornementaux \u00e0 Mosa\u00efque en Verre"},"content":{"rendered":"<p>Santorin, tr\u00e8s belle \u00eele de Gr\u00e8ce, charme ses visiteurs avec ses vues de bord de mer, ses couchers de soleil magiques, son architecture blanche et son artisanat. \u00c0 travers l&rsquo;\u00eele, nous d\u00e9couvrons un choix de peintures uniques, de bijoux, de v\u00eatements, de poteries et d&rsquo;art ornemental. Les plats d\u00e9coratifs que nous avons choisis ici ont une bordure \u00e0 motif dor\u00e9 et en leur centre une mosa\u00efque verte et jaune en verre. Ensemble : 1 plat vert et 1 plat jaune (hauteur 7 3\/4 pouces, largeur 7 3\/4 pouces).<\/p>\n","protected":false},"excerpt":{"rendered":"<p>Santorin, tr\u00e8s belle \u00eele de Gr\u00e8ce, charme ses visiteurs avec ses vues de bord de mer, ses couchers de soleil magiques, son architecture blanche et son artisanat. \u00c0 travers l&rsquo;\u00eele, nous d\u00e9couvrons un choix de peintures uniques, de bijoux, de v\u00eatements, de poteries et d&rsquo;art ornemental. Les plats d\u00e9coratifs que nous avons choisis ici ont [&hellip;]<\/p>\n","protected":false},"featured_media":1155,"template":"","meta":{"_acf_changed":false},"product_brand":[],"product_cat":[49],"product_tag":[],"class_list":{"0":"post-1170","1":"product","2":"type-product","3":"status-publish","4":"has-post-thumbnail","6":"product_cat-decoratif","8":"first","9":"instock","10":"sold-individually","11":"taxable","12":"shipping-taxable","13":"purchasable","14":"product-type-simple"},"acf":[],"yoast_head":"<!-- This site is optimized with the Yoast SEO plugin v27.3 - https:\/\/yoast.com\/product\/yoast-seo-wordpress\/ -->\n<title>Plats D\u00e9coratifs, Gr\u00e8ce - D\u00e9coratif - Red Karawana<\/title>\n<meta name=\"description\" content=\"\u00c0 travers Santorini, nous d\u00e9couvrons d&#039;art ornamental. Nos plats d\u00e9coratifs ont une bordure \u00e0 motif dor\u00e9 et en leur centre une mosa\u00efque.\" \/>\n<meta name=\"robots\" content=\"index, follow, max-snippet:-1, max-image-preview:large, max-video-preview:-1\" \/>\n<link rel=\"canonical\" href=\"https:\/\/redkarawana.com\/fr\/artisan\/plats-decoratifs-grece\/\" \/>\n<meta property=\"og:locale\" content=\"fr_FR\" \/>\n<meta property=\"og:type\" content=\"article\" \/>\n<meta property=\"og:title\" content=\"Plats D\u00e9coratifs, Gr\u00e8ce - D\u00e9coratif - Red Karawana\" \/>\n<meta property=\"og:description\" content=\"\u00c0 travers Santorini, nous d\u00e9couvrons d&#039;art ornamental. Nos plats d\u00e9coratifs ont une bordure \u00e0 motif dor\u00e9 et en leur centre une mosa\u00efque.\" \/>\n<meta property=\"og:url\" content=\"https:\/\/redkarawana.com\/fr\/artisan\/plats-decoratifs-grece\/\" \/>\n<meta property=\"og:site_name\" content=\"Red Karawana\" \/>\n<meta property=\"article:publisher\" content=\"https:\/\/www.facebook.com\/redkarawana\/\" \/>\n<meta property=\"og:image\" content=\"https:\/\/redkarawana.com\/wp-content\/uploads\/2024\/03\/1-AAP-F1200x630-Greece-Decorative-Plates.jpg\" \/>\n\t<meta property=\"og:image:width\" content=\"1200\" \/>\n\t<meta property=\"og:image:height\" content=\"630\" \/>\n\t<meta property=\"og:image:type\" content=\"image\/jpeg\" \/>\n<meta name=\"twitter:card\" content=\"summary_large_image\" \/>\n<meta name=\"twitter:label1\" content=\"Dur\u00e9e de lecture estim\u00e9e\" \/>\n\t<meta name=\"twitter:data1\" content=\"1 minute\" \/>\n<script type=\"application\/ld+json\" class=\"yoast-schema-graph\">{\"@context\":\"https:\\\/\\\/schema.org\",\"@graph\":[{\"@type\":\"WebPage\",\"@id\":\"https:\\\/\\\/redkarawana.com\\\/fr\\\/artisan\\\/plats-decoratifs-grece\\\/\",\"url\":\"https:\\\/\\\/redkarawana.com\\\/fr\\\/artisan\\\/plats-decoratifs-grece\\\/\",\"name\":\"Plats D\u00e9coratifs, Gr\u00e8ce - D\u00e9coratif - Red Karawana\",\"isPartOf\":{\"@id\":\"https:\\\/\\\/redkarawana.com\\\/#website\"},\"primaryImageOfPage\":{\"@id\":\"https:\\\/\\\/redkarawana.com\\\/fr\\\/artisan\\\/plats-decoratifs-grece\\\/#primaryimage\"},\"image\":{\"@id\":\"https:\\\/\\\/redkarawana.com\\\/fr\\\/artisan\\\/plats-decoratifs-grece\\\/#primaryimage\"},\"thumbnailUrl\":\"https:\\\/\\\/redkarawana.com\\\/wp-content\\\/uploads\\\/2024\\\/03\\\/1-SP-Greece-Decorative-Plates.jpg\",\"datePublished\":\"2025-11-29T16:00:16+00:00\",\"description\":\"\u00c0 travers Santorini, nous d\u00e9couvrons d'art ornamental. Nos plats d\u00e9coratifs ont une bordure \u00e0 motif dor\u00e9 et en leur centre une mosa\u00efque.\",\"breadcrumb\":{\"@id\":\"https:\\\/\\\/redkarawana.com\\\/fr\\\/artisan\\\/plats-decoratifs-grece\\\/#breadcrumb\"},\"inLanguage\":\"fr-FR\",\"potentialAction\":[{\"@type\":\"ReadAction\",\"target\":[\"https:\\\/\\\/redkarawana.com\\\/fr\\\/artisan\\\/plats-decoratifs-grece\\\/\"]}]},{\"@type\":\"ImageObject\",\"inLanguage\":\"fr-FR\",\"@id\":\"https:\\\/\\\/redkarawana.com\\\/fr\\\/artisan\\\/plats-decoratifs-grece\\\/#primaryimage\",\"url\":\"https:\\\/\\\/redkarawana.com\\\/wp-content\\\/uploads\\\/2024\\\/03\\\/1-SP-Greece-Decorative-Plates.jpg\",\"contentUrl\":\"https:\\\/\\\/redkarawana.com\\\/wp-content\\\/uploads\\\/2024\\\/03\\\/1-SP-Greece-Decorative-Plates.jpg\",\"width\":680,\"height\":453,\"caption\":\"FRENCH Greece, Decorative Plates\"},{\"@type\":\"BreadcrumbList\",\"@id\":\"https:\\\/\\\/redkarawana.com\\\/fr\\\/artisan\\\/plats-decoratifs-grece\\\/#breadcrumb\",\"itemListElement\":[{\"@type\":\"ListItem\",\"position\":1,\"name\":\"Home\",\"item\":\"https:\\\/\\\/redkarawana.com\\\/fr\\\/\"},{\"@type\":\"ListItem\",\"position\":2,\"name\":\"Artisans\",\"item\":\"https:\\\/\\\/redkarawana.com\\\/fr\\\/artisans\\\/\"},{\"@type\":\"ListItem\",\"position\":3,\"name\":\"Plats D\u00e9coratifs, Gr\u00e8ce ; Plats Ornementaux \u00e0 Mosa\u00efque en Verre\"}]},{\"@type\":\"WebSite\",\"@id\":\"https:\\\/\\\/redkarawana.com\\\/#website\",\"url\":\"https:\\\/\\\/redkarawana.com\\\/\",\"name\":\"Red Karawana\",\"description\":\"\",\"publisher\":{\"@id\":\"https:\\\/\\\/redkarawana.com\\\/#organization\"},\"potentialAction\":[{\"@type\":\"SearchAction\",\"target\":{\"@type\":\"EntryPoint\",\"urlTemplate\":\"https:\\\/\\\/redkarawana.com\\\/?s={search_term_string}\"},\"query-input\":{\"@type\":\"PropertyValueSpecification\",\"valueRequired\":true,\"valueName\":\"search_term_string\"}}],\"inLanguage\":\"fr-FR\"},{\"@type\":\"Organization\",\"@id\":\"https:\\\/\\\/redkarawana.com\\\/#organization\",\"name\":\"Red Karawana\",\"url\":\"https:\\\/\\\/redkarawana.com\\\/\",\"logo\":{\"@type\":\"ImageObject\",\"inLanguage\":\"fr-FR\",\"@id\":\"https:\\\/\\\/redkarawana.com\\\/#\\\/schema\\\/logo\\\/image\\\/\",\"url\":\"https:\\\/\\\/redkarawana.com\\\/wp-content\\\/uploads\\\/2025\\\/05\\\/cropped-Screenshot-2025-05-29-at-09.27.38.png\",\"contentUrl\":\"https:\\\/\\\/redkarawana.com\\\/wp-content\\\/uploads\\\/2025\\\/05\\\/cropped-Screenshot-2025-05-29-at-09.27.38.png\",\"width\":512,\"height\":512,\"caption\":\"Red Karawana\"},\"image\":{\"@id\":\"https:\\\/\\\/redkarawana.com\\\/#\\\/schema\\\/logo\\\/image\\\/\"},\"sameAs\":[\"https:\\\/\\\/www.facebook.com\\\/redkarawana\\\/\",\"https:\\\/\\\/www.instagram.com\\\/redkarawana\\\/\",\"https:\\\/\\\/www.youtube.com\\\/channel\\\/UCU9jXzSmyKm4ZZv38FEXGKg\",\"https:\\\/\\\/www.pinterest.com\\\/redkarawana\\\/\"]}]}<\/script>\n<!-- \/ Yoast SEO plugin. -->","yoast_head_json":{"title":"Plats D\u00e9coratifs, Gr\u00e8ce - D\u00e9coratif - Red Karawana","description":"\u00c0 travers Santorini, nous d\u00e9couvrons d'art ornamental. Nos plats d\u00e9coratifs ont une bordure \u00e0 motif dor\u00e9 et en leur centre une mosa\u00efque.","robots":{"index":"index","follow":"follow","max-snippet":"max-snippet:-1","max-image-preview":"max-image-preview:large","max-video-preview":"max-video-preview:-1"},"canonical":"https:\/\/redkarawana.com\/fr\/artisan\/plats-decoratifs-grece\/","og_locale":"fr_FR","og_type":"article","og_title":"Plats D\u00e9coratifs, Gr\u00e8ce - D\u00e9coratif - Red Karawana","og_description":"\u00c0 travers Santorini, nous d\u00e9couvrons d'art ornamental. Nos plats d\u00e9coratifs ont une bordure \u00e0 motif dor\u00e9 et en leur centre une mosa\u00efque.","og_url":"https:\/\/redkarawana.com\/fr\/artisan\/plats-decoratifs-grece\/","og_site_name":"Red Karawana","article_publisher":"https:\/\/www.facebook.com\/redkarawana\/","og_image":[{"width":1200,"height":630,"url":"https:\/\/redkarawana.com\/wp-content\/uploads\/2024\/03\/1-AAP-F1200x630-Greece-Decorative-Plates.jpg","type":"image\/jpeg"}],"twitter_card":"summary_large_image","twitter_misc":{"Dur\u00e9e de lecture estim\u00e9e":"1 minute"},"schema":{"@context":"https:\/\/schema.org","@graph":[{"@type":"WebPage","@id":"https:\/\/redkarawana.com\/fr\/artisan\/plats-decoratifs-grece\/","url":"https:\/\/redkarawana.com\/fr\/artisan\/plats-decoratifs-grece\/","name":"Plats D\u00e9coratifs, Gr\u00e8ce - D\u00e9coratif - Red Karawana","isPartOf":{"@id":"https:\/\/redkarawana.com\/#website"},"primaryImageOfPage":{"@id":"https:\/\/redkarawana.com\/fr\/artisan\/plats-decoratifs-grece\/#primaryimage"},"image":{"@id":"https:\/\/redkarawana.com\/fr\/artisan\/plats-decoratifs-grece\/#primaryimage"},"thumbnailUrl":"https:\/\/redkarawana.com\/wp-content\/uploads\/2024\/03\/1-SP-Greece-Decorative-Plates.jpg","datePublished":"2025-11-29T16:00:16+00:00","description":"\u00c0 travers Santorini, nous d\u00e9couvrons d'art ornamental. Nos plats d\u00e9coratifs ont une bordure \u00e0 motif dor\u00e9 et en leur centre une mosa\u00efque.","breadcrumb":{"@id":"https:\/\/redkarawana.com\/fr\/artisan\/plats-decoratifs-grece\/#breadcrumb"},"inLanguage":"fr-FR","potentialAction":[{"@type":"ReadAction","target":["https:\/\/redkarawana.com\/fr\/artisan\/plats-decoratifs-grece\/"]}]},{"@type":"ImageObject","inLanguage":"fr-FR","@id":"https:\/\/redkarawana.com\/fr\/artisan\/plats-decoratifs-grece\/#primaryimage","url":"https:\/\/redkarawana.com\/wp-content\/uploads\/2024\/03\/1-SP-Greece-Decorative-Plates.jpg","contentUrl":"https:\/\/redkarawana.com\/wp-content\/uploads\/2024\/03\/1-SP-Greece-Decorative-Plates.jpg","width":680,"height":453,"caption":"FRENCH Greece, Decorative Plates"},{"@type":"BreadcrumbList","@id":"https:\/\/redkarawana.com\/fr\/artisan\/plats-decoratifs-grece\/#breadcrumb","itemListElement":[{"@type":"ListItem","position":1,"name":"Home","item":"https:\/\/redkarawana.com\/fr\/"},{"@type":"ListItem","position":2,"name":"Artisans","item":"https:\/\/redkarawana.com\/fr\/artisans\/"},{"@type":"ListItem","position":3,"name":"Plats D\u00e9coratifs, Gr\u00e8ce ; Plats Ornementaux \u00e0 Mosa\u00efque en Verre"}]},{"@type":"WebSite","@id":"https:\/\/redkarawana.com\/#website","url":"https:\/\/redkarawana.com\/","name":"Red Karawana","description":"","publisher":{"@id":"https:\/\/redkarawana.com\/#organization"},"potentialAction":[{"@type":"SearchAction","target":{"@type":"EntryPoint","urlTemplate":"https:\/\/redkarawana.com\/?s={search_term_string}"},"query-input":{"@type":"PropertyValueSpecification","valueRequired":true,"valueName":"search_term_string"}}],"inLanguage":"fr-FR"},{"@type":"Organization","@id":"https:\/\/redkarawana.com\/#organization","name":"Red Karawana","url":"https:\/\/redkarawana.com\/","logo":{"@type":"ImageObject","inLanguage":"fr-FR","@id":"https:\/\/redkarawana.com\/#\/schema\/logo\/image\/","url":"https:\/\/redkarawana.com\/wp-content\/uploads\/2025\/05\/cropped-Screenshot-2025-05-29-at-09.27.38.png","contentUrl":"https:\/\/redkarawana.com\/wp-content\/uploads\/2025\/05\/cropped-Screenshot-2025-05-29-at-09.27.38.png","width":512,"height":512,"caption":"Red Karawana"},"image":{"@id":"https:\/\/redkarawana.com\/#\/schema\/logo\/image\/"},"sameAs":["https:\/\/www.facebook.com\/redkarawana\/","https:\/\/www.instagram.com\/redkarawana\/","https:\/\/www.youtube.com\/channel\/UCU9jXzSmyKm4ZZv38FEXGKg","https:\/\/www.pinterest.com\/redkarawana\/"]}]}},"_links":{"self":[{"href":"https:\/\/redkarawana.com\/fr\/wp-json\/wp\/v2\/product\/1170","targetHints":{"allow":["GET"]}}],"collection":[{"href":"https:\/\/redkarawana.com\/fr\/wp-json\/wp\/v2\/product"}],"about":[{"href":"https:\/\/redkarawana.com\/fr\/wp-json\/wp\/v2\/types\/product"}],"wp:featuredmedia":[{"embeddable":true,"href":"https:\/\/redkarawana.com\/fr\/wp-json\/wp\/v2\/media\/1155"}],"wp:attachment":[{"href":"https:\/\/redkarawana.com\/fr\/wp-json\/wp\/v2\/media?parent=1170"}],"wp:term":[{"taxonomy":"product_brand","embeddable":true,"href":"https:\/\/redkarawana.com\/fr\/wp-json\/wp\/v2\/product_brand?post=1170"},{"taxonomy":"product_cat","embeddable":true,"href":"https:\/\/redkarawana.com\/fr\/wp-json\/wp\/v2\/product_cat?post=1170"},{"taxonomy":"product_tag","embeddable":true,"href":"https:\/\/redkarawana.com\/fr\/wp-json\/wp\/v2\/product_tag?post=1170"}],"curies":[{"name":"wp","href":"https:\/\/api.w.org\/{rel}","templated":true}]}}