{"id":11949,"date":"2025-11-30T03:40:24","date_gmt":"2025-11-30T03:40:24","guid":{"rendered":"https:\/\/redkarawana.com\/?post_type=product&#038;p=11949"},"modified":"2025-10-11T22:00:24","modified_gmt":"2025-10-11T22:00:24","slug":"tableau-architecture-traditionnelle-bahrein","status":"publish","type":"product","link":"https:\/\/redkarawana.com\/fr\/artisan\/tableau-architecture-traditionnelle-bahrein\/","title":{"rendered":"Tableau Architecture Traditionnelle, Bahre\u00efn ; Un Hommage \u00e0 La Culture"},"content":{"rendered":"<p>Le Bahre\u00efn est une destination unique, qui offre une culture fascinante, de magnifiques c\u00f4tes et des \u0153uvres d&rsquo;art traditionnelles. L&rsquo;histoire, la culture et les traditions du Bahre\u00efn int\u00e8grent les influences de divers empires. L&rsquo;architecture traditionnelle de Bahre\u00efn comprend diverses structures construites en pierre et en boue. Les paysages mettant en valeur les forts historiques et les mosqu\u00e9es spirituelles sont immortalis\u00e9s dans l&rsquo;art. Nous s\u00e9lectionnons quelques tableaux repr\u00e9sentant les traditions et les paysages de Bahre\u00efn. Notre Tableau Architecture Traditionnelle pr\u00e9sent\u00e9 dans un cadre dor\u00e9, met en valeur de magnifiques tours et structures en pierre. Mesures : Tableau Architecture Traditionnelle (hauteur 12 pouces, largeur 10 1\/4 pouces).      <\/p>\n","protected":false},"excerpt":{"rendered":"<p>Le Bahre\u00efn est une destination unique, qui offre une culture fascinante, de magnifiques c\u00f4tes et des \u0153uvres d&rsquo;art traditionnelles. L&rsquo;histoire, la culture et les traditions du Bahre\u00efn int\u00e8grent les influences de divers empires. L&rsquo;architecture traditionnelle de Bahre\u00efn comprend diverses structures construites en pierre et en boue. Les paysages mettant en valeur les forts historiques et [&hellip;]<\/p>\n","protected":false},"featured_media":11912,"template":"","meta":{"_acf_changed":false},"product_brand":[],"product_cat":[48],"product_tag":[],"class_list":{"0":"post-11949","1":"product","2":"type-product","3":"status-publish","4":"has-post-thumbnail","6":"product_cat-artistique","8":"first","9":"instock","10":"taxable","11":"shipping-taxable","12":"purchasable","13":"product-type-simple"},"acf":[],"yoast_head":"<!-- This site is optimized with the Yoast SEO plugin v27.4 - https:\/\/yoast.com\/product\/yoast-seo-wordpress\/ -->\n<title>Tableau Architecture Traditionnelle, Bahre\u00efn - Artistique - Red Karawana<\/title>\n<meta name=\"description\" content=\"Notre Tableau Architecture Traditionnelle pr\u00e9sent\u00e9 dans un cadre dor\u00e9, met en valeur de magnifiques tours et structures en pierre.\" \/>\n<meta name=\"robots\" content=\"index, follow, max-snippet:-1, max-image-preview:large, max-video-preview:-1\" \/>\n<link rel=\"canonical\" href=\"https:\/\/redkarawana.com\/fr\/artisan\/tableau-architecture-traditionnelle-bahrein\/\" \/>\n<meta property=\"og:locale\" content=\"fr_FR\" \/>\n<meta property=\"og:type\" content=\"article\" \/>\n<meta property=\"og:title\" content=\"Tableau Architecture Traditionnelle, Bahre\u00efn - Artistique - Red Karawana\" \/>\n<meta property=\"og:description\" content=\"Notre Tableau Architecture Traditionnelle pr\u00e9sent\u00e9 dans un cadre dor\u00e9, met en valeur de magnifiques tours et structures en pierre.\" \/>\n<meta property=\"og:url\" content=\"https:\/\/redkarawana.com\/fr\/artisan\/tableau-architecture-traditionnelle-bahrein\/\" \/>\n<meta property=\"og:site_name\" content=\"Red Karawana\" \/>\n<meta property=\"article:publisher\" content=\"https:\/\/www.facebook.com\/redkarawana\/\" \/>\n<meta property=\"og:image\" content=\"https:\/\/redkarawana.com\/wp-content\/uploads\/2025\/10\/1-AF-Bahrain-Traditional-Architecture-Artwork-1024x538.jpg\" \/>\n<meta name=\"twitter:card\" content=\"summary_large_image\" \/>\n<meta name=\"twitter:label1\" content=\"Dur\u00e9e de lecture estim\u00e9e\" \/>\n\t<meta name=\"twitter:data1\" content=\"1 minute\" \/>\n<script type=\"application\/ld+json\" class=\"yoast-schema-graph\">{\"@context\":\"https:\\\/\\\/schema.org\",\"@graph\":[{\"@type\":\"WebPage\",\"@id\":\"https:\\\/\\\/redkarawana.com\\\/fr\\\/artisan\\\/tableau-architecture-traditionnelle-bahrein\\\/\",\"url\":\"https:\\\/\\\/redkarawana.com\\\/fr\\\/artisan\\\/tableau-architecture-traditionnelle-bahrein\\\/\",\"name\":\"Tableau Architecture Traditionnelle, Bahre\u00efn - Artistique - Red Karawana\",\"isPartOf\":{\"@id\":\"https:\\\/\\\/redkarawana.com\\\/#website\"},\"primaryImageOfPage\":{\"@id\":\"https:\\\/\\\/redkarawana.com\\\/fr\\\/artisan\\\/tableau-architecture-traditionnelle-bahrein\\\/#primaryimage\"},\"image\":{\"@id\":\"https:\\\/\\\/redkarawana.com\\\/fr\\\/artisan\\\/tableau-architecture-traditionnelle-bahrein\\\/#primaryimage\"},\"thumbnailUrl\":\"https:\\\/\\\/redkarawana.com\\\/wp-content\\\/uploads\\\/2025\\\/10\\\/1-Feature-Bahrain-Traditional-Architecture-Artwork.jpg\",\"datePublished\":\"2025-11-30T03:40:24+00:00\",\"description\":\"Notre Tableau Architecture Traditionnelle pr\u00e9sent\u00e9 dans un cadre dor\u00e9, met en valeur de magnifiques tours et structures en pierre.\",\"breadcrumb\":{\"@id\":\"https:\\\/\\\/redkarawana.com\\\/fr\\\/artisan\\\/tableau-architecture-traditionnelle-bahrein\\\/#breadcrumb\"},\"inLanguage\":\"fr-FR\",\"potentialAction\":[{\"@type\":\"ReadAction\",\"target\":[\"https:\\\/\\\/redkarawana.com\\\/fr\\\/artisan\\\/tableau-architecture-traditionnelle-bahrein\\\/\"]}]},{\"@type\":\"ImageObject\",\"inLanguage\":\"fr-FR\",\"@id\":\"https:\\\/\\\/redkarawana.com\\\/fr\\\/artisan\\\/tableau-architecture-traditionnelle-bahrein\\\/#primaryimage\",\"url\":\"https:\\\/\\\/redkarawana.com\\\/wp-content\\\/uploads\\\/2025\\\/10\\\/1-Feature-Bahrain-Traditional-Architecture-Artwork.jpg\",\"contentUrl\":\"https:\\\/\\\/redkarawana.com\\\/wp-content\\\/uploads\\\/2025\\\/10\\\/1-Feature-Bahrain-Traditional-Architecture-Artwork.jpg\",\"width\":680,\"height\":453,\"caption\":\"Bahre\u00efn, Tableau Architecture Traditionnelle\"},{\"@type\":\"BreadcrumbList\",\"@id\":\"https:\\\/\\\/redkarawana.com\\\/fr\\\/artisan\\\/tableau-architecture-traditionnelle-bahrein\\\/#breadcrumb\",\"itemListElement\":[{\"@type\":\"ListItem\",\"position\":1,\"name\":\"Home\",\"item\":\"https:\\\/\\\/redkarawana.com\\\/fr\\\/\"},{\"@type\":\"ListItem\",\"position\":2,\"name\":\"Artisans\",\"item\":\"https:\\\/\\\/redkarawana.com\\\/fr\\\/artisans\\\/\"},{\"@type\":\"ListItem\",\"position\":3,\"name\":\"Tableau Architecture Traditionnelle, Bahre\u00efn ; Un Hommage \u00e0 La Culture\"}]},{\"@type\":\"WebSite\",\"@id\":\"https:\\\/\\\/redkarawana.com\\\/#website\",\"url\":\"https:\\\/\\\/redkarawana.com\\\/\",\"name\":\"Red Karawana\",\"description\":\"\",\"publisher\":{\"@id\":\"https:\\\/\\\/redkarawana.com\\\/#organization\"},\"potentialAction\":[{\"@type\":\"SearchAction\",\"target\":{\"@type\":\"EntryPoint\",\"urlTemplate\":\"https:\\\/\\\/redkarawana.com\\\/?s={search_term_string}\"},\"query-input\":{\"@type\":\"PropertyValueSpecification\",\"valueRequired\":true,\"valueName\":\"search_term_string\"}}],\"inLanguage\":\"fr-FR\"},{\"@type\":\"Organization\",\"@id\":\"https:\\\/\\\/redkarawana.com\\\/#organization\",\"name\":\"Red Karawana\",\"url\":\"https:\\\/\\\/redkarawana.com\\\/\",\"logo\":{\"@type\":\"ImageObject\",\"inLanguage\":\"fr-FR\",\"@id\":\"https:\\\/\\\/redkarawana.com\\\/#\\\/schema\\\/logo\\\/image\\\/\",\"url\":\"https:\\\/\\\/redkarawana.com\\\/wp-content\\\/uploads\\\/2025\\\/05\\\/cropped-Screenshot-2025-05-29-at-09.27.38.png\",\"contentUrl\":\"https:\\\/\\\/redkarawana.com\\\/wp-content\\\/uploads\\\/2025\\\/05\\\/cropped-Screenshot-2025-05-29-at-09.27.38.png\",\"width\":512,\"height\":512,\"caption\":\"Red Karawana\"},\"image\":{\"@id\":\"https:\\\/\\\/redkarawana.com\\\/#\\\/schema\\\/logo\\\/image\\\/\"},\"sameAs\":[\"https:\\\/\\\/www.facebook.com\\\/redkarawana\\\/\",\"https:\\\/\\\/www.instagram.com\\\/redkarawana\\\/\",\"https:\\\/\\\/www.youtube.com\\\/channel\\\/UCU9jXzSmyKm4ZZv38FEXGKg\",\"https:\\\/\\\/www.pinterest.com\\\/redkarawana\\\/\"]}]}<\/script>\n<!-- \/ Yoast SEO plugin. -->","yoast_head_json":{"title":"Tableau Architecture Traditionnelle, Bahre\u00efn - Artistique - Red Karawana","description":"Notre Tableau Architecture Traditionnelle pr\u00e9sent\u00e9 dans un cadre dor\u00e9, met en valeur de magnifiques tours et structures en pierre.","robots":{"index":"index","follow":"follow","max-snippet":"max-snippet:-1","max-image-preview":"max-image-preview:large","max-video-preview":"max-video-preview:-1"},"canonical":"https:\/\/redkarawana.com\/fr\/artisan\/tableau-architecture-traditionnelle-bahrein\/","og_locale":"fr_FR","og_type":"article","og_title":"Tableau Architecture Traditionnelle, Bahre\u00efn - Artistique - Red Karawana","og_description":"Notre Tableau Architecture Traditionnelle pr\u00e9sent\u00e9 dans un cadre dor\u00e9, met en valeur de magnifiques tours et structures en pierre.","og_url":"https:\/\/redkarawana.com\/fr\/artisan\/tableau-architecture-traditionnelle-bahrein\/","og_site_name":"Red Karawana","article_publisher":"https:\/\/www.facebook.com\/redkarawana\/","og_image":[{"url":"https:\/\/redkarawana.com\/wp-content\/uploads\/2025\/10\/1-AF-Bahrain-Traditional-Architecture-Artwork-1024x538.jpg","type":"","width":"","height":""}],"twitter_card":"summary_large_image","twitter_misc":{"Dur\u00e9e de lecture estim\u00e9e":"1 minute"},"schema":{"@context":"https:\/\/schema.org","@graph":[{"@type":"WebPage","@id":"https:\/\/redkarawana.com\/fr\/artisan\/tableau-architecture-traditionnelle-bahrein\/","url":"https:\/\/redkarawana.com\/fr\/artisan\/tableau-architecture-traditionnelle-bahrein\/","name":"Tableau Architecture Traditionnelle, Bahre\u00efn - Artistique - Red Karawana","isPartOf":{"@id":"https:\/\/redkarawana.com\/#website"},"primaryImageOfPage":{"@id":"https:\/\/redkarawana.com\/fr\/artisan\/tableau-architecture-traditionnelle-bahrein\/#primaryimage"},"image":{"@id":"https:\/\/redkarawana.com\/fr\/artisan\/tableau-architecture-traditionnelle-bahrein\/#primaryimage"},"thumbnailUrl":"https:\/\/redkarawana.com\/wp-content\/uploads\/2025\/10\/1-Feature-Bahrain-Traditional-Architecture-Artwork.jpg","datePublished":"2025-11-30T03:40:24+00:00","description":"Notre Tableau Architecture Traditionnelle pr\u00e9sent\u00e9 dans un cadre dor\u00e9, met en valeur de magnifiques tours et structures en pierre.","breadcrumb":{"@id":"https:\/\/redkarawana.com\/fr\/artisan\/tableau-architecture-traditionnelle-bahrein\/#breadcrumb"},"inLanguage":"fr-FR","potentialAction":[{"@type":"ReadAction","target":["https:\/\/redkarawana.com\/fr\/artisan\/tableau-architecture-traditionnelle-bahrein\/"]}]},{"@type":"ImageObject","inLanguage":"fr-FR","@id":"https:\/\/redkarawana.com\/fr\/artisan\/tableau-architecture-traditionnelle-bahrein\/#primaryimage","url":"https:\/\/redkarawana.com\/wp-content\/uploads\/2025\/10\/1-Feature-Bahrain-Traditional-Architecture-Artwork.jpg","contentUrl":"https:\/\/redkarawana.com\/wp-content\/uploads\/2025\/10\/1-Feature-Bahrain-Traditional-Architecture-Artwork.jpg","width":680,"height":453,"caption":"Bahre\u00efn, Tableau Architecture Traditionnelle"},{"@type":"BreadcrumbList","@id":"https:\/\/redkarawana.com\/fr\/artisan\/tableau-architecture-traditionnelle-bahrein\/#breadcrumb","itemListElement":[{"@type":"ListItem","position":1,"name":"Home","item":"https:\/\/redkarawana.com\/fr\/"},{"@type":"ListItem","position":2,"name":"Artisans","item":"https:\/\/redkarawana.com\/fr\/artisans\/"},{"@type":"ListItem","position":3,"name":"Tableau Architecture Traditionnelle, Bahre\u00efn ; Un Hommage \u00e0 La Culture"}]},{"@type":"WebSite","@id":"https:\/\/redkarawana.com\/#website","url":"https:\/\/redkarawana.com\/","name":"Red Karawana","description":"","publisher":{"@id":"https:\/\/redkarawana.com\/#organization"},"potentialAction":[{"@type":"SearchAction","target":{"@type":"EntryPoint","urlTemplate":"https:\/\/redkarawana.com\/?s={search_term_string}"},"query-input":{"@type":"PropertyValueSpecification","valueRequired":true,"valueName":"search_term_string"}}],"inLanguage":"fr-FR"},{"@type":"Organization","@id":"https:\/\/redkarawana.com\/#organization","name":"Red Karawana","url":"https:\/\/redkarawana.com\/","logo":{"@type":"ImageObject","inLanguage":"fr-FR","@id":"https:\/\/redkarawana.com\/#\/schema\/logo\/image\/","url":"https:\/\/redkarawana.com\/wp-content\/uploads\/2025\/05\/cropped-Screenshot-2025-05-29-at-09.27.38.png","contentUrl":"https:\/\/redkarawana.com\/wp-content\/uploads\/2025\/05\/cropped-Screenshot-2025-05-29-at-09.27.38.png","width":512,"height":512,"caption":"Red Karawana"},"image":{"@id":"https:\/\/redkarawana.com\/#\/schema\/logo\/image\/"},"sameAs":["https:\/\/www.facebook.com\/redkarawana\/","https:\/\/www.instagram.com\/redkarawana\/","https:\/\/www.youtube.com\/channel\/UCU9jXzSmyKm4ZZv38FEXGKg","https:\/\/www.pinterest.com\/redkarawana\/"]}]}},"_links":{"self":[{"href":"https:\/\/redkarawana.com\/fr\/wp-json\/wp\/v2\/product\/11949","targetHints":{"allow":["GET"]}}],"collection":[{"href":"https:\/\/redkarawana.com\/fr\/wp-json\/wp\/v2\/product"}],"about":[{"href":"https:\/\/redkarawana.com\/fr\/wp-json\/wp\/v2\/types\/product"}],"wp:featuredmedia":[{"embeddable":true,"href":"https:\/\/redkarawana.com\/fr\/wp-json\/wp\/v2\/media\/11912"}],"wp:attachment":[{"href":"https:\/\/redkarawana.com\/fr\/wp-json\/wp\/v2\/media?parent=11949"}],"wp:term":[{"taxonomy":"product_brand","embeddable":true,"href":"https:\/\/redkarawana.com\/fr\/wp-json\/wp\/v2\/product_brand?post=11949"},{"taxonomy":"product_cat","embeddable":true,"href":"https:\/\/redkarawana.com\/fr\/wp-json\/wp\/v2\/product_cat?post=11949"},{"taxonomy":"product_tag","embeddable":true,"href":"https:\/\/redkarawana.com\/fr\/wp-json\/wp\/v2\/product_tag?post=11949"}],"curies":[{"name":"wp","href":"https:\/\/api.w.org\/{rel}","templated":true}]}}