{"id":11953,"date":"2025-11-30T04:00:16","date_gmt":"2025-11-30T04:00:16","guid":{"rendered":"https:\/\/redkarawana.com\/?post_type=product&#038;p=11953"},"modified":"2025-12-06T07:59:11","modified_gmt":"2025-12-06T07:59:11","slug":"tableau-bateau-bois-bahrein","status":"publish","type":"product","link":"https:\/\/redkarawana.com\/fr\/artisan\/tableau-bateau-bois-bahrein\/","title":{"rendered":"Tableau Bateau en Bois, Bahre\u00efn; Un Hommage \u00e0 La Culture"},"content":{"rendered":"<p>Le Bahre\u00efn est une destination unique, qui offre une culture fascinante, de magnifiques c\u00f4tes et des \u0153uvres d&rsquo;art traditionnelles. L&rsquo;histoire, la culture et les traditions du Bahre\u00efn int\u00e8grent les influences de divers empires. L&rsquo;architecture traditionnelle de Bahre\u00efn comprend diverses structures construites en pierre et en boue. Les paysages mettant en valeur les forts historiques et les mosqu\u00e9es spirituelles sont immortalis\u00e9s dans l&rsquo;art. Nous s\u00e9lectionnons quelques tableaux repr\u00e9sentant les traditions et les paysages de Bahre\u00efn. Notre Tableau Bateau en Bois pr\u00e9sent\u00e9 dans un cadre dor\u00e9, montre un bateau en bois et une habitation traditionnelle le long du littoral. Mesures : Tableau Bateau en Bois (hauteur 10 1\/4 pouces, largeur 12 1\/2 pouces).<\/p>\n","protected":false},"excerpt":{"rendered":"<p>Le Bahre\u00efn est une destination unique, qui offre une culture fascinante, de magnifiques c\u00f4tes et des \u0153uvres d&rsquo;art traditionnelles. L&rsquo;histoire, la culture et les traditions du Bahre\u00efn int\u00e8grent les influences de divers empires. L&rsquo;architecture traditionnelle de Bahre\u00efn comprend diverses structures construites en pierre et en boue. Les paysages mettant en valeur les forts historiques et [&hellip;]<\/p>\n","protected":false},"featured_media":11932,"template":"","meta":{"_acf_changed":false},"product_brand":[],"product_cat":[48],"product_tag":[],"class_list":{"0":"post-11953","1":"product","2":"type-product","3":"status-publish","4":"has-post-thumbnail","6":"product_cat-artistique","8":"first","9":"instock","10":"taxable","11":"shipping-taxable","12":"purchasable","13":"product-type-simple"},"acf":[],"yoast_head":"<!-- This site is optimized with the Yoast SEO plugin v27.3 - https:\/\/yoast.com\/product\/yoast-seo-wordpress\/ -->\n<title>Tableau Bateau en Bois, Bahre\u00efn - Artistique - Red Karawana<\/title>\n<meta name=\"description\" content=\"Notre Tableau Bateau en Bois pr\u00e9sent\u00e9 dans un cadre dor\u00e9, montre un bateau en bois et une habitation traditionnelle le long du littoral.\" \/>\n<meta name=\"robots\" content=\"index, follow, max-snippet:-1, max-image-preview:large, max-video-preview:-1\" \/>\n<link rel=\"canonical\" href=\"https:\/\/redkarawana.com\/fr\/artisan\/tableau-bateau-bois-bahrein\/\" \/>\n<meta property=\"og:locale\" content=\"fr_FR\" \/>\n<meta property=\"og:type\" content=\"article\" \/>\n<meta property=\"og:title\" content=\"Tableau Bateau en Bois, Bahre\u00efn - Artistique - Red Karawana\" \/>\n<meta property=\"og:description\" content=\"Notre Tableau Bateau en Bois pr\u00e9sent\u00e9 dans un cadre dor\u00e9, montre un bateau en bois et une habitation traditionnelle le long du littoral.\" \/>\n<meta property=\"og:url\" content=\"https:\/\/redkarawana.com\/fr\/artisan\/tableau-bateau-bois-bahrein\/\" \/>\n<meta property=\"og:site_name\" content=\"Red Karawana\" \/>\n<meta property=\"article:publisher\" content=\"https:\/\/www.facebook.com\/redkarawana\/\" \/>\n<meta property=\"article:modified_time\" content=\"2025-12-06T07:59:11+00:00\" \/>\n<meta property=\"og:image\" content=\"https:\/\/redkarawana.com\/wp-content\/uploads\/2025\/10\/1-AF-Bahrain-Wooden-Boat-Artwork.jpg\" \/>\n\t<meta property=\"og:image:width\" content=\"1200\" \/>\n\t<meta property=\"og:image:height\" content=\"630\" \/>\n\t<meta property=\"og:image:type\" content=\"image\/jpeg\" \/>\n<meta name=\"twitter:card\" content=\"summary_large_image\" \/>\n<meta name=\"twitter:label1\" content=\"Dur\u00e9e de lecture estim\u00e9e\" \/>\n\t<meta name=\"twitter:data1\" content=\"1 minute\" \/>\n<script type=\"application\/ld+json\" class=\"yoast-schema-graph\">{\"@context\":\"https:\\\/\\\/schema.org\",\"@graph\":[{\"@type\":\"WebPage\",\"@id\":\"https:\\\/\\\/redkarawana.com\\\/fr\\\/artisan\\\/tableau-bateau-bois-bahrein\\\/\",\"url\":\"https:\\\/\\\/redkarawana.com\\\/fr\\\/artisan\\\/tableau-bateau-bois-bahrein\\\/\",\"name\":\"Tableau Bateau en Bois, Bahre\u00efn - Artistique - Red Karawana\",\"isPartOf\":{\"@id\":\"https:\\\/\\\/redkarawana.com\\\/#website\"},\"primaryImageOfPage\":{\"@id\":\"https:\\\/\\\/redkarawana.com\\\/fr\\\/artisan\\\/tableau-bateau-bois-bahrein\\\/#primaryimage\"},\"image\":{\"@id\":\"https:\\\/\\\/redkarawana.com\\\/fr\\\/artisan\\\/tableau-bateau-bois-bahrein\\\/#primaryimage\"},\"thumbnailUrl\":\"https:\\\/\\\/redkarawana.com\\\/wp-content\\\/uploads\\\/2025\\\/10\\\/1-Feature-Bahrain-Wooden-Boat-Artwork.jpg\",\"datePublished\":\"2025-11-30T04:00:16+00:00\",\"dateModified\":\"2025-12-06T07:59:11+00:00\",\"description\":\"Notre Tableau Bateau en Bois pr\u00e9sent\u00e9 dans un cadre dor\u00e9, montre un bateau en bois et une habitation traditionnelle le long du littoral.\",\"breadcrumb\":{\"@id\":\"https:\\\/\\\/redkarawana.com\\\/fr\\\/artisan\\\/tableau-bateau-bois-bahrein\\\/#breadcrumb\"},\"inLanguage\":\"fr-FR\",\"potentialAction\":[{\"@type\":\"ReadAction\",\"target\":[\"https:\\\/\\\/redkarawana.com\\\/fr\\\/artisan\\\/tableau-bateau-bois-bahrein\\\/\"]}]},{\"@type\":\"ImageObject\",\"inLanguage\":\"fr-FR\",\"@id\":\"https:\\\/\\\/redkarawana.com\\\/fr\\\/artisan\\\/tableau-bateau-bois-bahrein\\\/#primaryimage\",\"url\":\"https:\\\/\\\/redkarawana.com\\\/wp-content\\\/uploads\\\/2025\\\/10\\\/1-Feature-Bahrain-Wooden-Boat-Artwork.jpg\",\"contentUrl\":\"https:\\\/\\\/redkarawana.com\\\/wp-content\\\/uploads\\\/2025\\\/10\\\/1-Feature-Bahrain-Wooden-Boat-Artwork.jpg\",\"width\":680,\"height\":453,\"caption\":\"Bahre\u00efn, Tableau Bateau en Bois\"},{\"@type\":\"BreadcrumbList\",\"@id\":\"https:\\\/\\\/redkarawana.com\\\/fr\\\/artisan\\\/tableau-bateau-bois-bahrein\\\/#breadcrumb\",\"itemListElement\":[{\"@type\":\"ListItem\",\"position\":1,\"name\":\"Home\",\"item\":\"https:\\\/\\\/redkarawana.com\\\/fr\\\/\"},{\"@type\":\"ListItem\",\"position\":2,\"name\":\"Artisans\",\"item\":\"https:\\\/\\\/redkarawana.com\\\/fr\\\/artisans\\\/\"},{\"@type\":\"ListItem\",\"position\":3,\"name\":\"Tableau Bateau en Bois, Bahre\u00efn; Un Hommage \u00e0 La Culture\"}]},{\"@type\":\"WebSite\",\"@id\":\"https:\\\/\\\/redkarawana.com\\\/#website\",\"url\":\"https:\\\/\\\/redkarawana.com\\\/\",\"name\":\"Red Karawana\",\"description\":\"\",\"publisher\":{\"@id\":\"https:\\\/\\\/redkarawana.com\\\/#organization\"},\"potentialAction\":[{\"@type\":\"SearchAction\",\"target\":{\"@type\":\"EntryPoint\",\"urlTemplate\":\"https:\\\/\\\/redkarawana.com\\\/?s={search_term_string}\"},\"query-input\":{\"@type\":\"PropertyValueSpecification\",\"valueRequired\":true,\"valueName\":\"search_term_string\"}}],\"inLanguage\":\"fr-FR\"},{\"@type\":\"Organization\",\"@id\":\"https:\\\/\\\/redkarawana.com\\\/#organization\",\"name\":\"Red Karawana\",\"url\":\"https:\\\/\\\/redkarawana.com\\\/\",\"logo\":{\"@type\":\"ImageObject\",\"inLanguage\":\"fr-FR\",\"@id\":\"https:\\\/\\\/redkarawana.com\\\/#\\\/schema\\\/logo\\\/image\\\/\",\"url\":\"https:\\\/\\\/redkarawana.com\\\/wp-content\\\/uploads\\\/2025\\\/05\\\/cropped-Screenshot-2025-05-29-at-09.27.38.png\",\"contentUrl\":\"https:\\\/\\\/redkarawana.com\\\/wp-content\\\/uploads\\\/2025\\\/05\\\/cropped-Screenshot-2025-05-29-at-09.27.38.png\",\"width\":512,\"height\":512,\"caption\":\"Red Karawana\"},\"image\":{\"@id\":\"https:\\\/\\\/redkarawana.com\\\/#\\\/schema\\\/logo\\\/image\\\/\"},\"sameAs\":[\"https:\\\/\\\/www.facebook.com\\\/redkarawana\\\/\",\"https:\\\/\\\/www.instagram.com\\\/redkarawana\\\/\",\"https:\\\/\\\/www.youtube.com\\\/channel\\\/UCU9jXzSmyKm4ZZv38FEXGKg\",\"https:\\\/\\\/www.pinterest.com\\\/redkarawana\\\/\"]}]}<\/script>\n<!-- \/ Yoast SEO plugin. -->","yoast_head_json":{"title":"Tableau Bateau en Bois, Bahre\u00efn - Artistique - Red Karawana","description":"Notre Tableau Bateau en Bois pr\u00e9sent\u00e9 dans un cadre dor\u00e9, montre un bateau en bois et une habitation traditionnelle le long du littoral.","robots":{"index":"index","follow":"follow","max-snippet":"max-snippet:-1","max-image-preview":"max-image-preview:large","max-video-preview":"max-video-preview:-1"},"canonical":"https:\/\/redkarawana.com\/fr\/artisan\/tableau-bateau-bois-bahrein\/","og_locale":"fr_FR","og_type":"article","og_title":"Tableau Bateau en Bois, Bahre\u00efn - Artistique - Red Karawana","og_description":"Notre Tableau Bateau en Bois pr\u00e9sent\u00e9 dans un cadre dor\u00e9, montre un bateau en bois et une habitation traditionnelle le long du littoral.","og_url":"https:\/\/redkarawana.com\/fr\/artisan\/tableau-bateau-bois-bahrein\/","og_site_name":"Red Karawana","article_publisher":"https:\/\/www.facebook.com\/redkarawana\/","article_modified_time":"2025-12-06T07:59:11+00:00","og_image":[{"width":1200,"height":630,"url":"https:\/\/redkarawana.com\/wp-content\/uploads\/2025\/10\/1-AF-Bahrain-Wooden-Boat-Artwork.jpg","type":"image\/jpeg"}],"twitter_card":"summary_large_image","twitter_misc":{"Dur\u00e9e de lecture estim\u00e9e":"1 minute"},"schema":{"@context":"https:\/\/schema.org","@graph":[{"@type":"WebPage","@id":"https:\/\/redkarawana.com\/fr\/artisan\/tableau-bateau-bois-bahrein\/","url":"https:\/\/redkarawana.com\/fr\/artisan\/tableau-bateau-bois-bahrein\/","name":"Tableau Bateau en Bois, Bahre\u00efn - Artistique - Red Karawana","isPartOf":{"@id":"https:\/\/redkarawana.com\/#website"},"primaryImageOfPage":{"@id":"https:\/\/redkarawana.com\/fr\/artisan\/tableau-bateau-bois-bahrein\/#primaryimage"},"image":{"@id":"https:\/\/redkarawana.com\/fr\/artisan\/tableau-bateau-bois-bahrein\/#primaryimage"},"thumbnailUrl":"https:\/\/redkarawana.com\/wp-content\/uploads\/2025\/10\/1-Feature-Bahrain-Wooden-Boat-Artwork.jpg","datePublished":"2025-11-30T04:00:16+00:00","dateModified":"2025-12-06T07:59:11+00:00","description":"Notre Tableau Bateau en Bois pr\u00e9sent\u00e9 dans un cadre dor\u00e9, montre un bateau en bois et une habitation traditionnelle le long du littoral.","breadcrumb":{"@id":"https:\/\/redkarawana.com\/fr\/artisan\/tableau-bateau-bois-bahrein\/#breadcrumb"},"inLanguage":"fr-FR","potentialAction":[{"@type":"ReadAction","target":["https:\/\/redkarawana.com\/fr\/artisan\/tableau-bateau-bois-bahrein\/"]}]},{"@type":"ImageObject","inLanguage":"fr-FR","@id":"https:\/\/redkarawana.com\/fr\/artisan\/tableau-bateau-bois-bahrein\/#primaryimage","url":"https:\/\/redkarawana.com\/wp-content\/uploads\/2025\/10\/1-Feature-Bahrain-Wooden-Boat-Artwork.jpg","contentUrl":"https:\/\/redkarawana.com\/wp-content\/uploads\/2025\/10\/1-Feature-Bahrain-Wooden-Boat-Artwork.jpg","width":680,"height":453,"caption":"Bahre\u00efn, Tableau Bateau en Bois"},{"@type":"BreadcrumbList","@id":"https:\/\/redkarawana.com\/fr\/artisan\/tableau-bateau-bois-bahrein\/#breadcrumb","itemListElement":[{"@type":"ListItem","position":1,"name":"Home","item":"https:\/\/redkarawana.com\/fr\/"},{"@type":"ListItem","position":2,"name":"Artisans","item":"https:\/\/redkarawana.com\/fr\/artisans\/"},{"@type":"ListItem","position":3,"name":"Tableau Bateau en Bois, Bahre\u00efn; Un Hommage \u00e0 La Culture"}]},{"@type":"WebSite","@id":"https:\/\/redkarawana.com\/#website","url":"https:\/\/redkarawana.com\/","name":"Red Karawana","description":"","publisher":{"@id":"https:\/\/redkarawana.com\/#organization"},"potentialAction":[{"@type":"SearchAction","target":{"@type":"EntryPoint","urlTemplate":"https:\/\/redkarawana.com\/?s={search_term_string}"},"query-input":{"@type":"PropertyValueSpecification","valueRequired":true,"valueName":"search_term_string"}}],"inLanguage":"fr-FR"},{"@type":"Organization","@id":"https:\/\/redkarawana.com\/#organization","name":"Red Karawana","url":"https:\/\/redkarawana.com\/","logo":{"@type":"ImageObject","inLanguage":"fr-FR","@id":"https:\/\/redkarawana.com\/#\/schema\/logo\/image\/","url":"https:\/\/redkarawana.com\/wp-content\/uploads\/2025\/05\/cropped-Screenshot-2025-05-29-at-09.27.38.png","contentUrl":"https:\/\/redkarawana.com\/wp-content\/uploads\/2025\/05\/cropped-Screenshot-2025-05-29-at-09.27.38.png","width":512,"height":512,"caption":"Red Karawana"},"image":{"@id":"https:\/\/redkarawana.com\/#\/schema\/logo\/image\/"},"sameAs":["https:\/\/www.facebook.com\/redkarawana\/","https:\/\/www.instagram.com\/redkarawana\/","https:\/\/www.youtube.com\/channel\/UCU9jXzSmyKm4ZZv38FEXGKg","https:\/\/www.pinterest.com\/redkarawana\/"]}]}},"_links":{"self":[{"href":"https:\/\/redkarawana.com\/fr\/wp-json\/wp\/v2\/product\/11953","targetHints":{"allow":["GET"]}}],"collection":[{"href":"https:\/\/redkarawana.com\/fr\/wp-json\/wp\/v2\/product"}],"about":[{"href":"https:\/\/redkarawana.com\/fr\/wp-json\/wp\/v2\/types\/product"}],"wp:featuredmedia":[{"embeddable":true,"href":"https:\/\/redkarawana.com\/fr\/wp-json\/wp\/v2\/media\/11932"}],"wp:attachment":[{"href":"https:\/\/redkarawana.com\/fr\/wp-json\/wp\/v2\/media?parent=11953"}],"wp:term":[{"taxonomy":"product_brand","embeddable":true,"href":"https:\/\/redkarawana.com\/fr\/wp-json\/wp\/v2\/product_brand?post=11953"},{"taxonomy":"product_cat","embeddable":true,"href":"https:\/\/redkarawana.com\/fr\/wp-json\/wp\/v2\/product_cat?post=11953"},{"taxonomy":"product_tag","embeddable":true,"href":"https:\/\/redkarawana.com\/fr\/wp-json\/wp\/v2\/product_tag?post=11953"}],"curies":[{"name":"wp","href":"https:\/\/api.w.org\/{rel}","templated":true}]}}