{"id":12021,"date":"2025-11-30T04:20:14","date_gmt":"2025-11-30T04:20:14","guid":{"rendered":"https:\/\/redkarawana.com\/artisan\/moscow-church-artwork-russia\/"},"modified":"2025-12-06T07:46:21","modified_gmt":"2025-12-06T07:46:21","slug":"tableau-eglise-moscou-russie","status":"publish","type":"product","link":"https:\/\/redkarawana.com\/fr\/artisan\/tableau-eglise-moscou-russie\/","title":{"rendered":"Tableau \u00c9glise \u00e0 Moscou, Russie; Repr\u00e9sentation d\u2019Architecture Sacr\u00e9e"},"content":{"rendered":"<p>Les \u0153uvres d&rsquo;art russes pr\u00e9sentent la culture fascinante et la magnifique architecture de la Russie. Une collection de mus\u00e9es pr\u00e9sente des chefs-d&rsquo;\u0153uvre spectaculaires et des peintures historiques. L&rsquo;architecture russe continue d&rsquo;inspirer tous types d&rsquo;artistes \u00e0 travers le monde. Notre Tableau \u00c9glise \u00e0 Moscou repr\u00e9sente la Cath\u00e9drale historique Saint-Basile. Le Tableau \u00c9glise \u00e0 Moscou dans un cadre dor\u00e9 montre les d\u00f4mes color\u00e9s de la cath\u00e9drale sur fond d&rsquo;hiver enneig\u00e9. Mesures : Tableau \u00c9glise \u00e0 Moscou (hauteur 12 pouces, largeur 10 1\/4 pouces).     <\/p>\n","protected":false},"excerpt":{"rendered":"<p>Les \u0153uvres d&rsquo;art russes pr\u00e9sentent la culture fascinante et la magnifique architecture de la Russie. Une collection de mus\u00e9es pr\u00e9sente des chefs-d&rsquo;\u0153uvre spectaculaires et des peintures historiques. L&rsquo;architecture russe continue d&rsquo;inspirer tous types d&rsquo;artistes \u00e0 travers le monde. Notre Tableau \u00c9glise \u00e0 Moscou repr\u00e9sente la Cath\u00e9drale historique Saint-Basile. Le Tableau \u00c9glise \u00e0 Moscou dans un [&hellip;]<\/p>\n","protected":false},"featured_media":11981,"template":"","meta":{"_acf_changed":false},"product_brand":[],"product_cat":[48],"product_tag":[],"class_list":{"0":"post-12021","1":"product","2":"type-product","3":"status-publish","4":"has-post-thumbnail","6":"product_cat-artistique","8":"first","9":"instock","10":"taxable","11":"shipping-taxable","12":"purchasable","13":"product-type-simple"},"acf":[],"yoast_head":"<!-- This site is optimized with the Yoast SEO plugin v27.3 - https:\/\/yoast.com\/product\/yoast-seo-wordpress\/ -->\n<title>Tableau \u00c9glise \u00e0 Moscou, Russie - Artistique - Red Karawana<\/title>\n<meta name=\"description\" content=\"Notre Tableau \u00c9glise \u00e0 Moscou dans un cadre dor\u00e9 montre les d\u00f4mes color\u00e9s de la cath\u00e9drale sur fond d&#039;hiver enneig\u00e9.\" \/>\n<meta name=\"robots\" content=\"index, follow, max-snippet:-1, max-image-preview:large, max-video-preview:-1\" \/>\n<link rel=\"canonical\" href=\"https:\/\/redkarawana.com\/fr\/artisan\/tableau-eglise-moscou-russie\/\" \/>\n<meta property=\"og:locale\" content=\"fr_FR\" \/>\n<meta property=\"og:type\" content=\"article\" \/>\n<meta property=\"og:title\" content=\"Tableau \u00c9glise \u00e0 Moscou, Russie - Artistique - Red Karawana\" \/>\n<meta property=\"og:description\" content=\"Notre Tableau \u00c9glise \u00e0 Moscou dans un cadre dor\u00e9 montre les d\u00f4mes color\u00e9s de la cath\u00e9drale sur fond d&#039;hiver enneig\u00e9.\" \/>\n<meta property=\"og:url\" content=\"https:\/\/redkarawana.com\/fr\/artisan\/tableau-eglise-moscou-russie\/\" \/>\n<meta property=\"og:site_name\" content=\"Red Karawana\" \/>\n<meta property=\"article:publisher\" content=\"https:\/\/www.facebook.com\/redkarawana\/\" \/>\n<meta property=\"article:modified_time\" content=\"2025-12-06T07:46:21+00:00\" \/>\n<meta property=\"og:image\" content=\"https:\/\/redkarawana.com\/wp-content\/uploads\/2025\/10\/1-AF-Russia-Moscow-Church-Artwork-1024x538.jpg\" \/>\n<meta name=\"twitter:card\" content=\"summary_large_image\" \/>\n<meta name=\"twitter:label1\" content=\"Dur\u00e9e de lecture estim\u00e9e\" \/>\n\t<meta name=\"twitter:data1\" content=\"1 minute\" \/>\n<script type=\"application\/ld+json\" class=\"yoast-schema-graph\">{\"@context\":\"https:\\\/\\\/schema.org\",\"@graph\":[{\"@type\":\"WebPage\",\"@id\":\"https:\\\/\\\/redkarawana.com\\\/fr\\\/artisan\\\/tableau-eglise-moscou-russie\\\/\",\"url\":\"https:\\\/\\\/redkarawana.com\\\/fr\\\/artisan\\\/tableau-eglise-moscou-russie\\\/\",\"name\":\"Tableau \u00c9glise \u00e0 Moscou, Russie - Artistique - Red Karawana\",\"isPartOf\":{\"@id\":\"https:\\\/\\\/redkarawana.com\\\/#website\"},\"primaryImageOfPage\":{\"@id\":\"https:\\\/\\\/redkarawana.com\\\/fr\\\/artisan\\\/tableau-eglise-moscou-russie\\\/#primaryimage\"},\"image\":{\"@id\":\"https:\\\/\\\/redkarawana.com\\\/fr\\\/artisan\\\/tableau-eglise-moscou-russie\\\/#primaryimage\"},\"thumbnailUrl\":\"https:\\\/\\\/redkarawana.com\\\/wp-content\\\/uploads\\\/2025\\\/10\\\/1-Feature-Russia-Moscow-Church-Artwork.jpg\",\"datePublished\":\"2025-11-30T04:20:14+00:00\",\"dateModified\":\"2025-12-06T07:46:21+00:00\",\"description\":\"Notre Tableau \u00c9glise \u00e0 Moscou dans un cadre dor\u00e9 montre les d\u00f4mes color\u00e9s de la cath\u00e9drale sur fond d'hiver enneig\u00e9.\",\"breadcrumb\":{\"@id\":\"https:\\\/\\\/redkarawana.com\\\/fr\\\/artisan\\\/tableau-eglise-moscou-russie\\\/#breadcrumb\"},\"inLanguage\":\"fr-FR\",\"potentialAction\":[{\"@type\":\"ReadAction\",\"target\":[\"https:\\\/\\\/redkarawana.com\\\/fr\\\/artisan\\\/tableau-eglise-moscou-russie\\\/\"]}]},{\"@type\":\"ImageObject\",\"inLanguage\":\"fr-FR\",\"@id\":\"https:\\\/\\\/redkarawana.com\\\/fr\\\/artisan\\\/tableau-eglise-moscou-russie\\\/#primaryimage\",\"url\":\"https:\\\/\\\/redkarawana.com\\\/wp-content\\\/uploads\\\/2025\\\/10\\\/1-Feature-Russia-Moscow-Church-Artwork.jpg\",\"contentUrl\":\"https:\\\/\\\/redkarawana.com\\\/wp-content\\\/uploads\\\/2025\\\/10\\\/1-Feature-Russia-Moscow-Church-Artwork.jpg\",\"width\":680,\"height\":453,\"caption\":\"Russie, Tableau \u00c9glise \u00e0 Moscou\"},{\"@type\":\"BreadcrumbList\",\"@id\":\"https:\\\/\\\/redkarawana.com\\\/fr\\\/artisan\\\/tableau-eglise-moscou-russie\\\/#breadcrumb\",\"itemListElement\":[{\"@type\":\"ListItem\",\"position\":1,\"name\":\"Home\",\"item\":\"https:\\\/\\\/redkarawana.com\\\/fr\\\/\"},{\"@type\":\"ListItem\",\"position\":2,\"name\":\"Artisans\",\"item\":\"https:\\\/\\\/redkarawana.com\\\/fr\\\/artisans\\\/\"},{\"@type\":\"ListItem\",\"position\":3,\"name\":\"Tableau \u00c9glise \u00e0 Moscou, Russie; Repr\u00e9sentation d\u2019Architecture Sacr\u00e9e\"}]},{\"@type\":\"WebSite\",\"@id\":\"https:\\\/\\\/redkarawana.com\\\/#website\",\"url\":\"https:\\\/\\\/redkarawana.com\\\/\",\"name\":\"Red Karawana\",\"description\":\"\",\"publisher\":{\"@id\":\"https:\\\/\\\/redkarawana.com\\\/#organization\"},\"potentialAction\":[{\"@type\":\"SearchAction\",\"target\":{\"@type\":\"EntryPoint\",\"urlTemplate\":\"https:\\\/\\\/redkarawana.com\\\/?s={search_term_string}\"},\"query-input\":{\"@type\":\"PropertyValueSpecification\",\"valueRequired\":true,\"valueName\":\"search_term_string\"}}],\"inLanguage\":\"fr-FR\"},{\"@type\":\"Organization\",\"@id\":\"https:\\\/\\\/redkarawana.com\\\/#organization\",\"name\":\"Red Karawana\",\"url\":\"https:\\\/\\\/redkarawana.com\\\/\",\"logo\":{\"@type\":\"ImageObject\",\"inLanguage\":\"fr-FR\",\"@id\":\"https:\\\/\\\/redkarawana.com\\\/#\\\/schema\\\/logo\\\/image\\\/\",\"url\":\"https:\\\/\\\/redkarawana.com\\\/wp-content\\\/uploads\\\/2025\\\/05\\\/cropped-Screenshot-2025-05-29-at-09.27.38.png\",\"contentUrl\":\"https:\\\/\\\/redkarawana.com\\\/wp-content\\\/uploads\\\/2025\\\/05\\\/cropped-Screenshot-2025-05-29-at-09.27.38.png\",\"width\":512,\"height\":512,\"caption\":\"Red Karawana\"},\"image\":{\"@id\":\"https:\\\/\\\/redkarawana.com\\\/#\\\/schema\\\/logo\\\/image\\\/\"},\"sameAs\":[\"https:\\\/\\\/www.facebook.com\\\/redkarawana\\\/\",\"https:\\\/\\\/www.instagram.com\\\/redkarawana\\\/\",\"https:\\\/\\\/www.youtube.com\\\/channel\\\/UCU9jXzSmyKm4ZZv38FEXGKg\",\"https:\\\/\\\/www.pinterest.com\\\/redkarawana\\\/\"]}]}<\/script>\n<!-- \/ Yoast SEO plugin. -->","yoast_head_json":{"title":"Tableau \u00c9glise \u00e0 Moscou, Russie - Artistique - Red Karawana","description":"Notre Tableau \u00c9glise \u00e0 Moscou dans un cadre dor\u00e9 montre les d\u00f4mes color\u00e9s de la cath\u00e9drale sur fond d'hiver enneig\u00e9.","robots":{"index":"index","follow":"follow","max-snippet":"max-snippet:-1","max-image-preview":"max-image-preview:large","max-video-preview":"max-video-preview:-1"},"canonical":"https:\/\/redkarawana.com\/fr\/artisan\/tableau-eglise-moscou-russie\/","og_locale":"fr_FR","og_type":"article","og_title":"Tableau \u00c9glise \u00e0 Moscou, Russie - Artistique - Red Karawana","og_description":"Notre Tableau \u00c9glise \u00e0 Moscou dans un cadre dor\u00e9 montre les d\u00f4mes color\u00e9s de la cath\u00e9drale sur fond d'hiver enneig\u00e9.","og_url":"https:\/\/redkarawana.com\/fr\/artisan\/tableau-eglise-moscou-russie\/","og_site_name":"Red Karawana","article_publisher":"https:\/\/www.facebook.com\/redkarawana\/","article_modified_time":"2025-12-06T07:46:21+00:00","og_image":[{"url":"https:\/\/redkarawana.com\/wp-content\/uploads\/2025\/10\/1-AF-Russia-Moscow-Church-Artwork-1024x538.jpg","type":"","width":"","height":""}],"twitter_card":"summary_large_image","twitter_misc":{"Dur\u00e9e de lecture estim\u00e9e":"1 minute"},"schema":{"@context":"https:\/\/schema.org","@graph":[{"@type":"WebPage","@id":"https:\/\/redkarawana.com\/fr\/artisan\/tableau-eglise-moscou-russie\/","url":"https:\/\/redkarawana.com\/fr\/artisan\/tableau-eglise-moscou-russie\/","name":"Tableau \u00c9glise \u00e0 Moscou, Russie - Artistique - Red Karawana","isPartOf":{"@id":"https:\/\/redkarawana.com\/#website"},"primaryImageOfPage":{"@id":"https:\/\/redkarawana.com\/fr\/artisan\/tableau-eglise-moscou-russie\/#primaryimage"},"image":{"@id":"https:\/\/redkarawana.com\/fr\/artisan\/tableau-eglise-moscou-russie\/#primaryimage"},"thumbnailUrl":"https:\/\/redkarawana.com\/wp-content\/uploads\/2025\/10\/1-Feature-Russia-Moscow-Church-Artwork.jpg","datePublished":"2025-11-30T04:20:14+00:00","dateModified":"2025-12-06T07:46:21+00:00","description":"Notre Tableau \u00c9glise \u00e0 Moscou dans un cadre dor\u00e9 montre les d\u00f4mes color\u00e9s de la cath\u00e9drale sur fond d'hiver enneig\u00e9.","breadcrumb":{"@id":"https:\/\/redkarawana.com\/fr\/artisan\/tableau-eglise-moscou-russie\/#breadcrumb"},"inLanguage":"fr-FR","potentialAction":[{"@type":"ReadAction","target":["https:\/\/redkarawana.com\/fr\/artisan\/tableau-eglise-moscou-russie\/"]}]},{"@type":"ImageObject","inLanguage":"fr-FR","@id":"https:\/\/redkarawana.com\/fr\/artisan\/tableau-eglise-moscou-russie\/#primaryimage","url":"https:\/\/redkarawana.com\/wp-content\/uploads\/2025\/10\/1-Feature-Russia-Moscow-Church-Artwork.jpg","contentUrl":"https:\/\/redkarawana.com\/wp-content\/uploads\/2025\/10\/1-Feature-Russia-Moscow-Church-Artwork.jpg","width":680,"height":453,"caption":"Russie, Tableau \u00c9glise \u00e0 Moscou"},{"@type":"BreadcrumbList","@id":"https:\/\/redkarawana.com\/fr\/artisan\/tableau-eglise-moscou-russie\/#breadcrumb","itemListElement":[{"@type":"ListItem","position":1,"name":"Home","item":"https:\/\/redkarawana.com\/fr\/"},{"@type":"ListItem","position":2,"name":"Artisans","item":"https:\/\/redkarawana.com\/fr\/artisans\/"},{"@type":"ListItem","position":3,"name":"Tableau \u00c9glise \u00e0 Moscou, Russie; Repr\u00e9sentation d\u2019Architecture Sacr\u00e9e"}]},{"@type":"WebSite","@id":"https:\/\/redkarawana.com\/#website","url":"https:\/\/redkarawana.com\/","name":"Red Karawana","description":"","publisher":{"@id":"https:\/\/redkarawana.com\/#organization"},"potentialAction":[{"@type":"SearchAction","target":{"@type":"EntryPoint","urlTemplate":"https:\/\/redkarawana.com\/?s={search_term_string}"},"query-input":{"@type":"PropertyValueSpecification","valueRequired":true,"valueName":"search_term_string"}}],"inLanguage":"fr-FR"},{"@type":"Organization","@id":"https:\/\/redkarawana.com\/#organization","name":"Red Karawana","url":"https:\/\/redkarawana.com\/","logo":{"@type":"ImageObject","inLanguage":"fr-FR","@id":"https:\/\/redkarawana.com\/#\/schema\/logo\/image\/","url":"https:\/\/redkarawana.com\/wp-content\/uploads\/2025\/05\/cropped-Screenshot-2025-05-29-at-09.27.38.png","contentUrl":"https:\/\/redkarawana.com\/wp-content\/uploads\/2025\/05\/cropped-Screenshot-2025-05-29-at-09.27.38.png","width":512,"height":512,"caption":"Red Karawana"},"image":{"@id":"https:\/\/redkarawana.com\/#\/schema\/logo\/image\/"},"sameAs":["https:\/\/www.facebook.com\/redkarawana\/","https:\/\/www.instagram.com\/redkarawana\/","https:\/\/www.youtube.com\/channel\/UCU9jXzSmyKm4ZZv38FEXGKg","https:\/\/www.pinterest.com\/redkarawana\/"]}]}},"_links":{"self":[{"href":"https:\/\/redkarawana.com\/fr\/wp-json\/wp\/v2\/product\/12021","targetHints":{"allow":["GET"]}}],"collection":[{"href":"https:\/\/redkarawana.com\/fr\/wp-json\/wp\/v2\/product"}],"about":[{"href":"https:\/\/redkarawana.com\/fr\/wp-json\/wp\/v2\/types\/product"}],"wp:featuredmedia":[{"embeddable":true,"href":"https:\/\/redkarawana.com\/fr\/wp-json\/wp\/v2\/media\/11981"}],"wp:attachment":[{"href":"https:\/\/redkarawana.com\/fr\/wp-json\/wp\/v2\/media?parent=12021"}],"wp:term":[{"taxonomy":"product_brand","embeddable":true,"href":"https:\/\/redkarawana.com\/fr\/wp-json\/wp\/v2\/product_brand?post=12021"},{"taxonomy":"product_cat","embeddable":true,"href":"https:\/\/redkarawana.com\/fr\/wp-json\/wp\/v2\/product_cat?post=12021"},{"taxonomy":"product_tag","embeddable":true,"href":"https:\/\/redkarawana.com\/fr\/wp-json\/wp\/v2\/product_tag?post=12021"}],"curies":[{"name":"wp","href":"https:\/\/api.w.org\/{rel}","templated":true}]}}