{"id":12026,"date":"2025-11-30T04:30:02","date_gmt":"2025-11-30T04:30:02","guid":{"rendered":"https:\/\/redkarawana.com\/artisan\/goatskin-rug-poland\/"},"modified":"2025-12-06T07:39:49","modified_gmt":"2025-12-06T07:39:49","slug":"tapis-peau-chevre-pologne","status":"publish","type":"product","link":"https:\/\/redkarawana.com\/fr\/artisan\/tapis-peau-chevre-pologne\/","title":{"rendered":"Tapis en Peau de Ch\u00e8vre, Pologne; Textures et Couleurs Naturelles"},"content":{"rendered":"<p>Dans les r\u00e9gions montagneuses de Pologne, les montagnards continuent d&rsquo;utiliser la peau de mouton naturelle pour confectionner des v\u00eatements d&rsquo;hiver et des objets d\u00e9coratifs. Les v\u00eatements traditionnels en peau de mouton, orn\u00e9s de motifs folkloriques, constituent un excellent choix dans les climats plus froids. Les tapis en peau de mouton et de ch\u00e8vre sont appr\u00e9ci\u00e9s pour leur chaleur, leur durabilit\u00e9 et leurs qualit\u00e9s esth\u00e9tiques. Notre tapis en peau de ch\u00e8vre s\u00e9lectionn\u00e9 pr\u00e9sente des textures naturelles et une belle combinaison de couleurs blanc, cr\u00e8me et marron. Mesures : tapis en peau de ch\u00e8vre (longueur 30 pouces, largeur 20 pouces).<\/p>\n","protected":false},"excerpt":{"rendered":"<p>Dans les r\u00e9gions montagneuses de Pologne, les montagnards continuent d&rsquo;utiliser la peau de mouton naturelle pour confectionner des v\u00eatements d&rsquo;hiver et des objets d\u00e9coratifs. Les v\u00eatements traditionnels en peau de mouton, orn\u00e9s de motifs folkloriques, constituent un excellent choix dans les climats plus froids. Les tapis en peau de mouton et de ch\u00e8vre sont appr\u00e9ci\u00e9s [&hellip;]<\/p>\n","protected":false},"featured_media":12001,"template":"","meta":{"_acf_changed":false},"product_brand":[],"product_cat":[51],"product_tag":[],"class_list":{"0":"post-12026","1":"product","2":"type-product","3":"status-publish","4":"has-post-thumbnail","6":"product_cat-eclectique","8":"first","9":"instock","10":"taxable","11":"shipping-taxable","12":"purchasable","13":"product-type-simple"},"acf":[],"yoast_head":"<!-- This site is optimized with the Yoast SEO plugin v27.3 - https:\/\/yoast.com\/product\/yoast-seo-wordpress\/ -->\n<title>Tapis en Peau de Ch\u00e8vre, Pologne - \u00c9clectique - Red Karawana<\/title>\n<meta name=\"description\" content=\"Notre tapis en peau de ch\u00e8vre s\u00e9lectionn\u00e9 pr\u00e9sente des textures naturelles et une belle combinaison de couleurs blanc, cr\u00e8me et marron.\" \/>\n<meta name=\"robots\" content=\"index, follow, max-snippet:-1, max-image-preview:large, max-video-preview:-1\" \/>\n<link rel=\"canonical\" href=\"https:\/\/redkarawana.com\/fr\/artisan\/tapis-peau-chevre-pologne\/\" \/>\n<meta property=\"og:locale\" content=\"fr_FR\" \/>\n<meta property=\"og:type\" content=\"article\" \/>\n<meta property=\"og:title\" content=\"Tapis en Peau de Ch\u00e8vre, Pologne - \u00c9clectique - Red Karawana\" \/>\n<meta property=\"og:description\" content=\"Notre tapis en peau de ch\u00e8vre s\u00e9lectionn\u00e9 pr\u00e9sente des textures naturelles et une belle combinaison de couleurs blanc, cr\u00e8me et marron.\" \/>\n<meta property=\"og:url\" content=\"https:\/\/redkarawana.com\/fr\/artisan\/tapis-peau-chevre-pologne\/\" \/>\n<meta property=\"og:site_name\" content=\"Red Karawana\" \/>\n<meta property=\"article:publisher\" content=\"https:\/\/www.facebook.com\/redkarawana\/\" \/>\n<meta property=\"article:modified_time\" content=\"2025-12-06T07:39:49+00:00\" \/>\n<meta property=\"og:image\" content=\"https:\/\/redkarawana.com\/wp-content\/uploads\/2025\/10\/1-AF-Poland-Goatskin-Rug-1024x538.jpg\" \/>\n<meta name=\"twitter:card\" content=\"summary_large_image\" \/>\n<meta name=\"twitter:label1\" content=\"Dur\u00e9e de lecture estim\u00e9e\" \/>\n\t<meta name=\"twitter:data1\" content=\"1 minute\" \/>\n<script type=\"application\/ld+json\" class=\"yoast-schema-graph\">{\"@context\":\"https:\\\/\\\/schema.org\",\"@graph\":[{\"@type\":\"WebPage\",\"@id\":\"https:\\\/\\\/redkarawana.com\\\/fr\\\/artisan\\\/tapis-peau-chevre-pologne\\\/\",\"url\":\"https:\\\/\\\/redkarawana.com\\\/fr\\\/artisan\\\/tapis-peau-chevre-pologne\\\/\",\"name\":\"Tapis en Peau de Ch\u00e8vre, Pologne - \u00c9clectique - Red Karawana\",\"isPartOf\":{\"@id\":\"https:\\\/\\\/redkarawana.com\\\/#website\"},\"primaryImageOfPage\":{\"@id\":\"https:\\\/\\\/redkarawana.com\\\/fr\\\/artisan\\\/tapis-peau-chevre-pologne\\\/#primaryimage\"},\"image\":{\"@id\":\"https:\\\/\\\/redkarawana.com\\\/fr\\\/artisan\\\/tapis-peau-chevre-pologne\\\/#primaryimage\"},\"thumbnailUrl\":\"https:\\\/\\\/redkarawana.com\\\/wp-content\\\/uploads\\\/2025\\\/10\\\/1-Feature-Poland-Goatskin-Rug.jpg\",\"datePublished\":\"2025-11-30T04:30:02+00:00\",\"dateModified\":\"2025-12-06T07:39:49+00:00\",\"description\":\"Notre tapis en peau de ch\u00e8vre s\u00e9lectionn\u00e9 pr\u00e9sente des textures naturelles et une belle combinaison de couleurs blanc, cr\u00e8me et marron.\",\"breadcrumb\":{\"@id\":\"https:\\\/\\\/redkarawana.com\\\/fr\\\/artisan\\\/tapis-peau-chevre-pologne\\\/#breadcrumb\"},\"inLanguage\":\"fr-FR\",\"potentialAction\":[{\"@type\":\"ReadAction\",\"target\":[\"https:\\\/\\\/redkarawana.com\\\/fr\\\/artisan\\\/tapis-peau-chevre-pologne\\\/\"]}]},{\"@type\":\"ImageObject\",\"inLanguage\":\"fr-FR\",\"@id\":\"https:\\\/\\\/redkarawana.com\\\/fr\\\/artisan\\\/tapis-peau-chevre-pologne\\\/#primaryimage\",\"url\":\"https:\\\/\\\/redkarawana.com\\\/wp-content\\\/uploads\\\/2025\\\/10\\\/1-Feature-Poland-Goatskin-Rug.jpg\",\"contentUrl\":\"https:\\\/\\\/redkarawana.com\\\/wp-content\\\/uploads\\\/2025\\\/10\\\/1-Feature-Poland-Goatskin-Rug.jpg\",\"width\":680,\"height\":453,\"caption\":\"Pologne, Tapis en Peau de Ch\u00e8vre\"},{\"@type\":\"BreadcrumbList\",\"@id\":\"https:\\\/\\\/redkarawana.com\\\/fr\\\/artisan\\\/tapis-peau-chevre-pologne\\\/#breadcrumb\",\"itemListElement\":[{\"@type\":\"ListItem\",\"position\":1,\"name\":\"Home\",\"item\":\"https:\\\/\\\/redkarawana.com\\\/fr\\\/\"},{\"@type\":\"ListItem\",\"position\":2,\"name\":\"Artisans\",\"item\":\"https:\\\/\\\/redkarawana.com\\\/fr\\\/artisans\\\/\"},{\"@type\":\"ListItem\",\"position\":3,\"name\":\"Tapis en Peau de Ch\u00e8vre, Pologne; Textures et Couleurs Naturelles\"}]},{\"@type\":\"WebSite\",\"@id\":\"https:\\\/\\\/redkarawana.com\\\/#website\",\"url\":\"https:\\\/\\\/redkarawana.com\\\/\",\"name\":\"Red Karawana\",\"description\":\"\",\"publisher\":{\"@id\":\"https:\\\/\\\/redkarawana.com\\\/#organization\"},\"potentialAction\":[{\"@type\":\"SearchAction\",\"target\":{\"@type\":\"EntryPoint\",\"urlTemplate\":\"https:\\\/\\\/redkarawana.com\\\/?s={search_term_string}\"},\"query-input\":{\"@type\":\"PropertyValueSpecification\",\"valueRequired\":true,\"valueName\":\"search_term_string\"}}],\"inLanguage\":\"fr-FR\"},{\"@type\":\"Organization\",\"@id\":\"https:\\\/\\\/redkarawana.com\\\/#organization\",\"name\":\"Red Karawana\",\"url\":\"https:\\\/\\\/redkarawana.com\\\/\",\"logo\":{\"@type\":\"ImageObject\",\"inLanguage\":\"fr-FR\",\"@id\":\"https:\\\/\\\/redkarawana.com\\\/#\\\/schema\\\/logo\\\/image\\\/\",\"url\":\"https:\\\/\\\/redkarawana.com\\\/wp-content\\\/uploads\\\/2025\\\/05\\\/cropped-Screenshot-2025-05-29-at-09.27.38.png\",\"contentUrl\":\"https:\\\/\\\/redkarawana.com\\\/wp-content\\\/uploads\\\/2025\\\/05\\\/cropped-Screenshot-2025-05-29-at-09.27.38.png\",\"width\":512,\"height\":512,\"caption\":\"Red Karawana\"},\"image\":{\"@id\":\"https:\\\/\\\/redkarawana.com\\\/#\\\/schema\\\/logo\\\/image\\\/\"},\"sameAs\":[\"https:\\\/\\\/www.facebook.com\\\/redkarawana\\\/\",\"https:\\\/\\\/www.instagram.com\\\/redkarawana\\\/\",\"https:\\\/\\\/www.youtube.com\\\/channel\\\/UCU9jXzSmyKm4ZZv38FEXGKg\",\"https:\\\/\\\/www.pinterest.com\\\/redkarawana\\\/\"]}]}<\/script>\n<!-- \/ Yoast SEO plugin. -->","yoast_head_json":{"title":"Tapis en Peau de Ch\u00e8vre, Pologne - \u00c9clectique - Red Karawana","description":"Notre tapis en peau de ch\u00e8vre s\u00e9lectionn\u00e9 pr\u00e9sente des textures naturelles et une belle combinaison de couleurs blanc, cr\u00e8me et marron.","robots":{"index":"index","follow":"follow","max-snippet":"max-snippet:-1","max-image-preview":"max-image-preview:large","max-video-preview":"max-video-preview:-1"},"canonical":"https:\/\/redkarawana.com\/fr\/artisan\/tapis-peau-chevre-pologne\/","og_locale":"fr_FR","og_type":"article","og_title":"Tapis en Peau de Ch\u00e8vre, Pologne - \u00c9clectique - Red Karawana","og_description":"Notre tapis en peau de ch\u00e8vre s\u00e9lectionn\u00e9 pr\u00e9sente des textures naturelles et une belle combinaison de couleurs blanc, cr\u00e8me et marron.","og_url":"https:\/\/redkarawana.com\/fr\/artisan\/tapis-peau-chevre-pologne\/","og_site_name":"Red Karawana","article_publisher":"https:\/\/www.facebook.com\/redkarawana\/","article_modified_time":"2025-12-06T07:39:49+00:00","og_image":[{"url":"https:\/\/redkarawana.com\/wp-content\/uploads\/2025\/10\/1-AF-Poland-Goatskin-Rug-1024x538.jpg","type":"","width":"","height":""}],"twitter_card":"summary_large_image","twitter_misc":{"Dur\u00e9e de lecture estim\u00e9e":"1 minute"},"schema":{"@context":"https:\/\/schema.org","@graph":[{"@type":"WebPage","@id":"https:\/\/redkarawana.com\/fr\/artisan\/tapis-peau-chevre-pologne\/","url":"https:\/\/redkarawana.com\/fr\/artisan\/tapis-peau-chevre-pologne\/","name":"Tapis en Peau de Ch\u00e8vre, Pologne - \u00c9clectique - Red Karawana","isPartOf":{"@id":"https:\/\/redkarawana.com\/#website"},"primaryImageOfPage":{"@id":"https:\/\/redkarawana.com\/fr\/artisan\/tapis-peau-chevre-pologne\/#primaryimage"},"image":{"@id":"https:\/\/redkarawana.com\/fr\/artisan\/tapis-peau-chevre-pologne\/#primaryimage"},"thumbnailUrl":"https:\/\/redkarawana.com\/wp-content\/uploads\/2025\/10\/1-Feature-Poland-Goatskin-Rug.jpg","datePublished":"2025-11-30T04:30:02+00:00","dateModified":"2025-12-06T07:39:49+00:00","description":"Notre tapis en peau de ch\u00e8vre s\u00e9lectionn\u00e9 pr\u00e9sente des textures naturelles et une belle combinaison de couleurs blanc, cr\u00e8me et marron.","breadcrumb":{"@id":"https:\/\/redkarawana.com\/fr\/artisan\/tapis-peau-chevre-pologne\/#breadcrumb"},"inLanguage":"fr-FR","potentialAction":[{"@type":"ReadAction","target":["https:\/\/redkarawana.com\/fr\/artisan\/tapis-peau-chevre-pologne\/"]}]},{"@type":"ImageObject","inLanguage":"fr-FR","@id":"https:\/\/redkarawana.com\/fr\/artisan\/tapis-peau-chevre-pologne\/#primaryimage","url":"https:\/\/redkarawana.com\/wp-content\/uploads\/2025\/10\/1-Feature-Poland-Goatskin-Rug.jpg","contentUrl":"https:\/\/redkarawana.com\/wp-content\/uploads\/2025\/10\/1-Feature-Poland-Goatskin-Rug.jpg","width":680,"height":453,"caption":"Pologne, Tapis en Peau de Ch\u00e8vre"},{"@type":"BreadcrumbList","@id":"https:\/\/redkarawana.com\/fr\/artisan\/tapis-peau-chevre-pologne\/#breadcrumb","itemListElement":[{"@type":"ListItem","position":1,"name":"Home","item":"https:\/\/redkarawana.com\/fr\/"},{"@type":"ListItem","position":2,"name":"Artisans","item":"https:\/\/redkarawana.com\/fr\/artisans\/"},{"@type":"ListItem","position":3,"name":"Tapis en Peau de Ch\u00e8vre, Pologne; Textures et Couleurs Naturelles"}]},{"@type":"WebSite","@id":"https:\/\/redkarawana.com\/#website","url":"https:\/\/redkarawana.com\/","name":"Red Karawana","description":"","publisher":{"@id":"https:\/\/redkarawana.com\/#organization"},"potentialAction":[{"@type":"SearchAction","target":{"@type":"EntryPoint","urlTemplate":"https:\/\/redkarawana.com\/?s={search_term_string}"},"query-input":{"@type":"PropertyValueSpecification","valueRequired":true,"valueName":"search_term_string"}}],"inLanguage":"fr-FR"},{"@type":"Organization","@id":"https:\/\/redkarawana.com\/#organization","name":"Red Karawana","url":"https:\/\/redkarawana.com\/","logo":{"@type":"ImageObject","inLanguage":"fr-FR","@id":"https:\/\/redkarawana.com\/#\/schema\/logo\/image\/","url":"https:\/\/redkarawana.com\/wp-content\/uploads\/2025\/05\/cropped-Screenshot-2025-05-29-at-09.27.38.png","contentUrl":"https:\/\/redkarawana.com\/wp-content\/uploads\/2025\/05\/cropped-Screenshot-2025-05-29-at-09.27.38.png","width":512,"height":512,"caption":"Red Karawana"},"image":{"@id":"https:\/\/redkarawana.com\/#\/schema\/logo\/image\/"},"sameAs":["https:\/\/www.facebook.com\/redkarawana\/","https:\/\/www.instagram.com\/redkarawana\/","https:\/\/www.youtube.com\/channel\/UCU9jXzSmyKm4ZZv38FEXGKg","https:\/\/www.pinterest.com\/redkarawana\/"]}]}},"_links":{"self":[{"href":"https:\/\/redkarawana.com\/fr\/wp-json\/wp\/v2\/product\/12026","targetHints":{"allow":["GET"]}}],"collection":[{"href":"https:\/\/redkarawana.com\/fr\/wp-json\/wp\/v2\/product"}],"about":[{"href":"https:\/\/redkarawana.com\/fr\/wp-json\/wp\/v2\/types\/product"}],"wp:featuredmedia":[{"embeddable":true,"href":"https:\/\/redkarawana.com\/fr\/wp-json\/wp\/v2\/media\/12001"}],"wp:attachment":[{"href":"https:\/\/redkarawana.com\/fr\/wp-json\/wp\/v2\/media?parent=12026"}],"wp:term":[{"taxonomy":"product_brand","embeddable":true,"href":"https:\/\/redkarawana.com\/fr\/wp-json\/wp\/v2\/product_brand?post=12026"},{"taxonomy":"product_cat","embeddable":true,"href":"https:\/\/redkarawana.com\/fr\/wp-json\/wp\/v2\/product_cat?post=12026"},{"taxonomy":"product_tag","embeddable":true,"href":"https:\/\/redkarawana.com\/fr\/wp-json\/wp\/v2\/product_tag?post=12026"}],"curies":[{"name":"wp","href":"https:\/\/api.w.org\/{rel}","templated":true}]}}