{"id":12072,"date":"2025-11-30T04:50:02","date_gmt":"2025-11-30T04:50:02","guid":{"rendered":"https:\/\/redkarawana.com\/artisan\/blooming-flowers-artwork-china\/"},"modified":"2025-10-12T05:32:36","modified_gmt":"2025-10-12T05:32:36","slug":"tableau-fleurs-epanouies-chine","status":"publish","type":"product","link":"https:\/\/redkarawana.com\/fr\/artisan\/tableau-fleurs-epanouies-chine\/","title":{"rendered":"Tableau Fleurs \u00c9panouies, Chine; Architecture Embellie Par la Nature"},"content":{"rendered":"<p>La Chine est un pays aux cultures anciennes et aux paysages spectaculaires. Les villes et villages du pays abritent des palais imp\u00e9riaux, des temples spirituels et des sites arch\u00e9ologiques. Les rues sont bord\u00e9es d&rsquo;architecture ancienne, de jardins botaniques et d&rsquo;arbres en fleurs aux couleurs vives. Nous avons s\u00e9lectionn\u00e9 quelques \u0153uvres d&rsquo;art repr\u00e9sentant l&rsquo;architecture traditionnelle et la nature environnante. Notre s\u00e9lection de Tableau Fleurs \u00c9panouies pr\u00e9sente une architecture traditionnelle color\u00e9e et les couleurs contrast\u00e9es des arbres en fleurs. Mesures : Tableau Fleurs \u00c9panouies (hauteur 12 pouces, largeur 12 pouces).     <\/p>\n","protected":false},"excerpt":{"rendered":"<p>La Chine est un pays aux cultures anciennes et aux paysages spectaculaires. Les villes et villages du pays abritent des palais imp\u00e9riaux, des temples spirituels et des sites arch\u00e9ologiques. Les rues sont bord\u00e9es d&rsquo;architecture ancienne, de jardins botaniques et d&rsquo;arbres en fleurs aux couleurs vives. Nous avons s\u00e9lectionn\u00e9 quelques \u0153uvres d&rsquo;art repr\u00e9sentant l&rsquo;architecture traditionnelle et [&hellip;]<\/p>\n","protected":false},"featured_media":12036,"template":"","meta":{"_acf_changed":false},"product_brand":[],"product_cat":[48],"product_tag":[],"class_list":{"0":"post-12072","1":"product","2":"type-product","3":"status-publish","4":"has-post-thumbnail","6":"product_cat-artistique","8":"first","9":"instock","10":"taxable","11":"shipping-taxable","12":"purchasable","13":"product-type-simple"},"acf":[],"yoast_head":"<!-- This site is optimized with the Yoast SEO plugin v27.3 - https:\/\/yoast.com\/product\/yoast-seo-wordpress\/ -->\n<title>Tableau Fleurs \u00c9panouies, Chine - Artistique - Red Karawana<\/title>\n<meta name=\"description\" content=\"Notre s\u00e9lection de Tableau Fleurs \u00c9panouies pr\u00e9sente une architecture traditionnelle toute en couleurs ainsi que les couleurs contrast\u00e9es des arbres en fleurs.\" \/>\n<meta name=\"robots\" content=\"index, follow, max-snippet:-1, max-image-preview:large, max-video-preview:-1\" \/>\n<link rel=\"canonical\" href=\"https:\/\/redkarawana.com\/fr\/artisan\/tableau-fleurs-epanouies-chine\/\" \/>\n<meta property=\"og:locale\" content=\"fr_FR\" \/>\n<meta property=\"og:type\" content=\"article\" \/>\n<meta property=\"og:title\" content=\"Tableau Fleurs \u00c9panouies, Chine - Artistique - Red Karawana\" \/>\n<meta property=\"og:description\" content=\"Notre s\u00e9lection de Tableau Fleurs \u00c9panouies pr\u00e9sente une architecture traditionnelle toute en couleurs ainsi que les couleurs contrast\u00e9es des arbres en fleurs.\" \/>\n<meta property=\"og:url\" content=\"https:\/\/redkarawana.com\/fr\/artisan\/tableau-fleurs-epanouies-chine\/\" \/>\n<meta property=\"og:site_name\" content=\"Red Karawana\" \/>\n<meta property=\"article:publisher\" content=\"https:\/\/www.facebook.com\/redkarawana\/\" \/>\n<meta property=\"og:image\" content=\"https:\/\/redkarawana.com\/wp-content\/uploads\/2025\/10\/1-AF-China-Blooming-Flowers-Artwork-1024x538.jpg\" \/>\n<meta name=\"twitter:card\" content=\"summary_large_image\" \/>\n<meta name=\"twitter:label1\" content=\"Dur\u00e9e de lecture estim\u00e9e\" \/>\n\t<meta name=\"twitter:data1\" content=\"1 minute\" \/>\n<script type=\"application\/ld+json\" class=\"yoast-schema-graph\">{\"@context\":\"https:\\\/\\\/schema.org\",\"@graph\":[{\"@type\":\"WebPage\",\"@id\":\"https:\\\/\\\/redkarawana.com\\\/fr\\\/artisan\\\/tableau-fleurs-epanouies-chine\\\/\",\"url\":\"https:\\\/\\\/redkarawana.com\\\/fr\\\/artisan\\\/tableau-fleurs-epanouies-chine\\\/\",\"name\":\"Tableau Fleurs \u00c9panouies, Chine - Artistique - Red Karawana\",\"isPartOf\":{\"@id\":\"https:\\\/\\\/redkarawana.com\\\/#website\"},\"primaryImageOfPage\":{\"@id\":\"https:\\\/\\\/redkarawana.com\\\/fr\\\/artisan\\\/tableau-fleurs-epanouies-chine\\\/#primaryimage\"},\"image\":{\"@id\":\"https:\\\/\\\/redkarawana.com\\\/fr\\\/artisan\\\/tableau-fleurs-epanouies-chine\\\/#primaryimage\"},\"thumbnailUrl\":\"https:\\\/\\\/redkarawana.com\\\/wp-content\\\/uploads\\\/2025\\\/10\\\/1-Feature-China-Blooming-Flowers-Artwork.jpg\",\"datePublished\":\"2025-11-30T04:50:02+00:00\",\"description\":\"Notre s\u00e9lection de Tableau Fleurs \u00c9panouies pr\u00e9sente une architecture traditionnelle toute en couleurs ainsi que les couleurs contrast\u00e9es des arbres en fleurs.\",\"breadcrumb\":{\"@id\":\"https:\\\/\\\/redkarawana.com\\\/fr\\\/artisan\\\/tableau-fleurs-epanouies-chine\\\/#breadcrumb\"},\"inLanguage\":\"fr-FR\",\"potentialAction\":[{\"@type\":\"ReadAction\",\"target\":[\"https:\\\/\\\/redkarawana.com\\\/fr\\\/artisan\\\/tableau-fleurs-epanouies-chine\\\/\"]}]},{\"@type\":\"ImageObject\",\"inLanguage\":\"fr-FR\",\"@id\":\"https:\\\/\\\/redkarawana.com\\\/fr\\\/artisan\\\/tableau-fleurs-epanouies-chine\\\/#primaryimage\",\"url\":\"https:\\\/\\\/redkarawana.com\\\/wp-content\\\/uploads\\\/2025\\\/10\\\/1-Feature-China-Blooming-Flowers-Artwork.jpg\",\"contentUrl\":\"https:\\\/\\\/redkarawana.com\\\/wp-content\\\/uploads\\\/2025\\\/10\\\/1-Feature-China-Blooming-Flowers-Artwork.jpg\",\"width\":680,\"height\":453,\"caption\":\"Chine, Tableau Fleurs \u00c9panouies\"},{\"@type\":\"BreadcrumbList\",\"@id\":\"https:\\\/\\\/redkarawana.com\\\/fr\\\/artisan\\\/tableau-fleurs-epanouies-chine\\\/#breadcrumb\",\"itemListElement\":[{\"@type\":\"ListItem\",\"position\":1,\"name\":\"Home\",\"item\":\"https:\\\/\\\/redkarawana.com\\\/fr\\\/\"},{\"@type\":\"ListItem\",\"position\":2,\"name\":\"Artisans\",\"item\":\"https:\\\/\\\/redkarawana.com\\\/fr\\\/artisans\\\/\"},{\"@type\":\"ListItem\",\"position\":3,\"name\":\"Tableau Fleurs \u00c9panouies, Chine; Architecture Embellie Par la Nature\"}]},{\"@type\":\"WebSite\",\"@id\":\"https:\\\/\\\/redkarawana.com\\\/#website\",\"url\":\"https:\\\/\\\/redkarawana.com\\\/\",\"name\":\"Red Karawana\",\"description\":\"\",\"publisher\":{\"@id\":\"https:\\\/\\\/redkarawana.com\\\/#organization\"},\"potentialAction\":[{\"@type\":\"SearchAction\",\"target\":{\"@type\":\"EntryPoint\",\"urlTemplate\":\"https:\\\/\\\/redkarawana.com\\\/?s={search_term_string}\"},\"query-input\":{\"@type\":\"PropertyValueSpecification\",\"valueRequired\":true,\"valueName\":\"search_term_string\"}}],\"inLanguage\":\"fr-FR\"},{\"@type\":\"Organization\",\"@id\":\"https:\\\/\\\/redkarawana.com\\\/#organization\",\"name\":\"Red Karawana\",\"url\":\"https:\\\/\\\/redkarawana.com\\\/\",\"logo\":{\"@type\":\"ImageObject\",\"inLanguage\":\"fr-FR\",\"@id\":\"https:\\\/\\\/redkarawana.com\\\/#\\\/schema\\\/logo\\\/image\\\/\",\"url\":\"https:\\\/\\\/redkarawana.com\\\/wp-content\\\/uploads\\\/2025\\\/05\\\/cropped-Screenshot-2025-05-29-at-09.27.38.png\",\"contentUrl\":\"https:\\\/\\\/redkarawana.com\\\/wp-content\\\/uploads\\\/2025\\\/05\\\/cropped-Screenshot-2025-05-29-at-09.27.38.png\",\"width\":512,\"height\":512,\"caption\":\"Red Karawana\"},\"image\":{\"@id\":\"https:\\\/\\\/redkarawana.com\\\/#\\\/schema\\\/logo\\\/image\\\/\"},\"sameAs\":[\"https:\\\/\\\/www.facebook.com\\\/redkarawana\\\/\",\"https:\\\/\\\/www.instagram.com\\\/redkarawana\\\/\",\"https:\\\/\\\/www.youtube.com\\\/channel\\\/UCU9jXzSmyKm4ZZv38FEXGKg\",\"https:\\\/\\\/www.pinterest.com\\\/redkarawana\\\/\"]}]}<\/script>\n<!-- \/ Yoast SEO plugin. -->","yoast_head_json":{"title":"Tableau Fleurs \u00c9panouies, Chine - Artistique - Red Karawana","description":"Notre s\u00e9lection de Tableau Fleurs \u00c9panouies pr\u00e9sente une architecture traditionnelle toute en couleurs ainsi que les couleurs contrast\u00e9es des arbres en fleurs.","robots":{"index":"index","follow":"follow","max-snippet":"max-snippet:-1","max-image-preview":"max-image-preview:large","max-video-preview":"max-video-preview:-1"},"canonical":"https:\/\/redkarawana.com\/fr\/artisan\/tableau-fleurs-epanouies-chine\/","og_locale":"fr_FR","og_type":"article","og_title":"Tableau Fleurs \u00c9panouies, Chine - Artistique - Red Karawana","og_description":"Notre s\u00e9lection de Tableau Fleurs \u00c9panouies pr\u00e9sente une architecture traditionnelle toute en couleurs ainsi que les couleurs contrast\u00e9es des arbres en fleurs.","og_url":"https:\/\/redkarawana.com\/fr\/artisan\/tableau-fleurs-epanouies-chine\/","og_site_name":"Red Karawana","article_publisher":"https:\/\/www.facebook.com\/redkarawana\/","og_image":[{"url":"https:\/\/redkarawana.com\/wp-content\/uploads\/2025\/10\/1-AF-China-Blooming-Flowers-Artwork-1024x538.jpg","type":"","width":"","height":""}],"twitter_card":"summary_large_image","twitter_misc":{"Dur\u00e9e de lecture estim\u00e9e":"1 minute"},"schema":{"@context":"https:\/\/schema.org","@graph":[{"@type":"WebPage","@id":"https:\/\/redkarawana.com\/fr\/artisan\/tableau-fleurs-epanouies-chine\/","url":"https:\/\/redkarawana.com\/fr\/artisan\/tableau-fleurs-epanouies-chine\/","name":"Tableau Fleurs \u00c9panouies, Chine - Artistique - Red Karawana","isPartOf":{"@id":"https:\/\/redkarawana.com\/#website"},"primaryImageOfPage":{"@id":"https:\/\/redkarawana.com\/fr\/artisan\/tableau-fleurs-epanouies-chine\/#primaryimage"},"image":{"@id":"https:\/\/redkarawana.com\/fr\/artisan\/tableau-fleurs-epanouies-chine\/#primaryimage"},"thumbnailUrl":"https:\/\/redkarawana.com\/wp-content\/uploads\/2025\/10\/1-Feature-China-Blooming-Flowers-Artwork.jpg","datePublished":"2025-11-30T04:50:02+00:00","description":"Notre s\u00e9lection de Tableau Fleurs \u00c9panouies pr\u00e9sente une architecture traditionnelle toute en couleurs ainsi que les couleurs contrast\u00e9es des arbres en fleurs.","breadcrumb":{"@id":"https:\/\/redkarawana.com\/fr\/artisan\/tableau-fleurs-epanouies-chine\/#breadcrumb"},"inLanguage":"fr-FR","potentialAction":[{"@type":"ReadAction","target":["https:\/\/redkarawana.com\/fr\/artisan\/tableau-fleurs-epanouies-chine\/"]}]},{"@type":"ImageObject","inLanguage":"fr-FR","@id":"https:\/\/redkarawana.com\/fr\/artisan\/tableau-fleurs-epanouies-chine\/#primaryimage","url":"https:\/\/redkarawana.com\/wp-content\/uploads\/2025\/10\/1-Feature-China-Blooming-Flowers-Artwork.jpg","contentUrl":"https:\/\/redkarawana.com\/wp-content\/uploads\/2025\/10\/1-Feature-China-Blooming-Flowers-Artwork.jpg","width":680,"height":453,"caption":"Chine, Tableau Fleurs \u00c9panouies"},{"@type":"BreadcrumbList","@id":"https:\/\/redkarawana.com\/fr\/artisan\/tableau-fleurs-epanouies-chine\/#breadcrumb","itemListElement":[{"@type":"ListItem","position":1,"name":"Home","item":"https:\/\/redkarawana.com\/fr\/"},{"@type":"ListItem","position":2,"name":"Artisans","item":"https:\/\/redkarawana.com\/fr\/artisans\/"},{"@type":"ListItem","position":3,"name":"Tableau Fleurs \u00c9panouies, Chine; Architecture Embellie Par la Nature"}]},{"@type":"WebSite","@id":"https:\/\/redkarawana.com\/#website","url":"https:\/\/redkarawana.com\/","name":"Red Karawana","description":"","publisher":{"@id":"https:\/\/redkarawana.com\/#organization"},"potentialAction":[{"@type":"SearchAction","target":{"@type":"EntryPoint","urlTemplate":"https:\/\/redkarawana.com\/?s={search_term_string}"},"query-input":{"@type":"PropertyValueSpecification","valueRequired":true,"valueName":"search_term_string"}}],"inLanguage":"fr-FR"},{"@type":"Organization","@id":"https:\/\/redkarawana.com\/#organization","name":"Red Karawana","url":"https:\/\/redkarawana.com\/","logo":{"@type":"ImageObject","inLanguage":"fr-FR","@id":"https:\/\/redkarawana.com\/#\/schema\/logo\/image\/","url":"https:\/\/redkarawana.com\/wp-content\/uploads\/2025\/05\/cropped-Screenshot-2025-05-29-at-09.27.38.png","contentUrl":"https:\/\/redkarawana.com\/wp-content\/uploads\/2025\/05\/cropped-Screenshot-2025-05-29-at-09.27.38.png","width":512,"height":512,"caption":"Red Karawana"},"image":{"@id":"https:\/\/redkarawana.com\/#\/schema\/logo\/image\/"},"sameAs":["https:\/\/www.facebook.com\/redkarawana\/","https:\/\/www.instagram.com\/redkarawana\/","https:\/\/www.youtube.com\/channel\/UCU9jXzSmyKm4ZZv38FEXGKg","https:\/\/www.pinterest.com\/redkarawana\/"]}]}},"_links":{"self":[{"href":"https:\/\/redkarawana.com\/fr\/wp-json\/wp\/v2\/product\/12072","targetHints":{"allow":["GET"]}}],"collection":[{"href":"https:\/\/redkarawana.com\/fr\/wp-json\/wp\/v2\/product"}],"about":[{"href":"https:\/\/redkarawana.com\/fr\/wp-json\/wp\/v2\/types\/product"}],"wp:featuredmedia":[{"embeddable":true,"href":"https:\/\/redkarawana.com\/fr\/wp-json\/wp\/v2\/media\/12036"}],"wp:attachment":[{"href":"https:\/\/redkarawana.com\/fr\/wp-json\/wp\/v2\/media?parent=12072"}],"wp:term":[{"taxonomy":"product_brand","embeddable":true,"href":"https:\/\/redkarawana.com\/fr\/wp-json\/wp\/v2\/product_brand?post=12072"},{"taxonomy":"product_cat","embeddable":true,"href":"https:\/\/redkarawana.com\/fr\/wp-json\/wp\/v2\/product_cat?post=12072"},{"taxonomy":"product_tag","embeddable":true,"href":"https:\/\/redkarawana.com\/fr\/wp-json\/wp\/v2\/product_tag?post=12072"}],"curies":[{"name":"wp","href":"https:\/\/api.w.org\/{rel}","templated":true}]}}