{"id":12126,"date":"2025-11-30T05:50:30","date_gmt":"2025-11-30T05:50:30","guid":{"rendered":"https:\/\/redkarawana.com\/artisan\/pottery-cheese-baker-set-poland\/"},"modified":"2025-12-06T07:08:25","modified_gmt":"2025-12-06T07:08:25","slug":"ensemble-plat-four-fromage-pologne","status":"publish","type":"product","link":"https:\/\/redkarawana.com\/fr\/artisan\/ensemble-plat-four-fromage-pologne\/","title":{"rendered":"Ensemble de Plat \u00e0 Four Pour le Fromage, Pologne; Un Vernis Brun"},"content":{"rendered":"<p>La Pologne perp\u00e9tue une longue tradition de fabrication de poteries. Les ateliers de c\u00e9ramique, petits groupes et c\u00e9ramistes individuels cr\u00e9ent des poteries originales. Les c\u00e9ramiques de haute qualit\u00e9 sont belles et durables. Les collections de c\u00e9ramiques comprennent des designs uniques et des motifs attrayants. Notre ensemble de plat \u00e0 four pour le fromage s\u00e9lectionn\u00e9, une poterie artisanale de haute qualit\u00e9, pr\u00e9sente un design classique et un magnifique vernis brun. L&rsquo;ensemble de plat \u00e0 four pour le fromage comprend deux plats \u00e0 four (diam\u00e8tre 3 3\/4 pouces, hauteur 1 pouce).<\/p>\n","protected":false},"excerpt":{"rendered":"<p>La Pologne perp\u00e9tue une longue tradition de fabrication de poteries. Les ateliers de c\u00e9ramique, petits groupes et c\u00e9ramistes individuels cr\u00e9ent des poteries originales. Les c\u00e9ramiques de haute qualit\u00e9 sont belles et durables. Les collections de c\u00e9ramiques comprennent des designs uniques et des motifs attrayants. Notre ensemble de plat \u00e0 four pour le fromage s\u00e9lectionn\u00e9, une [&hellip;]<\/p>\n","protected":false},"featured_media":12109,"template":"","meta":{"_acf_changed":false},"product_brand":[],"product_cat":[50],"product_tag":[],"class_list":{"0":"post-12126","1":"product","2":"type-product","3":"status-publish","4":"has-post-thumbnail","6":"product_cat-fonctionnel","8":"first","9":"instock","10":"taxable","11":"shipping-taxable","12":"purchasable","13":"product-type-simple"},"acf":[],"yoast_head":"<!-- This site is optimized with the Yoast SEO plugin v27.4 - https:\/\/yoast.com\/product\/yoast-seo-wordpress\/ -->\n<title>Ensemble de Plat \u00e0 Four Pour Fromage, Pologne - Fonctionnel - Red Karawana<\/title>\n<meta name=\"description\" content=\"Notre ensemble de plat \u00e0 four pour fromage s\u00e9lectionn\u00e9, une poterie artisanale de haute qualit\u00e9, pr\u00e9sente un design classique et un magnifique vernis brun.\" \/>\n<meta name=\"robots\" content=\"index, follow, max-snippet:-1, max-image-preview:large, max-video-preview:-1\" \/>\n<link rel=\"canonical\" href=\"https:\/\/redkarawana.com\/fr\/artisan\/ensemble-plat-four-fromage-pologne\/\" \/>\n<meta property=\"og:locale\" content=\"fr_FR\" \/>\n<meta property=\"og:type\" content=\"article\" \/>\n<meta property=\"og:title\" content=\"Ensemble de Plat \u00e0 Four Pour Fromage, Pologne - Fonctionnel - Red Karawana\" \/>\n<meta property=\"og:description\" content=\"Notre ensemble de plat \u00e0 four pour fromage s\u00e9lectionn\u00e9, une poterie artisanale de haute qualit\u00e9, pr\u00e9sente un design classique et un magnifique vernis brun.\" \/>\n<meta property=\"og:url\" content=\"https:\/\/redkarawana.com\/fr\/artisan\/ensemble-plat-four-fromage-pologne\/\" \/>\n<meta property=\"og:site_name\" content=\"Red Karawana\" \/>\n<meta property=\"article:publisher\" content=\"https:\/\/www.facebook.com\/redkarawana\/\" \/>\n<meta property=\"article:modified_time\" content=\"2025-12-06T07:08:25+00:00\" \/>\n<meta property=\"og:image\" content=\"https:\/\/redkarawana.com\/wp-content\/uploads\/2025\/10\/1-AF-Poland-Ceramic-Baking-Dishes-1024x538.jpg\" \/>\n<meta name=\"twitter:card\" content=\"summary_large_image\" \/>\n<meta name=\"twitter:label1\" content=\"Dur\u00e9e de lecture estim\u00e9e\" \/>\n\t<meta name=\"twitter:data1\" content=\"1 minute\" \/>\n<script type=\"application\/ld+json\" class=\"yoast-schema-graph\">{\"@context\":\"https:\\\/\\\/schema.org\",\"@graph\":[{\"@type\":\"WebPage\",\"@id\":\"https:\\\/\\\/redkarawana.com\\\/fr\\\/artisan\\\/ensemble-plat-four-fromage-pologne\\\/\",\"url\":\"https:\\\/\\\/redkarawana.com\\\/fr\\\/artisan\\\/ensemble-plat-four-fromage-pologne\\\/\",\"name\":\"Ensemble de Plat \u00e0 Four Pour Fromage, Pologne - Fonctionnel - Red Karawana\",\"isPartOf\":{\"@id\":\"https:\\\/\\\/redkarawana.com\\\/#website\"},\"primaryImageOfPage\":{\"@id\":\"https:\\\/\\\/redkarawana.com\\\/fr\\\/artisan\\\/ensemble-plat-four-fromage-pologne\\\/#primaryimage\"},\"image\":{\"@id\":\"https:\\\/\\\/redkarawana.com\\\/fr\\\/artisan\\\/ensemble-plat-four-fromage-pologne\\\/#primaryimage\"},\"thumbnailUrl\":\"https:\\\/\\\/redkarawana.com\\\/wp-content\\\/uploads\\\/2025\\\/10\\\/1-Feature-Poland-Ceramic-Baking-Dishes.jpg\",\"datePublished\":\"2025-11-30T05:50:30+00:00\",\"dateModified\":\"2025-12-06T07:08:25+00:00\",\"description\":\"Notre ensemble de plat \u00e0 four pour fromage s\u00e9lectionn\u00e9, une poterie artisanale de haute qualit\u00e9, pr\u00e9sente un design classique et un magnifique vernis brun.\",\"breadcrumb\":{\"@id\":\"https:\\\/\\\/redkarawana.com\\\/fr\\\/artisan\\\/ensemble-plat-four-fromage-pologne\\\/#breadcrumb\"},\"inLanguage\":\"fr-FR\",\"potentialAction\":[{\"@type\":\"ReadAction\",\"target\":[\"https:\\\/\\\/redkarawana.com\\\/fr\\\/artisan\\\/ensemble-plat-four-fromage-pologne\\\/\"]}]},{\"@type\":\"ImageObject\",\"inLanguage\":\"fr-FR\",\"@id\":\"https:\\\/\\\/redkarawana.com\\\/fr\\\/artisan\\\/ensemble-plat-four-fromage-pologne\\\/#primaryimage\",\"url\":\"https:\\\/\\\/redkarawana.com\\\/wp-content\\\/uploads\\\/2025\\\/10\\\/1-Feature-Poland-Ceramic-Baking-Dishes.jpg\",\"contentUrl\":\"https:\\\/\\\/redkarawana.com\\\/wp-content\\\/uploads\\\/2025\\\/10\\\/1-Feature-Poland-Ceramic-Baking-Dishes.jpg\",\"width\":680,\"height\":453,\"caption\":\"Pologne, Ensemble de Plat \u00e0 Four Pour Fromage\"},{\"@type\":\"BreadcrumbList\",\"@id\":\"https:\\\/\\\/redkarawana.com\\\/fr\\\/artisan\\\/ensemble-plat-four-fromage-pologne\\\/#breadcrumb\",\"itemListElement\":[{\"@type\":\"ListItem\",\"position\":1,\"name\":\"Home\",\"item\":\"https:\\\/\\\/redkarawana.com\\\/fr\\\/\"},{\"@type\":\"ListItem\",\"position\":2,\"name\":\"Artisans\",\"item\":\"https:\\\/\\\/redkarawana.com\\\/fr\\\/artisans\\\/\"},{\"@type\":\"ListItem\",\"position\":3,\"name\":\"Ensemble de Plat \u00e0 Four Pour le Fromage, Pologne; Un Vernis Brun\"}]},{\"@type\":\"WebSite\",\"@id\":\"https:\\\/\\\/redkarawana.com\\\/#website\",\"url\":\"https:\\\/\\\/redkarawana.com\\\/\",\"name\":\"Red Karawana\",\"description\":\"\",\"publisher\":{\"@id\":\"https:\\\/\\\/redkarawana.com\\\/#organization\"},\"potentialAction\":[{\"@type\":\"SearchAction\",\"target\":{\"@type\":\"EntryPoint\",\"urlTemplate\":\"https:\\\/\\\/redkarawana.com\\\/?s={search_term_string}\"},\"query-input\":{\"@type\":\"PropertyValueSpecification\",\"valueRequired\":true,\"valueName\":\"search_term_string\"}}],\"inLanguage\":\"fr-FR\"},{\"@type\":\"Organization\",\"@id\":\"https:\\\/\\\/redkarawana.com\\\/#organization\",\"name\":\"Red Karawana\",\"url\":\"https:\\\/\\\/redkarawana.com\\\/\",\"logo\":{\"@type\":\"ImageObject\",\"inLanguage\":\"fr-FR\",\"@id\":\"https:\\\/\\\/redkarawana.com\\\/#\\\/schema\\\/logo\\\/image\\\/\",\"url\":\"https:\\\/\\\/redkarawana.com\\\/wp-content\\\/uploads\\\/2025\\\/05\\\/cropped-Screenshot-2025-05-29-at-09.27.38.png\",\"contentUrl\":\"https:\\\/\\\/redkarawana.com\\\/wp-content\\\/uploads\\\/2025\\\/05\\\/cropped-Screenshot-2025-05-29-at-09.27.38.png\",\"width\":512,\"height\":512,\"caption\":\"Red Karawana\"},\"image\":{\"@id\":\"https:\\\/\\\/redkarawana.com\\\/#\\\/schema\\\/logo\\\/image\\\/\"},\"sameAs\":[\"https:\\\/\\\/www.facebook.com\\\/redkarawana\\\/\",\"https:\\\/\\\/www.instagram.com\\\/redkarawana\\\/\",\"https:\\\/\\\/www.youtube.com\\\/channel\\\/UCU9jXzSmyKm4ZZv38FEXGKg\",\"https:\\\/\\\/www.pinterest.com\\\/redkarawana\\\/\"]}]}<\/script>\n<!-- \/ Yoast SEO plugin. -->","yoast_head_json":{"title":"Ensemble de Plat \u00e0 Four Pour Fromage, Pologne - Fonctionnel - Red Karawana","description":"Notre ensemble de plat \u00e0 four pour fromage s\u00e9lectionn\u00e9, une poterie artisanale de haute qualit\u00e9, pr\u00e9sente un design classique et un magnifique vernis brun.","robots":{"index":"index","follow":"follow","max-snippet":"max-snippet:-1","max-image-preview":"max-image-preview:large","max-video-preview":"max-video-preview:-1"},"canonical":"https:\/\/redkarawana.com\/fr\/artisan\/ensemble-plat-four-fromage-pologne\/","og_locale":"fr_FR","og_type":"article","og_title":"Ensemble de Plat \u00e0 Four Pour Fromage, Pologne - Fonctionnel - Red Karawana","og_description":"Notre ensemble de plat \u00e0 four pour fromage s\u00e9lectionn\u00e9, une poterie artisanale de haute qualit\u00e9, pr\u00e9sente un design classique et un magnifique vernis brun.","og_url":"https:\/\/redkarawana.com\/fr\/artisan\/ensemble-plat-four-fromage-pologne\/","og_site_name":"Red Karawana","article_publisher":"https:\/\/www.facebook.com\/redkarawana\/","article_modified_time":"2025-12-06T07:08:25+00:00","og_image":[{"url":"https:\/\/redkarawana.com\/wp-content\/uploads\/2025\/10\/1-AF-Poland-Ceramic-Baking-Dishes-1024x538.jpg","type":"","width":"","height":""}],"twitter_card":"summary_large_image","twitter_misc":{"Dur\u00e9e de lecture estim\u00e9e":"1 minute"},"schema":{"@context":"https:\/\/schema.org","@graph":[{"@type":"WebPage","@id":"https:\/\/redkarawana.com\/fr\/artisan\/ensemble-plat-four-fromage-pologne\/","url":"https:\/\/redkarawana.com\/fr\/artisan\/ensemble-plat-four-fromage-pologne\/","name":"Ensemble de Plat \u00e0 Four Pour Fromage, Pologne - Fonctionnel - Red Karawana","isPartOf":{"@id":"https:\/\/redkarawana.com\/#website"},"primaryImageOfPage":{"@id":"https:\/\/redkarawana.com\/fr\/artisan\/ensemble-plat-four-fromage-pologne\/#primaryimage"},"image":{"@id":"https:\/\/redkarawana.com\/fr\/artisan\/ensemble-plat-four-fromage-pologne\/#primaryimage"},"thumbnailUrl":"https:\/\/redkarawana.com\/wp-content\/uploads\/2025\/10\/1-Feature-Poland-Ceramic-Baking-Dishes.jpg","datePublished":"2025-11-30T05:50:30+00:00","dateModified":"2025-12-06T07:08:25+00:00","description":"Notre ensemble de plat \u00e0 four pour fromage s\u00e9lectionn\u00e9, une poterie artisanale de haute qualit\u00e9, pr\u00e9sente un design classique et un magnifique vernis brun.","breadcrumb":{"@id":"https:\/\/redkarawana.com\/fr\/artisan\/ensemble-plat-four-fromage-pologne\/#breadcrumb"},"inLanguage":"fr-FR","potentialAction":[{"@type":"ReadAction","target":["https:\/\/redkarawana.com\/fr\/artisan\/ensemble-plat-four-fromage-pologne\/"]}]},{"@type":"ImageObject","inLanguage":"fr-FR","@id":"https:\/\/redkarawana.com\/fr\/artisan\/ensemble-plat-four-fromage-pologne\/#primaryimage","url":"https:\/\/redkarawana.com\/wp-content\/uploads\/2025\/10\/1-Feature-Poland-Ceramic-Baking-Dishes.jpg","contentUrl":"https:\/\/redkarawana.com\/wp-content\/uploads\/2025\/10\/1-Feature-Poland-Ceramic-Baking-Dishes.jpg","width":680,"height":453,"caption":"Pologne, Ensemble de Plat \u00e0 Four Pour Fromage"},{"@type":"BreadcrumbList","@id":"https:\/\/redkarawana.com\/fr\/artisan\/ensemble-plat-four-fromage-pologne\/#breadcrumb","itemListElement":[{"@type":"ListItem","position":1,"name":"Home","item":"https:\/\/redkarawana.com\/fr\/"},{"@type":"ListItem","position":2,"name":"Artisans","item":"https:\/\/redkarawana.com\/fr\/artisans\/"},{"@type":"ListItem","position":3,"name":"Ensemble de Plat \u00e0 Four Pour le Fromage, Pologne; Un Vernis Brun"}]},{"@type":"WebSite","@id":"https:\/\/redkarawana.com\/#website","url":"https:\/\/redkarawana.com\/","name":"Red Karawana","description":"","publisher":{"@id":"https:\/\/redkarawana.com\/#organization"},"potentialAction":[{"@type":"SearchAction","target":{"@type":"EntryPoint","urlTemplate":"https:\/\/redkarawana.com\/?s={search_term_string}"},"query-input":{"@type":"PropertyValueSpecification","valueRequired":true,"valueName":"search_term_string"}}],"inLanguage":"fr-FR"},{"@type":"Organization","@id":"https:\/\/redkarawana.com\/#organization","name":"Red Karawana","url":"https:\/\/redkarawana.com\/","logo":{"@type":"ImageObject","inLanguage":"fr-FR","@id":"https:\/\/redkarawana.com\/#\/schema\/logo\/image\/","url":"https:\/\/redkarawana.com\/wp-content\/uploads\/2025\/05\/cropped-Screenshot-2025-05-29-at-09.27.38.png","contentUrl":"https:\/\/redkarawana.com\/wp-content\/uploads\/2025\/05\/cropped-Screenshot-2025-05-29-at-09.27.38.png","width":512,"height":512,"caption":"Red Karawana"},"image":{"@id":"https:\/\/redkarawana.com\/#\/schema\/logo\/image\/"},"sameAs":["https:\/\/www.facebook.com\/redkarawana\/","https:\/\/www.instagram.com\/redkarawana\/","https:\/\/www.youtube.com\/channel\/UCU9jXzSmyKm4ZZv38FEXGKg","https:\/\/www.pinterest.com\/redkarawana\/"]}]}},"_links":{"self":[{"href":"https:\/\/redkarawana.com\/fr\/wp-json\/wp\/v2\/product\/12126","targetHints":{"allow":["GET"]}}],"collection":[{"href":"https:\/\/redkarawana.com\/fr\/wp-json\/wp\/v2\/product"}],"about":[{"href":"https:\/\/redkarawana.com\/fr\/wp-json\/wp\/v2\/types\/product"}],"wp:featuredmedia":[{"embeddable":true,"href":"https:\/\/redkarawana.com\/fr\/wp-json\/wp\/v2\/media\/12109"}],"wp:attachment":[{"href":"https:\/\/redkarawana.com\/fr\/wp-json\/wp\/v2\/media?parent=12126"}],"wp:term":[{"taxonomy":"product_brand","embeddable":true,"href":"https:\/\/redkarawana.com\/fr\/wp-json\/wp\/v2\/product_brand?post=12126"},{"taxonomy":"product_cat","embeddable":true,"href":"https:\/\/redkarawana.com\/fr\/wp-json\/wp\/v2\/product_cat?post=12126"},{"taxonomy":"product_tag","embeddable":true,"href":"https:\/\/redkarawana.com\/fr\/wp-json\/wp\/v2\/product_tag?post=12126"}],"curies":[{"name":"wp","href":"https:\/\/api.w.org\/{rel}","templated":true}]}}