{"id":12150,"date":"2025-11-30T05:10:07","date_gmt":"2025-11-30T05:10:07","guid":{"rendered":"https:\/\/redkarawana.com\/artisan\/ceramic-sushi-set-poland\/"},"modified":"2025-12-06T07:23:11","modified_gmt":"2025-12-06T07:23:11","slug":"ensemble-assiettes-sushi-ceramique-pologne","status":"publish","type":"product","link":"https:\/\/redkarawana.com\/fr\/artisan\/ensemble-assiettes-sushi-ceramique-pologne\/","title":{"rendered":"Ensemble d&rsquo;Assiettes \u00e0 Sushi en C\u00e9ramique, Pologne; Design Classique"},"content":{"rendered":"<p>La Pologne perp\u00e9tue une longue tradition de fabrication de poteries. Les ateliers de c\u00e9ramique, les petits groupes et les c\u00e9ramistes individuels cr\u00e9ent des poteries originales. Les c\u00e9ramiques de haute qualit\u00e9 sont belles et durables. Une collection de c\u00e9ramiques comprend des designs uniques et des motifs attrayants. Notre ensemble d&rsquo;assiettes \u00e0 sushi en c\u00e9ramique pour deux personnes se distingue par son design \u00e9l\u00e9gant et son magnifique vernis brun. L&rsquo;ensemble d&rsquo;assiettes \u00e0 sushi en c\u00e9ramique comprend : une grande assiette (hauteur 10 1\/4 pouces, largeur 11 pouces), deux petites assiettes (hauteur 4 1\/4 pouces, largeur 4 1\/4 pouces), deux plats \u00e0 sauce (hauteur 2 1\/2 pouces, largeur 2 1\/2 pouces), deux porte-baguettes (hauteur 1 1\/2 pouces, largeur 1 pouce).<\/p>\n","protected":false},"excerpt":{"rendered":"<p>La Pologne perp\u00e9tue une longue tradition de fabrication de poteries. Les ateliers de c\u00e9ramique, les petits groupes et les c\u00e9ramistes individuels cr\u00e9ent des poteries originales. Les c\u00e9ramiques de haute qualit\u00e9 sont belles et durables. Une collection de c\u00e9ramiques comprend des designs uniques et des motifs attrayants. Notre ensemble d&rsquo;assiettes \u00e0 sushi en c\u00e9ramique pour deux [&hellip;]<\/p>\n","protected":false},"featured_media":12135,"template":"","meta":{"_acf_changed":false},"product_brand":[],"product_cat":[50],"product_tag":[],"class_list":{"0":"post-12150","1":"product","2":"type-product","3":"status-publish","4":"has-post-thumbnail","6":"product_cat-fonctionnel","8":"first","9":"instock","10":"taxable","11":"shipping-taxable","12":"purchasable","13":"product-type-simple"},"acf":[],"yoast_head":"<!-- This site is optimized with the Yoast SEO plugin v27.3 - https:\/\/yoast.com\/product\/yoast-seo-wordpress\/ -->\n<title>Ensemble d&#039;Assiettes \u00e0 Sushi en C\u00e9ramique, Pologne - Fonctionnel - Red Karawana<\/title>\n<meta name=\"description\" content=\"Notre ensemble d&#039;assiettes \u00e0 sushi en c\u00e9ramique pour deux personnes se distingue par son design \u00e9l\u00e9gant et son magnifique vernis brun.\" \/>\n<meta name=\"robots\" content=\"index, follow, max-snippet:-1, max-image-preview:large, max-video-preview:-1\" \/>\n<link rel=\"canonical\" href=\"https:\/\/redkarawana.com\/fr\/artisan\/ensemble-assiettes-sushi-ceramique-pologne\/\" \/>\n<meta property=\"og:locale\" content=\"fr_FR\" \/>\n<meta property=\"og:type\" content=\"article\" \/>\n<meta property=\"og:title\" content=\"Ensemble d&#039;Assiettes \u00e0 Sushi en C\u00e9ramique, Pologne - Fonctionnel - Red Karawana\" \/>\n<meta property=\"og:description\" content=\"Notre ensemble d&#039;assiettes \u00e0 sushi en c\u00e9ramique pour deux personnes se distingue par son design \u00e9l\u00e9gant et son magnifique vernis brun.\" \/>\n<meta property=\"og:url\" content=\"https:\/\/redkarawana.com\/fr\/artisan\/ensemble-assiettes-sushi-ceramique-pologne\/\" \/>\n<meta property=\"og:site_name\" content=\"Red Karawana\" \/>\n<meta property=\"article:publisher\" content=\"https:\/\/www.facebook.com\/redkarawana\/\" \/>\n<meta property=\"article:modified_time\" content=\"2025-12-06T07:23:11+00:00\" \/>\n<meta property=\"og:image\" content=\"https:\/\/redkarawana.com\/wp-content\/uploads\/2025\/10\/1-AF-Poland-Ceramic-Sushi-Set-1024x538.jpg\" \/>\n<meta name=\"twitter:card\" content=\"summary_large_image\" \/>\n<meta name=\"twitter:label1\" content=\"Dur\u00e9e de lecture estim\u00e9e\" \/>\n\t<meta name=\"twitter:data1\" content=\"1 minute\" \/>\n<script type=\"application\/ld+json\" class=\"yoast-schema-graph\">{\"@context\":\"https:\\\/\\\/schema.org\",\"@graph\":[{\"@type\":\"WebPage\",\"@id\":\"https:\\\/\\\/redkarawana.com\\\/fr\\\/artisan\\\/ensemble-assiettes-sushi-ceramique-pologne\\\/\",\"url\":\"https:\\\/\\\/redkarawana.com\\\/fr\\\/artisan\\\/ensemble-assiettes-sushi-ceramique-pologne\\\/\",\"name\":\"Ensemble d'Assiettes \u00e0 Sushi en C\u00e9ramique, Pologne - Fonctionnel - Red Karawana\",\"isPartOf\":{\"@id\":\"https:\\\/\\\/redkarawana.com\\\/#website\"},\"primaryImageOfPage\":{\"@id\":\"https:\\\/\\\/redkarawana.com\\\/fr\\\/artisan\\\/ensemble-assiettes-sushi-ceramique-pologne\\\/#primaryimage\"},\"image\":{\"@id\":\"https:\\\/\\\/redkarawana.com\\\/fr\\\/artisan\\\/ensemble-assiettes-sushi-ceramique-pologne\\\/#primaryimage\"},\"thumbnailUrl\":\"https:\\\/\\\/redkarawana.com\\\/wp-content\\\/uploads\\\/2025\\\/10\\\/1-Feature-Poland-Ceramic-Sushi-Set.jpg\",\"datePublished\":\"2025-11-30T05:10:07+00:00\",\"dateModified\":\"2025-12-06T07:23:11+00:00\",\"description\":\"Notre ensemble d'assiettes \u00e0 sushi en c\u00e9ramique pour deux personnes se distingue par son design \u00e9l\u00e9gant et son magnifique vernis brun.\",\"breadcrumb\":{\"@id\":\"https:\\\/\\\/redkarawana.com\\\/fr\\\/artisan\\\/ensemble-assiettes-sushi-ceramique-pologne\\\/#breadcrumb\"},\"inLanguage\":\"fr-FR\",\"potentialAction\":[{\"@type\":\"ReadAction\",\"target\":[\"https:\\\/\\\/redkarawana.com\\\/fr\\\/artisan\\\/ensemble-assiettes-sushi-ceramique-pologne\\\/\"]}]},{\"@type\":\"ImageObject\",\"inLanguage\":\"fr-FR\",\"@id\":\"https:\\\/\\\/redkarawana.com\\\/fr\\\/artisan\\\/ensemble-assiettes-sushi-ceramique-pologne\\\/#primaryimage\",\"url\":\"https:\\\/\\\/redkarawana.com\\\/wp-content\\\/uploads\\\/2025\\\/10\\\/1-Feature-Poland-Ceramic-Sushi-Set.jpg\",\"contentUrl\":\"https:\\\/\\\/redkarawana.com\\\/wp-content\\\/uploads\\\/2025\\\/10\\\/1-Feature-Poland-Ceramic-Sushi-Set.jpg\",\"width\":680,\"height\":453,\"caption\":\"Pologne, Ensemble d'Assiettes \u00e0 Sushi en C\u00e9ramique\"},{\"@type\":\"BreadcrumbList\",\"@id\":\"https:\\\/\\\/redkarawana.com\\\/fr\\\/artisan\\\/ensemble-assiettes-sushi-ceramique-pologne\\\/#breadcrumb\",\"itemListElement\":[{\"@type\":\"ListItem\",\"position\":1,\"name\":\"Home\",\"item\":\"https:\\\/\\\/redkarawana.com\\\/fr\\\/\"},{\"@type\":\"ListItem\",\"position\":2,\"name\":\"Artisans\",\"item\":\"https:\\\/\\\/redkarawana.com\\\/fr\\\/artisans\\\/\"},{\"@type\":\"ListItem\",\"position\":3,\"name\":\"Ensemble d&#8217;Assiettes \u00e0 Sushi en C\u00e9ramique, Pologne; Design Classique\"}]},{\"@type\":\"WebSite\",\"@id\":\"https:\\\/\\\/redkarawana.com\\\/#website\",\"url\":\"https:\\\/\\\/redkarawana.com\\\/\",\"name\":\"Red Karawana\",\"description\":\"\",\"publisher\":{\"@id\":\"https:\\\/\\\/redkarawana.com\\\/#organization\"},\"potentialAction\":[{\"@type\":\"SearchAction\",\"target\":{\"@type\":\"EntryPoint\",\"urlTemplate\":\"https:\\\/\\\/redkarawana.com\\\/?s={search_term_string}\"},\"query-input\":{\"@type\":\"PropertyValueSpecification\",\"valueRequired\":true,\"valueName\":\"search_term_string\"}}],\"inLanguage\":\"fr-FR\"},{\"@type\":\"Organization\",\"@id\":\"https:\\\/\\\/redkarawana.com\\\/#organization\",\"name\":\"Red Karawana\",\"url\":\"https:\\\/\\\/redkarawana.com\\\/\",\"logo\":{\"@type\":\"ImageObject\",\"inLanguage\":\"fr-FR\",\"@id\":\"https:\\\/\\\/redkarawana.com\\\/#\\\/schema\\\/logo\\\/image\\\/\",\"url\":\"https:\\\/\\\/redkarawana.com\\\/wp-content\\\/uploads\\\/2025\\\/05\\\/cropped-Screenshot-2025-05-29-at-09.27.38.png\",\"contentUrl\":\"https:\\\/\\\/redkarawana.com\\\/wp-content\\\/uploads\\\/2025\\\/05\\\/cropped-Screenshot-2025-05-29-at-09.27.38.png\",\"width\":512,\"height\":512,\"caption\":\"Red Karawana\"},\"image\":{\"@id\":\"https:\\\/\\\/redkarawana.com\\\/#\\\/schema\\\/logo\\\/image\\\/\"},\"sameAs\":[\"https:\\\/\\\/www.facebook.com\\\/redkarawana\\\/\",\"https:\\\/\\\/www.instagram.com\\\/redkarawana\\\/\",\"https:\\\/\\\/www.youtube.com\\\/channel\\\/UCU9jXzSmyKm4ZZv38FEXGKg\",\"https:\\\/\\\/www.pinterest.com\\\/redkarawana\\\/\"]}]}<\/script>\n<!-- \/ Yoast SEO plugin. -->","yoast_head_json":{"title":"Ensemble d'Assiettes \u00e0 Sushi en C\u00e9ramique, Pologne - Fonctionnel - Red Karawana","description":"Notre ensemble d'assiettes \u00e0 sushi en c\u00e9ramique pour deux personnes se distingue par son design \u00e9l\u00e9gant et son magnifique vernis brun.","robots":{"index":"index","follow":"follow","max-snippet":"max-snippet:-1","max-image-preview":"max-image-preview:large","max-video-preview":"max-video-preview:-1"},"canonical":"https:\/\/redkarawana.com\/fr\/artisan\/ensemble-assiettes-sushi-ceramique-pologne\/","og_locale":"fr_FR","og_type":"article","og_title":"Ensemble d'Assiettes \u00e0 Sushi en C\u00e9ramique, Pologne - Fonctionnel - Red Karawana","og_description":"Notre ensemble d'assiettes \u00e0 sushi en c\u00e9ramique pour deux personnes se distingue par son design \u00e9l\u00e9gant et son magnifique vernis brun.","og_url":"https:\/\/redkarawana.com\/fr\/artisan\/ensemble-assiettes-sushi-ceramique-pologne\/","og_site_name":"Red Karawana","article_publisher":"https:\/\/www.facebook.com\/redkarawana\/","article_modified_time":"2025-12-06T07:23:11+00:00","og_image":[{"url":"https:\/\/redkarawana.com\/wp-content\/uploads\/2025\/10\/1-AF-Poland-Ceramic-Sushi-Set-1024x538.jpg","type":"","width":"","height":""}],"twitter_card":"summary_large_image","twitter_misc":{"Dur\u00e9e de lecture estim\u00e9e":"1 minute"},"schema":{"@context":"https:\/\/schema.org","@graph":[{"@type":"WebPage","@id":"https:\/\/redkarawana.com\/fr\/artisan\/ensemble-assiettes-sushi-ceramique-pologne\/","url":"https:\/\/redkarawana.com\/fr\/artisan\/ensemble-assiettes-sushi-ceramique-pologne\/","name":"Ensemble d'Assiettes \u00e0 Sushi en C\u00e9ramique, Pologne - Fonctionnel - Red Karawana","isPartOf":{"@id":"https:\/\/redkarawana.com\/#website"},"primaryImageOfPage":{"@id":"https:\/\/redkarawana.com\/fr\/artisan\/ensemble-assiettes-sushi-ceramique-pologne\/#primaryimage"},"image":{"@id":"https:\/\/redkarawana.com\/fr\/artisan\/ensemble-assiettes-sushi-ceramique-pologne\/#primaryimage"},"thumbnailUrl":"https:\/\/redkarawana.com\/wp-content\/uploads\/2025\/10\/1-Feature-Poland-Ceramic-Sushi-Set.jpg","datePublished":"2025-11-30T05:10:07+00:00","dateModified":"2025-12-06T07:23:11+00:00","description":"Notre ensemble d'assiettes \u00e0 sushi en c\u00e9ramique pour deux personnes se distingue par son design \u00e9l\u00e9gant et son magnifique vernis brun.","breadcrumb":{"@id":"https:\/\/redkarawana.com\/fr\/artisan\/ensemble-assiettes-sushi-ceramique-pologne\/#breadcrumb"},"inLanguage":"fr-FR","potentialAction":[{"@type":"ReadAction","target":["https:\/\/redkarawana.com\/fr\/artisan\/ensemble-assiettes-sushi-ceramique-pologne\/"]}]},{"@type":"ImageObject","inLanguage":"fr-FR","@id":"https:\/\/redkarawana.com\/fr\/artisan\/ensemble-assiettes-sushi-ceramique-pologne\/#primaryimage","url":"https:\/\/redkarawana.com\/wp-content\/uploads\/2025\/10\/1-Feature-Poland-Ceramic-Sushi-Set.jpg","contentUrl":"https:\/\/redkarawana.com\/wp-content\/uploads\/2025\/10\/1-Feature-Poland-Ceramic-Sushi-Set.jpg","width":680,"height":453,"caption":"Pologne, Ensemble d'Assiettes \u00e0 Sushi en C\u00e9ramique"},{"@type":"BreadcrumbList","@id":"https:\/\/redkarawana.com\/fr\/artisan\/ensemble-assiettes-sushi-ceramique-pologne\/#breadcrumb","itemListElement":[{"@type":"ListItem","position":1,"name":"Home","item":"https:\/\/redkarawana.com\/fr\/"},{"@type":"ListItem","position":2,"name":"Artisans","item":"https:\/\/redkarawana.com\/fr\/artisans\/"},{"@type":"ListItem","position":3,"name":"Ensemble d&#8217;Assiettes \u00e0 Sushi en C\u00e9ramique, Pologne; Design Classique"}]},{"@type":"WebSite","@id":"https:\/\/redkarawana.com\/#website","url":"https:\/\/redkarawana.com\/","name":"Red Karawana","description":"","publisher":{"@id":"https:\/\/redkarawana.com\/#organization"},"potentialAction":[{"@type":"SearchAction","target":{"@type":"EntryPoint","urlTemplate":"https:\/\/redkarawana.com\/?s={search_term_string}"},"query-input":{"@type":"PropertyValueSpecification","valueRequired":true,"valueName":"search_term_string"}}],"inLanguage":"fr-FR"},{"@type":"Organization","@id":"https:\/\/redkarawana.com\/#organization","name":"Red Karawana","url":"https:\/\/redkarawana.com\/","logo":{"@type":"ImageObject","inLanguage":"fr-FR","@id":"https:\/\/redkarawana.com\/#\/schema\/logo\/image\/","url":"https:\/\/redkarawana.com\/wp-content\/uploads\/2025\/05\/cropped-Screenshot-2025-05-29-at-09.27.38.png","contentUrl":"https:\/\/redkarawana.com\/wp-content\/uploads\/2025\/05\/cropped-Screenshot-2025-05-29-at-09.27.38.png","width":512,"height":512,"caption":"Red Karawana"},"image":{"@id":"https:\/\/redkarawana.com\/#\/schema\/logo\/image\/"},"sameAs":["https:\/\/www.facebook.com\/redkarawana\/","https:\/\/www.instagram.com\/redkarawana\/","https:\/\/www.youtube.com\/channel\/UCU9jXzSmyKm4ZZv38FEXGKg","https:\/\/www.pinterest.com\/redkarawana\/"]}]}},"_links":{"self":[{"href":"https:\/\/redkarawana.com\/fr\/wp-json\/wp\/v2\/product\/12150","targetHints":{"allow":["GET"]}}],"collection":[{"href":"https:\/\/redkarawana.com\/fr\/wp-json\/wp\/v2\/product"}],"about":[{"href":"https:\/\/redkarawana.com\/fr\/wp-json\/wp\/v2\/types\/product"}],"wp:featuredmedia":[{"embeddable":true,"href":"https:\/\/redkarawana.com\/fr\/wp-json\/wp\/v2\/media\/12135"}],"wp:attachment":[{"href":"https:\/\/redkarawana.com\/fr\/wp-json\/wp\/v2\/media?parent=12150"}],"wp:term":[{"taxonomy":"product_brand","embeddable":true,"href":"https:\/\/redkarawana.com\/fr\/wp-json\/wp\/v2\/product_brand?post=12150"},{"taxonomy":"product_cat","embeddable":true,"href":"https:\/\/redkarawana.com\/fr\/wp-json\/wp\/v2\/product_cat?post=12150"},{"taxonomy":"product_tag","embeddable":true,"href":"https:\/\/redkarawana.com\/fr\/wp-json\/wp\/v2\/product_tag?post=12150"}],"curies":[{"name":"wp","href":"https:\/\/api.w.org\/{rel}","templated":true}]}}