{"id":12251,"date":"2025-11-30T06:20:05","date_gmt":"2025-11-30T06:20:05","guid":{"rendered":"https:\/\/redkarawana.com\/artisan\/new-york-at-night-artwork-usa\/"},"modified":"2025-12-06T06:50:16","modified_gmt":"2025-12-06T06:50:16","slug":"tableau-new-york-nuit-usa","status":"publish","type":"product","link":"https:\/\/redkarawana.com\/fr\/artisan\/tableau-new-york-nuit-usa\/","title":{"rendered":"Tableau de New-York de Nuit, USA; Une Ville aux Lumi\u00e8res \u00c9blouissantes"},"content":{"rendered":"<p>New York est une destination fascinante avec ses monuments embl\u00e9matiques et ses lumi\u00e8res \u00e9blouissantes. Une promenade nocturne dans la ville permet d&rsquo;admirer les monuments illumin\u00e9s, l&rsquo;\u00e9nergie incessante et les magnifique vues sur les toits. Une multitude de th\u00e9\u00e2tres de Broadway, un Central Park accueillant ainsi que des restaurants anim\u00e9s enchantent les visiteurs venus du monde entier. Le paysage urbain de New York est une source d&rsquo;inspiration constante pour les artistes. Notre Tableau de New-York de Nuit capture l&rsquo;architecture extraordinaire de la ville, des cal\u00e8ches tir\u00e9es par des chevaux ainsi que l\u2019\u00e9nergie dynamique de la cit\u00e9. Mesures: Tableau de New-York de Nuit (hauteur 10 pouces, largeur 12 pouces).<\/p>\n","protected":false},"excerpt":{"rendered":"<p>New York est une destination fascinante avec ses monuments embl\u00e9matiques et ses lumi\u00e8res \u00e9blouissantes. Une promenade nocturne dans la ville permet d&rsquo;admirer les monuments illumin\u00e9s, l&rsquo;\u00e9nergie incessante et les magnifique vues sur les toits. Une multitude de th\u00e9\u00e2tres de Broadway, un Central Park accueillant ainsi que des restaurants anim\u00e9s enchantent les visiteurs venus du monde [&hellip;]<\/p>\n","protected":false},"featured_media":12215,"template":"","meta":{"_acf_changed":false},"product_brand":[],"product_cat":[48],"product_tag":[],"class_list":{"0":"post-12251","1":"product","2":"type-product","3":"status-publish","4":"has-post-thumbnail","6":"product_cat-artistique","8":"first","9":"instock","10":"taxable","11":"shipping-taxable","12":"purchasable","13":"product-type-simple"},"acf":[],"yoast_head":"<!-- This site is optimized with the Yoast SEO plugin v27.3 - https:\/\/yoast.com\/product\/yoast-seo-wordpress\/ -->\n<title>Tableau de New-York de Nuit, USA - Artistique - Red Karawana<\/title>\n<meta name=\"description\" content=\"Notre Tableau de New-York de Nuit capture l&#039;architecture extraordinaire de la ville, des cal\u00e8ches tir\u00e9es par des chevaux ainsi que l\u2019\u00e9nergie dynamique de la cit\u00e9.\" \/>\n<meta name=\"robots\" content=\"index, follow, max-snippet:-1, max-image-preview:large, max-video-preview:-1\" \/>\n<link rel=\"canonical\" href=\"https:\/\/redkarawana.com\/fr\/artisan\/tableau-new-york-nuit-usa\/\" \/>\n<meta property=\"og:locale\" content=\"fr_FR\" \/>\n<meta property=\"og:type\" content=\"article\" \/>\n<meta property=\"og:title\" content=\"Tableau de New-York de Nuit, USA - Artistique - Red Karawana\" \/>\n<meta property=\"og:description\" content=\"Notre Tableau de New-York de Nuit capture l&#039;architecture extraordinaire de la ville, des cal\u00e8ches tir\u00e9es par des chevaux ainsi que l\u2019\u00e9nergie dynamique de la cit\u00e9.\" \/>\n<meta property=\"og:url\" content=\"https:\/\/redkarawana.com\/fr\/artisan\/tableau-new-york-nuit-usa\/\" \/>\n<meta property=\"og:site_name\" content=\"Red Karawana\" \/>\n<meta property=\"article:publisher\" content=\"https:\/\/www.facebook.com\/redkarawana\/\" \/>\n<meta property=\"article:modified_time\" content=\"2025-12-06T06:50:16+00:00\" \/>\n<meta property=\"og:image\" content=\"https:\/\/redkarawana.com\/wp-content\/uploads\/2025\/10\/1-AF-USA-New-York-at-Night-Artwork-1024x538.jpg\" \/>\n<meta name=\"twitter:card\" content=\"summary_large_image\" \/>\n<meta name=\"twitter:label1\" content=\"Dur\u00e9e de lecture estim\u00e9e\" \/>\n\t<meta name=\"twitter:data1\" content=\"1 minute\" \/>\n<script type=\"application\/ld+json\" class=\"yoast-schema-graph\">{\"@context\":\"https:\\\/\\\/schema.org\",\"@graph\":[{\"@type\":\"WebPage\",\"@id\":\"https:\\\/\\\/redkarawana.com\\\/fr\\\/artisan\\\/tableau-new-york-nuit-usa\\\/\",\"url\":\"https:\\\/\\\/redkarawana.com\\\/fr\\\/artisan\\\/tableau-new-york-nuit-usa\\\/\",\"name\":\"Tableau de New-York de Nuit, USA - Artistique - Red Karawana\",\"isPartOf\":{\"@id\":\"https:\\\/\\\/redkarawana.com\\\/#website\"},\"primaryImageOfPage\":{\"@id\":\"https:\\\/\\\/redkarawana.com\\\/fr\\\/artisan\\\/tableau-new-york-nuit-usa\\\/#primaryimage\"},\"image\":{\"@id\":\"https:\\\/\\\/redkarawana.com\\\/fr\\\/artisan\\\/tableau-new-york-nuit-usa\\\/#primaryimage\"},\"thumbnailUrl\":\"https:\\\/\\\/redkarawana.com\\\/wp-content\\\/uploads\\\/2025\\\/10\\\/1-Feature-USA-New-York-at-Night-Artwork.jpg\",\"datePublished\":\"2025-11-30T06:20:05+00:00\",\"dateModified\":\"2025-12-06T06:50:16+00:00\",\"description\":\"Notre Tableau de New-York de Nuit capture l'architecture extraordinaire de la ville, des cal\u00e8ches tir\u00e9es par des chevaux ainsi que l\u2019\u00e9nergie dynamique de la cit\u00e9.\",\"breadcrumb\":{\"@id\":\"https:\\\/\\\/redkarawana.com\\\/fr\\\/artisan\\\/tableau-new-york-nuit-usa\\\/#breadcrumb\"},\"inLanguage\":\"fr-FR\",\"potentialAction\":[{\"@type\":\"ReadAction\",\"target\":[\"https:\\\/\\\/redkarawana.com\\\/fr\\\/artisan\\\/tableau-new-york-nuit-usa\\\/\"]}]},{\"@type\":\"ImageObject\",\"inLanguage\":\"fr-FR\",\"@id\":\"https:\\\/\\\/redkarawana.com\\\/fr\\\/artisan\\\/tableau-new-york-nuit-usa\\\/#primaryimage\",\"url\":\"https:\\\/\\\/redkarawana.com\\\/wp-content\\\/uploads\\\/2025\\\/10\\\/1-Feature-USA-New-York-at-Night-Artwork.jpg\",\"contentUrl\":\"https:\\\/\\\/redkarawana.com\\\/wp-content\\\/uploads\\\/2025\\\/10\\\/1-Feature-USA-New-York-at-Night-Artwork.jpg\",\"width\":680,\"height\":453,\"caption\":\"USA, Tableau de New-York de Nuit\"},{\"@type\":\"BreadcrumbList\",\"@id\":\"https:\\\/\\\/redkarawana.com\\\/fr\\\/artisan\\\/tableau-new-york-nuit-usa\\\/#breadcrumb\",\"itemListElement\":[{\"@type\":\"ListItem\",\"position\":1,\"name\":\"Home\",\"item\":\"https:\\\/\\\/redkarawana.com\\\/fr\\\/\"},{\"@type\":\"ListItem\",\"position\":2,\"name\":\"Artisans\",\"item\":\"https:\\\/\\\/redkarawana.com\\\/fr\\\/artisans\\\/\"},{\"@type\":\"ListItem\",\"position\":3,\"name\":\"Tableau de New-York de Nuit, USA; Une Ville aux Lumi\u00e8res \u00c9blouissantes\"}]},{\"@type\":\"WebSite\",\"@id\":\"https:\\\/\\\/redkarawana.com\\\/#website\",\"url\":\"https:\\\/\\\/redkarawana.com\\\/\",\"name\":\"Red Karawana\",\"description\":\"\",\"publisher\":{\"@id\":\"https:\\\/\\\/redkarawana.com\\\/#organization\"},\"potentialAction\":[{\"@type\":\"SearchAction\",\"target\":{\"@type\":\"EntryPoint\",\"urlTemplate\":\"https:\\\/\\\/redkarawana.com\\\/?s={search_term_string}\"},\"query-input\":{\"@type\":\"PropertyValueSpecification\",\"valueRequired\":true,\"valueName\":\"search_term_string\"}}],\"inLanguage\":\"fr-FR\"},{\"@type\":\"Organization\",\"@id\":\"https:\\\/\\\/redkarawana.com\\\/#organization\",\"name\":\"Red Karawana\",\"url\":\"https:\\\/\\\/redkarawana.com\\\/\",\"logo\":{\"@type\":\"ImageObject\",\"inLanguage\":\"fr-FR\",\"@id\":\"https:\\\/\\\/redkarawana.com\\\/#\\\/schema\\\/logo\\\/image\\\/\",\"url\":\"https:\\\/\\\/redkarawana.com\\\/wp-content\\\/uploads\\\/2025\\\/05\\\/cropped-Screenshot-2025-05-29-at-09.27.38.png\",\"contentUrl\":\"https:\\\/\\\/redkarawana.com\\\/wp-content\\\/uploads\\\/2025\\\/05\\\/cropped-Screenshot-2025-05-29-at-09.27.38.png\",\"width\":512,\"height\":512,\"caption\":\"Red Karawana\"},\"image\":{\"@id\":\"https:\\\/\\\/redkarawana.com\\\/#\\\/schema\\\/logo\\\/image\\\/\"},\"sameAs\":[\"https:\\\/\\\/www.facebook.com\\\/redkarawana\\\/\",\"https:\\\/\\\/www.instagram.com\\\/redkarawana\\\/\",\"https:\\\/\\\/www.youtube.com\\\/channel\\\/UCU9jXzSmyKm4ZZv38FEXGKg\",\"https:\\\/\\\/www.pinterest.com\\\/redkarawana\\\/\"]}]}<\/script>\n<!-- \/ Yoast SEO plugin. -->","yoast_head_json":{"title":"Tableau de New-York de Nuit, USA - Artistique - Red Karawana","description":"Notre Tableau de New-York de Nuit capture l'architecture extraordinaire de la ville, des cal\u00e8ches tir\u00e9es par des chevaux ainsi que l\u2019\u00e9nergie dynamique de la cit\u00e9.","robots":{"index":"index","follow":"follow","max-snippet":"max-snippet:-1","max-image-preview":"max-image-preview:large","max-video-preview":"max-video-preview:-1"},"canonical":"https:\/\/redkarawana.com\/fr\/artisan\/tableau-new-york-nuit-usa\/","og_locale":"fr_FR","og_type":"article","og_title":"Tableau de New-York de Nuit, USA - Artistique - Red Karawana","og_description":"Notre Tableau de New-York de Nuit capture l'architecture extraordinaire de la ville, des cal\u00e8ches tir\u00e9es par des chevaux ainsi que l\u2019\u00e9nergie dynamique de la cit\u00e9.","og_url":"https:\/\/redkarawana.com\/fr\/artisan\/tableau-new-york-nuit-usa\/","og_site_name":"Red Karawana","article_publisher":"https:\/\/www.facebook.com\/redkarawana\/","article_modified_time":"2025-12-06T06:50:16+00:00","og_image":[{"url":"https:\/\/redkarawana.com\/wp-content\/uploads\/2025\/10\/1-AF-USA-New-York-at-Night-Artwork-1024x538.jpg","type":"","width":"","height":""}],"twitter_card":"summary_large_image","twitter_misc":{"Dur\u00e9e de lecture estim\u00e9e":"1 minute"},"schema":{"@context":"https:\/\/schema.org","@graph":[{"@type":"WebPage","@id":"https:\/\/redkarawana.com\/fr\/artisan\/tableau-new-york-nuit-usa\/","url":"https:\/\/redkarawana.com\/fr\/artisan\/tableau-new-york-nuit-usa\/","name":"Tableau de New-York de Nuit, USA - Artistique - Red Karawana","isPartOf":{"@id":"https:\/\/redkarawana.com\/#website"},"primaryImageOfPage":{"@id":"https:\/\/redkarawana.com\/fr\/artisan\/tableau-new-york-nuit-usa\/#primaryimage"},"image":{"@id":"https:\/\/redkarawana.com\/fr\/artisan\/tableau-new-york-nuit-usa\/#primaryimage"},"thumbnailUrl":"https:\/\/redkarawana.com\/wp-content\/uploads\/2025\/10\/1-Feature-USA-New-York-at-Night-Artwork.jpg","datePublished":"2025-11-30T06:20:05+00:00","dateModified":"2025-12-06T06:50:16+00:00","description":"Notre Tableau de New-York de Nuit capture l'architecture extraordinaire de la ville, des cal\u00e8ches tir\u00e9es par des chevaux ainsi que l\u2019\u00e9nergie dynamique de la cit\u00e9.","breadcrumb":{"@id":"https:\/\/redkarawana.com\/fr\/artisan\/tableau-new-york-nuit-usa\/#breadcrumb"},"inLanguage":"fr-FR","potentialAction":[{"@type":"ReadAction","target":["https:\/\/redkarawana.com\/fr\/artisan\/tableau-new-york-nuit-usa\/"]}]},{"@type":"ImageObject","inLanguage":"fr-FR","@id":"https:\/\/redkarawana.com\/fr\/artisan\/tableau-new-york-nuit-usa\/#primaryimage","url":"https:\/\/redkarawana.com\/wp-content\/uploads\/2025\/10\/1-Feature-USA-New-York-at-Night-Artwork.jpg","contentUrl":"https:\/\/redkarawana.com\/wp-content\/uploads\/2025\/10\/1-Feature-USA-New-York-at-Night-Artwork.jpg","width":680,"height":453,"caption":"USA, Tableau de New-York de Nuit"},{"@type":"BreadcrumbList","@id":"https:\/\/redkarawana.com\/fr\/artisan\/tableau-new-york-nuit-usa\/#breadcrumb","itemListElement":[{"@type":"ListItem","position":1,"name":"Home","item":"https:\/\/redkarawana.com\/fr\/"},{"@type":"ListItem","position":2,"name":"Artisans","item":"https:\/\/redkarawana.com\/fr\/artisans\/"},{"@type":"ListItem","position":3,"name":"Tableau de New-York de Nuit, USA; Une Ville aux Lumi\u00e8res \u00c9blouissantes"}]},{"@type":"WebSite","@id":"https:\/\/redkarawana.com\/#website","url":"https:\/\/redkarawana.com\/","name":"Red Karawana","description":"","publisher":{"@id":"https:\/\/redkarawana.com\/#organization"},"potentialAction":[{"@type":"SearchAction","target":{"@type":"EntryPoint","urlTemplate":"https:\/\/redkarawana.com\/?s={search_term_string}"},"query-input":{"@type":"PropertyValueSpecification","valueRequired":true,"valueName":"search_term_string"}}],"inLanguage":"fr-FR"},{"@type":"Organization","@id":"https:\/\/redkarawana.com\/#organization","name":"Red Karawana","url":"https:\/\/redkarawana.com\/","logo":{"@type":"ImageObject","inLanguage":"fr-FR","@id":"https:\/\/redkarawana.com\/#\/schema\/logo\/image\/","url":"https:\/\/redkarawana.com\/wp-content\/uploads\/2025\/05\/cropped-Screenshot-2025-05-29-at-09.27.38.png","contentUrl":"https:\/\/redkarawana.com\/wp-content\/uploads\/2025\/05\/cropped-Screenshot-2025-05-29-at-09.27.38.png","width":512,"height":512,"caption":"Red Karawana"},"image":{"@id":"https:\/\/redkarawana.com\/#\/schema\/logo\/image\/"},"sameAs":["https:\/\/www.facebook.com\/redkarawana\/","https:\/\/www.instagram.com\/redkarawana\/","https:\/\/www.youtube.com\/channel\/UCU9jXzSmyKm4ZZv38FEXGKg","https:\/\/www.pinterest.com\/redkarawana\/"]}]}},"_links":{"self":[{"href":"https:\/\/redkarawana.com\/fr\/wp-json\/wp\/v2\/product\/12251","targetHints":{"allow":["GET"]}}],"collection":[{"href":"https:\/\/redkarawana.com\/fr\/wp-json\/wp\/v2\/product"}],"about":[{"href":"https:\/\/redkarawana.com\/fr\/wp-json\/wp\/v2\/types\/product"}],"wp:featuredmedia":[{"embeddable":true,"href":"https:\/\/redkarawana.com\/fr\/wp-json\/wp\/v2\/media\/12215"}],"wp:attachment":[{"href":"https:\/\/redkarawana.com\/fr\/wp-json\/wp\/v2\/media?parent=12251"}],"wp:term":[{"taxonomy":"product_brand","embeddable":true,"href":"https:\/\/redkarawana.com\/fr\/wp-json\/wp\/v2\/product_brand?post=12251"},{"taxonomy":"product_cat","embeddable":true,"href":"https:\/\/redkarawana.com\/fr\/wp-json\/wp\/v2\/product_cat?post=12251"},{"taxonomy":"product_tag","embeddable":true,"href":"https:\/\/redkarawana.com\/fr\/wp-json\/wp\/v2\/product_tag?post=12251"}],"curies":[{"name":"wp","href":"https:\/\/api.w.org\/{rel}","templated":true}]}}