{"id":12301,"date":"2025-11-30T06:40:15","date_gmt":"2025-11-30T06:40:15","guid":{"rendered":"https:\/\/redkarawana.com\/artisan\/wooden-easter-eggs-poland\/"},"modified":"2025-10-23T18:31:41","modified_gmt":"2025-10-23T18:31:41","slug":"oeufs-de-paques-en-bois-poland","status":"publish","type":"product","link":"https:\/\/redkarawana.com\/fr\/artisan\/oeufs-de-paques-en-bois-poland\/","title":{"rendered":"\u0152ufs de P\u00e2ques en Bois, Poland; Motifs Complexes Peints \u00e0 la Main"},"content":{"rendered":"<p>La peinture et la d\u00e9coration \u00e0 la main des \u0153ufs de P\u00e2ques sont une longue tradition pr\u00e9serv\u00e9e dans toute l&rsquo;Europe de l&rsquo;Est. Les \u0153ufs de P\u00e2ques en bois sont des objets artisanaux uniques, d\u00e9coratifs, color\u00e9s et durables. La technique de peinture \u00e0 la main consiste \u00e0 appliquer une couche de base de couleur unie et ensuite des motifs originaux multicolores. Nos \u0152ufs de P\u00e2ques en Bois pr\u00e9sent\u00e9s ici ont diff\u00e9rentes bases de couleurs et des motifs complexes et vari\u00e9s, peints en blanc et en jaune. Ensemble : Cinq \u0152ufs de P\u00e2ques en Bois (diam\u00e8tre 5 \u00bd pouces, hauteur 2 \u00bd pouces).    <\/p>\n","protected":false},"excerpt":{"rendered":"<p>La peinture et la d\u00e9coration \u00e0 la main des \u0153ufs de P\u00e2ques sont une longue tradition pr\u00e9serv\u00e9e dans toute l&rsquo;Europe de l&rsquo;Est. Les \u0153ufs de P\u00e2ques en bois sont des objets artisanaux uniques, d\u00e9coratifs, color\u00e9s et durables. La technique de peinture \u00e0 la main consiste \u00e0 appliquer une couche de base de couleur unie et [&hellip;]<\/p>\n","protected":false},"featured_media":12265,"template":"","meta":{"_acf_changed":false},"product_brand":[],"product_cat":[48],"product_tag":[],"class_list":{"0":"post-12301","1":"product","2":"type-product","3":"status-publish","4":"has-post-thumbnail","6":"product_cat-artistique","8":"first","9":"instock","10":"taxable","11":"shipping-taxable","12":"purchasable","13":"product-type-simple"},"acf":[],"yoast_head":"<!-- This site is optimized with the Yoast SEO plugin v27.3 - https:\/\/yoast.com\/product\/yoast-seo-wordpress\/ -->\n<title>\u0152ufs de P\u00e2ques en Bois, Pologne - Artistique - Red Karawana<\/title>\n<meta name=\"description\" content=\"Our featured Wooden Easter Eggs have different color bases and intricate and diverse motifs, painted in white and yellow colors.\" \/>\n<meta name=\"robots\" content=\"index, follow, max-snippet:-1, max-image-preview:large, max-video-preview:-1\" \/>\n<link rel=\"canonical\" href=\"https:\/\/redkarawana.com\/fr\/artisan\/oeufs-de-paques-en-bois-poland\/\" \/>\n<meta property=\"og:locale\" content=\"fr_FR\" \/>\n<meta property=\"og:type\" content=\"article\" \/>\n<meta property=\"og:title\" content=\"\u0152ufs de P\u00e2ques en Bois, Pologne - Artistique - Red Karawana\" \/>\n<meta property=\"og:description\" content=\"Our featured Wooden Easter Eggs have different color bases and intricate and diverse motifs, painted in white and yellow colors.\" \/>\n<meta property=\"og:url\" content=\"https:\/\/redkarawana.com\/fr\/artisan\/oeufs-de-paques-en-bois-poland\/\" \/>\n<meta property=\"og:site_name\" content=\"Red Karawana\" \/>\n<meta property=\"article:publisher\" content=\"https:\/\/www.facebook.com\/redkarawana\/\" \/>\n<meta property=\"og:image\" content=\"https:\/\/redkarawana.com\/wp-content\/uploads\/2025\/10\/1-AF-Poland-Wooden-Easter-Eggs-1024x538.jpg\" \/>\n<meta name=\"twitter:card\" content=\"summary_large_image\" \/>\n<meta name=\"twitter:label1\" content=\"Dur\u00e9e de lecture estim\u00e9e\" \/>\n\t<meta name=\"twitter:data1\" content=\"1 minute\" \/>\n<script type=\"application\/ld+json\" class=\"yoast-schema-graph\">{\"@context\":\"https:\\\/\\\/schema.org\",\"@graph\":[{\"@type\":\"WebPage\",\"@id\":\"https:\\\/\\\/redkarawana.com\\\/fr\\\/artisan\\\/oeufs-de-paques-en-bois-poland\\\/\",\"url\":\"https:\\\/\\\/redkarawana.com\\\/fr\\\/artisan\\\/oeufs-de-paques-en-bois-poland\\\/\",\"name\":\"\u0152ufs de P\u00e2ques en Bois, Pologne - Artistique - Red Karawana\",\"isPartOf\":{\"@id\":\"https:\\\/\\\/redkarawana.com\\\/#website\"},\"primaryImageOfPage\":{\"@id\":\"https:\\\/\\\/redkarawana.com\\\/fr\\\/artisan\\\/oeufs-de-paques-en-bois-poland\\\/#primaryimage\"},\"image\":{\"@id\":\"https:\\\/\\\/redkarawana.com\\\/fr\\\/artisan\\\/oeufs-de-paques-en-bois-poland\\\/#primaryimage\"},\"thumbnailUrl\":\"https:\\\/\\\/redkarawana.com\\\/wp-content\\\/uploads\\\/2025\\\/10\\\/1-Feature-Poland-Wooden-Easter-Eggs.jpg\",\"datePublished\":\"2025-11-30T06:40:15+00:00\",\"description\":\"Our featured Wooden Easter Eggs have different color bases and intricate and diverse motifs, painted in white and yellow colors.\",\"breadcrumb\":{\"@id\":\"https:\\\/\\\/redkarawana.com\\\/fr\\\/artisan\\\/oeufs-de-paques-en-bois-poland\\\/#breadcrumb\"},\"inLanguage\":\"fr-FR\",\"potentialAction\":[{\"@type\":\"ReadAction\",\"target\":[\"https:\\\/\\\/redkarawana.com\\\/fr\\\/artisan\\\/oeufs-de-paques-en-bois-poland\\\/\"]}]},{\"@type\":\"ImageObject\",\"inLanguage\":\"fr-FR\",\"@id\":\"https:\\\/\\\/redkarawana.com\\\/fr\\\/artisan\\\/oeufs-de-paques-en-bois-poland\\\/#primaryimage\",\"url\":\"https:\\\/\\\/redkarawana.com\\\/wp-content\\\/uploads\\\/2025\\\/10\\\/1-Feature-Poland-Wooden-Easter-Eggs.jpg\",\"contentUrl\":\"https:\\\/\\\/redkarawana.com\\\/wp-content\\\/uploads\\\/2025\\\/10\\\/1-Feature-Poland-Wooden-Easter-Eggs.jpg\",\"width\":680,\"height\":453,\"caption\":\"Pologne, \u0152ufs de P\u00e2ques en Bois\"},{\"@type\":\"BreadcrumbList\",\"@id\":\"https:\\\/\\\/redkarawana.com\\\/fr\\\/artisan\\\/oeufs-de-paques-en-bois-poland\\\/#breadcrumb\",\"itemListElement\":[{\"@type\":\"ListItem\",\"position\":1,\"name\":\"Home\",\"item\":\"https:\\\/\\\/redkarawana.com\\\/fr\\\/\"},{\"@type\":\"ListItem\",\"position\":2,\"name\":\"Artisans\",\"item\":\"https:\\\/\\\/redkarawana.com\\\/fr\\\/artisans\\\/\"},{\"@type\":\"ListItem\",\"position\":3,\"name\":\"\u0152ufs de P\u00e2ques en Bois, Poland; Motifs Complexes Peints \u00e0 la Main\"}]},{\"@type\":\"WebSite\",\"@id\":\"https:\\\/\\\/redkarawana.com\\\/#website\",\"url\":\"https:\\\/\\\/redkarawana.com\\\/\",\"name\":\"Red Karawana\",\"description\":\"\",\"publisher\":{\"@id\":\"https:\\\/\\\/redkarawana.com\\\/#organization\"},\"potentialAction\":[{\"@type\":\"SearchAction\",\"target\":{\"@type\":\"EntryPoint\",\"urlTemplate\":\"https:\\\/\\\/redkarawana.com\\\/?s={search_term_string}\"},\"query-input\":{\"@type\":\"PropertyValueSpecification\",\"valueRequired\":true,\"valueName\":\"search_term_string\"}}],\"inLanguage\":\"fr-FR\"},{\"@type\":\"Organization\",\"@id\":\"https:\\\/\\\/redkarawana.com\\\/#organization\",\"name\":\"Red Karawana\",\"url\":\"https:\\\/\\\/redkarawana.com\\\/\",\"logo\":{\"@type\":\"ImageObject\",\"inLanguage\":\"fr-FR\",\"@id\":\"https:\\\/\\\/redkarawana.com\\\/#\\\/schema\\\/logo\\\/image\\\/\",\"url\":\"https:\\\/\\\/redkarawana.com\\\/wp-content\\\/uploads\\\/2025\\\/05\\\/cropped-Screenshot-2025-05-29-at-09.27.38.png\",\"contentUrl\":\"https:\\\/\\\/redkarawana.com\\\/wp-content\\\/uploads\\\/2025\\\/05\\\/cropped-Screenshot-2025-05-29-at-09.27.38.png\",\"width\":512,\"height\":512,\"caption\":\"Red Karawana\"},\"image\":{\"@id\":\"https:\\\/\\\/redkarawana.com\\\/#\\\/schema\\\/logo\\\/image\\\/\"},\"sameAs\":[\"https:\\\/\\\/www.facebook.com\\\/redkarawana\\\/\",\"https:\\\/\\\/www.instagram.com\\\/redkarawana\\\/\",\"https:\\\/\\\/www.youtube.com\\\/channel\\\/UCU9jXzSmyKm4ZZv38FEXGKg\",\"https:\\\/\\\/www.pinterest.com\\\/redkarawana\\\/\"]}]}<\/script>\n<!-- \/ Yoast SEO plugin. -->","yoast_head_json":{"title":"\u0152ufs de P\u00e2ques en Bois, Pologne - Artistique - Red Karawana","description":"Our featured Wooden Easter Eggs have different color bases and intricate and diverse motifs, painted in white and yellow colors.","robots":{"index":"index","follow":"follow","max-snippet":"max-snippet:-1","max-image-preview":"max-image-preview:large","max-video-preview":"max-video-preview:-1"},"canonical":"https:\/\/redkarawana.com\/fr\/artisan\/oeufs-de-paques-en-bois-poland\/","og_locale":"fr_FR","og_type":"article","og_title":"\u0152ufs de P\u00e2ques en Bois, Pologne - Artistique - Red Karawana","og_description":"Our featured Wooden Easter Eggs have different color bases and intricate and diverse motifs, painted in white and yellow colors.","og_url":"https:\/\/redkarawana.com\/fr\/artisan\/oeufs-de-paques-en-bois-poland\/","og_site_name":"Red Karawana","article_publisher":"https:\/\/www.facebook.com\/redkarawana\/","og_image":[{"url":"https:\/\/redkarawana.com\/wp-content\/uploads\/2025\/10\/1-AF-Poland-Wooden-Easter-Eggs-1024x538.jpg","type":"","width":"","height":""}],"twitter_card":"summary_large_image","twitter_misc":{"Dur\u00e9e de lecture estim\u00e9e":"1 minute"},"schema":{"@context":"https:\/\/schema.org","@graph":[{"@type":"WebPage","@id":"https:\/\/redkarawana.com\/fr\/artisan\/oeufs-de-paques-en-bois-poland\/","url":"https:\/\/redkarawana.com\/fr\/artisan\/oeufs-de-paques-en-bois-poland\/","name":"\u0152ufs de P\u00e2ques en Bois, Pologne - Artistique - Red Karawana","isPartOf":{"@id":"https:\/\/redkarawana.com\/#website"},"primaryImageOfPage":{"@id":"https:\/\/redkarawana.com\/fr\/artisan\/oeufs-de-paques-en-bois-poland\/#primaryimage"},"image":{"@id":"https:\/\/redkarawana.com\/fr\/artisan\/oeufs-de-paques-en-bois-poland\/#primaryimage"},"thumbnailUrl":"https:\/\/redkarawana.com\/wp-content\/uploads\/2025\/10\/1-Feature-Poland-Wooden-Easter-Eggs.jpg","datePublished":"2025-11-30T06:40:15+00:00","description":"Our featured Wooden Easter Eggs have different color bases and intricate and diverse motifs, painted in white and yellow colors.","breadcrumb":{"@id":"https:\/\/redkarawana.com\/fr\/artisan\/oeufs-de-paques-en-bois-poland\/#breadcrumb"},"inLanguage":"fr-FR","potentialAction":[{"@type":"ReadAction","target":["https:\/\/redkarawana.com\/fr\/artisan\/oeufs-de-paques-en-bois-poland\/"]}]},{"@type":"ImageObject","inLanguage":"fr-FR","@id":"https:\/\/redkarawana.com\/fr\/artisan\/oeufs-de-paques-en-bois-poland\/#primaryimage","url":"https:\/\/redkarawana.com\/wp-content\/uploads\/2025\/10\/1-Feature-Poland-Wooden-Easter-Eggs.jpg","contentUrl":"https:\/\/redkarawana.com\/wp-content\/uploads\/2025\/10\/1-Feature-Poland-Wooden-Easter-Eggs.jpg","width":680,"height":453,"caption":"Pologne, \u0152ufs de P\u00e2ques en Bois"},{"@type":"BreadcrumbList","@id":"https:\/\/redkarawana.com\/fr\/artisan\/oeufs-de-paques-en-bois-poland\/#breadcrumb","itemListElement":[{"@type":"ListItem","position":1,"name":"Home","item":"https:\/\/redkarawana.com\/fr\/"},{"@type":"ListItem","position":2,"name":"Artisans","item":"https:\/\/redkarawana.com\/fr\/artisans\/"},{"@type":"ListItem","position":3,"name":"\u0152ufs de P\u00e2ques en Bois, Poland; Motifs Complexes Peints \u00e0 la Main"}]},{"@type":"WebSite","@id":"https:\/\/redkarawana.com\/#website","url":"https:\/\/redkarawana.com\/","name":"Red Karawana","description":"","publisher":{"@id":"https:\/\/redkarawana.com\/#organization"},"potentialAction":[{"@type":"SearchAction","target":{"@type":"EntryPoint","urlTemplate":"https:\/\/redkarawana.com\/?s={search_term_string}"},"query-input":{"@type":"PropertyValueSpecification","valueRequired":true,"valueName":"search_term_string"}}],"inLanguage":"fr-FR"},{"@type":"Organization","@id":"https:\/\/redkarawana.com\/#organization","name":"Red Karawana","url":"https:\/\/redkarawana.com\/","logo":{"@type":"ImageObject","inLanguage":"fr-FR","@id":"https:\/\/redkarawana.com\/#\/schema\/logo\/image\/","url":"https:\/\/redkarawana.com\/wp-content\/uploads\/2025\/05\/cropped-Screenshot-2025-05-29-at-09.27.38.png","contentUrl":"https:\/\/redkarawana.com\/wp-content\/uploads\/2025\/05\/cropped-Screenshot-2025-05-29-at-09.27.38.png","width":512,"height":512,"caption":"Red Karawana"},"image":{"@id":"https:\/\/redkarawana.com\/#\/schema\/logo\/image\/"},"sameAs":["https:\/\/www.facebook.com\/redkarawana\/","https:\/\/www.instagram.com\/redkarawana\/","https:\/\/www.youtube.com\/channel\/UCU9jXzSmyKm4ZZv38FEXGKg","https:\/\/www.pinterest.com\/redkarawana\/"]}]}},"_links":{"self":[{"href":"https:\/\/redkarawana.com\/fr\/wp-json\/wp\/v2\/product\/12301","targetHints":{"allow":["GET"]}}],"collection":[{"href":"https:\/\/redkarawana.com\/fr\/wp-json\/wp\/v2\/product"}],"about":[{"href":"https:\/\/redkarawana.com\/fr\/wp-json\/wp\/v2\/types\/product"}],"wp:featuredmedia":[{"embeddable":true,"href":"https:\/\/redkarawana.com\/fr\/wp-json\/wp\/v2\/media\/12265"}],"wp:attachment":[{"href":"https:\/\/redkarawana.com\/fr\/wp-json\/wp\/v2\/media?parent=12301"}],"wp:term":[{"taxonomy":"product_brand","embeddable":true,"href":"https:\/\/redkarawana.com\/fr\/wp-json\/wp\/v2\/product_brand?post=12301"},{"taxonomy":"product_cat","embeddable":true,"href":"https:\/\/redkarawana.com\/fr\/wp-json\/wp\/v2\/product_cat?post=12301"},{"taxonomy":"product_tag","embeddable":true,"href":"https:\/\/redkarawana.com\/fr\/wp-json\/wp\/v2\/product_tag?post=12301"}],"curies":[{"name":"wp","href":"https:\/\/api.w.org\/{rel}","templated":true}]}}