{"id":12305,"date":"2025-11-30T06:50:20","date_gmt":"2025-11-30T06:50:20","guid":{"rendered":"https:\/\/redkarawana.com\/artisan\/red-shawl-india\/"},"modified":"2025-10-23T18:49:24","modified_gmt":"2025-10-23T18:49:24","slug":"chale-rouge-inde","status":"publish","type":"product","link":"https:\/\/redkarawana.com\/fr\/artisan\/chale-rouge-inde\/","title":{"rendered":"Ch\u00e2le Rouge, Inde; Design Classique Avec Motif Scintillant"},"content":{"rendered":"<p>La tradition de la fabrication de ch\u00e2les en tissu remonte aux civilisations anciennes. Les ch\u00e2les sont des accessoires polyvalents qui se portent avec des tenues d\u00e9contract\u00e9es ou drap\u00e9s sur des tenues formelles. Les ch\u00e2les en pashmina sont appr\u00e9ci\u00e9s pour leur \u00e9l\u00e9gance, leur sophistication et leur beaut\u00e9. Ils sont fabriqu\u00e9s \u00e0 partir de divers textiles et pr\u00e9sentent des styles traditionnels et originaux. Les ch\u00e2les en pashmina sont tiss\u00e9s dans une vari\u00e9t\u00e9 de couleurs, d\u00e9cor\u00e9s de broderies complexes et ont une texture exquise. Notre ch\u00e2le rouge pr\u00e9sente un motif scintillant, des couleurs vives et une texture d\u00e9licate. Mesures : ch\u00e2le rouge (longueur 73 pouces, largeur 28 pouces).      <\/p>\n","protected":false},"excerpt":{"rendered":"<p>La tradition de la fabrication de ch\u00e2les en tissu remonte aux civilisations anciennes. Les ch\u00e2les sont des accessoires polyvalents qui se portent avec des tenues d\u00e9contract\u00e9es ou drap\u00e9s sur des tenues formelles. Les ch\u00e2les en pashmina sont appr\u00e9ci\u00e9s pour leur \u00e9l\u00e9gance, leur sophistication et leur beaut\u00e9. Ils sont fabriqu\u00e9s \u00e0 partir de divers textiles et [&hellip;]<\/p>\n","protected":false},"featured_media":12285,"template":"","meta":{"_acf_changed":false},"product_brand":[],"product_cat":[51],"product_tag":[],"class_list":{"0":"post-12305","1":"product","2":"type-product","3":"status-publish","4":"has-post-thumbnail","6":"product_cat-eclectique","8":"first","9":"instock","10":"taxable","11":"shipping-taxable","12":"purchasable","13":"product-type-simple"},"acf":[],"yoast_head":"<!-- This site is optimized with the Yoast SEO plugin v27.3 - https:\/\/yoast.com\/product\/yoast-seo-wordpress\/ -->\n<title>Ch\u00e2le Rouge, Inde - \u00c9clectique - Red Karawana<\/title>\n<meta name=\"description\" content=\"Les ch\u00e2les sont des accessoires polyvalents. Notre ch\u00e2le rouge pr\u00e9sente un motif scintillant, des couleurs vives et une texture d\u00e9licate.\" \/>\n<meta name=\"robots\" content=\"index, follow, max-snippet:-1, max-image-preview:large, max-video-preview:-1\" \/>\n<link rel=\"canonical\" href=\"https:\/\/redkarawana.com\/fr\/artisan\/chale-rouge-inde\/\" \/>\n<meta property=\"og:locale\" content=\"fr_FR\" \/>\n<meta property=\"og:type\" content=\"article\" \/>\n<meta property=\"og:title\" content=\"Ch\u00e2le Rouge, Inde - \u00c9clectique - Red Karawana\" \/>\n<meta property=\"og:description\" content=\"Les ch\u00e2les sont des accessoires polyvalents. Notre ch\u00e2le rouge pr\u00e9sente un motif scintillant, des couleurs vives et une texture d\u00e9licate.\" \/>\n<meta property=\"og:url\" content=\"https:\/\/redkarawana.com\/fr\/artisan\/chale-rouge-inde\/\" \/>\n<meta property=\"og:site_name\" content=\"Red Karawana\" \/>\n<meta property=\"article:publisher\" content=\"https:\/\/www.facebook.com\/redkarawana\/\" \/>\n<meta property=\"og:image\" content=\"https:\/\/redkarawana.com\/wp-content\/uploads\/2025\/10\/1-AF-India-Red-Shawl-1024x538.jpg\" \/>\n<meta name=\"twitter:card\" content=\"summary_large_image\" \/>\n<meta name=\"twitter:label1\" content=\"Dur\u00e9e de lecture estim\u00e9e\" \/>\n\t<meta name=\"twitter:data1\" content=\"1 minute\" \/>\n<script type=\"application\/ld+json\" class=\"yoast-schema-graph\">{\"@context\":\"https:\\\/\\\/schema.org\",\"@graph\":[{\"@type\":\"WebPage\",\"@id\":\"https:\\\/\\\/redkarawana.com\\\/fr\\\/artisan\\\/chale-rouge-inde\\\/\",\"url\":\"https:\\\/\\\/redkarawana.com\\\/fr\\\/artisan\\\/chale-rouge-inde\\\/\",\"name\":\"Ch\u00e2le Rouge, Inde - \u00c9clectique - Red Karawana\",\"isPartOf\":{\"@id\":\"https:\\\/\\\/redkarawana.com\\\/#website\"},\"primaryImageOfPage\":{\"@id\":\"https:\\\/\\\/redkarawana.com\\\/fr\\\/artisan\\\/chale-rouge-inde\\\/#primaryimage\"},\"image\":{\"@id\":\"https:\\\/\\\/redkarawana.com\\\/fr\\\/artisan\\\/chale-rouge-inde\\\/#primaryimage\"},\"thumbnailUrl\":\"https:\\\/\\\/redkarawana.com\\\/wp-content\\\/uploads\\\/2025\\\/10\\\/1-Feature-India-Red-Shawl.jpg\",\"datePublished\":\"2025-11-30T06:50:20+00:00\",\"description\":\"Les ch\u00e2les sont des accessoires polyvalents. Notre ch\u00e2le rouge pr\u00e9sente un motif scintillant, des couleurs vives et une texture d\u00e9licate.\",\"breadcrumb\":{\"@id\":\"https:\\\/\\\/redkarawana.com\\\/fr\\\/artisan\\\/chale-rouge-inde\\\/#breadcrumb\"},\"inLanguage\":\"fr-FR\",\"potentialAction\":[{\"@type\":\"ReadAction\",\"target\":[\"https:\\\/\\\/redkarawana.com\\\/fr\\\/artisan\\\/chale-rouge-inde\\\/\"]}]},{\"@type\":\"ImageObject\",\"inLanguage\":\"fr-FR\",\"@id\":\"https:\\\/\\\/redkarawana.com\\\/fr\\\/artisan\\\/chale-rouge-inde\\\/#primaryimage\",\"url\":\"https:\\\/\\\/redkarawana.com\\\/wp-content\\\/uploads\\\/2025\\\/10\\\/1-Feature-India-Red-Shawl.jpg\",\"contentUrl\":\"https:\\\/\\\/redkarawana.com\\\/wp-content\\\/uploads\\\/2025\\\/10\\\/1-Feature-India-Red-Shawl.jpg\",\"width\":680,\"height\":468,\"caption\":\"Inde, Ch\u00e2le Rouge\"},{\"@type\":\"BreadcrumbList\",\"@id\":\"https:\\\/\\\/redkarawana.com\\\/fr\\\/artisan\\\/chale-rouge-inde\\\/#breadcrumb\",\"itemListElement\":[{\"@type\":\"ListItem\",\"position\":1,\"name\":\"Home\",\"item\":\"https:\\\/\\\/redkarawana.com\\\/fr\\\/\"},{\"@type\":\"ListItem\",\"position\":2,\"name\":\"Artisans\",\"item\":\"https:\\\/\\\/redkarawana.com\\\/fr\\\/artisans\\\/\"},{\"@type\":\"ListItem\",\"position\":3,\"name\":\"Ch\u00e2le Rouge, Inde; Design Classique Avec Motif Scintillant\"}]},{\"@type\":\"WebSite\",\"@id\":\"https:\\\/\\\/redkarawana.com\\\/#website\",\"url\":\"https:\\\/\\\/redkarawana.com\\\/\",\"name\":\"Red Karawana\",\"description\":\"\",\"publisher\":{\"@id\":\"https:\\\/\\\/redkarawana.com\\\/#organization\"},\"potentialAction\":[{\"@type\":\"SearchAction\",\"target\":{\"@type\":\"EntryPoint\",\"urlTemplate\":\"https:\\\/\\\/redkarawana.com\\\/?s={search_term_string}\"},\"query-input\":{\"@type\":\"PropertyValueSpecification\",\"valueRequired\":true,\"valueName\":\"search_term_string\"}}],\"inLanguage\":\"fr-FR\"},{\"@type\":\"Organization\",\"@id\":\"https:\\\/\\\/redkarawana.com\\\/#organization\",\"name\":\"Red Karawana\",\"url\":\"https:\\\/\\\/redkarawana.com\\\/\",\"logo\":{\"@type\":\"ImageObject\",\"inLanguage\":\"fr-FR\",\"@id\":\"https:\\\/\\\/redkarawana.com\\\/#\\\/schema\\\/logo\\\/image\\\/\",\"url\":\"https:\\\/\\\/redkarawana.com\\\/wp-content\\\/uploads\\\/2025\\\/05\\\/cropped-Screenshot-2025-05-29-at-09.27.38.png\",\"contentUrl\":\"https:\\\/\\\/redkarawana.com\\\/wp-content\\\/uploads\\\/2025\\\/05\\\/cropped-Screenshot-2025-05-29-at-09.27.38.png\",\"width\":512,\"height\":512,\"caption\":\"Red Karawana\"},\"image\":{\"@id\":\"https:\\\/\\\/redkarawana.com\\\/#\\\/schema\\\/logo\\\/image\\\/\"},\"sameAs\":[\"https:\\\/\\\/www.facebook.com\\\/redkarawana\\\/\",\"https:\\\/\\\/www.instagram.com\\\/redkarawana\\\/\",\"https:\\\/\\\/www.youtube.com\\\/channel\\\/UCU9jXzSmyKm4ZZv38FEXGKg\",\"https:\\\/\\\/www.pinterest.com\\\/redkarawana\\\/\"]}]}<\/script>\n<!-- \/ Yoast SEO plugin. -->","yoast_head_json":{"title":"Ch\u00e2le Rouge, Inde - \u00c9clectique - Red Karawana","description":"Les ch\u00e2les sont des accessoires polyvalents. Notre ch\u00e2le rouge pr\u00e9sente un motif scintillant, des couleurs vives et une texture d\u00e9licate.","robots":{"index":"index","follow":"follow","max-snippet":"max-snippet:-1","max-image-preview":"max-image-preview:large","max-video-preview":"max-video-preview:-1"},"canonical":"https:\/\/redkarawana.com\/fr\/artisan\/chale-rouge-inde\/","og_locale":"fr_FR","og_type":"article","og_title":"Ch\u00e2le Rouge, Inde - \u00c9clectique - Red Karawana","og_description":"Les ch\u00e2les sont des accessoires polyvalents. Notre ch\u00e2le rouge pr\u00e9sente un motif scintillant, des couleurs vives et une texture d\u00e9licate.","og_url":"https:\/\/redkarawana.com\/fr\/artisan\/chale-rouge-inde\/","og_site_name":"Red Karawana","article_publisher":"https:\/\/www.facebook.com\/redkarawana\/","og_image":[{"url":"https:\/\/redkarawana.com\/wp-content\/uploads\/2025\/10\/1-AF-India-Red-Shawl-1024x538.jpg","type":"","width":"","height":""}],"twitter_card":"summary_large_image","twitter_misc":{"Dur\u00e9e de lecture estim\u00e9e":"1 minute"},"schema":{"@context":"https:\/\/schema.org","@graph":[{"@type":"WebPage","@id":"https:\/\/redkarawana.com\/fr\/artisan\/chale-rouge-inde\/","url":"https:\/\/redkarawana.com\/fr\/artisan\/chale-rouge-inde\/","name":"Ch\u00e2le Rouge, Inde - \u00c9clectique - Red Karawana","isPartOf":{"@id":"https:\/\/redkarawana.com\/#website"},"primaryImageOfPage":{"@id":"https:\/\/redkarawana.com\/fr\/artisan\/chale-rouge-inde\/#primaryimage"},"image":{"@id":"https:\/\/redkarawana.com\/fr\/artisan\/chale-rouge-inde\/#primaryimage"},"thumbnailUrl":"https:\/\/redkarawana.com\/wp-content\/uploads\/2025\/10\/1-Feature-India-Red-Shawl.jpg","datePublished":"2025-11-30T06:50:20+00:00","description":"Les ch\u00e2les sont des accessoires polyvalents. Notre ch\u00e2le rouge pr\u00e9sente un motif scintillant, des couleurs vives et une texture d\u00e9licate.","breadcrumb":{"@id":"https:\/\/redkarawana.com\/fr\/artisan\/chale-rouge-inde\/#breadcrumb"},"inLanguage":"fr-FR","potentialAction":[{"@type":"ReadAction","target":["https:\/\/redkarawana.com\/fr\/artisan\/chale-rouge-inde\/"]}]},{"@type":"ImageObject","inLanguage":"fr-FR","@id":"https:\/\/redkarawana.com\/fr\/artisan\/chale-rouge-inde\/#primaryimage","url":"https:\/\/redkarawana.com\/wp-content\/uploads\/2025\/10\/1-Feature-India-Red-Shawl.jpg","contentUrl":"https:\/\/redkarawana.com\/wp-content\/uploads\/2025\/10\/1-Feature-India-Red-Shawl.jpg","width":680,"height":468,"caption":"Inde, Ch\u00e2le Rouge"},{"@type":"BreadcrumbList","@id":"https:\/\/redkarawana.com\/fr\/artisan\/chale-rouge-inde\/#breadcrumb","itemListElement":[{"@type":"ListItem","position":1,"name":"Home","item":"https:\/\/redkarawana.com\/fr\/"},{"@type":"ListItem","position":2,"name":"Artisans","item":"https:\/\/redkarawana.com\/fr\/artisans\/"},{"@type":"ListItem","position":3,"name":"Ch\u00e2le Rouge, Inde; Design Classique Avec Motif Scintillant"}]},{"@type":"WebSite","@id":"https:\/\/redkarawana.com\/#website","url":"https:\/\/redkarawana.com\/","name":"Red Karawana","description":"","publisher":{"@id":"https:\/\/redkarawana.com\/#organization"},"potentialAction":[{"@type":"SearchAction","target":{"@type":"EntryPoint","urlTemplate":"https:\/\/redkarawana.com\/?s={search_term_string}"},"query-input":{"@type":"PropertyValueSpecification","valueRequired":true,"valueName":"search_term_string"}}],"inLanguage":"fr-FR"},{"@type":"Organization","@id":"https:\/\/redkarawana.com\/#organization","name":"Red Karawana","url":"https:\/\/redkarawana.com\/","logo":{"@type":"ImageObject","inLanguage":"fr-FR","@id":"https:\/\/redkarawana.com\/#\/schema\/logo\/image\/","url":"https:\/\/redkarawana.com\/wp-content\/uploads\/2025\/05\/cropped-Screenshot-2025-05-29-at-09.27.38.png","contentUrl":"https:\/\/redkarawana.com\/wp-content\/uploads\/2025\/05\/cropped-Screenshot-2025-05-29-at-09.27.38.png","width":512,"height":512,"caption":"Red Karawana"},"image":{"@id":"https:\/\/redkarawana.com\/#\/schema\/logo\/image\/"},"sameAs":["https:\/\/www.facebook.com\/redkarawana\/","https:\/\/www.instagram.com\/redkarawana\/","https:\/\/www.youtube.com\/channel\/UCU9jXzSmyKm4ZZv38FEXGKg","https:\/\/www.pinterest.com\/redkarawana\/"]}]}},"_links":{"self":[{"href":"https:\/\/redkarawana.com\/fr\/wp-json\/wp\/v2\/product\/12305","targetHints":{"allow":["GET"]}}],"collection":[{"href":"https:\/\/redkarawana.com\/fr\/wp-json\/wp\/v2\/product"}],"about":[{"href":"https:\/\/redkarawana.com\/fr\/wp-json\/wp\/v2\/types\/product"}],"wp:featuredmedia":[{"embeddable":true,"href":"https:\/\/redkarawana.com\/fr\/wp-json\/wp\/v2\/media\/12285"}],"wp:attachment":[{"href":"https:\/\/redkarawana.com\/fr\/wp-json\/wp\/v2\/media?parent=12305"}],"wp:term":[{"taxonomy":"product_brand","embeddable":true,"href":"https:\/\/redkarawana.com\/fr\/wp-json\/wp\/v2\/product_brand?post=12305"},{"taxonomy":"product_cat","embeddable":true,"href":"https:\/\/redkarawana.com\/fr\/wp-json\/wp\/v2\/product_cat?post=12305"},{"taxonomy":"product_tag","embeddable":true,"href":"https:\/\/redkarawana.com\/fr\/wp-json\/wp\/v2\/product_tag?post=12305"}],"curies":[{"name":"wp","href":"https:\/\/api.w.org\/{rel}","templated":true}]}}