{"id":12381,"date":"2025-11-30T07:20:52","date_gmt":"2025-11-30T07:20:52","guid":{"rendered":"https:\/\/redkarawana.com\/artisan\/sunset-in-tuscany-artwork-italy\/"},"modified":"2025-12-06T03:16:40","modified_gmt":"2025-12-06T03:16:40","slug":"tableau-coucher-soleil-toscane-italie","status":"publish","type":"product","link":"https:\/\/redkarawana.com\/fr\/artisan\/tableau-coucher-soleil-toscane-italie\/","title":{"rendered":"Tableau \u201cCoucher de Soleil en Toscane\u201d, Italie; Un Paysage"},"content":{"rendered":"<p>La Toscane, r\u00e9gion du centre de l&rsquo;Italie, est r\u00e9put\u00e9e pour ses traditions culinaires et ses paysages extraordinaires. Les routes sinueuses de la campagne toscane d\u00e9voilent de vastes vignobles, des collines vallonn\u00e9es, des villages charmants et des villes pittoresques. La saison des tournesols, les petits matins et les couchers de soleil en Toscane attirent d&rsquo;innombrables photographes, artistes et touristes. Notre Tableau \u201cCoucher de Soleil en Toscane\u201d, r\u00e9alis\u00e9e par le photographe naturaliste Claudio Calvani, fait partie de l\u2019\u00ab Attimi di Toscana \u00bb, une \u00e9dition limit\u00e9e et certifi\u00e9e de photographies. Mesures : Tableau \u201cCoucher de Soleil en Toscane\u201d (hauteur 8 1\/4 pouces, largeur 10 1\/2 pouces).<\/p>\n","protected":false},"excerpt":{"rendered":"<p>La Toscane, r\u00e9gion du centre de l&rsquo;Italie, est r\u00e9put\u00e9e pour ses traditions culinaires et ses paysages extraordinaires. Les routes sinueuses de la campagne toscane d\u00e9voilent de vastes vignobles, des collines vallonn\u00e9es, des villages charmants et des villes pittoresques. La saison des tournesols, les petits matins et les couchers de soleil en Toscane attirent d&rsquo;innombrables photographes, [&hellip;]<\/p>\n","protected":false},"featured_media":12354,"template":"","meta":{"_acf_changed":false},"product_brand":[],"product_cat":[48],"product_tag":[],"class_list":{"0":"post-12381","1":"product","2":"type-product","3":"status-publish","4":"has-post-thumbnail","6":"product_cat-artistique","8":"first","9":"instock","10":"taxable","11":"shipping-taxable","12":"purchasable","13":"product-type-simple"},"acf":[],"yoast_head":"<!-- This site is optimized with the Yoast SEO plugin v27.3 - https:\/\/yoast.com\/product\/yoast-seo-wordpress\/ -->\n<title>Tableau \u201cCoucher de Soleil en Toscane\u201d, Italie - Red Karawana<\/title>\n<meta name=\"description\" content=\"Notre Tableau \u201cCoucher de Soleil en Toscane\u201d, r\u00e9alis\u00e9e par le photographe Claudio Calvani, fait partie de l\u2019\u00ab Attimi di Toscana \u00bb, une \u00e9dition certifi\u00e9e de photographies.\" \/>\n<meta name=\"robots\" content=\"index, follow, max-snippet:-1, max-image-preview:large, max-video-preview:-1\" \/>\n<link rel=\"canonical\" href=\"https:\/\/redkarawana.com\/fr\/artisan\/tableau-coucher-soleil-toscane-italie\/\" \/>\n<meta property=\"og:locale\" content=\"fr_FR\" \/>\n<meta property=\"og:type\" content=\"article\" \/>\n<meta property=\"og:title\" content=\"Tableau \u201cCoucher de Soleil en Toscane\u201d, Italie - Red Karawana\" \/>\n<meta property=\"og:description\" content=\"Notre Tableau \u201cCoucher de Soleil en Toscane\u201d, r\u00e9alis\u00e9e par le photographe Claudio Calvani, fait partie de l\u2019\u00ab Attimi di Toscana \u00bb, une \u00e9dition certifi\u00e9e de photographies.\" \/>\n<meta property=\"og:url\" content=\"https:\/\/redkarawana.com\/fr\/artisan\/tableau-coucher-soleil-toscane-italie\/\" \/>\n<meta property=\"og:site_name\" content=\"Red Karawana\" \/>\n<meta property=\"article:publisher\" content=\"https:\/\/www.facebook.com\/redkarawana\/\" \/>\n<meta property=\"article:modified_time\" content=\"2025-12-06T03:16:40+00:00\" \/>\n<meta property=\"og:image\" content=\"https:\/\/redkarawana.com\/wp-content\/uploads\/2025\/10\/1-AF-Italy-Sunset-in-Tuscany-Artwork-1024x538.jpg\" \/>\n<meta name=\"twitter:card\" content=\"summary_large_image\" \/>\n<meta name=\"twitter:label1\" content=\"Dur\u00e9e de lecture estim\u00e9e\" \/>\n\t<meta name=\"twitter:data1\" content=\"1 minute\" \/>\n<script type=\"application\/ld+json\" class=\"yoast-schema-graph\">{\"@context\":\"https:\\\/\\\/schema.org\",\"@graph\":[{\"@type\":\"WebPage\",\"@id\":\"https:\\\/\\\/redkarawana.com\\\/fr\\\/artisan\\\/tableau-coucher-soleil-toscane-italie\\\/\",\"url\":\"https:\\\/\\\/redkarawana.com\\\/fr\\\/artisan\\\/tableau-coucher-soleil-toscane-italie\\\/\",\"name\":\"Tableau \u201cCoucher de Soleil en Toscane\u201d, Italie - Red Karawana\",\"isPartOf\":{\"@id\":\"https:\\\/\\\/redkarawana.com\\\/#website\"},\"primaryImageOfPage\":{\"@id\":\"https:\\\/\\\/redkarawana.com\\\/fr\\\/artisan\\\/tableau-coucher-soleil-toscane-italie\\\/#primaryimage\"},\"image\":{\"@id\":\"https:\\\/\\\/redkarawana.com\\\/fr\\\/artisan\\\/tableau-coucher-soleil-toscane-italie\\\/#primaryimage\"},\"thumbnailUrl\":\"https:\\\/\\\/redkarawana.com\\\/wp-content\\\/uploads\\\/2025\\\/10\\\/1-Feature-Italy-Sunset-in-Tuscany-Artwork.jpg\",\"datePublished\":\"2025-11-30T07:20:52+00:00\",\"dateModified\":\"2025-12-06T03:16:40+00:00\",\"description\":\"Notre Tableau \u201cCoucher de Soleil en Toscane\u201d, r\u00e9alis\u00e9e par le photographe Claudio Calvani, fait partie de l\u2019\u00ab Attimi di Toscana \u00bb, une \u00e9dition certifi\u00e9e de photographies.\",\"breadcrumb\":{\"@id\":\"https:\\\/\\\/redkarawana.com\\\/fr\\\/artisan\\\/tableau-coucher-soleil-toscane-italie\\\/#breadcrumb\"},\"inLanguage\":\"fr-FR\",\"potentialAction\":[{\"@type\":\"ReadAction\",\"target\":[\"https:\\\/\\\/redkarawana.com\\\/fr\\\/artisan\\\/tableau-coucher-soleil-toscane-italie\\\/\"]}]},{\"@type\":\"ImageObject\",\"inLanguage\":\"fr-FR\",\"@id\":\"https:\\\/\\\/redkarawana.com\\\/fr\\\/artisan\\\/tableau-coucher-soleil-toscane-italie\\\/#primaryimage\",\"url\":\"https:\\\/\\\/redkarawana.com\\\/wp-content\\\/uploads\\\/2025\\\/10\\\/1-Feature-Italy-Sunset-in-Tuscany-Artwork.jpg\",\"contentUrl\":\"https:\\\/\\\/redkarawana.com\\\/wp-content\\\/uploads\\\/2025\\\/10\\\/1-Feature-Italy-Sunset-in-Tuscany-Artwork.jpg\",\"width\":680,\"height\":453,\"caption\":\"Italie, Tableau \u201cCoucher de Soleil en Toscane\u201d\"},{\"@type\":\"BreadcrumbList\",\"@id\":\"https:\\\/\\\/redkarawana.com\\\/fr\\\/artisan\\\/tableau-coucher-soleil-toscane-italie\\\/#breadcrumb\",\"itemListElement\":[{\"@type\":\"ListItem\",\"position\":1,\"name\":\"Home\",\"item\":\"https:\\\/\\\/redkarawana.com\\\/fr\\\/\"},{\"@type\":\"ListItem\",\"position\":2,\"name\":\"Artisans\",\"item\":\"https:\\\/\\\/redkarawana.com\\\/fr\\\/artisans\\\/\"},{\"@type\":\"ListItem\",\"position\":3,\"name\":\"Tableau \u201cCoucher de Soleil en Toscane\u201d, Italie; Un Paysage\"}]},{\"@type\":\"WebSite\",\"@id\":\"https:\\\/\\\/redkarawana.com\\\/#website\",\"url\":\"https:\\\/\\\/redkarawana.com\\\/\",\"name\":\"Red Karawana\",\"description\":\"\",\"publisher\":{\"@id\":\"https:\\\/\\\/redkarawana.com\\\/#organization\"},\"potentialAction\":[{\"@type\":\"SearchAction\",\"target\":{\"@type\":\"EntryPoint\",\"urlTemplate\":\"https:\\\/\\\/redkarawana.com\\\/?s={search_term_string}\"},\"query-input\":{\"@type\":\"PropertyValueSpecification\",\"valueRequired\":true,\"valueName\":\"search_term_string\"}}],\"inLanguage\":\"fr-FR\"},{\"@type\":\"Organization\",\"@id\":\"https:\\\/\\\/redkarawana.com\\\/#organization\",\"name\":\"Red Karawana\",\"url\":\"https:\\\/\\\/redkarawana.com\\\/\",\"logo\":{\"@type\":\"ImageObject\",\"inLanguage\":\"fr-FR\",\"@id\":\"https:\\\/\\\/redkarawana.com\\\/#\\\/schema\\\/logo\\\/image\\\/\",\"url\":\"https:\\\/\\\/redkarawana.com\\\/wp-content\\\/uploads\\\/2025\\\/05\\\/cropped-Screenshot-2025-05-29-at-09.27.38.png\",\"contentUrl\":\"https:\\\/\\\/redkarawana.com\\\/wp-content\\\/uploads\\\/2025\\\/05\\\/cropped-Screenshot-2025-05-29-at-09.27.38.png\",\"width\":512,\"height\":512,\"caption\":\"Red Karawana\"},\"image\":{\"@id\":\"https:\\\/\\\/redkarawana.com\\\/#\\\/schema\\\/logo\\\/image\\\/\"},\"sameAs\":[\"https:\\\/\\\/www.facebook.com\\\/redkarawana\\\/\",\"https:\\\/\\\/www.instagram.com\\\/redkarawana\\\/\",\"https:\\\/\\\/www.youtube.com\\\/channel\\\/UCU9jXzSmyKm4ZZv38FEXGKg\",\"https:\\\/\\\/www.pinterest.com\\\/redkarawana\\\/\"]}]}<\/script>\n<!-- \/ Yoast SEO plugin. -->","yoast_head_json":{"title":"Tableau \u201cCoucher de Soleil en Toscane\u201d, Italie - Red Karawana","description":"Notre Tableau \u201cCoucher de Soleil en Toscane\u201d, r\u00e9alis\u00e9e par le photographe Claudio Calvani, fait partie de l\u2019\u00ab Attimi di Toscana \u00bb, une \u00e9dition certifi\u00e9e de photographies.","robots":{"index":"index","follow":"follow","max-snippet":"max-snippet:-1","max-image-preview":"max-image-preview:large","max-video-preview":"max-video-preview:-1"},"canonical":"https:\/\/redkarawana.com\/fr\/artisan\/tableau-coucher-soleil-toscane-italie\/","og_locale":"fr_FR","og_type":"article","og_title":"Tableau \u201cCoucher de Soleil en Toscane\u201d, Italie - Red Karawana","og_description":"Notre Tableau \u201cCoucher de Soleil en Toscane\u201d, r\u00e9alis\u00e9e par le photographe Claudio Calvani, fait partie de l\u2019\u00ab Attimi di Toscana \u00bb, une \u00e9dition certifi\u00e9e de photographies.","og_url":"https:\/\/redkarawana.com\/fr\/artisan\/tableau-coucher-soleil-toscane-italie\/","og_site_name":"Red Karawana","article_publisher":"https:\/\/www.facebook.com\/redkarawana\/","article_modified_time":"2025-12-06T03:16:40+00:00","og_image":[{"url":"https:\/\/redkarawana.com\/wp-content\/uploads\/2025\/10\/1-AF-Italy-Sunset-in-Tuscany-Artwork-1024x538.jpg","type":"","width":"","height":""}],"twitter_card":"summary_large_image","twitter_misc":{"Dur\u00e9e de lecture estim\u00e9e":"1 minute"},"schema":{"@context":"https:\/\/schema.org","@graph":[{"@type":"WebPage","@id":"https:\/\/redkarawana.com\/fr\/artisan\/tableau-coucher-soleil-toscane-italie\/","url":"https:\/\/redkarawana.com\/fr\/artisan\/tableau-coucher-soleil-toscane-italie\/","name":"Tableau \u201cCoucher de Soleil en Toscane\u201d, Italie - Red Karawana","isPartOf":{"@id":"https:\/\/redkarawana.com\/#website"},"primaryImageOfPage":{"@id":"https:\/\/redkarawana.com\/fr\/artisan\/tableau-coucher-soleil-toscane-italie\/#primaryimage"},"image":{"@id":"https:\/\/redkarawana.com\/fr\/artisan\/tableau-coucher-soleil-toscane-italie\/#primaryimage"},"thumbnailUrl":"https:\/\/redkarawana.com\/wp-content\/uploads\/2025\/10\/1-Feature-Italy-Sunset-in-Tuscany-Artwork.jpg","datePublished":"2025-11-30T07:20:52+00:00","dateModified":"2025-12-06T03:16:40+00:00","description":"Notre Tableau \u201cCoucher de Soleil en Toscane\u201d, r\u00e9alis\u00e9e par le photographe Claudio Calvani, fait partie de l\u2019\u00ab Attimi di Toscana \u00bb, une \u00e9dition certifi\u00e9e de photographies.","breadcrumb":{"@id":"https:\/\/redkarawana.com\/fr\/artisan\/tableau-coucher-soleil-toscane-italie\/#breadcrumb"},"inLanguage":"fr-FR","potentialAction":[{"@type":"ReadAction","target":["https:\/\/redkarawana.com\/fr\/artisan\/tableau-coucher-soleil-toscane-italie\/"]}]},{"@type":"ImageObject","inLanguage":"fr-FR","@id":"https:\/\/redkarawana.com\/fr\/artisan\/tableau-coucher-soleil-toscane-italie\/#primaryimage","url":"https:\/\/redkarawana.com\/wp-content\/uploads\/2025\/10\/1-Feature-Italy-Sunset-in-Tuscany-Artwork.jpg","contentUrl":"https:\/\/redkarawana.com\/wp-content\/uploads\/2025\/10\/1-Feature-Italy-Sunset-in-Tuscany-Artwork.jpg","width":680,"height":453,"caption":"Italie, Tableau \u201cCoucher de Soleil en Toscane\u201d"},{"@type":"BreadcrumbList","@id":"https:\/\/redkarawana.com\/fr\/artisan\/tableau-coucher-soleil-toscane-italie\/#breadcrumb","itemListElement":[{"@type":"ListItem","position":1,"name":"Home","item":"https:\/\/redkarawana.com\/fr\/"},{"@type":"ListItem","position":2,"name":"Artisans","item":"https:\/\/redkarawana.com\/fr\/artisans\/"},{"@type":"ListItem","position":3,"name":"Tableau \u201cCoucher de Soleil en Toscane\u201d, Italie; Un Paysage"}]},{"@type":"WebSite","@id":"https:\/\/redkarawana.com\/#website","url":"https:\/\/redkarawana.com\/","name":"Red Karawana","description":"","publisher":{"@id":"https:\/\/redkarawana.com\/#organization"},"potentialAction":[{"@type":"SearchAction","target":{"@type":"EntryPoint","urlTemplate":"https:\/\/redkarawana.com\/?s={search_term_string}"},"query-input":{"@type":"PropertyValueSpecification","valueRequired":true,"valueName":"search_term_string"}}],"inLanguage":"fr-FR"},{"@type":"Organization","@id":"https:\/\/redkarawana.com\/#organization","name":"Red Karawana","url":"https:\/\/redkarawana.com\/","logo":{"@type":"ImageObject","inLanguage":"fr-FR","@id":"https:\/\/redkarawana.com\/#\/schema\/logo\/image\/","url":"https:\/\/redkarawana.com\/wp-content\/uploads\/2025\/05\/cropped-Screenshot-2025-05-29-at-09.27.38.png","contentUrl":"https:\/\/redkarawana.com\/wp-content\/uploads\/2025\/05\/cropped-Screenshot-2025-05-29-at-09.27.38.png","width":512,"height":512,"caption":"Red Karawana"},"image":{"@id":"https:\/\/redkarawana.com\/#\/schema\/logo\/image\/"},"sameAs":["https:\/\/www.facebook.com\/redkarawana\/","https:\/\/www.instagram.com\/redkarawana\/","https:\/\/www.youtube.com\/channel\/UCU9jXzSmyKm4ZZv38FEXGKg","https:\/\/www.pinterest.com\/redkarawana\/"]}]}},"_links":{"self":[{"href":"https:\/\/redkarawana.com\/fr\/wp-json\/wp\/v2\/product\/12381","targetHints":{"allow":["GET"]}}],"collection":[{"href":"https:\/\/redkarawana.com\/fr\/wp-json\/wp\/v2\/product"}],"about":[{"href":"https:\/\/redkarawana.com\/fr\/wp-json\/wp\/v2\/types\/product"}],"wp:featuredmedia":[{"embeddable":true,"href":"https:\/\/redkarawana.com\/fr\/wp-json\/wp\/v2\/media\/12354"}],"wp:attachment":[{"href":"https:\/\/redkarawana.com\/fr\/wp-json\/wp\/v2\/media?parent=12381"}],"wp:term":[{"taxonomy":"product_brand","embeddable":true,"href":"https:\/\/redkarawana.com\/fr\/wp-json\/wp\/v2\/product_brand?post=12381"},{"taxonomy":"product_cat","embeddable":true,"href":"https:\/\/redkarawana.com\/fr\/wp-json\/wp\/v2\/product_cat?post=12381"},{"taxonomy":"product_tag","embeddable":true,"href":"https:\/\/redkarawana.com\/fr\/wp-json\/wp\/v2\/product_tag?post=12381"}],"curies":[{"name":"wp","href":"https:\/\/api.w.org\/{rel}","templated":true}]}}