{"id":12724,"date":"2025-11-30T07:40:09","date_gmt":"2025-11-30T07:40:09","guid":{"rendered":"https:\/\/redkarawana.com\/artisan\/ceramic-roosters-poland\/"},"modified":"2025-12-06T03:29:49","modified_gmt":"2025-12-06T03:29:49","slug":"coqs-ceramique-pologne","status":"publish","type":"product","link":"https:\/\/redkarawana.com\/fr\/artisan\/coqs-ceramique-pologne\/","title":{"rendered":"Coqs en C\u00e9ramique, Pologne; Arborent des Couleurs Vives"},"content":{"rendered":"<p>Une collection innombrable d&rsquo;objets artisanaux originaux et imaginatifs est fabriqu\u00e9e en Pologne. Les c\u00e9ramistes et les artistes perp\u00e9tuent la tradition de la poterie et mettent en valeur leur savoir-faire artisanal. Les c\u00e9ramiques de haute qualit\u00e9 comprennent une grande vari\u00e9t\u00e9 d&rsquo;articles de table, de sculptures et d&rsquo;objets d\u00e9coratifs. Les objets en c\u00e9ramique pr\u00e9sentent des motifs multicolores, des dessins complexes et un vernis attrayant. Nos coqs en c\u00e9ramique s\u00e9lectionn\u00e9s sont de magnifiques objets d\u00e9coratifs, aux couleurs vives rouge, jaune, marron et bleu. Ensemble : deux coqs en c\u00e9ramique (hauteur 5 \u00bd pouces, largeur 4 \u00bd pouces).<\/p>\n","protected":false},"excerpt":{"rendered":"<p>Une collection innombrable d&rsquo;objets artisanaux originaux et imaginatifs est fabriqu\u00e9e en Pologne. Les c\u00e9ramistes et les artistes perp\u00e9tuent la tradition de la poterie et mettent en valeur leur savoir-faire artisanal. Les c\u00e9ramiques de haute qualit\u00e9 comprennent une grande vari\u00e9t\u00e9 d&rsquo;articles de table, de sculptures et d&rsquo;objets d\u00e9coratifs. Les objets en c\u00e9ramique pr\u00e9sentent des motifs multicolores, [&hellip;]<\/p>\n","protected":false},"featured_media":12688,"template":"","meta":{"_acf_changed":false},"product_brand":[],"product_cat":[48],"product_tag":[],"class_list":{"0":"post-12724","1":"product","2":"type-product","3":"status-publish","4":"has-post-thumbnail","6":"product_cat-artistique","8":"first","9":"instock","10":"taxable","11":"shipping-taxable","12":"purchasable","13":"product-type-simple"},"acf":[],"yoast_head":"<!-- This site is optimized with the Yoast SEO plugin v27.3 - https:\/\/yoast.com\/product\/yoast-seo-wordpress\/ -->\n<title>Coqs en C\u00e9ramique, Pologne - Artistique - Red Karawana<\/title>\n<meta name=\"description\" content=\"Les objets en c\u00e9ramique pr\u00e9sentent des motifs multicolores. Nos coqs en c\u00e9ramique s\u00e9lectionn\u00e9s sont de magnifiques objets d\u00e9coratifs.\" \/>\n<meta name=\"robots\" content=\"index, follow, max-snippet:-1, max-image-preview:large, max-video-preview:-1\" \/>\n<link rel=\"canonical\" href=\"https:\/\/redkarawana.com\/fr\/artisan\/coqs-ceramique-pologne\/\" \/>\n<meta property=\"og:locale\" content=\"fr_FR\" \/>\n<meta property=\"og:type\" content=\"article\" \/>\n<meta property=\"og:title\" content=\"Coqs en C\u00e9ramique, Pologne - Artistique - Red Karawana\" \/>\n<meta property=\"og:description\" content=\"Les objets en c\u00e9ramique pr\u00e9sentent des motifs multicolores. Nos coqs en c\u00e9ramique s\u00e9lectionn\u00e9s sont de magnifiques objets d\u00e9coratifs.\" \/>\n<meta property=\"og:url\" content=\"https:\/\/redkarawana.com\/fr\/artisan\/coqs-ceramique-pologne\/\" \/>\n<meta property=\"og:site_name\" content=\"Red Karawana\" \/>\n<meta property=\"article:publisher\" content=\"https:\/\/www.facebook.com\/redkarawana\/\" \/>\n<meta property=\"article:modified_time\" content=\"2025-12-06T03:29:49+00:00\" \/>\n<meta property=\"og:image\" content=\"https:\/\/redkarawana.com\/wp-content\/uploads\/2025\/11\/1-AF-Poland-Ceramic-Roosters-1024x538.jpg\" \/>\n<meta name=\"twitter:card\" content=\"summary_large_image\" \/>\n<meta name=\"twitter:label1\" content=\"Dur\u00e9e de lecture estim\u00e9e\" \/>\n\t<meta name=\"twitter:data1\" content=\"1 minute\" \/>\n<script type=\"application\/ld+json\" class=\"yoast-schema-graph\">{\"@context\":\"https:\\\/\\\/schema.org\",\"@graph\":[{\"@type\":\"WebPage\",\"@id\":\"https:\\\/\\\/redkarawana.com\\\/fr\\\/artisan\\\/coqs-ceramique-pologne\\\/\",\"url\":\"https:\\\/\\\/redkarawana.com\\\/fr\\\/artisan\\\/coqs-ceramique-pologne\\\/\",\"name\":\"Coqs en C\u00e9ramique, Pologne - Artistique - Red Karawana\",\"isPartOf\":{\"@id\":\"https:\\\/\\\/redkarawana.com\\\/#website\"},\"primaryImageOfPage\":{\"@id\":\"https:\\\/\\\/redkarawana.com\\\/fr\\\/artisan\\\/coqs-ceramique-pologne\\\/#primaryimage\"},\"image\":{\"@id\":\"https:\\\/\\\/redkarawana.com\\\/fr\\\/artisan\\\/coqs-ceramique-pologne\\\/#primaryimage\"},\"thumbnailUrl\":\"https:\\\/\\\/redkarawana.com\\\/wp-content\\\/uploads\\\/2025\\\/11\\\/1-Feature-Poland-Ceramic-Roosters.jpg\",\"datePublished\":\"2025-11-30T07:40:09+00:00\",\"dateModified\":\"2025-12-06T03:29:49+00:00\",\"description\":\"Les objets en c\u00e9ramique pr\u00e9sentent des motifs multicolores. Nos coqs en c\u00e9ramique s\u00e9lectionn\u00e9s sont de magnifiques objets d\u00e9coratifs.\",\"breadcrumb\":{\"@id\":\"https:\\\/\\\/redkarawana.com\\\/fr\\\/artisan\\\/coqs-ceramique-pologne\\\/#breadcrumb\"},\"inLanguage\":\"fr-FR\",\"potentialAction\":[{\"@type\":\"ReadAction\",\"target\":[\"https:\\\/\\\/redkarawana.com\\\/fr\\\/artisan\\\/coqs-ceramique-pologne\\\/\"]}]},{\"@type\":\"ImageObject\",\"inLanguage\":\"fr-FR\",\"@id\":\"https:\\\/\\\/redkarawana.com\\\/fr\\\/artisan\\\/coqs-ceramique-pologne\\\/#primaryimage\",\"url\":\"https:\\\/\\\/redkarawana.com\\\/wp-content\\\/uploads\\\/2025\\\/11\\\/1-Feature-Poland-Ceramic-Roosters.jpg\",\"contentUrl\":\"https:\\\/\\\/redkarawana.com\\\/wp-content\\\/uploads\\\/2025\\\/11\\\/1-Feature-Poland-Ceramic-Roosters.jpg\",\"width\":680,\"height\":453,\"caption\":\"Pologne, Coqs en C\u00e9ramique\"},{\"@type\":\"BreadcrumbList\",\"@id\":\"https:\\\/\\\/redkarawana.com\\\/fr\\\/artisan\\\/coqs-ceramique-pologne\\\/#breadcrumb\",\"itemListElement\":[{\"@type\":\"ListItem\",\"position\":1,\"name\":\"Home\",\"item\":\"https:\\\/\\\/redkarawana.com\\\/fr\\\/\"},{\"@type\":\"ListItem\",\"position\":2,\"name\":\"Artisans\",\"item\":\"https:\\\/\\\/redkarawana.com\\\/fr\\\/artisans\\\/\"},{\"@type\":\"ListItem\",\"position\":3,\"name\":\"Coqs en C\u00e9ramique, Pologne; Arborent des Couleurs Vives\"}]},{\"@type\":\"WebSite\",\"@id\":\"https:\\\/\\\/redkarawana.com\\\/#website\",\"url\":\"https:\\\/\\\/redkarawana.com\\\/\",\"name\":\"Red Karawana\",\"description\":\"\",\"publisher\":{\"@id\":\"https:\\\/\\\/redkarawana.com\\\/#organization\"},\"potentialAction\":[{\"@type\":\"SearchAction\",\"target\":{\"@type\":\"EntryPoint\",\"urlTemplate\":\"https:\\\/\\\/redkarawana.com\\\/?s={search_term_string}\"},\"query-input\":{\"@type\":\"PropertyValueSpecification\",\"valueRequired\":true,\"valueName\":\"search_term_string\"}}],\"inLanguage\":\"fr-FR\"},{\"@type\":\"Organization\",\"@id\":\"https:\\\/\\\/redkarawana.com\\\/#organization\",\"name\":\"Red Karawana\",\"url\":\"https:\\\/\\\/redkarawana.com\\\/\",\"logo\":{\"@type\":\"ImageObject\",\"inLanguage\":\"fr-FR\",\"@id\":\"https:\\\/\\\/redkarawana.com\\\/#\\\/schema\\\/logo\\\/image\\\/\",\"url\":\"https:\\\/\\\/redkarawana.com\\\/wp-content\\\/uploads\\\/2025\\\/05\\\/cropped-Screenshot-2025-05-29-at-09.27.38.png\",\"contentUrl\":\"https:\\\/\\\/redkarawana.com\\\/wp-content\\\/uploads\\\/2025\\\/05\\\/cropped-Screenshot-2025-05-29-at-09.27.38.png\",\"width\":512,\"height\":512,\"caption\":\"Red Karawana\"},\"image\":{\"@id\":\"https:\\\/\\\/redkarawana.com\\\/#\\\/schema\\\/logo\\\/image\\\/\"},\"sameAs\":[\"https:\\\/\\\/www.facebook.com\\\/redkarawana\\\/\",\"https:\\\/\\\/www.instagram.com\\\/redkarawana\\\/\",\"https:\\\/\\\/www.youtube.com\\\/channel\\\/UCU9jXzSmyKm4ZZv38FEXGKg\",\"https:\\\/\\\/www.pinterest.com\\\/redkarawana\\\/\"]}]}<\/script>\n<!-- \/ Yoast SEO plugin. -->","yoast_head_json":{"title":"Coqs en C\u00e9ramique, Pologne - Artistique - Red Karawana","description":"Les objets en c\u00e9ramique pr\u00e9sentent des motifs multicolores. Nos coqs en c\u00e9ramique s\u00e9lectionn\u00e9s sont de magnifiques objets d\u00e9coratifs.","robots":{"index":"index","follow":"follow","max-snippet":"max-snippet:-1","max-image-preview":"max-image-preview:large","max-video-preview":"max-video-preview:-1"},"canonical":"https:\/\/redkarawana.com\/fr\/artisan\/coqs-ceramique-pologne\/","og_locale":"fr_FR","og_type":"article","og_title":"Coqs en C\u00e9ramique, Pologne - Artistique - Red Karawana","og_description":"Les objets en c\u00e9ramique pr\u00e9sentent des motifs multicolores. Nos coqs en c\u00e9ramique s\u00e9lectionn\u00e9s sont de magnifiques objets d\u00e9coratifs.","og_url":"https:\/\/redkarawana.com\/fr\/artisan\/coqs-ceramique-pologne\/","og_site_name":"Red Karawana","article_publisher":"https:\/\/www.facebook.com\/redkarawana\/","article_modified_time":"2025-12-06T03:29:49+00:00","og_image":[{"url":"https:\/\/redkarawana.com\/wp-content\/uploads\/2025\/11\/1-AF-Poland-Ceramic-Roosters-1024x538.jpg","type":"","width":"","height":""}],"twitter_card":"summary_large_image","twitter_misc":{"Dur\u00e9e de lecture estim\u00e9e":"1 minute"},"schema":{"@context":"https:\/\/schema.org","@graph":[{"@type":"WebPage","@id":"https:\/\/redkarawana.com\/fr\/artisan\/coqs-ceramique-pologne\/","url":"https:\/\/redkarawana.com\/fr\/artisan\/coqs-ceramique-pologne\/","name":"Coqs en C\u00e9ramique, Pologne - Artistique - Red Karawana","isPartOf":{"@id":"https:\/\/redkarawana.com\/#website"},"primaryImageOfPage":{"@id":"https:\/\/redkarawana.com\/fr\/artisan\/coqs-ceramique-pologne\/#primaryimage"},"image":{"@id":"https:\/\/redkarawana.com\/fr\/artisan\/coqs-ceramique-pologne\/#primaryimage"},"thumbnailUrl":"https:\/\/redkarawana.com\/wp-content\/uploads\/2025\/11\/1-Feature-Poland-Ceramic-Roosters.jpg","datePublished":"2025-11-30T07:40:09+00:00","dateModified":"2025-12-06T03:29:49+00:00","description":"Les objets en c\u00e9ramique pr\u00e9sentent des motifs multicolores. Nos coqs en c\u00e9ramique s\u00e9lectionn\u00e9s sont de magnifiques objets d\u00e9coratifs.","breadcrumb":{"@id":"https:\/\/redkarawana.com\/fr\/artisan\/coqs-ceramique-pologne\/#breadcrumb"},"inLanguage":"fr-FR","potentialAction":[{"@type":"ReadAction","target":["https:\/\/redkarawana.com\/fr\/artisan\/coqs-ceramique-pologne\/"]}]},{"@type":"ImageObject","inLanguage":"fr-FR","@id":"https:\/\/redkarawana.com\/fr\/artisan\/coqs-ceramique-pologne\/#primaryimage","url":"https:\/\/redkarawana.com\/wp-content\/uploads\/2025\/11\/1-Feature-Poland-Ceramic-Roosters.jpg","contentUrl":"https:\/\/redkarawana.com\/wp-content\/uploads\/2025\/11\/1-Feature-Poland-Ceramic-Roosters.jpg","width":680,"height":453,"caption":"Pologne, Coqs en C\u00e9ramique"},{"@type":"BreadcrumbList","@id":"https:\/\/redkarawana.com\/fr\/artisan\/coqs-ceramique-pologne\/#breadcrumb","itemListElement":[{"@type":"ListItem","position":1,"name":"Home","item":"https:\/\/redkarawana.com\/fr\/"},{"@type":"ListItem","position":2,"name":"Artisans","item":"https:\/\/redkarawana.com\/fr\/artisans\/"},{"@type":"ListItem","position":3,"name":"Coqs en C\u00e9ramique, Pologne; Arborent des Couleurs Vives"}]},{"@type":"WebSite","@id":"https:\/\/redkarawana.com\/#website","url":"https:\/\/redkarawana.com\/","name":"Red Karawana","description":"","publisher":{"@id":"https:\/\/redkarawana.com\/#organization"},"potentialAction":[{"@type":"SearchAction","target":{"@type":"EntryPoint","urlTemplate":"https:\/\/redkarawana.com\/?s={search_term_string}"},"query-input":{"@type":"PropertyValueSpecification","valueRequired":true,"valueName":"search_term_string"}}],"inLanguage":"fr-FR"},{"@type":"Organization","@id":"https:\/\/redkarawana.com\/#organization","name":"Red Karawana","url":"https:\/\/redkarawana.com\/","logo":{"@type":"ImageObject","inLanguage":"fr-FR","@id":"https:\/\/redkarawana.com\/#\/schema\/logo\/image\/","url":"https:\/\/redkarawana.com\/wp-content\/uploads\/2025\/05\/cropped-Screenshot-2025-05-29-at-09.27.38.png","contentUrl":"https:\/\/redkarawana.com\/wp-content\/uploads\/2025\/05\/cropped-Screenshot-2025-05-29-at-09.27.38.png","width":512,"height":512,"caption":"Red Karawana"},"image":{"@id":"https:\/\/redkarawana.com\/#\/schema\/logo\/image\/"},"sameAs":["https:\/\/www.facebook.com\/redkarawana\/","https:\/\/www.instagram.com\/redkarawana\/","https:\/\/www.youtube.com\/channel\/UCU9jXzSmyKm4ZZv38FEXGKg","https:\/\/www.pinterest.com\/redkarawana\/"]}]}},"_links":{"self":[{"href":"https:\/\/redkarawana.com\/fr\/wp-json\/wp\/v2\/product\/12724","targetHints":{"allow":["GET"]}}],"collection":[{"href":"https:\/\/redkarawana.com\/fr\/wp-json\/wp\/v2\/product"}],"about":[{"href":"https:\/\/redkarawana.com\/fr\/wp-json\/wp\/v2\/types\/product"}],"wp:featuredmedia":[{"embeddable":true,"href":"https:\/\/redkarawana.com\/fr\/wp-json\/wp\/v2\/media\/12688"}],"wp:attachment":[{"href":"https:\/\/redkarawana.com\/fr\/wp-json\/wp\/v2\/media?parent=12724"}],"wp:term":[{"taxonomy":"product_brand","embeddable":true,"href":"https:\/\/redkarawana.com\/fr\/wp-json\/wp\/v2\/product_brand?post=12724"},{"taxonomy":"product_cat","embeddable":true,"href":"https:\/\/redkarawana.com\/fr\/wp-json\/wp\/v2\/product_cat?post=12724"},{"taxonomy":"product_tag","embeddable":true,"href":"https:\/\/redkarawana.com\/fr\/wp-json\/wp\/v2\/product_tag?post=12724"}],"curies":[{"name":"wp","href":"https:\/\/api.w.org\/{rel}","templated":true}]}}