{"id":12732,"date":"2025-11-30T07:50:17","date_gmt":"2025-11-30T07:50:17","guid":{"rendered":"https:\/\/redkarawana.com\/artisan\/decorative-beaded-collar-greenland\/"},"modified":"2025-12-16T00:35:55","modified_gmt":"2025-12-16T00:35:55","slug":"collier-verre-groenland","status":"publish","type":"product","link":"https:\/\/redkarawana.com\/fr\/artisan\/collier-verre-groenland\/","title":{"rendered":"Collier D\u00e9coratif en Verre, Groenland; Un Motif de No\u00ebl"},"content":{"rendered":"<p>Les v\u00eatements traditionnels groenlandais sont d\u00e9coratifs, color\u00e9s et magnifiques. Les Inuits du Groenland utilisent des fourrures et des peaux d&rsquo;animaux pour fabriquer des textiles et des v\u00eatements. Les perles de verre color\u00e9es, apport\u00e9es par les missionnaires europ\u00e9ens au Groenland, sont devenues un artisanat traditionnel. Le collier de perles, qui fait partie du costume traditionnel des femmes, couvre le cou et les \u00e9paules. Le perlage est utilis\u00e9 pour cr\u00e9er des bijoux ethniques et des objets d\u00e9coratifs. Notre collier de perles d\u00e9coratif s\u00e9lectionn\u00e9, fabriqu\u00e9 \u00e0 la main par des femmes inuites, pr\u00e9sente un magnifique motif de No\u00ebl. Mesures : Collier d\u00e9coratif en perles (diam\u00e8tre 5 \u00bd pouces).      <\/p>\n","protected":false},"excerpt":{"rendered":"<p>Les v\u00eatements traditionnels groenlandais sont d\u00e9coratifs, color\u00e9s et magnifiques. Les Inuits du Groenland utilisent des fourrures et des peaux d&rsquo;animaux pour fabriquer des textiles et des v\u00eatements. Les perles de verre color\u00e9es, apport\u00e9es par les missionnaires europ\u00e9ens au Groenland, sont devenues un artisanat traditionnel. Le collier de perles, qui fait partie du costume traditionnel des [&hellip;]<\/p>\n","protected":false},"featured_media":12708,"template":"","meta":{"_acf_changed":false},"product_brand":[],"product_cat":[48],"product_tag":[],"class_list":{"0":"post-12732","1":"product","2":"type-product","3":"status-publish","4":"has-post-thumbnail","6":"product_cat-artistique","8":"first","9":"instock","10":"taxable","11":"shipping-taxable","12":"purchasable","13":"product-type-simple"},"acf":[],"yoast_head":"<!-- This site is optimized with the Yoast SEO plugin v27.3 - https:\/\/yoast.com\/product\/yoast-seo-wordpress\/ -->\n<title>Collier D\u00e9coratif en Verre, Groenland - Artistique - Red Karawana<\/title>\n<meta name=\"description\" content=\"Le perlage est utilis\u00e9 pour cr\u00e9er des objets d\u00e9coratifs. Notre collier d\u00e9coratif en perles, fabriqu\u00e9 \u00e0 la main par des femmes inuites, pr\u00e9sente un magnifique motif de No\u00ebl.\" \/>\n<meta name=\"robots\" content=\"index, follow, max-snippet:-1, max-image-preview:large, max-video-preview:-1\" \/>\n<link rel=\"canonical\" href=\"https:\/\/redkarawana.com\/fr\/artisan\/collier-verre-groenland\/\" \/>\n<meta property=\"og:locale\" content=\"fr_FR\" \/>\n<meta property=\"og:type\" content=\"article\" \/>\n<meta property=\"og:title\" content=\"Collier D\u00e9coratif en Verre, Groenland - Artistique - Red Karawana\" \/>\n<meta property=\"og:description\" content=\"Le perlage est utilis\u00e9 pour cr\u00e9er des objets d\u00e9coratifs. Notre collier d\u00e9coratif en perles, fabriqu\u00e9 \u00e0 la main par des femmes inuites, pr\u00e9sente un magnifique motif de No\u00ebl.\" \/>\n<meta property=\"og:url\" content=\"https:\/\/redkarawana.com\/fr\/artisan\/collier-verre-groenland\/\" \/>\n<meta property=\"og:site_name\" content=\"Red Karawana\" \/>\n<meta property=\"article:publisher\" content=\"https:\/\/www.facebook.com\/redkarawana\/\" \/>\n<meta property=\"article:modified_time\" content=\"2025-12-16T00:35:55+00:00\" \/>\n<meta property=\"og:image\" content=\"https:\/\/redkarawana.com\/wp-content\/uploads\/2025\/11\/1-AF-Greenland-Decorative-Beaded-Collar-1024x538.jpg\" \/>\n<meta name=\"twitter:card\" content=\"summary_large_image\" \/>\n<meta name=\"twitter:label1\" content=\"Dur\u00e9e de lecture estim\u00e9e\" \/>\n\t<meta name=\"twitter:data1\" content=\"1 minute\" \/>\n<script type=\"application\/ld+json\" class=\"yoast-schema-graph\">{\"@context\":\"https:\\\/\\\/schema.org\",\"@graph\":[{\"@type\":\"WebPage\",\"@id\":\"https:\\\/\\\/redkarawana.com\\\/fr\\\/artisan\\\/collier-verre-groenland\\\/\",\"url\":\"https:\\\/\\\/redkarawana.com\\\/fr\\\/artisan\\\/collier-verre-groenland\\\/\",\"name\":\"Collier D\u00e9coratif en Verre, Groenland - Artistique - Red Karawana\",\"isPartOf\":{\"@id\":\"https:\\\/\\\/redkarawana.com\\\/#website\"},\"primaryImageOfPage\":{\"@id\":\"https:\\\/\\\/redkarawana.com\\\/fr\\\/artisan\\\/collier-verre-groenland\\\/#primaryimage\"},\"image\":{\"@id\":\"https:\\\/\\\/redkarawana.com\\\/fr\\\/artisan\\\/collier-verre-groenland\\\/#primaryimage\"},\"thumbnailUrl\":\"https:\\\/\\\/redkarawana.com\\\/wp-content\\\/uploads\\\/2025\\\/11\\\/1-Feature-Greenland-Decorative-Beaded-Collar.jpg\",\"datePublished\":\"2025-11-30T07:50:17+00:00\",\"dateModified\":\"2025-12-16T00:35:55+00:00\",\"description\":\"Le perlage est utilis\u00e9 pour cr\u00e9er des objets d\u00e9coratifs. Notre collier d\u00e9coratif en perles, fabriqu\u00e9 \u00e0 la main par des femmes inuites, pr\u00e9sente un magnifique motif de No\u00ebl.\",\"breadcrumb\":{\"@id\":\"https:\\\/\\\/redkarawana.com\\\/fr\\\/artisan\\\/collier-verre-groenland\\\/#breadcrumb\"},\"inLanguage\":\"fr-FR\",\"potentialAction\":[{\"@type\":\"ReadAction\",\"target\":[\"https:\\\/\\\/redkarawana.com\\\/fr\\\/artisan\\\/collier-verre-groenland\\\/\"]}]},{\"@type\":\"ImageObject\",\"inLanguage\":\"fr-FR\",\"@id\":\"https:\\\/\\\/redkarawana.com\\\/fr\\\/artisan\\\/collier-verre-groenland\\\/#primaryimage\",\"url\":\"https:\\\/\\\/redkarawana.com\\\/wp-content\\\/uploads\\\/2025\\\/11\\\/1-Feature-Greenland-Decorative-Beaded-Collar.jpg\",\"contentUrl\":\"https:\\\/\\\/redkarawana.com\\\/wp-content\\\/uploads\\\/2025\\\/11\\\/1-Feature-Greenland-Decorative-Beaded-Collar.jpg\",\"width\":680,\"height\":453,\"caption\":\"Groenland, Collier D\u00e9coratif en Verre\"},{\"@type\":\"BreadcrumbList\",\"@id\":\"https:\\\/\\\/redkarawana.com\\\/fr\\\/artisan\\\/collier-verre-groenland\\\/#breadcrumb\",\"itemListElement\":[{\"@type\":\"ListItem\",\"position\":1,\"name\":\"Home\",\"item\":\"https:\\\/\\\/redkarawana.com\\\/fr\\\/\"},{\"@type\":\"ListItem\",\"position\":2,\"name\":\"Artisans\",\"item\":\"https:\\\/\\\/redkarawana.com\\\/fr\\\/artisans\\\/\"},{\"@type\":\"ListItem\",\"position\":3,\"name\":\"Collier D\u00e9coratif en Verre, Groenland; Un Motif de No\u00ebl\"}]},{\"@type\":\"WebSite\",\"@id\":\"https:\\\/\\\/redkarawana.com\\\/#website\",\"url\":\"https:\\\/\\\/redkarawana.com\\\/\",\"name\":\"Red Karawana\",\"description\":\"\",\"publisher\":{\"@id\":\"https:\\\/\\\/redkarawana.com\\\/#organization\"},\"potentialAction\":[{\"@type\":\"SearchAction\",\"target\":{\"@type\":\"EntryPoint\",\"urlTemplate\":\"https:\\\/\\\/redkarawana.com\\\/?s={search_term_string}\"},\"query-input\":{\"@type\":\"PropertyValueSpecification\",\"valueRequired\":true,\"valueName\":\"search_term_string\"}}],\"inLanguage\":\"fr-FR\"},{\"@type\":\"Organization\",\"@id\":\"https:\\\/\\\/redkarawana.com\\\/#organization\",\"name\":\"Red Karawana\",\"url\":\"https:\\\/\\\/redkarawana.com\\\/\",\"logo\":{\"@type\":\"ImageObject\",\"inLanguage\":\"fr-FR\",\"@id\":\"https:\\\/\\\/redkarawana.com\\\/#\\\/schema\\\/logo\\\/image\\\/\",\"url\":\"https:\\\/\\\/redkarawana.com\\\/wp-content\\\/uploads\\\/2025\\\/05\\\/cropped-Screenshot-2025-05-29-at-09.27.38.png\",\"contentUrl\":\"https:\\\/\\\/redkarawana.com\\\/wp-content\\\/uploads\\\/2025\\\/05\\\/cropped-Screenshot-2025-05-29-at-09.27.38.png\",\"width\":512,\"height\":512,\"caption\":\"Red Karawana\"},\"image\":{\"@id\":\"https:\\\/\\\/redkarawana.com\\\/#\\\/schema\\\/logo\\\/image\\\/\"},\"sameAs\":[\"https:\\\/\\\/www.facebook.com\\\/redkarawana\\\/\",\"https:\\\/\\\/www.instagram.com\\\/redkarawana\\\/\",\"https:\\\/\\\/www.youtube.com\\\/channel\\\/UCU9jXzSmyKm4ZZv38FEXGKg\",\"https:\\\/\\\/www.pinterest.com\\\/redkarawana\\\/\"]}]}<\/script>\n<!-- \/ Yoast SEO plugin. -->","yoast_head_json":{"title":"Collier D\u00e9coratif en Verre, Groenland - Artistique - Red Karawana","description":"Le perlage est utilis\u00e9 pour cr\u00e9er des objets d\u00e9coratifs. Notre collier d\u00e9coratif en perles, fabriqu\u00e9 \u00e0 la main par des femmes inuites, pr\u00e9sente un magnifique motif de No\u00ebl.","robots":{"index":"index","follow":"follow","max-snippet":"max-snippet:-1","max-image-preview":"max-image-preview:large","max-video-preview":"max-video-preview:-1"},"canonical":"https:\/\/redkarawana.com\/fr\/artisan\/collier-verre-groenland\/","og_locale":"fr_FR","og_type":"article","og_title":"Collier D\u00e9coratif en Verre, Groenland - Artistique - Red Karawana","og_description":"Le perlage est utilis\u00e9 pour cr\u00e9er des objets d\u00e9coratifs. Notre collier d\u00e9coratif en perles, fabriqu\u00e9 \u00e0 la main par des femmes inuites, pr\u00e9sente un magnifique motif de No\u00ebl.","og_url":"https:\/\/redkarawana.com\/fr\/artisan\/collier-verre-groenland\/","og_site_name":"Red Karawana","article_publisher":"https:\/\/www.facebook.com\/redkarawana\/","article_modified_time":"2025-12-16T00:35:55+00:00","og_image":[{"url":"https:\/\/redkarawana.com\/wp-content\/uploads\/2025\/11\/1-AF-Greenland-Decorative-Beaded-Collar-1024x538.jpg","type":"","width":"","height":""}],"twitter_card":"summary_large_image","twitter_misc":{"Dur\u00e9e de lecture estim\u00e9e":"1 minute"},"schema":{"@context":"https:\/\/schema.org","@graph":[{"@type":"WebPage","@id":"https:\/\/redkarawana.com\/fr\/artisan\/collier-verre-groenland\/","url":"https:\/\/redkarawana.com\/fr\/artisan\/collier-verre-groenland\/","name":"Collier D\u00e9coratif en Verre, Groenland - Artistique - Red Karawana","isPartOf":{"@id":"https:\/\/redkarawana.com\/#website"},"primaryImageOfPage":{"@id":"https:\/\/redkarawana.com\/fr\/artisan\/collier-verre-groenland\/#primaryimage"},"image":{"@id":"https:\/\/redkarawana.com\/fr\/artisan\/collier-verre-groenland\/#primaryimage"},"thumbnailUrl":"https:\/\/redkarawana.com\/wp-content\/uploads\/2025\/11\/1-Feature-Greenland-Decorative-Beaded-Collar.jpg","datePublished":"2025-11-30T07:50:17+00:00","dateModified":"2025-12-16T00:35:55+00:00","description":"Le perlage est utilis\u00e9 pour cr\u00e9er des objets d\u00e9coratifs. Notre collier d\u00e9coratif en perles, fabriqu\u00e9 \u00e0 la main par des femmes inuites, pr\u00e9sente un magnifique motif de No\u00ebl.","breadcrumb":{"@id":"https:\/\/redkarawana.com\/fr\/artisan\/collier-verre-groenland\/#breadcrumb"},"inLanguage":"fr-FR","potentialAction":[{"@type":"ReadAction","target":["https:\/\/redkarawana.com\/fr\/artisan\/collier-verre-groenland\/"]}]},{"@type":"ImageObject","inLanguage":"fr-FR","@id":"https:\/\/redkarawana.com\/fr\/artisan\/collier-verre-groenland\/#primaryimage","url":"https:\/\/redkarawana.com\/wp-content\/uploads\/2025\/11\/1-Feature-Greenland-Decorative-Beaded-Collar.jpg","contentUrl":"https:\/\/redkarawana.com\/wp-content\/uploads\/2025\/11\/1-Feature-Greenland-Decorative-Beaded-Collar.jpg","width":680,"height":453,"caption":"Groenland, Collier D\u00e9coratif en Verre"},{"@type":"BreadcrumbList","@id":"https:\/\/redkarawana.com\/fr\/artisan\/collier-verre-groenland\/#breadcrumb","itemListElement":[{"@type":"ListItem","position":1,"name":"Home","item":"https:\/\/redkarawana.com\/fr\/"},{"@type":"ListItem","position":2,"name":"Artisans","item":"https:\/\/redkarawana.com\/fr\/artisans\/"},{"@type":"ListItem","position":3,"name":"Collier D\u00e9coratif en Verre, Groenland; Un Motif de No\u00ebl"}]},{"@type":"WebSite","@id":"https:\/\/redkarawana.com\/#website","url":"https:\/\/redkarawana.com\/","name":"Red Karawana","description":"","publisher":{"@id":"https:\/\/redkarawana.com\/#organization"},"potentialAction":[{"@type":"SearchAction","target":{"@type":"EntryPoint","urlTemplate":"https:\/\/redkarawana.com\/?s={search_term_string}"},"query-input":{"@type":"PropertyValueSpecification","valueRequired":true,"valueName":"search_term_string"}}],"inLanguage":"fr-FR"},{"@type":"Organization","@id":"https:\/\/redkarawana.com\/#organization","name":"Red Karawana","url":"https:\/\/redkarawana.com\/","logo":{"@type":"ImageObject","inLanguage":"fr-FR","@id":"https:\/\/redkarawana.com\/#\/schema\/logo\/image\/","url":"https:\/\/redkarawana.com\/wp-content\/uploads\/2025\/05\/cropped-Screenshot-2025-05-29-at-09.27.38.png","contentUrl":"https:\/\/redkarawana.com\/wp-content\/uploads\/2025\/05\/cropped-Screenshot-2025-05-29-at-09.27.38.png","width":512,"height":512,"caption":"Red Karawana"},"image":{"@id":"https:\/\/redkarawana.com\/#\/schema\/logo\/image\/"},"sameAs":["https:\/\/www.facebook.com\/redkarawana\/","https:\/\/www.instagram.com\/redkarawana\/","https:\/\/www.youtube.com\/channel\/UCU9jXzSmyKm4ZZv38FEXGKg","https:\/\/www.pinterest.com\/redkarawana\/"]}]}},"_links":{"self":[{"href":"https:\/\/redkarawana.com\/fr\/wp-json\/wp\/v2\/product\/12732","targetHints":{"allow":["GET"]}}],"collection":[{"href":"https:\/\/redkarawana.com\/fr\/wp-json\/wp\/v2\/product"}],"about":[{"href":"https:\/\/redkarawana.com\/fr\/wp-json\/wp\/v2\/types\/product"}],"wp:featuredmedia":[{"embeddable":true,"href":"https:\/\/redkarawana.com\/fr\/wp-json\/wp\/v2\/media\/12708"}],"wp:attachment":[{"href":"https:\/\/redkarawana.com\/fr\/wp-json\/wp\/v2\/media?parent=12732"}],"wp:term":[{"taxonomy":"product_brand","embeddable":true,"href":"https:\/\/redkarawana.com\/fr\/wp-json\/wp\/v2\/product_brand?post=12732"},{"taxonomy":"product_cat","embeddable":true,"href":"https:\/\/redkarawana.com\/fr\/wp-json\/wp\/v2\/product_cat?post=12732"},{"taxonomy":"product_tag","embeddable":true,"href":"https:\/\/redkarawana.com\/fr\/wp-json\/wp\/v2\/product_tag?post=12732"}],"curies":[{"name":"wp","href":"https:\/\/api.w.org\/{rel}","templated":true}]}}