{"id":2335,"date":"2025-11-29T16:10:43","date_gmt":"2025-11-29T16:10:43","guid":{"rendered":"https:\/\/redkarawana.com\/?post_type=product&#038;p=2335"},"modified":"2025-12-07T15:44:46","modified_gmt":"2025-12-07T15:44:46","slug":"brosse-cuivre-brossage-a-sec-allemagne","status":"publish","type":"product","link":"https:\/\/redkarawana.com\/fr\/artisan\/brosse-cuivre-brossage-a-sec-allemagne\/","title":{"rendered":"Brosse en Cuivre Brossage \u00e0 Sec, Allemagne ; Artisanat Fait Main"},"content":{"rendered":"<p>La Bavi\u00e8re, un \u00c9tat du sud de l&rsquo;Allemagne, poss\u00e8de des villes historiques, un magnifique terrain alpin et une culture fascinante. La tradition bavaroise de l&rsquo;artisanat est cultiv\u00e9e dans toute la r\u00e9gion. Dans la belle ville de montagne de Garmisch-Partenkirchen, nous recherchons des souvenirs traditionnels et contemporains sur le march\u00e9 en plein air d\u2019artisanat. Notre brosse en cuivre pour le brossage \u00e0 sec de la peau est fabriqu\u00e9e \u00e0 la main par des artisans bavarois, poss\u00e8de une confortable poign\u00e9e en cuir, une base en bois, des poils en cuivre ainsi que des poils doux de ch\u00e8vre. La brosse en cuivre de brossage \u00e0 sec am\u00e9liore le teint de la peau et augmente la circulation sanguine. Mesures : brosse en cuivre brossage \u00e0 sec (longueur 5 pouces, largeur 3 pouces).<\/p>\n","protected":false},"excerpt":{"rendered":"<p>La Bavi\u00e8re, un \u00c9tat du sud de l&rsquo;Allemagne, poss\u00e8de des villes historiques, un magnifique terrain alpin et une culture fascinante. La tradition bavaroise de l&rsquo;artisanat est cultiv\u00e9e dans toute la r\u00e9gion. Dans la belle ville de montagne de Garmisch-Partenkirchen, nous recherchons des souvenirs traditionnels et contemporains sur le march\u00e9 en plein air d\u2019artisanat. Notre brosse [&hellip;]<\/p>\n","protected":false},"featured_media":2318,"template":"","meta":{"_acf_changed":false},"product_brand":[],"product_cat":[50],"product_tag":[],"class_list":{"0":"post-2335","1":"product","2":"type-product","3":"status-publish","4":"has-post-thumbnail","6":"product_cat-fonctionnel","8":"first","9":"instock","10":"sold-individually","11":"taxable","12":"shipping-taxable","13":"purchasable","14":"product-type-simple"},"acf":[],"yoast_head":"<!-- This site is optimized with the Yoast SEO plugin v27.3 - https:\/\/yoast.com\/product\/yoast-seo-wordpress\/ -->\n<title>Copper Dry BrushBrosse En Cuivre, Allemagne - Fonctionnel - Red Karawana<\/title>\n<meta name=\"description\" content=\"Notre brosse en cuivre pour le brossage \u00e0 sec de la peau poss\u00e8de une poign\u00e9e en cuir, des poils en cuivre ainsi que des poils doux de ch\u00e8vre.\" \/>\n<meta name=\"robots\" content=\"index, follow, max-snippet:-1, max-image-preview:large, max-video-preview:-1\" \/>\n<link rel=\"canonical\" href=\"https:\/\/redkarawana.com\/fr\/artisan\/brosse-cuivre-brossage-a-sec-allemagne\/\" \/>\n<meta property=\"og:locale\" content=\"fr_FR\" \/>\n<meta property=\"og:type\" content=\"article\" \/>\n<meta property=\"og:title\" content=\"Brosse En Cuivre, Allemagne - Fonctionnel - Red Karawana\" \/>\n<meta property=\"og:description\" content=\"Notre brosse en cuivre pour le brossage \u00e0 sec de la peau poss\u00e8de une poign\u00e9e en cuir, des poils en cuivre ainsi que des poils doux de ch\u00e8vre.\" \/>\n<meta property=\"og:url\" content=\"https:\/\/redkarawana.com\/fr\/artisan\/brosse-cuivre-brossage-a-sec-allemagne\/\" \/>\n<meta property=\"og:site_name\" content=\"Red Karawana\" \/>\n<meta property=\"article:publisher\" content=\"https:\/\/www.facebook.com\/redkarawana\/\" \/>\n<meta property=\"article:modified_time\" content=\"2025-12-07T15:44:46+00:00\" \/>\n<meta property=\"og:image\" content=\"https:\/\/redkarawana.com\/wp-content\/uploads\/2024\/05\/1-AAP-F1200x630-Germany-Copper-Dry-Brush.jpg\" \/>\n\t<meta property=\"og:image:width\" content=\"1151\" \/>\n\t<meta property=\"og:image:height\" content=\"605\" \/>\n\t<meta property=\"og:image:type\" content=\"image\/jpeg\" \/>\n<meta name=\"twitter:card\" content=\"summary_large_image\" \/>\n<meta name=\"twitter:label1\" content=\"Dur\u00e9e de lecture estim\u00e9e\" \/>\n\t<meta name=\"twitter:data1\" content=\"1 minute\" \/>\n<script type=\"application\/ld+json\" class=\"yoast-schema-graph\">{\"@context\":\"https:\\\/\\\/schema.org\",\"@graph\":[{\"@type\":\"WebPage\",\"@id\":\"https:\\\/\\\/redkarawana.com\\\/fr\\\/artisan\\\/brosse-cuivre-brossage-a-sec-allemagne\\\/\",\"url\":\"https:\\\/\\\/redkarawana.com\\\/fr\\\/artisan\\\/brosse-cuivre-brossage-a-sec-allemagne\\\/\",\"name\":\"Copper Dry BrushBrosse En Cuivre, Allemagne - Fonctionnel - Red Karawana\",\"isPartOf\":{\"@id\":\"https:\\\/\\\/redkarawana.com\\\/#website\"},\"primaryImageOfPage\":{\"@id\":\"https:\\\/\\\/redkarawana.com\\\/fr\\\/artisan\\\/brosse-cuivre-brossage-a-sec-allemagne\\\/#primaryimage\"},\"image\":{\"@id\":\"https:\\\/\\\/redkarawana.com\\\/fr\\\/artisan\\\/brosse-cuivre-brossage-a-sec-allemagne\\\/#primaryimage\"},\"thumbnailUrl\":\"https:\\\/\\\/redkarawana.com\\\/wp-content\\\/uploads\\\/2024\\\/05\\\/1-SP-Germany-Copper-Dry-Brush.jpg\",\"datePublished\":\"2025-11-29T16:10:43+00:00\",\"dateModified\":\"2025-12-07T15:44:46+00:00\",\"description\":\"Notre brosse en cuivre pour le brossage \u00e0 sec de la peau poss\u00e8de une poign\u00e9e en cuir, des poils en cuivre ainsi que des poils doux de ch\u00e8vre.\",\"breadcrumb\":{\"@id\":\"https:\\\/\\\/redkarawana.com\\\/fr\\\/artisan\\\/brosse-cuivre-brossage-a-sec-allemagne\\\/#breadcrumb\"},\"inLanguage\":\"fr-FR\",\"potentialAction\":[{\"@type\":\"ReadAction\",\"target\":[\"https:\\\/\\\/redkarawana.com\\\/fr\\\/artisan\\\/brosse-cuivre-brossage-a-sec-allemagne\\\/\"]}]},{\"@type\":\"ImageObject\",\"inLanguage\":\"fr-FR\",\"@id\":\"https:\\\/\\\/redkarawana.com\\\/fr\\\/artisan\\\/brosse-cuivre-brossage-a-sec-allemagne\\\/#primaryimage\",\"url\":\"https:\\\/\\\/redkarawana.com\\\/wp-content\\\/uploads\\\/2024\\\/05\\\/1-SP-Germany-Copper-Dry-Brush.jpg\",\"contentUrl\":\"https:\\\/\\\/redkarawana.com\\\/wp-content\\\/uploads\\\/2024\\\/05\\\/1-SP-Germany-Copper-Dry-Brush.jpg\",\"width\":680,\"height\":453,\"caption\":\"Allemagne, Brosse En Cuivre Brossage \u00c0 Sec\"},{\"@type\":\"BreadcrumbList\",\"@id\":\"https:\\\/\\\/redkarawana.com\\\/fr\\\/artisan\\\/brosse-cuivre-brossage-a-sec-allemagne\\\/#breadcrumb\",\"itemListElement\":[{\"@type\":\"ListItem\",\"position\":1,\"name\":\"Home\",\"item\":\"https:\\\/\\\/redkarawana.com\\\/fr\\\/\"},{\"@type\":\"ListItem\",\"position\":2,\"name\":\"Artisans\",\"item\":\"https:\\\/\\\/redkarawana.com\\\/fr\\\/artisans\\\/\"},{\"@type\":\"ListItem\",\"position\":3,\"name\":\"Brosse en Cuivre Brossage \u00e0 Sec, Allemagne ; Artisanat Fait Main\"}]},{\"@type\":\"WebSite\",\"@id\":\"https:\\\/\\\/redkarawana.com\\\/#website\",\"url\":\"https:\\\/\\\/redkarawana.com\\\/\",\"name\":\"Red Karawana\",\"description\":\"\",\"publisher\":{\"@id\":\"https:\\\/\\\/redkarawana.com\\\/#organization\"},\"potentialAction\":[{\"@type\":\"SearchAction\",\"target\":{\"@type\":\"EntryPoint\",\"urlTemplate\":\"https:\\\/\\\/redkarawana.com\\\/?s={search_term_string}\"},\"query-input\":{\"@type\":\"PropertyValueSpecification\",\"valueRequired\":true,\"valueName\":\"search_term_string\"}}],\"inLanguage\":\"fr-FR\"},{\"@type\":\"Organization\",\"@id\":\"https:\\\/\\\/redkarawana.com\\\/#organization\",\"name\":\"Red Karawana\",\"url\":\"https:\\\/\\\/redkarawana.com\\\/\",\"logo\":{\"@type\":\"ImageObject\",\"inLanguage\":\"fr-FR\",\"@id\":\"https:\\\/\\\/redkarawana.com\\\/#\\\/schema\\\/logo\\\/image\\\/\",\"url\":\"https:\\\/\\\/redkarawana.com\\\/wp-content\\\/uploads\\\/2025\\\/05\\\/cropped-Screenshot-2025-05-29-at-09.27.38.png\",\"contentUrl\":\"https:\\\/\\\/redkarawana.com\\\/wp-content\\\/uploads\\\/2025\\\/05\\\/cropped-Screenshot-2025-05-29-at-09.27.38.png\",\"width\":512,\"height\":512,\"caption\":\"Red Karawana\"},\"image\":{\"@id\":\"https:\\\/\\\/redkarawana.com\\\/#\\\/schema\\\/logo\\\/image\\\/\"},\"sameAs\":[\"https:\\\/\\\/www.facebook.com\\\/redkarawana\\\/\",\"https:\\\/\\\/www.instagram.com\\\/redkarawana\\\/\",\"https:\\\/\\\/www.youtube.com\\\/channel\\\/UCU9jXzSmyKm4ZZv38FEXGKg\",\"https:\\\/\\\/www.pinterest.com\\\/redkarawana\\\/\"]}]}<\/script>\n<!-- \/ Yoast SEO plugin. -->","yoast_head_json":{"title":"Copper Dry BrushBrosse En Cuivre, Allemagne - Fonctionnel - Red Karawana","description":"Notre brosse en cuivre pour le brossage \u00e0 sec de la peau poss\u00e8de une poign\u00e9e en cuir, des poils en cuivre ainsi que des poils doux de ch\u00e8vre.","robots":{"index":"index","follow":"follow","max-snippet":"max-snippet:-1","max-image-preview":"max-image-preview:large","max-video-preview":"max-video-preview:-1"},"canonical":"https:\/\/redkarawana.com\/fr\/artisan\/brosse-cuivre-brossage-a-sec-allemagne\/","og_locale":"fr_FR","og_type":"article","og_title":"Brosse En Cuivre, Allemagne - Fonctionnel - Red Karawana","og_description":"Notre brosse en cuivre pour le brossage \u00e0 sec de la peau poss\u00e8de une poign\u00e9e en cuir, des poils en cuivre ainsi que des poils doux de ch\u00e8vre.","og_url":"https:\/\/redkarawana.com\/fr\/artisan\/brosse-cuivre-brossage-a-sec-allemagne\/","og_site_name":"Red Karawana","article_publisher":"https:\/\/www.facebook.com\/redkarawana\/","article_modified_time":"2025-12-07T15:44:46+00:00","og_image":[{"width":1151,"height":605,"url":"https:\/\/redkarawana.com\/wp-content\/uploads\/2024\/05\/1-AAP-F1200x630-Germany-Copper-Dry-Brush.jpg","type":"image\/jpeg"}],"twitter_card":"summary_large_image","twitter_misc":{"Dur\u00e9e de lecture estim\u00e9e":"1 minute"},"schema":{"@context":"https:\/\/schema.org","@graph":[{"@type":"WebPage","@id":"https:\/\/redkarawana.com\/fr\/artisan\/brosse-cuivre-brossage-a-sec-allemagne\/","url":"https:\/\/redkarawana.com\/fr\/artisan\/brosse-cuivre-brossage-a-sec-allemagne\/","name":"Copper Dry BrushBrosse En Cuivre, Allemagne - Fonctionnel - Red Karawana","isPartOf":{"@id":"https:\/\/redkarawana.com\/#website"},"primaryImageOfPage":{"@id":"https:\/\/redkarawana.com\/fr\/artisan\/brosse-cuivre-brossage-a-sec-allemagne\/#primaryimage"},"image":{"@id":"https:\/\/redkarawana.com\/fr\/artisan\/brosse-cuivre-brossage-a-sec-allemagne\/#primaryimage"},"thumbnailUrl":"https:\/\/redkarawana.com\/wp-content\/uploads\/2024\/05\/1-SP-Germany-Copper-Dry-Brush.jpg","datePublished":"2025-11-29T16:10:43+00:00","dateModified":"2025-12-07T15:44:46+00:00","description":"Notre brosse en cuivre pour le brossage \u00e0 sec de la peau poss\u00e8de une poign\u00e9e en cuir, des poils en cuivre ainsi que des poils doux de ch\u00e8vre.","breadcrumb":{"@id":"https:\/\/redkarawana.com\/fr\/artisan\/brosse-cuivre-brossage-a-sec-allemagne\/#breadcrumb"},"inLanguage":"fr-FR","potentialAction":[{"@type":"ReadAction","target":["https:\/\/redkarawana.com\/fr\/artisan\/brosse-cuivre-brossage-a-sec-allemagne\/"]}]},{"@type":"ImageObject","inLanguage":"fr-FR","@id":"https:\/\/redkarawana.com\/fr\/artisan\/brosse-cuivre-brossage-a-sec-allemagne\/#primaryimage","url":"https:\/\/redkarawana.com\/wp-content\/uploads\/2024\/05\/1-SP-Germany-Copper-Dry-Brush.jpg","contentUrl":"https:\/\/redkarawana.com\/wp-content\/uploads\/2024\/05\/1-SP-Germany-Copper-Dry-Brush.jpg","width":680,"height":453,"caption":"Allemagne, Brosse En Cuivre Brossage \u00c0 Sec"},{"@type":"BreadcrumbList","@id":"https:\/\/redkarawana.com\/fr\/artisan\/brosse-cuivre-brossage-a-sec-allemagne\/#breadcrumb","itemListElement":[{"@type":"ListItem","position":1,"name":"Home","item":"https:\/\/redkarawana.com\/fr\/"},{"@type":"ListItem","position":2,"name":"Artisans","item":"https:\/\/redkarawana.com\/fr\/artisans\/"},{"@type":"ListItem","position":3,"name":"Brosse en Cuivre Brossage \u00e0 Sec, Allemagne ; Artisanat Fait Main"}]},{"@type":"WebSite","@id":"https:\/\/redkarawana.com\/#website","url":"https:\/\/redkarawana.com\/","name":"Red Karawana","description":"","publisher":{"@id":"https:\/\/redkarawana.com\/#organization"},"potentialAction":[{"@type":"SearchAction","target":{"@type":"EntryPoint","urlTemplate":"https:\/\/redkarawana.com\/?s={search_term_string}"},"query-input":{"@type":"PropertyValueSpecification","valueRequired":true,"valueName":"search_term_string"}}],"inLanguage":"fr-FR"},{"@type":"Organization","@id":"https:\/\/redkarawana.com\/#organization","name":"Red Karawana","url":"https:\/\/redkarawana.com\/","logo":{"@type":"ImageObject","inLanguage":"fr-FR","@id":"https:\/\/redkarawana.com\/#\/schema\/logo\/image\/","url":"https:\/\/redkarawana.com\/wp-content\/uploads\/2025\/05\/cropped-Screenshot-2025-05-29-at-09.27.38.png","contentUrl":"https:\/\/redkarawana.com\/wp-content\/uploads\/2025\/05\/cropped-Screenshot-2025-05-29-at-09.27.38.png","width":512,"height":512,"caption":"Red Karawana"},"image":{"@id":"https:\/\/redkarawana.com\/#\/schema\/logo\/image\/"},"sameAs":["https:\/\/www.facebook.com\/redkarawana\/","https:\/\/www.instagram.com\/redkarawana\/","https:\/\/www.youtube.com\/channel\/UCU9jXzSmyKm4ZZv38FEXGKg","https:\/\/www.pinterest.com\/redkarawana\/"]}]}},"_links":{"self":[{"href":"https:\/\/redkarawana.com\/fr\/wp-json\/wp\/v2\/product\/2335","targetHints":{"allow":["GET"]}}],"collection":[{"href":"https:\/\/redkarawana.com\/fr\/wp-json\/wp\/v2\/product"}],"about":[{"href":"https:\/\/redkarawana.com\/fr\/wp-json\/wp\/v2\/types\/product"}],"wp:featuredmedia":[{"embeddable":true,"href":"https:\/\/redkarawana.com\/fr\/wp-json\/wp\/v2\/media\/2318"}],"wp:attachment":[{"href":"https:\/\/redkarawana.com\/fr\/wp-json\/wp\/v2\/media?parent=2335"}],"wp:term":[{"taxonomy":"product_brand","embeddable":true,"href":"https:\/\/redkarawana.com\/fr\/wp-json\/wp\/v2\/product_brand?post=2335"},{"taxonomy":"product_cat","embeddable":true,"href":"https:\/\/redkarawana.com\/fr\/wp-json\/wp\/v2\/product_cat?post=2335"},{"taxonomy":"product_tag","embeddable":true,"href":"https:\/\/redkarawana.com\/fr\/wp-json\/wp\/v2\/product_tag?post=2335"}],"curies":[{"name":"wp","href":"https:\/\/api.w.org\/{rel}","templated":true}]}}