{"id":2380,"date":"2025-11-29T16:20:32","date_gmt":"2025-11-29T16:20:32","guid":{"rendered":"https:\/\/redkarawana.com\/?post_type=product&#038;p=2380"},"modified":"2024-05-08T19:51:32","modified_gmt":"2024-05-08T19:51:32","slug":"moulin-a-cafe-pologne","status":"publish","type":"product","link":"https:\/\/redkarawana.com\/fr\/artisan\/moulin-a-cafe-pologne\/","title":{"rendered":"Moulin \u00e0 Caf\u00e9, Pologne ; Moulin \u00e0 Main en Bois et en C\u00e9ramique"},"content":{"rendered":"<p>Boles\u0142awiec, ville du sud-ouest de la Pologne, est un centre de fabrication de c\u00e9ramiques traditionnelles en gr\u00e8s. L\u00e0, les artisans r\u00e9gionaux cr\u00e9ent de belles poteries aux motifs originaux et aux th\u00e8mes folkloriques. Le centre de poterie propose une s\u00e9lection diversifi\u00e9e de vaisselle toute en couleur ainsi que de produits d\u00e9coratifs uniques. Notre moulin \u00e0 caf\u00e9 \u00e0 main poss\u00e8de une base en bois peint vert et une partie haute en porcelaine au motif de fleurs vertes et bleues. Mesures : moulin \u00e0 caf\u00e9 (hauteur 8 1\/2 pouces, largeur 4 pouces).<\/p>\n","protected":false},"excerpt":{"rendered":"<p>Boles\u0142awiec, ville du sud-ouest de la Pologne, est un centre de fabrication de c\u00e9ramiques traditionnelles en gr\u00e8s. L\u00e0, les artisans r\u00e9gionaux cr\u00e9ent de belles poteries aux motifs originaux et aux th\u00e8mes folkloriques. Le centre de poterie propose une s\u00e9lection diversifi\u00e9e de vaisselle toute en couleur ainsi que de produits d\u00e9coratifs uniques. Notre moulin \u00e0 caf\u00e9 [&hellip;]<\/p>\n","protected":false},"featured_media":2365,"template":"","meta":{"_acf_changed":false},"product_brand":[],"product_cat":[50],"product_tag":[],"class_list":{"0":"post-2380","1":"product","2":"type-product","3":"status-publish","4":"has-post-thumbnail","6":"product_cat-fonctionnel","8":"first","9":"instock","10":"sold-individually","11":"taxable","12":"shipping-taxable","13":"purchasable","14":"product-type-simple"},"acf":[],"yoast_head":"<!-- This site is optimized with the Yoast SEO plugin v27.4 - https:\/\/yoast.com\/product\/yoast-seo-wordpress\/ -->\n<title>Moulin \u00e0 Caf\u00e9 \u00e0 Main, Pologne - Fonctionnel - Red Karawana<\/title>\n<meta name=\"description\" content=\"Notre moulin \u00e0 caf\u00e9 \u00e0 main poss\u00e8de une base en bois peint vert et une partie haute en porcelaine au motif de fleurs vertes et bleues.\" \/>\n<meta name=\"robots\" content=\"index, follow, max-snippet:-1, max-image-preview:large, max-video-preview:-1\" \/>\n<link rel=\"canonical\" href=\"https:\/\/redkarawana.com\/fr\/artisan\/moulin-a-cafe-pologne\/\" \/>\n<meta property=\"og:locale\" content=\"fr_FR\" \/>\n<meta property=\"og:type\" content=\"article\" \/>\n<meta property=\"og:title\" content=\"Moulin \u00e0 Caf\u00e9 \u00e0 Main, Pologne - Fonctionnel - Red Karawana\" \/>\n<meta property=\"og:description\" content=\"Notre moulin \u00e0 caf\u00e9 \u00e0 main poss\u00e8de une base en bois peint vert et une partie haute en porcelaine au motif de fleurs vertes et bleues.\" \/>\n<meta property=\"og:url\" content=\"https:\/\/redkarawana.com\/fr\/artisan\/moulin-a-cafe-pologne\/\" \/>\n<meta property=\"og:site_name\" content=\"Red Karawana\" \/>\n<meta property=\"article:publisher\" content=\"https:\/\/www.facebook.com\/redkarawana\/\" \/>\n<meta property=\"og:image\" content=\"https:\/\/redkarawana.com\/wp-content\/uploads\/2024\/05\/1-AAP-F1200x630-Poland-Coffee-Grinder.jpg\" \/>\n\t<meta property=\"og:image:width\" content=\"1200\" \/>\n\t<meta property=\"og:image:height\" content=\"630\" \/>\n\t<meta property=\"og:image:type\" content=\"image\/jpeg\" \/>\n<meta name=\"twitter:card\" content=\"summary_large_image\" \/>\n<meta name=\"twitter:label1\" content=\"Dur\u00e9e de lecture estim\u00e9e\" \/>\n\t<meta name=\"twitter:data1\" content=\"1 minute\" \/>\n<script type=\"application\/ld+json\" class=\"yoast-schema-graph\">{\"@context\":\"https:\\\/\\\/schema.org\",\"@graph\":[{\"@type\":\"WebPage\",\"@id\":\"https:\\\/\\\/redkarawana.com\\\/fr\\\/artisan\\\/moulin-a-cafe-pologne\\\/\",\"url\":\"https:\\\/\\\/redkarawana.com\\\/fr\\\/artisan\\\/moulin-a-cafe-pologne\\\/\",\"name\":\"Moulin \u00e0 Caf\u00e9 \u00e0 Main, Pologne - Fonctionnel - Red Karawana\",\"isPartOf\":{\"@id\":\"https:\\\/\\\/redkarawana.com\\\/#website\"},\"primaryImageOfPage\":{\"@id\":\"https:\\\/\\\/redkarawana.com\\\/fr\\\/artisan\\\/moulin-a-cafe-pologne\\\/#primaryimage\"},\"image\":{\"@id\":\"https:\\\/\\\/redkarawana.com\\\/fr\\\/artisan\\\/moulin-a-cafe-pologne\\\/#primaryimage\"},\"thumbnailUrl\":\"https:\\\/\\\/redkarawana.com\\\/wp-content\\\/uploads\\\/2024\\\/05\\\/1-SP-Poland-Coffee-Grinder.jpg\",\"datePublished\":\"2025-11-29T16:20:32+00:00\",\"description\":\"Notre moulin \u00e0 caf\u00e9 \u00e0 main poss\u00e8de une base en bois peint vert et une partie haute en porcelaine au motif de fleurs vertes et bleues.\",\"breadcrumb\":{\"@id\":\"https:\\\/\\\/redkarawana.com\\\/fr\\\/artisan\\\/moulin-a-cafe-pologne\\\/#breadcrumb\"},\"inLanguage\":\"fr-FR\",\"potentialAction\":[{\"@type\":\"ReadAction\",\"target\":[\"https:\\\/\\\/redkarawana.com\\\/fr\\\/artisan\\\/moulin-a-cafe-pologne\\\/\"]}]},{\"@type\":\"ImageObject\",\"inLanguage\":\"fr-FR\",\"@id\":\"https:\\\/\\\/redkarawana.com\\\/fr\\\/artisan\\\/moulin-a-cafe-pologne\\\/#primaryimage\",\"url\":\"https:\\\/\\\/redkarawana.com\\\/wp-content\\\/uploads\\\/2024\\\/05\\\/1-SP-Poland-Coffee-Grinder.jpg\",\"contentUrl\":\"https:\\\/\\\/redkarawana.com\\\/wp-content\\\/uploads\\\/2024\\\/05\\\/1-SP-Poland-Coffee-Grinder.jpg\",\"width\":680,\"height\":453,\"caption\":\"Pologne, Moulin \u00e0 Caf\u00e9\"},{\"@type\":\"BreadcrumbList\",\"@id\":\"https:\\\/\\\/redkarawana.com\\\/fr\\\/artisan\\\/moulin-a-cafe-pologne\\\/#breadcrumb\",\"itemListElement\":[{\"@type\":\"ListItem\",\"position\":1,\"name\":\"Home\",\"item\":\"https:\\\/\\\/redkarawana.com\\\/fr\\\/\"},{\"@type\":\"ListItem\",\"position\":2,\"name\":\"Artisans\",\"item\":\"https:\\\/\\\/redkarawana.com\\\/fr\\\/artisans\\\/\"},{\"@type\":\"ListItem\",\"position\":3,\"name\":\"Moulin \u00e0 Caf\u00e9, Pologne ; Moulin \u00e0 Main en Bois et en C\u00e9ramique\"}]},{\"@type\":\"WebSite\",\"@id\":\"https:\\\/\\\/redkarawana.com\\\/#website\",\"url\":\"https:\\\/\\\/redkarawana.com\\\/\",\"name\":\"Red Karawana\",\"description\":\"\",\"publisher\":{\"@id\":\"https:\\\/\\\/redkarawana.com\\\/#organization\"},\"potentialAction\":[{\"@type\":\"SearchAction\",\"target\":{\"@type\":\"EntryPoint\",\"urlTemplate\":\"https:\\\/\\\/redkarawana.com\\\/?s={search_term_string}\"},\"query-input\":{\"@type\":\"PropertyValueSpecification\",\"valueRequired\":true,\"valueName\":\"search_term_string\"}}],\"inLanguage\":\"fr-FR\"},{\"@type\":\"Organization\",\"@id\":\"https:\\\/\\\/redkarawana.com\\\/#organization\",\"name\":\"Red Karawana\",\"url\":\"https:\\\/\\\/redkarawana.com\\\/\",\"logo\":{\"@type\":\"ImageObject\",\"inLanguage\":\"fr-FR\",\"@id\":\"https:\\\/\\\/redkarawana.com\\\/#\\\/schema\\\/logo\\\/image\\\/\",\"url\":\"https:\\\/\\\/redkarawana.com\\\/wp-content\\\/uploads\\\/2025\\\/05\\\/cropped-Screenshot-2025-05-29-at-09.27.38.png\",\"contentUrl\":\"https:\\\/\\\/redkarawana.com\\\/wp-content\\\/uploads\\\/2025\\\/05\\\/cropped-Screenshot-2025-05-29-at-09.27.38.png\",\"width\":512,\"height\":512,\"caption\":\"Red Karawana\"},\"image\":{\"@id\":\"https:\\\/\\\/redkarawana.com\\\/#\\\/schema\\\/logo\\\/image\\\/\"},\"sameAs\":[\"https:\\\/\\\/www.facebook.com\\\/redkarawana\\\/\",\"https:\\\/\\\/www.instagram.com\\\/redkarawana\\\/\",\"https:\\\/\\\/www.youtube.com\\\/channel\\\/UCU9jXzSmyKm4ZZv38FEXGKg\",\"https:\\\/\\\/www.pinterest.com\\\/redkarawana\\\/\"]}]}<\/script>\n<!-- \/ Yoast SEO plugin. -->","yoast_head_json":{"title":"Moulin \u00e0 Caf\u00e9 \u00e0 Main, Pologne - Fonctionnel - Red Karawana","description":"Notre moulin \u00e0 caf\u00e9 \u00e0 main poss\u00e8de une base en bois peint vert et une partie haute en porcelaine au motif de fleurs vertes et bleues.","robots":{"index":"index","follow":"follow","max-snippet":"max-snippet:-1","max-image-preview":"max-image-preview:large","max-video-preview":"max-video-preview:-1"},"canonical":"https:\/\/redkarawana.com\/fr\/artisan\/moulin-a-cafe-pologne\/","og_locale":"fr_FR","og_type":"article","og_title":"Moulin \u00e0 Caf\u00e9 \u00e0 Main, Pologne - Fonctionnel - Red Karawana","og_description":"Notre moulin \u00e0 caf\u00e9 \u00e0 main poss\u00e8de une base en bois peint vert et une partie haute en porcelaine au motif de fleurs vertes et bleues.","og_url":"https:\/\/redkarawana.com\/fr\/artisan\/moulin-a-cafe-pologne\/","og_site_name":"Red Karawana","article_publisher":"https:\/\/www.facebook.com\/redkarawana\/","og_image":[{"width":1200,"height":630,"url":"https:\/\/redkarawana.com\/wp-content\/uploads\/2024\/05\/1-AAP-F1200x630-Poland-Coffee-Grinder.jpg","type":"image\/jpeg"}],"twitter_card":"summary_large_image","twitter_misc":{"Dur\u00e9e de lecture estim\u00e9e":"1 minute"},"schema":{"@context":"https:\/\/schema.org","@graph":[{"@type":"WebPage","@id":"https:\/\/redkarawana.com\/fr\/artisan\/moulin-a-cafe-pologne\/","url":"https:\/\/redkarawana.com\/fr\/artisan\/moulin-a-cafe-pologne\/","name":"Moulin \u00e0 Caf\u00e9 \u00e0 Main, Pologne - Fonctionnel - Red Karawana","isPartOf":{"@id":"https:\/\/redkarawana.com\/#website"},"primaryImageOfPage":{"@id":"https:\/\/redkarawana.com\/fr\/artisan\/moulin-a-cafe-pologne\/#primaryimage"},"image":{"@id":"https:\/\/redkarawana.com\/fr\/artisan\/moulin-a-cafe-pologne\/#primaryimage"},"thumbnailUrl":"https:\/\/redkarawana.com\/wp-content\/uploads\/2024\/05\/1-SP-Poland-Coffee-Grinder.jpg","datePublished":"2025-11-29T16:20:32+00:00","description":"Notre moulin \u00e0 caf\u00e9 \u00e0 main poss\u00e8de une base en bois peint vert et une partie haute en porcelaine au motif de fleurs vertes et bleues.","breadcrumb":{"@id":"https:\/\/redkarawana.com\/fr\/artisan\/moulin-a-cafe-pologne\/#breadcrumb"},"inLanguage":"fr-FR","potentialAction":[{"@type":"ReadAction","target":["https:\/\/redkarawana.com\/fr\/artisan\/moulin-a-cafe-pologne\/"]}]},{"@type":"ImageObject","inLanguage":"fr-FR","@id":"https:\/\/redkarawana.com\/fr\/artisan\/moulin-a-cafe-pologne\/#primaryimage","url":"https:\/\/redkarawana.com\/wp-content\/uploads\/2024\/05\/1-SP-Poland-Coffee-Grinder.jpg","contentUrl":"https:\/\/redkarawana.com\/wp-content\/uploads\/2024\/05\/1-SP-Poland-Coffee-Grinder.jpg","width":680,"height":453,"caption":"Pologne, Moulin \u00e0 Caf\u00e9"},{"@type":"BreadcrumbList","@id":"https:\/\/redkarawana.com\/fr\/artisan\/moulin-a-cafe-pologne\/#breadcrumb","itemListElement":[{"@type":"ListItem","position":1,"name":"Home","item":"https:\/\/redkarawana.com\/fr\/"},{"@type":"ListItem","position":2,"name":"Artisans","item":"https:\/\/redkarawana.com\/fr\/artisans\/"},{"@type":"ListItem","position":3,"name":"Moulin \u00e0 Caf\u00e9, Pologne ; Moulin \u00e0 Main en Bois et en C\u00e9ramique"}]},{"@type":"WebSite","@id":"https:\/\/redkarawana.com\/#website","url":"https:\/\/redkarawana.com\/","name":"Red Karawana","description":"","publisher":{"@id":"https:\/\/redkarawana.com\/#organization"},"potentialAction":[{"@type":"SearchAction","target":{"@type":"EntryPoint","urlTemplate":"https:\/\/redkarawana.com\/?s={search_term_string}"},"query-input":{"@type":"PropertyValueSpecification","valueRequired":true,"valueName":"search_term_string"}}],"inLanguage":"fr-FR"},{"@type":"Organization","@id":"https:\/\/redkarawana.com\/#organization","name":"Red Karawana","url":"https:\/\/redkarawana.com\/","logo":{"@type":"ImageObject","inLanguage":"fr-FR","@id":"https:\/\/redkarawana.com\/#\/schema\/logo\/image\/","url":"https:\/\/redkarawana.com\/wp-content\/uploads\/2025\/05\/cropped-Screenshot-2025-05-29-at-09.27.38.png","contentUrl":"https:\/\/redkarawana.com\/wp-content\/uploads\/2025\/05\/cropped-Screenshot-2025-05-29-at-09.27.38.png","width":512,"height":512,"caption":"Red Karawana"},"image":{"@id":"https:\/\/redkarawana.com\/#\/schema\/logo\/image\/"},"sameAs":["https:\/\/www.facebook.com\/redkarawana\/","https:\/\/www.instagram.com\/redkarawana\/","https:\/\/www.youtube.com\/channel\/UCU9jXzSmyKm4ZZv38FEXGKg","https:\/\/www.pinterest.com\/redkarawana\/"]}]}},"_links":{"self":[{"href":"https:\/\/redkarawana.com\/fr\/wp-json\/wp\/v2\/product\/2380","targetHints":{"allow":["GET"]}}],"collection":[{"href":"https:\/\/redkarawana.com\/fr\/wp-json\/wp\/v2\/product"}],"about":[{"href":"https:\/\/redkarawana.com\/fr\/wp-json\/wp\/v2\/types\/product"}],"wp:featuredmedia":[{"embeddable":true,"href":"https:\/\/redkarawana.com\/fr\/wp-json\/wp\/v2\/media\/2365"}],"wp:attachment":[{"href":"https:\/\/redkarawana.com\/fr\/wp-json\/wp\/v2\/media?parent=2380"}],"wp:term":[{"taxonomy":"product_brand","embeddable":true,"href":"https:\/\/redkarawana.com\/fr\/wp-json\/wp\/v2\/product_brand?post=2380"},{"taxonomy":"product_cat","embeddable":true,"href":"https:\/\/redkarawana.com\/fr\/wp-json\/wp\/v2\/product_cat?post=2380"},{"taxonomy":"product_tag","embeddable":true,"href":"https:\/\/redkarawana.com\/fr\/wp-json\/wp\/v2\/product_tag?post=2380"}],"curies":[{"name":"wp","href":"https:\/\/api.w.org\/{rel}","templated":true}]}}