{"id":2455,"date":"2025-11-29T16:50:28","date_gmt":"2025-11-29T16:50:28","guid":{"rendered":"https:\/\/redkarawana.com\/?post_type=product&#038;p=2455"},"modified":"2025-12-07T14:53:43","modified_gmt":"2025-12-07T14:53:43","slug":"bouteille-ceramique-grece","status":"publish","type":"product","link":"https:\/\/redkarawana.com\/fr\/artisan\/bouteille-ceramique-grece\/","title":{"rendered":"Bouteille en C\u00e9ramique, Gr\u00e8ce ; Poterie au Motif de Fruits Rouges"},"content":{"rendered":"<p>Les anciens Grecs cr\u00e9aient de fa\u00e7on artisanale de belles poteries aux motifs et symboles distinctifs. Aujourd&rsquo;hui, les talentueux peintres et c\u00e9ramistes vivant sur l&rsquo;\u00eele Grecque de Santorin, cr\u00e9ent des collections remarquables de c\u00e9ramiques traditionnelles et contemporaines. Santorin regorge de boutiques de poterie, d\u2019ateliers d\u2019artistes et de boutiques de souvenirs vendant des c\u00e9ramiques toutes en couleurs. La bouteille en c\u00e9ramique que nous avons s\u00e9lectionn\u00e9e ici est peinte du motif distinctif d\u2019un fruit de grenade rouge sur sa branche. Mesures : bouteille en c\u00e9ramique (hauteur 11 1\/2 pouces, largeur 4 1\/2 pouces).<\/p>\n","protected":false},"excerpt":{"rendered":"<p>Les anciens Grecs cr\u00e9aient de fa\u00e7on artisanale de belles poteries aux motifs et symboles distinctifs. Aujourd&rsquo;hui, les talentueux peintres et c\u00e9ramistes vivant sur l&rsquo;\u00eele Grecque de Santorin, cr\u00e9ent des collections remarquables de c\u00e9ramiques traditionnelles et contemporaines. Santorin regorge de boutiques de poterie, d\u2019ateliers d\u2019artistes et de boutiques de souvenirs vendant des c\u00e9ramiques toutes en couleurs. [&hellip;]<\/p>\n","protected":false},"featured_media":2439,"template":"","meta":{"_acf_changed":false},"product_brand":[],"product_cat":[50],"product_tag":[],"class_list":{"0":"post-2455","1":"product","2":"type-product","3":"status-publish","4":"has-post-thumbnail","6":"product_cat-fonctionnel","8":"first","9":"instock","10":"sold-individually","11":"taxable","12":"shipping-taxable","13":"purchasable","14":"product-type-simple"},"acf":[],"yoast_head":"<!-- This site is optimized with the Yoast SEO plugin v27.3 - https:\/\/yoast.com\/product\/yoast-seo-wordpress\/ -->\n<title>Bouteille en C\u00e9ramique, Gr\u00e8ce - Fonctionnel - Red Karawana<\/title>\n<meta name=\"description\" content=\"Santorin regorge de boutiques de poterie. Notre bouteille en c\u00e9ramique est peinte du motif d\u2019un fruit de grenade rouge sur sa branche.\" \/>\n<meta name=\"robots\" content=\"index, follow, max-snippet:-1, max-image-preview:large, max-video-preview:-1\" \/>\n<link rel=\"canonical\" href=\"https:\/\/redkarawana.com\/fr\/artisan\/bouteille-ceramique-grece\/\" \/>\n<meta property=\"og:locale\" content=\"fr_FR\" \/>\n<meta property=\"og:type\" content=\"article\" \/>\n<meta property=\"og:title\" content=\"Bouteille en C\u00e9ramique, Gr\u00e8ce - Fonctionnel - Red Karawana\" \/>\n<meta property=\"og:description\" content=\"Santorin regorge de boutiques de poterie. Notre bouteille en c\u00e9ramique est peinte du motif d\u2019un fruit de grenade rouge sur sa branche.\" \/>\n<meta property=\"og:url\" content=\"https:\/\/redkarawana.com\/fr\/artisan\/bouteille-ceramique-grece\/\" \/>\n<meta property=\"og:site_name\" content=\"Red Karawana\" \/>\n<meta property=\"article:publisher\" content=\"https:\/\/www.facebook.com\/redkarawana\/\" \/>\n<meta property=\"article:modified_time\" content=\"2025-12-07T14:53:43+00:00\" \/>\n<meta property=\"og:image\" content=\"https:\/\/redkarawana.com\/wp-content\/uploads\/2024\/05\/1-AAP-F1200x630-Greece-Ceramic-Bottle.jpg\" \/>\n\t<meta property=\"og:image:width\" content=\"1200\" \/>\n\t<meta property=\"og:image:height\" content=\"630\" \/>\n\t<meta property=\"og:image:type\" content=\"image\/jpeg\" \/>\n<meta name=\"twitter:card\" content=\"summary_large_image\" \/>\n<meta name=\"twitter:label1\" content=\"Dur\u00e9e de lecture estim\u00e9e\" \/>\n\t<meta name=\"twitter:data1\" content=\"1 minute\" \/>\n<script type=\"application\/ld+json\" class=\"yoast-schema-graph\">{\"@context\":\"https:\\\/\\\/schema.org\",\"@graph\":[{\"@type\":\"WebPage\",\"@id\":\"https:\\\/\\\/redkarawana.com\\\/fr\\\/artisan\\\/bouteille-ceramique-grece\\\/\",\"url\":\"https:\\\/\\\/redkarawana.com\\\/fr\\\/artisan\\\/bouteille-ceramique-grece\\\/\",\"name\":\"Bouteille en C\u00e9ramique, Gr\u00e8ce - Fonctionnel - Red Karawana\",\"isPartOf\":{\"@id\":\"https:\\\/\\\/redkarawana.com\\\/#website\"},\"primaryImageOfPage\":{\"@id\":\"https:\\\/\\\/redkarawana.com\\\/fr\\\/artisan\\\/bouteille-ceramique-grece\\\/#primaryimage\"},\"image\":{\"@id\":\"https:\\\/\\\/redkarawana.com\\\/fr\\\/artisan\\\/bouteille-ceramique-grece\\\/#primaryimage\"},\"thumbnailUrl\":\"https:\\\/\\\/redkarawana.com\\\/wp-content\\\/uploads\\\/2024\\\/05\\\/1-SP-Greece-Ceramic-Bottle.jpg\",\"datePublished\":\"2025-11-29T16:50:28+00:00\",\"dateModified\":\"2025-12-07T14:53:43+00:00\",\"description\":\"Santorin regorge de boutiques de poterie. Notre bouteille en c\u00e9ramique est peinte du motif d\u2019un fruit de grenade rouge sur sa branche.\",\"breadcrumb\":{\"@id\":\"https:\\\/\\\/redkarawana.com\\\/fr\\\/artisan\\\/bouteille-ceramique-grece\\\/#breadcrumb\"},\"inLanguage\":\"fr-FR\",\"potentialAction\":[{\"@type\":\"ReadAction\",\"target\":[\"https:\\\/\\\/redkarawana.com\\\/fr\\\/artisan\\\/bouteille-ceramique-grece\\\/\"]}]},{\"@type\":\"ImageObject\",\"inLanguage\":\"fr-FR\",\"@id\":\"https:\\\/\\\/redkarawana.com\\\/fr\\\/artisan\\\/bouteille-ceramique-grece\\\/#primaryimage\",\"url\":\"https:\\\/\\\/redkarawana.com\\\/wp-content\\\/uploads\\\/2024\\\/05\\\/1-SP-Greece-Ceramic-Bottle.jpg\",\"contentUrl\":\"https:\\\/\\\/redkarawana.com\\\/wp-content\\\/uploads\\\/2024\\\/05\\\/1-SP-Greece-Ceramic-Bottle.jpg\",\"width\":680,\"height\":453,\"caption\":\"Gr\u00e8ce, Bouteille en C\u00e9ramique\"},{\"@type\":\"BreadcrumbList\",\"@id\":\"https:\\\/\\\/redkarawana.com\\\/fr\\\/artisan\\\/bouteille-ceramique-grece\\\/#breadcrumb\",\"itemListElement\":[{\"@type\":\"ListItem\",\"position\":1,\"name\":\"Home\",\"item\":\"https:\\\/\\\/redkarawana.com\\\/fr\\\/\"},{\"@type\":\"ListItem\",\"position\":2,\"name\":\"Artisans\",\"item\":\"https:\\\/\\\/redkarawana.com\\\/fr\\\/artisans\\\/\"},{\"@type\":\"ListItem\",\"position\":3,\"name\":\"Bouteille en C\u00e9ramique, Gr\u00e8ce ; Poterie au Motif de Fruits Rouges\"}]},{\"@type\":\"WebSite\",\"@id\":\"https:\\\/\\\/redkarawana.com\\\/#website\",\"url\":\"https:\\\/\\\/redkarawana.com\\\/\",\"name\":\"Red Karawana\",\"description\":\"\",\"publisher\":{\"@id\":\"https:\\\/\\\/redkarawana.com\\\/#organization\"},\"potentialAction\":[{\"@type\":\"SearchAction\",\"target\":{\"@type\":\"EntryPoint\",\"urlTemplate\":\"https:\\\/\\\/redkarawana.com\\\/?s={search_term_string}\"},\"query-input\":{\"@type\":\"PropertyValueSpecification\",\"valueRequired\":true,\"valueName\":\"search_term_string\"}}],\"inLanguage\":\"fr-FR\"},{\"@type\":\"Organization\",\"@id\":\"https:\\\/\\\/redkarawana.com\\\/#organization\",\"name\":\"Red Karawana\",\"url\":\"https:\\\/\\\/redkarawana.com\\\/\",\"logo\":{\"@type\":\"ImageObject\",\"inLanguage\":\"fr-FR\",\"@id\":\"https:\\\/\\\/redkarawana.com\\\/#\\\/schema\\\/logo\\\/image\\\/\",\"url\":\"https:\\\/\\\/redkarawana.com\\\/wp-content\\\/uploads\\\/2025\\\/05\\\/cropped-Screenshot-2025-05-29-at-09.27.38.png\",\"contentUrl\":\"https:\\\/\\\/redkarawana.com\\\/wp-content\\\/uploads\\\/2025\\\/05\\\/cropped-Screenshot-2025-05-29-at-09.27.38.png\",\"width\":512,\"height\":512,\"caption\":\"Red Karawana\"},\"image\":{\"@id\":\"https:\\\/\\\/redkarawana.com\\\/#\\\/schema\\\/logo\\\/image\\\/\"},\"sameAs\":[\"https:\\\/\\\/www.facebook.com\\\/redkarawana\\\/\",\"https:\\\/\\\/www.instagram.com\\\/redkarawana\\\/\",\"https:\\\/\\\/www.youtube.com\\\/channel\\\/UCU9jXzSmyKm4ZZv38FEXGKg\",\"https:\\\/\\\/www.pinterest.com\\\/redkarawana\\\/\"]}]}<\/script>\n<!-- \/ Yoast SEO plugin. -->","yoast_head_json":{"title":"Bouteille en C\u00e9ramique, Gr\u00e8ce - Fonctionnel - Red Karawana","description":"Santorin regorge de boutiques de poterie. Notre bouteille en c\u00e9ramique est peinte du motif d\u2019un fruit de grenade rouge sur sa branche.","robots":{"index":"index","follow":"follow","max-snippet":"max-snippet:-1","max-image-preview":"max-image-preview:large","max-video-preview":"max-video-preview:-1"},"canonical":"https:\/\/redkarawana.com\/fr\/artisan\/bouteille-ceramique-grece\/","og_locale":"fr_FR","og_type":"article","og_title":"Bouteille en C\u00e9ramique, Gr\u00e8ce - Fonctionnel - Red Karawana","og_description":"Santorin regorge de boutiques de poterie. Notre bouteille en c\u00e9ramique est peinte du motif d\u2019un fruit de grenade rouge sur sa branche.","og_url":"https:\/\/redkarawana.com\/fr\/artisan\/bouteille-ceramique-grece\/","og_site_name":"Red Karawana","article_publisher":"https:\/\/www.facebook.com\/redkarawana\/","article_modified_time":"2025-12-07T14:53:43+00:00","og_image":[{"width":1200,"height":630,"url":"https:\/\/redkarawana.com\/wp-content\/uploads\/2024\/05\/1-AAP-F1200x630-Greece-Ceramic-Bottle.jpg","type":"image\/jpeg"}],"twitter_card":"summary_large_image","twitter_misc":{"Dur\u00e9e de lecture estim\u00e9e":"1 minute"},"schema":{"@context":"https:\/\/schema.org","@graph":[{"@type":"WebPage","@id":"https:\/\/redkarawana.com\/fr\/artisan\/bouteille-ceramique-grece\/","url":"https:\/\/redkarawana.com\/fr\/artisan\/bouteille-ceramique-grece\/","name":"Bouteille en C\u00e9ramique, Gr\u00e8ce - Fonctionnel - Red Karawana","isPartOf":{"@id":"https:\/\/redkarawana.com\/#website"},"primaryImageOfPage":{"@id":"https:\/\/redkarawana.com\/fr\/artisan\/bouteille-ceramique-grece\/#primaryimage"},"image":{"@id":"https:\/\/redkarawana.com\/fr\/artisan\/bouteille-ceramique-grece\/#primaryimage"},"thumbnailUrl":"https:\/\/redkarawana.com\/wp-content\/uploads\/2024\/05\/1-SP-Greece-Ceramic-Bottle.jpg","datePublished":"2025-11-29T16:50:28+00:00","dateModified":"2025-12-07T14:53:43+00:00","description":"Santorin regorge de boutiques de poterie. Notre bouteille en c\u00e9ramique est peinte du motif d\u2019un fruit de grenade rouge sur sa branche.","breadcrumb":{"@id":"https:\/\/redkarawana.com\/fr\/artisan\/bouteille-ceramique-grece\/#breadcrumb"},"inLanguage":"fr-FR","potentialAction":[{"@type":"ReadAction","target":["https:\/\/redkarawana.com\/fr\/artisan\/bouteille-ceramique-grece\/"]}]},{"@type":"ImageObject","inLanguage":"fr-FR","@id":"https:\/\/redkarawana.com\/fr\/artisan\/bouteille-ceramique-grece\/#primaryimage","url":"https:\/\/redkarawana.com\/wp-content\/uploads\/2024\/05\/1-SP-Greece-Ceramic-Bottle.jpg","contentUrl":"https:\/\/redkarawana.com\/wp-content\/uploads\/2024\/05\/1-SP-Greece-Ceramic-Bottle.jpg","width":680,"height":453,"caption":"Gr\u00e8ce, Bouteille en C\u00e9ramique"},{"@type":"BreadcrumbList","@id":"https:\/\/redkarawana.com\/fr\/artisan\/bouteille-ceramique-grece\/#breadcrumb","itemListElement":[{"@type":"ListItem","position":1,"name":"Home","item":"https:\/\/redkarawana.com\/fr\/"},{"@type":"ListItem","position":2,"name":"Artisans","item":"https:\/\/redkarawana.com\/fr\/artisans\/"},{"@type":"ListItem","position":3,"name":"Bouteille en C\u00e9ramique, Gr\u00e8ce ; Poterie au Motif de Fruits Rouges"}]},{"@type":"WebSite","@id":"https:\/\/redkarawana.com\/#website","url":"https:\/\/redkarawana.com\/","name":"Red Karawana","description":"","publisher":{"@id":"https:\/\/redkarawana.com\/#organization"},"potentialAction":[{"@type":"SearchAction","target":{"@type":"EntryPoint","urlTemplate":"https:\/\/redkarawana.com\/?s={search_term_string}"},"query-input":{"@type":"PropertyValueSpecification","valueRequired":true,"valueName":"search_term_string"}}],"inLanguage":"fr-FR"},{"@type":"Organization","@id":"https:\/\/redkarawana.com\/#organization","name":"Red Karawana","url":"https:\/\/redkarawana.com\/","logo":{"@type":"ImageObject","inLanguage":"fr-FR","@id":"https:\/\/redkarawana.com\/#\/schema\/logo\/image\/","url":"https:\/\/redkarawana.com\/wp-content\/uploads\/2025\/05\/cropped-Screenshot-2025-05-29-at-09.27.38.png","contentUrl":"https:\/\/redkarawana.com\/wp-content\/uploads\/2025\/05\/cropped-Screenshot-2025-05-29-at-09.27.38.png","width":512,"height":512,"caption":"Red Karawana"},"image":{"@id":"https:\/\/redkarawana.com\/#\/schema\/logo\/image\/"},"sameAs":["https:\/\/www.facebook.com\/redkarawana\/","https:\/\/www.instagram.com\/redkarawana\/","https:\/\/www.youtube.com\/channel\/UCU9jXzSmyKm4ZZv38FEXGKg","https:\/\/www.pinterest.com\/redkarawana\/"]}]}},"_links":{"self":[{"href":"https:\/\/redkarawana.com\/fr\/wp-json\/wp\/v2\/product\/2455","targetHints":{"allow":["GET"]}}],"collection":[{"href":"https:\/\/redkarawana.com\/fr\/wp-json\/wp\/v2\/product"}],"about":[{"href":"https:\/\/redkarawana.com\/fr\/wp-json\/wp\/v2\/types\/product"}],"wp:featuredmedia":[{"embeddable":true,"href":"https:\/\/redkarawana.com\/fr\/wp-json\/wp\/v2\/media\/2439"}],"wp:attachment":[{"href":"https:\/\/redkarawana.com\/fr\/wp-json\/wp\/v2\/media?parent=2455"}],"wp:term":[{"taxonomy":"product_brand","embeddable":true,"href":"https:\/\/redkarawana.com\/fr\/wp-json\/wp\/v2\/product_brand?post=2455"},{"taxonomy":"product_cat","embeddable":true,"href":"https:\/\/redkarawana.com\/fr\/wp-json\/wp\/v2\/product_cat?post=2455"},{"taxonomy":"product_tag","embeddable":true,"href":"https:\/\/redkarawana.com\/fr\/wp-json\/wp\/v2\/product_tag?post=2455"}],"curies":[{"name":"wp","href":"https:\/\/api.w.org\/{rel}","templated":true}]}}