{"id":2480,"date":"2025-11-29T17:00:28","date_gmt":"2025-11-29T17:00:28","guid":{"rendered":"https:\/\/redkarawana.com\/?post_type=product&#038;p=2480"},"modified":"2025-12-07T14:47:59","modified_gmt":"2025-12-07T14:47:59","slug":"housse-coussin-et-sac-koweit","status":"publish","type":"product","link":"https:\/\/redkarawana.com\/fr\/artisan\/housse-coussin-et-sac-koweit\/","title":{"rendered":"Artisanat Tiss\u00e9 \u00e0 la Main, Kowe\u00eft ; Coussin et Petit Sac \u00e0 Main Tiss\u00e9s"},"content":{"rendered":"<p>Dans la p\u00e9ninsule arabique, l&rsquo;art traditionnel du tissage et de la broderie est transmis de g\u00e9n\u00e9ration en g\u00e9n\u00e9ration. Les femmes b\u00e9douines utilisent des fibres textiles naturelles pour cr\u00e9er de beaux tapis tiss\u00e9s \u00e0 la main, des taies d&rsquo;oreiller, des sacs \u00e0 main et des objets d\u00e9coratifs pour les animaux d\u2019\u00e9levage. A Kowe\u00eft City, la Sadu House pr\u00e9serve les anciennes techniques de tissage gr\u00e2ce \u00e0 une collaboration remarquable avec les tisserands locaux. Les produits que nous pr\u00e9sentons ici sont tiss\u00e9s \u00e0 la main et pr\u00e9sentent des motifs originaux, une texture \u00e9paisse et des couleurs vives. \u00a0Ensemble : 1 taie d&rsquo;oreiller tiss\u00e9e \u00e0 la main (hauteur 24 1\/2 pouces, largeur 17 pouces), 1 sac \u00e0 main tiss\u00e9 \u00e0 la main (hauteur 7 1\/2 pouces ou 6 3\/4 pouces).<\/p>\n","protected":false},"excerpt":{"rendered":"<p>Dans la p\u00e9ninsule arabique, l&rsquo;art traditionnel du tissage et de la broderie est transmis de g\u00e9n\u00e9ration en g\u00e9n\u00e9ration. Les femmes b\u00e9douines utilisent des fibres textiles naturelles pour cr\u00e9er de beaux tapis tiss\u00e9s \u00e0 la main, des taies d&rsquo;oreiller, des sacs \u00e0 main et des objets d\u00e9coratifs pour les animaux d\u2019\u00e9levage. A Kowe\u00eft City, la Sadu [&hellip;]<\/p>\n","protected":false},"featured_media":2464,"template":"","meta":{"_acf_changed":false},"product_brand":[],"product_cat":[48],"product_tag":[],"class_list":{"0":"post-2480","1":"product","2":"type-product","3":"status-publish","4":"has-post-thumbnail","6":"product_cat-artistique","8":"first","9":"instock","10":"sold-individually","11":"taxable","12":"shipping-taxable","13":"purchasable","14":"product-type-simple"},"acf":[],"yoast_head":"<!-- This site is optimized with the Yoast SEO plugin v27.3 - https:\/\/yoast.com\/product\/yoast-seo-wordpress\/ -->\n<title>Artisanat Tiss\u00e9 \u00e0 la Main, Kowe\u00eft - Artistique - Red Karawana<\/title>\n<meta name=\"description\" content=\"Artisanat Tiss\u00e9 \u00e0 la Main pr\u00e9sentent des motifs originaux. A Kowe\u00eft Ville, Sadu House pr\u00e9serve techniques de tissage traditionnelles.\" \/>\n<meta name=\"robots\" content=\"index, follow, max-snippet:-1, max-image-preview:large, max-video-preview:-1\" \/>\n<link rel=\"canonical\" href=\"https:\/\/redkarawana.com\/fr\/artisan\/housse-coussin-et-sac-koweit\/\" \/>\n<meta property=\"og:locale\" content=\"fr_FR\" \/>\n<meta property=\"og:type\" content=\"article\" \/>\n<meta property=\"og:title\" content=\"Artisanat Tiss\u00e9 \u00e0 la Main, Kowe\u00eft - Artistique - Red Karawana\" \/>\n<meta property=\"og:description\" content=\"Artisanat Tiss\u00e9 \u00e0 la Main pr\u00e9sentent des motifs originaux. A Kowe\u00eft Ville, Sadu House pr\u00e9serve techniques de tissage traditionnelles.\" \/>\n<meta property=\"og:url\" content=\"https:\/\/redkarawana.com\/fr\/artisan\/housse-coussin-et-sac-koweit\/\" \/>\n<meta property=\"og:site_name\" content=\"Red Karawana\" \/>\n<meta property=\"article:publisher\" content=\"https:\/\/www.facebook.com\/redkarawana\/\" \/>\n<meta property=\"article:modified_time\" content=\"2025-12-07T14:47:59+00:00\" \/>\n<meta property=\"og:image\" content=\"https:\/\/redkarawana.com\/wp-content\/uploads\/2024\/05\/1-ABP-F1200x630-Kuwait-Hand-Woven-Crafts.jpg\" \/>\n\t<meta property=\"og:image:width\" content=\"1200\" \/>\n\t<meta property=\"og:image:height\" content=\"630\" \/>\n\t<meta property=\"og:image:type\" content=\"image\/jpeg\" \/>\n<meta name=\"twitter:card\" content=\"summary_large_image\" \/>\n<meta name=\"twitter:label1\" content=\"Dur\u00e9e de lecture estim\u00e9e\" \/>\n\t<meta name=\"twitter:data1\" content=\"1 minute\" \/>\n<script type=\"application\/ld+json\" class=\"yoast-schema-graph\">{\"@context\":\"https:\\\/\\\/schema.org\",\"@graph\":[{\"@type\":\"WebPage\",\"@id\":\"https:\\\/\\\/redkarawana.com\\\/fr\\\/artisan\\\/housse-coussin-et-sac-koweit\\\/\",\"url\":\"https:\\\/\\\/redkarawana.com\\\/fr\\\/artisan\\\/housse-coussin-et-sac-koweit\\\/\",\"name\":\"Artisanat Tiss\u00e9 \u00e0 la Main, Kowe\u00eft - Artistique - Red Karawana\",\"isPartOf\":{\"@id\":\"https:\\\/\\\/redkarawana.com\\\/#website\"},\"primaryImageOfPage\":{\"@id\":\"https:\\\/\\\/redkarawana.com\\\/fr\\\/artisan\\\/housse-coussin-et-sac-koweit\\\/#primaryimage\"},\"image\":{\"@id\":\"https:\\\/\\\/redkarawana.com\\\/fr\\\/artisan\\\/housse-coussin-et-sac-koweit\\\/#primaryimage\"},\"thumbnailUrl\":\"https:\\\/\\\/redkarawana.com\\\/wp-content\\\/uploads\\\/2024\\\/05\\\/1-SP-Kuwait-Hand-Woven-Crafts.jpg\",\"datePublished\":\"2025-11-29T17:00:28+00:00\",\"dateModified\":\"2025-12-07T14:47:59+00:00\",\"description\":\"Artisanat Tiss\u00e9 \u00e0 la Main pr\u00e9sentent des motifs originaux. A Kowe\u00eft Ville, Sadu House pr\u00e9serve techniques de tissage traditionnelles.\",\"breadcrumb\":{\"@id\":\"https:\\\/\\\/redkarawana.com\\\/fr\\\/artisan\\\/housse-coussin-et-sac-koweit\\\/#breadcrumb\"},\"inLanguage\":\"fr-FR\",\"potentialAction\":[{\"@type\":\"ReadAction\",\"target\":[\"https:\\\/\\\/redkarawana.com\\\/fr\\\/artisan\\\/housse-coussin-et-sac-koweit\\\/\"]}]},{\"@type\":\"ImageObject\",\"inLanguage\":\"fr-FR\",\"@id\":\"https:\\\/\\\/redkarawana.com\\\/fr\\\/artisan\\\/housse-coussin-et-sac-koweit\\\/#primaryimage\",\"url\":\"https:\\\/\\\/redkarawana.com\\\/wp-content\\\/uploads\\\/2024\\\/05\\\/1-SP-Kuwait-Hand-Woven-Crafts.jpg\",\"contentUrl\":\"https:\\\/\\\/redkarawana.com\\\/wp-content\\\/uploads\\\/2024\\\/05\\\/1-SP-Kuwait-Hand-Woven-Crafts.jpg\",\"width\":680,\"height\":453,\"caption\":\"Kowe\u00eft, Artisanat Tiss\u00e9 \u00e0 la Main\"},{\"@type\":\"BreadcrumbList\",\"@id\":\"https:\\\/\\\/redkarawana.com\\\/fr\\\/artisan\\\/housse-coussin-et-sac-koweit\\\/#breadcrumb\",\"itemListElement\":[{\"@type\":\"ListItem\",\"position\":1,\"name\":\"Home\",\"item\":\"https:\\\/\\\/redkarawana.com\\\/fr\\\/\"},{\"@type\":\"ListItem\",\"position\":2,\"name\":\"Artisans\",\"item\":\"https:\\\/\\\/redkarawana.com\\\/fr\\\/artisans\\\/\"},{\"@type\":\"ListItem\",\"position\":3,\"name\":\"Artisanat Tiss\u00e9 \u00e0 la Main, Kowe\u00eft ; Coussin et Petit Sac \u00e0 Main Tiss\u00e9s\"}]},{\"@type\":\"WebSite\",\"@id\":\"https:\\\/\\\/redkarawana.com\\\/#website\",\"url\":\"https:\\\/\\\/redkarawana.com\\\/\",\"name\":\"Red Karawana\",\"description\":\"\",\"publisher\":{\"@id\":\"https:\\\/\\\/redkarawana.com\\\/#organization\"},\"potentialAction\":[{\"@type\":\"SearchAction\",\"target\":{\"@type\":\"EntryPoint\",\"urlTemplate\":\"https:\\\/\\\/redkarawana.com\\\/?s={search_term_string}\"},\"query-input\":{\"@type\":\"PropertyValueSpecification\",\"valueRequired\":true,\"valueName\":\"search_term_string\"}}],\"inLanguage\":\"fr-FR\"},{\"@type\":\"Organization\",\"@id\":\"https:\\\/\\\/redkarawana.com\\\/#organization\",\"name\":\"Red Karawana\",\"url\":\"https:\\\/\\\/redkarawana.com\\\/\",\"logo\":{\"@type\":\"ImageObject\",\"inLanguage\":\"fr-FR\",\"@id\":\"https:\\\/\\\/redkarawana.com\\\/#\\\/schema\\\/logo\\\/image\\\/\",\"url\":\"https:\\\/\\\/redkarawana.com\\\/wp-content\\\/uploads\\\/2025\\\/05\\\/cropped-Screenshot-2025-05-29-at-09.27.38.png\",\"contentUrl\":\"https:\\\/\\\/redkarawana.com\\\/wp-content\\\/uploads\\\/2025\\\/05\\\/cropped-Screenshot-2025-05-29-at-09.27.38.png\",\"width\":512,\"height\":512,\"caption\":\"Red Karawana\"},\"image\":{\"@id\":\"https:\\\/\\\/redkarawana.com\\\/#\\\/schema\\\/logo\\\/image\\\/\"},\"sameAs\":[\"https:\\\/\\\/www.facebook.com\\\/redkarawana\\\/\",\"https:\\\/\\\/www.instagram.com\\\/redkarawana\\\/\",\"https:\\\/\\\/www.youtube.com\\\/channel\\\/UCU9jXzSmyKm4ZZv38FEXGKg\",\"https:\\\/\\\/www.pinterest.com\\\/redkarawana\\\/\"]}]}<\/script>\n<!-- \/ Yoast SEO plugin. -->","yoast_head_json":{"title":"Artisanat Tiss\u00e9 \u00e0 la Main, Kowe\u00eft - Artistique - Red Karawana","description":"Artisanat Tiss\u00e9 \u00e0 la Main pr\u00e9sentent des motifs originaux. A Kowe\u00eft Ville, Sadu House pr\u00e9serve techniques de tissage traditionnelles.","robots":{"index":"index","follow":"follow","max-snippet":"max-snippet:-1","max-image-preview":"max-image-preview:large","max-video-preview":"max-video-preview:-1"},"canonical":"https:\/\/redkarawana.com\/fr\/artisan\/housse-coussin-et-sac-koweit\/","og_locale":"fr_FR","og_type":"article","og_title":"Artisanat Tiss\u00e9 \u00e0 la Main, Kowe\u00eft - Artistique - Red Karawana","og_description":"Artisanat Tiss\u00e9 \u00e0 la Main pr\u00e9sentent des motifs originaux. A Kowe\u00eft Ville, Sadu House pr\u00e9serve techniques de tissage traditionnelles.","og_url":"https:\/\/redkarawana.com\/fr\/artisan\/housse-coussin-et-sac-koweit\/","og_site_name":"Red Karawana","article_publisher":"https:\/\/www.facebook.com\/redkarawana\/","article_modified_time":"2025-12-07T14:47:59+00:00","og_image":[{"width":1200,"height":630,"url":"https:\/\/redkarawana.com\/wp-content\/uploads\/2024\/05\/1-ABP-F1200x630-Kuwait-Hand-Woven-Crafts.jpg","type":"image\/jpeg"}],"twitter_card":"summary_large_image","twitter_misc":{"Dur\u00e9e de lecture estim\u00e9e":"1 minute"},"schema":{"@context":"https:\/\/schema.org","@graph":[{"@type":"WebPage","@id":"https:\/\/redkarawana.com\/fr\/artisan\/housse-coussin-et-sac-koweit\/","url":"https:\/\/redkarawana.com\/fr\/artisan\/housse-coussin-et-sac-koweit\/","name":"Artisanat Tiss\u00e9 \u00e0 la Main, Kowe\u00eft - Artistique - Red Karawana","isPartOf":{"@id":"https:\/\/redkarawana.com\/#website"},"primaryImageOfPage":{"@id":"https:\/\/redkarawana.com\/fr\/artisan\/housse-coussin-et-sac-koweit\/#primaryimage"},"image":{"@id":"https:\/\/redkarawana.com\/fr\/artisan\/housse-coussin-et-sac-koweit\/#primaryimage"},"thumbnailUrl":"https:\/\/redkarawana.com\/wp-content\/uploads\/2024\/05\/1-SP-Kuwait-Hand-Woven-Crafts.jpg","datePublished":"2025-11-29T17:00:28+00:00","dateModified":"2025-12-07T14:47:59+00:00","description":"Artisanat Tiss\u00e9 \u00e0 la Main pr\u00e9sentent des motifs originaux. A Kowe\u00eft Ville, Sadu House pr\u00e9serve techniques de tissage traditionnelles.","breadcrumb":{"@id":"https:\/\/redkarawana.com\/fr\/artisan\/housse-coussin-et-sac-koweit\/#breadcrumb"},"inLanguage":"fr-FR","potentialAction":[{"@type":"ReadAction","target":["https:\/\/redkarawana.com\/fr\/artisan\/housse-coussin-et-sac-koweit\/"]}]},{"@type":"ImageObject","inLanguage":"fr-FR","@id":"https:\/\/redkarawana.com\/fr\/artisan\/housse-coussin-et-sac-koweit\/#primaryimage","url":"https:\/\/redkarawana.com\/wp-content\/uploads\/2024\/05\/1-SP-Kuwait-Hand-Woven-Crafts.jpg","contentUrl":"https:\/\/redkarawana.com\/wp-content\/uploads\/2024\/05\/1-SP-Kuwait-Hand-Woven-Crafts.jpg","width":680,"height":453,"caption":"Kowe\u00eft, Artisanat Tiss\u00e9 \u00e0 la Main"},{"@type":"BreadcrumbList","@id":"https:\/\/redkarawana.com\/fr\/artisan\/housse-coussin-et-sac-koweit\/#breadcrumb","itemListElement":[{"@type":"ListItem","position":1,"name":"Home","item":"https:\/\/redkarawana.com\/fr\/"},{"@type":"ListItem","position":2,"name":"Artisans","item":"https:\/\/redkarawana.com\/fr\/artisans\/"},{"@type":"ListItem","position":3,"name":"Artisanat Tiss\u00e9 \u00e0 la Main, Kowe\u00eft ; Coussin et Petit Sac \u00e0 Main Tiss\u00e9s"}]},{"@type":"WebSite","@id":"https:\/\/redkarawana.com\/#website","url":"https:\/\/redkarawana.com\/","name":"Red Karawana","description":"","publisher":{"@id":"https:\/\/redkarawana.com\/#organization"},"potentialAction":[{"@type":"SearchAction","target":{"@type":"EntryPoint","urlTemplate":"https:\/\/redkarawana.com\/?s={search_term_string}"},"query-input":{"@type":"PropertyValueSpecification","valueRequired":true,"valueName":"search_term_string"}}],"inLanguage":"fr-FR"},{"@type":"Organization","@id":"https:\/\/redkarawana.com\/#organization","name":"Red Karawana","url":"https:\/\/redkarawana.com\/","logo":{"@type":"ImageObject","inLanguage":"fr-FR","@id":"https:\/\/redkarawana.com\/#\/schema\/logo\/image\/","url":"https:\/\/redkarawana.com\/wp-content\/uploads\/2025\/05\/cropped-Screenshot-2025-05-29-at-09.27.38.png","contentUrl":"https:\/\/redkarawana.com\/wp-content\/uploads\/2025\/05\/cropped-Screenshot-2025-05-29-at-09.27.38.png","width":512,"height":512,"caption":"Red Karawana"},"image":{"@id":"https:\/\/redkarawana.com\/#\/schema\/logo\/image\/"},"sameAs":["https:\/\/www.facebook.com\/redkarawana\/","https:\/\/www.instagram.com\/redkarawana\/","https:\/\/www.youtube.com\/channel\/UCU9jXzSmyKm4ZZv38FEXGKg","https:\/\/www.pinterest.com\/redkarawana\/"]}]}},"_links":{"self":[{"href":"https:\/\/redkarawana.com\/fr\/wp-json\/wp\/v2\/product\/2480","targetHints":{"allow":["GET"]}}],"collection":[{"href":"https:\/\/redkarawana.com\/fr\/wp-json\/wp\/v2\/product"}],"about":[{"href":"https:\/\/redkarawana.com\/fr\/wp-json\/wp\/v2\/types\/product"}],"wp:featuredmedia":[{"embeddable":true,"href":"https:\/\/redkarawana.com\/fr\/wp-json\/wp\/v2\/media\/2464"}],"wp:attachment":[{"href":"https:\/\/redkarawana.com\/fr\/wp-json\/wp\/v2\/media?parent=2480"}],"wp:term":[{"taxonomy":"product_brand","embeddable":true,"href":"https:\/\/redkarawana.com\/fr\/wp-json\/wp\/v2\/product_brand?post=2480"},{"taxonomy":"product_cat","embeddable":true,"href":"https:\/\/redkarawana.com\/fr\/wp-json\/wp\/v2\/product_cat?post=2480"},{"taxonomy":"product_tag","embeddable":true,"href":"https:\/\/redkarawana.com\/fr\/wp-json\/wp\/v2\/product_tag?post=2480"}],"curies":[{"name":"wp","href":"https:\/\/api.w.org\/{rel}","templated":true}]}}