{"id":2528,"date":"2025-11-29T17:20:48","date_gmt":"2025-11-29T17:20:48","guid":{"rendered":"https:\/\/redkarawana.com\/?post_type=product&#038;p=2528"},"modified":"2025-12-07T14:31:55","modified_gmt":"2025-12-07T14:31:55","slug":"sac-a-main-thailande","status":"publish","type":"product","link":"https:\/\/redkarawana.com\/fr\/artisan\/sac-a-main-thailande\/","title":{"rendered":"Sac \u00e0 Main, Tha\u00eflande ; Artisanat en Bambou Tress\u00e9"},"content":{"rendered":"<p>La Tha\u00eflande, destination de voyage de choix, poss\u00e8de des temples \u00e0 dorures, de superbes plages, une cuisine excellente et un artisanat r\u00e9put\u00e9. L\u2019artisanat traditionnel de la Tha\u00eflande est riche d\u2019\u00e9toffes en soie tiss\u00e9es main, de poteries, de cr\u00e9ations en laque, d\u2019argenterie lustr\u00e9e, de sculptures sur bois et de superbes produits en bambou. La compagnie Nalakarn Thai Handicraft Company bas\u00e9e \u00e0 Bangkok, Tha\u00eflande, produit des objets artisanaux de haute qualit\u00e9 et naturels, fabriqu\u00e9s \u00e0 partir du bambou. Le sac \u00e0 main en bambou tress\u00e9 que nous s\u00e9lectionnons, con\u00e7u par la Nalakarn Thai Handicraft Company, pr\u00e9sente un \u00e9l\u00e9gant motif marron-orange. Mesures : Sac \u00e0 Main (hauteur 8 pouces, largeur 10 pouces, profondeur 5 pouces).<\/p>\n","protected":false},"excerpt":{"rendered":"<p>La Tha\u00eflande, destination de voyage de choix, poss\u00e8de des temples \u00e0 dorures, de superbes plages, une cuisine excellente et un artisanat r\u00e9put\u00e9. L\u2019artisanat traditionnel de la Tha\u00eflande est riche d\u2019\u00e9toffes en soie tiss\u00e9es main, de poteries, de cr\u00e9ations en laque, d\u2019argenterie lustr\u00e9e, de sculptures sur bois et de superbes produits en bambou. La compagnie Nalakarn [&hellip;]<\/p>\n","protected":false},"featured_media":2512,"template":"","meta":{"_acf_changed":false},"product_brand":[],"product_cat":[48],"product_tag":[],"class_list":{"0":"post-2528","1":"product","2":"type-product","3":"status-publish","4":"has-post-thumbnail","6":"product_cat-artistique","8":"first","9":"instock","10":"sold-individually","11":"taxable","12":"shipping-taxable","13":"purchasable","14":"product-type-simple"},"acf":[],"yoast_head":"<!-- This site is optimized with the Yoast SEO plugin v27.6 - https:\/\/yoast.com\/product\/yoast-seo-wordpress\/ -->\n<title>Sac \u00e0 Main, Tha\u00eflande - Artistique - Red Karawana<\/title>\n<meta name=\"description\" content=\"Le sac \u00e0 main en bambou tress\u00e9 que nous s\u00e9lectionnons, con\u00e7u par la Nalakarn Thai Handicraft Co., pr\u00e9sente un \u00e9l\u00e9gant motif marron-orange.\" \/>\n<meta name=\"robots\" content=\"index, follow, max-snippet:-1, max-image-preview:large, max-video-preview:-1\" \/>\n<link rel=\"canonical\" href=\"https:\/\/redkarawana.com\/fr\/artisan\/sac-a-main-thailande\/\" \/>\n<meta property=\"og:locale\" content=\"fr_FR\" \/>\n<meta property=\"og:type\" content=\"article\" \/>\n<meta property=\"og:title\" content=\"Sac \u00e0 Main, Tha\u00eflande - Artistique - Red Karawana\" \/>\n<meta property=\"og:description\" content=\"Le sac \u00e0 main en bambou tress\u00e9 que nous s\u00e9lectionnons, con\u00e7u par la Nalakarn Thai Handicraft Co., pr\u00e9sente un \u00e9l\u00e9gant motif marron-orange.\" \/>\n<meta property=\"og:url\" content=\"https:\/\/redkarawana.com\/fr\/artisan\/sac-a-main-thailande\/\" \/>\n<meta property=\"og:site_name\" content=\"Red Karawana\" \/>\n<meta property=\"article:publisher\" content=\"https:\/\/www.facebook.com\/redkarawana\/\" \/>\n<meta property=\"article:modified_time\" content=\"2025-12-07T14:31:55+00:00\" \/>\n<meta property=\"og:image\" content=\"https:\/\/redkarawana.com\/wp-content\/uploads\/2024\/05\/1-AAP-F1200x630-Thailand-Handbag.jpg\" \/>\n\t<meta property=\"og:image:width\" content=\"1200\" \/>\n\t<meta property=\"og:image:height\" content=\"630\" \/>\n\t<meta property=\"og:image:type\" content=\"image\/jpeg\" \/>\n<meta name=\"twitter:card\" content=\"summary_large_image\" \/>\n<meta name=\"twitter:label1\" content=\"Dur\u00e9e de lecture estim\u00e9e\" \/>\n\t<meta name=\"twitter:data1\" content=\"1 minute\" \/>\n<script type=\"application\/ld+json\" class=\"yoast-schema-graph\">{\"@context\":\"https:\\\/\\\/schema.org\",\"@graph\":[{\"@type\":\"WebPage\",\"@id\":\"https:\\\/\\\/redkarawana.com\\\/fr\\\/artisan\\\/sac-a-main-thailande\\\/\",\"url\":\"https:\\\/\\\/redkarawana.com\\\/fr\\\/artisan\\\/sac-a-main-thailande\\\/\",\"name\":\"Sac \u00e0 Main, Tha\u00eflande - Artistique - Red Karawana\",\"isPartOf\":{\"@id\":\"https:\\\/\\\/redkarawana.com\\\/#website\"},\"primaryImageOfPage\":{\"@id\":\"https:\\\/\\\/redkarawana.com\\\/fr\\\/artisan\\\/sac-a-main-thailande\\\/#primaryimage\"},\"image\":{\"@id\":\"https:\\\/\\\/redkarawana.com\\\/fr\\\/artisan\\\/sac-a-main-thailande\\\/#primaryimage\"},\"thumbnailUrl\":\"https:\\\/\\\/redkarawana.com\\\/wp-content\\\/uploads\\\/2024\\\/05\\\/1-SP-Thailand-Handbag.jpg\",\"datePublished\":\"2025-11-29T17:20:48+00:00\",\"dateModified\":\"2025-12-07T14:31:55+00:00\",\"description\":\"Le sac \u00e0 main en bambou tress\u00e9 que nous s\u00e9lectionnons, con\u00e7u par la Nalakarn Thai Handicraft Co., pr\u00e9sente un \u00e9l\u00e9gant motif marron-orange.\",\"breadcrumb\":{\"@id\":\"https:\\\/\\\/redkarawana.com\\\/fr\\\/artisan\\\/sac-a-main-thailande\\\/#breadcrumb\"},\"inLanguage\":\"fr-FR\",\"potentialAction\":[{\"@type\":\"ReadAction\",\"target\":[\"https:\\\/\\\/redkarawana.com\\\/fr\\\/artisan\\\/sac-a-main-thailande\\\/\"]}]},{\"@type\":\"ImageObject\",\"inLanguage\":\"fr-FR\",\"@id\":\"https:\\\/\\\/redkarawana.com\\\/fr\\\/artisan\\\/sac-a-main-thailande\\\/#primaryimage\",\"url\":\"https:\\\/\\\/redkarawana.com\\\/wp-content\\\/uploads\\\/2024\\\/05\\\/1-SP-Thailand-Handbag.jpg\",\"contentUrl\":\"https:\\\/\\\/redkarawana.com\\\/wp-content\\\/uploads\\\/2024\\\/05\\\/1-SP-Thailand-Handbag.jpg\",\"width\":680,\"height\":453,\"caption\":\"Tha\u00eflande, Sac \u00e0 Main\"},{\"@type\":\"BreadcrumbList\",\"@id\":\"https:\\\/\\\/redkarawana.com\\\/fr\\\/artisan\\\/sac-a-main-thailande\\\/#breadcrumb\",\"itemListElement\":[{\"@type\":\"ListItem\",\"position\":1,\"name\":\"Home\",\"item\":\"https:\\\/\\\/redkarawana.com\\\/fr\\\/\"},{\"@type\":\"ListItem\",\"position\":2,\"name\":\"Artisans\",\"item\":\"https:\\\/\\\/redkarawana.com\\\/fr\\\/artisans\\\/\"},{\"@type\":\"ListItem\",\"position\":3,\"name\":\"Sac \u00e0 Main, Tha\u00eflande ; Artisanat en Bambou Tress\u00e9\"}]},{\"@type\":\"WebSite\",\"@id\":\"https:\\\/\\\/redkarawana.com\\\/#website\",\"url\":\"https:\\\/\\\/redkarawana.com\\\/\",\"name\":\"Red Karawana\",\"description\":\"\",\"publisher\":{\"@id\":\"https:\\\/\\\/redkarawana.com\\\/#organization\"},\"potentialAction\":[{\"@type\":\"SearchAction\",\"target\":{\"@type\":\"EntryPoint\",\"urlTemplate\":\"https:\\\/\\\/redkarawana.com\\\/?s={search_term_string}\"},\"query-input\":{\"@type\":\"PropertyValueSpecification\",\"valueRequired\":true,\"valueName\":\"search_term_string\"}}],\"inLanguage\":\"fr-FR\"},{\"@type\":\"Organization\",\"@id\":\"https:\\\/\\\/redkarawana.com\\\/#organization\",\"name\":\"Red Karawana\",\"url\":\"https:\\\/\\\/redkarawana.com\\\/\",\"logo\":{\"@type\":\"ImageObject\",\"inLanguage\":\"fr-FR\",\"@id\":\"https:\\\/\\\/redkarawana.com\\\/#\\\/schema\\\/logo\\\/image\\\/\",\"url\":\"http:\\\/\\\/redkarawana.com\\\/wp-content\\\/uploads\\\/2025\\\/05\\\/cropped-Screenshot-2025-05-29-at-09.27.38.png\",\"contentUrl\":\"http:\\\/\\\/redkarawana.com\\\/wp-content\\\/uploads\\\/2025\\\/05\\\/cropped-Screenshot-2025-05-29-at-09.27.38.png\",\"width\":512,\"height\":512,\"caption\":\"Red Karawana\"},\"image\":{\"@id\":\"https:\\\/\\\/redkarawana.com\\\/#\\\/schema\\\/logo\\\/image\\\/\"},\"sameAs\":[\"https:\\\/\\\/www.facebook.com\\\/redkarawana\\\/\",\"https:\\\/\\\/www.instagram.com\\\/redkarawana\\\/\",\"https:\\\/\\\/www.youtube.com\\\/channel\\\/UCU9jXzSmyKm4ZZv38FEXGKg\",\"https:\\\/\\\/www.pinterest.com\\\/redkarawana\\\/\"]}]}<\/script>\n<!-- \/ Yoast SEO plugin. -->","yoast_head_json":{"title":"Sac \u00e0 Main, Tha\u00eflande - Artistique - Red Karawana","description":"Le sac \u00e0 main en bambou tress\u00e9 que nous s\u00e9lectionnons, con\u00e7u par la Nalakarn Thai Handicraft Co., pr\u00e9sente un \u00e9l\u00e9gant motif marron-orange.","robots":{"index":"index","follow":"follow","max-snippet":"max-snippet:-1","max-image-preview":"max-image-preview:large","max-video-preview":"max-video-preview:-1"},"canonical":"https:\/\/redkarawana.com\/fr\/artisan\/sac-a-main-thailande\/","og_locale":"fr_FR","og_type":"article","og_title":"Sac \u00e0 Main, Tha\u00eflande - Artistique - Red Karawana","og_description":"Le sac \u00e0 main en bambou tress\u00e9 que nous s\u00e9lectionnons, con\u00e7u par la Nalakarn Thai Handicraft Co., pr\u00e9sente un \u00e9l\u00e9gant motif marron-orange.","og_url":"https:\/\/redkarawana.com\/fr\/artisan\/sac-a-main-thailande\/","og_site_name":"Red Karawana","article_publisher":"https:\/\/www.facebook.com\/redkarawana\/","article_modified_time":"2025-12-07T14:31:55+00:00","og_image":[{"width":1200,"height":630,"url":"https:\/\/redkarawana.com\/wp-content\/uploads\/2024\/05\/1-AAP-F1200x630-Thailand-Handbag.jpg","type":"image\/jpeg"}],"twitter_card":"summary_large_image","twitter_misc":{"Dur\u00e9e de lecture estim\u00e9e":"1 minute"},"schema":{"@context":"https:\/\/schema.org","@graph":[{"@type":"WebPage","@id":"https:\/\/redkarawana.com\/fr\/artisan\/sac-a-main-thailande\/","url":"https:\/\/redkarawana.com\/fr\/artisan\/sac-a-main-thailande\/","name":"Sac \u00e0 Main, Tha\u00eflande - Artistique - Red Karawana","isPartOf":{"@id":"https:\/\/redkarawana.com\/#website"},"primaryImageOfPage":{"@id":"https:\/\/redkarawana.com\/fr\/artisan\/sac-a-main-thailande\/#primaryimage"},"image":{"@id":"https:\/\/redkarawana.com\/fr\/artisan\/sac-a-main-thailande\/#primaryimage"},"thumbnailUrl":"https:\/\/redkarawana.com\/wp-content\/uploads\/2024\/05\/1-SP-Thailand-Handbag.jpg","datePublished":"2025-11-29T17:20:48+00:00","dateModified":"2025-12-07T14:31:55+00:00","description":"Le sac \u00e0 main en bambou tress\u00e9 que nous s\u00e9lectionnons, con\u00e7u par la Nalakarn Thai Handicraft Co., pr\u00e9sente un \u00e9l\u00e9gant motif marron-orange.","breadcrumb":{"@id":"https:\/\/redkarawana.com\/fr\/artisan\/sac-a-main-thailande\/#breadcrumb"},"inLanguage":"fr-FR","potentialAction":[{"@type":"ReadAction","target":["https:\/\/redkarawana.com\/fr\/artisan\/sac-a-main-thailande\/"]}]},{"@type":"ImageObject","inLanguage":"fr-FR","@id":"https:\/\/redkarawana.com\/fr\/artisan\/sac-a-main-thailande\/#primaryimage","url":"https:\/\/redkarawana.com\/wp-content\/uploads\/2024\/05\/1-SP-Thailand-Handbag.jpg","contentUrl":"https:\/\/redkarawana.com\/wp-content\/uploads\/2024\/05\/1-SP-Thailand-Handbag.jpg","width":680,"height":453,"caption":"Tha\u00eflande, Sac \u00e0 Main"},{"@type":"BreadcrumbList","@id":"https:\/\/redkarawana.com\/fr\/artisan\/sac-a-main-thailande\/#breadcrumb","itemListElement":[{"@type":"ListItem","position":1,"name":"Home","item":"https:\/\/redkarawana.com\/fr\/"},{"@type":"ListItem","position":2,"name":"Artisans","item":"https:\/\/redkarawana.com\/fr\/artisans\/"},{"@type":"ListItem","position":3,"name":"Sac \u00e0 Main, Tha\u00eflande ; Artisanat en Bambou Tress\u00e9"}]},{"@type":"WebSite","@id":"https:\/\/redkarawana.com\/#website","url":"https:\/\/redkarawana.com\/","name":"Red Karawana","description":"","publisher":{"@id":"https:\/\/redkarawana.com\/#organization"},"potentialAction":[{"@type":"SearchAction","target":{"@type":"EntryPoint","urlTemplate":"https:\/\/redkarawana.com\/?s={search_term_string}"},"query-input":{"@type":"PropertyValueSpecification","valueRequired":true,"valueName":"search_term_string"}}],"inLanguage":"fr-FR"},{"@type":"Organization","@id":"https:\/\/redkarawana.com\/#organization","name":"Red Karawana","url":"https:\/\/redkarawana.com\/","logo":{"@type":"ImageObject","inLanguage":"fr-FR","@id":"https:\/\/redkarawana.com\/#\/schema\/logo\/image\/","url":"http:\/\/redkarawana.com\/wp-content\/uploads\/2025\/05\/cropped-Screenshot-2025-05-29-at-09.27.38.png","contentUrl":"http:\/\/redkarawana.com\/wp-content\/uploads\/2025\/05\/cropped-Screenshot-2025-05-29-at-09.27.38.png","width":512,"height":512,"caption":"Red Karawana"},"image":{"@id":"https:\/\/redkarawana.com\/#\/schema\/logo\/image\/"},"sameAs":["https:\/\/www.facebook.com\/redkarawana\/","https:\/\/www.instagram.com\/redkarawana\/","https:\/\/www.youtube.com\/channel\/UCU9jXzSmyKm4ZZv38FEXGKg","https:\/\/www.pinterest.com\/redkarawana\/"]}]}},"_links":{"self":[{"href":"https:\/\/redkarawana.com\/fr\/wp-json\/wp\/v2\/product\/2528","targetHints":{"allow":["GET"]}}],"collection":[{"href":"https:\/\/redkarawana.com\/fr\/wp-json\/wp\/v2\/product"}],"about":[{"href":"https:\/\/redkarawana.com\/fr\/wp-json\/wp\/v2\/types\/product"}],"wp:featuredmedia":[{"embeddable":true,"href":"https:\/\/redkarawana.com\/fr\/wp-json\/wp\/v2\/media\/2512"}],"wp:attachment":[{"href":"https:\/\/redkarawana.com\/fr\/wp-json\/wp\/v2\/media?parent=2528"}],"wp:term":[{"taxonomy":"product_brand","embeddable":true,"href":"https:\/\/redkarawana.com\/fr\/wp-json\/wp\/v2\/product_brand?post=2528"},{"taxonomy":"product_cat","embeddable":true,"href":"https:\/\/redkarawana.com\/fr\/wp-json\/wp\/v2\/product_cat?post=2528"},{"taxonomy":"product_tag","embeddable":true,"href":"https:\/\/redkarawana.com\/fr\/wp-json\/wp\/v2\/product_tag?post=2528"}],"curies":[{"name":"wp","href":"https:\/\/api.w.org\/{rel}","templated":true}]}}