{"id":2552,"date":"2025-11-29T17:30:30","date_gmt":"2025-11-29T17:30:30","guid":{"rendered":"https:\/\/redkarawana.com\/?post_type=product&#038;p=2552"},"modified":"2024-05-08T23:25:30","modified_gmt":"2024-05-08T23:25:30","slug":"planche-a-decouper-russie","status":"publish","type":"product","link":"https:\/\/redkarawana.com\/fr\/artisan\/planche-a-decouper-russie\/","title":{"rendered":"Planche \u00e0 D\u00e9couper, Russie ; Art Folklorique Russe sur Objects en Bois"},"content":{"rendered":"<p>Belomorsky Patterns (\u0411\u0435\u043b\u043e\u043c\u043e\u0440\u0441\u043a\u0438\u0435 \u0443\u0437\u043e\u0440\u044b), une entreprise artisanale fond\u00e9e en Russie en 1968, cr\u00e9e des objets artisanaux en travaillant le bois, les textiles ou l&rsquo;argile. Ces cr\u00e9ations refl\u00e8tent les techniques artistiques, motifs traditionnels et vibrantes couleurs de la Russie du Nord. Ces souvenirs faits main comprennent de tr\u00e8s belles bo\u00eetes en bois, de la vaisselle toute en couleurs et des planches \u00e0 d\u00e9couper d\u00e9coratives.\u00a0 La planche \u00e0 d\u00e9couper que nous pr\u00e9sentons ici est en bois et met en valeur un motif remarquable peint main c\u00e9l\u00e9brant les beaut\u00e9s de la nature. Mesures : Planche \u00e0 D\u00e9couper et Art Folklorique Russe &#8211; Artistique &#8211; Red Karawana (longueur 15 pouces, largeur 7 \u00bc pouces).<\/p>\n","protected":false},"excerpt":{"rendered":"<p>Belomorsky Patterns (\u0411\u0435\u043b\u043e\u043c\u043e\u0440\u0441\u043a\u0438\u0435 \u0443\u0437\u043e\u0440\u044b), une entreprise artisanale fond\u00e9e en Russie en 1968, cr\u00e9e des objets artisanaux en travaillant le bois, les textiles ou l&rsquo;argile. Ces cr\u00e9ations refl\u00e8tent les techniques artistiques, motifs traditionnels et vibrantes couleurs de la Russie du Nord. Ces souvenirs faits main comprennent de tr\u00e8s belles bo\u00eetes en bois, de la vaisselle toute [&hellip;]<\/p>\n","protected":false},"featured_media":2536,"template":"","meta":{"_acf_changed":false},"product_brand":[],"product_cat":[48],"product_tag":[],"class_list":{"0":"post-2552","1":"product","2":"type-product","3":"status-publish","4":"has-post-thumbnail","6":"product_cat-artistique","8":"first","9":"instock","10":"sold-individually","11":"taxable","12":"shipping-taxable","13":"purchasable","14":"product-type-simple"},"acf":[],"yoast_head":"<!-- This site is optimized with the Yoast SEO plugin v27.3 - https:\/\/yoast.com\/product\/yoast-seo-wordpress\/ -->\n<title>Planche \u00e0 D\u00e9couper et Art Folklorique Russe - Artistique - Red Karawana<\/title>\n<meta name=\"description\" content=\"La planche \u00e0 d\u00e9couper que nous pr\u00e9sentons ici est en bois et met en valeur un motif remarquable peint main c\u00e9l\u00e9brant les beaut\u00e9s de la nature.\" \/>\n<meta name=\"robots\" content=\"index, follow, max-snippet:-1, max-image-preview:large, max-video-preview:-1\" \/>\n<link rel=\"canonical\" href=\"https:\/\/redkarawana.com\/fr\/artisan\/planche-a-decouper-russie\/\" \/>\n<meta property=\"og:locale\" content=\"fr_FR\" \/>\n<meta property=\"og:type\" content=\"article\" \/>\n<meta property=\"og:title\" content=\"Planche \u00e0 D\u00e9couper et Art Folklorique Russe - Artistique - Red Karawana\" \/>\n<meta property=\"og:description\" content=\"La planche \u00e0 d\u00e9couper que nous pr\u00e9sentons ici est en bois et met en valeur un motif remarquable peint main c\u00e9l\u00e9brant les beaut\u00e9s de la nature.\" \/>\n<meta property=\"og:url\" content=\"https:\/\/redkarawana.com\/fr\/artisan\/planche-a-decouper-russie\/\" \/>\n<meta property=\"og:site_name\" content=\"Red Karawana\" \/>\n<meta property=\"article:publisher\" content=\"https:\/\/www.facebook.com\/redkarawana\/\" \/>\n<meta property=\"og:image\" content=\"https:\/\/redkarawana.com\/wp-content\/uploads\/2024\/05\/1-AF-1200x630-Russia-Cutting-Board.jpg\" \/>\n\t<meta property=\"og:image:width\" content=\"1200\" \/>\n\t<meta property=\"og:image:height\" content=\"630\" \/>\n\t<meta property=\"og:image:type\" content=\"image\/jpeg\" \/>\n<meta name=\"twitter:card\" content=\"summary_large_image\" \/>\n<meta name=\"twitter:label1\" content=\"Dur\u00e9e de lecture estim\u00e9e\" \/>\n\t<meta name=\"twitter:data1\" content=\"1 minute\" \/>\n<script type=\"application\/ld+json\" class=\"yoast-schema-graph\">{\"@context\":\"https:\\\/\\\/schema.org\",\"@graph\":[{\"@type\":\"WebPage\",\"@id\":\"https:\\\/\\\/redkarawana.com\\\/fr\\\/artisan\\\/planche-a-decouper-russie\\\/\",\"url\":\"https:\\\/\\\/redkarawana.com\\\/fr\\\/artisan\\\/planche-a-decouper-russie\\\/\",\"name\":\"Planche \u00e0 D\u00e9couper et Art Folklorique Russe - Artistique - Red Karawana\",\"isPartOf\":{\"@id\":\"https:\\\/\\\/redkarawana.com\\\/#website\"},\"primaryImageOfPage\":{\"@id\":\"https:\\\/\\\/redkarawana.com\\\/fr\\\/artisan\\\/planche-a-decouper-russie\\\/#primaryimage\"},\"image\":{\"@id\":\"https:\\\/\\\/redkarawana.com\\\/fr\\\/artisan\\\/planche-a-decouper-russie\\\/#primaryimage\"},\"thumbnailUrl\":\"https:\\\/\\\/redkarawana.com\\\/wp-content\\\/uploads\\\/2024\\\/05\\\/1-SP-Russia-Cutting-Board.jpg\",\"datePublished\":\"2025-11-29T17:30:30+00:00\",\"description\":\"La planche \u00e0 d\u00e9couper que nous pr\u00e9sentons ici est en bois et met en valeur un motif remarquable peint main c\u00e9l\u00e9brant les beaut\u00e9s de la nature.\",\"breadcrumb\":{\"@id\":\"https:\\\/\\\/redkarawana.com\\\/fr\\\/artisan\\\/planche-a-decouper-russie\\\/#breadcrumb\"},\"inLanguage\":\"fr-FR\",\"potentialAction\":[{\"@type\":\"ReadAction\",\"target\":[\"https:\\\/\\\/redkarawana.com\\\/fr\\\/artisan\\\/planche-a-decouper-russie\\\/\"]}]},{\"@type\":\"ImageObject\",\"inLanguage\":\"fr-FR\",\"@id\":\"https:\\\/\\\/redkarawana.com\\\/fr\\\/artisan\\\/planche-a-decouper-russie\\\/#primaryimage\",\"url\":\"https:\\\/\\\/redkarawana.com\\\/wp-content\\\/uploads\\\/2024\\\/05\\\/1-SP-Russia-Cutting-Board.jpg\",\"contentUrl\":\"https:\\\/\\\/redkarawana.com\\\/wp-content\\\/uploads\\\/2024\\\/05\\\/1-SP-Russia-Cutting-Board.jpg\",\"width\":680,\"height\":453,\"caption\":\"Russie, Planche \u00e0 D\u00e9couper\"},{\"@type\":\"BreadcrumbList\",\"@id\":\"https:\\\/\\\/redkarawana.com\\\/fr\\\/artisan\\\/planche-a-decouper-russie\\\/#breadcrumb\",\"itemListElement\":[{\"@type\":\"ListItem\",\"position\":1,\"name\":\"Home\",\"item\":\"https:\\\/\\\/redkarawana.com\\\/fr\\\/\"},{\"@type\":\"ListItem\",\"position\":2,\"name\":\"Artisans\",\"item\":\"https:\\\/\\\/redkarawana.com\\\/fr\\\/artisans\\\/\"},{\"@type\":\"ListItem\",\"position\":3,\"name\":\"Planche \u00e0 D\u00e9couper, Russie ; Art Folklorique Russe sur Objects en Bois\"}]},{\"@type\":\"WebSite\",\"@id\":\"https:\\\/\\\/redkarawana.com\\\/#website\",\"url\":\"https:\\\/\\\/redkarawana.com\\\/\",\"name\":\"Red Karawana\",\"description\":\"\",\"publisher\":{\"@id\":\"https:\\\/\\\/redkarawana.com\\\/#organization\"},\"potentialAction\":[{\"@type\":\"SearchAction\",\"target\":{\"@type\":\"EntryPoint\",\"urlTemplate\":\"https:\\\/\\\/redkarawana.com\\\/?s={search_term_string}\"},\"query-input\":{\"@type\":\"PropertyValueSpecification\",\"valueRequired\":true,\"valueName\":\"search_term_string\"}}],\"inLanguage\":\"fr-FR\"},{\"@type\":\"Organization\",\"@id\":\"https:\\\/\\\/redkarawana.com\\\/#organization\",\"name\":\"Red Karawana\",\"url\":\"https:\\\/\\\/redkarawana.com\\\/\",\"logo\":{\"@type\":\"ImageObject\",\"inLanguage\":\"fr-FR\",\"@id\":\"https:\\\/\\\/redkarawana.com\\\/#\\\/schema\\\/logo\\\/image\\\/\",\"url\":\"https:\\\/\\\/redkarawana.com\\\/wp-content\\\/uploads\\\/2025\\\/05\\\/cropped-Screenshot-2025-05-29-at-09.27.38.png\",\"contentUrl\":\"https:\\\/\\\/redkarawana.com\\\/wp-content\\\/uploads\\\/2025\\\/05\\\/cropped-Screenshot-2025-05-29-at-09.27.38.png\",\"width\":512,\"height\":512,\"caption\":\"Red Karawana\"},\"image\":{\"@id\":\"https:\\\/\\\/redkarawana.com\\\/#\\\/schema\\\/logo\\\/image\\\/\"},\"sameAs\":[\"https:\\\/\\\/www.facebook.com\\\/redkarawana\\\/\",\"https:\\\/\\\/www.instagram.com\\\/redkarawana\\\/\",\"https:\\\/\\\/www.youtube.com\\\/channel\\\/UCU9jXzSmyKm4ZZv38FEXGKg\",\"https:\\\/\\\/www.pinterest.com\\\/redkarawana\\\/\"]}]}<\/script>\n<!-- \/ Yoast SEO plugin. -->","yoast_head_json":{"title":"Planche \u00e0 D\u00e9couper et Art Folklorique Russe - Artistique - Red Karawana","description":"La planche \u00e0 d\u00e9couper que nous pr\u00e9sentons ici est en bois et met en valeur un motif remarquable peint main c\u00e9l\u00e9brant les beaut\u00e9s de la nature.","robots":{"index":"index","follow":"follow","max-snippet":"max-snippet:-1","max-image-preview":"max-image-preview:large","max-video-preview":"max-video-preview:-1"},"canonical":"https:\/\/redkarawana.com\/fr\/artisan\/planche-a-decouper-russie\/","og_locale":"fr_FR","og_type":"article","og_title":"Planche \u00e0 D\u00e9couper et Art Folklorique Russe - Artistique - Red Karawana","og_description":"La planche \u00e0 d\u00e9couper que nous pr\u00e9sentons ici est en bois et met en valeur un motif remarquable peint main c\u00e9l\u00e9brant les beaut\u00e9s de la nature.","og_url":"https:\/\/redkarawana.com\/fr\/artisan\/planche-a-decouper-russie\/","og_site_name":"Red Karawana","article_publisher":"https:\/\/www.facebook.com\/redkarawana\/","og_image":[{"width":1200,"height":630,"url":"https:\/\/redkarawana.com\/wp-content\/uploads\/2024\/05\/1-AF-1200x630-Russia-Cutting-Board.jpg","type":"image\/jpeg"}],"twitter_card":"summary_large_image","twitter_misc":{"Dur\u00e9e de lecture estim\u00e9e":"1 minute"},"schema":{"@context":"https:\/\/schema.org","@graph":[{"@type":"WebPage","@id":"https:\/\/redkarawana.com\/fr\/artisan\/planche-a-decouper-russie\/","url":"https:\/\/redkarawana.com\/fr\/artisan\/planche-a-decouper-russie\/","name":"Planche \u00e0 D\u00e9couper et Art Folklorique Russe - Artistique - Red Karawana","isPartOf":{"@id":"https:\/\/redkarawana.com\/#website"},"primaryImageOfPage":{"@id":"https:\/\/redkarawana.com\/fr\/artisan\/planche-a-decouper-russie\/#primaryimage"},"image":{"@id":"https:\/\/redkarawana.com\/fr\/artisan\/planche-a-decouper-russie\/#primaryimage"},"thumbnailUrl":"https:\/\/redkarawana.com\/wp-content\/uploads\/2024\/05\/1-SP-Russia-Cutting-Board.jpg","datePublished":"2025-11-29T17:30:30+00:00","description":"La planche \u00e0 d\u00e9couper que nous pr\u00e9sentons ici est en bois et met en valeur un motif remarquable peint main c\u00e9l\u00e9brant les beaut\u00e9s de la nature.","breadcrumb":{"@id":"https:\/\/redkarawana.com\/fr\/artisan\/planche-a-decouper-russie\/#breadcrumb"},"inLanguage":"fr-FR","potentialAction":[{"@type":"ReadAction","target":["https:\/\/redkarawana.com\/fr\/artisan\/planche-a-decouper-russie\/"]}]},{"@type":"ImageObject","inLanguage":"fr-FR","@id":"https:\/\/redkarawana.com\/fr\/artisan\/planche-a-decouper-russie\/#primaryimage","url":"https:\/\/redkarawana.com\/wp-content\/uploads\/2024\/05\/1-SP-Russia-Cutting-Board.jpg","contentUrl":"https:\/\/redkarawana.com\/wp-content\/uploads\/2024\/05\/1-SP-Russia-Cutting-Board.jpg","width":680,"height":453,"caption":"Russie, Planche \u00e0 D\u00e9couper"},{"@type":"BreadcrumbList","@id":"https:\/\/redkarawana.com\/fr\/artisan\/planche-a-decouper-russie\/#breadcrumb","itemListElement":[{"@type":"ListItem","position":1,"name":"Home","item":"https:\/\/redkarawana.com\/fr\/"},{"@type":"ListItem","position":2,"name":"Artisans","item":"https:\/\/redkarawana.com\/fr\/artisans\/"},{"@type":"ListItem","position":3,"name":"Planche \u00e0 D\u00e9couper, Russie ; Art Folklorique Russe sur Objects en Bois"}]},{"@type":"WebSite","@id":"https:\/\/redkarawana.com\/#website","url":"https:\/\/redkarawana.com\/","name":"Red Karawana","description":"","publisher":{"@id":"https:\/\/redkarawana.com\/#organization"},"potentialAction":[{"@type":"SearchAction","target":{"@type":"EntryPoint","urlTemplate":"https:\/\/redkarawana.com\/?s={search_term_string}"},"query-input":{"@type":"PropertyValueSpecification","valueRequired":true,"valueName":"search_term_string"}}],"inLanguage":"fr-FR"},{"@type":"Organization","@id":"https:\/\/redkarawana.com\/#organization","name":"Red Karawana","url":"https:\/\/redkarawana.com\/","logo":{"@type":"ImageObject","inLanguage":"fr-FR","@id":"https:\/\/redkarawana.com\/#\/schema\/logo\/image\/","url":"https:\/\/redkarawana.com\/wp-content\/uploads\/2025\/05\/cropped-Screenshot-2025-05-29-at-09.27.38.png","contentUrl":"https:\/\/redkarawana.com\/wp-content\/uploads\/2025\/05\/cropped-Screenshot-2025-05-29-at-09.27.38.png","width":512,"height":512,"caption":"Red Karawana"},"image":{"@id":"https:\/\/redkarawana.com\/#\/schema\/logo\/image\/"},"sameAs":["https:\/\/www.facebook.com\/redkarawana\/","https:\/\/www.instagram.com\/redkarawana\/","https:\/\/www.youtube.com\/channel\/UCU9jXzSmyKm4ZZv38FEXGKg","https:\/\/www.pinterest.com\/redkarawana\/"]}]}},"_links":{"self":[{"href":"https:\/\/redkarawana.com\/fr\/wp-json\/wp\/v2\/product\/2552","targetHints":{"allow":["GET"]}}],"collection":[{"href":"https:\/\/redkarawana.com\/fr\/wp-json\/wp\/v2\/product"}],"about":[{"href":"https:\/\/redkarawana.com\/fr\/wp-json\/wp\/v2\/types\/product"}],"wp:featuredmedia":[{"embeddable":true,"href":"https:\/\/redkarawana.com\/fr\/wp-json\/wp\/v2\/media\/2536"}],"wp:attachment":[{"href":"https:\/\/redkarawana.com\/fr\/wp-json\/wp\/v2\/media?parent=2552"}],"wp:term":[{"taxonomy":"product_brand","embeddable":true,"href":"https:\/\/redkarawana.com\/fr\/wp-json\/wp\/v2\/product_brand?post=2552"},{"taxonomy":"product_cat","embeddable":true,"href":"https:\/\/redkarawana.com\/fr\/wp-json\/wp\/v2\/product_cat?post=2552"},{"taxonomy":"product_tag","embeddable":true,"href":"https:\/\/redkarawana.com\/fr\/wp-json\/wp\/v2\/product_tag?post=2552"}],"curies":[{"name":"wp","href":"https:\/\/api.w.org\/{rel}","templated":true}]}}