{"id":2576,"date":"2025-11-29T17:40:22","date_gmt":"2025-11-29T17:40:22","guid":{"rendered":"https:\/\/redkarawana.com\/?post_type=product&#038;p=2576"},"modified":"2025-12-07T14:15:39","modified_gmt":"2025-12-07T14:15:39","slug":"housse-coussin-turquoise-chine","status":"publish","type":"product","link":"https:\/\/redkarawana.com\/fr\/artisan\/housse-coussin-turquoise-chine\/","title":{"rendered":"Housse de Coussin Couleur Turquoise, Chine ; Tableau Vivant, La Chine Antique"},"content":{"rendered":"<p>Tout au long de la longue histoire de la Chine, des tissus luxueux ont \u00e9t\u00e9 employ\u00e9s pour habiller les empereurs, donner de l&rsquo;allure aux palais ou d\u00e9corer les temples.\u00a0 Les tissus chinois traditionnels portent souvent des couleurs vives, et des motifs traditionnels aux significations spirituelles.\u00a0 Cette housse de coussin est con\u00e7ue en un tissu de couleur turquoise accentu\u00e9e de symboles chinois.\u00a0 Un th\u00e8me traditionnel aux couleurs rouges, roses, vertes et or se distingue de l\u2019arri\u00e8re-plan.\u00a0 Une fermeture \u00e9clair simple et une bordure tr\u00e8s fine de couleur turquoise compl\u00e9mente le produit.\u00a0 Mesures : 1 housse de coussin (hauteur 16 1\/2 pouces, largeur 16 pouces).<\/p>\n","protected":false},"excerpt":{"rendered":"<p>Tout au long de la longue histoire de la Chine, des tissus luxueux ont \u00e9t\u00e9 employ\u00e9s pour habiller les empereurs, donner de l&rsquo;allure aux palais ou d\u00e9corer les temples.\u00a0 Les tissus chinois traditionnels portent souvent des couleurs vives, et des motifs traditionnels aux significations spirituelles.\u00a0 Cette housse de coussin est con\u00e7ue en un tissu de [&hellip;]<\/p>\n","protected":false},"featured_media":2560,"template":"","meta":{"_acf_changed":false},"product_brand":[],"product_cat":[51],"product_tag":[],"class_list":{"0":"post-2576","1":"product","2":"type-product","3":"status-publish","4":"has-post-thumbnail","6":"product_cat-eclectique","8":"first","9":"instock","10":"sold-individually","11":"taxable","12":"shipping-taxable","13":"purchasable","14":"product-type-simple"},"acf":[],"yoast_head":"<!-- This site is optimized with the Yoast SEO plugin v27.3 - https:\/\/yoast.com\/product\/yoast-seo-wordpress\/ -->\n<title>Housse de Coussin Couleur Turquoise, Chine - \u00c9clectique - Red Karawana<\/title>\n<meta name=\"description\" content=\"Une house de cousin couleur turquoise est con\u00e7ue en un tissu de couleur turquoise accentu\u00e9e de symbols chinois de plusieurs couleurs.\" \/>\n<meta name=\"robots\" content=\"index, follow, max-snippet:-1, max-image-preview:large, max-video-preview:-1\" \/>\n<link rel=\"canonical\" href=\"https:\/\/redkarawana.com\/fr\/artisan\/housse-coussin-turquoise-chine\/\" \/>\n<meta property=\"og:locale\" content=\"fr_FR\" \/>\n<meta property=\"og:type\" content=\"article\" \/>\n<meta property=\"og:title\" content=\"Housse de Coussin Couleur Turquoise, Chine - \u00c9clectique - Red Karawana\" \/>\n<meta property=\"og:description\" content=\"Une house de cousin couleur turquoise est con\u00e7ue en un tissu de couleur turquoise accentu\u00e9e de symbols chinois de plusieurs couleurs.\" \/>\n<meta property=\"og:url\" content=\"https:\/\/redkarawana.com\/fr\/artisan\/housse-coussin-turquoise-chine\/\" \/>\n<meta property=\"og:site_name\" content=\"Red Karawana\" \/>\n<meta property=\"article:publisher\" content=\"https:\/\/www.facebook.com\/redkarawana\/\" \/>\n<meta property=\"article:modified_time\" content=\"2025-12-07T14:15:39+00:00\" \/>\n<meta property=\"og:image\" content=\"https:\/\/redkarawana.com\/wp-content\/uploads\/2024\/05\/1-AAP-F1200x628-China-Turquoise-Pillow-Case.jpg\" \/>\n\t<meta property=\"og:image:width\" content=\"1200\" \/>\n\t<meta property=\"og:image:height\" content=\"630\" \/>\n\t<meta property=\"og:image:type\" content=\"image\/jpeg\" \/>\n<meta name=\"twitter:card\" content=\"summary_large_image\" \/>\n<meta name=\"twitter:label1\" content=\"Dur\u00e9e de lecture estim\u00e9e\" \/>\n\t<meta name=\"twitter:data1\" content=\"1 minute\" \/>\n<script type=\"application\/ld+json\" class=\"yoast-schema-graph\">{\"@context\":\"https:\\\/\\\/schema.org\",\"@graph\":[{\"@type\":\"WebPage\",\"@id\":\"https:\\\/\\\/redkarawana.com\\\/fr\\\/artisan\\\/housse-coussin-turquoise-chine\\\/\",\"url\":\"https:\\\/\\\/redkarawana.com\\\/fr\\\/artisan\\\/housse-coussin-turquoise-chine\\\/\",\"name\":\"Housse de Coussin Couleur Turquoise, Chine - \u00c9clectique - Red Karawana\",\"isPartOf\":{\"@id\":\"https:\\\/\\\/redkarawana.com\\\/#website\"},\"primaryImageOfPage\":{\"@id\":\"https:\\\/\\\/redkarawana.com\\\/fr\\\/artisan\\\/housse-coussin-turquoise-chine\\\/#primaryimage\"},\"image\":{\"@id\":\"https:\\\/\\\/redkarawana.com\\\/fr\\\/artisan\\\/housse-coussin-turquoise-chine\\\/#primaryimage\"},\"thumbnailUrl\":\"https:\\\/\\\/redkarawana.com\\\/wp-content\\\/uploads\\\/2024\\\/05\\\/1-SP-China-Turquoise-Pillow-Case.jpg\",\"datePublished\":\"2025-11-29T17:40:22+00:00\",\"dateModified\":\"2025-12-07T14:15:39+00:00\",\"description\":\"Une house de cousin couleur turquoise est con\u00e7ue en un tissu de couleur turquoise accentu\u00e9e de symbols chinois de plusieurs couleurs.\",\"breadcrumb\":{\"@id\":\"https:\\\/\\\/redkarawana.com\\\/fr\\\/artisan\\\/housse-coussin-turquoise-chine\\\/#breadcrumb\"},\"inLanguage\":\"fr-FR\",\"potentialAction\":[{\"@type\":\"ReadAction\",\"target\":[\"https:\\\/\\\/redkarawana.com\\\/fr\\\/artisan\\\/housse-coussin-turquoise-chine\\\/\"]}]},{\"@type\":\"ImageObject\",\"inLanguage\":\"fr-FR\",\"@id\":\"https:\\\/\\\/redkarawana.com\\\/fr\\\/artisan\\\/housse-coussin-turquoise-chine\\\/#primaryimage\",\"url\":\"https:\\\/\\\/redkarawana.com\\\/wp-content\\\/uploads\\\/2024\\\/05\\\/1-SP-China-Turquoise-Pillow-Case.jpg\",\"contentUrl\":\"https:\\\/\\\/redkarawana.com\\\/wp-content\\\/uploads\\\/2024\\\/05\\\/1-SP-China-Turquoise-Pillow-Case.jpg\",\"width\":680,\"height\":453,\"caption\":\"Chine, Housse de Coussin Couleur Turquoise\"},{\"@type\":\"BreadcrumbList\",\"@id\":\"https:\\\/\\\/redkarawana.com\\\/fr\\\/artisan\\\/housse-coussin-turquoise-chine\\\/#breadcrumb\",\"itemListElement\":[{\"@type\":\"ListItem\",\"position\":1,\"name\":\"Home\",\"item\":\"https:\\\/\\\/redkarawana.com\\\/fr\\\/\"},{\"@type\":\"ListItem\",\"position\":2,\"name\":\"Artisans\",\"item\":\"https:\\\/\\\/redkarawana.com\\\/fr\\\/artisans\\\/\"},{\"@type\":\"ListItem\",\"position\":3,\"name\":\"Housse de Coussin Couleur Turquoise, Chine ; Tableau Vivant, La Chine Antique\"}]},{\"@type\":\"WebSite\",\"@id\":\"https:\\\/\\\/redkarawana.com\\\/#website\",\"url\":\"https:\\\/\\\/redkarawana.com\\\/\",\"name\":\"Red Karawana\",\"description\":\"\",\"publisher\":{\"@id\":\"https:\\\/\\\/redkarawana.com\\\/#organization\"},\"potentialAction\":[{\"@type\":\"SearchAction\",\"target\":{\"@type\":\"EntryPoint\",\"urlTemplate\":\"https:\\\/\\\/redkarawana.com\\\/?s={search_term_string}\"},\"query-input\":{\"@type\":\"PropertyValueSpecification\",\"valueRequired\":true,\"valueName\":\"search_term_string\"}}],\"inLanguage\":\"fr-FR\"},{\"@type\":\"Organization\",\"@id\":\"https:\\\/\\\/redkarawana.com\\\/#organization\",\"name\":\"Red Karawana\",\"url\":\"https:\\\/\\\/redkarawana.com\\\/\",\"logo\":{\"@type\":\"ImageObject\",\"inLanguage\":\"fr-FR\",\"@id\":\"https:\\\/\\\/redkarawana.com\\\/#\\\/schema\\\/logo\\\/image\\\/\",\"url\":\"https:\\\/\\\/redkarawana.com\\\/wp-content\\\/uploads\\\/2025\\\/05\\\/cropped-Screenshot-2025-05-29-at-09.27.38.png\",\"contentUrl\":\"https:\\\/\\\/redkarawana.com\\\/wp-content\\\/uploads\\\/2025\\\/05\\\/cropped-Screenshot-2025-05-29-at-09.27.38.png\",\"width\":512,\"height\":512,\"caption\":\"Red Karawana\"},\"image\":{\"@id\":\"https:\\\/\\\/redkarawana.com\\\/#\\\/schema\\\/logo\\\/image\\\/\"},\"sameAs\":[\"https:\\\/\\\/www.facebook.com\\\/redkarawana\\\/\",\"https:\\\/\\\/www.instagram.com\\\/redkarawana\\\/\",\"https:\\\/\\\/www.youtube.com\\\/channel\\\/UCU9jXzSmyKm4ZZv38FEXGKg\",\"https:\\\/\\\/www.pinterest.com\\\/redkarawana\\\/\"]}]}<\/script>\n<!-- \/ Yoast SEO plugin. -->","yoast_head_json":{"title":"Housse de Coussin Couleur Turquoise, Chine - \u00c9clectique - Red Karawana","description":"Une house de cousin couleur turquoise est con\u00e7ue en un tissu de couleur turquoise accentu\u00e9e de symbols chinois de plusieurs couleurs.","robots":{"index":"index","follow":"follow","max-snippet":"max-snippet:-1","max-image-preview":"max-image-preview:large","max-video-preview":"max-video-preview:-1"},"canonical":"https:\/\/redkarawana.com\/fr\/artisan\/housse-coussin-turquoise-chine\/","og_locale":"fr_FR","og_type":"article","og_title":"Housse de Coussin Couleur Turquoise, Chine - \u00c9clectique - Red Karawana","og_description":"Une house de cousin couleur turquoise est con\u00e7ue en un tissu de couleur turquoise accentu\u00e9e de symbols chinois de plusieurs couleurs.","og_url":"https:\/\/redkarawana.com\/fr\/artisan\/housse-coussin-turquoise-chine\/","og_site_name":"Red Karawana","article_publisher":"https:\/\/www.facebook.com\/redkarawana\/","article_modified_time":"2025-12-07T14:15:39+00:00","og_image":[{"width":1200,"height":630,"url":"https:\/\/redkarawana.com\/wp-content\/uploads\/2024\/05\/1-AAP-F1200x628-China-Turquoise-Pillow-Case.jpg","type":"image\/jpeg"}],"twitter_card":"summary_large_image","twitter_misc":{"Dur\u00e9e de lecture estim\u00e9e":"1 minute"},"schema":{"@context":"https:\/\/schema.org","@graph":[{"@type":"WebPage","@id":"https:\/\/redkarawana.com\/fr\/artisan\/housse-coussin-turquoise-chine\/","url":"https:\/\/redkarawana.com\/fr\/artisan\/housse-coussin-turquoise-chine\/","name":"Housse de Coussin Couleur Turquoise, Chine - \u00c9clectique - Red Karawana","isPartOf":{"@id":"https:\/\/redkarawana.com\/#website"},"primaryImageOfPage":{"@id":"https:\/\/redkarawana.com\/fr\/artisan\/housse-coussin-turquoise-chine\/#primaryimage"},"image":{"@id":"https:\/\/redkarawana.com\/fr\/artisan\/housse-coussin-turquoise-chine\/#primaryimage"},"thumbnailUrl":"https:\/\/redkarawana.com\/wp-content\/uploads\/2024\/05\/1-SP-China-Turquoise-Pillow-Case.jpg","datePublished":"2025-11-29T17:40:22+00:00","dateModified":"2025-12-07T14:15:39+00:00","description":"Une house de cousin couleur turquoise est con\u00e7ue en un tissu de couleur turquoise accentu\u00e9e de symbols chinois de plusieurs couleurs.","breadcrumb":{"@id":"https:\/\/redkarawana.com\/fr\/artisan\/housse-coussin-turquoise-chine\/#breadcrumb"},"inLanguage":"fr-FR","potentialAction":[{"@type":"ReadAction","target":["https:\/\/redkarawana.com\/fr\/artisan\/housse-coussin-turquoise-chine\/"]}]},{"@type":"ImageObject","inLanguage":"fr-FR","@id":"https:\/\/redkarawana.com\/fr\/artisan\/housse-coussin-turquoise-chine\/#primaryimage","url":"https:\/\/redkarawana.com\/wp-content\/uploads\/2024\/05\/1-SP-China-Turquoise-Pillow-Case.jpg","contentUrl":"https:\/\/redkarawana.com\/wp-content\/uploads\/2024\/05\/1-SP-China-Turquoise-Pillow-Case.jpg","width":680,"height":453,"caption":"Chine, Housse de Coussin Couleur Turquoise"},{"@type":"BreadcrumbList","@id":"https:\/\/redkarawana.com\/fr\/artisan\/housse-coussin-turquoise-chine\/#breadcrumb","itemListElement":[{"@type":"ListItem","position":1,"name":"Home","item":"https:\/\/redkarawana.com\/fr\/"},{"@type":"ListItem","position":2,"name":"Artisans","item":"https:\/\/redkarawana.com\/fr\/artisans\/"},{"@type":"ListItem","position":3,"name":"Housse de Coussin Couleur Turquoise, Chine ; Tableau Vivant, La Chine Antique"}]},{"@type":"WebSite","@id":"https:\/\/redkarawana.com\/#website","url":"https:\/\/redkarawana.com\/","name":"Red Karawana","description":"","publisher":{"@id":"https:\/\/redkarawana.com\/#organization"},"potentialAction":[{"@type":"SearchAction","target":{"@type":"EntryPoint","urlTemplate":"https:\/\/redkarawana.com\/?s={search_term_string}"},"query-input":{"@type":"PropertyValueSpecification","valueRequired":true,"valueName":"search_term_string"}}],"inLanguage":"fr-FR"},{"@type":"Organization","@id":"https:\/\/redkarawana.com\/#organization","name":"Red Karawana","url":"https:\/\/redkarawana.com\/","logo":{"@type":"ImageObject","inLanguage":"fr-FR","@id":"https:\/\/redkarawana.com\/#\/schema\/logo\/image\/","url":"https:\/\/redkarawana.com\/wp-content\/uploads\/2025\/05\/cropped-Screenshot-2025-05-29-at-09.27.38.png","contentUrl":"https:\/\/redkarawana.com\/wp-content\/uploads\/2025\/05\/cropped-Screenshot-2025-05-29-at-09.27.38.png","width":512,"height":512,"caption":"Red Karawana"},"image":{"@id":"https:\/\/redkarawana.com\/#\/schema\/logo\/image\/"},"sameAs":["https:\/\/www.facebook.com\/redkarawana\/","https:\/\/www.instagram.com\/redkarawana\/","https:\/\/www.youtube.com\/channel\/UCU9jXzSmyKm4ZZv38FEXGKg","https:\/\/www.pinterest.com\/redkarawana\/"]}]}},"_links":{"self":[{"href":"https:\/\/redkarawana.com\/fr\/wp-json\/wp\/v2\/product\/2576","targetHints":{"allow":["GET"]}}],"collection":[{"href":"https:\/\/redkarawana.com\/fr\/wp-json\/wp\/v2\/product"}],"about":[{"href":"https:\/\/redkarawana.com\/fr\/wp-json\/wp\/v2\/types\/product"}],"wp:featuredmedia":[{"embeddable":true,"href":"https:\/\/redkarawana.com\/fr\/wp-json\/wp\/v2\/media\/2560"}],"wp:attachment":[{"href":"https:\/\/redkarawana.com\/fr\/wp-json\/wp\/v2\/media?parent=2576"}],"wp:term":[{"taxonomy":"product_brand","embeddable":true,"href":"https:\/\/redkarawana.com\/fr\/wp-json\/wp\/v2\/product_brand?post=2576"},{"taxonomy":"product_cat","embeddable":true,"href":"https:\/\/redkarawana.com\/fr\/wp-json\/wp\/v2\/product_cat?post=2576"},{"taxonomy":"product_tag","embeddable":true,"href":"https:\/\/redkarawana.com\/fr\/wp-json\/wp\/v2\/product_tag?post=2576"}],"curies":[{"name":"wp","href":"https:\/\/api.w.org\/{rel}","templated":true}]}}