{"id":2600,"date":"2025-11-29T17:50:00","date_gmt":"2025-11-29T17:50:00","guid":{"rendered":"https:\/\/redkarawana.com\/?post_type=product&#038;p=2600"},"modified":"2024-05-09T00:38:00","modified_gmt":"2024-05-09T00:38:00","slug":"bols-decoratifs-vietnam","status":"publish","type":"product","link":"https:\/\/redkarawana.com\/fr\/artisan\/bols-decoratifs-vietnam\/","title":{"rendered":"Bols D\u00e9coratifs, Vietnam ; Conception \u00c9labor\u00e9e et Harmonie de Couleurs"},"content":{"rendered":"<p>Pendant notre exploration du Centre Vietnam, nous visitons la Vieille Ville de An Ancient, centre de pr\u00e9servation d&rsquo;industries artisanales traditionnelles. Le vieux quartier et les \u00eeles rurales avoisinantes accueillent des tailleurs d&rsquo;habits faits sur mesure, des boutiques et des ateliers o\u00f9 les artisans cr\u00e9ent des produits uniques utilisant d&rsquo;anciennes techniques soigneusement pr\u00e9serv\u00e9es. Ces bols d\u00e9coratifs sont par\u00e9s de petits morceaux de coquillages et de sable de mer. L\u2019ext\u00e9rieur affiche un motif simple multicolore sur fond rouge. Ensemble : 2 bols d\u00e9coratifs (hauteur 3 pouces, largeur 4 1\/2 pouces).<\/p>\n","protected":false},"excerpt":{"rendered":"<p>Pendant notre exploration du Centre Vietnam, nous visitons la Vieille Ville de An Ancient, centre de pr\u00e9servation d&rsquo;industries artisanales traditionnelles. Le vieux quartier et les \u00eeles rurales avoisinantes accueillent des tailleurs d&rsquo;habits faits sur mesure, des boutiques et des ateliers o\u00f9 les artisans cr\u00e9ent des produits uniques utilisant d&rsquo;anciennes techniques soigneusement pr\u00e9serv\u00e9es. Ces bols d\u00e9coratifs [&hellip;]<\/p>\n","protected":false},"featured_media":2584,"template":"","meta":{"_acf_changed":false},"product_brand":[],"product_cat":[49],"product_tag":[],"class_list":{"0":"post-2600","1":"product","2":"type-product","3":"status-publish","4":"has-post-thumbnail","6":"product_cat-decoratif","8":"first","9":"instock","10":"sold-individually","11":"taxable","12":"shipping-taxable","13":"purchasable","14":"product-type-simple"},"acf":[],"yoast_head":"<!-- This site is optimized with the Yoast SEO plugin v27.3 - https:\/\/yoast.com\/product\/yoast-seo-wordpress\/ -->\n<title>Bols D\u00e9coratifs, Vietnam - D\u00e9coratif - Red Karawana<\/title>\n<meta name=\"description\" content=\"Bols d\u00e9coratifs affichent un motif multicolore sur fond rouge. Ces bols d\u00e9coratifs sont par\u00e9s de morceaux de coquillages et de sable de mer.\" \/>\n<meta name=\"robots\" content=\"index, follow, max-snippet:-1, max-image-preview:large, max-video-preview:-1\" \/>\n<link rel=\"canonical\" href=\"https:\/\/redkarawana.com\/fr\/artisan\/bols-decoratifs-vietnam\/\" \/>\n<meta property=\"og:locale\" content=\"fr_FR\" \/>\n<meta property=\"og:type\" content=\"article\" \/>\n<meta property=\"og:title\" content=\"Bols D\u00e9coratifs, Vietnam - D\u00e9coratif - Red Karawana\" \/>\n<meta property=\"og:description\" content=\"Bols d\u00e9coratifs affichent un motif multicolore sur fond rouge. Ces bols d\u00e9coratifs sont par\u00e9s de morceaux de coquillages et de sable de mer.\" \/>\n<meta property=\"og:url\" content=\"https:\/\/redkarawana.com\/fr\/artisan\/bols-decoratifs-vietnam\/\" \/>\n<meta property=\"og:site_name\" content=\"Red Karawana\" \/>\n<meta property=\"article:publisher\" content=\"https:\/\/www.facebook.com\/redkarawana\/\" \/>\n<meta property=\"og:image\" content=\"https:\/\/redkarawana.com\/wp-content\/uploads\/2024\/05\/1-AAP-F1200x630-Vietnam-Decorative-Bowls.jpg\" \/>\n\t<meta property=\"og:image:width\" content=\"1200\" \/>\n\t<meta property=\"og:image:height\" content=\"630\" \/>\n\t<meta property=\"og:image:type\" content=\"image\/jpeg\" \/>\n<meta name=\"twitter:card\" content=\"summary_large_image\" \/>\n<meta name=\"twitter:label1\" content=\"Dur\u00e9e de lecture estim\u00e9e\" \/>\n\t<meta name=\"twitter:data1\" content=\"1 minute\" \/>\n<script type=\"application\/ld+json\" class=\"yoast-schema-graph\">{\"@context\":\"https:\\\/\\\/schema.org\",\"@graph\":[{\"@type\":\"WebPage\",\"@id\":\"https:\\\/\\\/redkarawana.com\\\/fr\\\/artisan\\\/bols-decoratifs-vietnam\\\/\",\"url\":\"https:\\\/\\\/redkarawana.com\\\/fr\\\/artisan\\\/bols-decoratifs-vietnam\\\/\",\"name\":\"Bols D\u00e9coratifs, Vietnam - D\u00e9coratif - Red Karawana\",\"isPartOf\":{\"@id\":\"https:\\\/\\\/redkarawana.com\\\/#website\"},\"primaryImageOfPage\":{\"@id\":\"https:\\\/\\\/redkarawana.com\\\/fr\\\/artisan\\\/bols-decoratifs-vietnam\\\/#primaryimage\"},\"image\":{\"@id\":\"https:\\\/\\\/redkarawana.com\\\/fr\\\/artisan\\\/bols-decoratifs-vietnam\\\/#primaryimage\"},\"thumbnailUrl\":\"https:\\\/\\\/redkarawana.com\\\/wp-content\\\/uploads\\\/2024\\\/05\\\/1-SP-Vietnam-Decorative-Bowls.jpg\",\"datePublished\":\"2025-11-29T17:50:00+00:00\",\"description\":\"Bols d\u00e9coratifs affichent un motif multicolore sur fond rouge. Ces bols d\u00e9coratifs sont par\u00e9s de morceaux de coquillages et de sable de mer.\",\"breadcrumb\":{\"@id\":\"https:\\\/\\\/redkarawana.com\\\/fr\\\/artisan\\\/bols-decoratifs-vietnam\\\/#breadcrumb\"},\"inLanguage\":\"fr-FR\",\"potentialAction\":[{\"@type\":\"ReadAction\",\"target\":[\"https:\\\/\\\/redkarawana.com\\\/fr\\\/artisan\\\/bols-decoratifs-vietnam\\\/\"]}]},{\"@type\":\"ImageObject\",\"inLanguage\":\"fr-FR\",\"@id\":\"https:\\\/\\\/redkarawana.com\\\/fr\\\/artisan\\\/bols-decoratifs-vietnam\\\/#primaryimage\",\"url\":\"https:\\\/\\\/redkarawana.com\\\/wp-content\\\/uploads\\\/2024\\\/05\\\/1-SP-Vietnam-Decorative-Bowls.jpg\",\"contentUrl\":\"https:\\\/\\\/redkarawana.com\\\/wp-content\\\/uploads\\\/2024\\\/05\\\/1-SP-Vietnam-Decorative-Bowls.jpg\",\"width\":680,\"height\":453,\"caption\":\"Vietnam, Bols D\u00e9coratifs\"},{\"@type\":\"BreadcrumbList\",\"@id\":\"https:\\\/\\\/redkarawana.com\\\/fr\\\/artisan\\\/bols-decoratifs-vietnam\\\/#breadcrumb\",\"itemListElement\":[{\"@type\":\"ListItem\",\"position\":1,\"name\":\"Home\",\"item\":\"https:\\\/\\\/redkarawana.com\\\/fr\\\/\"},{\"@type\":\"ListItem\",\"position\":2,\"name\":\"Artisans\",\"item\":\"https:\\\/\\\/redkarawana.com\\\/fr\\\/artisans\\\/\"},{\"@type\":\"ListItem\",\"position\":3,\"name\":\"Bols D\u00e9coratifs, Vietnam ; Conception \u00c9labor\u00e9e et Harmonie de Couleurs\"}]},{\"@type\":\"WebSite\",\"@id\":\"https:\\\/\\\/redkarawana.com\\\/#website\",\"url\":\"https:\\\/\\\/redkarawana.com\\\/\",\"name\":\"Red Karawana\",\"description\":\"\",\"publisher\":{\"@id\":\"https:\\\/\\\/redkarawana.com\\\/#organization\"},\"potentialAction\":[{\"@type\":\"SearchAction\",\"target\":{\"@type\":\"EntryPoint\",\"urlTemplate\":\"https:\\\/\\\/redkarawana.com\\\/?s={search_term_string}\"},\"query-input\":{\"@type\":\"PropertyValueSpecification\",\"valueRequired\":true,\"valueName\":\"search_term_string\"}}],\"inLanguage\":\"fr-FR\"},{\"@type\":\"Organization\",\"@id\":\"https:\\\/\\\/redkarawana.com\\\/#organization\",\"name\":\"Red Karawana\",\"url\":\"https:\\\/\\\/redkarawana.com\\\/\",\"logo\":{\"@type\":\"ImageObject\",\"inLanguage\":\"fr-FR\",\"@id\":\"https:\\\/\\\/redkarawana.com\\\/#\\\/schema\\\/logo\\\/image\\\/\",\"url\":\"https:\\\/\\\/redkarawana.com\\\/wp-content\\\/uploads\\\/2025\\\/05\\\/cropped-Screenshot-2025-05-29-at-09.27.38.png\",\"contentUrl\":\"https:\\\/\\\/redkarawana.com\\\/wp-content\\\/uploads\\\/2025\\\/05\\\/cropped-Screenshot-2025-05-29-at-09.27.38.png\",\"width\":512,\"height\":512,\"caption\":\"Red Karawana\"},\"image\":{\"@id\":\"https:\\\/\\\/redkarawana.com\\\/#\\\/schema\\\/logo\\\/image\\\/\"},\"sameAs\":[\"https:\\\/\\\/www.facebook.com\\\/redkarawana\\\/\",\"https:\\\/\\\/www.instagram.com\\\/redkarawana\\\/\",\"https:\\\/\\\/www.youtube.com\\\/channel\\\/UCU9jXzSmyKm4ZZv38FEXGKg\",\"https:\\\/\\\/www.pinterest.com\\\/redkarawana\\\/\"]}]}<\/script>\n<!-- \/ Yoast SEO plugin. -->","yoast_head_json":{"title":"Bols D\u00e9coratifs, Vietnam - D\u00e9coratif - Red Karawana","description":"Bols d\u00e9coratifs affichent un motif multicolore sur fond rouge. Ces bols d\u00e9coratifs sont par\u00e9s de morceaux de coquillages et de sable de mer.","robots":{"index":"index","follow":"follow","max-snippet":"max-snippet:-1","max-image-preview":"max-image-preview:large","max-video-preview":"max-video-preview:-1"},"canonical":"https:\/\/redkarawana.com\/fr\/artisan\/bols-decoratifs-vietnam\/","og_locale":"fr_FR","og_type":"article","og_title":"Bols D\u00e9coratifs, Vietnam - D\u00e9coratif - Red Karawana","og_description":"Bols d\u00e9coratifs affichent un motif multicolore sur fond rouge. Ces bols d\u00e9coratifs sont par\u00e9s de morceaux de coquillages et de sable de mer.","og_url":"https:\/\/redkarawana.com\/fr\/artisan\/bols-decoratifs-vietnam\/","og_site_name":"Red Karawana","article_publisher":"https:\/\/www.facebook.com\/redkarawana\/","og_image":[{"width":1200,"height":630,"url":"https:\/\/redkarawana.com\/wp-content\/uploads\/2024\/05\/1-AAP-F1200x630-Vietnam-Decorative-Bowls.jpg","type":"image\/jpeg"}],"twitter_card":"summary_large_image","twitter_misc":{"Dur\u00e9e de lecture estim\u00e9e":"1 minute"},"schema":{"@context":"https:\/\/schema.org","@graph":[{"@type":"WebPage","@id":"https:\/\/redkarawana.com\/fr\/artisan\/bols-decoratifs-vietnam\/","url":"https:\/\/redkarawana.com\/fr\/artisan\/bols-decoratifs-vietnam\/","name":"Bols D\u00e9coratifs, Vietnam - D\u00e9coratif - Red Karawana","isPartOf":{"@id":"https:\/\/redkarawana.com\/#website"},"primaryImageOfPage":{"@id":"https:\/\/redkarawana.com\/fr\/artisan\/bols-decoratifs-vietnam\/#primaryimage"},"image":{"@id":"https:\/\/redkarawana.com\/fr\/artisan\/bols-decoratifs-vietnam\/#primaryimage"},"thumbnailUrl":"https:\/\/redkarawana.com\/wp-content\/uploads\/2024\/05\/1-SP-Vietnam-Decorative-Bowls.jpg","datePublished":"2025-11-29T17:50:00+00:00","description":"Bols d\u00e9coratifs affichent un motif multicolore sur fond rouge. Ces bols d\u00e9coratifs sont par\u00e9s de morceaux de coquillages et de sable de mer.","breadcrumb":{"@id":"https:\/\/redkarawana.com\/fr\/artisan\/bols-decoratifs-vietnam\/#breadcrumb"},"inLanguage":"fr-FR","potentialAction":[{"@type":"ReadAction","target":["https:\/\/redkarawana.com\/fr\/artisan\/bols-decoratifs-vietnam\/"]}]},{"@type":"ImageObject","inLanguage":"fr-FR","@id":"https:\/\/redkarawana.com\/fr\/artisan\/bols-decoratifs-vietnam\/#primaryimage","url":"https:\/\/redkarawana.com\/wp-content\/uploads\/2024\/05\/1-SP-Vietnam-Decorative-Bowls.jpg","contentUrl":"https:\/\/redkarawana.com\/wp-content\/uploads\/2024\/05\/1-SP-Vietnam-Decorative-Bowls.jpg","width":680,"height":453,"caption":"Vietnam, Bols D\u00e9coratifs"},{"@type":"BreadcrumbList","@id":"https:\/\/redkarawana.com\/fr\/artisan\/bols-decoratifs-vietnam\/#breadcrumb","itemListElement":[{"@type":"ListItem","position":1,"name":"Home","item":"https:\/\/redkarawana.com\/fr\/"},{"@type":"ListItem","position":2,"name":"Artisans","item":"https:\/\/redkarawana.com\/fr\/artisans\/"},{"@type":"ListItem","position":3,"name":"Bols D\u00e9coratifs, Vietnam ; Conception \u00c9labor\u00e9e et Harmonie de Couleurs"}]},{"@type":"WebSite","@id":"https:\/\/redkarawana.com\/#website","url":"https:\/\/redkarawana.com\/","name":"Red Karawana","description":"","publisher":{"@id":"https:\/\/redkarawana.com\/#organization"},"potentialAction":[{"@type":"SearchAction","target":{"@type":"EntryPoint","urlTemplate":"https:\/\/redkarawana.com\/?s={search_term_string}"},"query-input":{"@type":"PropertyValueSpecification","valueRequired":true,"valueName":"search_term_string"}}],"inLanguage":"fr-FR"},{"@type":"Organization","@id":"https:\/\/redkarawana.com\/#organization","name":"Red Karawana","url":"https:\/\/redkarawana.com\/","logo":{"@type":"ImageObject","inLanguage":"fr-FR","@id":"https:\/\/redkarawana.com\/#\/schema\/logo\/image\/","url":"https:\/\/redkarawana.com\/wp-content\/uploads\/2025\/05\/cropped-Screenshot-2025-05-29-at-09.27.38.png","contentUrl":"https:\/\/redkarawana.com\/wp-content\/uploads\/2025\/05\/cropped-Screenshot-2025-05-29-at-09.27.38.png","width":512,"height":512,"caption":"Red Karawana"},"image":{"@id":"https:\/\/redkarawana.com\/#\/schema\/logo\/image\/"},"sameAs":["https:\/\/www.facebook.com\/redkarawana\/","https:\/\/www.instagram.com\/redkarawana\/","https:\/\/www.youtube.com\/channel\/UCU9jXzSmyKm4ZZv38FEXGKg","https:\/\/www.pinterest.com\/redkarawana\/"]}]}},"_links":{"self":[{"href":"https:\/\/redkarawana.com\/fr\/wp-json\/wp\/v2\/product\/2600","targetHints":{"allow":["GET"]}}],"collection":[{"href":"https:\/\/redkarawana.com\/fr\/wp-json\/wp\/v2\/product"}],"about":[{"href":"https:\/\/redkarawana.com\/fr\/wp-json\/wp\/v2\/types\/product"}],"wp:featuredmedia":[{"embeddable":true,"href":"https:\/\/redkarawana.com\/fr\/wp-json\/wp\/v2\/media\/2584"}],"wp:attachment":[{"href":"https:\/\/redkarawana.com\/fr\/wp-json\/wp\/v2\/media?parent=2600"}],"wp:term":[{"taxonomy":"product_brand","embeddable":true,"href":"https:\/\/redkarawana.com\/fr\/wp-json\/wp\/v2\/product_brand?post=2600"},{"taxonomy":"product_cat","embeddable":true,"href":"https:\/\/redkarawana.com\/fr\/wp-json\/wp\/v2\/product_cat?post=2600"},{"taxonomy":"product_tag","embeddable":true,"href":"https:\/\/redkarawana.com\/fr\/wp-json\/wp\/v2\/product_tag?post=2600"}],"curies":[{"name":"wp","href":"https:\/\/api.w.org\/{rel}","templated":true}]}}