{"id":3171,"date":"2025-11-29T18:00:55","date_gmt":"2025-11-29T18:00:55","guid":{"rendered":"https:\/\/redkarawana.com\/?post_type=product&#038;p=3171"},"modified":"2025-12-07T14:09:55","modified_gmt":"2025-12-07T14:09:55","slug":"nappe-tibetaine-chine","status":"publish","type":"product","link":"https:\/\/redkarawana.com\/fr\/artisan\/nappe-tibetaine-chine\/","title":{"rendered":"Nappe Tib\u00e9taine, Tibet, Chine ; Multicolore Tiss\u00e9e et Brod\u00e9e \u00e0 la Main"},"content":{"rendered":"<p>Le plateau tib\u00e9tain est une terre vibrante de culture, de symboles spirituels et d&rsquo;art aux couleurs \u00e9clatantes. L&rsquo;art s&rsquo;infiltre partout dans la culture tib\u00e9taine : dans son architecture, ses peintures murales religieuses, ses traditions vestimentaires et ses d\u00e9cors.\u00a0 Les artistes tib\u00e9tains cr\u00e9ent des pi\u00e8ces d&rsquo;art originales aux couleurs vives, soulign\u00e9es de motifs locaux et de signification spirituelle.\u00a0 Cette nappe brod\u00e9e affiche un motif multicolore original cousu \u00e0 la main sur un tissu au fond jaune. Cette nappe d\u00e9corative est simplement rehauss\u00e9e aux bordures de franges de couleur blanche.\u00a0 Mesures : 1 nappe Tib\u00e9taine (hauteur 43 pouces, largeur 43 pouces).<\/p>\n","protected":false},"excerpt":{"rendered":"<p>Le plateau tib\u00e9tain est une terre vibrante de culture, de symboles spirituels et d&rsquo;art aux couleurs \u00e9clatantes. L&rsquo;art s&rsquo;infiltre partout dans la culture tib\u00e9taine : dans son architecture, ses peintures murales religieuses, ses traditions vestimentaires et ses d\u00e9cors.\u00a0 Les artistes tib\u00e9tains cr\u00e9ent des pi\u00e8ces d&rsquo;art originales aux couleurs vives, soulign\u00e9es de motifs locaux et de [&hellip;]<\/p>\n","protected":false},"featured_media":3155,"template":"","meta":{"_acf_changed":false},"product_brand":[],"product_cat":[51],"product_tag":[],"class_list":{"0":"post-3171","1":"product","2":"type-product","3":"status-publish","4":"has-post-thumbnail","6":"product_cat-eclectique","8":"first","9":"instock","10":"sold-individually","11":"taxable","12":"shipping-taxable","13":"purchasable","14":"product-type-simple"},"acf":[],"yoast_head":"<!-- This site is optimized with the Yoast SEO plugin v27.3 - https:\/\/yoast.com\/product\/yoast-seo-wordpress\/ -->\n<title>Nappe Tib\u00e9taine Artisanale - \u00c9clectique - Red Karawana<\/title>\n<meta name=\"description\" content=\"Cette nappe Tib\u00e9taine brod\u00e9e affiche un motif original cousu \u00e0 la main sur un tissu au fond jaune. Elle a des franges de couleur blanche.\" \/>\n<meta name=\"robots\" content=\"index, follow, max-snippet:-1, max-image-preview:large, max-video-preview:-1\" \/>\n<link rel=\"canonical\" href=\"https:\/\/redkarawana.com\/fr\/artisan\/nappe-tibetaine-chine\/\" \/>\n<meta property=\"og:locale\" content=\"fr_FR\" \/>\n<meta property=\"og:type\" content=\"article\" \/>\n<meta property=\"og:title\" content=\"Nappe Tib\u00e9taine Artisanale - \u00c9clectique - Red Karawana\" \/>\n<meta property=\"og:description\" content=\"Cette nappe Tib\u00e9taine brod\u00e9e affiche un motif original cousu \u00e0 la main sur un tissu au fond jaune. Elle a des franges de couleur blanche.\" \/>\n<meta property=\"og:url\" content=\"https:\/\/redkarawana.com\/fr\/artisan\/nappe-tibetaine-chine\/\" \/>\n<meta property=\"og:site_name\" content=\"Red Karawana\" \/>\n<meta property=\"article:publisher\" content=\"https:\/\/www.facebook.com\/redkarawana\/\" \/>\n<meta property=\"article:modified_time\" content=\"2025-12-07T14:09:55+00:00\" \/>\n<meta property=\"og:image\" content=\"https:\/\/redkarawana.com\/wp-content\/uploads\/2024\/05\/1-AAP-F1200X630-China-Tibetan-Tablecloth.jpg\" \/>\n\t<meta property=\"og:image:width\" content=\"1200\" \/>\n\t<meta property=\"og:image:height\" content=\"630\" \/>\n\t<meta property=\"og:image:type\" content=\"image\/jpeg\" \/>\n<meta name=\"twitter:card\" content=\"summary_large_image\" \/>\n<meta name=\"twitter:label1\" content=\"Dur\u00e9e de lecture estim\u00e9e\" \/>\n\t<meta name=\"twitter:data1\" content=\"1 minute\" \/>\n<script type=\"application\/ld+json\" class=\"yoast-schema-graph\">{\"@context\":\"https:\\\/\\\/schema.org\",\"@graph\":[{\"@type\":\"WebPage\",\"@id\":\"https:\\\/\\\/redkarawana.com\\\/fr\\\/artisan\\\/nappe-tibetaine-chine\\\/\",\"url\":\"https:\\\/\\\/redkarawana.com\\\/fr\\\/artisan\\\/nappe-tibetaine-chine\\\/\",\"name\":\"Nappe Tib\u00e9taine Artisanale - \u00c9clectique - Red Karawana\",\"isPartOf\":{\"@id\":\"https:\\\/\\\/redkarawana.com\\\/#website\"},\"primaryImageOfPage\":{\"@id\":\"https:\\\/\\\/redkarawana.com\\\/fr\\\/artisan\\\/nappe-tibetaine-chine\\\/#primaryimage\"},\"image\":{\"@id\":\"https:\\\/\\\/redkarawana.com\\\/fr\\\/artisan\\\/nappe-tibetaine-chine\\\/#primaryimage\"},\"thumbnailUrl\":\"https:\\\/\\\/redkarawana.com\\\/wp-content\\\/uploads\\\/2024\\\/05\\\/1-SP-China-Tibetan-Tablecloth.jpg\",\"datePublished\":\"2025-11-29T18:00:55+00:00\",\"dateModified\":\"2025-12-07T14:09:55+00:00\",\"description\":\"Cette nappe Tib\u00e9taine brod\u00e9e affiche un motif original cousu \u00e0 la main sur un tissu au fond jaune. Elle a des franges de couleur blanche.\",\"breadcrumb\":{\"@id\":\"https:\\\/\\\/redkarawana.com\\\/fr\\\/artisan\\\/nappe-tibetaine-chine\\\/#breadcrumb\"},\"inLanguage\":\"fr-FR\",\"potentialAction\":[{\"@type\":\"ReadAction\",\"target\":[\"https:\\\/\\\/redkarawana.com\\\/fr\\\/artisan\\\/nappe-tibetaine-chine\\\/\"]}]},{\"@type\":\"ImageObject\",\"inLanguage\":\"fr-FR\",\"@id\":\"https:\\\/\\\/redkarawana.com\\\/fr\\\/artisan\\\/nappe-tibetaine-chine\\\/#primaryimage\",\"url\":\"https:\\\/\\\/redkarawana.com\\\/wp-content\\\/uploads\\\/2024\\\/05\\\/1-SP-China-Tibetan-Tablecloth.jpg\",\"contentUrl\":\"https:\\\/\\\/redkarawana.com\\\/wp-content\\\/uploads\\\/2024\\\/05\\\/1-SP-China-Tibetan-Tablecloth.jpg\",\"width\":680,\"height\":453,\"caption\":\"Chine, Nappe Tib\u00e9taine\"},{\"@type\":\"BreadcrumbList\",\"@id\":\"https:\\\/\\\/redkarawana.com\\\/fr\\\/artisan\\\/nappe-tibetaine-chine\\\/#breadcrumb\",\"itemListElement\":[{\"@type\":\"ListItem\",\"position\":1,\"name\":\"Home\",\"item\":\"https:\\\/\\\/redkarawana.com\\\/fr\\\/\"},{\"@type\":\"ListItem\",\"position\":2,\"name\":\"Artisans\",\"item\":\"https:\\\/\\\/redkarawana.com\\\/fr\\\/artisans\\\/\"},{\"@type\":\"ListItem\",\"position\":3,\"name\":\"Nappe Tib\u00e9taine, Tibet, Chine ; Multicolore Tiss\u00e9e et Brod\u00e9e \u00e0 la Main\"}]},{\"@type\":\"WebSite\",\"@id\":\"https:\\\/\\\/redkarawana.com\\\/#website\",\"url\":\"https:\\\/\\\/redkarawana.com\\\/\",\"name\":\"Red Karawana\",\"description\":\"\",\"publisher\":{\"@id\":\"https:\\\/\\\/redkarawana.com\\\/#organization\"},\"potentialAction\":[{\"@type\":\"SearchAction\",\"target\":{\"@type\":\"EntryPoint\",\"urlTemplate\":\"https:\\\/\\\/redkarawana.com\\\/?s={search_term_string}\"},\"query-input\":{\"@type\":\"PropertyValueSpecification\",\"valueRequired\":true,\"valueName\":\"search_term_string\"}}],\"inLanguage\":\"fr-FR\"},{\"@type\":\"Organization\",\"@id\":\"https:\\\/\\\/redkarawana.com\\\/#organization\",\"name\":\"Red Karawana\",\"url\":\"https:\\\/\\\/redkarawana.com\\\/\",\"logo\":{\"@type\":\"ImageObject\",\"inLanguage\":\"fr-FR\",\"@id\":\"https:\\\/\\\/redkarawana.com\\\/#\\\/schema\\\/logo\\\/image\\\/\",\"url\":\"https:\\\/\\\/redkarawana.com\\\/wp-content\\\/uploads\\\/2025\\\/05\\\/cropped-Screenshot-2025-05-29-at-09.27.38.png\",\"contentUrl\":\"https:\\\/\\\/redkarawana.com\\\/wp-content\\\/uploads\\\/2025\\\/05\\\/cropped-Screenshot-2025-05-29-at-09.27.38.png\",\"width\":512,\"height\":512,\"caption\":\"Red Karawana\"},\"image\":{\"@id\":\"https:\\\/\\\/redkarawana.com\\\/#\\\/schema\\\/logo\\\/image\\\/\"},\"sameAs\":[\"https:\\\/\\\/www.facebook.com\\\/redkarawana\\\/\",\"https:\\\/\\\/www.instagram.com\\\/redkarawana\\\/\",\"https:\\\/\\\/www.youtube.com\\\/channel\\\/UCU9jXzSmyKm4ZZv38FEXGKg\",\"https:\\\/\\\/www.pinterest.com\\\/redkarawana\\\/\"]}]}<\/script>\n<!-- \/ Yoast SEO plugin. -->","yoast_head_json":{"title":"Nappe Tib\u00e9taine Artisanale - \u00c9clectique - Red Karawana","description":"Cette nappe Tib\u00e9taine brod\u00e9e affiche un motif original cousu \u00e0 la main sur un tissu au fond jaune. Elle a des franges de couleur blanche.","robots":{"index":"index","follow":"follow","max-snippet":"max-snippet:-1","max-image-preview":"max-image-preview:large","max-video-preview":"max-video-preview:-1"},"canonical":"https:\/\/redkarawana.com\/fr\/artisan\/nappe-tibetaine-chine\/","og_locale":"fr_FR","og_type":"article","og_title":"Nappe Tib\u00e9taine Artisanale - \u00c9clectique - Red Karawana","og_description":"Cette nappe Tib\u00e9taine brod\u00e9e affiche un motif original cousu \u00e0 la main sur un tissu au fond jaune. Elle a des franges de couleur blanche.","og_url":"https:\/\/redkarawana.com\/fr\/artisan\/nappe-tibetaine-chine\/","og_site_name":"Red Karawana","article_publisher":"https:\/\/www.facebook.com\/redkarawana\/","article_modified_time":"2025-12-07T14:09:55+00:00","og_image":[{"width":1200,"height":630,"url":"https:\/\/redkarawana.com\/wp-content\/uploads\/2024\/05\/1-AAP-F1200X630-China-Tibetan-Tablecloth.jpg","type":"image\/jpeg"}],"twitter_card":"summary_large_image","twitter_misc":{"Dur\u00e9e de lecture estim\u00e9e":"1 minute"},"schema":{"@context":"https:\/\/schema.org","@graph":[{"@type":"WebPage","@id":"https:\/\/redkarawana.com\/fr\/artisan\/nappe-tibetaine-chine\/","url":"https:\/\/redkarawana.com\/fr\/artisan\/nappe-tibetaine-chine\/","name":"Nappe Tib\u00e9taine Artisanale - \u00c9clectique - Red Karawana","isPartOf":{"@id":"https:\/\/redkarawana.com\/#website"},"primaryImageOfPage":{"@id":"https:\/\/redkarawana.com\/fr\/artisan\/nappe-tibetaine-chine\/#primaryimage"},"image":{"@id":"https:\/\/redkarawana.com\/fr\/artisan\/nappe-tibetaine-chine\/#primaryimage"},"thumbnailUrl":"https:\/\/redkarawana.com\/wp-content\/uploads\/2024\/05\/1-SP-China-Tibetan-Tablecloth.jpg","datePublished":"2025-11-29T18:00:55+00:00","dateModified":"2025-12-07T14:09:55+00:00","description":"Cette nappe Tib\u00e9taine brod\u00e9e affiche un motif original cousu \u00e0 la main sur un tissu au fond jaune. Elle a des franges de couleur blanche.","breadcrumb":{"@id":"https:\/\/redkarawana.com\/fr\/artisan\/nappe-tibetaine-chine\/#breadcrumb"},"inLanguage":"fr-FR","potentialAction":[{"@type":"ReadAction","target":["https:\/\/redkarawana.com\/fr\/artisan\/nappe-tibetaine-chine\/"]}]},{"@type":"ImageObject","inLanguage":"fr-FR","@id":"https:\/\/redkarawana.com\/fr\/artisan\/nappe-tibetaine-chine\/#primaryimage","url":"https:\/\/redkarawana.com\/wp-content\/uploads\/2024\/05\/1-SP-China-Tibetan-Tablecloth.jpg","contentUrl":"https:\/\/redkarawana.com\/wp-content\/uploads\/2024\/05\/1-SP-China-Tibetan-Tablecloth.jpg","width":680,"height":453,"caption":"Chine, Nappe Tib\u00e9taine"},{"@type":"BreadcrumbList","@id":"https:\/\/redkarawana.com\/fr\/artisan\/nappe-tibetaine-chine\/#breadcrumb","itemListElement":[{"@type":"ListItem","position":1,"name":"Home","item":"https:\/\/redkarawana.com\/fr\/"},{"@type":"ListItem","position":2,"name":"Artisans","item":"https:\/\/redkarawana.com\/fr\/artisans\/"},{"@type":"ListItem","position":3,"name":"Nappe Tib\u00e9taine, Tibet, Chine ; Multicolore Tiss\u00e9e et Brod\u00e9e \u00e0 la Main"}]},{"@type":"WebSite","@id":"https:\/\/redkarawana.com\/#website","url":"https:\/\/redkarawana.com\/","name":"Red Karawana","description":"","publisher":{"@id":"https:\/\/redkarawana.com\/#organization"},"potentialAction":[{"@type":"SearchAction","target":{"@type":"EntryPoint","urlTemplate":"https:\/\/redkarawana.com\/?s={search_term_string}"},"query-input":{"@type":"PropertyValueSpecification","valueRequired":true,"valueName":"search_term_string"}}],"inLanguage":"fr-FR"},{"@type":"Organization","@id":"https:\/\/redkarawana.com\/#organization","name":"Red Karawana","url":"https:\/\/redkarawana.com\/","logo":{"@type":"ImageObject","inLanguage":"fr-FR","@id":"https:\/\/redkarawana.com\/#\/schema\/logo\/image\/","url":"https:\/\/redkarawana.com\/wp-content\/uploads\/2025\/05\/cropped-Screenshot-2025-05-29-at-09.27.38.png","contentUrl":"https:\/\/redkarawana.com\/wp-content\/uploads\/2025\/05\/cropped-Screenshot-2025-05-29-at-09.27.38.png","width":512,"height":512,"caption":"Red Karawana"},"image":{"@id":"https:\/\/redkarawana.com\/#\/schema\/logo\/image\/"},"sameAs":["https:\/\/www.facebook.com\/redkarawana\/","https:\/\/www.instagram.com\/redkarawana\/","https:\/\/www.youtube.com\/channel\/UCU9jXzSmyKm4ZZv38FEXGKg","https:\/\/www.pinterest.com\/redkarawana\/"]}]}},"_links":{"self":[{"href":"https:\/\/redkarawana.com\/fr\/wp-json\/wp\/v2\/product\/3171","targetHints":{"allow":["GET"]}}],"collection":[{"href":"https:\/\/redkarawana.com\/fr\/wp-json\/wp\/v2\/product"}],"about":[{"href":"https:\/\/redkarawana.com\/fr\/wp-json\/wp\/v2\/types\/product"}],"wp:featuredmedia":[{"embeddable":true,"href":"https:\/\/redkarawana.com\/fr\/wp-json\/wp\/v2\/media\/3155"}],"wp:attachment":[{"href":"https:\/\/redkarawana.com\/fr\/wp-json\/wp\/v2\/media?parent=3171"}],"wp:term":[{"taxonomy":"product_brand","embeddable":true,"href":"https:\/\/redkarawana.com\/fr\/wp-json\/wp\/v2\/product_brand?post=3171"},{"taxonomy":"product_cat","embeddable":true,"href":"https:\/\/redkarawana.com\/fr\/wp-json\/wp\/v2\/product_cat?post=3171"},{"taxonomy":"product_tag","embeddable":true,"href":"https:\/\/redkarawana.com\/fr\/wp-json\/wp\/v2\/product_tag?post=3171"}],"curies":[{"name":"wp","href":"https:\/\/api.w.org\/{rel}","templated":true}]}}