{"id":3195,"date":"2025-11-29T18:10:52","date_gmt":"2025-11-29T18:10:52","guid":{"rendered":"https:\/\/redkarawana.com\/?post_type=product&#038;p=3195"},"modified":"2024-05-12T06:09:52","modified_gmt":"2024-05-12T06:09:52","slug":"cristal-et-ceramique-republique-tcheque","status":"publish","type":"product","link":"https:\/\/redkarawana.com\/fr\/artisan\/cristal-et-ceramique-republique-tcheque\/","title":{"rendered":"Cristal et C\u00e9ramique, R\u00e9publique Tch\u00e8que ; D\u00e9coratif Tout en Couleurs"},"content":{"rendered":"<p>Prague, capitale de la R\u00e9publique Tch\u00e8que, est une ville charmante renomm\u00e9e pour son architecture historique, sa culture vibrante et son art magnifique. Egermann, verrerie fond\u00e9e au d\u00e9but des ann\u00e9es 1800 en R\u00e9publique Tch\u00e8que, cr\u00e9e des objets d&rsquo;art uniques en verre utilisant les techniques traditionnelles de Boh\u00eame. Ici, notre Cristal Egermann est une petite cr\u00e9ation d\u00e9corative en verre dot\u00e9 d&rsquo;une extraordinaire couleur jaune orang\u00e9e.\u00a0 Notre visite de la Ruelle d\u2019Or pr\u00e8s du Ch\u00e2teau de Prague nous m\u00e8ne dans une charmante boutique vendant les c\u00e9ramiques cr\u00e9\u00e9es par l\u2019artiste Juraj Vanya. Cet artiste de talent cr\u00e9e des objets en terre cuite faits main, rehauss\u00e9s de couleurs et motifs magnifiques.\u00a0 Ensemble : 1 Cristal Egermann (hauteur 2,5 pouces, largeur 4,5 pouces) et 1 Pot en C\u00e9ramique de Juraj Vanya (hauteur 4 pouces incluant le couvercle, largeur 3,5 pouces).<\/p>\n","protected":false},"excerpt":{"rendered":"<p>Prague, capitale de la R\u00e9publique Tch\u00e8que, est une ville charmante renomm\u00e9e pour son architecture historique, sa culture vibrante et son art magnifique. Egermann, verrerie fond\u00e9e au d\u00e9but des ann\u00e9es 1800 en R\u00e9publique Tch\u00e8que, cr\u00e9e des objets d&rsquo;art uniques en verre utilisant les techniques traditionnelles de Boh\u00eame. Ici, notre Cristal Egermann est une petite cr\u00e9ation d\u00e9corative [&hellip;]<\/p>\n","protected":false},"featured_media":3179,"template":"","meta":{"_acf_changed":false},"product_brand":[],"product_cat":[50],"product_tag":[],"class_list":{"0":"post-3195","1":"product","2":"type-product","3":"status-publish","4":"has-post-thumbnail","6":"product_cat-fonctionnel","8":"first","9":"instock","10":"sold-individually","11":"taxable","12":"shipping-taxable","13":"purchasable","14":"product-type-simple"},"acf":[],"yoast_head":"<!-- This site is optimized with the Yoast SEO plugin v27.3 - https:\/\/yoast.com\/product\/yoast-seo-wordpress\/ -->\n<title>Cristal et C\u00e9ramique, R\u00e9publique Tch\u00e8que - Fonctionnel - Red Karawana<\/title>\n<meta name=\"description\" content=\"Cristal et C\u00e9ramique : Cristal Egermann est une cr\u00e9ation en verre dot\u00e9 d&#039;une couleur jaune. C\u00e9ramique est cr\u00e9\u00e9e par l\u2019artiste Juraj Vanya.\" \/>\n<meta name=\"robots\" content=\"index, follow, max-snippet:-1, max-image-preview:large, max-video-preview:-1\" \/>\n<link rel=\"canonical\" href=\"https:\/\/redkarawana.com\/fr\/artisan\/cristal-et-ceramique-republique-tcheque\/\" \/>\n<meta property=\"og:locale\" content=\"fr_FR\" \/>\n<meta property=\"og:type\" content=\"article\" \/>\n<meta property=\"og:title\" content=\"Cristal et C\u00e9ramique, R\u00e9publique Tch\u00e8que - Fonctionnel - Red Karawana\" \/>\n<meta property=\"og:description\" content=\"Cristal et C\u00e9ramique : Cristal Egermann est une cr\u00e9ation en verre dot\u00e9 d&#039;une couleur jaune. C\u00e9ramique est cr\u00e9\u00e9e par l\u2019artiste Juraj Vanya.\" \/>\n<meta property=\"og:url\" content=\"https:\/\/redkarawana.com\/fr\/artisan\/cristal-et-ceramique-republique-tcheque\/\" \/>\n<meta property=\"og:site_name\" content=\"Red Karawana\" \/>\n<meta property=\"article:publisher\" content=\"https:\/\/www.facebook.com\/redkarawana\/\" \/>\n<meta property=\"og:image\" content=\"https:\/\/redkarawana.com\/wp-content\/uploads\/2024\/05\/1-AAP-F1200x630-Czech-Republic-Glassware-Ceramic.jpg\" \/>\n\t<meta property=\"og:image:width\" content=\"1200\" \/>\n\t<meta property=\"og:image:height\" content=\"630\" \/>\n\t<meta property=\"og:image:type\" content=\"image\/jpeg\" \/>\n<meta name=\"twitter:card\" content=\"summary_large_image\" \/>\n<meta name=\"twitter:label1\" content=\"Dur\u00e9e de lecture estim\u00e9e\" \/>\n\t<meta name=\"twitter:data1\" content=\"1 minute\" \/>\n<script type=\"application\/ld+json\" class=\"yoast-schema-graph\">{\"@context\":\"https:\\\/\\\/schema.org\",\"@graph\":[{\"@type\":\"WebPage\",\"@id\":\"https:\\\/\\\/redkarawana.com\\\/fr\\\/artisan\\\/cristal-et-ceramique-republique-tcheque\\\/\",\"url\":\"https:\\\/\\\/redkarawana.com\\\/fr\\\/artisan\\\/cristal-et-ceramique-republique-tcheque\\\/\",\"name\":\"Cristal et C\u00e9ramique, R\u00e9publique Tch\u00e8que - Fonctionnel - Red Karawana\",\"isPartOf\":{\"@id\":\"https:\\\/\\\/redkarawana.com\\\/#website\"},\"primaryImageOfPage\":{\"@id\":\"https:\\\/\\\/redkarawana.com\\\/fr\\\/artisan\\\/cristal-et-ceramique-republique-tcheque\\\/#primaryimage\"},\"image\":{\"@id\":\"https:\\\/\\\/redkarawana.com\\\/fr\\\/artisan\\\/cristal-et-ceramique-republique-tcheque\\\/#primaryimage\"},\"thumbnailUrl\":\"https:\\\/\\\/redkarawana.com\\\/wp-content\\\/uploads\\\/2024\\\/05\\\/1-SP-Czech-Republic-Glassware-Ceramic.jpg\",\"datePublished\":\"2025-11-29T18:10:52+00:00\",\"description\":\"Cristal et C\u00e9ramique : Cristal Egermann est une cr\u00e9ation en verre dot\u00e9 d'une couleur jaune. C\u00e9ramique est cr\u00e9\u00e9e par l\u2019artiste Juraj Vanya.\",\"breadcrumb\":{\"@id\":\"https:\\\/\\\/redkarawana.com\\\/fr\\\/artisan\\\/cristal-et-ceramique-republique-tcheque\\\/#breadcrumb\"},\"inLanguage\":\"fr-FR\",\"potentialAction\":[{\"@type\":\"ReadAction\",\"target\":[\"https:\\\/\\\/redkarawana.com\\\/fr\\\/artisan\\\/cristal-et-ceramique-republique-tcheque\\\/\"]}]},{\"@type\":\"ImageObject\",\"inLanguage\":\"fr-FR\",\"@id\":\"https:\\\/\\\/redkarawana.com\\\/fr\\\/artisan\\\/cristal-et-ceramique-republique-tcheque\\\/#primaryimage\",\"url\":\"https:\\\/\\\/redkarawana.com\\\/wp-content\\\/uploads\\\/2024\\\/05\\\/1-SP-Czech-Republic-Glassware-Ceramic.jpg\",\"contentUrl\":\"https:\\\/\\\/redkarawana.com\\\/wp-content\\\/uploads\\\/2024\\\/05\\\/1-SP-Czech-Republic-Glassware-Ceramic.jpg\",\"width\":680,\"height\":453,\"caption\":\"R\u00e9publique Tch\u00e8que, Cristal et C\u00e9ramique\"},{\"@type\":\"BreadcrumbList\",\"@id\":\"https:\\\/\\\/redkarawana.com\\\/fr\\\/artisan\\\/cristal-et-ceramique-republique-tcheque\\\/#breadcrumb\",\"itemListElement\":[{\"@type\":\"ListItem\",\"position\":1,\"name\":\"Home\",\"item\":\"https:\\\/\\\/redkarawana.com\\\/fr\\\/\"},{\"@type\":\"ListItem\",\"position\":2,\"name\":\"Artisans\",\"item\":\"https:\\\/\\\/redkarawana.com\\\/fr\\\/artisans\\\/\"},{\"@type\":\"ListItem\",\"position\":3,\"name\":\"Cristal et C\u00e9ramique, R\u00e9publique Tch\u00e8que ; D\u00e9coratif Tout en Couleurs\"}]},{\"@type\":\"WebSite\",\"@id\":\"https:\\\/\\\/redkarawana.com\\\/#website\",\"url\":\"https:\\\/\\\/redkarawana.com\\\/\",\"name\":\"Red Karawana\",\"description\":\"\",\"publisher\":{\"@id\":\"https:\\\/\\\/redkarawana.com\\\/#organization\"},\"potentialAction\":[{\"@type\":\"SearchAction\",\"target\":{\"@type\":\"EntryPoint\",\"urlTemplate\":\"https:\\\/\\\/redkarawana.com\\\/?s={search_term_string}\"},\"query-input\":{\"@type\":\"PropertyValueSpecification\",\"valueRequired\":true,\"valueName\":\"search_term_string\"}}],\"inLanguage\":\"fr-FR\"},{\"@type\":\"Organization\",\"@id\":\"https:\\\/\\\/redkarawana.com\\\/#organization\",\"name\":\"Red Karawana\",\"url\":\"https:\\\/\\\/redkarawana.com\\\/\",\"logo\":{\"@type\":\"ImageObject\",\"inLanguage\":\"fr-FR\",\"@id\":\"https:\\\/\\\/redkarawana.com\\\/#\\\/schema\\\/logo\\\/image\\\/\",\"url\":\"https:\\\/\\\/redkarawana.com\\\/wp-content\\\/uploads\\\/2025\\\/05\\\/cropped-Screenshot-2025-05-29-at-09.27.38.png\",\"contentUrl\":\"https:\\\/\\\/redkarawana.com\\\/wp-content\\\/uploads\\\/2025\\\/05\\\/cropped-Screenshot-2025-05-29-at-09.27.38.png\",\"width\":512,\"height\":512,\"caption\":\"Red Karawana\"},\"image\":{\"@id\":\"https:\\\/\\\/redkarawana.com\\\/#\\\/schema\\\/logo\\\/image\\\/\"},\"sameAs\":[\"https:\\\/\\\/www.facebook.com\\\/redkarawana\\\/\",\"https:\\\/\\\/www.instagram.com\\\/redkarawana\\\/\",\"https:\\\/\\\/www.youtube.com\\\/channel\\\/UCU9jXzSmyKm4ZZv38FEXGKg\",\"https:\\\/\\\/www.pinterest.com\\\/redkarawana\\\/\"]}]}<\/script>\n<!-- \/ Yoast SEO plugin. -->","yoast_head_json":{"title":"Cristal et C\u00e9ramique, R\u00e9publique Tch\u00e8que - Fonctionnel - Red Karawana","description":"Cristal et C\u00e9ramique : Cristal Egermann est une cr\u00e9ation en verre dot\u00e9 d'une couleur jaune. C\u00e9ramique est cr\u00e9\u00e9e par l\u2019artiste Juraj Vanya.","robots":{"index":"index","follow":"follow","max-snippet":"max-snippet:-1","max-image-preview":"max-image-preview:large","max-video-preview":"max-video-preview:-1"},"canonical":"https:\/\/redkarawana.com\/fr\/artisan\/cristal-et-ceramique-republique-tcheque\/","og_locale":"fr_FR","og_type":"article","og_title":"Cristal et C\u00e9ramique, R\u00e9publique Tch\u00e8que - Fonctionnel - Red Karawana","og_description":"Cristal et C\u00e9ramique : Cristal Egermann est une cr\u00e9ation en verre dot\u00e9 d'une couleur jaune. C\u00e9ramique est cr\u00e9\u00e9e par l\u2019artiste Juraj Vanya.","og_url":"https:\/\/redkarawana.com\/fr\/artisan\/cristal-et-ceramique-republique-tcheque\/","og_site_name":"Red Karawana","article_publisher":"https:\/\/www.facebook.com\/redkarawana\/","og_image":[{"width":1200,"height":630,"url":"https:\/\/redkarawana.com\/wp-content\/uploads\/2024\/05\/1-AAP-F1200x630-Czech-Republic-Glassware-Ceramic.jpg","type":"image\/jpeg"}],"twitter_card":"summary_large_image","twitter_misc":{"Dur\u00e9e de lecture estim\u00e9e":"1 minute"},"schema":{"@context":"https:\/\/schema.org","@graph":[{"@type":"WebPage","@id":"https:\/\/redkarawana.com\/fr\/artisan\/cristal-et-ceramique-republique-tcheque\/","url":"https:\/\/redkarawana.com\/fr\/artisan\/cristal-et-ceramique-republique-tcheque\/","name":"Cristal et C\u00e9ramique, R\u00e9publique Tch\u00e8que - Fonctionnel - Red Karawana","isPartOf":{"@id":"https:\/\/redkarawana.com\/#website"},"primaryImageOfPage":{"@id":"https:\/\/redkarawana.com\/fr\/artisan\/cristal-et-ceramique-republique-tcheque\/#primaryimage"},"image":{"@id":"https:\/\/redkarawana.com\/fr\/artisan\/cristal-et-ceramique-republique-tcheque\/#primaryimage"},"thumbnailUrl":"https:\/\/redkarawana.com\/wp-content\/uploads\/2024\/05\/1-SP-Czech-Republic-Glassware-Ceramic.jpg","datePublished":"2025-11-29T18:10:52+00:00","description":"Cristal et C\u00e9ramique : Cristal Egermann est une cr\u00e9ation en verre dot\u00e9 d'une couleur jaune. C\u00e9ramique est cr\u00e9\u00e9e par l\u2019artiste Juraj Vanya.","breadcrumb":{"@id":"https:\/\/redkarawana.com\/fr\/artisan\/cristal-et-ceramique-republique-tcheque\/#breadcrumb"},"inLanguage":"fr-FR","potentialAction":[{"@type":"ReadAction","target":["https:\/\/redkarawana.com\/fr\/artisan\/cristal-et-ceramique-republique-tcheque\/"]}]},{"@type":"ImageObject","inLanguage":"fr-FR","@id":"https:\/\/redkarawana.com\/fr\/artisan\/cristal-et-ceramique-republique-tcheque\/#primaryimage","url":"https:\/\/redkarawana.com\/wp-content\/uploads\/2024\/05\/1-SP-Czech-Republic-Glassware-Ceramic.jpg","contentUrl":"https:\/\/redkarawana.com\/wp-content\/uploads\/2024\/05\/1-SP-Czech-Republic-Glassware-Ceramic.jpg","width":680,"height":453,"caption":"R\u00e9publique Tch\u00e8que, Cristal et C\u00e9ramique"},{"@type":"BreadcrumbList","@id":"https:\/\/redkarawana.com\/fr\/artisan\/cristal-et-ceramique-republique-tcheque\/#breadcrumb","itemListElement":[{"@type":"ListItem","position":1,"name":"Home","item":"https:\/\/redkarawana.com\/fr\/"},{"@type":"ListItem","position":2,"name":"Artisans","item":"https:\/\/redkarawana.com\/fr\/artisans\/"},{"@type":"ListItem","position":3,"name":"Cristal et C\u00e9ramique, R\u00e9publique Tch\u00e8que ; D\u00e9coratif Tout en Couleurs"}]},{"@type":"WebSite","@id":"https:\/\/redkarawana.com\/#website","url":"https:\/\/redkarawana.com\/","name":"Red Karawana","description":"","publisher":{"@id":"https:\/\/redkarawana.com\/#organization"},"potentialAction":[{"@type":"SearchAction","target":{"@type":"EntryPoint","urlTemplate":"https:\/\/redkarawana.com\/?s={search_term_string}"},"query-input":{"@type":"PropertyValueSpecification","valueRequired":true,"valueName":"search_term_string"}}],"inLanguage":"fr-FR"},{"@type":"Organization","@id":"https:\/\/redkarawana.com\/#organization","name":"Red Karawana","url":"https:\/\/redkarawana.com\/","logo":{"@type":"ImageObject","inLanguage":"fr-FR","@id":"https:\/\/redkarawana.com\/#\/schema\/logo\/image\/","url":"https:\/\/redkarawana.com\/wp-content\/uploads\/2025\/05\/cropped-Screenshot-2025-05-29-at-09.27.38.png","contentUrl":"https:\/\/redkarawana.com\/wp-content\/uploads\/2025\/05\/cropped-Screenshot-2025-05-29-at-09.27.38.png","width":512,"height":512,"caption":"Red Karawana"},"image":{"@id":"https:\/\/redkarawana.com\/#\/schema\/logo\/image\/"},"sameAs":["https:\/\/www.facebook.com\/redkarawana\/","https:\/\/www.instagram.com\/redkarawana\/","https:\/\/www.youtube.com\/channel\/UCU9jXzSmyKm4ZZv38FEXGKg","https:\/\/www.pinterest.com\/redkarawana\/"]}]}},"_links":{"self":[{"href":"https:\/\/redkarawana.com\/fr\/wp-json\/wp\/v2\/product\/3195","targetHints":{"allow":["GET"]}}],"collection":[{"href":"https:\/\/redkarawana.com\/fr\/wp-json\/wp\/v2\/product"}],"about":[{"href":"https:\/\/redkarawana.com\/fr\/wp-json\/wp\/v2\/types\/product"}],"wp:featuredmedia":[{"embeddable":true,"href":"https:\/\/redkarawana.com\/fr\/wp-json\/wp\/v2\/media\/3179"}],"wp:attachment":[{"href":"https:\/\/redkarawana.com\/fr\/wp-json\/wp\/v2\/media?parent=3195"}],"wp:term":[{"taxonomy":"product_brand","embeddable":true,"href":"https:\/\/redkarawana.com\/fr\/wp-json\/wp\/v2\/product_brand?post=3195"},{"taxonomy":"product_cat","embeddable":true,"href":"https:\/\/redkarawana.com\/fr\/wp-json\/wp\/v2\/product_cat?post=3195"},{"taxonomy":"product_tag","embeddable":true,"href":"https:\/\/redkarawana.com\/fr\/wp-json\/wp\/v2\/product_tag?post=3195"}],"curies":[{"name":"wp","href":"https:\/\/api.w.org\/{rel}","templated":true}]}}