{"id":3219,"date":"2025-11-29T18:20:16","date_gmt":"2025-11-29T18:20:16","guid":{"rendered":"https:\/\/redkarawana.com\/?post_type=product&#038;p=3219"},"modified":"2025-12-07T13:54:18","modified_gmt":"2025-12-07T13:54:18","slug":"chaussettes-laine-orange-et-jaune-lituanie","status":"publish","type":"product","link":"https:\/\/redkarawana.com\/fr\/artisan\/chaussettes-laine-orange-et-jaune-lituanie\/","title":{"rendered":"Chaussettes en Laine Orange et Jaune, Lituanie ; \u00c0 Fleurs, Faites Main"},"content":{"rendered":"<p>La Lituanie, est une terre aux hivers froids, \u00e0 la culture captivante et aux tr\u00e8s beaux produits de laine. Les artistes lithuaniens continuent leurs vieilles traditions du travail de la laine et cr\u00e9ent des produits uniques, artistiques et tr\u00e8s confortables. Ces chaussettes jaunes en laine qui montent jusqu&rsquo;au genou sont d\u00e9cor\u00e9es d&rsquo;un motif assorti \u00e0 fleur pourpre et blanche. Les chaussettes oranges en laine, arrivent quant \u00e0 elles, jusqu&rsquo; \u00e0 la cheville et sont d&rsquo;une finition classique et d\u00e9cor\u00e9es d&rsquo;un simple trait. Les deux paires de chaussettes sont tr\u00e8s chaudes et confortables et sont parfaites pour se pr\u00e9lasser \u00e0 la maison. Ensemble : 1 paire de chaussettes jaunes en laine et 1 paire de chaussettes oranges en laine.<\/p>\n","protected":false},"excerpt":{"rendered":"<p>La Lituanie, est une terre aux hivers froids, \u00e0 la culture captivante et aux tr\u00e8s beaux produits de laine. Les artistes lithuaniens continuent leurs vieilles traditions du travail de la laine et cr\u00e9ent des produits uniques, artistiques et tr\u00e8s confortables. Ces chaussettes jaunes en laine qui montent jusqu&rsquo;au genou sont d\u00e9cor\u00e9es d&rsquo;un motif assorti \u00e0 [&hellip;]<\/p>\n","protected":false},"featured_media":3203,"template":"","meta":{"_acf_changed":false},"product_brand":[],"product_cat":[51],"product_tag":[],"class_list":{"0":"post-3219","1":"product","2":"type-product","3":"status-publish","4":"has-post-thumbnail","6":"product_cat-eclectique","8":"first","9":"instock","10":"sold-individually","11":"taxable","12":"shipping-taxable","13":"purchasable","14":"product-type-simple"},"acf":[],"yoast_head":"<!-- This site is optimized with the Yoast SEO plugin v27.3 - https:\/\/yoast.com\/product\/yoast-seo-wordpress\/ -->\n<title>Chaussettes en Laine, Lituanie - \u00c9clectique - Red Karawana<\/title>\n<meta name=\"description\" content=\"Ensemble Chaussettes en Laine : Jaunes chaussettes sont d\u00e9cor\u00e9es d&#039;un motif \u00e0 fleur. Les chaussettes oranges sont d\u00e9cor\u00e9es d&#039;un simple trait.\" \/>\n<meta name=\"robots\" content=\"index, follow, max-snippet:-1, max-image-preview:large, max-video-preview:-1\" \/>\n<link rel=\"canonical\" href=\"https:\/\/redkarawana.com\/fr\/artisan\/chaussettes-laine-orange-et-jaune-lituanie\/\" \/>\n<meta property=\"og:locale\" content=\"fr_FR\" \/>\n<meta property=\"og:type\" content=\"article\" \/>\n<meta property=\"og:title\" content=\"Chaussettes en Laine, Lituanie - \u00c9clectique - Red Karawana\" \/>\n<meta property=\"og:description\" content=\"Ensemble Chaussettes en Laine : Jaunes chaussettes sont d\u00e9cor\u00e9es d&#039;un motif \u00e0 fleur. Les chaussettes oranges sont d\u00e9cor\u00e9es d&#039;un simple trait.\" \/>\n<meta property=\"og:url\" content=\"https:\/\/redkarawana.com\/fr\/artisan\/chaussettes-laine-orange-et-jaune-lituanie\/\" \/>\n<meta property=\"og:site_name\" content=\"Red Karawana\" \/>\n<meta property=\"article:publisher\" content=\"https:\/\/www.facebook.com\/redkarawana\/\" \/>\n<meta property=\"article:modified_time\" content=\"2025-12-07T13:54:18+00:00\" \/>\n<meta property=\"og:image\" content=\"https:\/\/redkarawana.com\/wp-content\/uploads\/2024\/05\/1-AAP-F1200x630-Lithuania-Wool-Socks.jpg\" \/>\n\t<meta property=\"og:image:width\" content=\"1200\" \/>\n\t<meta property=\"og:image:height\" content=\"630\" \/>\n\t<meta property=\"og:image:type\" content=\"image\/jpeg\" \/>\n<meta name=\"twitter:card\" content=\"summary_large_image\" \/>\n<meta name=\"twitter:label1\" content=\"Dur\u00e9e de lecture estim\u00e9e\" \/>\n\t<meta name=\"twitter:data1\" content=\"1 minute\" \/>\n<script type=\"application\/ld+json\" class=\"yoast-schema-graph\">{\"@context\":\"https:\\\/\\\/schema.org\",\"@graph\":[{\"@type\":\"WebPage\",\"@id\":\"https:\\\/\\\/redkarawana.com\\\/fr\\\/artisan\\\/chaussettes-laine-orange-et-jaune-lituanie\\\/\",\"url\":\"https:\\\/\\\/redkarawana.com\\\/fr\\\/artisan\\\/chaussettes-laine-orange-et-jaune-lituanie\\\/\",\"name\":\"Chaussettes en Laine, Lituanie - \u00c9clectique - Red Karawana\",\"isPartOf\":{\"@id\":\"https:\\\/\\\/redkarawana.com\\\/#website\"},\"primaryImageOfPage\":{\"@id\":\"https:\\\/\\\/redkarawana.com\\\/fr\\\/artisan\\\/chaussettes-laine-orange-et-jaune-lituanie\\\/#primaryimage\"},\"image\":{\"@id\":\"https:\\\/\\\/redkarawana.com\\\/fr\\\/artisan\\\/chaussettes-laine-orange-et-jaune-lituanie\\\/#primaryimage\"},\"thumbnailUrl\":\"https:\\\/\\\/redkarawana.com\\\/wp-content\\\/uploads\\\/2024\\\/05\\\/1-SP-Lithuania-Wool-Socks.jpg\",\"datePublished\":\"2025-11-29T18:20:16+00:00\",\"dateModified\":\"2025-12-07T13:54:18+00:00\",\"description\":\"Ensemble Chaussettes en Laine : Jaunes chaussettes sont d\u00e9cor\u00e9es d'un motif \u00e0 fleur. Les chaussettes oranges sont d\u00e9cor\u00e9es d'un simple trait.\",\"breadcrumb\":{\"@id\":\"https:\\\/\\\/redkarawana.com\\\/fr\\\/artisan\\\/chaussettes-laine-orange-et-jaune-lituanie\\\/#breadcrumb\"},\"inLanguage\":\"fr-FR\",\"potentialAction\":[{\"@type\":\"ReadAction\",\"target\":[\"https:\\\/\\\/redkarawana.com\\\/fr\\\/artisan\\\/chaussettes-laine-orange-et-jaune-lituanie\\\/\"]}]},{\"@type\":\"ImageObject\",\"inLanguage\":\"fr-FR\",\"@id\":\"https:\\\/\\\/redkarawana.com\\\/fr\\\/artisan\\\/chaussettes-laine-orange-et-jaune-lituanie\\\/#primaryimage\",\"url\":\"https:\\\/\\\/redkarawana.com\\\/wp-content\\\/uploads\\\/2024\\\/05\\\/1-SP-Lithuania-Wool-Socks.jpg\",\"contentUrl\":\"https:\\\/\\\/redkarawana.com\\\/wp-content\\\/uploads\\\/2024\\\/05\\\/1-SP-Lithuania-Wool-Socks.jpg\",\"width\":680,\"height\":453,\"caption\":\"Lituanie, Chaussettes en Laine\"},{\"@type\":\"BreadcrumbList\",\"@id\":\"https:\\\/\\\/redkarawana.com\\\/fr\\\/artisan\\\/chaussettes-laine-orange-et-jaune-lituanie\\\/#breadcrumb\",\"itemListElement\":[{\"@type\":\"ListItem\",\"position\":1,\"name\":\"Home\",\"item\":\"https:\\\/\\\/redkarawana.com\\\/fr\\\/\"},{\"@type\":\"ListItem\",\"position\":2,\"name\":\"Artisans\",\"item\":\"https:\\\/\\\/redkarawana.com\\\/fr\\\/artisans\\\/\"},{\"@type\":\"ListItem\",\"position\":3,\"name\":\"Chaussettes en Laine Orange et Jaune, Lituanie ; \u00c0 Fleurs, Faites Main\"}]},{\"@type\":\"WebSite\",\"@id\":\"https:\\\/\\\/redkarawana.com\\\/#website\",\"url\":\"https:\\\/\\\/redkarawana.com\\\/\",\"name\":\"Red Karawana\",\"description\":\"\",\"publisher\":{\"@id\":\"https:\\\/\\\/redkarawana.com\\\/#organization\"},\"potentialAction\":[{\"@type\":\"SearchAction\",\"target\":{\"@type\":\"EntryPoint\",\"urlTemplate\":\"https:\\\/\\\/redkarawana.com\\\/?s={search_term_string}\"},\"query-input\":{\"@type\":\"PropertyValueSpecification\",\"valueRequired\":true,\"valueName\":\"search_term_string\"}}],\"inLanguage\":\"fr-FR\"},{\"@type\":\"Organization\",\"@id\":\"https:\\\/\\\/redkarawana.com\\\/#organization\",\"name\":\"Red Karawana\",\"url\":\"https:\\\/\\\/redkarawana.com\\\/\",\"logo\":{\"@type\":\"ImageObject\",\"inLanguage\":\"fr-FR\",\"@id\":\"https:\\\/\\\/redkarawana.com\\\/#\\\/schema\\\/logo\\\/image\\\/\",\"url\":\"https:\\\/\\\/redkarawana.com\\\/wp-content\\\/uploads\\\/2025\\\/05\\\/cropped-Screenshot-2025-05-29-at-09.27.38.png\",\"contentUrl\":\"https:\\\/\\\/redkarawana.com\\\/wp-content\\\/uploads\\\/2025\\\/05\\\/cropped-Screenshot-2025-05-29-at-09.27.38.png\",\"width\":512,\"height\":512,\"caption\":\"Red Karawana\"},\"image\":{\"@id\":\"https:\\\/\\\/redkarawana.com\\\/#\\\/schema\\\/logo\\\/image\\\/\"},\"sameAs\":[\"https:\\\/\\\/www.facebook.com\\\/redkarawana\\\/\",\"https:\\\/\\\/www.instagram.com\\\/redkarawana\\\/\",\"https:\\\/\\\/www.youtube.com\\\/channel\\\/UCU9jXzSmyKm4ZZv38FEXGKg\",\"https:\\\/\\\/www.pinterest.com\\\/redkarawana\\\/\"]}]}<\/script>\n<!-- \/ Yoast SEO plugin. -->","yoast_head_json":{"title":"Chaussettes en Laine, Lituanie - \u00c9clectique - Red Karawana","description":"Ensemble Chaussettes en Laine : Jaunes chaussettes sont d\u00e9cor\u00e9es d'un motif \u00e0 fleur. Les chaussettes oranges sont d\u00e9cor\u00e9es d'un simple trait.","robots":{"index":"index","follow":"follow","max-snippet":"max-snippet:-1","max-image-preview":"max-image-preview:large","max-video-preview":"max-video-preview:-1"},"canonical":"https:\/\/redkarawana.com\/fr\/artisan\/chaussettes-laine-orange-et-jaune-lituanie\/","og_locale":"fr_FR","og_type":"article","og_title":"Chaussettes en Laine, Lituanie - \u00c9clectique - Red Karawana","og_description":"Ensemble Chaussettes en Laine : Jaunes chaussettes sont d\u00e9cor\u00e9es d'un motif \u00e0 fleur. Les chaussettes oranges sont d\u00e9cor\u00e9es d'un simple trait.","og_url":"https:\/\/redkarawana.com\/fr\/artisan\/chaussettes-laine-orange-et-jaune-lituanie\/","og_site_name":"Red Karawana","article_publisher":"https:\/\/www.facebook.com\/redkarawana\/","article_modified_time":"2025-12-07T13:54:18+00:00","og_image":[{"width":1200,"height":630,"url":"https:\/\/redkarawana.com\/wp-content\/uploads\/2024\/05\/1-AAP-F1200x630-Lithuania-Wool-Socks.jpg","type":"image\/jpeg"}],"twitter_card":"summary_large_image","twitter_misc":{"Dur\u00e9e de lecture estim\u00e9e":"1 minute"},"schema":{"@context":"https:\/\/schema.org","@graph":[{"@type":"WebPage","@id":"https:\/\/redkarawana.com\/fr\/artisan\/chaussettes-laine-orange-et-jaune-lituanie\/","url":"https:\/\/redkarawana.com\/fr\/artisan\/chaussettes-laine-orange-et-jaune-lituanie\/","name":"Chaussettes en Laine, Lituanie - \u00c9clectique - Red Karawana","isPartOf":{"@id":"https:\/\/redkarawana.com\/#website"},"primaryImageOfPage":{"@id":"https:\/\/redkarawana.com\/fr\/artisan\/chaussettes-laine-orange-et-jaune-lituanie\/#primaryimage"},"image":{"@id":"https:\/\/redkarawana.com\/fr\/artisan\/chaussettes-laine-orange-et-jaune-lituanie\/#primaryimage"},"thumbnailUrl":"https:\/\/redkarawana.com\/wp-content\/uploads\/2024\/05\/1-SP-Lithuania-Wool-Socks.jpg","datePublished":"2025-11-29T18:20:16+00:00","dateModified":"2025-12-07T13:54:18+00:00","description":"Ensemble Chaussettes en Laine : Jaunes chaussettes sont d\u00e9cor\u00e9es d'un motif \u00e0 fleur. Les chaussettes oranges sont d\u00e9cor\u00e9es d'un simple trait.","breadcrumb":{"@id":"https:\/\/redkarawana.com\/fr\/artisan\/chaussettes-laine-orange-et-jaune-lituanie\/#breadcrumb"},"inLanguage":"fr-FR","potentialAction":[{"@type":"ReadAction","target":["https:\/\/redkarawana.com\/fr\/artisan\/chaussettes-laine-orange-et-jaune-lituanie\/"]}]},{"@type":"ImageObject","inLanguage":"fr-FR","@id":"https:\/\/redkarawana.com\/fr\/artisan\/chaussettes-laine-orange-et-jaune-lituanie\/#primaryimage","url":"https:\/\/redkarawana.com\/wp-content\/uploads\/2024\/05\/1-SP-Lithuania-Wool-Socks.jpg","contentUrl":"https:\/\/redkarawana.com\/wp-content\/uploads\/2024\/05\/1-SP-Lithuania-Wool-Socks.jpg","width":680,"height":453,"caption":"Lituanie, Chaussettes en Laine"},{"@type":"BreadcrumbList","@id":"https:\/\/redkarawana.com\/fr\/artisan\/chaussettes-laine-orange-et-jaune-lituanie\/#breadcrumb","itemListElement":[{"@type":"ListItem","position":1,"name":"Home","item":"https:\/\/redkarawana.com\/fr\/"},{"@type":"ListItem","position":2,"name":"Artisans","item":"https:\/\/redkarawana.com\/fr\/artisans\/"},{"@type":"ListItem","position":3,"name":"Chaussettes en Laine Orange et Jaune, Lituanie ; \u00c0 Fleurs, Faites Main"}]},{"@type":"WebSite","@id":"https:\/\/redkarawana.com\/#website","url":"https:\/\/redkarawana.com\/","name":"Red Karawana","description":"","publisher":{"@id":"https:\/\/redkarawana.com\/#organization"},"potentialAction":[{"@type":"SearchAction","target":{"@type":"EntryPoint","urlTemplate":"https:\/\/redkarawana.com\/?s={search_term_string}"},"query-input":{"@type":"PropertyValueSpecification","valueRequired":true,"valueName":"search_term_string"}}],"inLanguage":"fr-FR"},{"@type":"Organization","@id":"https:\/\/redkarawana.com\/#organization","name":"Red Karawana","url":"https:\/\/redkarawana.com\/","logo":{"@type":"ImageObject","inLanguage":"fr-FR","@id":"https:\/\/redkarawana.com\/#\/schema\/logo\/image\/","url":"https:\/\/redkarawana.com\/wp-content\/uploads\/2025\/05\/cropped-Screenshot-2025-05-29-at-09.27.38.png","contentUrl":"https:\/\/redkarawana.com\/wp-content\/uploads\/2025\/05\/cropped-Screenshot-2025-05-29-at-09.27.38.png","width":512,"height":512,"caption":"Red Karawana"},"image":{"@id":"https:\/\/redkarawana.com\/#\/schema\/logo\/image\/"},"sameAs":["https:\/\/www.facebook.com\/redkarawana\/","https:\/\/www.instagram.com\/redkarawana\/","https:\/\/www.youtube.com\/channel\/UCU9jXzSmyKm4ZZv38FEXGKg","https:\/\/www.pinterest.com\/redkarawana\/"]}]}},"_links":{"self":[{"href":"https:\/\/redkarawana.com\/fr\/wp-json\/wp\/v2\/product\/3219","targetHints":{"allow":["GET"]}}],"collection":[{"href":"https:\/\/redkarawana.com\/fr\/wp-json\/wp\/v2\/product"}],"about":[{"href":"https:\/\/redkarawana.com\/fr\/wp-json\/wp\/v2\/types\/product"}],"wp:featuredmedia":[{"embeddable":true,"href":"https:\/\/redkarawana.com\/fr\/wp-json\/wp\/v2\/media\/3203"}],"wp:attachment":[{"href":"https:\/\/redkarawana.com\/fr\/wp-json\/wp\/v2\/media?parent=3219"}],"wp:term":[{"taxonomy":"product_brand","embeddable":true,"href":"https:\/\/redkarawana.com\/fr\/wp-json\/wp\/v2\/product_brand?post=3219"},{"taxonomy":"product_cat","embeddable":true,"href":"https:\/\/redkarawana.com\/fr\/wp-json\/wp\/v2\/product_cat?post=3219"},{"taxonomy":"product_tag","embeddable":true,"href":"https:\/\/redkarawana.com\/fr\/wp-json\/wp\/v2\/product_tag?post=3219"}],"curies":[{"name":"wp","href":"https:\/\/api.w.org\/{rel}","templated":true}]}}