{"id":3287,"date":"2025-11-29T18:30:36","date_gmt":"2025-11-29T18:30:36","guid":{"rendered":"https:\/\/redkarawana.com\/?post_type=product&#038;p=3287"},"modified":"2024-05-12T07:39:36","modified_gmt":"2024-05-12T07:39:36","slug":"abaque-chine","status":"publish","type":"product","link":"https:\/\/redkarawana.com\/fr\/artisan\/abaque-chine\/","title":{"rendered":"Abaque, Chine ; Instrument Ancient de Calcul Dans Une Bo\u00eete D\u00e9corative"},"content":{"rendered":"<p>Les voyageurs d\u00e9couvrent en Chine une culture extraordinaire, une riche histoire ainsi que d&rsquo;uniques souvenirs, tels que c\u00e9ramiques, tissus, \u0153uvres d&rsquo;art ou encore artisanat traditionnel. L&rsquo;abaque est un instrument ancien de calcul largement utilis\u00e9 depuis des milliers d&rsquo;ann\u00e9es. L&rsquo;abaque chinois, appel\u00e9 Suan-Pan \u7b97\u76d8, se compose d&rsquo;un cadre en bois dot\u00e9 de boules sur un pont sup\u00e9rieur et de boules sur un pont inf\u00e9rieur, s\u00e9par\u00e9s par une barre horizontale. Les boules en bois enfil\u00e9es sur des tiges m\u00e9talliques permettent des calculs arithm\u00e9tiques complexes. L\u2019abaque chinois que nous avons s\u00e9lectionn\u00e9 est plac\u00e9 dans une bo\u00eete d\u00e9corative affichant de tr\u00e8s beaux motifs traditionnels. Mesures : Abaque (longueur 7 \u00be pouces, largeur 5 \u00bc pouces, hauteur 1 \u00be pouces).<\/p>\n","protected":false},"excerpt":{"rendered":"<p>Les voyageurs d\u00e9couvrent en Chine une culture extraordinaire, une riche histoire ainsi que d&rsquo;uniques souvenirs, tels que c\u00e9ramiques, tissus, \u0153uvres d&rsquo;art ou encore artisanat traditionnel. L&rsquo;abaque est un instrument ancien de calcul largement utilis\u00e9 depuis des milliers d&rsquo;ann\u00e9es. L&rsquo;abaque chinois, appel\u00e9 Suan-Pan \u7b97\u76d8, se compose d&rsquo;un cadre en bois dot\u00e9 de boules sur un pont [&hellip;]<\/p>\n","protected":false},"featured_media":3227,"template":"","meta":{"_acf_changed":false},"product_brand":[],"product_cat":[49],"product_tag":[],"class_list":{"0":"post-3287","1":"product","2":"type-product","3":"status-publish","4":"has-post-thumbnail","6":"product_cat-decoratif","8":"first","9":"instock","10":"sold-individually","11":"taxable","12":"shipping-taxable","13":"purchasable","14":"product-type-simple"},"acf":[],"yoast_head":"<!-- This site is optimized with the Yoast SEO plugin v27.3 - https:\/\/yoast.com\/product\/yoast-seo-wordpress\/ -->\n<title>Abaque Dans Une Bo\u00eete D\u00e9corative, Chine - D\u00e9coratif - Red Karawana<\/title>\n<meta name=\"description\" content=\"L&#039;abaque chinois, appel\u00e9 Suan Pan \u7b97\u76d8, permet des calculs arithm\u00e9tiques complexes. Notre abaque chinois est plac\u00e9 dans une bo\u00eete d\u00e9corative.\" \/>\n<meta name=\"robots\" content=\"index, follow, max-snippet:-1, max-image-preview:large, max-video-preview:-1\" \/>\n<link rel=\"canonical\" href=\"https:\/\/redkarawana.com\/fr\/artisan\/abaque-chine\/\" \/>\n<meta property=\"og:locale\" content=\"fr_FR\" \/>\n<meta property=\"og:type\" content=\"article\" \/>\n<meta property=\"og:title\" content=\"Abaque Dans Une Bo\u00eete D\u00e9corative, Chine - D\u00e9coratif - Red Karawana\" \/>\n<meta property=\"og:description\" content=\"L&#039;abaque chinois, appel\u00e9 Suan Pan \u7b97\u76d8, permet des calculs arithm\u00e9tiques complexes. Notre abaque chinois est plac\u00e9 dans une bo\u00eete d\u00e9corative.\" \/>\n<meta property=\"og:url\" content=\"https:\/\/redkarawana.com\/fr\/artisan\/abaque-chine\/\" \/>\n<meta property=\"og:site_name\" content=\"Red Karawana\" \/>\n<meta property=\"article:publisher\" content=\"https:\/\/www.facebook.com\/redkarawana\/\" \/>\n<meta property=\"og:image\" content=\"https:\/\/redkarawana.com\/wp-content\/uploads\/2024\/05\/1-AAP-F1200x630-China-Abacus.jpg\" \/>\n\t<meta property=\"og:image:width\" content=\"1200\" \/>\n\t<meta property=\"og:image:height\" content=\"630\" \/>\n\t<meta property=\"og:image:type\" content=\"image\/jpeg\" \/>\n<meta name=\"twitter:card\" content=\"summary_large_image\" \/>\n<meta name=\"twitter:label1\" content=\"Dur\u00e9e de lecture estim\u00e9e\" \/>\n\t<meta name=\"twitter:data1\" content=\"1 minute\" \/>\n<script type=\"application\/ld+json\" class=\"yoast-schema-graph\">{\"@context\":\"https:\\\/\\\/schema.org\",\"@graph\":[{\"@type\":\"WebPage\",\"@id\":\"https:\\\/\\\/redkarawana.com\\\/fr\\\/artisan\\\/abaque-chine\\\/\",\"url\":\"https:\\\/\\\/redkarawana.com\\\/fr\\\/artisan\\\/abaque-chine\\\/\",\"name\":\"Abaque Dans Une Bo\u00eete D\u00e9corative, Chine - D\u00e9coratif - Red Karawana\",\"isPartOf\":{\"@id\":\"https:\\\/\\\/redkarawana.com\\\/#website\"},\"primaryImageOfPage\":{\"@id\":\"https:\\\/\\\/redkarawana.com\\\/fr\\\/artisan\\\/abaque-chine\\\/#primaryimage\"},\"image\":{\"@id\":\"https:\\\/\\\/redkarawana.com\\\/fr\\\/artisan\\\/abaque-chine\\\/#primaryimage\"},\"thumbnailUrl\":\"https:\\\/\\\/redkarawana.com\\\/wp-content\\\/uploads\\\/2024\\\/05\\\/1-SP-China-Abacus.jpg\",\"datePublished\":\"2025-11-29T18:30:36+00:00\",\"description\":\"L'abaque chinois, appel\u00e9 Suan Pan \u7b97\u76d8, permet des calculs arithm\u00e9tiques complexes. Notre abaque chinois est plac\u00e9 dans une bo\u00eete d\u00e9corative.\",\"breadcrumb\":{\"@id\":\"https:\\\/\\\/redkarawana.com\\\/fr\\\/artisan\\\/abaque-chine\\\/#breadcrumb\"},\"inLanguage\":\"fr-FR\",\"potentialAction\":[{\"@type\":\"ReadAction\",\"target\":[\"https:\\\/\\\/redkarawana.com\\\/fr\\\/artisan\\\/abaque-chine\\\/\"]}]},{\"@type\":\"ImageObject\",\"inLanguage\":\"fr-FR\",\"@id\":\"https:\\\/\\\/redkarawana.com\\\/fr\\\/artisan\\\/abaque-chine\\\/#primaryimage\",\"url\":\"https:\\\/\\\/redkarawana.com\\\/wp-content\\\/uploads\\\/2024\\\/05\\\/1-SP-China-Abacus.jpg\",\"contentUrl\":\"https:\\\/\\\/redkarawana.com\\\/wp-content\\\/uploads\\\/2024\\\/05\\\/1-SP-China-Abacus.jpg\",\"width\":680,\"height\":453,\"caption\":\"Chine, Abaque\"},{\"@type\":\"BreadcrumbList\",\"@id\":\"https:\\\/\\\/redkarawana.com\\\/fr\\\/artisan\\\/abaque-chine\\\/#breadcrumb\",\"itemListElement\":[{\"@type\":\"ListItem\",\"position\":1,\"name\":\"Home\",\"item\":\"https:\\\/\\\/redkarawana.com\\\/fr\\\/\"},{\"@type\":\"ListItem\",\"position\":2,\"name\":\"Artisans\",\"item\":\"https:\\\/\\\/redkarawana.com\\\/fr\\\/artisans\\\/\"},{\"@type\":\"ListItem\",\"position\":3,\"name\":\"Abaque, Chine ; Instrument Ancient de Calcul Dans Une Bo\u00eete D\u00e9corative\"}]},{\"@type\":\"WebSite\",\"@id\":\"https:\\\/\\\/redkarawana.com\\\/#website\",\"url\":\"https:\\\/\\\/redkarawana.com\\\/\",\"name\":\"Red Karawana\",\"description\":\"\",\"publisher\":{\"@id\":\"https:\\\/\\\/redkarawana.com\\\/#organization\"},\"potentialAction\":[{\"@type\":\"SearchAction\",\"target\":{\"@type\":\"EntryPoint\",\"urlTemplate\":\"https:\\\/\\\/redkarawana.com\\\/?s={search_term_string}\"},\"query-input\":{\"@type\":\"PropertyValueSpecification\",\"valueRequired\":true,\"valueName\":\"search_term_string\"}}],\"inLanguage\":\"fr-FR\"},{\"@type\":\"Organization\",\"@id\":\"https:\\\/\\\/redkarawana.com\\\/#organization\",\"name\":\"Red Karawana\",\"url\":\"https:\\\/\\\/redkarawana.com\\\/\",\"logo\":{\"@type\":\"ImageObject\",\"inLanguage\":\"fr-FR\",\"@id\":\"https:\\\/\\\/redkarawana.com\\\/#\\\/schema\\\/logo\\\/image\\\/\",\"url\":\"https:\\\/\\\/redkarawana.com\\\/wp-content\\\/uploads\\\/2025\\\/05\\\/cropped-Screenshot-2025-05-29-at-09.27.38.png\",\"contentUrl\":\"https:\\\/\\\/redkarawana.com\\\/wp-content\\\/uploads\\\/2025\\\/05\\\/cropped-Screenshot-2025-05-29-at-09.27.38.png\",\"width\":512,\"height\":512,\"caption\":\"Red Karawana\"},\"image\":{\"@id\":\"https:\\\/\\\/redkarawana.com\\\/#\\\/schema\\\/logo\\\/image\\\/\"},\"sameAs\":[\"https:\\\/\\\/www.facebook.com\\\/redkarawana\\\/\",\"https:\\\/\\\/www.instagram.com\\\/redkarawana\\\/\",\"https:\\\/\\\/www.youtube.com\\\/channel\\\/UCU9jXzSmyKm4ZZv38FEXGKg\",\"https:\\\/\\\/www.pinterest.com\\\/redkarawana\\\/\"]}]}<\/script>\n<!-- \/ Yoast SEO plugin. -->","yoast_head_json":{"title":"Abaque Dans Une Bo\u00eete D\u00e9corative, Chine - D\u00e9coratif - Red Karawana","description":"L'abaque chinois, appel\u00e9 Suan Pan \u7b97\u76d8, permet des calculs arithm\u00e9tiques complexes. Notre abaque chinois est plac\u00e9 dans une bo\u00eete d\u00e9corative.","robots":{"index":"index","follow":"follow","max-snippet":"max-snippet:-1","max-image-preview":"max-image-preview:large","max-video-preview":"max-video-preview:-1"},"canonical":"https:\/\/redkarawana.com\/fr\/artisan\/abaque-chine\/","og_locale":"fr_FR","og_type":"article","og_title":"Abaque Dans Une Bo\u00eete D\u00e9corative, Chine - D\u00e9coratif - Red Karawana","og_description":"L'abaque chinois, appel\u00e9 Suan Pan \u7b97\u76d8, permet des calculs arithm\u00e9tiques complexes. Notre abaque chinois est plac\u00e9 dans une bo\u00eete d\u00e9corative.","og_url":"https:\/\/redkarawana.com\/fr\/artisan\/abaque-chine\/","og_site_name":"Red Karawana","article_publisher":"https:\/\/www.facebook.com\/redkarawana\/","og_image":[{"width":1200,"height":630,"url":"https:\/\/redkarawana.com\/wp-content\/uploads\/2024\/05\/1-AAP-F1200x630-China-Abacus.jpg","type":"image\/jpeg"}],"twitter_card":"summary_large_image","twitter_misc":{"Dur\u00e9e de lecture estim\u00e9e":"1 minute"},"schema":{"@context":"https:\/\/schema.org","@graph":[{"@type":"WebPage","@id":"https:\/\/redkarawana.com\/fr\/artisan\/abaque-chine\/","url":"https:\/\/redkarawana.com\/fr\/artisan\/abaque-chine\/","name":"Abaque Dans Une Bo\u00eete D\u00e9corative, Chine - D\u00e9coratif - Red Karawana","isPartOf":{"@id":"https:\/\/redkarawana.com\/#website"},"primaryImageOfPage":{"@id":"https:\/\/redkarawana.com\/fr\/artisan\/abaque-chine\/#primaryimage"},"image":{"@id":"https:\/\/redkarawana.com\/fr\/artisan\/abaque-chine\/#primaryimage"},"thumbnailUrl":"https:\/\/redkarawana.com\/wp-content\/uploads\/2024\/05\/1-SP-China-Abacus.jpg","datePublished":"2025-11-29T18:30:36+00:00","description":"L'abaque chinois, appel\u00e9 Suan Pan \u7b97\u76d8, permet des calculs arithm\u00e9tiques complexes. Notre abaque chinois est plac\u00e9 dans une bo\u00eete d\u00e9corative.","breadcrumb":{"@id":"https:\/\/redkarawana.com\/fr\/artisan\/abaque-chine\/#breadcrumb"},"inLanguage":"fr-FR","potentialAction":[{"@type":"ReadAction","target":["https:\/\/redkarawana.com\/fr\/artisan\/abaque-chine\/"]}]},{"@type":"ImageObject","inLanguage":"fr-FR","@id":"https:\/\/redkarawana.com\/fr\/artisan\/abaque-chine\/#primaryimage","url":"https:\/\/redkarawana.com\/wp-content\/uploads\/2024\/05\/1-SP-China-Abacus.jpg","contentUrl":"https:\/\/redkarawana.com\/wp-content\/uploads\/2024\/05\/1-SP-China-Abacus.jpg","width":680,"height":453,"caption":"Chine, Abaque"},{"@type":"BreadcrumbList","@id":"https:\/\/redkarawana.com\/fr\/artisan\/abaque-chine\/#breadcrumb","itemListElement":[{"@type":"ListItem","position":1,"name":"Home","item":"https:\/\/redkarawana.com\/fr\/"},{"@type":"ListItem","position":2,"name":"Artisans","item":"https:\/\/redkarawana.com\/fr\/artisans\/"},{"@type":"ListItem","position":3,"name":"Abaque, Chine ; Instrument Ancient de Calcul Dans Une Bo\u00eete D\u00e9corative"}]},{"@type":"WebSite","@id":"https:\/\/redkarawana.com\/#website","url":"https:\/\/redkarawana.com\/","name":"Red Karawana","description":"","publisher":{"@id":"https:\/\/redkarawana.com\/#organization"},"potentialAction":[{"@type":"SearchAction","target":{"@type":"EntryPoint","urlTemplate":"https:\/\/redkarawana.com\/?s={search_term_string}"},"query-input":{"@type":"PropertyValueSpecification","valueRequired":true,"valueName":"search_term_string"}}],"inLanguage":"fr-FR"},{"@type":"Organization","@id":"https:\/\/redkarawana.com\/#organization","name":"Red Karawana","url":"https:\/\/redkarawana.com\/","logo":{"@type":"ImageObject","inLanguage":"fr-FR","@id":"https:\/\/redkarawana.com\/#\/schema\/logo\/image\/","url":"https:\/\/redkarawana.com\/wp-content\/uploads\/2025\/05\/cropped-Screenshot-2025-05-29-at-09.27.38.png","contentUrl":"https:\/\/redkarawana.com\/wp-content\/uploads\/2025\/05\/cropped-Screenshot-2025-05-29-at-09.27.38.png","width":512,"height":512,"caption":"Red Karawana"},"image":{"@id":"https:\/\/redkarawana.com\/#\/schema\/logo\/image\/"},"sameAs":["https:\/\/www.facebook.com\/redkarawana\/","https:\/\/www.instagram.com\/redkarawana\/","https:\/\/www.youtube.com\/channel\/UCU9jXzSmyKm4ZZv38FEXGKg","https:\/\/www.pinterest.com\/redkarawana\/"]}]}},"_links":{"self":[{"href":"https:\/\/redkarawana.com\/fr\/wp-json\/wp\/v2\/product\/3287","targetHints":{"allow":["GET"]}}],"collection":[{"href":"https:\/\/redkarawana.com\/fr\/wp-json\/wp\/v2\/product"}],"about":[{"href":"https:\/\/redkarawana.com\/fr\/wp-json\/wp\/v2\/types\/product"}],"wp:featuredmedia":[{"embeddable":true,"href":"https:\/\/redkarawana.com\/fr\/wp-json\/wp\/v2\/media\/3227"}],"wp:attachment":[{"href":"https:\/\/redkarawana.com\/fr\/wp-json\/wp\/v2\/media?parent=3287"}],"wp:term":[{"taxonomy":"product_brand","embeddable":true,"href":"https:\/\/redkarawana.com\/fr\/wp-json\/wp\/v2\/product_brand?post=3287"},{"taxonomy":"product_cat","embeddable":true,"href":"https:\/\/redkarawana.com\/fr\/wp-json\/wp\/v2\/product_cat?post=3287"},{"taxonomy":"product_tag","embeddable":true,"href":"https:\/\/redkarawana.com\/fr\/wp-json\/wp\/v2\/product_tag?post=3287"}],"curies":[{"name":"wp","href":"https:\/\/api.w.org\/{rel}","templated":true}]}}