{"id":3295,"date":"2025-11-29T18:50:17","date_gmt":"2025-11-29T18:50:17","guid":{"rendered":"https:\/\/redkarawana.com\/?post_type=product&#038;p=3295"},"modified":"2025-12-07T08:50:57","modified_gmt":"2025-12-07T08:50:57","slug":"chale-bordeaux-liban","status":"publish","type":"product","link":"https:\/\/redkarawana.com\/fr\/artisan\/chale-bordeaux-liban\/","title":{"rendered":"Ch\u00e2le de Couleur Bordeaux, Liban ; Art de L&rsquo;Orient et Accents Traditionnels"},"content":{"rendered":"<p>Au Liban, pays d\u00e9fini par son terrain montagneux, ses vall\u00e9es sc\u00e9niques et sa mer M\u00e9diterran\u00e9e, des artisans exp\u00e9riment\u00e9s cr\u00e9ent des produits uniques et beaux.\u00a0 Le ch\u00e2le de couleur bordeaux aux bords droits est accentu\u00e9 en un tissu rouge fonc\u00e9.\u00a0 Le ch\u00e2le est cr\u00e9\u00e9 dans un tissu de couleur bordeaux accentu\u00e9 de fils minces rouges et de broches rondes.\u00a0 Le ch\u00e2le pr\u00e9sent\u00e9 ici compl\u00e9tera de fa\u00e7on heureuse toute garde-robe.\u00a0 Mesures : 1 ch\u00e2le de couleur bordeaux (hauteur-gauche 50 pouces, largeur-droite 33 pouces).<\/p>\n","protected":false},"excerpt":{"rendered":"<p>Au Liban, pays d\u00e9fini par son terrain montagneux, ses vall\u00e9es sc\u00e9niques et sa mer M\u00e9diterran\u00e9e, des artisans exp\u00e9riment\u00e9s cr\u00e9ent des produits uniques et beaux.\u00a0 Le ch\u00e2le de couleur bordeaux aux bords droits est accentu\u00e9 en un tissu rouge fonc\u00e9.\u00a0 Le ch\u00e2le est cr\u00e9\u00e9 dans un tissu de couleur bordeaux accentu\u00e9 de fils minces rouges et [&hellip;]<\/p>\n","protected":false},"featured_media":3271,"template":"","meta":{"_acf_changed":false},"product_brand":[],"product_cat":[51],"product_tag":[],"class_list":{"0":"post-3295","1":"product","2":"type-product","3":"status-publish","4":"has-post-thumbnail","6":"product_cat-eclectique","8":"first","9":"instock","10":"sold-individually","11":"taxable","12":"shipping-taxable","13":"purchasable","14":"product-type-simple"},"acf":[],"yoast_head":"<!-- This site is optimized with the Yoast SEO plugin v27.3 - https:\/\/yoast.com\/product\/yoast-seo-wordpress\/ -->\n<title>Ch\u00e2le de Couleur Bordeaux, Liban - \u00c9clectique - Red Karawana<\/title>\n<meta name=\"description\" content=\"Le ch\u00e2le de couleur bordeaux aux bords droits est accentu\u00e9 en un tissue rouge. Le ch\u00e2le est accentu\u00e9 de fils rouges et de broches rondes.\" \/>\n<meta name=\"robots\" content=\"index, follow, max-snippet:-1, max-image-preview:large, max-video-preview:-1\" \/>\n<link rel=\"canonical\" href=\"https:\/\/redkarawana.com\/fr\/artisan\/chale-bordeaux-liban\/\" \/>\n<meta property=\"og:locale\" content=\"fr_FR\" \/>\n<meta property=\"og:type\" content=\"article\" \/>\n<meta property=\"og:title\" content=\"Ch\u00e2le de Couleur Bordeaux, Liban - \u00c9clectique - Red Karawana\" \/>\n<meta property=\"og:description\" content=\"Le ch\u00e2le de couleur bordeaux aux bords droits est accentu\u00e9 en un tissue rouge. Le ch\u00e2le est accentu\u00e9 de fils rouges et de broches rondes.\" \/>\n<meta property=\"og:url\" content=\"https:\/\/redkarawana.com\/fr\/artisan\/chale-bordeaux-liban\/\" \/>\n<meta property=\"og:site_name\" content=\"Red Karawana\" \/>\n<meta property=\"article:publisher\" content=\"https:\/\/www.facebook.com\/redkarawana\/\" \/>\n<meta property=\"article:modified_time\" content=\"2025-12-07T08:50:57+00:00\" \/>\n<meta property=\"og:image\" content=\"https:\/\/redkarawana.com\/wp-content\/uploads\/2024\/05\/1-AAP-F1200X630-Lebanon-Red-Wine-Shawl.jpg\" \/>\n\t<meta property=\"og:image:width\" content=\"1200\" \/>\n\t<meta property=\"og:image:height\" content=\"630\" \/>\n\t<meta property=\"og:image:type\" content=\"image\/jpeg\" \/>\n<meta name=\"twitter:card\" content=\"summary_large_image\" \/>\n<meta name=\"twitter:label1\" content=\"Dur\u00e9e de lecture estim\u00e9e\" \/>\n\t<meta name=\"twitter:data1\" content=\"1 minute\" \/>\n<script type=\"application\/ld+json\" class=\"yoast-schema-graph\">{\"@context\":\"https:\\\/\\\/schema.org\",\"@graph\":[{\"@type\":\"WebPage\",\"@id\":\"https:\\\/\\\/redkarawana.com\\\/fr\\\/artisan\\\/chale-bordeaux-liban\\\/\",\"url\":\"https:\\\/\\\/redkarawana.com\\\/fr\\\/artisan\\\/chale-bordeaux-liban\\\/\",\"name\":\"Ch\u00e2le de Couleur Bordeaux, Liban - \u00c9clectique - Red Karawana\",\"isPartOf\":{\"@id\":\"https:\\\/\\\/redkarawana.com\\\/#website\"},\"primaryImageOfPage\":{\"@id\":\"https:\\\/\\\/redkarawana.com\\\/fr\\\/artisan\\\/chale-bordeaux-liban\\\/#primaryimage\"},\"image\":{\"@id\":\"https:\\\/\\\/redkarawana.com\\\/fr\\\/artisan\\\/chale-bordeaux-liban\\\/#primaryimage\"},\"thumbnailUrl\":\"https:\\\/\\\/redkarawana.com\\\/wp-content\\\/uploads\\\/2024\\\/05\\\/1-SP-Lebanon-Red-Wine-Shawl.jpg\",\"datePublished\":\"2025-11-29T18:50:17+00:00\",\"dateModified\":\"2025-12-07T08:50:57+00:00\",\"description\":\"Le ch\u00e2le de couleur bordeaux aux bords droits est accentu\u00e9 en un tissue rouge. Le ch\u00e2le est accentu\u00e9 de fils rouges et de broches rondes.\",\"breadcrumb\":{\"@id\":\"https:\\\/\\\/redkarawana.com\\\/fr\\\/artisan\\\/chale-bordeaux-liban\\\/#breadcrumb\"},\"inLanguage\":\"fr-FR\",\"potentialAction\":[{\"@type\":\"ReadAction\",\"target\":[\"https:\\\/\\\/redkarawana.com\\\/fr\\\/artisan\\\/chale-bordeaux-liban\\\/\"]}]},{\"@type\":\"ImageObject\",\"inLanguage\":\"fr-FR\",\"@id\":\"https:\\\/\\\/redkarawana.com\\\/fr\\\/artisan\\\/chale-bordeaux-liban\\\/#primaryimage\",\"url\":\"https:\\\/\\\/redkarawana.com\\\/wp-content\\\/uploads\\\/2024\\\/05\\\/1-SP-Lebanon-Red-Wine-Shawl.jpg\",\"contentUrl\":\"https:\\\/\\\/redkarawana.com\\\/wp-content\\\/uploads\\\/2024\\\/05\\\/1-SP-Lebanon-Red-Wine-Shawl.jpg\",\"width\":680,\"height\":453,\"caption\":\"Liban, Ch\u00e2le de Couleur Bordeaux\"},{\"@type\":\"BreadcrumbList\",\"@id\":\"https:\\\/\\\/redkarawana.com\\\/fr\\\/artisan\\\/chale-bordeaux-liban\\\/#breadcrumb\",\"itemListElement\":[{\"@type\":\"ListItem\",\"position\":1,\"name\":\"Home\",\"item\":\"https:\\\/\\\/redkarawana.com\\\/fr\\\/\"},{\"@type\":\"ListItem\",\"position\":2,\"name\":\"Artisans\",\"item\":\"https:\\\/\\\/redkarawana.com\\\/fr\\\/artisans\\\/\"},{\"@type\":\"ListItem\",\"position\":3,\"name\":\"Ch\u00e2le de Couleur Bordeaux, Liban ; Art de L&#8217;Orient et Accents Traditionnels\"}]},{\"@type\":\"WebSite\",\"@id\":\"https:\\\/\\\/redkarawana.com\\\/#website\",\"url\":\"https:\\\/\\\/redkarawana.com\\\/\",\"name\":\"Red Karawana\",\"description\":\"\",\"publisher\":{\"@id\":\"https:\\\/\\\/redkarawana.com\\\/#organization\"},\"potentialAction\":[{\"@type\":\"SearchAction\",\"target\":{\"@type\":\"EntryPoint\",\"urlTemplate\":\"https:\\\/\\\/redkarawana.com\\\/?s={search_term_string}\"},\"query-input\":{\"@type\":\"PropertyValueSpecification\",\"valueRequired\":true,\"valueName\":\"search_term_string\"}}],\"inLanguage\":\"fr-FR\"},{\"@type\":\"Organization\",\"@id\":\"https:\\\/\\\/redkarawana.com\\\/#organization\",\"name\":\"Red Karawana\",\"url\":\"https:\\\/\\\/redkarawana.com\\\/\",\"logo\":{\"@type\":\"ImageObject\",\"inLanguage\":\"fr-FR\",\"@id\":\"https:\\\/\\\/redkarawana.com\\\/#\\\/schema\\\/logo\\\/image\\\/\",\"url\":\"https:\\\/\\\/redkarawana.com\\\/wp-content\\\/uploads\\\/2025\\\/05\\\/cropped-Screenshot-2025-05-29-at-09.27.38.png\",\"contentUrl\":\"https:\\\/\\\/redkarawana.com\\\/wp-content\\\/uploads\\\/2025\\\/05\\\/cropped-Screenshot-2025-05-29-at-09.27.38.png\",\"width\":512,\"height\":512,\"caption\":\"Red Karawana\"},\"image\":{\"@id\":\"https:\\\/\\\/redkarawana.com\\\/#\\\/schema\\\/logo\\\/image\\\/\"},\"sameAs\":[\"https:\\\/\\\/www.facebook.com\\\/redkarawana\\\/\",\"https:\\\/\\\/www.instagram.com\\\/redkarawana\\\/\",\"https:\\\/\\\/www.youtube.com\\\/channel\\\/UCU9jXzSmyKm4ZZv38FEXGKg\",\"https:\\\/\\\/www.pinterest.com\\\/redkarawana\\\/\"]}]}<\/script>\n<!-- \/ Yoast SEO plugin. -->","yoast_head_json":{"title":"Ch\u00e2le de Couleur Bordeaux, Liban - \u00c9clectique - Red Karawana","description":"Le ch\u00e2le de couleur bordeaux aux bords droits est accentu\u00e9 en un tissue rouge. Le ch\u00e2le est accentu\u00e9 de fils rouges et de broches rondes.","robots":{"index":"index","follow":"follow","max-snippet":"max-snippet:-1","max-image-preview":"max-image-preview:large","max-video-preview":"max-video-preview:-1"},"canonical":"https:\/\/redkarawana.com\/fr\/artisan\/chale-bordeaux-liban\/","og_locale":"fr_FR","og_type":"article","og_title":"Ch\u00e2le de Couleur Bordeaux, Liban - \u00c9clectique - Red Karawana","og_description":"Le ch\u00e2le de couleur bordeaux aux bords droits est accentu\u00e9 en un tissue rouge. Le ch\u00e2le est accentu\u00e9 de fils rouges et de broches rondes.","og_url":"https:\/\/redkarawana.com\/fr\/artisan\/chale-bordeaux-liban\/","og_site_name":"Red Karawana","article_publisher":"https:\/\/www.facebook.com\/redkarawana\/","article_modified_time":"2025-12-07T08:50:57+00:00","og_image":[{"width":1200,"height":630,"url":"https:\/\/redkarawana.com\/wp-content\/uploads\/2024\/05\/1-AAP-F1200X630-Lebanon-Red-Wine-Shawl.jpg","type":"image\/jpeg"}],"twitter_card":"summary_large_image","twitter_misc":{"Dur\u00e9e de lecture estim\u00e9e":"1 minute"},"schema":{"@context":"https:\/\/schema.org","@graph":[{"@type":"WebPage","@id":"https:\/\/redkarawana.com\/fr\/artisan\/chale-bordeaux-liban\/","url":"https:\/\/redkarawana.com\/fr\/artisan\/chale-bordeaux-liban\/","name":"Ch\u00e2le de Couleur Bordeaux, Liban - \u00c9clectique - Red Karawana","isPartOf":{"@id":"https:\/\/redkarawana.com\/#website"},"primaryImageOfPage":{"@id":"https:\/\/redkarawana.com\/fr\/artisan\/chale-bordeaux-liban\/#primaryimage"},"image":{"@id":"https:\/\/redkarawana.com\/fr\/artisan\/chale-bordeaux-liban\/#primaryimage"},"thumbnailUrl":"https:\/\/redkarawana.com\/wp-content\/uploads\/2024\/05\/1-SP-Lebanon-Red-Wine-Shawl.jpg","datePublished":"2025-11-29T18:50:17+00:00","dateModified":"2025-12-07T08:50:57+00:00","description":"Le ch\u00e2le de couleur bordeaux aux bords droits est accentu\u00e9 en un tissue rouge. Le ch\u00e2le est accentu\u00e9 de fils rouges et de broches rondes.","breadcrumb":{"@id":"https:\/\/redkarawana.com\/fr\/artisan\/chale-bordeaux-liban\/#breadcrumb"},"inLanguage":"fr-FR","potentialAction":[{"@type":"ReadAction","target":["https:\/\/redkarawana.com\/fr\/artisan\/chale-bordeaux-liban\/"]}]},{"@type":"ImageObject","inLanguage":"fr-FR","@id":"https:\/\/redkarawana.com\/fr\/artisan\/chale-bordeaux-liban\/#primaryimage","url":"https:\/\/redkarawana.com\/wp-content\/uploads\/2024\/05\/1-SP-Lebanon-Red-Wine-Shawl.jpg","contentUrl":"https:\/\/redkarawana.com\/wp-content\/uploads\/2024\/05\/1-SP-Lebanon-Red-Wine-Shawl.jpg","width":680,"height":453,"caption":"Liban, Ch\u00e2le de Couleur Bordeaux"},{"@type":"BreadcrumbList","@id":"https:\/\/redkarawana.com\/fr\/artisan\/chale-bordeaux-liban\/#breadcrumb","itemListElement":[{"@type":"ListItem","position":1,"name":"Home","item":"https:\/\/redkarawana.com\/fr\/"},{"@type":"ListItem","position":2,"name":"Artisans","item":"https:\/\/redkarawana.com\/fr\/artisans\/"},{"@type":"ListItem","position":3,"name":"Ch\u00e2le de Couleur Bordeaux, Liban ; Art de L&#8217;Orient et Accents Traditionnels"}]},{"@type":"WebSite","@id":"https:\/\/redkarawana.com\/#website","url":"https:\/\/redkarawana.com\/","name":"Red Karawana","description":"","publisher":{"@id":"https:\/\/redkarawana.com\/#organization"},"potentialAction":[{"@type":"SearchAction","target":{"@type":"EntryPoint","urlTemplate":"https:\/\/redkarawana.com\/?s={search_term_string}"},"query-input":{"@type":"PropertyValueSpecification","valueRequired":true,"valueName":"search_term_string"}}],"inLanguage":"fr-FR"},{"@type":"Organization","@id":"https:\/\/redkarawana.com\/#organization","name":"Red Karawana","url":"https:\/\/redkarawana.com\/","logo":{"@type":"ImageObject","inLanguage":"fr-FR","@id":"https:\/\/redkarawana.com\/#\/schema\/logo\/image\/","url":"https:\/\/redkarawana.com\/wp-content\/uploads\/2025\/05\/cropped-Screenshot-2025-05-29-at-09.27.38.png","contentUrl":"https:\/\/redkarawana.com\/wp-content\/uploads\/2025\/05\/cropped-Screenshot-2025-05-29-at-09.27.38.png","width":512,"height":512,"caption":"Red Karawana"},"image":{"@id":"https:\/\/redkarawana.com\/#\/schema\/logo\/image\/"},"sameAs":["https:\/\/www.facebook.com\/redkarawana\/","https:\/\/www.instagram.com\/redkarawana\/","https:\/\/www.youtube.com\/channel\/UCU9jXzSmyKm4ZZv38FEXGKg","https:\/\/www.pinterest.com\/redkarawana\/"]}]}},"_links":{"self":[{"href":"https:\/\/redkarawana.com\/fr\/wp-json\/wp\/v2\/product\/3295","targetHints":{"allow":["GET"]}}],"collection":[{"href":"https:\/\/redkarawana.com\/fr\/wp-json\/wp\/v2\/product"}],"about":[{"href":"https:\/\/redkarawana.com\/fr\/wp-json\/wp\/v2\/types\/product"}],"wp:featuredmedia":[{"embeddable":true,"href":"https:\/\/redkarawana.com\/fr\/wp-json\/wp\/v2\/media\/3271"}],"wp:attachment":[{"href":"https:\/\/redkarawana.com\/fr\/wp-json\/wp\/v2\/media?parent=3295"}],"wp:term":[{"taxonomy":"product_brand","embeddable":true,"href":"https:\/\/redkarawana.com\/fr\/wp-json\/wp\/v2\/product_brand?post=3295"},{"taxonomy":"product_cat","embeddable":true,"href":"https:\/\/redkarawana.com\/fr\/wp-json\/wp\/v2\/product_cat?post=3295"},{"taxonomy":"product_tag","embeddable":true,"href":"https:\/\/redkarawana.com\/fr\/wp-json\/wp\/v2\/product_tag?post=3295"}],"curies":[{"name":"wp","href":"https:\/\/api.w.org\/{rel}","templated":true}]}}