{"id":3320,"date":"2025-11-29T19:00:28","date_gmt":"2025-11-29T19:00:28","guid":{"rendered":"https:\/\/redkarawana.com\/?post_type=product&#038;p=3320"},"modified":"2024-05-12T15:33:28","modified_gmt":"2024-05-12T15:33:28","slug":"couvre-lit-kilim-pologne","status":"publish","type":"product","link":"https:\/\/redkarawana.com\/fr\/artisan\/couvre-lit-kilim-pologne\/","title":{"rendered":"Couvre-Lit Kilim, Pologne ; Couverture en Laine Artisanale"},"content":{"rendered":"<p>Partout en Pologne, des collectifs d&rsquo;artisans ainsi que des artistes individuels exposent et vendent leurs \u0153uvres \u00e0 l&rsquo;occasion des march\u00e9s saisonniers. Sp\u00f3\u0142dzielnia Koronka-Bobowa, une coop\u00e9rative d&rsquo;artistes en Pologne, cr\u00e9e, fabriqu\u00e9es main, des tapisseries traditionnelles, des dentelles, des nappes et des couvre-lits en kilim. Notre couvre-lit kilim, cr\u00e9\u00e9 \u00e0 la main en tissant des fils de laine orange, marron et blanche, est orn\u00e9 en finition sur ses bords par des petits pompons blancs. Notre kilim de laine rajoutera une touche rustique \u00e0 tout canap\u00e9, fauteuil ou lit. Mesures : couvre-lit kilim (longueur 79 pouces, largeur 61 pouces).<\/p>\n","protected":false},"excerpt":{"rendered":"<p>Partout en Pologne, des collectifs d&rsquo;artisans ainsi que des artistes individuels exposent et vendent leurs \u0153uvres \u00e0 l&rsquo;occasion des march\u00e9s saisonniers. Sp\u00f3\u0142dzielnia Koronka-Bobowa, une coop\u00e9rative d&rsquo;artistes en Pologne, cr\u00e9e, fabriqu\u00e9es main, des tapisseries traditionnelles, des dentelles, des nappes et des couvre-lits en kilim. Notre couvre-lit kilim, cr\u00e9\u00e9 \u00e0 la main en tissant des fils de [&hellip;]<\/p>\n","protected":false},"featured_media":3303,"template":"","meta":{"_acf_changed":false},"product_brand":[],"product_cat":[51],"product_tag":[],"class_list":{"0":"post-3320","1":"product","2":"type-product","3":"status-publish","4":"has-post-thumbnail","6":"product_cat-eclectique","8":"first","9":"instock","10":"sold-individually","11":"taxable","12":"shipping-taxable","13":"purchasable","14":"product-type-simple"},"acf":[],"yoast_head":"<!-- This site is optimized with the Yoast SEO plugin v27.3 - https:\/\/yoast.com\/product\/yoast-seo-wordpress\/ -->\n<title>Couvre-Lit Kilim, Pologne - \u00c9clectique - Red Karawana<\/title>\n<meta name=\"description\" content=\"Notre couvre-lit kilim, cr\u00e9\u00e9 \u00e0 la main en tissant des fils de laine orange-marron-blanche, est orn\u00e9 en finition sur ses bords par des pompons.\" \/>\n<meta name=\"robots\" content=\"index, follow, max-snippet:-1, max-image-preview:large, max-video-preview:-1\" \/>\n<link rel=\"canonical\" href=\"https:\/\/redkarawana.com\/fr\/artisan\/couvre-lit-kilim-pologne\/\" \/>\n<meta property=\"og:locale\" content=\"fr_FR\" \/>\n<meta property=\"og:type\" content=\"article\" \/>\n<meta property=\"og:title\" content=\"Couvre-Lit Kilim, Pologne - \u00c9clectique - Red Karawana\" \/>\n<meta property=\"og:description\" content=\"Notre couvre-lit kilim, cr\u00e9\u00e9 \u00e0 la main en tissant des fils de laine orange-marron-blanche, est orn\u00e9 en finition sur ses bords par des pompons.\" \/>\n<meta property=\"og:url\" content=\"https:\/\/redkarawana.com\/fr\/artisan\/couvre-lit-kilim-pologne\/\" \/>\n<meta property=\"og:site_name\" content=\"Red Karawana\" \/>\n<meta property=\"article:publisher\" content=\"https:\/\/www.facebook.com\/redkarawana\/\" \/>\n<meta property=\"og:image\" content=\"https:\/\/redkarawana.com\/wp-content\/uploads\/2024\/05\/1-AAP-F1200x630-Poland-Kilim-Bedspread.jpg\" \/>\n\t<meta property=\"og:image:width\" content=\"1200\" \/>\n\t<meta property=\"og:image:height\" content=\"630\" \/>\n\t<meta property=\"og:image:type\" content=\"image\/jpeg\" \/>\n<meta name=\"twitter:card\" content=\"summary_large_image\" \/>\n<meta name=\"twitter:label1\" content=\"Dur\u00e9e de lecture estim\u00e9e\" \/>\n\t<meta name=\"twitter:data1\" content=\"1 minute\" \/>\n<script type=\"application\/ld+json\" class=\"yoast-schema-graph\">{\"@context\":\"https:\\\/\\\/schema.org\",\"@graph\":[{\"@type\":\"WebPage\",\"@id\":\"https:\\\/\\\/redkarawana.com\\\/fr\\\/artisan\\\/couvre-lit-kilim-pologne\\\/\",\"url\":\"https:\\\/\\\/redkarawana.com\\\/fr\\\/artisan\\\/couvre-lit-kilim-pologne\\\/\",\"name\":\"Couvre-Lit Kilim, Pologne - \u00c9clectique - Red Karawana\",\"isPartOf\":{\"@id\":\"https:\\\/\\\/redkarawana.com\\\/#website\"},\"primaryImageOfPage\":{\"@id\":\"https:\\\/\\\/redkarawana.com\\\/fr\\\/artisan\\\/couvre-lit-kilim-pologne\\\/#primaryimage\"},\"image\":{\"@id\":\"https:\\\/\\\/redkarawana.com\\\/fr\\\/artisan\\\/couvre-lit-kilim-pologne\\\/#primaryimage\"},\"thumbnailUrl\":\"https:\\\/\\\/redkarawana.com\\\/wp-content\\\/uploads\\\/2024\\\/05\\\/1-SP-Poland-Kilim-Bedspread.jpg\",\"datePublished\":\"2025-11-29T19:00:28+00:00\",\"description\":\"Notre couvre-lit kilim, cr\u00e9\u00e9 \u00e0 la main en tissant des fils de laine orange-marron-blanche, est orn\u00e9 en finition sur ses bords par des pompons.\",\"breadcrumb\":{\"@id\":\"https:\\\/\\\/redkarawana.com\\\/fr\\\/artisan\\\/couvre-lit-kilim-pologne\\\/#breadcrumb\"},\"inLanguage\":\"fr-FR\",\"potentialAction\":[{\"@type\":\"ReadAction\",\"target\":[\"https:\\\/\\\/redkarawana.com\\\/fr\\\/artisan\\\/couvre-lit-kilim-pologne\\\/\"]}]},{\"@type\":\"ImageObject\",\"inLanguage\":\"fr-FR\",\"@id\":\"https:\\\/\\\/redkarawana.com\\\/fr\\\/artisan\\\/couvre-lit-kilim-pologne\\\/#primaryimage\",\"url\":\"https:\\\/\\\/redkarawana.com\\\/wp-content\\\/uploads\\\/2024\\\/05\\\/1-SP-Poland-Kilim-Bedspread.jpg\",\"contentUrl\":\"https:\\\/\\\/redkarawana.com\\\/wp-content\\\/uploads\\\/2024\\\/05\\\/1-SP-Poland-Kilim-Bedspread.jpg\",\"width\":680,\"height\":453,\"caption\":\"Pologne, Couvre-Lit Kilim\"},{\"@type\":\"BreadcrumbList\",\"@id\":\"https:\\\/\\\/redkarawana.com\\\/fr\\\/artisan\\\/couvre-lit-kilim-pologne\\\/#breadcrumb\",\"itemListElement\":[{\"@type\":\"ListItem\",\"position\":1,\"name\":\"Home\",\"item\":\"https:\\\/\\\/redkarawana.com\\\/fr\\\/\"},{\"@type\":\"ListItem\",\"position\":2,\"name\":\"Artisans\",\"item\":\"https:\\\/\\\/redkarawana.com\\\/fr\\\/artisans\\\/\"},{\"@type\":\"ListItem\",\"position\":3,\"name\":\"Couvre-Lit Kilim, Pologne ; Couverture en Laine Artisanale\"}]},{\"@type\":\"WebSite\",\"@id\":\"https:\\\/\\\/redkarawana.com\\\/#website\",\"url\":\"https:\\\/\\\/redkarawana.com\\\/\",\"name\":\"Red Karawana\",\"description\":\"\",\"publisher\":{\"@id\":\"https:\\\/\\\/redkarawana.com\\\/#organization\"},\"potentialAction\":[{\"@type\":\"SearchAction\",\"target\":{\"@type\":\"EntryPoint\",\"urlTemplate\":\"https:\\\/\\\/redkarawana.com\\\/?s={search_term_string}\"},\"query-input\":{\"@type\":\"PropertyValueSpecification\",\"valueRequired\":true,\"valueName\":\"search_term_string\"}}],\"inLanguage\":\"fr-FR\"},{\"@type\":\"Organization\",\"@id\":\"https:\\\/\\\/redkarawana.com\\\/#organization\",\"name\":\"Red Karawana\",\"url\":\"https:\\\/\\\/redkarawana.com\\\/\",\"logo\":{\"@type\":\"ImageObject\",\"inLanguage\":\"fr-FR\",\"@id\":\"https:\\\/\\\/redkarawana.com\\\/#\\\/schema\\\/logo\\\/image\\\/\",\"url\":\"https:\\\/\\\/redkarawana.com\\\/wp-content\\\/uploads\\\/2025\\\/05\\\/cropped-Screenshot-2025-05-29-at-09.27.38.png\",\"contentUrl\":\"https:\\\/\\\/redkarawana.com\\\/wp-content\\\/uploads\\\/2025\\\/05\\\/cropped-Screenshot-2025-05-29-at-09.27.38.png\",\"width\":512,\"height\":512,\"caption\":\"Red Karawana\"},\"image\":{\"@id\":\"https:\\\/\\\/redkarawana.com\\\/#\\\/schema\\\/logo\\\/image\\\/\"},\"sameAs\":[\"https:\\\/\\\/www.facebook.com\\\/redkarawana\\\/\",\"https:\\\/\\\/www.instagram.com\\\/redkarawana\\\/\",\"https:\\\/\\\/www.youtube.com\\\/channel\\\/UCU9jXzSmyKm4ZZv38FEXGKg\",\"https:\\\/\\\/www.pinterest.com\\\/redkarawana\\\/\"]}]}<\/script>\n<!-- \/ Yoast SEO plugin. -->","yoast_head_json":{"title":"Couvre-Lit Kilim, Pologne - \u00c9clectique - Red Karawana","description":"Notre couvre-lit kilim, cr\u00e9\u00e9 \u00e0 la main en tissant des fils de laine orange-marron-blanche, est orn\u00e9 en finition sur ses bords par des pompons.","robots":{"index":"index","follow":"follow","max-snippet":"max-snippet:-1","max-image-preview":"max-image-preview:large","max-video-preview":"max-video-preview:-1"},"canonical":"https:\/\/redkarawana.com\/fr\/artisan\/couvre-lit-kilim-pologne\/","og_locale":"fr_FR","og_type":"article","og_title":"Couvre-Lit Kilim, Pologne - \u00c9clectique - Red Karawana","og_description":"Notre couvre-lit kilim, cr\u00e9\u00e9 \u00e0 la main en tissant des fils de laine orange-marron-blanche, est orn\u00e9 en finition sur ses bords par des pompons.","og_url":"https:\/\/redkarawana.com\/fr\/artisan\/couvre-lit-kilim-pologne\/","og_site_name":"Red Karawana","article_publisher":"https:\/\/www.facebook.com\/redkarawana\/","og_image":[{"width":1200,"height":630,"url":"https:\/\/redkarawana.com\/wp-content\/uploads\/2024\/05\/1-AAP-F1200x630-Poland-Kilim-Bedspread.jpg","type":"image\/jpeg"}],"twitter_card":"summary_large_image","twitter_misc":{"Dur\u00e9e de lecture estim\u00e9e":"1 minute"},"schema":{"@context":"https:\/\/schema.org","@graph":[{"@type":"WebPage","@id":"https:\/\/redkarawana.com\/fr\/artisan\/couvre-lit-kilim-pologne\/","url":"https:\/\/redkarawana.com\/fr\/artisan\/couvre-lit-kilim-pologne\/","name":"Couvre-Lit Kilim, Pologne - \u00c9clectique - Red Karawana","isPartOf":{"@id":"https:\/\/redkarawana.com\/#website"},"primaryImageOfPage":{"@id":"https:\/\/redkarawana.com\/fr\/artisan\/couvre-lit-kilim-pologne\/#primaryimage"},"image":{"@id":"https:\/\/redkarawana.com\/fr\/artisan\/couvre-lit-kilim-pologne\/#primaryimage"},"thumbnailUrl":"https:\/\/redkarawana.com\/wp-content\/uploads\/2024\/05\/1-SP-Poland-Kilim-Bedspread.jpg","datePublished":"2025-11-29T19:00:28+00:00","description":"Notre couvre-lit kilim, cr\u00e9\u00e9 \u00e0 la main en tissant des fils de laine orange-marron-blanche, est orn\u00e9 en finition sur ses bords par des pompons.","breadcrumb":{"@id":"https:\/\/redkarawana.com\/fr\/artisan\/couvre-lit-kilim-pologne\/#breadcrumb"},"inLanguage":"fr-FR","potentialAction":[{"@type":"ReadAction","target":["https:\/\/redkarawana.com\/fr\/artisan\/couvre-lit-kilim-pologne\/"]}]},{"@type":"ImageObject","inLanguage":"fr-FR","@id":"https:\/\/redkarawana.com\/fr\/artisan\/couvre-lit-kilim-pologne\/#primaryimage","url":"https:\/\/redkarawana.com\/wp-content\/uploads\/2024\/05\/1-SP-Poland-Kilim-Bedspread.jpg","contentUrl":"https:\/\/redkarawana.com\/wp-content\/uploads\/2024\/05\/1-SP-Poland-Kilim-Bedspread.jpg","width":680,"height":453,"caption":"Pologne, Couvre-Lit Kilim"},{"@type":"BreadcrumbList","@id":"https:\/\/redkarawana.com\/fr\/artisan\/couvre-lit-kilim-pologne\/#breadcrumb","itemListElement":[{"@type":"ListItem","position":1,"name":"Home","item":"https:\/\/redkarawana.com\/fr\/"},{"@type":"ListItem","position":2,"name":"Artisans","item":"https:\/\/redkarawana.com\/fr\/artisans\/"},{"@type":"ListItem","position":3,"name":"Couvre-Lit Kilim, Pologne ; Couverture en Laine Artisanale"}]},{"@type":"WebSite","@id":"https:\/\/redkarawana.com\/#website","url":"https:\/\/redkarawana.com\/","name":"Red Karawana","description":"","publisher":{"@id":"https:\/\/redkarawana.com\/#organization"},"potentialAction":[{"@type":"SearchAction","target":{"@type":"EntryPoint","urlTemplate":"https:\/\/redkarawana.com\/?s={search_term_string}"},"query-input":{"@type":"PropertyValueSpecification","valueRequired":true,"valueName":"search_term_string"}}],"inLanguage":"fr-FR"},{"@type":"Organization","@id":"https:\/\/redkarawana.com\/#organization","name":"Red Karawana","url":"https:\/\/redkarawana.com\/","logo":{"@type":"ImageObject","inLanguage":"fr-FR","@id":"https:\/\/redkarawana.com\/#\/schema\/logo\/image\/","url":"https:\/\/redkarawana.com\/wp-content\/uploads\/2025\/05\/cropped-Screenshot-2025-05-29-at-09.27.38.png","contentUrl":"https:\/\/redkarawana.com\/wp-content\/uploads\/2025\/05\/cropped-Screenshot-2025-05-29-at-09.27.38.png","width":512,"height":512,"caption":"Red Karawana"},"image":{"@id":"https:\/\/redkarawana.com\/#\/schema\/logo\/image\/"},"sameAs":["https:\/\/www.facebook.com\/redkarawana\/","https:\/\/www.instagram.com\/redkarawana\/","https:\/\/www.youtube.com\/channel\/UCU9jXzSmyKm4ZZv38FEXGKg","https:\/\/www.pinterest.com\/redkarawana\/"]}]}},"_links":{"self":[{"href":"https:\/\/redkarawana.com\/fr\/wp-json\/wp\/v2\/product\/3320","targetHints":{"allow":["GET"]}}],"collection":[{"href":"https:\/\/redkarawana.com\/fr\/wp-json\/wp\/v2\/product"}],"about":[{"href":"https:\/\/redkarawana.com\/fr\/wp-json\/wp\/v2\/types\/product"}],"wp:featuredmedia":[{"embeddable":true,"href":"https:\/\/redkarawana.com\/fr\/wp-json\/wp\/v2\/media\/3303"}],"wp:attachment":[{"href":"https:\/\/redkarawana.com\/fr\/wp-json\/wp\/v2\/media?parent=3320"}],"wp:term":[{"taxonomy":"product_brand","embeddable":true,"href":"https:\/\/redkarawana.com\/fr\/wp-json\/wp\/v2\/product_brand?post=3320"},{"taxonomy":"product_cat","embeddable":true,"href":"https:\/\/redkarawana.com\/fr\/wp-json\/wp\/v2\/product_cat?post=3320"},{"taxonomy":"product_tag","embeddable":true,"href":"https:\/\/redkarawana.com\/fr\/wp-json\/wp\/v2\/product_tag?post=3320"}],"curies":[{"name":"wp","href":"https:\/\/api.w.org\/{rel}","templated":true}]}}