{"id":3344,"date":"2025-11-29T19:10:40","date_gmt":"2025-11-29T19:10:40","guid":{"rendered":"https:\/\/redkarawana.com\/?post_type=product&#038;p=3344"},"modified":"2025-12-07T08:45:26","modified_gmt":"2025-12-07T08:45:26","slug":"flacons-parfum-eau","status":"publish","type":"product","link":"https:\/\/redkarawana.com\/fr\/artisan\/flacons-parfum-eau\/","title":{"rendered":"Flacons de Parfum, Abou Dhabi, EAU ; Faits Main en Verre et Motifs Blancs"},"content":{"rendered":"<p>Les traditions de parfumerie et la fascination envers les parfums existent depuis des si\u00e8cles en Arabie. Les ar\u00f4mes merveilleux des huiles naturelles et de leurs senteurs accompagnaient les marchands arabes qui traversaient les lointains pays le long de la Route de la Soie. Ces doux parfums sont conserv\u00e9s dans des flacons magnifiques et d\u00e9licats. Nos flacons de parfum en verre sont faits \u00e0 la main et d\u00e9cor\u00e9s d&rsquo;accents dor\u00e9s et de motifs blancs. Ensemble : 1 flacon de parfum de couleur verte (hauteur 8 pouces ou 9 1\/2 avec le bouchon, largeur 2 1\/2 pouces), 1 flacon de parfum de couleur rose (hauteur 7 pouces ou 8 1\/2 avec le bouchon, largeur 2 1\/4 pouces).<\/p>\n","protected":false},"excerpt":{"rendered":"<p>Les traditions de parfumerie et la fascination envers les parfums existent depuis des si\u00e8cles en Arabie. Les ar\u00f4mes merveilleux des huiles naturelles et de leurs senteurs accompagnaient les marchands arabes qui traversaient les lointains pays le long de la Route de la Soie. Ces doux parfums sont conserv\u00e9s dans des flacons magnifiques et d\u00e9licats. Nos [&hellip;]<\/p>\n","protected":false},"featured_media":3328,"template":"","meta":{"_acf_changed":false},"product_brand":[],"product_cat":[49],"product_tag":[],"class_list":{"0":"post-3344","1":"product","2":"type-product","3":"status-publish","4":"has-post-thumbnail","6":"product_cat-decoratif","8":"first","9":"instock","10":"sold-individually","11":"taxable","12":"shipping-taxable","13":"purchasable","14":"product-type-simple"},"acf":[],"yoast_head":"<!-- This site is optimized with the Yoast SEO plugin v27.3 - https:\/\/yoast.com\/product\/yoast-seo-wordpress\/ -->\n<title>Flacons de Parfum, EAU - D\u00e9coratif - Red Karawana<\/title>\n<meta name=\"description\" content=\"Les flacons de parfum stockent le parfum et les huiles naturelles. Nos flacons de parfum sont faits \u00e0 la main et d\u00e9cor\u00e9s d&#039;accents dor\u00e9s.\" \/>\n<meta name=\"robots\" content=\"index, follow, max-snippet:-1, max-image-preview:large, max-video-preview:-1\" \/>\n<link rel=\"canonical\" href=\"https:\/\/redkarawana.com\/fr\/artisan\/flacons-parfum-eau\/\" \/>\n<meta property=\"og:locale\" content=\"fr_FR\" \/>\n<meta property=\"og:type\" content=\"article\" \/>\n<meta property=\"og:title\" content=\"Flacons de Parfum, EAU - D\u00e9coratif - Red Karawana\" \/>\n<meta property=\"og:description\" content=\"Les flacons de parfum stockent le parfum et les huiles naturelles. Nos flacons de parfum sont faits \u00e0 la main et d\u00e9cor\u00e9s d&#039;accents dor\u00e9s.\" \/>\n<meta property=\"og:url\" content=\"https:\/\/redkarawana.com\/fr\/artisan\/flacons-parfum-eau\/\" \/>\n<meta property=\"og:site_name\" content=\"Red Karawana\" \/>\n<meta property=\"article:publisher\" content=\"https:\/\/www.facebook.com\/redkarawana\/\" \/>\n<meta property=\"article:modified_time\" content=\"2025-12-07T08:45:26+00:00\" \/>\n<meta property=\"og:image\" content=\"https:\/\/redkarawana.com\/wp-content\/uploads\/2024\/05\/1-AAP-F1200x630-UAE-Abu-Dhabi-Perfume-Bottles.jpg\" \/>\n\t<meta property=\"og:image:width\" content=\"1200\" \/>\n\t<meta property=\"og:image:height\" content=\"630\" \/>\n\t<meta property=\"og:image:type\" content=\"image\/jpeg\" \/>\n<meta name=\"twitter:card\" content=\"summary_large_image\" \/>\n<meta name=\"twitter:label1\" content=\"Dur\u00e9e de lecture estim\u00e9e\" \/>\n\t<meta name=\"twitter:data1\" content=\"1 minute\" \/>\n<script type=\"application\/ld+json\" class=\"yoast-schema-graph\">{\"@context\":\"https:\\\/\\\/schema.org\",\"@graph\":[{\"@type\":\"WebPage\",\"@id\":\"https:\\\/\\\/redkarawana.com\\\/fr\\\/artisan\\\/flacons-parfum-eau\\\/\",\"url\":\"https:\\\/\\\/redkarawana.com\\\/fr\\\/artisan\\\/flacons-parfum-eau\\\/\",\"name\":\"Flacons de Parfum, EAU - D\u00e9coratif - Red Karawana\",\"isPartOf\":{\"@id\":\"https:\\\/\\\/redkarawana.com\\\/#website\"},\"primaryImageOfPage\":{\"@id\":\"https:\\\/\\\/redkarawana.com\\\/fr\\\/artisan\\\/flacons-parfum-eau\\\/#primaryimage\"},\"image\":{\"@id\":\"https:\\\/\\\/redkarawana.com\\\/fr\\\/artisan\\\/flacons-parfum-eau\\\/#primaryimage\"},\"thumbnailUrl\":\"https:\\\/\\\/redkarawana.com\\\/wp-content\\\/uploads\\\/2024\\\/05\\\/1-SP-UAE-Abu-Dhabi-Perfume-Bottles.jpg\",\"datePublished\":\"2025-11-29T19:10:40+00:00\",\"dateModified\":\"2025-12-07T08:45:26+00:00\",\"description\":\"Les flacons de parfum stockent le parfum et les huiles naturelles. Nos flacons de parfum sont faits \u00e0 la main et d\u00e9cor\u00e9s d'accents dor\u00e9s.\",\"breadcrumb\":{\"@id\":\"https:\\\/\\\/redkarawana.com\\\/fr\\\/artisan\\\/flacons-parfum-eau\\\/#breadcrumb\"},\"inLanguage\":\"fr-FR\",\"potentialAction\":[{\"@type\":\"ReadAction\",\"target\":[\"https:\\\/\\\/redkarawana.com\\\/fr\\\/artisan\\\/flacons-parfum-eau\\\/\"]}]},{\"@type\":\"ImageObject\",\"inLanguage\":\"fr-FR\",\"@id\":\"https:\\\/\\\/redkarawana.com\\\/fr\\\/artisan\\\/flacons-parfum-eau\\\/#primaryimage\",\"url\":\"https:\\\/\\\/redkarawana.com\\\/wp-content\\\/uploads\\\/2024\\\/05\\\/1-SP-UAE-Abu-Dhabi-Perfume-Bottles.jpg\",\"contentUrl\":\"https:\\\/\\\/redkarawana.com\\\/wp-content\\\/uploads\\\/2024\\\/05\\\/1-SP-UAE-Abu-Dhabi-Perfume-Bottles.jpg\",\"width\":680,\"height\":453,\"caption\":\"EAU, Abou Dhabi, Flacons de Parfum\"},{\"@type\":\"BreadcrumbList\",\"@id\":\"https:\\\/\\\/redkarawana.com\\\/fr\\\/artisan\\\/flacons-parfum-eau\\\/#breadcrumb\",\"itemListElement\":[{\"@type\":\"ListItem\",\"position\":1,\"name\":\"Home\",\"item\":\"https:\\\/\\\/redkarawana.com\\\/fr\\\/\"},{\"@type\":\"ListItem\",\"position\":2,\"name\":\"Artisans\",\"item\":\"https:\\\/\\\/redkarawana.com\\\/fr\\\/artisans\\\/\"},{\"@type\":\"ListItem\",\"position\":3,\"name\":\"Flacons de Parfum, Abou Dhabi, EAU ; Faits Main en Verre et Motifs Blancs\"}]},{\"@type\":\"WebSite\",\"@id\":\"https:\\\/\\\/redkarawana.com\\\/#website\",\"url\":\"https:\\\/\\\/redkarawana.com\\\/\",\"name\":\"Red Karawana\",\"description\":\"\",\"publisher\":{\"@id\":\"https:\\\/\\\/redkarawana.com\\\/#organization\"},\"potentialAction\":[{\"@type\":\"SearchAction\",\"target\":{\"@type\":\"EntryPoint\",\"urlTemplate\":\"https:\\\/\\\/redkarawana.com\\\/?s={search_term_string}\"},\"query-input\":{\"@type\":\"PropertyValueSpecification\",\"valueRequired\":true,\"valueName\":\"search_term_string\"}}],\"inLanguage\":\"fr-FR\"},{\"@type\":\"Organization\",\"@id\":\"https:\\\/\\\/redkarawana.com\\\/#organization\",\"name\":\"Red Karawana\",\"url\":\"https:\\\/\\\/redkarawana.com\\\/\",\"logo\":{\"@type\":\"ImageObject\",\"inLanguage\":\"fr-FR\",\"@id\":\"https:\\\/\\\/redkarawana.com\\\/#\\\/schema\\\/logo\\\/image\\\/\",\"url\":\"https:\\\/\\\/redkarawana.com\\\/wp-content\\\/uploads\\\/2025\\\/05\\\/cropped-Screenshot-2025-05-29-at-09.27.38.png\",\"contentUrl\":\"https:\\\/\\\/redkarawana.com\\\/wp-content\\\/uploads\\\/2025\\\/05\\\/cropped-Screenshot-2025-05-29-at-09.27.38.png\",\"width\":512,\"height\":512,\"caption\":\"Red Karawana\"},\"image\":{\"@id\":\"https:\\\/\\\/redkarawana.com\\\/#\\\/schema\\\/logo\\\/image\\\/\"},\"sameAs\":[\"https:\\\/\\\/www.facebook.com\\\/redkarawana\\\/\",\"https:\\\/\\\/www.instagram.com\\\/redkarawana\\\/\",\"https:\\\/\\\/www.youtube.com\\\/channel\\\/UCU9jXzSmyKm4ZZv38FEXGKg\",\"https:\\\/\\\/www.pinterest.com\\\/redkarawana\\\/\"]}]}<\/script>\n<!-- \/ Yoast SEO plugin. -->","yoast_head_json":{"title":"Flacons de Parfum, EAU - D\u00e9coratif - Red Karawana","description":"Les flacons de parfum stockent le parfum et les huiles naturelles. Nos flacons de parfum sont faits \u00e0 la main et d\u00e9cor\u00e9s d'accents dor\u00e9s.","robots":{"index":"index","follow":"follow","max-snippet":"max-snippet:-1","max-image-preview":"max-image-preview:large","max-video-preview":"max-video-preview:-1"},"canonical":"https:\/\/redkarawana.com\/fr\/artisan\/flacons-parfum-eau\/","og_locale":"fr_FR","og_type":"article","og_title":"Flacons de Parfum, EAU - D\u00e9coratif - Red Karawana","og_description":"Les flacons de parfum stockent le parfum et les huiles naturelles. Nos flacons de parfum sont faits \u00e0 la main et d\u00e9cor\u00e9s d'accents dor\u00e9s.","og_url":"https:\/\/redkarawana.com\/fr\/artisan\/flacons-parfum-eau\/","og_site_name":"Red Karawana","article_publisher":"https:\/\/www.facebook.com\/redkarawana\/","article_modified_time":"2025-12-07T08:45:26+00:00","og_image":[{"width":1200,"height":630,"url":"https:\/\/redkarawana.com\/wp-content\/uploads\/2024\/05\/1-AAP-F1200x630-UAE-Abu-Dhabi-Perfume-Bottles.jpg","type":"image\/jpeg"}],"twitter_card":"summary_large_image","twitter_misc":{"Dur\u00e9e de lecture estim\u00e9e":"1 minute"},"schema":{"@context":"https:\/\/schema.org","@graph":[{"@type":"WebPage","@id":"https:\/\/redkarawana.com\/fr\/artisan\/flacons-parfum-eau\/","url":"https:\/\/redkarawana.com\/fr\/artisan\/flacons-parfum-eau\/","name":"Flacons de Parfum, EAU - D\u00e9coratif - Red Karawana","isPartOf":{"@id":"https:\/\/redkarawana.com\/#website"},"primaryImageOfPage":{"@id":"https:\/\/redkarawana.com\/fr\/artisan\/flacons-parfum-eau\/#primaryimage"},"image":{"@id":"https:\/\/redkarawana.com\/fr\/artisan\/flacons-parfum-eau\/#primaryimage"},"thumbnailUrl":"https:\/\/redkarawana.com\/wp-content\/uploads\/2024\/05\/1-SP-UAE-Abu-Dhabi-Perfume-Bottles.jpg","datePublished":"2025-11-29T19:10:40+00:00","dateModified":"2025-12-07T08:45:26+00:00","description":"Les flacons de parfum stockent le parfum et les huiles naturelles. Nos flacons de parfum sont faits \u00e0 la main et d\u00e9cor\u00e9s d'accents dor\u00e9s.","breadcrumb":{"@id":"https:\/\/redkarawana.com\/fr\/artisan\/flacons-parfum-eau\/#breadcrumb"},"inLanguage":"fr-FR","potentialAction":[{"@type":"ReadAction","target":["https:\/\/redkarawana.com\/fr\/artisan\/flacons-parfum-eau\/"]}]},{"@type":"ImageObject","inLanguage":"fr-FR","@id":"https:\/\/redkarawana.com\/fr\/artisan\/flacons-parfum-eau\/#primaryimage","url":"https:\/\/redkarawana.com\/wp-content\/uploads\/2024\/05\/1-SP-UAE-Abu-Dhabi-Perfume-Bottles.jpg","contentUrl":"https:\/\/redkarawana.com\/wp-content\/uploads\/2024\/05\/1-SP-UAE-Abu-Dhabi-Perfume-Bottles.jpg","width":680,"height":453,"caption":"EAU, Abou Dhabi, Flacons de Parfum"},{"@type":"BreadcrumbList","@id":"https:\/\/redkarawana.com\/fr\/artisan\/flacons-parfum-eau\/#breadcrumb","itemListElement":[{"@type":"ListItem","position":1,"name":"Home","item":"https:\/\/redkarawana.com\/fr\/"},{"@type":"ListItem","position":2,"name":"Artisans","item":"https:\/\/redkarawana.com\/fr\/artisans\/"},{"@type":"ListItem","position":3,"name":"Flacons de Parfum, Abou Dhabi, EAU ; Faits Main en Verre et Motifs Blancs"}]},{"@type":"WebSite","@id":"https:\/\/redkarawana.com\/#website","url":"https:\/\/redkarawana.com\/","name":"Red Karawana","description":"","publisher":{"@id":"https:\/\/redkarawana.com\/#organization"},"potentialAction":[{"@type":"SearchAction","target":{"@type":"EntryPoint","urlTemplate":"https:\/\/redkarawana.com\/?s={search_term_string}"},"query-input":{"@type":"PropertyValueSpecification","valueRequired":true,"valueName":"search_term_string"}}],"inLanguage":"fr-FR"},{"@type":"Organization","@id":"https:\/\/redkarawana.com\/#organization","name":"Red Karawana","url":"https:\/\/redkarawana.com\/","logo":{"@type":"ImageObject","inLanguage":"fr-FR","@id":"https:\/\/redkarawana.com\/#\/schema\/logo\/image\/","url":"https:\/\/redkarawana.com\/wp-content\/uploads\/2025\/05\/cropped-Screenshot-2025-05-29-at-09.27.38.png","contentUrl":"https:\/\/redkarawana.com\/wp-content\/uploads\/2025\/05\/cropped-Screenshot-2025-05-29-at-09.27.38.png","width":512,"height":512,"caption":"Red Karawana"},"image":{"@id":"https:\/\/redkarawana.com\/#\/schema\/logo\/image\/"},"sameAs":["https:\/\/www.facebook.com\/redkarawana\/","https:\/\/www.instagram.com\/redkarawana\/","https:\/\/www.youtube.com\/channel\/UCU9jXzSmyKm4ZZv38FEXGKg","https:\/\/www.pinterest.com\/redkarawana\/"]}]}},"_links":{"self":[{"href":"https:\/\/redkarawana.com\/fr\/wp-json\/wp\/v2\/product\/3344","targetHints":{"allow":["GET"]}}],"collection":[{"href":"https:\/\/redkarawana.com\/fr\/wp-json\/wp\/v2\/product"}],"about":[{"href":"https:\/\/redkarawana.com\/fr\/wp-json\/wp\/v2\/types\/product"}],"wp:featuredmedia":[{"embeddable":true,"href":"https:\/\/redkarawana.com\/fr\/wp-json\/wp\/v2\/media\/3328"}],"wp:attachment":[{"href":"https:\/\/redkarawana.com\/fr\/wp-json\/wp\/v2\/media?parent=3344"}],"wp:term":[{"taxonomy":"product_brand","embeddable":true,"href":"https:\/\/redkarawana.com\/fr\/wp-json\/wp\/v2\/product_brand?post=3344"},{"taxonomy":"product_cat","embeddable":true,"href":"https:\/\/redkarawana.com\/fr\/wp-json\/wp\/v2\/product_cat?post=3344"},{"taxonomy":"product_tag","embeddable":true,"href":"https:\/\/redkarawana.com\/fr\/wp-json\/wp\/v2\/product_tag?post=3344"}],"curies":[{"name":"wp","href":"https:\/\/api.w.org\/{rel}","templated":true}]}}