{"id":3368,"date":"2025-11-29T19:20:40","date_gmt":"2025-11-29T19:20:40","guid":{"rendered":"https:\/\/redkarawana.com\/?post_type=product&#038;p=3368"},"modified":"2025-12-07T08:41:23","modified_gmt":"2025-12-07T08:41:23","slug":"boite-bois-rouge-russie","status":"publish","type":"product","link":"https:\/\/redkarawana.com\/fr\/artisan\/boite-bois-rouge-russie\/","title":{"rendered":"Bo\u00eete en Bois Rouge, Russie ; Peinte \u00e0 la Main et D\u00e9cor\u00e9e d&rsquo;Art Folklorique"},"content":{"rendered":"<p>La Russie a une longue tradition de cr\u00e9ation d&rsquo;\u0153uvres d&rsquo;art attrayantes et vivides. Une multitude d&rsquo;objets d\u00e9coratifs sont peints \u00e0 la main dans l&rsquo;art populaire traditionnel russe. Poup\u00e9es russes, tra\u00eeneaux de f\u00eate, coffres de voyage, cruches en c\u00e9ramique et ic\u00f4nes orthodoxes russes sont ainsi orn\u00e9s de motifs ancestraux. Notre bo\u00eete en bois rouge est un exceptionnellement bel objet d&rsquo;ornement mais aussi une bo\u00eete de rangement. Il est d\u00e9cor\u00e9 d&rsquo;art populaire tout en couleurs dans un th\u00e8me \u00e0 fleurs vivide. Mesures : Bo\u00eete en Bois Rouge (hauteur 5 pouces, largeur 10 pouces).<\/p>\n","protected":false},"excerpt":{"rendered":"<p>La Russie a une longue tradition de cr\u00e9ation d&rsquo;\u0153uvres d&rsquo;art attrayantes et vivides. Une multitude d&rsquo;objets d\u00e9coratifs sont peints \u00e0 la main dans l&rsquo;art populaire traditionnel russe. Poup\u00e9es russes, tra\u00eeneaux de f\u00eate, coffres de voyage, cruches en c\u00e9ramique et ic\u00f4nes orthodoxes russes sont ainsi orn\u00e9s de motifs ancestraux. Notre bo\u00eete en bois rouge est un [&hellip;]<\/p>\n","protected":false},"featured_media":3352,"template":"","meta":{"_acf_changed":false},"product_brand":[],"product_cat":[49],"product_tag":[],"class_list":{"0":"post-3368","1":"product","2":"type-product","3":"status-publish","4":"has-post-thumbnail","6":"product_cat-decoratif","8":"first","9":"instock","10":"sold-individually","11":"taxable","12":"shipping-taxable","13":"purchasable","14":"product-type-simple"},"acf":[],"yoast_head":"<!-- This site is optimized with the Yoast SEO plugin v27.3 - https:\/\/yoast.com\/product\/yoast-seo-wordpress\/ -->\n<title>Bo\u00eete en Bois Rouge, Russie - D\u00e9coratif - Red Karawana<\/title>\n<meta name=\"description\" content=\"Notre bo\u00eete en bois rouge est une bo\u00eete de rangement. Il est d\u00e9cor\u00e9 d&#039;art populaire tout en couleurs dans un th\u00e8me \u00e0 fleurs vivide.\" \/>\n<meta name=\"robots\" content=\"index, follow, max-snippet:-1, max-image-preview:large, max-video-preview:-1\" \/>\n<link rel=\"canonical\" href=\"https:\/\/redkarawana.com\/fr\/artisan\/boite-bois-rouge-russie\/\" \/>\n<meta property=\"og:locale\" content=\"fr_FR\" \/>\n<meta property=\"og:type\" content=\"article\" \/>\n<meta property=\"og:title\" content=\"Bo\u00eete en Bois Rouge, Russie - D\u00e9coratif - Red Karawana\" \/>\n<meta property=\"og:description\" content=\"Notre bo\u00eete en bois rouge est une bo\u00eete de rangement. Il est d\u00e9cor\u00e9 d&#039;art populaire tout en couleurs dans un th\u00e8me \u00e0 fleurs vivide.\" \/>\n<meta property=\"og:url\" content=\"https:\/\/redkarawana.com\/fr\/artisan\/boite-bois-rouge-russie\/\" \/>\n<meta property=\"og:site_name\" content=\"Red Karawana\" \/>\n<meta property=\"article:publisher\" content=\"https:\/\/www.facebook.com\/redkarawana\/\" \/>\n<meta property=\"article:modified_time\" content=\"2025-12-07T08:41:23+00:00\" \/>\n<meta property=\"og:image\" content=\"https:\/\/redkarawana.com\/wp-content\/uploads\/2024\/05\/1-AAP-F1200x630-Russia-Red-Wooden-Box.jpg\" \/>\n\t<meta property=\"og:image:width\" content=\"1200\" \/>\n\t<meta property=\"og:image:height\" content=\"675\" \/>\n\t<meta property=\"og:image:type\" content=\"image\/jpeg\" \/>\n<meta name=\"twitter:card\" content=\"summary_large_image\" \/>\n<meta name=\"twitter:label1\" content=\"Dur\u00e9e de lecture estim\u00e9e\" \/>\n\t<meta name=\"twitter:data1\" content=\"1 minute\" \/>\n<script type=\"application\/ld+json\" class=\"yoast-schema-graph\">{\"@context\":\"https:\\\/\\\/schema.org\",\"@graph\":[{\"@type\":\"WebPage\",\"@id\":\"https:\\\/\\\/redkarawana.com\\\/fr\\\/artisan\\\/boite-bois-rouge-russie\\\/\",\"url\":\"https:\\\/\\\/redkarawana.com\\\/fr\\\/artisan\\\/boite-bois-rouge-russie\\\/\",\"name\":\"Bo\u00eete en Bois Rouge, Russie - D\u00e9coratif - Red Karawana\",\"isPartOf\":{\"@id\":\"https:\\\/\\\/redkarawana.com\\\/#website\"},\"primaryImageOfPage\":{\"@id\":\"https:\\\/\\\/redkarawana.com\\\/fr\\\/artisan\\\/boite-bois-rouge-russie\\\/#primaryimage\"},\"image\":{\"@id\":\"https:\\\/\\\/redkarawana.com\\\/fr\\\/artisan\\\/boite-bois-rouge-russie\\\/#primaryimage\"},\"thumbnailUrl\":\"https:\\\/\\\/redkarawana.com\\\/wp-content\\\/uploads\\\/2024\\\/05\\\/1-SP-Russia-Wooden-Box.jpg\",\"datePublished\":\"2025-11-29T19:20:40+00:00\",\"dateModified\":\"2025-12-07T08:41:23+00:00\",\"description\":\"Notre bo\u00eete en bois rouge est une bo\u00eete de rangement. Il est d\u00e9cor\u00e9 d'art populaire tout en couleurs dans un th\u00e8me \u00e0 fleurs vivide.\",\"breadcrumb\":{\"@id\":\"https:\\\/\\\/redkarawana.com\\\/fr\\\/artisan\\\/boite-bois-rouge-russie\\\/#breadcrumb\"},\"inLanguage\":\"fr-FR\",\"potentialAction\":[{\"@type\":\"ReadAction\",\"target\":[\"https:\\\/\\\/redkarawana.com\\\/fr\\\/artisan\\\/boite-bois-rouge-russie\\\/\"]}]},{\"@type\":\"ImageObject\",\"inLanguage\":\"fr-FR\",\"@id\":\"https:\\\/\\\/redkarawana.com\\\/fr\\\/artisan\\\/boite-bois-rouge-russie\\\/#primaryimage\",\"url\":\"https:\\\/\\\/redkarawana.com\\\/wp-content\\\/uploads\\\/2024\\\/05\\\/1-SP-Russia-Wooden-Box.jpg\",\"contentUrl\":\"https:\\\/\\\/redkarawana.com\\\/wp-content\\\/uploads\\\/2024\\\/05\\\/1-SP-Russia-Wooden-Box.jpg\",\"width\":680,\"height\":453,\"caption\":\"Russie, Bo\u00eete en Bois Rouge\"},{\"@type\":\"BreadcrumbList\",\"@id\":\"https:\\\/\\\/redkarawana.com\\\/fr\\\/artisan\\\/boite-bois-rouge-russie\\\/#breadcrumb\",\"itemListElement\":[{\"@type\":\"ListItem\",\"position\":1,\"name\":\"Home\",\"item\":\"https:\\\/\\\/redkarawana.com\\\/fr\\\/\"},{\"@type\":\"ListItem\",\"position\":2,\"name\":\"Artisans\",\"item\":\"https:\\\/\\\/redkarawana.com\\\/fr\\\/artisans\\\/\"},{\"@type\":\"ListItem\",\"position\":3,\"name\":\"Bo\u00eete en Bois Rouge, Russie ; Peinte \u00e0 la Main et D\u00e9cor\u00e9e d&#8217;Art Folklorique\"}]},{\"@type\":\"WebSite\",\"@id\":\"https:\\\/\\\/redkarawana.com\\\/#website\",\"url\":\"https:\\\/\\\/redkarawana.com\\\/\",\"name\":\"Red Karawana\",\"description\":\"\",\"publisher\":{\"@id\":\"https:\\\/\\\/redkarawana.com\\\/#organization\"},\"potentialAction\":[{\"@type\":\"SearchAction\",\"target\":{\"@type\":\"EntryPoint\",\"urlTemplate\":\"https:\\\/\\\/redkarawana.com\\\/?s={search_term_string}\"},\"query-input\":{\"@type\":\"PropertyValueSpecification\",\"valueRequired\":true,\"valueName\":\"search_term_string\"}}],\"inLanguage\":\"fr-FR\"},{\"@type\":\"Organization\",\"@id\":\"https:\\\/\\\/redkarawana.com\\\/#organization\",\"name\":\"Red Karawana\",\"url\":\"https:\\\/\\\/redkarawana.com\\\/\",\"logo\":{\"@type\":\"ImageObject\",\"inLanguage\":\"fr-FR\",\"@id\":\"https:\\\/\\\/redkarawana.com\\\/#\\\/schema\\\/logo\\\/image\\\/\",\"url\":\"https:\\\/\\\/redkarawana.com\\\/wp-content\\\/uploads\\\/2025\\\/05\\\/cropped-Screenshot-2025-05-29-at-09.27.38.png\",\"contentUrl\":\"https:\\\/\\\/redkarawana.com\\\/wp-content\\\/uploads\\\/2025\\\/05\\\/cropped-Screenshot-2025-05-29-at-09.27.38.png\",\"width\":512,\"height\":512,\"caption\":\"Red Karawana\"},\"image\":{\"@id\":\"https:\\\/\\\/redkarawana.com\\\/#\\\/schema\\\/logo\\\/image\\\/\"},\"sameAs\":[\"https:\\\/\\\/www.facebook.com\\\/redkarawana\\\/\",\"https:\\\/\\\/www.instagram.com\\\/redkarawana\\\/\",\"https:\\\/\\\/www.youtube.com\\\/channel\\\/UCU9jXzSmyKm4ZZv38FEXGKg\",\"https:\\\/\\\/www.pinterest.com\\\/redkarawana\\\/\"]}]}<\/script>\n<!-- \/ Yoast SEO plugin. -->","yoast_head_json":{"title":"Bo\u00eete en Bois Rouge, Russie - D\u00e9coratif - Red Karawana","description":"Notre bo\u00eete en bois rouge est une bo\u00eete de rangement. Il est d\u00e9cor\u00e9 d'art populaire tout en couleurs dans un th\u00e8me \u00e0 fleurs vivide.","robots":{"index":"index","follow":"follow","max-snippet":"max-snippet:-1","max-image-preview":"max-image-preview:large","max-video-preview":"max-video-preview:-1"},"canonical":"https:\/\/redkarawana.com\/fr\/artisan\/boite-bois-rouge-russie\/","og_locale":"fr_FR","og_type":"article","og_title":"Bo\u00eete en Bois Rouge, Russie - D\u00e9coratif - Red Karawana","og_description":"Notre bo\u00eete en bois rouge est une bo\u00eete de rangement. Il est d\u00e9cor\u00e9 d'art populaire tout en couleurs dans un th\u00e8me \u00e0 fleurs vivide.","og_url":"https:\/\/redkarawana.com\/fr\/artisan\/boite-bois-rouge-russie\/","og_site_name":"Red Karawana","article_publisher":"https:\/\/www.facebook.com\/redkarawana\/","article_modified_time":"2025-12-07T08:41:23+00:00","og_image":[{"width":1200,"height":675,"url":"https:\/\/redkarawana.com\/wp-content\/uploads\/2024\/05\/1-AAP-F1200x630-Russia-Red-Wooden-Box.jpg","type":"image\/jpeg"}],"twitter_card":"summary_large_image","twitter_misc":{"Dur\u00e9e de lecture estim\u00e9e":"1 minute"},"schema":{"@context":"https:\/\/schema.org","@graph":[{"@type":"WebPage","@id":"https:\/\/redkarawana.com\/fr\/artisan\/boite-bois-rouge-russie\/","url":"https:\/\/redkarawana.com\/fr\/artisan\/boite-bois-rouge-russie\/","name":"Bo\u00eete en Bois Rouge, Russie - D\u00e9coratif - Red Karawana","isPartOf":{"@id":"https:\/\/redkarawana.com\/#website"},"primaryImageOfPage":{"@id":"https:\/\/redkarawana.com\/fr\/artisan\/boite-bois-rouge-russie\/#primaryimage"},"image":{"@id":"https:\/\/redkarawana.com\/fr\/artisan\/boite-bois-rouge-russie\/#primaryimage"},"thumbnailUrl":"https:\/\/redkarawana.com\/wp-content\/uploads\/2024\/05\/1-SP-Russia-Wooden-Box.jpg","datePublished":"2025-11-29T19:20:40+00:00","dateModified":"2025-12-07T08:41:23+00:00","description":"Notre bo\u00eete en bois rouge est une bo\u00eete de rangement. Il est d\u00e9cor\u00e9 d'art populaire tout en couleurs dans un th\u00e8me \u00e0 fleurs vivide.","breadcrumb":{"@id":"https:\/\/redkarawana.com\/fr\/artisan\/boite-bois-rouge-russie\/#breadcrumb"},"inLanguage":"fr-FR","potentialAction":[{"@type":"ReadAction","target":["https:\/\/redkarawana.com\/fr\/artisan\/boite-bois-rouge-russie\/"]}]},{"@type":"ImageObject","inLanguage":"fr-FR","@id":"https:\/\/redkarawana.com\/fr\/artisan\/boite-bois-rouge-russie\/#primaryimage","url":"https:\/\/redkarawana.com\/wp-content\/uploads\/2024\/05\/1-SP-Russia-Wooden-Box.jpg","contentUrl":"https:\/\/redkarawana.com\/wp-content\/uploads\/2024\/05\/1-SP-Russia-Wooden-Box.jpg","width":680,"height":453,"caption":"Russie, Bo\u00eete en Bois Rouge"},{"@type":"BreadcrumbList","@id":"https:\/\/redkarawana.com\/fr\/artisan\/boite-bois-rouge-russie\/#breadcrumb","itemListElement":[{"@type":"ListItem","position":1,"name":"Home","item":"https:\/\/redkarawana.com\/fr\/"},{"@type":"ListItem","position":2,"name":"Artisans","item":"https:\/\/redkarawana.com\/fr\/artisans\/"},{"@type":"ListItem","position":3,"name":"Bo\u00eete en Bois Rouge, Russie ; Peinte \u00e0 la Main et D\u00e9cor\u00e9e d&#8217;Art Folklorique"}]},{"@type":"WebSite","@id":"https:\/\/redkarawana.com\/#website","url":"https:\/\/redkarawana.com\/","name":"Red Karawana","description":"","publisher":{"@id":"https:\/\/redkarawana.com\/#organization"},"potentialAction":[{"@type":"SearchAction","target":{"@type":"EntryPoint","urlTemplate":"https:\/\/redkarawana.com\/?s={search_term_string}"},"query-input":{"@type":"PropertyValueSpecification","valueRequired":true,"valueName":"search_term_string"}}],"inLanguage":"fr-FR"},{"@type":"Organization","@id":"https:\/\/redkarawana.com\/#organization","name":"Red Karawana","url":"https:\/\/redkarawana.com\/","logo":{"@type":"ImageObject","inLanguage":"fr-FR","@id":"https:\/\/redkarawana.com\/#\/schema\/logo\/image\/","url":"https:\/\/redkarawana.com\/wp-content\/uploads\/2025\/05\/cropped-Screenshot-2025-05-29-at-09.27.38.png","contentUrl":"https:\/\/redkarawana.com\/wp-content\/uploads\/2025\/05\/cropped-Screenshot-2025-05-29-at-09.27.38.png","width":512,"height":512,"caption":"Red Karawana"},"image":{"@id":"https:\/\/redkarawana.com\/#\/schema\/logo\/image\/"},"sameAs":["https:\/\/www.facebook.com\/redkarawana\/","https:\/\/www.instagram.com\/redkarawana\/","https:\/\/www.youtube.com\/channel\/UCU9jXzSmyKm4ZZv38FEXGKg","https:\/\/www.pinterest.com\/redkarawana\/"]}]}},"_links":{"self":[{"href":"https:\/\/redkarawana.com\/fr\/wp-json\/wp\/v2\/product\/3368","targetHints":{"allow":["GET"]}}],"collection":[{"href":"https:\/\/redkarawana.com\/fr\/wp-json\/wp\/v2\/product"}],"about":[{"href":"https:\/\/redkarawana.com\/fr\/wp-json\/wp\/v2\/types\/product"}],"wp:featuredmedia":[{"embeddable":true,"href":"https:\/\/redkarawana.com\/fr\/wp-json\/wp\/v2\/media\/3352"}],"wp:attachment":[{"href":"https:\/\/redkarawana.com\/fr\/wp-json\/wp\/v2\/media?parent=3368"}],"wp:term":[{"taxonomy":"product_brand","embeddable":true,"href":"https:\/\/redkarawana.com\/fr\/wp-json\/wp\/v2\/product_brand?post=3368"},{"taxonomy":"product_cat","embeddable":true,"href":"https:\/\/redkarawana.com\/fr\/wp-json\/wp\/v2\/product_cat?post=3368"},{"taxonomy":"product_tag","embeddable":true,"href":"https:\/\/redkarawana.com\/fr\/wp-json\/wp\/v2\/product_tag?post=3368"}],"curies":[{"name":"wp","href":"https:\/\/api.w.org\/{rel}","templated":true}]}}