{"id":3418,"date":"2025-11-29T19:40:47","date_gmt":"2025-11-29T19:40:47","guid":{"rendered":"https:\/\/redkarawana.com\/?post_type=product&#038;p=3418"},"modified":"2025-12-07T08:28:10","modified_gmt":"2025-12-07T08:28:10","slug":"pot-et-broyeur-ceramique-pologne","status":"publish","type":"product","link":"https:\/\/redkarawana.com\/fr\/artisan\/pot-et-broyeur-ceramique-pologne\/","title":{"rendered":"Pot et Broyeur d&rsquo;\u00c9pices en C\u00e9ramique, Pologne ; C\u00e9ramique Vernie Verte"},"content":{"rendered":"<p>A Zakopane, ville du sud de la Pologne, musique folklorique, art du papier d\u00e9coup\u00e9, sculpture du bois et fabrication de poteries refl\u00e8tent des traditions artisanales h\u00e9rit\u00e9es de g\u00e9n\u00e9rations en g\u00e9n\u00e9rations.\u00a0 Ce pot en c\u00e9ramique vernie d&rsquo;\u00e9pure classique et aux motifs d\u00e9coratifs est con\u00e7u pour r\u00e9sister \u00e0 de hautes temp\u00e9ratures.\u00a0 Quant \u00e0 lui, ce broyeur d&rsquo;\u00e9pices et d&rsquo;herbes fines en c\u00e9ramique de couleur verte tr\u00e8s attrayante et dans un style traditionnel compl\u00e8tera de fa\u00e7on id\u00e9ale toute collection de c\u00e9ramique.\u00a0 Les deux produits sont utilisables pour l&rsquo;alimentation et au lave-vaisselle.\u00a0 Ensemble : 1 pot en c\u00e9ramique (hauteur 5 3\/4 pouces, largeur 7 pouces), 1 broyeur d&rsquo;\u00e9pices (hauteur 3 1\/4 pouces, largeur 4 1\/2 pouces).<\/p>\n","protected":false},"excerpt":{"rendered":"<p>A Zakopane, ville du sud de la Pologne, musique folklorique, art du papier d\u00e9coup\u00e9, sculpture du bois et fabrication de poteries refl\u00e8tent des traditions artisanales h\u00e9rit\u00e9es de g\u00e9n\u00e9rations en g\u00e9n\u00e9rations.\u00a0 Ce pot en c\u00e9ramique vernie d&rsquo;\u00e9pure classique et aux motifs d\u00e9coratifs est con\u00e7u pour r\u00e9sister \u00e0 de hautes temp\u00e9ratures.\u00a0 Quant \u00e0 lui, ce broyeur d&rsquo;\u00e9pices [&hellip;]<\/p>\n","protected":false},"featured_media":3402,"template":"","meta":{"_acf_changed":false},"product_brand":[],"product_cat":[50],"product_tag":[],"class_list":{"0":"post-3418","1":"product","2":"type-product","3":"status-publish","4":"has-post-thumbnail","6":"product_cat-fonctionnel","8":"first","9":"instock","10":"sold-individually","11":"taxable","12":"shipping-taxable","13":"purchasable","14":"product-type-simple"},"acf":[],"yoast_head":"<!-- This site is optimized with the Yoast SEO plugin v27.4 - https:\/\/yoast.com\/product\/yoast-seo-wordpress\/ -->\n<title>Pot et Broyeur d&#039;\u00c9pices en C\u00e9ramique, Pologne - Fonctionnel - Red Karawana<\/title>\n<meta name=\"description\" content=\"Pot en c\u00e9ramique vernie d&#039;\u00e9pure classique et aux motifs d\u00e9coratifs. Ce broyeur d&#039;\u00e9pices en c\u00e9ramique de couleur verte et de style simple.\" \/>\n<meta name=\"robots\" content=\"index, follow, max-snippet:-1, max-image-preview:large, max-video-preview:-1\" \/>\n<link rel=\"canonical\" href=\"https:\/\/redkarawana.com\/fr\/artisan\/pot-et-broyeur-ceramique-pologne\/\" \/>\n<meta property=\"og:locale\" content=\"fr_FR\" \/>\n<meta property=\"og:type\" content=\"article\" \/>\n<meta property=\"og:title\" content=\"Pot et Broyeur d&#039;\u00c9pices en C\u00e9ramique, Pologne - Fonctionnel - Red Karawana\" \/>\n<meta property=\"og:description\" content=\"Pot en c\u00e9ramique vernie d&#039;\u00e9pure classique et aux motifs d\u00e9coratifs. Ce broyeur d&#039;\u00e9pices en c\u00e9ramique de couleur verte et de style simple.\" \/>\n<meta property=\"og:url\" content=\"https:\/\/redkarawana.com\/fr\/artisan\/pot-et-broyeur-ceramique-pologne\/\" \/>\n<meta property=\"og:site_name\" content=\"Red Karawana\" \/>\n<meta property=\"article:publisher\" content=\"https:\/\/www.facebook.com\/redkarawana\/\" \/>\n<meta property=\"article:modified_time\" content=\"2025-12-07T08:28:10+00:00\" \/>\n<meta property=\"og:image\" content=\"https:\/\/redkarawana.com\/wp-content\/uploads\/2024\/05\/1-AAP-F1200x630-Poland-Ceramic-Casserole-Herb-Grinder.jpg\" \/>\n\t<meta property=\"og:image:width\" content=\"1200\" \/>\n\t<meta property=\"og:image:height\" content=\"630\" \/>\n\t<meta property=\"og:image:type\" content=\"image\/jpeg\" \/>\n<meta name=\"twitter:card\" content=\"summary_large_image\" \/>\n<meta name=\"twitter:label1\" content=\"Dur\u00e9e de lecture estim\u00e9e\" \/>\n\t<meta name=\"twitter:data1\" content=\"1 minute\" \/>\n<script type=\"application\/ld+json\" class=\"yoast-schema-graph\">{\"@context\":\"https:\\\/\\\/schema.org\",\"@graph\":[{\"@type\":\"WebPage\",\"@id\":\"https:\\\/\\\/redkarawana.com\\\/fr\\\/artisan\\\/pot-et-broyeur-ceramique-pologne\\\/\",\"url\":\"https:\\\/\\\/redkarawana.com\\\/fr\\\/artisan\\\/pot-et-broyeur-ceramique-pologne\\\/\",\"name\":\"Pot et Broyeur d'\u00c9pices en C\u00e9ramique, Pologne - Fonctionnel - Red Karawana\",\"isPartOf\":{\"@id\":\"https:\\\/\\\/redkarawana.com\\\/#website\"},\"primaryImageOfPage\":{\"@id\":\"https:\\\/\\\/redkarawana.com\\\/fr\\\/artisan\\\/pot-et-broyeur-ceramique-pologne\\\/#primaryimage\"},\"image\":{\"@id\":\"https:\\\/\\\/redkarawana.com\\\/fr\\\/artisan\\\/pot-et-broyeur-ceramique-pologne\\\/#primaryimage\"},\"thumbnailUrl\":\"https:\\\/\\\/redkarawana.com\\\/wp-content\\\/uploads\\\/2024\\\/05\\\/1-SP-Poland-Ceramic-Casserole-Herb-Grinder.jpg\",\"datePublished\":\"2025-11-29T19:40:47+00:00\",\"dateModified\":\"2025-12-07T08:28:10+00:00\",\"description\":\"Pot en c\u00e9ramique vernie d'\u00e9pure classique et aux motifs d\u00e9coratifs. Ce broyeur d'\u00e9pices en c\u00e9ramique de couleur verte et de style simple.\",\"breadcrumb\":{\"@id\":\"https:\\\/\\\/redkarawana.com\\\/fr\\\/artisan\\\/pot-et-broyeur-ceramique-pologne\\\/#breadcrumb\"},\"inLanguage\":\"fr-FR\",\"potentialAction\":[{\"@type\":\"ReadAction\",\"target\":[\"https:\\\/\\\/redkarawana.com\\\/fr\\\/artisan\\\/pot-et-broyeur-ceramique-pologne\\\/\"]}]},{\"@type\":\"ImageObject\",\"inLanguage\":\"fr-FR\",\"@id\":\"https:\\\/\\\/redkarawana.com\\\/fr\\\/artisan\\\/pot-et-broyeur-ceramique-pologne\\\/#primaryimage\",\"url\":\"https:\\\/\\\/redkarawana.com\\\/wp-content\\\/uploads\\\/2024\\\/05\\\/1-SP-Poland-Ceramic-Casserole-Herb-Grinder.jpg\",\"contentUrl\":\"https:\\\/\\\/redkarawana.com\\\/wp-content\\\/uploads\\\/2024\\\/05\\\/1-SP-Poland-Ceramic-Casserole-Herb-Grinder.jpg\",\"width\":680,\"height\":453,\"caption\":\"Pologne, Pot et Broyeur d'\u00c9pices en C\u00e9ramique\"},{\"@type\":\"BreadcrumbList\",\"@id\":\"https:\\\/\\\/redkarawana.com\\\/fr\\\/artisan\\\/pot-et-broyeur-ceramique-pologne\\\/#breadcrumb\",\"itemListElement\":[{\"@type\":\"ListItem\",\"position\":1,\"name\":\"Home\",\"item\":\"https:\\\/\\\/redkarawana.com\\\/fr\\\/\"},{\"@type\":\"ListItem\",\"position\":2,\"name\":\"Artisans\",\"item\":\"https:\\\/\\\/redkarawana.com\\\/fr\\\/artisans\\\/\"},{\"@type\":\"ListItem\",\"position\":3,\"name\":\"Pot et Broyeur d&#8217;\u00c9pices en C\u00e9ramique, Pologne ; C\u00e9ramique Vernie Verte\"}]},{\"@type\":\"WebSite\",\"@id\":\"https:\\\/\\\/redkarawana.com\\\/#website\",\"url\":\"https:\\\/\\\/redkarawana.com\\\/\",\"name\":\"Red Karawana\",\"description\":\"\",\"publisher\":{\"@id\":\"https:\\\/\\\/redkarawana.com\\\/#organization\"},\"potentialAction\":[{\"@type\":\"SearchAction\",\"target\":{\"@type\":\"EntryPoint\",\"urlTemplate\":\"https:\\\/\\\/redkarawana.com\\\/?s={search_term_string}\"},\"query-input\":{\"@type\":\"PropertyValueSpecification\",\"valueRequired\":true,\"valueName\":\"search_term_string\"}}],\"inLanguage\":\"fr-FR\"},{\"@type\":\"Organization\",\"@id\":\"https:\\\/\\\/redkarawana.com\\\/#organization\",\"name\":\"Red Karawana\",\"url\":\"https:\\\/\\\/redkarawana.com\\\/\",\"logo\":{\"@type\":\"ImageObject\",\"inLanguage\":\"fr-FR\",\"@id\":\"https:\\\/\\\/redkarawana.com\\\/#\\\/schema\\\/logo\\\/image\\\/\",\"url\":\"https:\\\/\\\/redkarawana.com\\\/wp-content\\\/uploads\\\/2025\\\/05\\\/cropped-Screenshot-2025-05-29-at-09.27.38.png\",\"contentUrl\":\"https:\\\/\\\/redkarawana.com\\\/wp-content\\\/uploads\\\/2025\\\/05\\\/cropped-Screenshot-2025-05-29-at-09.27.38.png\",\"width\":512,\"height\":512,\"caption\":\"Red Karawana\"},\"image\":{\"@id\":\"https:\\\/\\\/redkarawana.com\\\/#\\\/schema\\\/logo\\\/image\\\/\"},\"sameAs\":[\"https:\\\/\\\/www.facebook.com\\\/redkarawana\\\/\",\"https:\\\/\\\/www.instagram.com\\\/redkarawana\\\/\",\"https:\\\/\\\/www.youtube.com\\\/channel\\\/UCU9jXzSmyKm4ZZv38FEXGKg\",\"https:\\\/\\\/www.pinterest.com\\\/redkarawana\\\/\"]}]}<\/script>\n<!-- \/ Yoast SEO plugin. -->","yoast_head_json":{"title":"Pot et Broyeur d'\u00c9pices en C\u00e9ramique, Pologne - Fonctionnel - Red Karawana","description":"Pot en c\u00e9ramique vernie d'\u00e9pure classique et aux motifs d\u00e9coratifs. Ce broyeur d'\u00e9pices en c\u00e9ramique de couleur verte et de style simple.","robots":{"index":"index","follow":"follow","max-snippet":"max-snippet:-1","max-image-preview":"max-image-preview:large","max-video-preview":"max-video-preview:-1"},"canonical":"https:\/\/redkarawana.com\/fr\/artisan\/pot-et-broyeur-ceramique-pologne\/","og_locale":"fr_FR","og_type":"article","og_title":"Pot et Broyeur d'\u00c9pices en C\u00e9ramique, Pologne - Fonctionnel - Red Karawana","og_description":"Pot en c\u00e9ramique vernie d'\u00e9pure classique et aux motifs d\u00e9coratifs. Ce broyeur d'\u00e9pices en c\u00e9ramique de couleur verte et de style simple.","og_url":"https:\/\/redkarawana.com\/fr\/artisan\/pot-et-broyeur-ceramique-pologne\/","og_site_name":"Red Karawana","article_publisher":"https:\/\/www.facebook.com\/redkarawana\/","article_modified_time":"2025-12-07T08:28:10+00:00","og_image":[{"width":1200,"height":630,"url":"https:\/\/redkarawana.com\/wp-content\/uploads\/2024\/05\/1-AAP-F1200x630-Poland-Ceramic-Casserole-Herb-Grinder.jpg","type":"image\/jpeg"}],"twitter_card":"summary_large_image","twitter_misc":{"Dur\u00e9e de lecture estim\u00e9e":"1 minute"},"schema":{"@context":"https:\/\/schema.org","@graph":[{"@type":"WebPage","@id":"https:\/\/redkarawana.com\/fr\/artisan\/pot-et-broyeur-ceramique-pologne\/","url":"https:\/\/redkarawana.com\/fr\/artisan\/pot-et-broyeur-ceramique-pologne\/","name":"Pot et Broyeur d'\u00c9pices en C\u00e9ramique, Pologne - Fonctionnel - Red Karawana","isPartOf":{"@id":"https:\/\/redkarawana.com\/#website"},"primaryImageOfPage":{"@id":"https:\/\/redkarawana.com\/fr\/artisan\/pot-et-broyeur-ceramique-pologne\/#primaryimage"},"image":{"@id":"https:\/\/redkarawana.com\/fr\/artisan\/pot-et-broyeur-ceramique-pologne\/#primaryimage"},"thumbnailUrl":"https:\/\/redkarawana.com\/wp-content\/uploads\/2024\/05\/1-SP-Poland-Ceramic-Casserole-Herb-Grinder.jpg","datePublished":"2025-11-29T19:40:47+00:00","dateModified":"2025-12-07T08:28:10+00:00","description":"Pot en c\u00e9ramique vernie d'\u00e9pure classique et aux motifs d\u00e9coratifs. Ce broyeur d'\u00e9pices en c\u00e9ramique de couleur verte et de style simple.","breadcrumb":{"@id":"https:\/\/redkarawana.com\/fr\/artisan\/pot-et-broyeur-ceramique-pologne\/#breadcrumb"},"inLanguage":"fr-FR","potentialAction":[{"@type":"ReadAction","target":["https:\/\/redkarawana.com\/fr\/artisan\/pot-et-broyeur-ceramique-pologne\/"]}]},{"@type":"ImageObject","inLanguage":"fr-FR","@id":"https:\/\/redkarawana.com\/fr\/artisan\/pot-et-broyeur-ceramique-pologne\/#primaryimage","url":"https:\/\/redkarawana.com\/wp-content\/uploads\/2024\/05\/1-SP-Poland-Ceramic-Casserole-Herb-Grinder.jpg","contentUrl":"https:\/\/redkarawana.com\/wp-content\/uploads\/2024\/05\/1-SP-Poland-Ceramic-Casserole-Herb-Grinder.jpg","width":680,"height":453,"caption":"Pologne, Pot et Broyeur d'\u00c9pices en C\u00e9ramique"},{"@type":"BreadcrumbList","@id":"https:\/\/redkarawana.com\/fr\/artisan\/pot-et-broyeur-ceramique-pologne\/#breadcrumb","itemListElement":[{"@type":"ListItem","position":1,"name":"Home","item":"https:\/\/redkarawana.com\/fr\/"},{"@type":"ListItem","position":2,"name":"Artisans","item":"https:\/\/redkarawana.com\/fr\/artisans\/"},{"@type":"ListItem","position":3,"name":"Pot et Broyeur d&#8217;\u00c9pices en C\u00e9ramique, Pologne ; C\u00e9ramique Vernie Verte"}]},{"@type":"WebSite","@id":"https:\/\/redkarawana.com\/#website","url":"https:\/\/redkarawana.com\/","name":"Red Karawana","description":"","publisher":{"@id":"https:\/\/redkarawana.com\/#organization"},"potentialAction":[{"@type":"SearchAction","target":{"@type":"EntryPoint","urlTemplate":"https:\/\/redkarawana.com\/?s={search_term_string}"},"query-input":{"@type":"PropertyValueSpecification","valueRequired":true,"valueName":"search_term_string"}}],"inLanguage":"fr-FR"},{"@type":"Organization","@id":"https:\/\/redkarawana.com\/#organization","name":"Red Karawana","url":"https:\/\/redkarawana.com\/","logo":{"@type":"ImageObject","inLanguage":"fr-FR","@id":"https:\/\/redkarawana.com\/#\/schema\/logo\/image\/","url":"https:\/\/redkarawana.com\/wp-content\/uploads\/2025\/05\/cropped-Screenshot-2025-05-29-at-09.27.38.png","contentUrl":"https:\/\/redkarawana.com\/wp-content\/uploads\/2025\/05\/cropped-Screenshot-2025-05-29-at-09.27.38.png","width":512,"height":512,"caption":"Red Karawana"},"image":{"@id":"https:\/\/redkarawana.com\/#\/schema\/logo\/image\/"},"sameAs":["https:\/\/www.facebook.com\/redkarawana\/","https:\/\/www.instagram.com\/redkarawana\/","https:\/\/www.youtube.com\/channel\/UCU9jXzSmyKm4ZZv38FEXGKg","https:\/\/www.pinterest.com\/redkarawana\/"]}]}},"_links":{"self":[{"href":"https:\/\/redkarawana.com\/fr\/wp-json\/wp\/v2\/product\/3418","targetHints":{"allow":["GET"]}}],"collection":[{"href":"https:\/\/redkarawana.com\/fr\/wp-json\/wp\/v2\/product"}],"about":[{"href":"https:\/\/redkarawana.com\/fr\/wp-json\/wp\/v2\/types\/product"}],"wp:featuredmedia":[{"embeddable":true,"href":"https:\/\/redkarawana.com\/fr\/wp-json\/wp\/v2\/media\/3402"}],"wp:attachment":[{"href":"https:\/\/redkarawana.com\/fr\/wp-json\/wp\/v2\/media?parent=3418"}],"wp:term":[{"taxonomy":"product_brand","embeddable":true,"href":"https:\/\/redkarawana.com\/fr\/wp-json\/wp\/v2\/product_brand?post=3418"},{"taxonomy":"product_cat","embeddable":true,"href":"https:\/\/redkarawana.com\/fr\/wp-json\/wp\/v2\/product_cat?post=3418"},{"taxonomy":"product_tag","embeddable":true,"href":"https:\/\/redkarawana.com\/fr\/wp-json\/wp\/v2\/product_tag?post=3418"}],"curies":[{"name":"wp","href":"https:\/\/api.w.org\/{rel}","templated":true}]}}