{"id":3498,"date":"2025-11-29T20:10:44","date_gmt":"2025-11-29T20:10:44","guid":{"rendered":"https:\/\/redkarawana.com\/?post_type=product&#038;p=3498"},"modified":"2025-12-07T08:07:25","modified_gmt":"2025-12-07T08:07:25","slug":"bols-ceramique-rouges-et-oranges-pologne","status":"publish","type":"product","link":"https:\/\/redkarawana.com\/fr\/artisan\/bols-ceramique-rouges-et-oranges-pologne\/","title":{"rendered":"Bols en C\u00e9ramique Rouges et Oranges, Pologne ; Poterie Artisanale Europ\u00e9ene"},"content":{"rendered":"<p>En traversant la Pologne du sud, nous faisons une pause \u00e0 Cracovie, capitale historique du pays et nous arr\u00eatons dans son march\u00e9 vacancier saisonnier o\u00f9 les artistes locaux affichent leurs cr\u00e9ations uniques, y compris notre collection de poteries aux couleurs chatoyantes.\u00a0 Ces bols en c\u00e9ramique rouges et oranges sont de conception classique dans un vernis rouge ou orange.\u00a0 L\u2019ext\u00e9rieur des poteries, non verni, pr\u00e9sente de beaux motifs artistiques. Les produits sont utilisables pour l&rsquo;alimentation et au lave-vaisselle. Ensemble : 2 bols en c\u00e9ramique rouges (hauteur 5 &#8211; 5 1\/2 pouces, largeur 5 &#8211; 5 1\/2 pouces), 2 bols en c\u00e9ramique oranges (hauteur 5 &#8211; 5 1\/2 pouces, largeur 5 &#8211; 5 1\/2 pouces).<\/p>\n","protected":false},"excerpt":{"rendered":"<p>En traversant la Pologne du sud, nous faisons une pause \u00e0 Cracovie, capitale historique du pays et nous arr\u00eatons dans son march\u00e9 vacancier saisonnier o\u00f9 les artistes locaux affichent leurs cr\u00e9ations uniques, y compris notre collection de poteries aux couleurs chatoyantes.\u00a0 Ces bols en c\u00e9ramique rouges et oranges sont de conception classique dans un vernis [&hellip;]<\/p>\n","protected":false},"featured_media":3474,"template":"","meta":{"_acf_changed":false},"product_brand":[],"product_cat":[50],"product_tag":[],"class_list":{"0":"post-3498","1":"product","2":"type-product","3":"status-publish","4":"has-post-thumbnail","6":"product_cat-fonctionnel","8":"first","9":"instock","10":"sold-individually","11":"taxable","12":"shipping-taxable","13":"purchasable","14":"product-type-simple"},"acf":[],"yoast_head":"<!-- This site is optimized with the Yoast SEO plugin v27.3 - https:\/\/yoast.com\/product\/yoast-seo-wordpress\/ -->\n<title>Bols en C\u00e9ramique Rouges et Oranges, Pologne - Fonctionnel - Red Karawana<\/title>\n<meta name=\"description\" content=\"Bols en c\u00e9ramique rouges et oranges sont de conception classique. L\u2019ext\u00e9rieur des poteries, non verni, pr\u00e9sente de beaux motifs artistiques.\" \/>\n<meta name=\"robots\" content=\"index, follow, max-snippet:-1, max-image-preview:large, max-video-preview:-1\" \/>\n<link rel=\"canonical\" href=\"https:\/\/redkarawana.com\/fr\/artisan\/bols-ceramique-rouges-et-oranges-pologne\/\" \/>\n<meta property=\"og:locale\" content=\"fr_FR\" \/>\n<meta property=\"og:type\" content=\"article\" \/>\n<meta property=\"og:title\" content=\"Bols en C\u00e9ramique Rouges et Oranges, Pologne - Fonctionnel - Red Karawana\" \/>\n<meta property=\"og:description\" content=\"Bols en c\u00e9ramique rouges et oranges sont de conception classique. L\u2019ext\u00e9rieur des poteries, non verni, pr\u00e9sente de beaux motifs artistiques.\" \/>\n<meta property=\"og:url\" content=\"https:\/\/redkarawana.com\/fr\/artisan\/bols-ceramique-rouges-et-oranges-pologne\/\" \/>\n<meta property=\"og:site_name\" content=\"Red Karawana\" \/>\n<meta property=\"article:publisher\" content=\"https:\/\/www.facebook.com\/redkarawana\/\" \/>\n<meta property=\"article:modified_time\" content=\"2025-12-07T08:07:25+00:00\" \/>\n<meta property=\"og:image\" content=\"https:\/\/redkarawana.com\/wp-content\/uploads\/2024\/05\/1-AAP-F1200x630-Poland-Red-and-Orange-Ceramic-Bowls.jpg\" \/>\n\t<meta property=\"og:image:width\" content=\"1200\" \/>\n\t<meta property=\"og:image:height\" content=\"630\" \/>\n\t<meta property=\"og:image:type\" content=\"image\/jpeg\" \/>\n<meta name=\"twitter:card\" content=\"summary_large_image\" \/>\n<meta name=\"twitter:label1\" content=\"Dur\u00e9e de lecture estim\u00e9e\" \/>\n\t<meta name=\"twitter:data1\" content=\"1 minute\" \/>\n<script type=\"application\/ld+json\" class=\"yoast-schema-graph\">{\"@context\":\"https:\\\/\\\/schema.org\",\"@graph\":[{\"@type\":\"WebPage\",\"@id\":\"https:\\\/\\\/redkarawana.com\\\/fr\\\/artisan\\\/bols-ceramique-rouges-et-oranges-pologne\\\/\",\"url\":\"https:\\\/\\\/redkarawana.com\\\/fr\\\/artisan\\\/bols-ceramique-rouges-et-oranges-pologne\\\/\",\"name\":\"Bols en C\u00e9ramique Rouges et Oranges, Pologne - Fonctionnel - Red Karawana\",\"isPartOf\":{\"@id\":\"https:\\\/\\\/redkarawana.com\\\/#website\"},\"primaryImageOfPage\":{\"@id\":\"https:\\\/\\\/redkarawana.com\\\/fr\\\/artisan\\\/bols-ceramique-rouges-et-oranges-pologne\\\/#primaryimage\"},\"image\":{\"@id\":\"https:\\\/\\\/redkarawana.com\\\/fr\\\/artisan\\\/bols-ceramique-rouges-et-oranges-pologne\\\/#primaryimage\"},\"thumbnailUrl\":\"https:\\\/\\\/redkarawana.com\\\/wp-content\\\/uploads\\\/2024\\\/05\\\/1-SP-Poland-Ceramic-Bowls.jpg\",\"datePublished\":\"2025-11-29T20:10:44+00:00\",\"dateModified\":\"2025-12-07T08:07:25+00:00\",\"description\":\"Bols en c\u00e9ramique rouges et oranges sont de conception classique. L\u2019ext\u00e9rieur des poteries, non verni, pr\u00e9sente de beaux motifs artistiques.\",\"breadcrumb\":{\"@id\":\"https:\\\/\\\/redkarawana.com\\\/fr\\\/artisan\\\/bols-ceramique-rouges-et-oranges-pologne\\\/#breadcrumb\"},\"inLanguage\":\"fr-FR\",\"potentialAction\":[{\"@type\":\"ReadAction\",\"target\":[\"https:\\\/\\\/redkarawana.com\\\/fr\\\/artisan\\\/bols-ceramique-rouges-et-oranges-pologne\\\/\"]}]},{\"@type\":\"ImageObject\",\"inLanguage\":\"fr-FR\",\"@id\":\"https:\\\/\\\/redkarawana.com\\\/fr\\\/artisan\\\/bols-ceramique-rouges-et-oranges-pologne\\\/#primaryimage\",\"url\":\"https:\\\/\\\/redkarawana.com\\\/wp-content\\\/uploads\\\/2024\\\/05\\\/1-SP-Poland-Ceramic-Bowls.jpg\",\"contentUrl\":\"https:\\\/\\\/redkarawana.com\\\/wp-content\\\/uploads\\\/2024\\\/05\\\/1-SP-Poland-Ceramic-Bowls.jpg\",\"width\":680,\"height\":453,\"caption\":\"Pologne, Bols en C\u00e9ramique\"},{\"@type\":\"BreadcrumbList\",\"@id\":\"https:\\\/\\\/redkarawana.com\\\/fr\\\/artisan\\\/bols-ceramique-rouges-et-oranges-pologne\\\/#breadcrumb\",\"itemListElement\":[{\"@type\":\"ListItem\",\"position\":1,\"name\":\"Home\",\"item\":\"https:\\\/\\\/redkarawana.com\\\/fr\\\/\"},{\"@type\":\"ListItem\",\"position\":2,\"name\":\"Artisans\",\"item\":\"https:\\\/\\\/redkarawana.com\\\/fr\\\/artisans\\\/\"},{\"@type\":\"ListItem\",\"position\":3,\"name\":\"Bols en C\u00e9ramique Rouges et Oranges, Pologne ; Poterie Artisanale Europ\u00e9ene\"}]},{\"@type\":\"WebSite\",\"@id\":\"https:\\\/\\\/redkarawana.com\\\/#website\",\"url\":\"https:\\\/\\\/redkarawana.com\\\/\",\"name\":\"Red Karawana\",\"description\":\"\",\"publisher\":{\"@id\":\"https:\\\/\\\/redkarawana.com\\\/#organization\"},\"potentialAction\":[{\"@type\":\"SearchAction\",\"target\":{\"@type\":\"EntryPoint\",\"urlTemplate\":\"https:\\\/\\\/redkarawana.com\\\/?s={search_term_string}\"},\"query-input\":{\"@type\":\"PropertyValueSpecification\",\"valueRequired\":true,\"valueName\":\"search_term_string\"}}],\"inLanguage\":\"fr-FR\"},{\"@type\":\"Organization\",\"@id\":\"https:\\\/\\\/redkarawana.com\\\/#organization\",\"name\":\"Red Karawana\",\"url\":\"https:\\\/\\\/redkarawana.com\\\/\",\"logo\":{\"@type\":\"ImageObject\",\"inLanguage\":\"fr-FR\",\"@id\":\"https:\\\/\\\/redkarawana.com\\\/#\\\/schema\\\/logo\\\/image\\\/\",\"url\":\"https:\\\/\\\/redkarawana.com\\\/wp-content\\\/uploads\\\/2025\\\/05\\\/cropped-Screenshot-2025-05-29-at-09.27.38.png\",\"contentUrl\":\"https:\\\/\\\/redkarawana.com\\\/wp-content\\\/uploads\\\/2025\\\/05\\\/cropped-Screenshot-2025-05-29-at-09.27.38.png\",\"width\":512,\"height\":512,\"caption\":\"Red Karawana\"},\"image\":{\"@id\":\"https:\\\/\\\/redkarawana.com\\\/#\\\/schema\\\/logo\\\/image\\\/\"},\"sameAs\":[\"https:\\\/\\\/www.facebook.com\\\/redkarawana\\\/\",\"https:\\\/\\\/www.instagram.com\\\/redkarawana\\\/\",\"https:\\\/\\\/www.youtube.com\\\/channel\\\/UCU9jXzSmyKm4ZZv38FEXGKg\",\"https:\\\/\\\/www.pinterest.com\\\/redkarawana\\\/\"]}]}<\/script>\n<!-- \/ Yoast SEO plugin. -->","yoast_head_json":{"title":"Bols en C\u00e9ramique Rouges et Oranges, Pologne - Fonctionnel - Red Karawana","description":"Bols en c\u00e9ramique rouges et oranges sont de conception classique. L\u2019ext\u00e9rieur des poteries, non verni, pr\u00e9sente de beaux motifs artistiques.","robots":{"index":"index","follow":"follow","max-snippet":"max-snippet:-1","max-image-preview":"max-image-preview:large","max-video-preview":"max-video-preview:-1"},"canonical":"https:\/\/redkarawana.com\/fr\/artisan\/bols-ceramique-rouges-et-oranges-pologne\/","og_locale":"fr_FR","og_type":"article","og_title":"Bols en C\u00e9ramique Rouges et Oranges, Pologne - Fonctionnel - Red Karawana","og_description":"Bols en c\u00e9ramique rouges et oranges sont de conception classique. L\u2019ext\u00e9rieur des poteries, non verni, pr\u00e9sente de beaux motifs artistiques.","og_url":"https:\/\/redkarawana.com\/fr\/artisan\/bols-ceramique-rouges-et-oranges-pologne\/","og_site_name":"Red Karawana","article_publisher":"https:\/\/www.facebook.com\/redkarawana\/","article_modified_time":"2025-12-07T08:07:25+00:00","og_image":[{"width":1200,"height":630,"url":"https:\/\/redkarawana.com\/wp-content\/uploads\/2024\/05\/1-AAP-F1200x630-Poland-Red-and-Orange-Ceramic-Bowls.jpg","type":"image\/jpeg"}],"twitter_card":"summary_large_image","twitter_misc":{"Dur\u00e9e de lecture estim\u00e9e":"1 minute"},"schema":{"@context":"https:\/\/schema.org","@graph":[{"@type":"WebPage","@id":"https:\/\/redkarawana.com\/fr\/artisan\/bols-ceramique-rouges-et-oranges-pologne\/","url":"https:\/\/redkarawana.com\/fr\/artisan\/bols-ceramique-rouges-et-oranges-pologne\/","name":"Bols en C\u00e9ramique Rouges et Oranges, Pologne - Fonctionnel - Red Karawana","isPartOf":{"@id":"https:\/\/redkarawana.com\/#website"},"primaryImageOfPage":{"@id":"https:\/\/redkarawana.com\/fr\/artisan\/bols-ceramique-rouges-et-oranges-pologne\/#primaryimage"},"image":{"@id":"https:\/\/redkarawana.com\/fr\/artisan\/bols-ceramique-rouges-et-oranges-pologne\/#primaryimage"},"thumbnailUrl":"https:\/\/redkarawana.com\/wp-content\/uploads\/2024\/05\/1-SP-Poland-Ceramic-Bowls.jpg","datePublished":"2025-11-29T20:10:44+00:00","dateModified":"2025-12-07T08:07:25+00:00","description":"Bols en c\u00e9ramique rouges et oranges sont de conception classique. L\u2019ext\u00e9rieur des poteries, non verni, pr\u00e9sente de beaux motifs artistiques.","breadcrumb":{"@id":"https:\/\/redkarawana.com\/fr\/artisan\/bols-ceramique-rouges-et-oranges-pologne\/#breadcrumb"},"inLanguage":"fr-FR","potentialAction":[{"@type":"ReadAction","target":["https:\/\/redkarawana.com\/fr\/artisan\/bols-ceramique-rouges-et-oranges-pologne\/"]}]},{"@type":"ImageObject","inLanguage":"fr-FR","@id":"https:\/\/redkarawana.com\/fr\/artisan\/bols-ceramique-rouges-et-oranges-pologne\/#primaryimage","url":"https:\/\/redkarawana.com\/wp-content\/uploads\/2024\/05\/1-SP-Poland-Ceramic-Bowls.jpg","contentUrl":"https:\/\/redkarawana.com\/wp-content\/uploads\/2024\/05\/1-SP-Poland-Ceramic-Bowls.jpg","width":680,"height":453,"caption":"Pologne, Bols en C\u00e9ramique"},{"@type":"BreadcrumbList","@id":"https:\/\/redkarawana.com\/fr\/artisan\/bols-ceramique-rouges-et-oranges-pologne\/#breadcrumb","itemListElement":[{"@type":"ListItem","position":1,"name":"Home","item":"https:\/\/redkarawana.com\/fr\/"},{"@type":"ListItem","position":2,"name":"Artisans","item":"https:\/\/redkarawana.com\/fr\/artisans\/"},{"@type":"ListItem","position":3,"name":"Bols en C\u00e9ramique Rouges et Oranges, Pologne ; Poterie Artisanale Europ\u00e9ene"}]},{"@type":"WebSite","@id":"https:\/\/redkarawana.com\/#website","url":"https:\/\/redkarawana.com\/","name":"Red Karawana","description":"","publisher":{"@id":"https:\/\/redkarawana.com\/#organization"},"potentialAction":[{"@type":"SearchAction","target":{"@type":"EntryPoint","urlTemplate":"https:\/\/redkarawana.com\/?s={search_term_string}"},"query-input":{"@type":"PropertyValueSpecification","valueRequired":true,"valueName":"search_term_string"}}],"inLanguage":"fr-FR"},{"@type":"Organization","@id":"https:\/\/redkarawana.com\/#organization","name":"Red Karawana","url":"https:\/\/redkarawana.com\/","logo":{"@type":"ImageObject","inLanguage":"fr-FR","@id":"https:\/\/redkarawana.com\/#\/schema\/logo\/image\/","url":"https:\/\/redkarawana.com\/wp-content\/uploads\/2025\/05\/cropped-Screenshot-2025-05-29-at-09.27.38.png","contentUrl":"https:\/\/redkarawana.com\/wp-content\/uploads\/2025\/05\/cropped-Screenshot-2025-05-29-at-09.27.38.png","width":512,"height":512,"caption":"Red Karawana"},"image":{"@id":"https:\/\/redkarawana.com\/#\/schema\/logo\/image\/"},"sameAs":["https:\/\/www.facebook.com\/redkarawana\/","https:\/\/www.instagram.com\/redkarawana\/","https:\/\/www.youtube.com\/channel\/UCU9jXzSmyKm4ZZv38FEXGKg","https:\/\/www.pinterest.com\/redkarawana\/"]}]}},"_links":{"self":[{"href":"https:\/\/redkarawana.com\/fr\/wp-json\/wp\/v2\/product\/3498","targetHints":{"allow":["GET"]}}],"collection":[{"href":"https:\/\/redkarawana.com\/fr\/wp-json\/wp\/v2\/product"}],"about":[{"href":"https:\/\/redkarawana.com\/fr\/wp-json\/wp\/v2\/types\/product"}],"wp:featuredmedia":[{"embeddable":true,"href":"https:\/\/redkarawana.com\/fr\/wp-json\/wp\/v2\/media\/3474"}],"wp:attachment":[{"href":"https:\/\/redkarawana.com\/fr\/wp-json\/wp\/v2\/media?parent=3498"}],"wp:term":[{"taxonomy":"product_brand","embeddable":true,"href":"https:\/\/redkarawana.com\/fr\/wp-json\/wp\/v2\/product_brand?post=3498"},{"taxonomy":"product_cat","embeddable":true,"href":"https:\/\/redkarawana.com\/fr\/wp-json\/wp\/v2\/product_cat?post=3498"},{"taxonomy":"product_tag","embeddable":true,"href":"https:\/\/redkarawana.com\/fr\/wp-json\/wp\/v2\/product_tag?post=3498"}],"curies":[{"name":"wp","href":"https:\/\/api.w.org\/{rel}","templated":true}]}}