{"id":3520,"date":"2025-11-29T20:20:15","date_gmt":"2025-11-29T20:20:15","guid":{"rendered":"https:\/\/redkarawana.com\/?post_type=product&#038;p=3520"},"modified":"2025-12-07T07:59:06","modified_gmt":"2025-12-07T07:59:06","slug":"tapis-syrie-eau","status":"publish","type":"product","link":"https:\/\/redkarawana.com\/fr\/artisan\/tapis-syrie-eau\/","title":{"rendered":"Tapis de Syrie, Abou Dabi, EAU ; Tapis Traditionnel Fait Main"},"content":{"rendered":"<p>La tradition de d\u00e9corer les maisons avec des tapis hauts en couleurs se poursuit aujourd&rsquo;hui au Moyen-Orient. Les tapis et couvertures de haute qualit\u00e9 et tiss\u00e9s main offrent confort et chaleur, et rehaussent de fa\u00e7on naturelle la d\u00e9coration int\u00e9rieure des maisons. \u00c0 Abu Dhabi, nous trouvons des produits artisanaux provenant de diff\u00e9rentes parties du monde, notamment des tapis hauts en couleurs, des oreillers et des couvertures en provenance de Syrie. Notre tapis de Syrie est tiss\u00e9 main en un textile robuste et affiche un tr\u00e8s beau motif multicolore. Mesures : Tapis de Syrie (longueur 74 pouces, largeur 53 1\/2 pouces).<\/p>\n","protected":false},"excerpt":{"rendered":"<p>La tradition de d\u00e9corer les maisons avec des tapis hauts en couleurs se poursuit aujourd&rsquo;hui au Moyen-Orient. Les tapis et couvertures de haute qualit\u00e9 et tiss\u00e9s main offrent confort et chaleur, et rehaussent de fa\u00e7on naturelle la d\u00e9coration int\u00e9rieure des maisons. \u00c0 Abu Dhabi, nous trouvons des produits artisanaux provenant de diff\u00e9rentes parties du monde, [&hellip;]<\/p>\n","protected":false},"featured_media":3495,"template":"","meta":{"_acf_changed":false},"product_brand":[],"product_cat":[51],"product_tag":[],"class_list":{"0":"post-3520","1":"product","2":"type-product","3":"status-publish","4":"has-post-thumbnail","6":"product_cat-eclectique","8":"first","9":"instock","10":"sold-individually","11":"taxable","12":"shipping-taxable","13":"purchasable","14":"product-type-simple"},"acf":[],"yoast_head":"<!-- This site is optimized with the Yoast SEO plugin v27.6 - https:\/\/yoast.com\/product\/yoast-seo-wordpress\/ -->\n<title>Tapis de Syrie Multicolore, EAU - \u00c9clectique - Red Karawana<\/title>\n<meta name=\"description\" content=\"Le tapis de Syrie est tiss\u00e9 main en un textile robuste et affiche un tr\u00e8s beau motif. \u00c0 Abu Dhabi, nous trouvons des produits artisanaux.\" \/>\n<meta name=\"robots\" content=\"index, follow, max-snippet:-1, max-image-preview:large, max-video-preview:-1\" \/>\n<link rel=\"canonical\" href=\"https:\/\/redkarawana.com\/artisan\/syrian-carpet-uae\/\" \/>\n<meta property=\"og:locale\" content=\"fr_FR\" \/>\n<meta property=\"og:type\" content=\"article\" \/>\n<meta property=\"og:title\" content=\"Tapis de Syrie Multicolore, EAU - \u00c9clectique - Red Karawana\" \/>\n<meta property=\"og:description\" content=\"Le tapis de Syrie est tiss\u00e9 main en un textile robuste et affiche un tr\u00e8s beau motif. \u00c0 Abu Dhabi, nous trouvons des produits artisanaux.\" \/>\n<meta property=\"og:url\" content=\"https:\/\/redkarawana.com\/artisan\/syrian-carpet-uae\/\" \/>\n<meta property=\"og:site_name\" content=\"Red Karawana\" \/>\n<meta property=\"article:publisher\" content=\"https:\/\/www.facebook.com\/redkarawana\/\" \/>\n<meta property=\"article:modified_time\" content=\"2025-12-07T07:59:06+00:00\" \/>\n<meta property=\"og:image\" content=\"https:\/\/redkarawana.com\/wp-content\/uploads\/2024\/05\/1-AAP-F1200x630-UAE-Abu-Dhabi-Syrian-Carpet.jpg\" \/>\n\t<meta property=\"og:image:width\" content=\"1200\" \/>\n\t<meta property=\"og:image:height\" content=\"630\" \/>\n\t<meta property=\"og:image:type\" content=\"image\/jpeg\" \/>\n<meta name=\"twitter:card\" content=\"summary_large_image\" \/>\n<meta name=\"twitter:label1\" content=\"Dur\u00e9e de lecture estim\u00e9e\" \/>\n\t<meta name=\"twitter:data1\" content=\"1 minute\" \/>\n<script type=\"application\/ld+json\" class=\"yoast-schema-graph\">{\"@context\":\"https:\\\/\\\/schema.org\",\"@graph\":[{\"@type\":\"WebPage\",\"@id\":\"https:\\\/\\\/redkarawana.com\\\/artisan\\\/syrian-carpet-uae\\\/\",\"url\":\"https:\\\/\\\/redkarawana.com\\\/artisan\\\/syrian-carpet-uae\\\/\",\"name\":\"Tapis de Syrie Multicolore, EAU - \u00c9clectique - Red Karawana\",\"isPartOf\":{\"@id\":\"https:\\\/\\\/redkarawana.com\\\/#website\"},\"primaryImageOfPage\":{\"@id\":\"https:\\\/\\\/redkarawana.com\\\/artisan\\\/syrian-carpet-uae\\\/#primaryimage\"},\"image\":{\"@id\":\"https:\\\/\\\/redkarawana.com\\\/artisan\\\/syrian-carpet-uae\\\/#primaryimage\"},\"thumbnailUrl\":\"https:\\\/\\\/redkarawana.com\\\/wp-content\\\/uploads\\\/2024\\\/05\\\/1-SP-UAE-Abu-Dhabi-Syrian-Carpet.jpg\",\"datePublished\":\"2025-11-29T20:20:15+00:00\",\"dateModified\":\"2025-12-07T07:59:06+00:00\",\"description\":\"Le tapis de Syrie est tiss\u00e9 main en un textile robuste et affiche un tr\u00e8s beau motif. \u00c0 Abu Dhabi, nous trouvons des produits artisanaux.\",\"breadcrumb\":{\"@id\":\"https:\\\/\\\/redkarawana.com\\\/artisan\\\/syrian-carpet-uae\\\/#breadcrumb\"},\"inLanguage\":\"fr-FR\",\"potentialAction\":[{\"@type\":\"ReadAction\",\"target\":[\"https:\\\/\\\/redkarawana.com\\\/artisan\\\/syrian-carpet-uae\\\/\"]}]},{\"@type\":\"ImageObject\",\"inLanguage\":\"fr-FR\",\"@id\":\"https:\\\/\\\/redkarawana.com\\\/artisan\\\/syrian-carpet-uae\\\/#primaryimage\",\"url\":\"https:\\\/\\\/redkarawana.com\\\/wp-content\\\/uploads\\\/2024\\\/05\\\/1-SP-UAE-Abu-Dhabi-Syrian-Carpet.jpg\",\"contentUrl\":\"https:\\\/\\\/redkarawana.com\\\/wp-content\\\/uploads\\\/2024\\\/05\\\/1-SP-UAE-Abu-Dhabi-Syrian-Carpet.jpg\",\"width\":680,\"height\":453,\"caption\":\"EAU, Abu Dhabi, Tapis de Syrie\"},{\"@type\":\"BreadcrumbList\",\"@id\":\"https:\\\/\\\/redkarawana.com\\\/artisan\\\/syrian-carpet-uae\\\/#breadcrumb\",\"itemListElement\":[{\"@type\":\"ListItem\",\"position\":1,\"name\":\"Home\",\"item\":\"https:\\\/\\\/redkarawana.com\\\/fr\\\/\"},{\"@type\":\"ListItem\",\"position\":2,\"name\":\"Artisans\",\"item\":\"https:\\\/\\\/redkarawana.com\\\/fr\\\/artisans\\\/\"},{\"@type\":\"ListItem\",\"position\":3,\"name\":\"Tapis de Syrie, Abou Dabi, EAU ; Tapis Traditionnel Fait Main\"}]},{\"@type\":\"WebSite\",\"@id\":\"https:\\\/\\\/redkarawana.com\\\/#website\",\"url\":\"https:\\\/\\\/redkarawana.com\\\/\",\"name\":\"Red Karawana\",\"description\":\"\",\"publisher\":{\"@id\":\"https:\\\/\\\/redkarawana.com\\\/#organization\"},\"potentialAction\":[{\"@type\":\"SearchAction\",\"target\":{\"@type\":\"EntryPoint\",\"urlTemplate\":\"https:\\\/\\\/redkarawana.com\\\/?s={search_term_string}\"},\"query-input\":{\"@type\":\"PropertyValueSpecification\",\"valueRequired\":true,\"valueName\":\"search_term_string\"}}],\"inLanguage\":\"fr-FR\"},{\"@type\":\"Organization\",\"@id\":\"https:\\\/\\\/redkarawana.com\\\/#organization\",\"name\":\"Red Karawana\",\"url\":\"https:\\\/\\\/redkarawana.com\\\/\",\"logo\":{\"@type\":\"ImageObject\",\"inLanguage\":\"fr-FR\",\"@id\":\"https:\\\/\\\/redkarawana.com\\\/#\\\/schema\\\/logo\\\/image\\\/\",\"url\":\"http:\\\/\\\/redkarawana.com\\\/wp-content\\\/uploads\\\/2025\\\/05\\\/cropped-Screenshot-2025-05-29-at-09.27.38.png\",\"contentUrl\":\"http:\\\/\\\/redkarawana.com\\\/wp-content\\\/uploads\\\/2025\\\/05\\\/cropped-Screenshot-2025-05-29-at-09.27.38.png\",\"width\":512,\"height\":512,\"caption\":\"Red Karawana\"},\"image\":{\"@id\":\"https:\\\/\\\/redkarawana.com\\\/#\\\/schema\\\/logo\\\/image\\\/\"},\"sameAs\":[\"https:\\\/\\\/www.facebook.com\\\/redkarawana\\\/\",\"https:\\\/\\\/www.instagram.com\\\/redkarawana\\\/\",\"https:\\\/\\\/www.youtube.com\\\/channel\\\/UCU9jXzSmyKm4ZZv38FEXGKg\",\"https:\\\/\\\/www.pinterest.com\\\/redkarawana\\\/\"]}]}<\/script>\n<!-- \/ Yoast SEO plugin. -->","yoast_head_json":{"title":"Tapis de Syrie Multicolore, EAU - \u00c9clectique - Red Karawana","description":"Le tapis de Syrie est tiss\u00e9 main en un textile robuste et affiche un tr\u00e8s beau motif. \u00c0 Abu Dhabi, nous trouvons des produits artisanaux.","robots":{"index":"index","follow":"follow","max-snippet":"max-snippet:-1","max-image-preview":"max-image-preview:large","max-video-preview":"max-video-preview:-1"},"canonical":"https:\/\/redkarawana.com\/artisan\/syrian-carpet-uae\/","og_locale":"fr_FR","og_type":"article","og_title":"Tapis de Syrie Multicolore, EAU - \u00c9clectique - Red Karawana","og_description":"Le tapis de Syrie est tiss\u00e9 main en un textile robuste et affiche un tr\u00e8s beau motif. \u00c0 Abu Dhabi, nous trouvons des produits artisanaux.","og_url":"https:\/\/redkarawana.com\/artisan\/syrian-carpet-uae\/","og_site_name":"Red Karawana","article_publisher":"https:\/\/www.facebook.com\/redkarawana\/","article_modified_time":"2025-12-07T07:59:06+00:00","og_image":[{"width":1200,"height":630,"url":"https:\/\/redkarawana.com\/wp-content\/uploads\/2024\/05\/1-AAP-F1200x630-UAE-Abu-Dhabi-Syrian-Carpet.jpg","type":"image\/jpeg"}],"twitter_card":"summary_large_image","twitter_misc":{"Dur\u00e9e de lecture estim\u00e9e":"1 minute"},"schema":{"@context":"https:\/\/schema.org","@graph":[{"@type":"WebPage","@id":"https:\/\/redkarawana.com\/artisan\/syrian-carpet-uae\/","url":"https:\/\/redkarawana.com\/artisan\/syrian-carpet-uae\/","name":"Tapis de Syrie Multicolore, EAU - \u00c9clectique - Red Karawana","isPartOf":{"@id":"https:\/\/redkarawana.com\/#website"},"primaryImageOfPage":{"@id":"https:\/\/redkarawana.com\/artisan\/syrian-carpet-uae\/#primaryimage"},"image":{"@id":"https:\/\/redkarawana.com\/artisan\/syrian-carpet-uae\/#primaryimage"},"thumbnailUrl":"https:\/\/redkarawana.com\/wp-content\/uploads\/2024\/05\/1-SP-UAE-Abu-Dhabi-Syrian-Carpet.jpg","datePublished":"2025-11-29T20:20:15+00:00","dateModified":"2025-12-07T07:59:06+00:00","description":"Le tapis de Syrie est tiss\u00e9 main en un textile robuste et affiche un tr\u00e8s beau motif. \u00c0 Abu Dhabi, nous trouvons des produits artisanaux.","breadcrumb":{"@id":"https:\/\/redkarawana.com\/artisan\/syrian-carpet-uae\/#breadcrumb"},"inLanguage":"fr-FR","potentialAction":[{"@type":"ReadAction","target":["https:\/\/redkarawana.com\/artisan\/syrian-carpet-uae\/"]}]},{"@type":"ImageObject","inLanguage":"fr-FR","@id":"https:\/\/redkarawana.com\/artisan\/syrian-carpet-uae\/#primaryimage","url":"https:\/\/redkarawana.com\/wp-content\/uploads\/2024\/05\/1-SP-UAE-Abu-Dhabi-Syrian-Carpet.jpg","contentUrl":"https:\/\/redkarawana.com\/wp-content\/uploads\/2024\/05\/1-SP-UAE-Abu-Dhabi-Syrian-Carpet.jpg","width":680,"height":453,"caption":"EAU, Abu Dhabi, Tapis de Syrie"},{"@type":"BreadcrumbList","@id":"https:\/\/redkarawana.com\/artisan\/syrian-carpet-uae\/#breadcrumb","itemListElement":[{"@type":"ListItem","position":1,"name":"Home","item":"https:\/\/redkarawana.com\/fr\/"},{"@type":"ListItem","position":2,"name":"Artisans","item":"https:\/\/redkarawana.com\/fr\/artisans\/"},{"@type":"ListItem","position":3,"name":"Tapis de Syrie, Abou Dabi, EAU ; Tapis Traditionnel Fait Main"}]},{"@type":"WebSite","@id":"https:\/\/redkarawana.com\/#website","url":"https:\/\/redkarawana.com\/","name":"Red Karawana","description":"","publisher":{"@id":"https:\/\/redkarawana.com\/#organization"},"potentialAction":[{"@type":"SearchAction","target":{"@type":"EntryPoint","urlTemplate":"https:\/\/redkarawana.com\/?s={search_term_string}"},"query-input":{"@type":"PropertyValueSpecification","valueRequired":true,"valueName":"search_term_string"}}],"inLanguage":"fr-FR"},{"@type":"Organization","@id":"https:\/\/redkarawana.com\/#organization","name":"Red Karawana","url":"https:\/\/redkarawana.com\/","logo":{"@type":"ImageObject","inLanguage":"fr-FR","@id":"https:\/\/redkarawana.com\/#\/schema\/logo\/image\/","url":"http:\/\/redkarawana.com\/wp-content\/uploads\/2025\/05\/cropped-Screenshot-2025-05-29-at-09.27.38.png","contentUrl":"http:\/\/redkarawana.com\/wp-content\/uploads\/2025\/05\/cropped-Screenshot-2025-05-29-at-09.27.38.png","width":512,"height":512,"caption":"Red Karawana"},"image":{"@id":"https:\/\/redkarawana.com\/#\/schema\/logo\/image\/"},"sameAs":["https:\/\/www.facebook.com\/redkarawana\/","https:\/\/www.instagram.com\/redkarawana\/","https:\/\/www.youtube.com\/channel\/UCU9jXzSmyKm4ZZv38FEXGKg","https:\/\/www.pinterest.com\/redkarawana\/"]}]}},"_links":{"self":[{"href":"https:\/\/redkarawana.com\/fr\/wp-json\/wp\/v2\/product\/3520","targetHints":{"allow":["GET"]}}],"collection":[{"href":"https:\/\/redkarawana.com\/fr\/wp-json\/wp\/v2\/product"}],"about":[{"href":"https:\/\/redkarawana.com\/fr\/wp-json\/wp\/v2\/types\/product"}],"wp:featuredmedia":[{"embeddable":true,"href":"https:\/\/redkarawana.com\/fr\/wp-json\/wp\/v2\/media\/3495"}],"wp:attachment":[{"href":"https:\/\/redkarawana.com\/fr\/wp-json\/wp\/v2\/media?parent=3520"}],"wp:term":[{"taxonomy":"product_brand","embeddable":true,"href":"https:\/\/redkarawana.com\/fr\/wp-json\/wp\/v2\/product_brand?post=3520"},{"taxonomy":"product_cat","embeddable":true,"href":"https:\/\/redkarawana.com\/fr\/wp-json\/wp\/v2\/product_cat?post=3520"},{"taxonomy":"product_tag","embeddable":true,"href":"https:\/\/redkarawana.com\/fr\/wp-json\/wp\/v2\/product_tag?post=3520"}],"curies":[{"name":"wp","href":"https:\/\/api.w.org\/{rel}","templated":true}]}}