{"id":3544,"date":"2025-11-29T20:30:43","date_gmt":"2025-11-29T20:30:43","guid":{"rendered":"https:\/\/redkarawana.com\/?post_type=product&#038;p=3544"},"modified":"2024-05-12T23:22:44","modified_gmt":"2024-05-12T23:22:44","slug":"boite-asiatique-chine","status":"publish","type":"product","link":"https:\/\/redkarawana.com\/fr\/artisan\/boite-asiatique-chine\/","title":{"rendered":"Bo\u00eete Asiatique, Chine ; Bo\u00eete D\u00e9corative Orn\u00e9e du Motif du Dragon"},"content":{"rendered":"<p>L\u2019histoire et culture fascinantes de la Chine sont c\u00e9l\u00e9br\u00e9es sous de nombreuses formes artistiques. Les artistes chinois cr\u00e9ent de remarquables calligraphies, poteries, \u0153uvres d\u2019art folkloriques, peintures sur soie, sculptures \u00e0 la main et autres uniques cr\u00e9ations. Les march\u00e9s traditionnels et les boutiques d&rsquo;artisans proposent des objets artisanaux uniques et de parfaits pr\u00e9sents. La bo\u00eete asiatique que nous s\u00e9lectionnons pr\u00e9sente un magnifique motif de dragon sur fond rouge. Mesures : Bo\u00eete Asiatique (longueur 13 \u00bc pouces, largeur 2 \u00be pouces, hauteur 3 \u00bc pouces).<\/p>\n","protected":false},"excerpt":{"rendered":"<p>L\u2019histoire et culture fascinantes de la Chine sont c\u00e9l\u00e9br\u00e9es sous de nombreuses formes artistiques. Les artistes chinois cr\u00e9ent de remarquables calligraphies, poteries, \u0153uvres d\u2019art folkloriques, peintures sur soie, sculptures \u00e0 la main et autres uniques cr\u00e9ations. Les march\u00e9s traditionnels et les boutiques d&rsquo;artisans proposent des objets artisanaux uniques et de parfaits pr\u00e9sents. La bo\u00eete asiatique [&hellip;]<\/p>\n","protected":false},"featured_media":3524,"template":"","meta":{"_acf_changed":false},"product_brand":[],"product_cat":[49],"product_tag":[],"class_list":{"0":"post-3544","1":"product","2":"type-product","3":"status-publish","4":"has-post-thumbnail","6":"product_cat-decoratif","8":"first","9":"instock","10":"sold-individually","11":"taxable","12":"shipping-taxable","13":"purchasable","14":"product-type-simple"},"acf":[],"yoast_head":"<!-- This site is optimized with the Yoast SEO plugin v27.4 - https:\/\/yoast.com\/product\/yoast-seo-wordpress\/ -->\n<title>Bo\u00eete Asiatique Orn\u00e9e du Motif du Dragon - D\u00e9coratif - Red Karawana<\/title>\n<meta name=\"description\" content=\"L\u2019histoire et culture de la Chine sont c\u00e9l\u00e9br\u00e9es sous de nombreuses formes artistiques. Notre bo\u00eete asiatique pr\u00e9sente un motif de dragon.\" \/>\n<meta name=\"robots\" content=\"index, follow, max-snippet:-1, max-image-preview:large, max-video-preview:-1\" \/>\n<link rel=\"canonical\" href=\"https:\/\/redkarawana.com\/fr\/artisan\/boite-asiatique-chine\/\" \/>\n<meta property=\"og:locale\" content=\"fr_FR\" \/>\n<meta property=\"og:type\" content=\"article\" \/>\n<meta property=\"og:title\" content=\"Bo\u00eete Asiatique Orn\u00e9e du Motif du Dragon - D\u00e9coratif - Red Karawana\" \/>\n<meta property=\"og:description\" content=\"L\u2019histoire et culture de la Chine sont c\u00e9l\u00e9br\u00e9es sous de nombreuses formes artistiques. Notre bo\u00eete asiatique pr\u00e9sente un motif de dragon.\" \/>\n<meta property=\"og:url\" content=\"https:\/\/redkarawana.com\/fr\/artisan\/boite-asiatique-chine\/\" \/>\n<meta property=\"og:site_name\" content=\"Red Karawana\" \/>\n<meta property=\"article:publisher\" content=\"https:\/\/www.facebook.com\/redkarawana\/\" \/>\n<meta property=\"og:image\" content=\"https:\/\/redkarawana.com\/wp-content\/uploads\/2024\/05\/1-ABP-F-1200x630-China-Asian-Box.jpg\" \/>\n\t<meta property=\"og:image:width\" content=\"1200\" \/>\n\t<meta property=\"og:image:height\" content=\"630\" \/>\n\t<meta property=\"og:image:type\" content=\"image\/jpeg\" \/>\n<meta name=\"twitter:card\" content=\"summary_large_image\" \/>\n<meta name=\"twitter:label1\" content=\"Dur\u00e9e de lecture estim\u00e9e\" \/>\n\t<meta name=\"twitter:data1\" content=\"1 minute\" \/>\n<script type=\"application\/ld+json\" class=\"yoast-schema-graph\">{\"@context\":\"https:\\\/\\\/schema.org\",\"@graph\":[{\"@type\":\"WebPage\",\"@id\":\"https:\\\/\\\/redkarawana.com\\\/fr\\\/artisan\\\/boite-asiatique-chine\\\/\",\"url\":\"https:\\\/\\\/redkarawana.com\\\/fr\\\/artisan\\\/boite-asiatique-chine\\\/\",\"name\":\"Bo\u00eete Asiatique Orn\u00e9e du Motif du Dragon - D\u00e9coratif - Red Karawana\",\"isPartOf\":{\"@id\":\"https:\\\/\\\/redkarawana.com\\\/#website\"},\"primaryImageOfPage\":{\"@id\":\"https:\\\/\\\/redkarawana.com\\\/fr\\\/artisan\\\/boite-asiatique-chine\\\/#primaryimage\"},\"image\":{\"@id\":\"https:\\\/\\\/redkarawana.com\\\/fr\\\/artisan\\\/boite-asiatique-chine\\\/#primaryimage\"},\"thumbnailUrl\":\"https:\\\/\\\/redkarawana.com\\\/wp-content\\\/uploads\\\/2024\\\/05\\\/1-SP-China-Asian-Box.jpg\",\"datePublished\":\"2025-11-29T20:30:43+00:00\",\"description\":\"L\u2019histoire et culture de la Chine sont c\u00e9l\u00e9br\u00e9es sous de nombreuses formes artistiques. Notre bo\u00eete asiatique pr\u00e9sente un motif de dragon.\",\"breadcrumb\":{\"@id\":\"https:\\\/\\\/redkarawana.com\\\/fr\\\/artisan\\\/boite-asiatique-chine\\\/#breadcrumb\"},\"inLanguage\":\"fr-FR\",\"potentialAction\":[{\"@type\":\"ReadAction\",\"target\":[\"https:\\\/\\\/redkarawana.com\\\/fr\\\/artisan\\\/boite-asiatique-chine\\\/\"]}]},{\"@type\":\"ImageObject\",\"inLanguage\":\"fr-FR\",\"@id\":\"https:\\\/\\\/redkarawana.com\\\/fr\\\/artisan\\\/boite-asiatique-chine\\\/#primaryimage\",\"url\":\"https:\\\/\\\/redkarawana.com\\\/wp-content\\\/uploads\\\/2024\\\/05\\\/1-SP-China-Asian-Box.jpg\",\"contentUrl\":\"https:\\\/\\\/redkarawana.com\\\/wp-content\\\/uploads\\\/2024\\\/05\\\/1-SP-China-Asian-Box.jpg\",\"width\":680,\"height\":453,\"caption\":\"Chine, Bo\u00eete Asiatique\"},{\"@type\":\"BreadcrumbList\",\"@id\":\"https:\\\/\\\/redkarawana.com\\\/fr\\\/artisan\\\/boite-asiatique-chine\\\/#breadcrumb\",\"itemListElement\":[{\"@type\":\"ListItem\",\"position\":1,\"name\":\"Home\",\"item\":\"https:\\\/\\\/redkarawana.com\\\/fr\\\/\"},{\"@type\":\"ListItem\",\"position\":2,\"name\":\"Artisans\",\"item\":\"https:\\\/\\\/redkarawana.com\\\/fr\\\/artisans\\\/\"},{\"@type\":\"ListItem\",\"position\":3,\"name\":\"Bo\u00eete Asiatique, Chine ; Bo\u00eete D\u00e9corative Orn\u00e9e du Motif du Dragon\"}]},{\"@type\":\"WebSite\",\"@id\":\"https:\\\/\\\/redkarawana.com\\\/#website\",\"url\":\"https:\\\/\\\/redkarawana.com\\\/\",\"name\":\"Red Karawana\",\"description\":\"\",\"publisher\":{\"@id\":\"https:\\\/\\\/redkarawana.com\\\/#organization\"},\"potentialAction\":[{\"@type\":\"SearchAction\",\"target\":{\"@type\":\"EntryPoint\",\"urlTemplate\":\"https:\\\/\\\/redkarawana.com\\\/?s={search_term_string}\"},\"query-input\":{\"@type\":\"PropertyValueSpecification\",\"valueRequired\":true,\"valueName\":\"search_term_string\"}}],\"inLanguage\":\"fr-FR\"},{\"@type\":\"Organization\",\"@id\":\"https:\\\/\\\/redkarawana.com\\\/#organization\",\"name\":\"Red Karawana\",\"url\":\"https:\\\/\\\/redkarawana.com\\\/\",\"logo\":{\"@type\":\"ImageObject\",\"inLanguage\":\"fr-FR\",\"@id\":\"https:\\\/\\\/redkarawana.com\\\/#\\\/schema\\\/logo\\\/image\\\/\",\"url\":\"https:\\\/\\\/redkarawana.com\\\/wp-content\\\/uploads\\\/2025\\\/05\\\/cropped-Screenshot-2025-05-29-at-09.27.38.png\",\"contentUrl\":\"https:\\\/\\\/redkarawana.com\\\/wp-content\\\/uploads\\\/2025\\\/05\\\/cropped-Screenshot-2025-05-29-at-09.27.38.png\",\"width\":512,\"height\":512,\"caption\":\"Red Karawana\"},\"image\":{\"@id\":\"https:\\\/\\\/redkarawana.com\\\/#\\\/schema\\\/logo\\\/image\\\/\"},\"sameAs\":[\"https:\\\/\\\/www.facebook.com\\\/redkarawana\\\/\",\"https:\\\/\\\/www.instagram.com\\\/redkarawana\\\/\",\"https:\\\/\\\/www.youtube.com\\\/channel\\\/UCU9jXzSmyKm4ZZv38FEXGKg\",\"https:\\\/\\\/www.pinterest.com\\\/redkarawana\\\/\"]}]}<\/script>\n<!-- \/ Yoast SEO plugin. -->","yoast_head_json":{"title":"Bo\u00eete Asiatique Orn\u00e9e du Motif du Dragon - D\u00e9coratif - Red Karawana","description":"L\u2019histoire et culture de la Chine sont c\u00e9l\u00e9br\u00e9es sous de nombreuses formes artistiques. Notre bo\u00eete asiatique pr\u00e9sente un motif de dragon.","robots":{"index":"index","follow":"follow","max-snippet":"max-snippet:-1","max-image-preview":"max-image-preview:large","max-video-preview":"max-video-preview:-1"},"canonical":"https:\/\/redkarawana.com\/fr\/artisan\/boite-asiatique-chine\/","og_locale":"fr_FR","og_type":"article","og_title":"Bo\u00eete Asiatique Orn\u00e9e du Motif du Dragon - D\u00e9coratif - Red Karawana","og_description":"L\u2019histoire et culture de la Chine sont c\u00e9l\u00e9br\u00e9es sous de nombreuses formes artistiques. Notre bo\u00eete asiatique pr\u00e9sente un motif de dragon.","og_url":"https:\/\/redkarawana.com\/fr\/artisan\/boite-asiatique-chine\/","og_site_name":"Red Karawana","article_publisher":"https:\/\/www.facebook.com\/redkarawana\/","og_image":[{"width":1200,"height":630,"url":"https:\/\/redkarawana.com\/wp-content\/uploads\/2024\/05\/1-ABP-F-1200x630-China-Asian-Box.jpg","type":"image\/jpeg"}],"twitter_card":"summary_large_image","twitter_misc":{"Dur\u00e9e de lecture estim\u00e9e":"1 minute"},"schema":{"@context":"https:\/\/schema.org","@graph":[{"@type":"WebPage","@id":"https:\/\/redkarawana.com\/fr\/artisan\/boite-asiatique-chine\/","url":"https:\/\/redkarawana.com\/fr\/artisan\/boite-asiatique-chine\/","name":"Bo\u00eete Asiatique Orn\u00e9e du Motif du Dragon - D\u00e9coratif - Red Karawana","isPartOf":{"@id":"https:\/\/redkarawana.com\/#website"},"primaryImageOfPage":{"@id":"https:\/\/redkarawana.com\/fr\/artisan\/boite-asiatique-chine\/#primaryimage"},"image":{"@id":"https:\/\/redkarawana.com\/fr\/artisan\/boite-asiatique-chine\/#primaryimage"},"thumbnailUrl":"https:\/\/redkarawana.com\/wp-content\/uploads\/2024\/05\/1-SP-China-Asian-Box.jpg","datePublished":"2025-11-29T20:30:43+00:00","description":"L\u2019histoire et culture de la Chine sont c\u00e9l\u00e9br\u00e9es sous de nombreuses formes artistiques. Notre bo\u00eete asiatique pr\u00e9sente un motif de dragon.","breadcrumb":{"@id":"https:\/\/redkarawana.com\/fr\/artisan\/boite-asiatique-chine\/#breadcrumb"},"inLanguage":"fr-FR","potentialAction":[{"@type":"ReadAction","target":["https:\/\/redkarawana.com\/fr\/artisan\/boite-asiatique-chine\/"]}]},{"@type":"ImageObject","inLanguage":"fr-FR","@id":"https:\/\/redkarawana.com\/fr\/artisan\/boite-asiatique-chine\/#primaryimage","url":"https:\/\/redkarawana.com\/wp-content\/uploads\/2024\/05\/1-SP-China-Asian-Box.jpg","contentUrl":"https:\/\/redkarawana.com\/wp-content\/uploads\/2024\/05\/1-SP-China-Asian-Box.jpg","width":680,"height":453,"caption":"Chine, Bo\u00eete Asiatique"},{"@type":"BreadcrumbList","@id":"https:\/\/redkarawana.com\/fr\/artisan\/boite-asiatique-chine\/#breadcrumb","itemListElement":[{"@type":"ListItem","position":1,"name":"Home","item":"https:\/\/redkarawana.com\/fr\/"},{"@type":"ListItem","position":2,"name":"Artisans","item":"https:\/\/redkarawana.com\/fr\/artisans\/"},{"@type":"ListItem","position":3,"name":"Bo\u00eete Asiatique, Chine ; Bo\u00eete D\u00e9corative Orn\u00e9e du Motif du Dragon"}]},{"@type":"WebSite","@id":"https:\/\/redkarawana.com\/#website","url":"https:\/\/redkarawana.com\/","name":"Red Karawana","description":"","publisher":{"@id":"https:\/\/redkarawana.com\/#organization"},"potentialAction":[{"@type":"SearchAction","target":{"@type":"EntryPoint","urlTemplate":"https:\/\/redkarawana.com\/?s={search_term_string}"},"query-input":{"@type":"PropertyValueSpecification","valueRequired":true,"valueName":"search_term_string"}}],"inLanguage":"fr-FR"},{"@type":"Organization","@id":"https:\/\/redkarawana.com\/#organization","name":"Red Karawana","url":"https:\/\/redkarawana.com\/","logo":{"@type":"ImageObject","inLanguage":"fr-FR","@id":"https:\/\/redkarawana.com\/#\/schema\/logo\/image\/","url":"https:\/\/redkarawana.com\/wp-content\/uploads\/2025\/05\/cropped-Screenshot-2025-05-29-at-09.27.38.png","contentUrl":"https:\/\/redkarawana.com\/wp-content\/uploads\/2025\/05\/cropped-Screenshot-2025-05-29-at-09.27.38.png","width":512,"height":512,"caption":"Red Karawana"},"image":{"@id":"https:\/\/redkarawana.com\/#\/schema\/logo\/image\/"},"sameAs":["https:\/\/www.facebook.com\/redkarawana\/","https:\/\/www.instagram.com\/redkarawana\/","https:\/\/www.youtube.com\/channel\/UCU9jXzSmyKm4ZZv38FEXGKg","https:\/\/www.pinterest.com\/redkarawana\/"]}]}},"_links":{"self":[{"href":"https:\/\/redkarawana.com\/fr\/wp-json\/wp\/v2\/product\/3544","targetHints":{"allow":["GET"]}}],"collection":[{"href":"https:\/\/redkarawana.com\/fr\/wp-json\/wp\/v2\/product"}],"about":[{"href":"https:\/\/redkarawana.com\/fr\/wp-json\/wp\/v2\/types\/product"}],"wp:featuredmedia":[{"embeddable":true,"href":"https:\/\/redkarawana.com\/fr\/wp-json\/wp\/v2\/media\/3524"}],"wp:attachment":[{"href":"https:\/\/redkarawana.com\/fr\/wp-json\/wp\/v2\/media?parent=3544"}],"wp:term":[{"taxonomy":"product_brand","embeddable":true,"href":"https:\/\/redkarawana.com\/fr\/wp-json\/wp\/v2\/product_brand?post=3544"},{"taxonomy":"product_cat","embeddable":true,"href":"https:\/\/redkarawana.com\/fr\/wp-json\/wp\/v2\/product_cat?post=3544"},{"taxonomy":"product_tag","embeddable":true,"href":"https:\/\/redkarawana.com\/fr\/wp-json\/wp\/v2\/product_tag?post=3544"}],"curies":[{"name":"wp","href":"https:\/\/api.w.org\/{rel}","templated":true}]}}