{"id":3564,"date":"2025-11-29T20:40:20","date_gmt":"2025-11-29T20:40:20","guid":{"rendered":"https:\/\/redkarawana.com\/?post_type=product&#038;p=3564"},"modified":"2024-05-12T23:52:42","modified_gmt":"2024-05-12T23:52:42","slug":"robe-orientale-rouge-liban","status":"publish","type":"product","link":"https:\/\/redkarawana.com\/fr\/artisan\/robe-orientale-rouge-liban\/","title":{"rendered":"Robe Longue Orientale Rouge, Liban ; Motif D\u00e9coratif, Douceur du Tissu"},"content":{"rendered":"<p>En explorant le Liban, ses sites historiques, ses villes vibrantes et ses villages de montagne, nous rencontrons des artistes locaux extr\u00eamement qualifi\u00e9s pr\u00e9servant les traditions et l&rsquo;h\u00e9ritage libanais. \u00a0Robe rouge, longue jusqu\u2019au pied et au style tr\u00e8s oriental se porte ample au corps.\u00a0 Une tr\u00e8s belle bordure et de belles petites pierres rouges sont cousues \u00e0 la main autour des manches et \u00e0 l&rsquo;avant de la robe.\u00a0 Les deux franges rouges soulignent le style oriental traditionnel et permettent la fermeture compl\u00e8te de la robe.\u00a0 Le style oriental, la couleur rouge-profond et l&rsquo;extr\u00eame douceur du tissu d\u00e9finissent une pi\u00e8ce unique.\u00a0 Mesures : 1 robe longue orientale rouge (hauteur 58 pouces, largeur 48 pouces).<\/p>\n","protected":false},"excerpt":{"rendered":"<p>En explorant le Liban, ses sites historiques, ses villes vibrantes et ses villages de montagne, nous rencontrons des artistes locaux extr\u00eamement qualifi\u00e9s pr\u00e9servant les traditions et l&rsquo;h\u00e9ritage libanais. \u00a0Robe rouge, longue jusqu\u2019au pied et au style tr\u00e8s oriental se porte ample au corps.\u00a0 Une tr\u00e8s belle bordure et de belles petites pierres rouges sont cousues [&hellip;]<\/p>\n","protected":false},"featured_media":3548,"template":"","meta":{"_acf_changed":false},"product_brand":[],"product_cat":[51],"product_tag":[],"class_list":{"0":"post-3564","1":"product","2":"type-product","3":"status-publish","4":"has-post-thumbnail","6":"product_cat-eclectique","8":"first","9":"instock","10":"sold-individually","11":"taxable","12":"shipping-taxable","13":"purchasable","14":"product-type-simple"},"acf":[],"yoast_head":"<!-- This site is optimized with the Yoast SEO plugin v27.3 - https:\/\/yoast.com\/product\/yoast-seo-wordpress\/ -->\n<title>Robe Orientale Rouge, Liban - \u00c9clectique - Red Karawana<\/title>\n<meta name=\"description\" content=\"Le Robe Orientale Rouge, longue jusqu\u2019au pied se porte ample au corps. Une belle bordure et de petites pierres rouges sont cousues \u00e0 la main.\" \/>\n<meta name=\"robots\" content=\"index, follow, max-snippet:-1, max-image-preview:large, max-video-preview:-1\" \/>\n<link rel=\"canonical\" href=\"https:\/\/redkarawana.com\/fr\/artisan\/robe-orientale-rouge-liban\/\" \/>\n<meta property=\"og:locale\" content=\"fr_FR\" \/>\n<meta property=\"og:type\" content=\"article\" \/>\n<meta property=\"og:title\" content=\"Robe Orientale Rouge, Liban - \u00c9clectique - Red Karawana\" \/>\n<meta property=\"og:description\" content=\"Le Robe Orientale Rouge, longue jusqu\u2019au pied se porte ample au corps. Une belle bordure et de petites pierres rouges sont cousues \u00e0 la main.\" \/>\n<meta property=\"og:url\" content=\"https:\/\/redkarawana.com\/fr\/artisan\/robe-orientale-rouge-liban\/\" \/>\n<meta property=\"og:site_name\" content=\"Red Karawana\" \/>\n<meta property=\"article:publisher\" content=\"https:\/\/www.facebook.com\/redkarawana\/\" \/>\n<meta property=\"og:image\" content=\"https:\/\/redkarawana.com\/wp-content\/uploads\/2024\/05\/1-AAP-F1200x630-Lebanon-Red-Oriental-Robe.jpg\" \/>\n\t<meta property=\"og:image:width\" content=\"1200\" \/>\n\t<meta property=\"og:image:height\" content=\"630\" \/>\n\t<meta property=\"og:image:type\" content=\"image\/jpeg\" \/>\n<meta name=\"twitter:card\" content=\"summary_large_image\" \/>\n<meta name=\"twitter:label1\" content=\"Dur\u00e9e de lecture estim\u00e9e\" \/>\n\t<meta name=\"twitter:data1\" content=\"1 minute\" \/>\n<script type=\"application\/ld+json\" class=\"yoast-schema-graph\">{\"@context\":\"https:\\\/\\\/schema.org\",\"@graph\":[{\"@type\":\"WebPage\",\"@id\":\"https:\\\/\\\/redkarawana.com\\\/fr\\\/artisan\\\/robe-orientale-rouge-liban\\\/\",\"url\":\"https:\\\/\\\/redkarawana.com\\\/fr\\\/artisan\\\/robe-orientale-rouge-liban\\\/\",\"name\":\"Robe Orientale Rouge, Liban - \u00c9clectique - Red Karawana\",\"isPartOf\":{\"@id\":\"https:\\\/\\\/redkarawana.com\\\/#website\"},\"primaryImageOfPage\":{\"@id\":\"https:\\\/\\\/redkarawana.com\\\/fr\\\/artisan\\\/robe-orientale-rouge-liban\\\/#primaryimage\"},\"image\":{\"@id\":\"https:\\\/\\\/redkarawana.com\\\/fr\\\/artisan\\\/robe-orientale-rouge-liban\\\/#primaryimage\"},\"thumbnailUrl\":\"https:\\\/\\\/redkarawana.com\\\/wp-content\\\/uploads\\\/2024\\\/05\\\/1-SP-Lebanon-Red-Oriental-Robe.jpg\",\"datePublished\":\"2025-11-29T20:40:20+00:00\",\"description\":\"Le Robe Orientale Rouge, longue jusqu\u2019au pied se porte ample au corps. Une belle bordure et de petites pierres rouges sont cousues \u00e0 la main.\",\"breadcrumb\":{\"@id\":\"https:\\\/\\\/redkarawana.com\\\/fr\\\/artisan\\\/robe-orientale-rouge-liban\\\/#breadcrumb\"},\"inLanguage\":\"fr-FR\",\"potentialAction\":[{\"@type\":\"ReadAction\",\"target\":[\"https:\\\/\\\/redkarawana.com\\\/fr\\\/artisan\\\/robe-orientale-rouge-liban\\\/\"]}]},{\"@type\":\"ImageObject\",\"inLanguage\":\"fr-FR\",\"@id\":\"https:\\\/\\\/redkarawana.com\\\/fr\\\/artisan\\\/robe-orientale-rouge-liban\\\/#primaryimage\",\"url\":\"https:\\\/\\\/redkarawana.com\\\/wp-content\\\/uploads\\\/2024\\\/05\\\/1-SP-Lebanon-Red-Oriental-Robe.jpg\",\"contentUrl\":\"https:\\\/\\\/redkarawana.com\\\/wp-content\\\/uploads\\\/2024\\\/05\\\/1-SP-Lebanon-Red-Oriental-Robe.jpg\",\"width\":680,\"height\":453,\"caption\":\"Liban, Robe Orientale Rouge\"},{\"@type\":\"BreadcrumbList\",\"@id\":\"https:\\\/\\\/redkarawana.com\\\/fr\\\/artisan\\\/robe-orientale-rouge-liban\\\/#breadcrumb\",\"itemListElement\":[{\"@type\":\"ListItem\",\"position\":1,\"name\":\"Home\",\"item\":\"https:\\\/\\\/redkarawana.com\\\/fr\\\/\"},{\"@type\":\"ListItem\",\"position\":2,\"name\":\"Artisans\",\"item\":\"https:\\\/\\\/redkarawana.com\\\/fr\\\/artisans\\\/\"},{\"@type\":\"ListItem\",\"position\":3,\"name\":\"Robe Longue Orientale Rouge, Liban ; Motif D\u00e9coratif, Douceur du Tissu\"}]},{\"@type\":\"WebSite\",\"@id\":\"https:\\\/\\\/redkarawana.com\\\/#website\",\"url\":\"https:\\\/\\\/redkarawana.com\\\/\",\"name\":\"Red Karawana\",\"description\":\"\",\"publisher\":{\"@id\":\"https:\\\/\\\/redkarawana.com\\\/#organization\"},\"potentialAction\":[{\"@type\":\"SearchAction\",\"target\":{\"@type\":\"EntryPoint\",\"urlTemplate\":\"https:\\\/\\\/redkarawana.com\\\/?s={search_term_string}\"},\"query-input\":{\"@type\":\"PropertyValueSpecification\",\"valueRequired\":true,\"valueName\":\"search_term_string\"}}],\"inLanguage\":\"fr-FR\"},{\"@type\":\"Organization\",\"@id\":\"https:\\\/\\\/redkarawana.com\\\/#organization\",\"name\":\"Red Karawana\",\"url\":\"https:\\\/\\\/redkarawana.com\\\/\",\"logo\":{\"@type\":\"ImageObject\",\"inLanguage\":\"fr-FR\",\"@id\":\"https:\\\/\\\/redkarawana.com\\\/#\\\/schema\\\/logo\\\/image\\\/\",\"url\":\"https:\\\/\\\/redkarawana.com\\\/wp-content\\\/uploads\\\/2025\\\/05\\\/cropped-Screenshot-2025-05-29-at-09.27.38.png\",\"contentUrl\":\"https:\\\/\\\/redkarawana.com\\\/wp-content\\\/uploads\\\/2025\\\/05\\\/cropped-Screenshot-2025-05-29-at-09.27.38.png\",\"width\":512,\"height\":512,\"caption\":\"Red Karawana\"},\"image\":{\"@id\":\"https:\\\/\\\/redkarawana.com\\\/#\\\/schema\\\/logo\\\/image\\\/\"},\"sameAs\":[\"https:\\\/\\\/www.facebook.com\\\/redkarawana\\\/\",\"https:\\\/\\\/www.instagram.com\\\/redkarawana\\\/\",\"https:\\\/\\\/www.youtube.com\\\/channel\\\/UCU9jXzSmyKm4ZZv38FEXGKg\",\"https:\\\/\\\/www.pinterest.com\\\/redkarawana\\\/\"]}]}<\/script>\n<!-- \/ Yoast SEO plugin. -->","yoast_head_json":{"title":"Robe Orientale Rouge, Liban - \u00c9clectique - Red Karawana","description":"Le Robe Orientale Rouge, longue jusqu\u2019au pied se porte ample au corps. Une belle bordure et de petites pierres rouges sont cousues \u00e0 la main.","robots":{"index":"index","follow":"follow","max-snippet":"max-snippet:-1","max-image-preview":"max-image-preview:large","max-video-preview":"max-video-preview:-1"},"canonical":"https:\/\/redkarawana.com\/fr\/artisan\/robe-orientale-rouge-liban\/","og_locale":"fr_FR","og_type":"article","og_title":"Robe Orientale Rouge, Liban - \u00c9clectique - Red Karawana","og_description":"Le Robe Orientale Rouge, longue jusqu\u2019au pied se porte ample au corps. Une belle bordure et de petites pierres rouges sont cousues \u00e0 la main.","og_url":"https:\/\/redkarawana.com\/fr\/artisan\/robe-orientale-rouge-liban\/","og_site_name":"Red Karawana","article_publisher":"https:\/\/www.facebook.com\/redkarawana\/","og_image":[{"width":1200,"height":630,"url":"https:\/\/redkarawana.com\/wp-content\/uploads\/2024\/05\/1-AAP-F1200x630-Lebanon-Red-Oriental-Robe.jpg","type":"image\/jpeg"}],"twitter_card":"summary_large_image","twitter_misc":{"Dur\u00e9e de lecture estim\u00e9e":"1 minute"},"schema":{"@context":"https:\/\/schema.org","@graph":[{"@type":"WebPage","@id":"https:\/\/redkarawana.com\/fr\/artisan\/robe-orientale-rouge-liban\/","url":"https:\/\/redkarawana.com\/fr\/artisan\/robe-orientale-rouge-liban\/","name":"Robe Orientale Rouge, Liban - \u00c9clectique - Red Karawana","isPartOf":{"@id":"https:\/\/redkarawana.com\/#website"},"primaryImageOfPage":{"@id":"https:\/\/redkarawana.com\/fr\/artisan\/robe-orientale-rouge-liban\/#primaryimage"},"image":{"@id":"https:\/\/redkarawana.com\/fr\/artisan\/robe-orientale-rouge-liban\/#primaryimage"},"thumbnailUrl":"https:\/\/redkarawana.com\/wp-content\/uploads\/2024\/05\/1-SP-Lebanon-Red-Oriental-Robe.jpg","datePublished":"2025-11-29T20:40:20+00:00","description":"Le Robe Orientale Rouge, longue jusqu\u2019au pied se porte ample au corps. Une belle bordure et de petites pierres rouges sont cousues \u00e0 la main.","breadcrumb":{"@id":"https:\/\/redkarawana.com\/fr\/artisan\/robe-orientale-rouge-liban\/#breadcrumb"},"inLanguage":"fr-FR","potentialAction":[{"@type":"ReadAction","target":["https:\/\/redkarawana.com\/fr\/artisan\/robe-orientale-rouge-liban\/"]}]},{"@type":"ImageObject","inLanguage":"fr-FR","@id":"https:\/\/redkarawana.com\/fr\/artisan\/robe-orientale-rouge-liban\/#primaryimage","url":"https:\/\/redkarawana.com\/wp-content\/uploads\/2024\/05\/1-SP-Lebanon-Red-Oriental-Robe.jpg","contentUrl":"https:\/\/redkarawana.com\/wp-content\/uploads\/2024\/05\/1-SP-Lebanon-Red-Oriental-Robe.jpg","width":680,"height":453,"caption":"Liban, Robe Orientale Rouge"},{"@type":"BreadcrumbList","@id":"https:\/\/redkarawana.com\/fr\/artisan\/robe-orientale-rouge-liban\/#breadcrumb","itemListElement":[{"@type":"ListItem","position":1,"name":"Home","item":"https:\/\/redkarawana.com\/fr\/"},{"@type":"ListItem","position":2,"name":"Artisans","item":"https:\/\/redkarawana.com\/fr\/artisans\/"},{"@type":"ListItem","position":3,"name":"Robe Longue Orientale Rouge, Liban ; Motif D\u00e9coratif, Douceur du Tissu"}]},{"@type":"WebSite","@id":"https:\/\/redkarawana.com\/#website","url":"https:\/\/redkarawana.com\/","name":"Red Karawana","description":"","publisher":{"@id":"https:\/\/redkarawana.com\/#organization"},"potentialAction":[{"@type":"SearchAction","target":{"@type":"EntryPoint","urlTemplate":"https:\/\/redkarawana.com\/?s={search_term_string}"},"query-input":{"@type":"PropertyValueSpecification","valueRequired":true,"valueName":"search_term_string"}}],"inLanguage":"fr-FR"},{"@type":"Organization","@id":"https:\/\/redkarawana.com\/#organization","name":"Red Karawana","url":"https:\/\/redkarawana.com\/","logo":{"@type":"ImageObject","inLanguage":"fr-FR","@id":"https:\/\/redkarawana.com\/#\/schema\/logo\/image\/","url":"https:\/\/redkarawana.com\/wp-content\/uploads\/2025\/05\/cropped-Screenshot-2025-05-29-at-09.27.38.png","contentUrl":"https:\/\/redkarawana.com\/wp-content\/uploads\/2025\/05\/cropped-Screenshot-2025-05-29-at-09.27.38.png","width":512,"height":512,"caption":"Red Karawana"},"image":{"@id":"https:\/\/redkarawana.com\/#\/schema\/logo\/image\/"},"sameAs":["https:\/\/www.facebook.com\/redkarawana\/","https:\/\/www.instagram.com\/redkarawana\/","https:\/\/www.youtube.com\/channel\/UCU9jXzSmyKm4ZZv38FEXGKg","https:\/\/www.pinterest.com\/redkarawana\/"]}]}},"_links":{"self":[{"href":"https:\/\/redkarawana.com\/fr\/wp-json\/wp\/v2\/product\/3564","targetHints":{"allow":["GET"]}}],"collection":[{"href":"https:\/\/redkarawana.com\/fr\/wp-json\/wp\/v2\/product"}],"about":[{"href":"https:\/\/redkarawana.com\/fr\/wp-json\/wp\/v2\/types\/product"}],"wp:featuredmedia":[{"embeddable":true,"href":"https:\/\/redkarawana.com\/fr\/wp-json\/wp\/v2\/media\/3548"}],"wp:attachment":[{"href":"https:\/\/redkarawana.com\/fr\/wp-json\/wp\/v2\/media?parent=3564"}],"wp:term":[{"taxonomy":"product_brand","embeddable":true,"href":"https:\/\/redkarawana.com\/fr\/wp-json\/wp\/v2\/product_brand?post=3564"},{"taxonomy":"product_cat","embeddable":true,"href":"https:\/\/redkarawana.com\/fr\/wp-json\/wp\/v2\/product_cat?post=3564"},{"taxonomy":"product_tag","embeddable":true,"href":"https:\/\/redkarawana.com\/fr\/wp-json\/wp\/v2\/product_tag?post=3564"}],"curies":[{"name":"wp","href":"https:\/\/api.w.org\/{rel}","templated":true}]}}