{"id":3622,"date":"2025-11-29T21:00:27","date_gmt":"2025-11-29T21:00:27","guid":{"rendered":"https:\/\/redkarawana.com\/?post_type=product&#038;p=3622"},"modified":"2024-05-13T03:17:27","modified_gmt":"2024-05-13T03:17:27","slug":"robe-de-plage-inde","status":"publish","type":"product","link":"https:\/\/redkarawana.com\/fr\/artisan\/robe-de-plage-inde\/","title":{"rendered":"Robe de Plage, Inde ; \u00c9l\u00e9gant Caftan \u00e0 Motifs Floraux Accentu\u00e9 de Cristaux"},"content":{"rendered":"<p>Notre voyage \u00e0 travers l&rsquo;Asie explore ses magnifiques c\u00f4tes, ses paysages spectaculaires et ses cultures fascinantes. Les paysages, cultures et traditions sont m\u00e9moris\u00e9s en des tissus nombreux et vari\u00e9s. Des textiles de qualit\u00e9 sup\u00e9rieure sont utilis\u00e9s pour cr\u00e9er des couvre-lits tout en couleurs, des tapisseries traditionnelles ainsi que des habits en vogue. Notre robe de plage ressemble \u00e0 un caftan traditionnel et est accentu\u00e9e d&rsquo;un magnifique motif floral. Notre robe de plage fut confectionn\u00e9e en Inde et est une tenue d&rsquo;\u00e9t\u00e9 id\u00e9ale pour les femmes. Mesures : robe de plage (hauteur 44 pouces, largeur 41 pouces).<\/p>\n","protected":false},"excerpt":{"rendered":"<p>Notre voyage \u00e0 travers l&rsquo;Asie explore ses magnifiques c\u00f4tes, ses paysages spectaculaires et ses cultures fascinantes. Les paysages, cultures et traditions sont m\u00e9moris\u00e9s en des tissus nombreux et vari\u00e9s. Des textiles de qualit\u00e9 sup\u00e9rieure sont utilis\u00e9s pour cr\u00e9er des couvre-lits tout en couleurs, des tapisseries traditionnelles ainsi que des habits en vogue. Notre robe de [&hellip;]<\/p>\n","protected":false},"featured_media":3598,"template":"","meta":{"_acf_changed":false},"product_brand":[],"product_cat":[51],"product_tag":[],"class_list":{"0":"post-3622","1":"product","2":"type-product","3":"status-publish","4":"has-post-thumbnail","6":"product_cat-eclectique","8":"first","9":"instock","10":"sold-individually","11":"taxable","12":"shipping-taxable","13":"purchasable","14":"product-type-simple"},"acf":[],"yoast_head":"<!-- This site is optimized with the Yoast SEO plugin v27.3 - https:\/\/yoast.com\/product\/yoast-seo-wordpress\/ -->\n<title>Robe de Plage \u00e0 Motifs Floraux - \u00c9clectique - Red Karawana<\/title>\n<meta name=\"description\" content=\"Notre robe de plage ressemble \u00e0 un caftan traditionnel et est accentu\u00e9e d&#039;un motif floral. Notre robe de plage fut confectionn\u00e9e en Inde.\" \/>\n<meta name=\"robots\" content=\"index, follow, max-snippet:-1, max-image-preview:large, max-video-preview:-1\" \/>\n<link rel=\"canonical\" href=\"https:\/\/redkarawana.com\/fr\/artisan\/robe-de-plage-inde\/\" \/>\n<meta property=\"og:locale\" content=\"fr_FR\" \/>\n<meta property=\"og:type\" content=\"article\" \/>\n<meta property=\"og:title\" content=\"Robe de Plage \u00e0 Motifs Floraux - \u00c9clectique - Red Karawana\" \/>\n<meta property=\"og:description\" content=\"Notre robe de plage ressemble \u00e0 un caftan traditionnel et est accentu\u00e9e d&#039;un motif floral. Notre robe de plage fut confectionn\u00e9e en Inde.\" \/>\n<meta property=\"og:url\" content=\"https:\/\/redkarawana.com\/fr\/artisan\/robe-de-plage-inde\/\" \/>\n<meta property=\"og:site_name\" content=\"Red Karawana\" \/>\n<meta property=\"article:publisher\" content=\"https:\/\/www.facebook.com\/redkarawana\/\" \/>\n<meta property=\"og:image\" content=\"https:\/\/redkarawana.com\/wp-content\/uploads\/2024\/05\/1-AAP-F1200x630-India-Beach-Dress.jpg\" \/>\n\t<meta property=\"og:image:width\" content=\"1200\" \/>\n\t<meta property=\"og:image:height\" content=\"630\" \/>\n\t<meta property=\"og:image:type\" content=\"image\/jpeg\" \/>\n<meta name=\"twitter:card\" content=\"summary_large_image\" \/>\n<meta name=\"twitter:label1\" content=\"Dur\u00e9e de lecture estim\u00e9e\" \/>\n\t<meta name=\"twitter:data1\" content=\"1 minute\" \/>\n<script type=\"application\/ld+json\" class=\"yoast-schema-graph\">{\"@context\":\"https:\\\/\\\/schema.org\",\"@graph\":[{\"@type\":\"WebPage\",\"@id\":\"https:\\\/\\\/redkarawana.com\\\/fr\\\/artisan\\\/robe-de-plage-inde\\\/\",\"url\":\"https:\\\/\\\/redkarawana.com\\\/fr\\\/artisan\\\/robe-de-plage-inde\\\/\",\"name\":\"Robe de Plage \u00e0 Motifs Floraux - \u00c9clectique - Red Karawana\",\"isPartOf\":{\"@id\":\"https:\\\/\\\/redkarawana.com\\\/#website\"},\"primaryImageOfPage\":{\"@id\":\"https:\\\/\\\/redkarawana.com\\\/fr\\\/artisan\\\/robe-de-plage-inde\\\/#primaryimage\"},\"image\":{\"@id\":\"https:\\\/\\\/redkarawana.com\\\/fr\\\/artisan\\\/robe-de-plage-inde\\\/#primaryimage\"},\"thumbnailUrl\":\"https:\\\/\\\/redkarawana.com\\\/wp-content\\\/uploads\\\/2024\\\/05\\\/1-SP-India-Beach-Dress.jpg\",\"datePublished\":\"2025-11-29T21:00:27+00:00\",\"description\":\"Notre robe de plage ressemble \u00e0 un caftan traditionnel et est accentu\u00e9e d'un motif floral. Notre robe de plage fut confectionn\u00e9e en Inde.\",\"breadcrumb\":{\"@id\":\"https:\\\/\\\/redkarawana.com\\\/fr\\\/artisan\\\/robe-de-plage-inde\\\/#breadcrumb\"},\"inLanguage\":\"fr-FR\",\"potentialAction\":[{\"@type\":\"ReadAction\",\"target\":[\"https:\\\/\\\/redkarawana.com\\\/fr\\\/artisan\\\/robe-de-plage-inde\\\/\"]}]},{\"@type\":\"ImageObject\",\"inLanguage\":\"fr-FR\",\"@id\":\"https:\\\/\\\/redkarawana.com\\\/fr\\\/artisan\\\/robe-de-plage-inde\\\/#primaryimage\",\"url\":\"https:\\\/\\\/redkarawana.com\\\/wp-content\\\/uploads\\\/2024\\\/05\\\/1-SP-India-Beach-Dress.jpg\",\"contentUrl\":\"https:\\\/\\\/redkarawana.com\\\/wp-content\\\/uploads\\\/2024\\\/05\\\/1-SP-India-Beach-Dress.jpg\",\"width\":680,\"height\":453,\"caption\":\"Inde, Robe de Plage\"},{\"@type\":\"BreadcrumbList\",\"@id\":\"https:\\\/\\\/redkarawana.com\\\/fr\\\/artisan\\\/robe-de-plage-inde\\\/#breadcrumb\",\"itemListElement\":[{\"@type\":\"ListItem\",\"position\":1,\"name\":\"Home\",\"item\":\"https:\\\/\\\/redkarawana.com\\\/fr\\\/\"},{\"@type\":\"ListItem\",\"position\":2,\"name\":\"Artisans\",\"item\":\"https:\\\/\\\/redkarawana.com\\\/fr\\\/artisans\\\/\"},{\"@type\":\"ListItem\",\"position\":3,\"name\":\"Robe de Plage, Inde ; \u00c9l\u00e9gant Caftan \u00e0 Motifs Floraux Accentu\u00e9 de Cristaux\"}]},{\"@type\":\"WebSite\",\"@id\":\"https:\\\/\\\/redkarawana.com\\\/#website\",\"url\":\"https:\\\/\\\/redkarawana.com\\\/\",\"name\":\"Red Karawana\",\"description\":\"\",\"publisher\":{\"@id\":\"https:\\\/\\\/redkarawana.com\\\/#organization\"},\"potentialAction\":[{\"@type\":\"SearchAction\",\"target\":{\"@type\":\"EntryPoint\",\"urlTemplate\":\"https:\\\/\\\/redkarawana.com\\\/?s={search_term_string}\"},\"query-input\":{\"@type\":\"PropertyValueSpecification\",\"valueRequired\":true,\"valueName\":\"search_term_string\"}}],\"inLanguage\":\"fr-FR\"},{\"@type\":\"Organization\",\"@id\":\"https:\\\/\\\/redkarawana.com\\\/#organization\",\"name\":\"Red Karawana\",\"url\":\"https:\\\/\\\/redkarawana.com\\\/\",\"logo\":{\"@type\":\"ImageObject\",\"inLanguage\":\"fr-FR\",\"@id\":\"https:\\\/\\\/redkarawana.com\\\/#\\\/schema\\\/logo\\\/image\\\/\",\"url\":\"https:\\\/\\\/redkarawana.com\\\/wp-content\\\/uploads\\\/2025\\\/05\\\/cropped-Screenshot-2025-05-29-at-09.27.38.png\",\"contentUrl\":\"https:\\\/\\\/redkarawana.com\\\/wp-content\\\/uploads\\\/2025\\\/05\\\/cropped-Screenshot-2025-05-29-at-09.27.38.png\",\"width\":512,\"height\":512,\"caption\":\"Red Karawana\"},\"image\":{\"@id\":\"https:\\\/\\\/redkarawana.com\\\/#\\\/schema\\\/logo\\\/image\\\/\"},\"sameAs\":[\"https:\\\/\\\/www.facebook.com\\\/redkarawana\\\/\",\"https:\\\/\\\/www.instagram.com\\\/redkarawana\\\/\",\"https:\\\/\\\/www.youtube.com\\\/channel\\\/UCU9jXzSmyKm4ZZv38FEXGKg\",\"https:\\\/\\\/www.pinterest.com\\\/redkarawana\\\/\"]}]}<\/script>\n<!-- \/ Yoast SEO plugin. -->","yoast_head_json":{"title":"Robe de Plage \u00e0 Motifs Floraux - \u00c9clectique - Red Karawana","description":"Notre robe de plage ressemble \u00e0 un caftan traditionnel et est accentu\u00e9e d'un motif floral. Notre robe de plage fut confectionn\u00e9e en Inde.","robots":{"index":"index","follow":"follow","max-snippet":"max-snippet:-1","max-image-preview":"max-image-preview:large","max-video-preview":"max-video-preview:-1"},"canonical":"https:\/\/redkarawana.com\/fr\/artisan\/robe-de-plage-inde\/","og_locale":"fr_FR","og_type":"article","og_title":"Robe de Plage \u00e0 Motifs Floraux - \u00c9clectique - Red Karawana","og_description":"Notre robe de plage ressemble \u00e0 un caftan traditionnel et est accentu\u00e9e d'un motif floral. Notre robe de plage fut confectionn\u00e9e en Inde.","og_url":"https:\/\/redkarawana.com\/fr\/artisan\/robe-de-plage-inde\/","og_site_name":"Red Karawana","article_publisher":"https:\/\/www.facebook.com\/redkarawana\/","og_image":[{"width":1200,"height":630,"url":"https:\/\/redkarawana.com\/wp-content\/uploads\/2024\/05\/1-AAP-F1200x630-India-Beach-Dress.jpg","type":"image\/jpeg"}],"twitter_card":"summary_large_image","twitter_misc":{"Dur\u00e9e de lecture estim\u00e9e":"1 minute"},"schema":{"@context":"https:\/\/schema.org","@graph":[{"@type":"WebPage","@id":"https:\/\/redkarawana.com\/fr\/artisan\/robe-de-plage-inde\/","url":"https:\/\/redkarawana.com\/fr\/artisan\/robe-de-plage-inde\/","name":"Robe de Plage \u00e0 Motifs Floraux - \u00c9clectique - Red Karawana","isPartOf":{"@id":"https:\/\/redkarawana.com\/#website"},"primaryImageOfPage":{"@id":"https:\/\/redkarawana.com\/fr\/artisan\/robe-de-plage-inde\/#primaryimage"},"image":{"@id":"https:\/\/redkarawana.com\/fr\/artisan\/robe-de-plage-inde\/#primaryimage"},"thumbnailUrl":"https:\/\/redkarawana.com\/wp-content\/uploads\/2024\/05\/1-SP-India-Beach-Dress.jpg","datePublished":"2025-11-29T21:00:27+00:00","description":"Notre robe de plage ressemble \u00e0 un caftan traditionnel et est accentu\u00e9e d'un motif floral. Notre robe de plage fut confectionn\u00e9e en Inde.","breadcrumb":{"@id":"https:\/\/redkarawana.com\/fr\/artisan\/robe-de-plage-inde\/#breadcrumb"},"inLanguage":"fr-FR","potentialAction":[{"@type":"ReadAction","target":["https:\/\/redkarawana.com\/fr\/artisan\/robe-de-plage-inde\/"]}]},{"@type":"ImageObject","inLanguage":"fr-FR","@id":"https:\/\/redkarawana.com\/fr\/artisan\/robe-de-plage-inde\/#primaryimage","url":"https:\/\/redkarawana.com\/wp-content\/uploads\/2024\/05\/1-SP-India-Beach-Dress.jpg","contentUrl":"https:\/\/redkarawana.com\/wp-content\/uploads\/2024\/05\/1-SP-India-Beach-Dress.jpg","width":680,"height":453,"caption":"Inde, Robe de Plage"},{"@type":"BreadcrumbList","@id":"https:\/\/redkarawana.com\/fr\/artisan\/robe-de-plage-inde\/#breadcrumb","itemListElement":[{"@type":"ListItem","position":1,"name":"Home","item":"https:\/\/redkarawana.com\/fr\/"},{"@type":"ListItem","position":2,"name":"Artisans","item":"https:\/\/redkarawana.com\/fr\/artisans\/"},{"@type":"ListItem","position":3,"name":"Robe de Plage, Inde ; \u00c9l\u00e9gant Caftan \u00e0 Motifs Floraux Accentu\u00e9 de Cristaux"}]},{"@type":"WebSite","@id":"https:\/\/redkarawana.com\/#website","url":"https:\/\/redkarawana.com\/","name":"Red Karawana","description":"","publisher":{"@id":"https:\/\/redkarawana.com\/#organization"},"potentialAction":[{"@type":"SearchAction","target":{"@type":"EntryPoint","urlTemplate":"https:\/\/redkarawana.com\/?s={search_term_string}"},"query-input":{"@type":"PropertyValueSpecification","valueRequired":true,"valueName":"search_term_string"}}],"inLanguage":"fr-FR"},{"@type":"Organization","@id":"https:\/\/redkarawana.com\/#organization","name":"Red Karawana","url":"https:\/\/redkarawana.com\/","logo":{"@type":"ImageObject","inLanguage":"fr-FR","@id":"https:\/\/redkarawana.com\/#\/schema\/logo\/image\/","url":"https:\/\/redkarawana.com\/wp-content\/uploads\/2025\/05\/cropped-Screenshot-2025-05-29-at-09.27.38.png","contentUrl":"https:\/\/redkarawana.com\/wp-content\/uploads\/2025\/05\/cropped-Screenshot-2025-05-29-at-09.27.38.png","width":512,"height":512,"caption":"Red Karawana"},"image":{"@id":"https:\/\/redkarawana.com\/#\/schema\/logo\/image\/"},"sameAs":["https:\/\/www.facebook.com\/redkarawana\/","https:\/\/www.instagram.com\/redkarawana\/","https:\/\/www.youtube.com\/channel\/UCU9jXzSmyKm4ZZv38FEXGKg","https:\/\/www.pinterest.com\/redkarawana\/"]}]}},"_links":{"self":[{"href":"https:\/\/redkarawana.com\/fr\/wp-json\/wp\/v2\/product\/3622","targetHints":{"allow":["GET"]}}],"collection":[{"href":"https:\/\/redkarawana.com\/fr\/wp-json\/wp\/v2\/product"}],"about":[{"href":"https:\/\/redkarawana.com\/fr\/wp-json\/wp\/v2\/types\/product"}],"wp:featuredmedia":[{"embeddable":true,"href":"https:\/\/redkarawana.com\/fr\/wp-json\/wp\/v2\/media\/3598"}],"wp:attachment":[{"href":"https:\/\/redkarawana.com\/fr\/wp-json\/wp\/v2\/media?parent=3622"}],"wp:term":[{"taxonomy":"product_brand","embeddable":true,"href":"https:\/\/redkarawana.com\/fr\/wp-json\/wp\/v2\/product_brand?post=3622"},{"taxonomy":"product_cat","embeddable":true,"href":"https:\/\/redkarawana.com\/fr\/wp-json\/wp\/v2\/product_cat?post=3622"},{"taxonomy":"product_tag","embeddable":true,"href":"https:\/\/redkarawana.com\/fr\/wp-json\/wp\/v2\/product_tag?post=3622"}],"curies":[{"name":"wp","href":"https:\/\/api.w.org\/{rel}","templated":true}]}}