{"id":3658,"date":"2025-11-29T21:10:49","date_gmt":"2025-11-29T21:10:49","guid":{"rendered":"https:\/\/redkarawana.com\/?post_type=product&#038;p=3658"},"modified":"2025-12-07T07:39:08","modified_gmt":"2025-12-07T07:39:08","slug":"plat-four-ceramique-pologne","status":"publish","type":"product","link":"https:\/\/redkarawana.com\/fr\/artisan\/plat-four-ceramique-pologne\/","title":{"rendered":"Plat \u00e0 Four en C\u00e9ramique, Pologne ; C\u00e9ramique Bleu Peinte \u00e0 la Main"},"content":{"rendered":"<p>En Pologne, dans la r\u00e9gion de Sil\u00e9sie inf\u00e9rieure, la ville de Boles\u0142awiec pr\u00e9serve ses vieilles traditions de fabrication de poterie.\u00a0 Les ateliers en c\u00e9ramique produisent une tr\u00e8s belle poterie utilisant des motifs d&rsquo;art populaire et des illustrations originales peintes \u00e0 la main.\u00a0 Le plat a four en c\u00e9ramique bleu, d&rsquo;un art de haute qualit\u00e9, r\u00e9v\u00e8le une vraie maitrise par l&rsquo;artisan de son m\u00e9tier, avec cette fleur de conception complexe, peinte avec pr\u00e9cision \u00e0 la main.\u00a0 Ce beau plat rond est une vraie cr\u00e9ation artisanale, en gr\u00e8s et form\u00e9 \u00e0 la main.\u00a0 Le produit est utilisable pour l&rsquo;alimentation, va au four et est lavable au lave-vaisselle.\u00a0 Ensemble : 1 grand plat \u00e0 four en c\u00e9ramique bleu (hauteur 13 pouces, largeur 13 pouces).<\/p>\n","protected":false},"excerpt":{"rendered":"<p>En Pologne, dans la r\u00e9gion de Sil\u00e9sie inf\u00e9rieure, la ville de Boles\u0142awiec pr\u00e9serve ses vieilles traditions de fabrication de poterie.\u00a0 Les ateliers en c\u00e9ramique produisent une tr\u00e8s belle poterie utilisant des motifs d&rsquo;art populaire et des illustrations originales peintes \u00e0 la main.\u00a0 Le plat a four en c\u00e9ramique bleu, d&rsquo;un art de haute qualit\u00e9, r\u00e9v\u00e8le [&hellip;]<\/p>\n","protected":false},"featured_media":3619,"template":"","meta":{"_acf_changed":false},"product_brand":[],"product_cat":[50],"product_tag":[],"class_list":{"0":"post-3658","1":"product","2":"type-product","3":"status-publish","4":"has-post-thumbnail","6":"product_cat-fonctionnel","8":"first","9":"instock","10":"sold-individually","11":"taxable","12":"shipping-taxable","13":"purchasable","14":"product-type-simple"},"acf":[],"yoast_head":"<!-- This site is optimized with the Yoast SEO plugin v27.3 - https:\/\/yoast.com\/product\/yoast-seo-wordpress\/ -->\n<title>Plat a Four en C\u00e9ramique, Pologne - Fonctionnel - Red Karawana<\/title>\n<meta name=\"description\" content=\"Le plat a four en c\u00e9ramique, la creation artisanale, r\u00e9v\u00e8le une poterie utilisant des motifs d&#039;art populaire et des illustrations originales.\" \/>\n<meta name=\"robots\" content=\"index, follow, max-snippet:-1, max-image-preview:large, max-video-preview:-1\" \/>\n<link rel=\"canonical\" href=\"https:\/\/redkarawana.com\/fr\/artisan\/plat-four-ceramique-pologne\/\" \/>\n<meta property=\"og:locale\" content=\"fr_FR\" \/>\n<meta property=\"og:type\" content=\"article\" \/>\n<meta property=\"og:title\" content=\"Plat a Four en C\u00e9ramique, Pologne - Fonctionnel - Red Karawana\" \/>\n<meta property=\"og:description\" content=\"Le plat a four en c\u00e9ramique, la creation artisanale, r\u00e9v\u00e8le une poterie utilisant des motifs d&#039;art populaire et des illustrations originales.\" \/>\n<meta property=\"og:url\" content=\"https:\/\/redkarawana.com\/fr\/artisan\/plat-four-ceramique-pologne\/\" \/>\n<meta property=\"og:site_name\" content=\"Red Karawana\" \/>\n<meta property=\"article:publisher\" content=\"https:\/\/www.facebook.com\/redkarawana\/\" \/>\n<meta property=\"article:modified_time\" content=\"2025-12-07T07:39:08+00:00\" \/>\n<meta property=\"og:image\" content=\"https:\/\/redkarawana.com\/wp-content\/uploads\/2024\/05\/1-AAP-F1200x630-Poland-Blue-Ceramic-Baking-Platter.jpg\" \/>\n\t<meta property=\"og:image:width\" content=\"1200\" \/>\n\t<meta property=\"og:image:height\" content=\"630\" \/>\n\t<meta property=\"og:image:type\" content=\"image\/jpeg\" \/>\n<meta name=\"twitter:card\" content=\"summary_large_image\" \/>\n<meta name=\"twitter:label1\" content=\"Dur\u00e9e de lecture estim\u00e9e\" \/>\n\t<meta name=\"twitter:data1\" content=\"1 minute\" \/>\n<script type=\"application\/ld+json\" class=\"yoast-schema-graph\">{\"@context\":\"https:\\\/\\\/schema.org\",\"@graph\":[{\"@type\":\"WebPage\",\"@id\":\"https:\\\/\\\/redkarawana.com\\\/fr\\\/artisan\\\/plat-four-ceramique-pologne\\\/\",\"url\":\"https:\\\/\\\/redkarawana.com\\\/fr\\\/artisan\\\/plat-four-ceramique-pologne\\\/\",\"name\":\"Plat a Four en C\u00e9ramique, Pologne - Fonctionnel - Red Karawana\",\"isPartOf\":{\"@id\":\"https:\\\/\\\/redkarawana.com\\\/#website\"},\"primaryImageOfPage\":{\"@id\":\"https:\\\/\\\/redkarawana.com\\\/fr\\\/artisan\\\/plat-four-ceramique-pologne\\\/#primaryimage\"},\"image\":{\"@id\":\"https:\\\/\\\/redkarawana.com\\\/fr\\\/artisan\\\/plat-four-ceramique-pologne\\\/#primaryimage\"},\"thumbnailUrl\":\"https:\\\/\\\/redkarawana.com\\\/wp-content\\\/uploads\\\/2024\\\/05\\\/1-SP-Poland-Blue-Ceramic-Baking-Platter.jpg\",\"datePublished\":\"2025-11-29T21:10:49+00:00\",\"dateModified\":\"2025-12-07T07:39:08+00:00\",\"description\":\"Le plat a four en c\u00e9ramique, la creation artisanale, r\u00e9v\u00e8le une poterie utilisant des motifs d'art populaire et des illustrations originales.\",\"breadcrumb\":{\"@id\":\"https:\\\/\\\/redkarawana.com\\\/fr\\\/artisan\\\/plat-four-ceramique-pologne\\\/#breadcrumb\"},\"inLanguage\":\"fr-FR\",\"potentialAction\":[{\"@type\":\"ReadAction\",\"target\":[\"https:\\\/\\\/redkarawana.com\\\/fr\\\/artisan\\\/plat-four-ceramique-pologne\\\/\"]}]},{\"@type\":\"ImageObject\",\"inLanguage\":\"fr-FR\",\"@id\":\"https:\\\/\\\/redkarawana.com\\\/fr\\\/artisan\\\/plat-four-ceramique-pologne\\\/#primaryimage\",\"url\":\"https:\\\/\\\/redkarawana.com\\\/wp-content\\\/uploads\\\/2024\\\/05\\\/1-SP-Poland-Blue-Ceramic-Baking-Platter.jpg\",\"contentUrl\":\"https:\\\/\\\/redkarawana.com\\\/wp-content\\\/uploads\\\/2024\\\/05\\\/1-SP-Poland-Blue-Ceramic-Baking-Platter.jpg\",\"width\":680,\"height\":453,\"caption\":\"Pologne, Plat a Four en C\u00e9ramique\"},{\"@type\":\"BreadcrumbList\",\"@id\":\"https:\\\/\\\/redkarawana.com\\\/fr\\\/artisan\\\/plat-four-ceramique-pologne\\\/#breadcrumb\",\"itemListElement\":[{\"@type\":\"ListItem\",\"position\":1,\"name\":\"Home\",\"item\":\"https:\\\/\\\/redkarawana.com\\\/fr\\\/\"},{\"@type\":\"ListItem\",\"position\":2,\"name\":\"Artisans\",\"item\":\"https:\\\/\\\/redkarawana.com\\\/fr\\\/artisans\\\/\"},{\"@type\":\"ListItem\",\"position\":3,\"name\":\"Plat \u00e0 Four en C\u00e9ramique, Pologne ; C\u00e9ramique Bleu Peinte \u00e0 la Main\"}]},{\"@type\":\"WebSite\",\"@id\":\"https:\\\/\\\/redkarawana.com\\\/#website\",\"url\":\"https:\\\/\\\/redkarawana.com\\\/\",\"name\":\"Red Karawana\",\"description\":\"\",\"publisher\":{\"@id\":\"https:\\\/\\\/redkarawana.com\\\/#organization\"},\"potentialAction\":[{\"@type\":\"SearchAction\",\"target\":{\"@type\":\"EntryPoint\",\"urlTemplate\":\"https:\\\/\\\/redkarawana.com\\\/?s={search_term_string}\"},\"query-input\":{\"@type\":\"PropertyValueSpecification\",\"valueRequired\":true,\"valueName\":\"search_term_string\"}}],\"inLanguage\":\"fr-FR\"},{\"@type\":\"Organization\",\"@id\":\"https:\\\/\\\/redkarawana.com\\\/#organization\",\"name\":\"Red Karawana\",\"url\":\"https:\\\/\\\/redkarawana.com\\\/\",\"logo\":{\"@type\":\"ImageObject\",\"inLanguage\":\"fr-FR\",\"@id\":\"https:\\\/\\\/redkarawana.com\\\/#\\\/schema\\\/logo\\\/image\\\/\",\"url\":\"https:\\\/\\\/redkarawana.com\\\/wp-content\\\/uploads\\\/2025\\\/05\\\/cropped-Screenshot-2025-05-29-at-09.27.38.png\",\"contentUrl\":\"https:\\\/\\\/redkarawana.com\\\/wp-content\\\/uploads\\\/2025\\\/05\\\/cropped-Screenshot-2025-05-29-at-09.27.38.png\",\"width\":512,\"height\":512,\"caption\":\"Red Karawana\"},\"image\":{\"@id\":\"https:\\\/\\\/redkarawana.com\\\/#\\\/schema\\\/logo\\\/image\\\/\"},\"sameAs\":[\"https:\\\/\\\/www.facebook.com\\\/redkarawana\\\/\",\"https:\\\/\\\/www.instagram.com\\\/redkarawana\\\/\",\"https:\\\/\\\/www.youtube.com\\\/channel\\\/UCU9jXzSmyKm4ZZv38FEXGKg\",\"https:\\\/\\\/www.pinterest.com\\\/redkarawana\\\/\"]}]}<\/script>\n<!-- \/ Yoast SEO plugin. -->","yoast_head_json":{"title":"Plat a Four en C\u00e9ramique, Pologne - Fonctionnel - Red Karawana","description":"Le plat a four en c\u00e9ramique, la creation artisanale, r\u00e9v\u00e8le une poterie utilisant des motifs d'art populaire et des illustrations originales.","robots":{"index":"index","follow":"follow","max-snippet":"max-snippet:-1","max-image-preview":"max-image-preview:large","max-video-preview":"max-video-preview:-1"},"canonical":"https:\/\/redkarawana.com\/fr\/artisan\/plat-four-ceramique-pologne\/","og_locale":"fr_FR","og_type":"article","og_title":"Plat a Four en C\u00e9ramique, Pologne - Fonctionnel - Red Karawana","og_description":"Le plat a four en c\u00e9ramique, la creation artisanale, r\u00e9v\u00e8le une poterie utilisant des motifs d'art populaire et des illustrations originales.","og_url":"https:\/\/redkarawana.com\/fr\/artisan\/plat-four-ceramique-pologne\/","og_site_name":"Red Karawana","article_publisher":"https:\/\/www.facebook.com\/redkarawana\/","article_modified_time":"2025-12-07T07:39:08+00:00","og_image":[{"width":1200,"height":630,"url":"https:\/\/redkarawana.com\/wp-content\/uploads\/2024\/05\/1-AAP-F1200x630-Poland-Blue-Ceramic-Baking-Platter.jpg","type":"image\/jpeg"}],"twitter_card":"summary_large_image","twitter_misc":{"Dur\u00e9e de lecture estim\u00e9e":"1 minute"},"schema":{"@context":"https:\/\/schema.org","@graph":[{"@type":"WebPage","@id":"https:\/\/redkarawana.com\/fr\/artisan\/plat-four-ceramique-pologne\/","url":"https:\/\/redkarawana.com\/fr\/artisan\/plat-four-ceramique-pologne\/","name":"Plat a Four en C\u00e9ramique, Pologne - Fonctionnel - Red Karawana","isPartOf":{"@id":"https:\/\/redkarawana.com\/#website"},"primaryImageOfPage":{"@id":"https:\/\/redkarawana.com\/fr\/artisan\/plat-four-ceramique-pologne\/#primaryimage"},"image":{"@id":"https:\/\/redkarawana.com\/fr\/artisan\/plat-four-ceramique-pologne\/#primaryimage"},"thumbnailUrl":"https:\/\/redkarawana.com\/wp-content\/uploads\/2024\/05\/1-SP-Poland-Blue-Ceramic-Baking-Platter.jpg","datePublished":"2025-11-29T21:10:49+00:00","dateModified":"2025-12-07T07:39:08+00:00","description":"Le plat a four en c\u00e9ramique, la creation artisanale, r\u00e9v\u00e8le une poterie utilisant des motifs d'art populaire et des illustrations originales.","breadcrumb":{"@id":"https:\/\/redkarawana.com\/fr\/artisan\/plat-four-ceramique-pologne\/#breadcrumb"},"inLanguage":"fr-FR","potentialAction":[{"@type":"ReadAction","target":["https:\/\/redkarawana.com\/fr\/artisan\/plat-four-ceramique-pologne\/"]}]},{"@type":"ImageObject","inLanguage":"fr-FR","@id":"https:\/\/redkarawana.com\/fr\/artisan\/plat-four-ceramique-pologne\/#primaryimage","url":"https:\/\/redkarawana.com\/wp-content\/uploads\/2024\/05\/1-SP-Poland-Blue-Ceramic-Baking-Platter.jpg","contentUrl":"https:\/\/redkarawana.com\/wp-content\/uploads\/2024\/05\/1-SP-Poland-Blue-Ceramic-Baking-Platter.jpg","width":680,"height":453,"caption":"Pologne, Plat a Four en C\u00e9ramique"},{"@type":"BreadcrumbList","@id":"https:\/\/redkarawana.com\/fr\/artisan\/plat-four-ceramique-pologne\/#breadcrumb","itemListElement":[{"@type":"ListItem","position":1,"name":"Home","item":"https:\/\/redkarawana.com\/fr\/"},{"@type":"ListItem","position":2,"name":"Artisans","item":"https:\/\/redkarawana.com\/fr\/artisans\/"},{"@type":"ListItem","position":3,"name":"Plat \u00e0 Four en C\u00e9ramique, Pologne ; C\u00e9ramique Bleu Peinte \u00e0 la Main"}]},{"@type":"WebSite","@id":"https:\/\/redkarawana.com\/#website","url":"https:\/\/redkarawana.com\/","name":"Red Karawana","description":"","publisher":{"@id":"https:\/\/redkarawana.com\/#organization"},"potentialAction":[{"@type":"SearchAction","target":{"@type":"EntryPoint","urlTemplate":"https:\/\/redkarawana.com\/?s={search_term_string}"},"query-input":{"@type":"PropertyValueSpecification","valueRequired":true,"valueName":"search_term_string"}}],"inLanguage":"fr-FR"},{"@type":"Organization","@id":"https:\/\/redkarawana.com\/#organization","name":"Red Karawana","url":"https:\/\/redkarawana.com\/","logo":{"@type":"ImageObject","inLanguage":"fr-FR","@id":"https:\/\/redkarawana.com\/#\/schema\/logo\/image\/","url":"https:\/\/redkarawana.com\/wp-content\/uploads\/2025\/05\/cropped-Screenshot-2025-05-29-at-09.27.38.png","contentUrl":"https:\/\/redkarawana.com\/wp-content\/uploads\/2025\/05\/cropped-Screenshot-2025-05-29-at-09.27.38.png","width":512,"height":512,"caption":"Red Karawana"},"image":{"@id":"https:\/\/redkarawana.com\/#\/schema\/logo\/image\/"},"sameAs":["https:\/\/www.facebook.com\/redkarawana\/","https:\/\/www.instagram.com\/redkarawana\/","https:\/\/www.youtube.com\/channel\/UCU9jXzSmyKm4ZZv38FEXGKg","https:\/\/www.pinterest.com\/redkarawana\/"]}]}},"_links":{"self":[{"href":"https:\/\/redkarawana.com\/fr\/wp-json\/wp\/v2\/product\/3658","targetHints":{"allow":["GET"]}}],"collection":[{"href":"https:\/\/redkarawana.com\/fr\/wp-json\/wp\/v2\/product"}],"about":[{"href":"https:\/\/redkarawana.com\/fr\/wp-json\/wp\/v2\/types\/product"}],"wp:featuredmedia":[{"embeddable":true,"href":"https:\/\/redkarawana.com\/fr\/wp-json\/wp\/v2\/media\/3619"}],"wp:attachment":[{"href":"https:\/\/redkarawana.com\/fr\/wp-json\/wp\/v2\/media?parent=3658"}],"wp:term":[{"taxonomy":"product_brand","embeddable":true,"href":"https:\/\/redkarawana.com\/fr\/wp-json\/wp\/v2\/product_brand?post=3658"},{"taxonomy":"product_cat","embeddable":true,"href":"https:\/\/redkarawana.com\/fr\/wp-json\/wp\/v2\/product_cat?post=3658"},{"taxonomy":"product_tag","embeddable":true,"href":"https:\/\/redkarawana.com\/fr\/wp-json\/wp\/v2\/product_tag?post=3658"}],"curies":[{"name":"wp","href":"https:\/\/api.w.org\/{rel}","templated":true}]}}