{"id":3706,"date":"2025-11-29T21:30:13","date_gmt":"2025-11-29T21:30:13","guid":{"rendered":"https:\/\/redkarawana.com\/?post_type=product&#038;p=3706"},"modified":"2024-05-13T04:28:13","modified_gmt":"2024-05-13T04:28:13","slug":"decor-dodo-ile-maurice","status":"publish","type":"product","link":"https:\/\/redkarawana.com\/fr\/artisan\/decor-dodo-ile-maurice\/","title":{"rendered":"D\u00e9cor Dodo, \u00cele Maurice ; Artisanat en Bois \u00e0 Mosaique de Verre en Couleurs"},"content":{"rendered":"<p>L\u2019\u00eele Maurice, situ\u00e9e dans l&rsquo;ouest de l&rsquo;oc\u00e9an Indien, est r\u00e9put\u00e9e pour sa beaut\u00e9 naturelle. Les routes c\u00f4ti\u00e8res d\u00e9voilent de jolies plages et des villages de p\u00eacheurs endormis. Une promenade \u00e0 l&rsquo;int\u00e9rieur des terres m\u00e8ne les visiteurs vers les parcs nationaux, les distilleries de rhum, les champs de canne \u00e0 sucre et les plantations de th\u00e9. Le long de la route, les march\u00e9s artisanaux affichent des textiles color\u00e9s, des objets d&rsquo;art en bois, du bois sculpt\u00e9 et des c\u00e9ramiques. Ces m\u00e9tiers artisanaux refl\u00e8tent la vie et les vibrantes cultures locales. Notre d\u00e9cor dodo est sculpt\u00e9 dans le bois et affiche en son centre une mosa\u00efque de verre toute en couleurs. Mesures : d\u00e9cor dodo (hauteur 9 1\/2 pouces, largeur 15 1\/2 pouces).<\/p>\n","protected":false},"excerpt":{"rendered":"<p>L\u2019\u00eele Maurice, situ\u00e9e dans l&rsquo;ouest de l&rsquo;oc\u00e9an Indien, est r\u00e9put\u00e9e pour sa beaut\u00e9 naturelle. Les routes c\u00f4ti\u00e8res d\u00e9voilent de jolies plages et des villages de p\u00eacheurs endormis. Une promenade \u00e0 l&rsquo;int\u00e9rieur des terres m\u00e8ne les visiteurs vers les parcs nationaux, les distilleries de rhum, les champs de canne \u00e0 sucre et les plantations de th\u00e9. [&hellip;]<\/p>\n","protected":false},"featured_media":3666,"template":"","meta":{"_acf_changed":false},"product_brand":[],"product_cat":[48],"product_tag":[],"class_list":{"0":"post-3706","1":"product","2":"type-product","3":"status-publish","4":"has-post-thumbnail","6":"product_cat-artistique","8":"first","9":"instock","10":"sold-individually","11":"taxable","12":"shipping-taxable","13":"purchasable","14":"product-type-simple"},"acf":[],"yoast_head":"<!-- This site is optimized with the Yoast SEO plugin v27.3 - https:\/\/yoast.com\/product\/yoast-seo-wordpress\/ -->\n<title>D\u00e9cor Dodo, \u00cele Maurice - Artistique - Red Karawana<\/title>\n<meta name=\"description\" content=\"D\u00e9cor dodo est sculpt\u00e9 dans le bois et affiche une mosa\u00efque de verre. Les produits artisanaux \u00e0 l&#039;\u00cele Maurice refl\u00e8tent les cultures locales.\" \/>\n<meta name=\"robots\" content=\"index, follow, max-snippet:-1, max-image-preview:large, max-video-preview:-1\" \/>\n<link rel=\"canonical\" href=\"https:\/\/redkarawana.com\/fr\/artisan\/decor-dodo-ile-maurice\/\" \/>\n<meta property=\"og:locale\" content=\"fr_FR\" \/>\n<meta property=\"og:type\" content=\"article\" \/>\n<meta property=\"og:title\" content=\"D\u00e9cor Dodo, \u00cele Maurice - Artistique - Red Karawana\" \/>\n<meta property=\"og:description\" content=\"D\u00e9cor dodo est sculpt\u00e9 dans le bois et affiche une mosa\u00efque de verre. Les produits artisanaux \u00e0 l&#039;\u00cele Maurice refl\u00e8tent les cultures locales.\" \/>\n<meta property=\"og:url\" content=\"https:\/\/redkarawana.com\/fr\/artisan\/decor-dodo-ile-maurice\/\" \/>\n<meta property=\"og:site_name\" content=\"Red Karawana\" \/>\n<meta property=\"article:publisher\" content=\"https:\/\/www.facebook.com\/redkarawana\/\" \/>\n<meta property=\"og:image\" content=\"https:\/\/redkarawana.com\/wp-content\/uploads\/2024\/05\/1-ABP-F-1200x630-Mauritius-Dodo-Decor.jpg\" \/>\n\t<meta property=\"og:image:width\" content=\"1200\" \/>\n\t<meta property=\"og:image:height\" content=\"630\" \/>\n\t<meta property=\"og:image:type\" content=\"image\/jpeg\" \/>\n<meta name=\"twitter:card\" content=\"summary_large_image\" \/>\n<meta name=\"twitter:label1\" content=\"Dur\u00e9e de lecture estim\u00e9e\" \/>\n\t<meta name=\"twitter:data1\" content=\"1 minute\" \/>\n<script type=\"application\/ld+json\" class=\"yoast-schema-graph\">{\"@context\":\"https:\\\/\\\/schema.org\",\"@graph\":[{\"@type\":\"WebPage\",\"@id\":\"https:\\\/\\\/redkarawana.com\\\/fr\\\/artisan\\\/decor-dodo-ile-maurice\\\/\",\"url\":\"https:\\\/\\\/redkarawana.com\\\/fr\\\/artisan\\\/decor-dodo-ile-maurice\\\/\",\"name\":\"D\u00e9cor Dodo, \u00cele Maurice - Artistique - Red Karawana\",\"isPartOf\":{\"@id\":\"https:\\\/\\\/redkarawana.com\\\/#website\"},\"primaryImageOfPage\":{\"@id\":\"https:\\\/\\\/redkarawana.com\\\/fr\\\/artisan\\\/decor-dodo-ile-maurice\\\/#primaryimage\"},\"image\":{\"@id\":\"https:\\\/\\\/redkarawana.com\\\/fr\\\/artisan\\\/decor-dodo-ile-maurice\\\/#primaryimage\"},\"thumbnailUrl\":\"https:\\\/\\\/redkarawana.com\\\/wp-content\\\/uploads\\\/2024\\\/05\\\/1-SP-Mauritius-Dodo-Decor.jpg\",\"datePublished\":\"2025-11-29T21:30:13+00:00\",\"description\":\"D\u00e9cor dodo est sculpt\u00e9 dans le bois et affiche une mosa\u00efque de verre. Les produits artisanaux \u00e0 l'\u00cele Maurice refl\u00e8tent les cultures locales.\",\"breadcrumb\":{\"@id\":\"https:\\\/\\\/redkarawana.com\\\/fr\\\/artisan\\\/decor-dodo-ile-maurice\\\/#breadcrumb\"},\"inLanguage\":\"fr-FR\",\"potentialAction\":[{\"@type\":\"ReadAction\",\"target\":[\"https:\\\/\\\/redkarawana.com\\\/fr\\\/artisan\\\/decor-dodo-ile-maurice\\\/\"]}]},{\"@type\":\"ImageObject\",\"inLanguage\":\"fr-FR\",\"@id\":\"https:\\\/\\\/redkarawana.com\\\/fr\\\/artisan\\\/decor-dodo-ile-maurice\\\/#primaryimage\",\"url\":\"https:\\\/\\\/redkarawana.com\\\/wp-content\\\/uploads\\\/2024\\\/05\\\/1-SP-Mauritius-Dodo-Decor.jpg\",\"contentUrl\":\"https:\\\/\\\/redkarawana.com\\\/wp-content\\\/uploads\\\/2024\\\/05\\\/1-SP-Mauritius-Dodo-Decor.jpg\",\"width\":680,\"height\":453,\"caption\":\"\u00cele Maurice, D\u00e9cor Dodo\"},{\"@type\":\"BreadcrumbList\",\"@id\":\"https:\\\/\\\/redkarawana.com\\\/fr\\\/artisan\\\/decor-dodo-ile-maurice\\\/#breadcrumb\",\"itemListElement\":[{\"@type\":\"ListItem\",\"position\":1,\"name\":\"Home\",\"item\":\"https:\\\/\\\/redkarawana.com\\\/fr\\\/\"},{\"@type\":\"ListItem\",\"position\":2,\"name\":\"Artisans\",\"item\":\"https:\\\/\\\/redkarawana.com\\\/fr\\\/artisans\\\/\"},{\"@type\":\"ListItem\",\"position\":3,\"name\":\"D\u00e9cor Dodo, \u00cele Maurice ; Artisanat en Bois \u00e0 Mosaique de Verre en Couleurs\"}]},{\"@type\":\"WebSite\",\"@id\":\"https:\\\/\\\/redkarawana.com\\\/#website\",\"url\":\"https:\\\/\\\/redkarawana.com\\\/\",\"name\":\"Red Karawana\",\"description\":\"\",\"publisher\":{\"@id\":\"https:\\\/\\\/redkarawana.com\\\/#organization\"},\"potentialAction\":[{\"@type\":\"SearchAction\",\"target\":{\"@type\":\"EntryPoint\",\"urlTemplate\":\"https:\\\/\\\/redkarawana.com\\\/?s={search_term_string}\"},\"query-input\":{\"@type\":\"PropertyValueSpecification\",\"valueRequired\":true,\"valueName\":\"search_term_string\"}}],\"inLanguage\":\"fr-FR\"},{\"@type\":\"Organization\",\"@id\":\"https:\\\/\\\/redkarawana.com\\\/#organization\",\"name\":\"Red Karawana\",\"url\":\"https:\\\/\\\/redkarawana.com\\\/\",\"logo\":{\"@type\":\"ImageObject\",\"inLanguage\":\"fr-FR\",\"@id\":\"https:\\\/\\\/redkarawana.com\\\/#\\\/schema\\\/logo\\\/image\\\/\",\"url\":\"https:\\\/\\\/redkarawana.com\\\/wp-content\\\/uploads\\\/2025\\\/05\\\/cropped-Screenshot-2025-05-29-at-09.27.38.png\",\"contentUrl\":\"https:\\\/\\\/redkarawana.com\\\/wp-content\\\/uploads\\\/2025\\\/05\\\/cropped-Screenshot-2025-05-29-at-09.27.38.png\",\"width\":512,\"height\":512,\"caption\":\"Red Karawana\"},\"image\":{\"@id\":\"https:\\\/\\\/redkarawana.com\\\/#\\\/schema\\\/logo\\\/image\\\/\"},\"sameAs\":[\"https:\\\/\\\/www.facebook.com\\\/redkarawana\\\/\",\"https:\\\/\\\/www.instagram.com\\\/redkarawana\\\/\",\"https:\\\/\\\/www.youtube.com\\\/channel\\\/UCU9jXzSmyKm4ZZv38FEXGKg\",\"https:\\\/\\\/www.pinterest.com\\\/redkarawana\\\/\"]}]}<\/script>\n<!-- \/ Yoast SEO plugin. -->","yoast_head_json":{"title":"D\u00e9cor Dodo, \u00cele Maurice - Artistique - Red Karawana","description":"D\u00e9cor dodo est sculpt\u00e9 dans le bois et affiche une mosa\u00efque de verre. Les produits artisanaux \u00e0 l'\u00cele Maurice refl\u00e8tent les cultures locales.","robots":{"index":"index","follow":"follow","max-snippet":"max-snippet:-1","max-image-preview":"max-image-preview:large","max-video-preview":"max-video-preview:-1"},"canonical":"https:\/\/redkarawana.com\/fr\/artisan\/decor-dodo-ile-maurice\/","og_locale":"fr_FR","og_type":"article","og_title":"D\u00e9cor Dodo, \u00cele Maurice - Artistique - Red Karawana","og_description":"D\u00e9cor dodo est sculpt\u00e9 dans le bois et affiche une mosa\u00efque de verre. Les produits artisanaux \u00e0 l'\u00cele Maurice refl\u00e8tent les cultures locales.","og_url":"https:\/\/redkarawana.com\/fr\/artisan\/decor-dodo-ile-maurice\/","og_site_name":"Red Karawana","article_publisher":"https:\/\/www.facebook.com\/redkarawana\/","og_image":[{"width":1200,"height":630,"url":"https:\/\/redkarawana.com\/wp-content\/uploads\/2024\/05\/1-ABP-F-1200x630-Mauritius-Dodo-Decor.jpg","type":"image\/jpeg"}],"twitter_card":"summary_large_image","twitter_misc":{"Dur\u00e9e de lecture estim\u00e9e":"1 minute"},"schema":{"@context":"https:\/\/schema.org","@graph":[{"@type":"WebPage","@id":"https:\/\/redkarawana.com\/fr\/artisan\/decor-dodo-ile-maurice\/","url":"https:\/\/redkarawana.com\/fr\/artisan\/decor-dodo-ile-maurice\/","name":"D\u00e9cor Dodo, \u00cele Maurice - Artistique - Red Karawana","isPartOf":{"@id":"https:\/\/redkarawana.com\/#website"},"primaryImageOfPage":{"@id":"https:\/\/redkarawana.com\/fr\/artisan\/decor-dodo-ile-maurice\/#primaryimage"},"image":{"@id":"https:\/\/redkarawana.com\/fr\/artisan\/decor-dodo-ile-maurice\/#primaryimage"},"thumbnailUrl":"https:\/\/redkarawana.com\/wp-content\/uploads\/2024\/05\/1-SP-Mauritius-Dodo-Decor.jpg","datePublished":"2025-11-29T21:30:13+00:00","description":"D\u00e9cor dodo est sculpt\u00e9 dans le bois et affiche une mosa\u00efque de verre. Les produits artisanaux \u00e0 l'\u00cele Maurice refl\u00e8tent les cultures locales.","breadcrumb":{"@id":"https:\/\/redkarawana.com\/fr\/artisan\/decor-dodo-ile-maurice\/#breadcrumb"},"inLanguage":"fr-FR","potentialAction":[{"@type":"ReadAction","target":["https:\/\/redkarawana.com\/fr\/artisan\/decor-dodo-ile-maurice\/"]}]},{"@type":"ImageObject","inLanguage":"fr-FR","@id":"https:\/\/redkarawana.com\/fr\/artisan\/decor-dodo-ile-maurice\/#primaryimage","url":"https:\/\/redkarawana.com\/wp-content\/uploads\/2024\/05\/1-SP-Mauritius-Dodo-Decor.jpg","contentUrl":"https:\/\/redkarawana.com\/wp-content\/uploads\/2024\/05\/1-SP-Mauritius-Dodo-Decor.jpg","width":680,"height":453,"caption":"\u00cele Maurice, D\u00e9cor Dodo"},{"@type":"BreadcrumbList","@id":"https:\/\/redkarawana.com\/fr\/artisan\/decor-dodo-ile-maurice\/#breadcrumb","itemListElement":[{"@type":"ListItem","position":1,"name":"Home","item":"https:\/\/redkarawana.com\/fr\/"},{"@type":"ListItem","position":2,"name":"Artisans","item":"https:\/\/redkarawana.com\/fr\/artisans\/"},{"@type":"ListItem","position":3,"name":"D\u00e9cor Dodo, \u00cele Maurice ; Artisanat en Bois \u00e0 Mosaique de Verre en Couleurs"}]},{"@type":"WebSite","@id":"https:\/\/redkarawana.com\/#website","url":"https:\/\/redkarawana.com\/","name":"Red Karawana","description":"","publisher":{"@id":"https:\/\/redkarawana.com\/#organization"},"potentialAction":[{"@type":"SearchAction","target":{"@type":"EntryPoint","urlTemplate":"https:\/\/redkarawana.com\/?s={search_term_string}"},"query-input":{"@type":"PropertyValueSpecification","valueRequired":true,"valueName":"search_term_string"}}],"inLanguage":"fr-FR"},{"@type":"Organization","@id":"https:\/\/redkarawana.com\/#organization","name":"Red Karawana","url":"https:\/\/redkarawana.com\/","logo":{"@type":"ImageObject","inLanguage":"fr-FR","@id":"https:\/\/redkarawana.com\/#\/schema\/logo\/image\/","url":"https:\/\/redkarawana.com\/wp-content\/uploads\/2025\/05\/cropped-Screenshot-2025-05-29-at-09.27.38.png","contentUrl":"https:\/\/redkarawana.com\/wp-content\/uploads\/2025\/05\/cropped-Screenshot-2025-05-29-at-09.27.38.png","width":512,"height":512,"caption":"Red Karawana"},"image":{"@id":"https:\/\/redkarawana.com\/#\/schema\/logo\/image\/"},"sameAs":["https:\/\/www.facebook.com\/redkarawana\/","https:\/\/www.instagram.com\/redkarawana\/","https:\/\/www.youtube.com\/channel\/UCU9jXzSmyKm4ZZv38FEXGKg","https:\/\/www.pinterest.com\/redkarawana\/"]}]}},"_links":{"self":[{"href":"https:\/\/redkarawana.com\/fr\/wp-json\/wp\/v2\/product\/3706","targetHints":{"allow":["GET"]}}],"collection":[{"href":"https:\/\/redkarawana.com\/fr\/wp-json\/wp\/v2\/product"}],"about":[{"href":"https:\/\/redkarawana.com\/fr\/wp-json\/wp\/v2\/types\/product"}],"wp:featuredmedia":[{"embeddable":true,"href":"https:\/\/redkarawana.com\/fr\/wp-json\/wp\/v2\/media\/3666"}],"wp:attachment":[{"href":"https:\/\/redkarawana.com\/fr\/wp-json\/wp\/v2\/media?parent=3706"}],"wp:term":[{"taxonomy":"product_brand","embeddable":true,"href":"https:\/\/redkarawana.com\/fr\/wp-json\/wp\/v2\/product_brand?post=3706"},{"taxonomy":"product_cat","embeddable":true,"href":"https:\/\/redkarawana.com\/fr\/wp-json\/wp\/v2\/product_cat?post=3706"},{"taxonomy":"product_tag","embeddable":true,"href":"https:\/\/redkarawana.com\/fr\/wp-json\/wp\/v2\/product_tag?post=3706"}],"curies":[{"name":"wp","href":"https:\/\/api.w.org\/{rel}","templated":true}]}}